{"id":1693,"date":"2021-05-12T00:24:06","date_gmt":"2021-05-12T00:24:06","guid":{"rendered":"https:\/\/211md.org\/?page_id=1693"},"modified":"2025-10-29T07:00:11","modified_gmt":"2025-10-29T11:00:11","slug":"charles-konte","status":"publish","type":"page","link":"https:\/\/211md.org\/ht\/resources-by-county\/charles-county\/","title":{"rendered":"Konte Charles"},"content":{"rendered":"<h2><a href=\"https:\/\/search.211md.org\/\" target=\"_blank\"  rel=\"noopener\">Jwenn Resous Toupre Mwen<\/a><\/h2>\n\t\t\t<a href=\"https:\/\/search.211md.org\/\" target=\"_blank\" rel=\"noopener\">\n\t\t\t\t\t\t\tCh\u00e8che Kounye a\n\t\t\t<\/a>\n\t<p><strong><a href=\"\/ht\/rantre-nan-baz-done-nou-an\/\">Ajoute ajans ou oswa \u00f2ganizasyon w nan baz done resous nou an.<\/a><\/strong><\/p>\n<p>211 gen do w Charles County, pou kominote tankou Waldorf, Saint Charles, Bennsville, Accokeek, Hughesville, Indian Head, Potomac Heights, Pisgah, Holly Haven ak l\u00f2t vil ki tou pre.<\/p>\n\t\t<h2>\t\n\tRele 211<\/h2><p>Jwenn konekte ak resous kominote a ak sip\u00f2 24\/7\/365.<\/p>\n\t<h2>Jwenn manje nan Charles County<\/h2>\n<p>Charles County Food Connection se yon koleksyon \u00f2ganizasyon lokal ki angaje nan rann li fasil pou jwenn gadmanje manje nan z\u00f2n nan. Ef\u00f2 aks\u00e8 manje yon s\u00e8l-stop la f\u00e8 li fasil pou jwenn ev\u00e8nman distribisyon drive-up ak kote gadmanje nan Charles County.<\/p>\n<p>Ou ka w\u00e8 lis 40 gadmanje ki nan vil toupatou nan Charles County, tankou Waldorf, Nanjemoy, La Plata, White Plains, Hughesville, Port Tobacco, Bryans Road, Indian Head ak Pomfret. Chwazi pi bon fason pou jwenn manje toupre ou:<\/p>\n<ul>\n<li><a href=\"https:\/\/charlescountyfoodconnection.org\/about\/\" target=\"_blank\" rel=\"noopener\">Jwenn gadmanje manje pa postal ou<\/a> k\u00f2d.<\/li>\n<li>Gade la <a href=\"https:\/\/charlescountyfoodconnection.org\/events\/\" target=\"_blank\" rel=\"noopener\">kalandriye ev\u00e8nman manje kap vini yo.<\/a><\/li>\n<li>Rele 211<\/li>\n<li>Telechaje yon lis plis pase 40 gadmanje.<\/li>\n<\/ul>\n\t\t<h3><a href=\"http:\/\/211md.org\/wp-content\/uploads\/2023\/12\/Charles_County_Food_Connection_Pantry_list_-_English.pdf\" target=\"_blank\" rel=\"noopener\">Charles County Food Connection Pantry List (Angle)<\/a><\/h3>\n\t\t\t\t<a href=\"http:\/\/211md.org\/wp-content\/uploads\/2023\/12\/Charles_County_Food_Connection_Pantry_list_-_English.pdf\" target=\"_blank\" rel=\"noopener\" itemprop=\"url\">\n\t\t\t\t<img decoding=\"async\" src=\"http:\/\/211md.org\/wp-content\/uploads\/2023\/12\/Charles_County_Food_Connection_Pantry_list_-_English.jpg\" alt=\"Charles_County_Food_Connection_Pantry_list_-_Angle\" itemprop=\"image\" title=\"Charles_County_Food_Connection_Pantry_list_-_Angle\" onerror=\"this.style.display='none'\" loading=\"lazy\" \/>\n\t\t\t\t<\/a>\n\t\t\t<a href=\"http:\/\/211md.org\/wp-content\/uploads\/2023\/12\/Charles_County_Food_Connection_Pantry_list_-_English.pdf\" target=\"_blank\" rel=\"noopener\">\n\t\t\t\t\t\t\tTelechaje\n\t\t\t\t\t<\/a>\n\t\t<h3><a href=\"http:\/\/211md.org\/wp-content\/uploads\/2023\/12\/Charles_County_Food_Connection_Pantry_list_-Spanish.pdf\" target=\"_blank\" rel=\"noopener\">Lis gadmanje Koneksyon Manje Charles County (Pany\u00f2l)<\/a><\/h3>\n\t\t\t\t<a href=\"http:\/\/211md.org\/wp-content\/uploads\/2023\/12\/Charles_County_Food_Connection_Pantry_list_-Spanish.pdf\" target=\"_blank\" rel=\"noopener\" itemprop=\"url\">\n\t\t\t\t<img decoding=\"async\" src=\"http:\/\/211md.org\/wp-content\/uploads\/2023\/12\/Charles_County_Food_Connection_Pantry_list_-Spanish.jpg\" alt=\"Charles_County_Food_Connection_Pantry_list_-Pany\u00f2l\" itemprop=\"image\" title=\"Charles_County_Food_Connection_Pantry_list_-Pany\u00f2l\" onerror=\"this.style.display='none'\" loading=\"lazy\" \/>\n\t\t\t\t<\/a>\n\t\t\t<a href=\"http:\/\/211md.org\/wp-content\/uploads\/2023\/12\/Charles_County_Food_Connection_Pantry_list_-Spanish.pdf\" target=\"_blank\" rel=\"noopener\">\n\t\t\t\t\t\t\tTelechaje\n\t\t\t\t\t<\/a>\n\t<h3>Manje pandan ete: Manje midi sou nou<\/h3>\n<p>Si w bezwen \u00e8d pou manje midi pandan ete a, Lek\u00f2l Leta Charles County yo ofri repa cho gratis pou nenp\u00f2t timoun ki gen laj 2 ak 18 an. Ou pa oblije abite nan konte a.<\/p>\n<p>Pwogram Lunch on Us la disponib pandan ete, epi yo dwe manje manje a sou plas. <a href=\"https:\/\/www.ccboe.com\/\" target=\"_blank\" rel=\"noopener\">Tcheke ak distri lek\u00f2l la<\/a> pou dat ak kote yo.<\/p>\n<h2>\u00c8d ak Pwogram Asistans Gouv\u00e8nman (DSS)<\/h2>\n<p>Depatman S\u00e8vis Sosyal Charles County a ka ede w konekte ak pwogram gouv\u00e8nman ki ka ede fanmi w epi tou ak pwogram espesyalize ki gen ladan:<\/p>\n<ul>\n<li><a href=\"https:\/\/211md.org\/ht\/resous-yo\/manje\/koupon-pou-manje\/\">SNAP<\/a> (koupon pou manje)<\/li>\n<li>TCA (Asistans Tanpor\u00e8 Lajan Kach ak TANF (Asistans Tanpor\u00e8 pou Fanmi ki nan Nesesite)<\/li>\n<li>Asistans Lajan Kach Ijans (EAFC)<\/li>\n<li>Foster paran<\/li>\n<li>Pat\u00e8nite<\/li>\n<li>Medikal<\/li>\n<li>S\u00e8vis Pwoteksyon Timoun<\/li>\n<\/ul>\n<p>Si w gen yon kesyon sou sip\u00f2 pou timoun, koupon pou manje oswa yon l\u00f2t kesyon endividy\u00e8l, rele sant ap\u00e8l kliyan an nan 1-800-332-6347.<\/p>\n<p>Depatman S\u00e8vis Sosyal la sitiye nan:<\/p>\n<p>200 Kent Avenue<\/p>\n<p>La Plata, Maryland 20646<\/p>\n<p>Lendi \u2013 Vandredi, 8 am \u2013 4 pm<\/p>\n<p>Nimewo Prensipal: 301-392-6400<\/p>\n<p>Sant ap\u00e8l pou ka endividy\u00e8l yo: 1-800-332-6347<\/p>\n<h2>Sip\u00f2te papa<\/h2>\n<p>Pwogram Charles County Fatherhood ede gason ki vle angaje nan lavi pitit yo. Ou ka s\u00e8vi k\u00f2m volont\u00e8 pou patisipe oswa yo ka refere w atrav\u00e8 yon patn\u00e8 kominot\u00e8 lokal, Tribinal yo oswa sant detansyon an.<\/p>\n<p>Pwogram nan ede papa yo simonte bary\u00e8 atrav\u00e8 yon pwogram ki ofri sis sem\u00e8n:<\/p>\n<ul>\n<li>ladr\u00e8s lavi<\/li>\n<li>sip\u00f2<\/li>\n<li>f\u00f2masyon pwofesyon\u00e8l<\/li>\n<li>enf\u00f2masyon ak resous yo<\/li>\n<\/ul>\n<p>Sij\u00e8 yo enkli:<\/p>\n<ul>\n<li>konprann w\u00f2l yon papa<\/li>\n<li>jesyon estr\u00e8s<\/li>\n<li>f\u00e8 fas k\u00f2m yon papa selibat\u00e8<\/li>\n<li>sip\u00f2 timoun<\/li>\n<li>vin endepandan<\/li>\n<li>devlope ladr\u00e8s lavi<\/li>\n<\/ul>\n<p>Se yon pwogram gratis. <a href=\"https:\/\/charlescountydss.com\/fatherhood-and-motherhood\/\" target=\"_blank\" rel=\"noopener\">Konekte ak pwogram pat\u00e8nite Charles County<\/a>.<\/p>\n\t\t\t\t<img decoding=\"async\" src=\"http:\/\/211md.org\/wp-content\/uploads\/2023\/12\/dad-at-park-with-son-flying-a-kite.jpg\" alt=\"papa nan pak ak pitit gason vole yon kap\" itemprop=\"image\" title=\"papa nan pak ak pitit gason vole yon kap\" onerror=\"this.style.display='none'\" loading=\"lazy\" \/>\n\t\t\t\t<img decoding=\"async\" src=\"http:\/\/211md.org\/wp-content\/uploads\/2023\/12\/mom-feeding-child.jpg\" alt=\"manman bay pitit\" itemprop=\"image\" title=\"manman bay pitit\" onerror=\"this.style.display='none'\" loading=\"lazy\" \/>\n\t<h2>Fanm, Tibebe ak Timoun (WIC) nan Charles County<\/h2>\n<p>Depatman Sante nan Charles County bay edikasyon sou nitrisyon, sip\u00f2 bay tete ak manje siplemant\u00e8 ki an sante atrav\u00e8 WIC. Pwogram nan ede fanm, tibebe ak timoun yo gen yon avni ki pi an sante.<\/p>\n<p>Pwogram nan disponib pou manman ki gen pou yo vin, manman apre akouchman ak timoun ki kalifye yo. Pwogram nan disponib pou:<\/p>\n<ul>\n<li>Fanm ansent ak jiska 6 sem\u00e8n apre gwos\u00e8s la<\/li>\n<li>Fanm apre akouchman jiska 6 mwa apre yon timoun f\u00e8t.<\/li>\n<li>Manman ki bay tete jiska premye aniv\u00e8s\u00e8 nesans yon tibebe.<\/li>\n<li>Tibebe jiska premye aniv\u00e8s\u00e8 nesans yo.<\/li>\n<li>Timoun jiska laj 5 an.<\/li>\n<\/ul>\n<p>L\u00f2t direktiv kalifikasyon aplike.<\/p>\n<p>Gen biwo atrav\u00e8 Maryland, ki gen ladan Charles, Calvert, ak Konte St. Mary ak nan Lexington Park, Biwo Medikal Solomons ak Sant Kominot\u00e8 Nanjemoy. Disponibilite ka varye selon kote.<\/p>\n<p><a href=\"https:\/\/www.charlescountyhealth.org\/woman-infants-children-wic\/\" target=\"_blank\" rel=\"noopener\">Chache konnen si w kalifye<\/a> epi aprann ki l\u00e8 ou ka pase nan yon kote ki tou pre.<\/p>\n<h3>Depatman Sante Charles County<\/h3>\n<p>Depatman Sante bay plizy\u00e8 l\u00f2t s\u00e8vis tou, tankou pwogram pou:<\/p>\n<ul>\n<li>amelyore sante ou\n<ul>\n<li>Egzanp:\n<ul>\n<li>p\u00e8di pwa<\/li>\n<li>jere maladi kwonik<\/li>\n<li>prevansyon dyab\u00e8t ak plis ank\u00f2<\/li>\n<\/ul>\n<\/li>\n<\/ul>\n<\/li>\n<li>Prevansyon ak t\u00e8s VIH<\/li>\n<li>klinik dant\u00e8<\/li>\n<li>vaksinasyon<\/li>\n<li>t\u00e8s depistaj kans\u00e8<\/li>\n<li>sip\u00f2 sante konp\u00f2tmantal (sante mantal ak itilizasyon sibstans)<\/li>\n<li>s\u00e8vis andikap<\/li>\n<\/ul>\n<p>Genyen tou l\u00f2t pwogram ki ka ede w ak fanmi w ak sante w.<\/p>\n<p><a href=\"https:\/\/www.charlescountyhealth.org\/\" target=\"_blank\" rel=\"noopener\">Aprann plis<\/a> sou pwogram Depatman Sante Charles County a ofri ak <a href=\"https:\/\/211md.org\/ht\/resous-yo\/swen-sante\/asirans-sante\/\">pwogram asirans<\/a> Eta Maryland ofri pou sip\u00f2te fanmi ki bezwen swen medikal.<\/p>\n<h2>Ede ak Bezwen Esansy\u00e8l yo<\/h2>\n<p><strong><a href=\"https:\/\/www.lifestylesofmd.org\/\" target=\"_blank\" rel=\"noopener\">LifeStyles, Inc.<\/a><\/strong>\u00a0nan La Plata bay \u00e8d, espwa ak transf\u00f2masyon. S\u00e8vis yo gen ladan manje, yon kloz\u00e8t rad kominot\u00e8, sip\u00f2 lojman, transp\u00f2, \u00e8d taks, asistans taks ak plis ank\u00f2.<\/p>\n<p>Ou kapab rele 211 tou pou konekte ak resous esansy\u00e8l yo.<\/p>\n<h3><b>Asistans en\u00e8ji<\/b><\/h3>\n<p>Si ou bezwen asistans en\u00e8ji pou diminye pri b\u00f2dwo s\u00e8vis piblik ou oswa pou evite yon avi f\u00e8men, genyen\u00a0<strong><a href=\"https:\/\/211md.org\/ht\/resous-yo\/asistans-sevis-piblik\/\" target=\"_blank\" rel=\"noopener\">sibvansyon ki disponib atrav\u00e8 Biwo Pwogram En\u00e8ji Kay yo<\/a><\/strong><strong>.<\/strong><\/p>\n<p>Si w bezwen \u00e8d pou ranpli aplikasyon an oswa si w gen kesyon sou direktiv revni yo oswa detay pwogram nan, kontakte la\u00a0<strong><a href=\"http:\/\/www.smtccac.org\/office-of-home-energy-program.aspx\" target=\"_blank\" rel=\"noopener\">Komite Aksyon Kominot\u00e8 Southern Maryland Tri-County<\/a><\/strong>\u00a0(SMTCCAC, Inc.) pou \u00e8d lokal ak sibvansyon s\u00e8vis piblik eta a.<\/p>\n<p>Ou ka kontakte s\u00e8vis piblik ou a tou si w te p\u00e8di b\u00f2dwo w yo. Washington Gas ak SMECO ka bay yon plan peman pou sitiyasyon w.<\/p>\n\t\t<h4><a href=\"\/ht\/resous-yo\/aje-andikap\/?utm_source=Home&#038;utm_medium=Referral&#038;utm_campaign=211Resources&#038;utm_content=Aging\" target=\"_self\">Aje ak Andikap<\/a><\/h4>\n\t\t\t\t<a href=\"\/ht\/resous-yo\/aje-andikap\/?utm_source=Home&#038;utm_medium=Referral&#038;utm_campaign=211Resources&#038;utm_content=Aging\"  target=\"_self\" itemprop=\"url\">\n\t\t\t\t<img decoding=\"async\" src=\"https:\/\/211md.org\/wp-content\/uploads\/bb-plugin\/cache\/2025_MdInfoNet_Icon-Sets_Aging-disability-square-c466727102cae71e5f27b8539bb51945-.png\" alt=\"\" itemprop=\"image\" onerror=\"this.style.display='none'\" loading=\"lazy\" \/>\n\t\t\t\t<\/a>\n\t\t<h4><a href=\"\/ht\/resous-yo\/timoun-fanmi-yo\/?utm_source=Home&#038;utm_medium=Referral&#038;utm_campaign=211Resources&#038;utm_content=Children\" target=\"_self\">Timoun ak Fanmi<\/a><\/h4>\n\t\t\t\t<a href=\"\/ht\/resous-yo\/timoun-fanmi-yo\/?utm_source=Home&#038;utm_medium=Referral&#038;utm_campaign=211Resources&#038;utm_content=Children\"  target=\"_self\" itemprop=\"url\">\n\t\t\t\t<img decoding=\"async\" src=\"https:\/\/211md.org\/wp-content\/uploads\/bb-plugin\/cache\/2025_211_Icon-Sets_Child-care-square-f3b0d4edab3dcc467fadb5f55f4064c6-.png\" alt=\"2025_211_Ansanm Ik\u00f2n_Swen Timoun\" itemprop=\"image\" height=\"417\" width=\"417\" title=\"2025_211_Ansanm Ik\u00f2n_Swen Timoun\" onerror=\"this.style.display='none'\" loading=\"lazy\" \/>\n\t\t\t\t<\/a>\n\t\t<h4><a href=\"\/ht\/resous-yo\/vyolans-familyal-domestik\/?utm_source=Home&#038;utm_medium=Referral&#038;utm_campaign=211Resources&#038;utm_content=Domestic\" target=\"_self\">Vyolans domestik<\/a><\/h4>\n\t\t\t\t<a href=\"\/ht\/resous-yo\/vyolans-familyal-domestik\/?utm_source=Home&#038;utm_medium=Referral&#038;utm_campaign=211Resources&#038;utm_content=Domestic\"  target=\"_self\" itemprop=\"url\">\n\t\t\t\t<img decoding=\"async\" src=\"https:\/\/211md.org\/wp-content\/uploads\/bb-plugin\/cache\/2025_211_Icon-Sets_Domestic-Violence-square-7b597694a6f05fe90cdc376aa573bc63-.png\" alt=\"Ik\u00f2n Vyolans Domestik\" itemprop=\"image\" height=\"417\" width=\"417\" title=\"2025_211_Ansanm Ik\u00f2n_Vyolans Domestik\" onerror=\"this.style.display='none'\" loading=\"lazy\" \/>\n\t\t\t\t<\/a>\n\t\t<h4><a href=\"\/ht\/resous-yo\/rechech-travay\/?utm_source=Home&#038;utm_medium=Referral&#038;utm_campaign=211Resources&#038;utm_content=Employment\" target=\"_self\">Travay<\/a><\/h4>\n\t\t\t\t<a href=\"\/ht\/resous-yo\/rechech-travay\/?utm_source=Home&#038;utm_medium=Referral&#038;utm_campaign=211Resources&#038;utm_content=Employment\"  target=\"_self\" itemprop=\"url\">\n\t\t\t\t<img decoding=\"async\" src=\"https:\/\/211md.org\/wp-content\/uploads\/bb-plugin\/cache\/2025_MdInfoNet_Icon-Sets_Employment-square-44707bd410e4df10a470bf130ebcea86-.png\" alt=\"\" itemprop=\"image\" onerror=\"this.style.display='none'\" loading=\"lazy\" \/>\n\t\t\t\t<\/a>\n\t\t<h4><a href=\"\/ht\/resous-yo\/swen-sante\/?utm_source=Home&#038;utm_medium=Referral&#038;utm_campaign=211Resources&#038;utm_content=Health%20Care\" target=\"_self\">Swen Sante<\/a><\/h4>\n\t\t\t\t<a href=\"\/ht\/resous-yo\/swen-sante\/?utm_source=Home&#038;utm_medium=Referral&#038;utm_campaign=211Resources&#038;utm_content=Health%20Care\"  target=\"_self\" itemprop=\"url\">\n\t\t\t\t<img decoding=\"async\" src=\"https:\/\/211md.org\/wp-content\/uploads\/bb-plugin\/cache\/2025_MdInfoNet_Icon-Sets_Health-Care-square-dee98a0060cbe0e7f27eda253fc12679-.png\" alt=\"\" itemprop=\"image\" onerror=\"this.style.display='none'\" loading=\"lazy\" \/>\n\t\t\t\t<\/a>\n\t\t<h4><a href=\"\/ht\/resous-yo\/timoun-fanmi-yo\/swen-fanmi\/?utm_source=Home&#038;utm_medium=Referral&#038;utm_campaign=211Resources&#038;utm_content=Kinship\" target=\"_self\">Parente<\/a><\/h4>\n\t\t\t\t<a href=\"\/ht\/resous-yo\/timoun-fanmi-yo\/swen-fanmi\/?utm_source=Home&#038;utm_medium=Referral&#038;utm_campaign=211Resources&#038;utm_content=Kinship\"  target=\"_self\" itemprop=\"url\">\n\t\t\t\t<img decoding=\"async\" src=\"https:\/\/211md.org\/wp-content\/uploads\/bb-plugin\/cache\/2025_211_Icon-Sets_Kinship-square-45bdf872866f5735f842c32071109267-.png\" alt=\"Ik\u00f2n fanmi\" itemprop=\"image\" height=\"417\" width=\"417\" title=\"2025_211_Ansanm Ik\u00f2n_Fanmitay\" onerror=\"this.style.display='none'\" loading=\"lazy\" \/>\n\t\t\t\t<\/a>\n\t\t<h4><a href=\"\/ht\/resous-yo\/sevis-legal-yo\/?utm_source=Home&#038;utm_medium=Referral&#038;utm_campaign=211Resources&#038;utm_content=Legal\" target=\"_self\">S\u00e8vis Legal<\/a><\/h4>\n\t\t\t\t<a href=\"\/ht\/resous-yo\/sevis-legal-yo\/?utm_source=Home&#038;utm_medium=Referral&#038;utm_campaign=211Resources&#038;utm_content=Legal\"  target=\"_self\" itemprop=\"url\">\n\t\t\t\t<img decoding=\"async\" src=\"https:\/\/211md.org\/wp-content\/uploads\/bb-plugin\/cache\/2025_MdInfoNet_Icon-Sets_Legal-square-18fdf438feb8435588174d9046463257-.png\" alt=\"\" itemprop=\"image\" onerror=\"this.style.display='none'\" loading=\"lazy\" \/>\n\t\t\t\t<\/a>\n\t\t<h4><a href=\"\/ht\/resous-yo\/sante-mantal\/?utm_source=Home&#038;utm_medium=Referral&#038;utm_campaign=211Resources&#038;utm_content=Mental\" target=\"_self\">Sante mantal<\/a><\/h4>\n\t\t\t\t<a href=\"\/ht\/resous-yo\/sante-mantal\/?utm_source=Home&#038;utm_medium=Referral&#038;utm_campaign=211Resources&#038;utm_content=Mental\"  target=\"_self\" itemprop=\"url\">\n\t\t\t\t<img decoding=\"async\" src=\"https:\/\/211md.org\/wp-content\/uploads\/bb-plugin\/cache\/2025_MdInfoNet_Icon-Sets_Mental-Health-square-c59b38c4a993a947d4c9280fbe2d2fee-.png\" alt=\"\" itemprop=\"image\" onerror=\"this.style.display='none'\" loading=\"lazy\" \/>\n\t\t\t\t<\/a>\n\t\t<h4><a href=\"\/ht\/resous-yo\/mdreentry\/?utm_source=Home&#038;utm_medium=Referral&#038;utm_campaign=211Resources&#038;utm_content=Reentry\" target=\"_self\">Reantre<\/a><\/h4>\n\t\t\t\t<a href=\"\/ht\/resous-yo\/mdreentry\/?utm_source=Home&#038;utm_medium=Referral&#038;utm_campaign=211Resources&#038;utm_content=Reentry\"  target=\"_self\" itemprop=\"url\">\n\t\t\t\t<img decoding=\"async\" src=\"https:\/\/211md.org\/wp-content\/uploads\/bb-plugin\/cache\/2025_211_Icon-Sets_Reentry-square-8676fea38abd920a832f45642fe31cca-.png\" alt=\"Ik\u00f2n Reantre\" itemprop=\"image\" height=\"417\" width=\"417\" title=\"2025_211_Ansanm Ik\u00f2n_Reantre\" onerror=\"this.style.display='none'\" loading=\"lazy\" \/>\n\t\t\t\t<\/a>\n\t\t<h4><a href=\"\/ht\/resous-yo\/itilizasyon-sibstans\/?utm_source=Home&#038;utm_medium=Referral&#038;utm_campaign=211Resources&#038;utm_content=Substance\" target=\"_self\">Itilizasyon sibstans<\/a><\/h4>\n\t\t\t\t<a href=\"\/ht\/resous-yo\/itilizasyon-sibstans\/?utm_source=Home&#038;utm_medium=Referral&#038;utm_campaign=211Resources&#038;utm_content=Substance\"  target=\"_self\" itemprop=\"url\">\n\t\t\t\t<img decoding=\"async\" src=\"https:\/\/211md.org\/wp-content\/uploads\/bb-plugin\/cache\/2025_MdInfoNet_Icon-Sets_Substance-Abuse-square-9022fec9d18a64118ad685c101885b55-.png\" alt=\"\" itemprop=\"image\" onerror=\"this.style.display='none'\" loading=\"lazy\" \/>\n\t\t\t\t<\/a>\n\t\t<h4><a href=\"\/ht\/resous-yo\/veteran-yo\/?utm_source=Home&#038;utm_medium=Referral&#038;utm_campaign=211Resources&#038;utm_content=Veterans\" target=\"_self\">Veteran yo<\/a><\/h4>\n\t\t\t\t<a href=\"\/ht\/resous-yo\/veteran-yo\/?utm_source=Home&#038;utm_medium=Referral&#038;utm_campaign=211Resources&#038;utm_content=Veterans\"  target=\"_self\" itemprop=\"url\">\n\t\t\t\t<img decoding=\"async\" src=\"https:\/\/211md.org\/wp-content\/uploads\/bb-plugin\/cache\/2025_MdInfoNet_Icon-Sets_Rating-square-6e60d00cce4faa8e0a6d4ad7366aa733-.png\" alt=\"\" itemprop=\"image\" onerror=\"this.style.display='none'\" loading=\"lazy\" \/>\n\t\t\t\t<\/a>","protected":false},"excerpt":{"rendered":"<p>Jwenn Resous Toupre Mwen Ch\u00e8che Kounye a Ajoute ajans oswa \u00f2ganizasyon ou nan baz done resous nou an. 211 la pou ou nan Konte Charles, pou kominote tankou Waldorf, Saint Charles, Bennsville, Accokeek, Hughesville, Indian Head, Potomac Heights, Pisgah, Holly Haven ak l\u00f2t vil ki toupre yo. Rele 211 Konekte ak resous kominot\u00e8 yo epi bay sip\u00f2 24\/7\/365. Jwenn manje nan Charles...<\/p>","protected":false},"author":8,"featured_media":0,"parent":750,"menu_order":0,"comment_status":"closed","ping_status":"closed","template":"","meta":{"footnotes":""},"class_list":["post-1693","page","type-page","status-publish","hentry"],"_links":{"self":[{"href":"https:\/\/211md.org\/ht\/wp-json\/wp\/v2\/pages\/1693","targetHints":{"allow":["GET"]}}],"collection":[{"href":"https:\/\/211md.org\/ht\/wp-json\/wp\/v2\/pages"}],"about":[{"href":"https:\/\/211md.org\/ht\/wp-json\/wp\/v2\/types\/page"}],"author":[{"embeddable":true,"href":"https:\/\/211md.org\/ht\/wp-json\/wp\/v2\/users\/8"}],"replies":[{"embeddable":true,"href":"https:\/\/211md.org\/ht\/wp-json\/wp\/v2\/comments?post=1693"}],"version-history":[{"count":3,"href":"https:\/\/211md.org\/ht\/wp-json\/wp\/v2\/pages\/1693\/revisions"}],"predecessor-version":[{"id":34077,"href":"https:\/\/211md.org\/ht\/wp-json\/wp\/v2\/pages\/1693\/revisions\/34077"}],"up":[{"embeddable":true,"href":"https:\/\/211md.org\/ht\/wp-json\/wp\/v2\/pages\/750"}],"wp:attachment":[{"href":"https:\/\/211md.org\/ht\/wp-json\/wp\/v2\/media?parent=1693"}],"curies":[{"name":"wp","href":"https:\/\/api.w.org\/{rel}","templated":true}]}}