{"id":1694,"date":"2021-05-12T00:24:16","date_gmt":"2021-05-12T00:24:16","guid":{"rendered":"https:\/\/211md.org\/?page_id=1694"},"modified":"2025-10-29T06:56:09","modified_gmt":"2025-10-29T10:56:09","slug":"konte-calvert","status":"publish","type":"page","link":"https:\/\/211md.org\/ht\/resources-by-county\/calvert-county\/","title":{"rendered":"Konte Calvert"},"content":{"rendered":"<h2><a href=\"https:\/\/search.211md.org\/\" target=\"_blank\"  rel=\"noopener\">Jwenn Resous Toupre Mwen<\/a><\/h2>\n\t\t\t<a href=\"https:\/\/search.211md.org\/\" target=\"_blank\" rel=\"noopener\">\n\t\t\t\t\t\t\tCh\u00e8che Kounye a\n\t\t\t<\/a>\n\t<p><strong><a href=\"\/ht\/rantre-nan-baz-done-nou-an\/\">Ajoute ajans ou oswa \u00f2ganizasyon w nan baz done resous nou an.<\/a><\/strong><\/p>\n\t<p>Ou pa poukont ou nan Konte Calvert. \u00c8d disponib 24\/7\/365 pou kominote atrav\u00e8 konte a, tankou Prince Frederick, Dares Beach, Barstow, Bowens, Fox Hill, Woodbridge, Adelina, Port Republic, Mutual, Governor Run, Chesapeake Beach ak plis ank\u00f2.<\/p>\n<p>Rele 211 pou jwenn resous oubyen f\u00e8 rech\u00e8ch nan baz done 211 la.<\/p>\n\t\t<h2>\t\n\tRele 211<\/h2><p>Jwenn konekte ak resous kominote a ak sip\u00f2 24\/7\/365.<\/p>\n<h2>Asistans en\u00e8ji<\/h2>\n<p>Si w bezwen \u00e8d pou peye b\u00f2dwo s\u00e8vis piblik ou a, ou ka aplike pou yon sibvansyon nan men Office of Home Energy Programs (OHEP). Sibvansyon ki baze sou revni yo disponib pou b\u00f2dwo elektrik ak gaz. Jwenn enf\u00f2masyon detaye sou pwogram nan ak <a href=\"https:\/\/211md.org\/ht\/resous-yo\/asistans-sevis-piblik\/\" target=\"_blank\" rel=\"noopener\">kons\u00e8y pou ranpli aplikasyon an<\/a>.<\/p>\n<p>Si w bezwen \u00e8d pou ranpli f\u00f2m OHEP yo epi w ap aplike pou asistans s\u00e8vis piblik nan Konte Calvert, kontakte <a href=\"http:\/\/www.smtccac.org\/office-of-home-energy-program.aspx\" target=\"_blank\" rel=\"noopener\">Komite Aksyon Kominot\u00e8 Southern Maryland Tri-County<\/a>\u00a0(SMTCCAC, Inc.) Yo gen lokal nan Huntingtown pou ede rezidan Konte Calvert f\u00e8 b\u00f2dwo s\u00e8vis piblik yo pi ab\u00f2dab.<\/p>\n<p>Ou ka kontakte founis\u00e8 s\u00e8vis piblik ou a tou epi mande sou aranjman peman b\u00f2dwo yo.<\/p>\n<p>&nbsp;<\/p>\n<h2>Sante mantal<\/h2>\n<p>\u00c8ske w santi w tris, deprime, poukont ou oswa enkyete? Resous sante mantal yo disponib 24\/7\/365 l\u00e8 w rele 9-8-8 pou w pale ak yon konseye kriz.<\/p>\n<p>La\u00a0<a href=\"https:\/\/www.calverthealth.org\/personalhealth\/mentalhealth\/mhclinic.htm\" target=\"_blank\" rel=\"noopener\">Depatman Sante Konte Calvert<\/a>\u00a0tou gen yon Klinik Sante Mantal ki ofri s\u00e8vis sante mantal, tankou evalyasyon, jesyon medikaman ak terapi. Rele Depatman Sante nan Prince Frederick pou plis \u00e8d: 410-535-5400 x318.<\/p>\n<p>Ou kapab tou <a href=\"https:\/\/search.988.mdinfonet.org\/\" target=\"_blank\" rel=\"noopener\">f\u00e8 rech\u00e8ch nan baz done resous sante konp\u00f2tmantal ki pi konpl\u00e8 nan eta a<\/a>, mache ak Rezo Enf\u00f2masyon Maryland lan.<\/p>\n<h2>Jwenn Manje nan Konte Calvert<\/h2>\n<p>Konte Calvert gen plizy\u00e8 gadmanje manje ak yon kwizin kominot\u00e8 pou ede moun ak fanmi ki bezwen manje. Plis Tasty Blessings Community Kitchen &amp; Resource Center ofri yon repa gratis chak Jedi soti 6 pm rive 7 pm Lokal yo chanje pa mwa, epi ou kapab <a href=\"http:\/\/eastjohnyouth.org\/programs\/tasty-blessings\" target=\"_blank\" rel=\"noopener\">jwenn yo isit la<\/a>.<\/p>\n<p>Granmoun aje yo ka kontakte Hands of God Mobile Ministry tou nan 410-535-2275. Pandan ke granmoun aje yo priyorite, tout yo akeyi.<\/p>\n<p>Sa yo se l\u00f2t gadmanje manje ki nan Konte Calvert. L\u00e8 yo ka varye, kidonk rele anvan ou ale nan gadmanje a.<\/p>\n<p>&nbsp;<\/p>\n\t\t<h3>Bayside Baptist Community Food Pantry<\/h3><p>Bayside Legliz Batis<\/p>\n<p>3009 Chesapeake Beach Road<\/p>\n<p>Chesapeake Beach, MD 20732<\/p>\n<p>410-257-0712<\/p>\n<p>&nbsp;<\/p>\n<p>Panye manje ki pre-anbalaj pou kominote Chesapeake Beach ak North Beach.<\/p>\n<p><strong>Samdi 9:30 am - 11 am<\/strong><\/p>\n\t<iframe src=\"https:\/\/www.google.com\/maps\/embed\/v1\/place?q=3009+Chesapeake+Beach+Road%0AChesapeake+Beach%2C+MD+20732&#038;key=AIzaSyD09zQ9PNDNNy9TadMuzRV_UsPUoWKntt8\" aria-hidden=\"true\" title=\"Bayside Community Food Pantry\"><\/iframe>\n\t\t<h3>Brooks United Methodist Church Pantry<\/h3><p>5550 Mackall Road<\/p>\n<p>Saint Leonard, MD 20685<\/p>\n<p>410-586-3972<\/p>\n<p><strong>Madi 10 am - 12 pm\u00a0<\/strong><\/p>\n\t<iframe src=\"https:\/\/www.google.com\/maps\/embed\/v1\/place?q=5550+Mackall+Road%0ASaint+Leonard%2C+MD+20685&#038;key=AIzaSyD09zQ9PNDNNy9TadMuzRV_UsPUoWKntt8\" aria-hidden=\"true\" title=\"Brooks United Methodist Church\"><\/iframe>\n\t\t<h3>Calvert Churches Community Food Pantry<\/h3><p>100 Jibsail Drive<\/p>\n<p>Prince Frederick, MD 20678<\/p>\n<p>410-414-7474<\/p>\n<p>Ouv\u00e8 pou nenp\u00f2t moun ki nan Konte Calvert nan n\u00f2 Broomes Island Road. <a href=\"https:\/\/www.cccfp.org\/\" target=\"_blank\" rel=\"noopener\">Jwenn plis enf\u00f2masyon<\/a>.<\/p>\n<p><strong>Lendi, Madi, M\u00e8kredi 9:00 am \u2013 12:00 pm\u00a0<\/strong><\/p>\n\t<iframe src=\"https:\/\/www.google.com\/maps\/embed\/v1\/place?q=100+Jibsail+Drive%0APrince+Frederick%2C+MD+20678&#038;key=AIzaSyD09zQ9PNDNNy9TadMuzRV_UsPUoWKntt8\" aria-hidden=\"true\" title=\"Calvert Churches Community Food Pantry\"><\/iframe>\n\t\t<h3>Calvert Lighthouse Manje Pantry<\/h3><p>40 Clay Hammond Road<\/p>\n<p>Prince Frederick, MD 20678<\/p>\n<p>410-535-5515<\/p>\n<p>&nbsp;<\/p>\n<p><strong>Premye samdi chak mwa 11:00 am \u2013 1:00 pm\u00a0<\/strong><\/p>\n\t<iframe src=\"https:\/\/www.google.com\/maps\/embed\/v1\/place?q=40+Clay+Hammond+Road%0APrince+Frederick%2C+MD+20678&#038;key=AIzaSyD09zQ9PNDNNy9TadMuzRV_UsPUoWKntt8\" aria-hidden=\"true\" title=\"Calvert Lighthouse Manje Pantry\"><\/iframe>\n\t\t<h3>Chesapeake Cares Food Pantry<\/h3><p>6045 Solomons Island Road<\/p>\n<p>Huntingtown, MD 20639<\/p>\n<p><a href=\"https:\/\/chesapeakechurch.org\/food-pantry\/\" target=\"_blank\" rel=\"noopener\">Aprann plis sou gadmanje manje a<\/a>.<\/p>\n<p>410-257-3444<\/p>\n<p>&nbsp;<\/p>\n<p><strong>Madi 5:30 pm \u2013 7:30 pm<\/strong><\/p>\n<p><strong>Jedi 9:30 am \u2013 12:00 pm<\/strong><\/p>\n\t<iframe src=\"https:\/\/www.google.com\/maps\/embed\/v1\/place?q=6045+Solomons+Island+Road%0AHuntingtown%2C+MD+20639&#038;key=AIzaSyD09zQ9PNDNNy9TadMuzRV_UsPUoWKntt8\" aria-hidden=\"true\" title=\"Chesapeake Cares Food Pantry\"><\/iframe>\n\t\t<h3>Premye Legliz Lutheran<\/h3><p>6300 Southern Maryland Blvd.<\/p>\n<p>Huntingtown, MD 20639<\/p>\n<p>410-257-3030<\/p>\n<p>&nbsp;<\/p>\n<p><b>Lendi \u2013 Jedi 9 am \u2013 2 pm<\/b><\/p>\n\t<iframe src=\"https:\/\/www.google.com\/maps\/embed\/v1\/place?q=6300+Southern+Maryland+Blvd.%0AHuntingtown%2C+MD+20639&#038;key=AIzaSyD09zQ9PNDNNy9TadMuzRV_UsPUoWKntt8\" aria-hidden=\"true\" title=\"Premye Legliz Lutheran\"><\/iframe>\n\t\t<h3>Ladies of Charity Food Pantry<\/h3><p>Legliz Katolik St Anthony<\/p>\n<p>8823 Dayton Avenue<\/p>\n<p>North Beach, MD 20714<\/p>\n<p>410-286-7086<\/p>\n<p>&nbsp;<\/p>\n<p><b>Madi 12 pm - 2 pm\u00a0<\/b><\/p>\n<p><strong>2y\u00e8m M\u00e8kredi nan mwa a 5 pm \u2013 7 pm<\/strong><\/p>\n<p><strong>D\u00e8nye samdi nan mwa a 10 am \u2013 12 pm<\/strong><\/p>\n<p><a href=\"https:\/\/stanthonycal.us\/ladies-of-charity\" target=\"_blank\" rel=\"noopener\">Gade d\u00e8nye \u00e8dtan yo<\/a><\/p>\n\t<iframe src=\"https:\/\/www.google.com\/maps\/embed\/v1\/place?q=6300+Southern+Maryland+Blvd.%0AHuntingtown%2C+MD+20639&#038;key=AIzaSyD09zQ9PNDNNy9TadMuzRV_UsPUoWKntt8\" aria-hidden=\"true\" title=\"Premye Legliz Lutheran\"><\/iframe>\n\t\t<h3>Middleham and Saint Peter&#039;s Parish Food Pantry<\/h3><p>10210 HG Trueman Road<\/p>\n<p>Lusby, MD 20657<\/p>\n<p>410-326-4948<\/p>\n<p>&nbsp;<\/p>\n<p><strong>Rele pou w ajoute nan lis la.<\/strong><\/p>\n\t<iframe src=\"https:\/\/www.google.com\/maps\/embed\/v1\/place?q=10210+H+G+Trueman+Road%0ALusby%2C+MD+20657&#038;key=AIzaSyD09zQ9PNDNNy9TadMuzRV_UsPUoWKntt8\" aria-hidden=\"true\" title=\"Middleham and Saint Peter&#039;s Parish Food Pantry\"><\/iframe>\n\t\t<h3>Mount Olive United Methodist Food Pantry<\/h3><p>10 Fairground Road<\/p>\n<p>Prince Frederick, MD 20678<\/p>\n<p>410-535-5756<\/p>\n<p>&nbsp;<\/p>\n<p><strong>2y\u00e8m ak 4y\u00e8m M\u00e8kredi chak mwa 1:30 pm \u2013 3:30 pm<\/strong><\/p>\n\t<iframe src=\"https:\/\/www.google.com\/maps\/embed\/v1\/place?q=10+Fairground+Road%0APrince+Frederick%2C+MD+20678&#038;key=AIzaSyD09zQ9PNDNNy9TadMuzRV_UsPUoWKntt8\" aria-hidden=\"true\" title=\"Mount Olive United Methodist Food Pantry\"><\/iframe>\n\t\t<h3>Nouvo lavi Calvert Manje Pantry<\/h3><p>9690 Shepherds Creek Place<\/p>\n<p>La Plata, MD 20646<\/p>\n<p>301-609-8423<\/p>\n<p>&nbsp;<\/p>\n<p><strong>Lendi \u2013 Vandredi 4 pm \u2013 6 pm\u00a0<\/strong><\/p>\n<p><a href=\"https:\/\/www.newlife.live\/missions\/\" target=\"_blank\" rel=\"noopener\">Aprann plis sou gadmanje a<\/a>.<\/p>\n\t<iframe src=\"https:\/\/www.google.com\/maps\/embed\/v1\/place?q=9690+Shepherds+Creek+Place%0ALa+Plata%2C+MD+20646&#038;key=AIzaSyD09zQ9PNDNNy9TadMuzRV_UsPUoWKntt8\" aria-hidden=\"true\" title=\"Nouvo Life Calvert Food Pantry\"><\/iframe>\n\t\t<h3>SMILE Ecumenical Ministry Food Pantry<\/h3><p>10290 HG Trueman Road<\/p>\n<p>Lusby, Maryland 20657<\/p>\n<p>410-326-0009<\/p>\n<p>Dwe gen yon kliyan SMILE. <a href=\"https:\/\/smileinc.org\/food-pantry\/\" target=\"_blank\" rel=\"noopener\">Aprann plis<\/a> sou enskripsyon pou s\u00e8vis SMILE.<\/p>\n<p>&nbsp;<\/p>\n<p><strong>Lendi 9 am - 10 am<\/strong><\/p>\n<p><strong>M\u00e8kredi 10 am - 2 pm<\/strong><\/p>\n<p><strong>Jedi ak Vandredi 10 am - 12 pm<\/strong><\/p>\n<p><strong>Samdi 9 am - 12 pm<\/strong><\/p>\n\t<iframe src=\"https:\/\/www.google.com\/maps\/embed\/v1\/place?q=10290+H.G.+Trueman+Road%0ALusby%2C+Maryland+20657&#038;key=AIzaSyD09zQ9PNDNNy9TadMuzRV_UsPUoWKntt8\" aria-hidden=\"true\" title=\"SMILE Ecumenical Ministry Food Pantry\"><\/iframe>\n\t\t<h3>Solomons Mission Center Food Pantry<\/h3><p>Legliz Metodis Ini Salomon<\/p>\n<p>14454 Solomons Island Road South<\/p>\n<p>Salomon, MD 20688<\/p>\n<p>410-326-3278<\/p>\n<p>&nbsp;<\/p>\n<p><b>Madi, M\u00e8kredi, Jedi 10 am \u2013 1 pm<\/b><\/p>\n\t<iframe src=\"https:\/\/www.google.com\/maps\/embed\/v1\/place?q=14454+Solomons+Island+Road+South%0ASolomons%2C+MD+20688&#038;key=AIzaSyD09zQ9PNDNNy9TadMuzRV_UsPUoWKntt8\" aria-hidden=\"true\" title=\"Legliz Metodis Ini Salomon\"><\/iframe>\n\t\t<h3>St. John Vianney Inter-Faith Food Pantry<\/h3><p>105 Vianney Lane<\/p>\n<p>Prince Frederick, MD 20678<\/p>\n<p>410-286-1944<\/p>\n<p>&nbsp;<\/p>\n<p><b>M\u00e8kredi 3 pm - 6 pm<\/b><\/p>\n<p><a href=\"https:\/\/www.sjvchurch.net\/food-pantry\" target=\"_blank\" rel=\"noopener\">Aprann plis sou gadmanje manje a.<\/a><\/p>\n\t<iframe src=\"https:\/\/www.google.com\/maps\/embed\/v1\/place?q=105+Vianney+Lane%0APrince+Frederick%2C+MD+20678&#038;key=AIzaSyD09zQ9PNDNNy9TadMuzRV_UsPUoWKntt8\" aria-hidden=\"true\" title=\"St. John Vianney Inter-Faith Food Pantry\"><\/iframe>\n<h2>Jwenn \u00e8d ak l\u00f2t bezwen esansy\u00e8l<\/h2>\n<p>Si w bezwen \u00e8d ak yon l\u00f2t bezwen esansy\u00e8l, ou kapab:<\/p>\n<ul>\n<li>Rele 211<\/li>\n<li>Ch\u00e8che resous 211 ki anba yo pou jwenn enf\u00f2masyon sou pwogram tankou WIC ak SNAP (koupon pou manje)<\/li>\n<li>Gade lis yo soti nan <a href=\"https:\/\/ourcalvert.org\/services\" target=\"_blank\" rel=\"noopener\">Calvert nou an - Resous pou lavi<\/a>, ki idantifye resous lokal tankou la <a href=\"https:\/\/ourcalvert.org\/index.php\/\" target=\"_blank\" rel=\"noopener\">Bank kouch\u00e8t Calvert County<\/a>, \u00f2ganizasyon k ap ede ak rad ak asistans finansye ak plis ank\u00f2.<\/li>\n<\/ul>\n<p>K\u00e8lkeswa kote w ap viv, 211 toujou disponib pou ede w.<\/p>\n\t\t<h4><a href=\"\/ht\/resous-yo\/aje-andikap\/?utm_source=Home&#038;utm_medium=Referral&#038;utm_campaign=211Resources&#038;utm_content=Aging\" target=\"_self\">Aje ak Andikap<\/a><\/h4>\n\t\t\t\t<a href=\"\/ht\/resous-yo\/aje-andikap\/?utm_source=Home&#038;utm_medium=Referral&#038;utm_campaign=211Resources&#038;utm_content=Aging\"  target=\"_self\" itemprop=\"url\">\n\t\t\t\t<img decoding=\"async\" src=\"https:\/\/211md.org\/wp-content\/uploads\/bb-plugin\/cache\/2025_MdInfoNet_Icon-Sets_Aging-disability-square-c466727102cae71e5f27b8539bb51945-.png\" alt=\"\" itemprop=\"image\" onerror=\"this.style.display='none'\" loading=\"lazy\" \/>\n\t\t\t\t<\/a>\n\t\t<h4><a href=\"\/ht\/resous-yo\/timoun-fanmi-yo\/?utm_source=Home&#038;utm_medium=Referral&#038;utm_campaign=211Resources&#038;utm_content=Children\" target=\"_self\">Timoun ak Fanmi<\/a><\/h4>\n\t\t\t\t<a href=\"\/ht\/resous-yo\/timoun-fanmi-yo\/?utm_source=Home&#038;utm_medium=Referral&#038;utm_campaign=211Resources&#038;utm_content=Children\"  target=\"_self\" itemprop=\"url\">\n\t\t\t\t<img decoding=\"async\" src=\"https:\/\/211md.org\/wp-content\/uploads\/bb-plugin\/cache\/2025_211_Icon-Sets_Child-care-square-f3b0d4edab3dcc467fadb5f55f4064c6-.png\" alt=\"2025_211_Ansanm Ik\u00f2n_Swen Timoun\" itemprop=\"image\" height=\"417\" width=\"417\" title=\"2025_211_Ansanm Ik\u00f2n_Swen Timoun\" onerror=\"this.style.display='none'\" loading=\"lazy\" \/>\n\t\t\t\t<\/a>\n\t\t<h4><a href=\"\/ht\/resous-yo\/vyolans-familyal-domestik\/?utm_source=Home&#038;utm_medium=Referral&#038;utm_campaign=211Resources&#038;utm_content=Domestic\" target=\"_self\">Vyolans domestik<\/a><\/h4>\n\t\t\t\t<a href=\"\/ht\/resous-yo\/vyolans-familyal-domestik\/?utm_source=Home&#038;utm_medium=Referral&#038;utm_campaign=211Resources&#038;utm_content=Domestic\"  target=\"_self\" itemprop=\"url\">\n\t\t\t\t<img decoding=\"async\" src=\"https:\/\/211md.org\/wp-content\/uploads\/bb-plugin\/cache\/2025_211_Icon-Sets_Domestic-Violence-square-7b597694a6f05fe90cdc376aa573bc63-.png\" alt=\"Ik\u00f2n Vyolans Domestik\" itemprop=\"image\" height=\"417\" width=\"417\" title=\"2025_211_Ansanm Ik\u00f2n_Vyolans Domestik\" onerror=\"this.style.display='none'\" loading=\"lazy\" \/>\n\t\t\t\t<\/a>\n\t\t<h4><a href=\"\/ht\/resous-yo\/rechech-travay\/?utm_source=Home&#038;utm_medium=Referral&#038;utm_campaign=211Resources&#038;utm_content=Employment\" target=\"_self\">Travay<\/a><\/h4>\n\t\t\t\t<a href=\"\/ht\/resous-yo\/rechech-travay\/?utm_source=Home&#038;utm_medium=Referral&#038;utm_campaign=211Resources&#038;utm_content=Employment\"  target=\"_self\" itemprop=\"url\">\n\t\t\t\t<img decoding=\"async\" src=\"https:\/\/211md.org\/wp-content\/uploads\/bb-plugin\/cache\/2025_MdInfoNet_Icon-Sets_Employment-square-44707bd410e4df10a470bf130ebcea86-.png\" alt=\"\" itemprop=\"image\" onerror=\"this.style.display='none'\" loading=\"lazy\" \/>\n\t\t\t\t<\/a>\n\t\t<h4><a href=\"\/ht\/resous-yo\/swen-sante\/?utm_source=Home&#038;utm_medium=Referral&#038;utm_campaign=211Resources&#038;utm_content=Health%20Care\" target=\"_self\">Swen Sante<\/a><\/h4>\n\t\t\t\t<a href=\"\/ht\/resous-yo\/swen-sante\/?utm_source=Home&#038;utm_medium=Referral&#038;utm_campaign=211Resources&#038;utm_content=Health%20Care\"  target=\"_self\" itemprop=\"url\">\n\t\t\t\t<img decoding=\"async\" src=\"https:\/\/211md.org\/wp-content\/uploads\/bb-plugin\/cache\/2025_MdInfoNet_Icon-Sets_Health-Care-square-dee98a0060cbe0e7f27eda253fc12679-.png\" alt=\"\" itemprop=\"image\" onerror=\"this.style.display='none'\" loading=\"lazy\" \/>\n\t\t\t\t<\/a>\n\t\t<h4><a href=\"\/ht\/resous-yo\/timoun-fanmi-yo\/swen-fanmi\/?utm_source=Home&#038;utm_medium=Referral&#038;utm_campaign=211Resources&#038;utm_content=Kinship\" target=\"_self\">Parente<\/a><\/h4>\n\t\t\t\t<a href=\"\/ht\/resous-yo\/timoun-fanmi-yo\/swen-fanmi\/?utm_source=Home&#038;utm_medium=Referral&#038;utm_campaign=211Resources&#038;utm_content=Kinship\"  target=\"_self\" itemprop=\"url\">\n\t\t\t\t<img decoding=\"async\" src=\"https:\/\/211md.org\/wp-content\/uploads\/bb-plugin\/cache\/2025_211_Icon-Sets_Kinship-square-45bdf872866f5735f842c32071109267-.png\" alt=\"Ik\u00f2n fanmi\" itemprop=\"image\" height=\"417\" width=\"417\" title=\"2025_211_Ansanm Ik\u00f2n_Fanmitay\" onerror=\"this.style.display='none'\" loading=\"lazy\" \/>\n\t\t\t\t<\/a>\n\t\t<h4><a href=\"\/ht\/resous-yo\/sevis-legal-yo\/?utm_source=Home&#038;utm_medium=Referral&#038;utm_campaign=211Resources&#038;utm_content=Legal\" target=\"_self\">S\u00e8vis Legal<\/a><\/h4>\n\t\t\t\t<a href=\"\/ht\/resous-yo\/sevis-legal-yo\/?utm_source=Home&#038;utm_medium=Referral&#038;utm_campaign=211Resources&#038;utm_content=Legal\"  target=\"_self\" itemprop=\"url\">\n\t\t\t\t<img decoding=\"async\" src=\"https:\/\/211md.org\/wp-content\/uploads\/bb-plugin\/cache\/2025_MdInfoNet_Icon-Sets_Legal-square-18fdf438feb8435588174d9046463257-.png\" alt=\"\" itemprop=\"image\" onerror=\"this.style.display='none'\" loading=\"lazy\" \/>\n\t\t\t\t<\/a>\n\t\t<h4><a href=\"\/ht\/resous-yo\/sante-mantal\/?utm_source=Home&#038;utm_medium=Referral&#038;utm_campaign=211Resources&#038;utm_content=Mental\" target=\"_self\">Sante mantal<\/a><\/h4>\n\t\t\t\t<a href=\"\/ht\/resous-yo\/sante-mantal\/?utm_source=Home&#038;utm_medium=Referral&#038;utm_campaign=211Resources&#038;utm_content=Mental\"  target=\"_self\" itemprop=\"url\">\n\t\t\t\t<img decoding=\"async\" src=\"https:\/\/211md.org\/wp-content\/uploads\/bb-plugin\/cache\/2025_MdInfoNet_Icon-Sets_Mental-Health-square-c59b38c4a993a947d4c9280fbe2d2fee-.png\" alt=\"\" itemprop=\"image\" onerror=\"this.style.display='none'\" loading=\"lazy\" \/>\n\t\t\t\t<\/a>\n\t\t<h4><a href=\"\/ht\/resous-yo\/mdreentry\/?utm_source=Home&#038;utm_medium=Referral&#038;utm_campaign=211Resources&#038;utm_content=Reentry\" target=\"_self\">Reantre<\/a><\/h4>\n\t\t\t\t<a href=\"\/ht\/resous-yo\/mdreentry\/?utm_source=Home&#038;utm_medium=Referral&#038;utm_campaign=211Resources&#038;utm_content=Reentry\"  target=\"_self\" itemprop=\"url\">\n\t\t\t\t<img decoding=\"async\" src=\"https:\/\/211md.org\/wp-content\/uploads\/bb-plugin\/cache\/2025_211_Icon-Sets_Reentry-square-8676fea38abd920a832f45642fe31cca-.png\" alt=\"Ik\u00f2n Reantre\" itemprop=\"image\" height=\"417\" width=\"417\" title=\"2025_211_Ansanm Ik\u00f2n_Reantre\" onerror=\"this.style.display='none'\" loading=\"lazy\" \/>\n\t\t\t\t<\/a>\n\t\t<h4><a href=\"\/ht\/resous-yo\/itilizasyon-sibstans\/?utm_source=Home&#038;utm_medium=Referral&#038;utm_campaign=211Resources&#038;utm_content=Substance\" target=\"_self\">Itilizasyon sibstans<\/a><\/h4>\n\t\t\t\t<a href=\"\/ht\/resous-yo\/itilizasyon-sibstans\/?utm_source=Home&#038;utm_medium=Referral&#038;utm_campaign=211Resources&#038;utm_content=Substance\"  target=\"_self\" itemprop=\"url\">\n\t\t\t\t<img decoding=\"async\" src=\"https:\/\/211md.org\/wp-content\/uploads\/bb-plugin\/cache\/2025_MdInfoNet_Icon-Sets_Substance-Abuse-square-9022fec9d18a64118ad685c101885b55-.png\" alt=\"\" itemprop=\"image\" onerror=\"this.style.display='none'\" loading=\"lazy\" \/>\n\t\t\t\t<\/a>\n\t\t<h4><a href=\"\/ht\/resous-yo\/veteran-yo\/?utm_source=Home&#038;utm_medium=Referral&#038;utm_campaign=211Resources&#038;utm_content=Veterans\" target=\"_self\">Veteran yo<\/a><\/h4>\n\t\t\t\t<a href=\"\/ht\/resous-yo\/veteran-yo\/?utm_source=Home&#038;utm_medium=Referral&#038;utm_campaign=211Resources&#038;utm_content=Veterans\"  target=\"_self\" itemprop=\"url\">\n\t\t\t\t<img decoding=\"async\" src=\"https:\/\/211md.org\/wp-content\/uploads\/bb-plugin\/cache\/2025_MdInfoNet_Icon-Sets_Rating-square-6e60d00cce4faa8e0a6d4ad7366aa733-.png\" alt=\"\" itemprop=\"image\" onerror=\"this.style.display='none'\" loading=\"lazy\" \/>\n\t\t\t\t<\/a>","protected":false},"excerpt":{"rendered":"<p>Jwenn Resous Toupre Mwen Ch\u00e8che Kounye a Ajoute ajans oswa \u00f2ganizasyon ou nan baz done resous nou an. Ou pa poukont ou nan Konte Calvert. \u00c8d disponib 24\/7\/365 pou kominote nan tout konte a, tankou Prince Frederick, Dares Beach, Barstow, Bowens, Fox Hill, Woodbridge, Adelina, Port Republic, Mutual, Governor Run, Chesapeake Beach ak plis ank\u00f2. Rele 211 pou jwenn...<\/p>","protected":false},"author":8,"featured_media":0,"parent":750,"menu_order":0,"comment_status":"closed","ping_status":"closed","template":"","meta":{"footnotes":""},"class_list":["post-1694","page","type-page","status-publish","hentry"],"_links":{"self":[{"href":"https:\/\/211md.org\/ht\/wp-json\/wp\/v2\/pages\/1694","targetHints":{"allow":["GET"]}}],"collection":[{"href":"https:\/\/211md.org\/ht\/wp-json\/wp\/v2\/pages"}],"about":[{"href":"https:\/\/211md.org\/ht\/wp-json\/wp\/v2\/types\/page"}],"author":[{"embeddable":true,"href":"https:\/\/211md.org\/ht\/wp-json\/wp\/v2\/users\/8"}],"replies":[{"embeddable":true,"href":"https:\/\/211md.org\/ht\/wp-json\/wp\/v2\/comments?post=1694"}],"version-history":[{"count":6,"href":"https:\/\/211md.org\/ht\/wp-json\/wp\/v2\/pages\/1694\/revisions"}],"predecessor-version":[{"id":34072,"href":"https:\/\/211md.org\/ht\/wp-json\/wp\/v2\/pages\/1694\/revisions\/34072"}],"up":[{"embeddable":true,"href":"https:\/\/211md.org\/ht\/wp-json\/wp\/v2\/pages\/750"}],"wp:attachment":[{"href":"https:\/\/211md.org\/ht\/wp-json\/wp\/v2\/media?parent=1694"}],"curies":[{"name":"wp","href":"https:\/\/api.w.org\/{rel}","templated":true}]}}