{"id":1695,"date":"2021-05-12T00:24:27","date_gmt":"2021-05-12T00:24:27","guid":{"rendered":"https:\/\/211md.org\/?page_id=1695"},"modified":"2025-10-29T07:07:49","modified_gmt":"2025-10-29T11:07:49","slug":"konte-prince-georges","status":"publish","type":"page","link":"https:\/\/211md.org\/ht\/resources-by-county\/prince-georges-county\/","title":{"rendered":"Konte Prince George"},"content":{"rendered":"<p>211 is always available to support Prince George&#8217;s County residents. We have resources near you, no matter where you live: Hyattsville, Forestville, District Heights, Bowie, Laurel and other communities in Prince George&#8217;s County. Dial 211 any time of day and an Information and Referral Specialist can connect you to resources near you.<\/p>\n<p>Ou kapab tou <a href=\"https:\/\/search.211md.org\/search?location=Prince+George%27s+County%2C+Maryland%2C+United+States&amp;coords=-76.75184%2C38.816277&amp;distance=25&amp;utm_source=County&amp;utm_medium=Referral&amp;utm_campaign=PG&amp;utm_content=\" target=\"_blank\" rel=\"noopener\">rech\u00e8che nan Baz Done Resous Kominot\u00e8 a<\/a> pou jwenn resous lokal pa k\u00f2d postal ou oswa kontakte nenp\u00f2t nan resous ki anba yo.<\/p>\n\t\t<h2>\t\n\tRele 211<\/h2><p>Jwenn konekte ak resous kominote a ak sip\u00f2 24\/7\/365.<\/p>\n\t\t\t\t<a href=\"https:\/\/search.211md.org\/search?location=Prince+George%27s+County%2C+Maryland%2C+United+States&#038;coords=-76.75184%2C38.816277&#038;distance=25&#038;utm_source=County&#038;utm_medium=Referral&#038;utm_campaign=PG&#038;utm_content=\"  target=\"_blank\" rel=\"noopener\"  itemprop=\"url\">\n\t\t\t\t<img decoding=\"async\" src=\"http:\/\/211md.org\/wp-content\/uploads\/2025\/07\/Prince-Georges-County-Resources.jpg\" alt=\"Resous Konte Prince George la\" itemprop=\"image\" title=\"Resous Konte Prince George la\" onerror=\"this.style.display='none'\" loading=\"lazy\" \/>\n\t\t\t\t<\/a>\n\t\t<h2>Jwenn Resous pa K\u00f2d Postal<\/h2>\n\t\t<p>Jwenn resous lokal pou manje, lojman, asistans pou s\u00e8vis piblik, sip\u00f2 sante mantal ak plis ank\u00f2 nan Baz Done Resous Kominot\u00e8 211 la.<\/p>\n<p>This will take you directly to the 1400+ resources in Prince George&#8217;s County. You can then type in what you need in the box where it says &#8220;Search resources in Maryland.&#8221; Once you start typing, common searches will appear.<\/p>\n<p>Si ou bezwen ch\u00e8che nan yon l\u00f2t pati nan eta a, chanje kote a.<\/p>\n<p>&nbsp;<\/p>\n\t\t\t<a href=\"https:\/\/search.211md.org\/search?location=Prince+George%27s+County%2C+Maryland%2C+United+States&#038;coords=-76.75184%2C38.816277&#038;distance=25&#038;utm_source=County&#038;utm_medium=Referral&#038;utm_campaign=PG&#038;utm_content=\" target=\"_blank\" rel=\"noopener\">\n\t\t\t\t\t\t\tJwenn Resous Lokal yo\n\t\t\t\t\t<\/a>\n\t\t\t\t<img decoding=\"async\" src=\"http:\/\/211md.org\/wp-content\/uploads\/2023\/10\/Food-pantry-box-of-food.jpg\" alt=\"Bwat gadmanje manje nan manje\" itemprop=\"image\" title=\"Bwat gadmanje manje nan manje\" onerror=\"this.style.display='none'\" loading=\"lazy\" \/>\n\t<h2><b>Manje nan Konte Prince George<\/b><\/h2>\n<p>Bezwen manje?\u00a0<a href=\"http:\/\/www.pgcfec.org\/what-we-do.html\" target=\"_blank\" rel=\"noopener\">Kons\u00e8y Ekite Manje Konte Prince George<\/a> itilize div\u00e8s patn\u00e8 pou ede rezidan yo jwenn manje ki an sante, ab\u00f2dab, dirab, ki apwopriye pou kiltir\u00e8l e ki an sekirite nan tout katye yo.<\/p>\n<p>Kons\u00e8y Ekite Manje nan Largo, Maryland gen yon lis depo manje ki ajou. Soti nan Bowie rive nan Capitol Heights, <a href=\"https:\/\/pgcfec.org\/resources\/find-food-food-pantry-listings\/\" target=\"_blank\" rel=\"noopener\">jwenn yon gadmanje manje toupre ou<\/a>.<\/p>\n<h3>Aplike pou koupon pou manje<\/h3>\n<p>Koupon pou manje ka ede fanmi yo tou f\u00e8 manje ki bon pou sante yo.<\/p>\n<p>Ou ka jwenn \u00e8d nan men Depatman S\u00e8vis Sosyal lokal (DSS), nan Landover, Hyattsville oswa Temple Hills. DSS ap kapab ede w tou ak l\u00f2t pwogram benefis yo. Ou ka aprann tou sou l\u00f2t pwogram asistans ki disponib pou fanmi yo ak sou kondisyon elijiblite yo. Kontakte la <a href=\"https:\/\/www.princegeorgescountymd.gov\/1714\/Family-Investment-Division\" target=\"_blank\" rel=\"noopener\">Depatman S\u00e8vis Sosyal Konte Prince George<\/a> pou aplike pou koupon pou manje.<\/p>\n<p>Si w gen kesyon sou fason pwogram koupon pou manje a fonksyone nan Maryland, jwenn repons pou kesyon ou yo <a href=\"https:\/\/211md.org\/ht\/resous-yo\/manje\/koupon-pou-manje\/\">Paj enf\u00f2masyon koupon pou manje 211 la.<\/a><\/p>\n\t\t<h2>\t\n\tLiy dir\u00e8k Prince George pou moun ki san kay<\/h2><p>1-888-731-0999 oswa 301-864-7095<\/p>\n<h2>Abri Ijans<\/h2>\n<p>Si w bezwen yon kote pou w rete tanpor\u00e8, gen abri ijans nan tout Konte Prince George. Liy Dir\u00e8k pou Sanzabri yo \u00f2ganize plasman. Ou ka rele li nan 888-731-0999 oswa 301-864-7095.<\/p>\n<p>Yo bay \u00e8d 24 \u00e8dtan pa jou. Rek\u00f2mandasyon yo f\u00e8t sou yon baz premye vini, premye s\u00e8vi. <a href=\"https:\/\/www.princegeorgescountymd.gov\/1672\/Emergency-Shelter\" target=\"_blank\" rel=\"noopener\">Konte Prince George a<\/a>y detay sou kondisyon elijiblite ak dokiman ki neses\u00e8 yo.<\/p>\n<p>Nan abri a, y ap ba w yon manadj\u00e8 ka pou ede w.<\/p>\n<p>211 kapab ede w konekte tou ak yon abri tanpor\u00e8 nan Konte Prince George.<\/p>\n\t\t\t\t<img decoding=\"async\" src=\"http:\/\/211md.org\/wp-content\/uploads\/2024\/10\/211-at-City-of-Laurel-Multiservice-Center-1-363x400.jpg\" alt=\"211 nan City of Laurel Multiservice Center\" itemprop=\"image\" title=\"211 nan City of Laurel Multiservice Center\" onerror=\"this.style.display='none'\" loading=\"lazy\" \/>\n\t\t\t\t<img decoding=\"async\" src=\"https:\/\/211md.org\/wp-content\/plugins\/bb-plugin\/img\/pixel.png\" alt=\"\" itemprop=\"image\" onerror=\"this.style.display='none'\" loading=\"lazy\" \/>\n<h3>Lojman kout t\u00e8m ak sip\u00f2 kominot\u00e8<\/h3>\n<p>La <a href=\"https:\/\/laurelmsc.org\/\" target=\"_blank\" rel=\"noopener\">City of Laurel Multiservice Center<\/a> bay tou kout t\u00e8m lojman ak s\u00e8vis imen pou moun ki f\u00e8 eksperyans yon tranzisyon lavi nan konte Prince George&#039;s, Anne Arundel, ak Howard.<\/p>\n<p>Sant lajounen an bay nesesite debaz pou moun ki f\u00e8 eksperyans sanzabri, tankou manje, founiti ijy\u00e8n ak douch, ak rad. Ekip la kapab kow\u00f2done tou ak s\u00e8vis medikal ak sante mantal gratis.<\/p>\n<p>Etablisman an bay s\u00e8vis tou atrav\u00e8 patenarya ak ajans ak \u00f2ganizasyon kominot\u00e8, tankou 211 Maryland. Ekip nou an pral sou plas chak mwa pou konekte Maryland\u00e8 yo ak bezwen esansy\u00e8l pou ede moun yo etabli endepandans yo.<\/p>\n<p>City of Laurel Multiservice Center pral \u00f2ganize tou ev\u00e8nman tankou 8 sem\u00e8n kou estabilite finansye a, ak yon bous finansye pou moun ki konplete li.<\/p>\n<p>Gen transp\u00f2 piblik ki disponib pou ale nan Sant lan.<\/p>\n<p>&nbsp;<\/p>\n\t<h2>Sante Mantal: S\u00e8vis Kriz Kominot\u00e8<\/h2>\n<p><a href=\"https:\/\/www.communitycrisis.org\/\" target=\"_blank\" rel=\"noopener\">S\u00e8vis Kriz Kominot\u00e8<\/a> (CCSI), ki f\u00e8 pati rezo sant ap\u00e8l 211 Maryland e ki sitiye nan Hyattsville, ofri plizy\u00e8 pwogram repons pou kriz pou sip\u00f2te Konte Prince George ak z\u00f2n ki antoure yo.<\/p>\n<p>CCSI gen yon abri ijans pou viktim vyolans domestik, kow\u00f2done plasman abri nan tout Konte Prince George, epi li ofri s\u00e8vis pwoteksyon timoun apre l\u00e8 pou rap\u00f2 abi ak neglijans sou timoun.<\/p>\n<p>Si w bezwen sip\u00f2 sante mantal imedyat, rele oswa voye t\u00e8ks 988. Ou pral konekte ak Suicide &amp; Crisis Lifeline, kote ou kapab. <a href=\"https:\/\/health.maryland.gov\/bha\/Pages\/988md.aspx\" target=\"_blank\" rel=\"noopener\">aprann kijan li fonksyone nan Maryland<\/a>.<\/p>\n<p>Si ou bezwen jwenn resous sante mantal nan kominote w la, ou kapab <a href=\"https:\/\/search.988.mdinfonet.org\/\" target=\"_blank\" rel=\"noopener\">ch\u00e8che isit la<\/a>.<\/p>\n<h2>Asistans s\u00e8vis piblik<\/h2>\n<p>Si ou bezwen \u00e8d pou peye b\u00f2dwo s\u00e8vis piblik ou yo,\u00a0<a href=\"https:\/\/www.princegeorgescountymd.gov\/1677\/Energy-Assistance\" target=\"_blank\" rel=\"noopener\">Konte Prince George<\/a>\u00a0ofri plizy\u00e8 pwogram asistans s\u00e8vis piblik, tankou sibvansyon atrav\u00e8 Biwo Pwogram En\u00e8ji Domestik (OHEP).\u00a0<a href=\"\/ht\/resous-yo\/asistans-sevis-piblik\/\" rel=\"noopener\">Gade direktiv sou revni<\/a>, pwogram ak enstriksyon etap pa etap pou ranpli aplikasyon an k\u00f2r\u00e8kteman.<\/p>\n<p>Ou ka mande tou \u00e8d pou ranpli f\u00f2mil\u00e8 asistans en\u00e8ji nan\u00a0<a href=\"https:\/\/www.princegeorgescountymd.gov\/Directory.aspx?DID=293\" target=\"_blank\" rel=\"noopener\">Depatman S\u00e8vis Sosyal Konte Prince George nan Landover<\/a>.<\/p>\n<p>La\u00a0<a href=\"https:\/\/search.211md.org\/search\/ef9083b7c8f7a3af6cfaf8fcde246cce\" target=\"_blank\" rel=\"noopener\">Fuel Fund nan Maryland<\/a>\u00a0ka yon resous adisyon\u00e8l pou kliyan BG&amp;E.<\/p>\n<p>Gen sip\u00f2 lokal ki disponib tou pou b\u00f2dwo s\u00e8vis piblik yo atrav\u00e8 Catholic Charities nan Forestville,\u00a0<a href=\"https:\/\/www.laureladvocacy.org\/\" target=\"_blank\" rel=\"noopener\">S\u00e8vis Defans ak Referans Laurel<\/a>\u00a0(LARS), ak Lame delivrans lan.<\/p>\n<h2>Sip\u00f2 finansye<\/h2>\n<p>LARS kapab ede tou ak manje ak l\u00f2t bezwen finansye tankou asistans pou lokasyon pou anpeche deg\u00e8pisman, \u00e8d ak yon depo sekirite pou lojman p\u00e8manan ak asistans s\u00e8vis piblik pou avi f\u00e8men en\u00e8ji. Aprann sou direktiv pwogram yo ak dokiman w ap bezwen ak <a href=\"https:\/\/www.laureladvocacy.org\/\" target=\"_blank\" rel=\"noopener\">or\u00e8<\/a>\u00a0yon randevou pou asistans finansye.<\/p>\n\t\t\t\t<img decoding=\"async\" src=\"http:\/\/211md.org\/wp-content\/uploads\/2024\/05\/utility-bills.jpg\" alt=\"b\u00f2dwo s\u00e8vis piblik\" itemprop=\"image\" title=\"b\u00f2dwo s\u00e8vis piblik\" onerror=\"this.style.display='none'\" loading=\"lazy\" \/>\n\t<h2>Rap\u00f2te Abi oswa Neglijans sou Timoun nan PG<\/h2>\n<p>Nou tout responsab pou kenbe timoun yo an sekirite epi rap\u00f2te sisp\u00e8k abi oswa neglijans sou timoun. Ou ka rele lapolis oswa kontakte la <a href=\"https:\/\/www.princegeorgescountymd.gov\/1647\/Child-Protective-Services\" target=\"_blank\" rel=\"noopener\">Depatman S\u00e8vis Sosyal Konte Prince George<\/a> l\u00e8 w rele 301-909-2450.<\/p>\n<p>Abi sou timoun yo ka:<\/p>\n<ul>\n<li>Fizik, seksy\u00e8l, oswa emosyon\u00e8l oswa yon konbinezon. Abi a pa dwe vizib.<\/li>\n<li>Si w pa byen pran swen yon timoun oswa li pa f\u00e8 atansyon.<\/li>\n<li>Mol\u00e8s oswa eksplwatasyon seksy\u00e8l, k\u00e8lkeswa si genyen blesi.<\/li>\n<li>Defisyans nan kapasite mantal oswa sikolojik yon timoun pou fonksyone.<\/li>\n<\/ul>\n<p>Rap\u00f2 yo ka anonim, men y ap mande w pou idantifye kote timoun nan ak moun k ap bay swen an, laj apwoksimatif timoun nan, ak idantite moun ki responsab abi oswa neglijans yo.<\/p>\n<p>&nbsp;<\/p>\n\t<h2>Rele 211<\/h2>\n<p>Nou gen pi gwo resous tou pou l\u00f2t konte nan Maryland. <a href=\"https:\/\/211md.org\/ht\/resous-pa-konte\/\">Rech\u00e8ch pa konte<\/a>.<\/p>\n<p>Bezwen \u00e8d ak yon l\u00f2t bagay? Rele 211 oubyen ch\u00e8che resous. Sou la <a href=\"https:\/\/search.211md.org\/\" target=\"_blank\" rel=\"noopener\">paj rech\u00e8ch la<\/a>, chwazi yon kategori drop-down pou pi bon rezilta epi antre k\u00f2d postal ou a pou jwenn resous lokal yo.<\/p>\n<p>&nbsp;<\/p>\n\t\t<h4><a href=\"\/ht\/resous-yo\/aje-andikap\/?utm_source=Home&#038;utm_medium=Referral&#038;utm_campaign=211Resources&#038;utm_content=Aging\" target=\"_self\">Aje ak Andikap<\/a><\/h4>\n\t\t\t\t<a href=\"\/ht\/resous-yo\/aje-andikap\/?utm_source=Home&#038;utm_medium=Referral&#038;utm_campaign=211Resources&#038;utm_content=Aging\"  target=\"_self\" itemprop=\"url\">\n\t\t\t\t<img decoding=\"async\" src=\"https:\/\/211md.org\/wp-content\/uploads\/bb-plugin\/cache\/2025_MdInfoNet_Icon-Sets_Aging-disability-square-c466727102cae71e5f27b8539bb51945-.png\" alt=\"\" itemprop=\"image\" onerror=\"this.style.display='none'\" loading=\"lazy\" \/>\n\t\t\t\t<\/a>\n\t\t<h4><a href=\"\/ht\/resous-yo\/timoun-fanmi-yo\/?utm_source=Home&#038;utm_medium=Referral&#038;utm_campaign=211Resources&#038;utm_content=Children\" target=\"_self\">Timoun ak Fanmi<\/a><\/h4>\n\t\t\t\t<a href=\"\/ht\/resous-yo\/timoun-fanmi-yo\/?utm_source=Home&#038;utm_medium=Referral&#038;utm_campaign=211Resources&#038;utm_content=Children\"  target=\"_self\" itemprop=\"url\">\n\t\t\t\t<img decoding=\"async\" src=\"https:\/\/211md.org\/wp-content\/uploads\/bb-plugin\/cache\/2025_211_Icon-Sets_Child-care-square-f3b0d4edab3dcc467fadb5f55f4064c6-.png\" alt=\"2025_211_Ansanm Ik\u00f2n_Swen Timoun\" itemprop=\"image\" height=\"417\" width=\"417\" title=\"2025_211_Ansanm Ik\u00f2n_Swen Timoun\" onerror=\"this.style.display='none'\" loading=\"lazy\" \/>\n\t\t\t\t<\/a>\n\t\t<h4><a href=\"\/ht\/resous-yo\/vyolans-familyal-domestik\/?utm_source=Home&#038;utm_medium=Referral&#038;utm_campaign=211Resources&#038;utm_content=Domestic\" target=\"_self\">Vyolans domestik<\/a><\/h4>\n\t\t\t\t<a href=\"\/ht\/resous-yo\/vyolans-familyal-domestik\/?utm_source=Home&#038;utm_medium=Referral&#038;utm_campaign=211Resources&#038;utm_content=Domestic\"  target=\"_self\" itemprop=\"url\">\n\t\t\t\t<img decoding=\"async\" src=\"https:\/\/211md.org\/wp-content\/uploads\/bb-plugin\/cache\/2025_211_Icon-Sets_Domestic-Violence-square-7b597694a6f05fe90cdc376aa573bc63-.png\" alt=\"Ik\u00f2n Vyolans Domestik\" itemprop=\"image\" height=\"417\" width=\"417\" title=\"2025_211_Ansanm Ik\u00f2n_Vyolans Domestik\" onerror=\"this.style.display='none'\" loading=\"lazy\" \/>\n\t\t\t\t<\/a>\n\t\t<h4><a href=\"\/ht\/resous-yo\/rechech-travay\/?utm_source=Home&#038;utm_medium=Referral&#038;utm_campaign=211Resources&#038;utm_content=Employment\" target=\"_self\">Travay<\/a><\/h4>\n\t\t\t\t<a href=\"\/ht\/resous-yo\/rechech-travay\/?utm_source=Home&#038;utm_medium=Referral&#038;utm_campaign=211Resources&#038;utm_content=Employment\"  target=\"_self\" itemprop=\"url\">\n\t\t\t\t<img decoding=\"async\" src=\"https:\/\/211md.org\/wp-content\/uploads\/bb-plugin\/cache\/2025_MdInfoNet_Icon-Sets_Employment-square-44707bd410e4df10a470bf130ebcea86-.png\" alt=\"\" itemprop=\"image\" onerror=\"this.style.display='none'\" loading=\"lazy\" \/>\n\t\t\t\t<\/a>\n\t\t<h4><a href=\"\/ht\/resous-yo\/swen-sante\/?utm_source=Home&#038;utm_medium=Referral&#038;utm_campaign=211Resources&#038;utm_content=Health%20Care\" target=\"_self\">Swen Sante<\/a><\/h4>\n\t\t\t\t<a href=\"\/ht\/resous-yo\/swen-sante\/?utm_source=Home&#038;utm_medium=Referral&#038;utm_campaign=211Resources&#038;utm_content=Health%20Care\"  target=\"_self\" itemprop=\"url\">\n\t\t\t\t<img decoding=\"async\" src=\"https:\/\/211md.org\/wp-content\/uploads\/bb-plugin\/cache\/2025_MdInfoNet_Icon-Sets_Health-Care-square-dee98a0060cbe0e7f27eda253fc12679-.png\" alt=\"\" itemprop=\"image\" onerror=\"this.style.display='none'\" loading=\"lazy\" \/>\n\t\t\t\t<\/a>\n\t\t<h4><a href=\"\/ht\/resous-yo\/timoun-fanmi-yo\/swen-fanmi\/?utm_source=Home&#038;utm_medium=Referral&#038;utm_campaign=211Resources&#038;utm_content=Kinship\" target=\"_self\">Parente<\/a><\/h4>\n\t\t\t\t<a href=\"\/ht\/resous-yo\/timoun-fanmi-yo\/swen-fanmi\/?utm_source=Home&#038;utm_medium=Referral&#038;utm_campaign=211Resources&#038;utm_content=Kinship\"  target=\"_self\" itemprop=\"url\">\n\t\t\t\t<img decoding=\"async\" src=\"https:\/\/211md.org\/wp-content\/uploads\/bb-plugin\/cache\/2025_211_Icon-Sets_Kinship-square-45bdf872866f5735f842c32071109267-.png\" alt=\"Ik\u00f2n fanmi\" itemprop=\"image\" height=\"417\" width=\"417\" title=\"2025_211_Ansanm Ik\u00f2n_Fanmitay\" onerror=\"this.style.display='none'\" loading=\"lazy\" \/>\n\t\t\t\t<\/a>\n\t\t<h4><a href=\"\/ht\/resous-yo\/sevis-legal-yo\/?utm_source=Home&#038;utm_medium=Referral&#038;utm_campaign=211Resources&#038;utm_content=Legal\" target=\"_self\">S\u00e8vis Legal<\/a><\/h4>\n\t\t\t\t<a href=\"\/ht\/resous-yo\/sevis-legal-yo\/?utm_source=Home&#038;utm_medium=Referral&#038;utm_campaign=211Resources&#038;utm_content=Legal\"  target=\"_self\" itemprop=\"url\">\n\t\t\t\t<img decoding=\"async\" src=\"https:\/\/211md.org\/wp-content\/uploads\/bb-plugin\/cache\/2025_MdInfoNet_Icon-Sets_Legal-square-18fdf438feb8435588174d9046463257-.png\" alt=\"\" itemprop=\"image\" onerror=\"this.style.display='none'\" loading=\"lazy\" \/>\n\t\t\t\t<\/a>\n\t\t<h4><a href=\"\/ht\/resous-yo\/sante-mantal\/?utm_source=Home&#038;utm_medium=Referral&#038;utm_campaign=211Resources&#038;utm_content=Mental\" target=\"_self\">Sante mantal<\/a><\/h4>\n\t\t\t\t<a href=\"\/ht\/resous-yo\/sante-mantal\/?utm_source=Home&#038;utm_medium=Referral&#038;utm_campaign=211Resources&#038;utm_content=Mental\"  target=\"_self\" itemprop=\"url\">\n\t\t\t\t<img decoding=\"async\" src=\"https:\/\/211md.org\/wp-content\/uploads\/bb-plugin\/cache\/2025_MdInfoNet_Icon-Sets_Mental-Health-square-c59b38c4a993a947d4c9280fbe2d2fee-.png\" alt=\"\" itemprop=\"image\" onerror=\"this.style.display='none'\" loading=\"lazy\" \/>\n\t\t\t\t<\/a>\n\t\t<h4><a href=\"\/ht\/resous-yo\/mdreentry\/?utm_source=Home&#038;utm_medium=Referral&#038;utm_campaign=211Resources&#038;utm_content=Reentry\" target=\"_self\">Reantre<\/a><\/h4>\n\t\t\t\t<a href=\"\/ht\/resous-yo\/mdreentry\/?utm_source=Home&#038;utm_medium=Referral&#038;utm_campaign=211Resources&#038;utm_content=Reentry\"  target=\"_self\" itemprop=\"url\">\n\t\t\t\t<img decoding=\"async\" src=\"https:\/\/211md.org\/wp-content\/uploads\/bb-plugin\/cache\/2025_211_Icon-Sets_Reentry-square-8676fea38abd920a832f45642fe31cca-.png\" alt=\"Ik\u00f2n Reantre\" itemprop=\"image\" height=\"417\" width=\"417\" title=\"2025_211_Ansanm Ik\u00f2n_Reantre\" onerror=\"this.style.display='none'\" loading=\"lazy\" \/>\n\t\t\t\t<\/a>\n\t\t<h4><a href=\"\/ht\/resous-yo\/itilizasyon-sibstans\/?utm_source=Home&#038;utm_medium=Referral&#038;utm_campaign=211Resources&#038;utm_content=Substance\" target=\"_self\">Itilizasyon sibstans<\/a><\/h4>\n\t\t\t\t<a href=\"\/ht\/resous-yo\/itilizasyon-sibstans\/?utm_source=Home&#038;utm_medium=Referral&#038;utm_campaign=211Resources&#038;utm_content=Substance\"  target=\"_self\" itemprop=\"url\">\n\t\t\t\t<img decoding=\"async\" src=\"https:\/\/211md.org\/wp-content\/uploads\/bb-plugin\/cache\/2025_MdInfoNet_Icon-Sets_Substance-Abuse-square-9022fec9d18a64118ad685c101885b55-.png\" alt=\"\" itemprop=\"image\" onerror=\"this.style.display='none'\" loading=\"lazy\" \/>\n\t\t\t\t<\/a>\n\t\t<h4><a href=\"\/ht\/resous-yo\/veteran-yo\/?utm_source=Home&#038;utm_medium=Referral&#038;utm_campaign=211Resources&#038;utm_content=Veterans\" target=\"_self\">Veteran yo<\/a><\/h4>\n\t\t\t\t<a href=\"\/ht\/resous-yo\/veteran-yo\/?utm_source=Home&#038;utm_medium=Referral&#038;utm_campaign=211Resources&#038;utm_content=Veterans\"  target=\"_self\" itemprop=\"url\">\n\t\t\t\t<img decoding=\"async\" src=\"https:\/\/211md.org\/wp-content\/uploads\/bb-plugin\/cache\/2025_MdInfoNet_Icon-Sets_Rating-square-6e60d00cce4faa8e0a6d4ad7366aa733-.png\" alt=\"\" itemprop=\"image\" onerror=\"this.style.display='none'\" loading=\"lazy\" \/>\n\t\t\t\t<\/a>","protected":false},"excerpt":{"rendered":"<p>211 is always available to support Prince George&#8217;s County residents. We have resources near you, no matter where you live: Hyattsville, Forestville, District Heights, Bowie, Laurel and other communities in Prince George&#8217;s County. Dial 211 any time of day and an Information and Referral Specialist can connect you to resources near you. You can also&hellip;<\/p>","protected":false},"author":8,"featured_media":3897,"parent":750,"menu_order":0,"comment_status":"closed","ping_status":"closed","template":"","meta":{"footnotes":""},"class_list":["post-1695","page","type-page","status-publish","has-post-thumbnail","hentry"],"_links":{"self":[{"href":"https:\/\/211md.org\/ht\/wp-json\/wp\/v2\/pages\/1695","targetHints":{"allow":["GET"]}}],"collection":[{"href":"https:\/\/211md.org\/ht\/wp-json\/wp\/v2\/pages"}],"about":[{"href":"https:\/\/211md.org\/ht\/wp-json\/wp\/v2\/types\/page"}],"author":[{"embeddable":true,"href":"https:\/\/211md.org\/ht\/wp-json\/wp\/v2\/users\/8"}],"replies":[{"embeddable":true,"href":"https:\/\/211md.org\/ht\/wp-json\/wp\/v2\/comments?post=1695"}],"version-history":[{"count":11,"href":"https:\/\/211md.org\/ht\/wp-json\/wp\/v2\/pages\/1695\/revisions"}],"predecessor-version":[{"id":34087,"href":"https:\/\/211md.org\/ht\/wp-json\/wp\/v2\/pages\/1695\/revisions\/34087"}],"up":[{"embeddable":true,"href":"https:\/\/211md.org\/ht\/wp-json\/wp\/v2\/pages\/750"}],"wp:featuredmedia":[{"embeddable":true,"href":"https:\/\/211md.org\/ht\/wp-json\/wp\/v2\/media\/3897"}],"wp:attachment":[{"href":"https:\/\/211md.org\/ht\/wp-json\/wp\/v2\/media?parent=1695"}],"curies":[{"name":"wp","href":"https:\/\/api.w.org\/{rel}","templated":true}]}}