{"id":1697,"date":"2021-05-12T00:24:44","date_gmt":"2021-05-12T00:24:44","guid":{"rendered":"https:\/\/211md.org\/?page_id=1697"},"modified":"2026-01-08T09:09:33","modified_gmt":"2026-01-08T14:09:33","slug":"howard-county","status":"publish","type":"page","link":"https:\/\/211md.org\/ht\/resources-by-county\/howard-county\/","title":{"rendered":"Konte Howard"},"content":{"rendered":"<img decoding=\"async\" src=\"https:\/\/stg-maryland211-staging.kinsta.cloud\/wp-content\/uploads\/2025\/08\/5-1-scaled.png\" alt=\"5\" itemprop=\"image\" height=\"692\" width=\"2560\" title=\"5\" onerror=\"this.style.display='none'\" loading=\"lazy\" \/>\n\t\t<p>211 has you covered whether you live in Columbia, North Laurel, Elkridge, Fulton, Savage, Ellicott City, Woodlawn, Catonsville, MacGills, Clarksville, or another area of Howard County. Find top community resources for Howard County.<\/p>\n\t\t\t<a href=\"#start\" target=\"_self\">\n\t\t\t\t\t\tK\u00f2manse\n\t\t\t\t\t<\/a>\n\t\t\t\t<img decoding=\"async\" src=\"https:\/\/211md.org\/wp-content\/plugins\/bb-plugin\/img\/pixel.png\" alt=\"\" itemprop=\"image\" onerror=\"this.style.display='none'\" loading=\"lazy\" \/>\n\t\t\t\t<img decoding=\"async\" src=\"https:\/\/stg-maryland211-staging.kinsta.cloud\/wp-content\/uploads\/2025\/08\/16.png\" alt=\"16\" itemprop=\"image\" height=\"1000\" width=\"1000\" title=\"16\" onerror=\"this.style.display='none'\" loading=\"lazy\" \/>\n\t<iframe src=\"https:\/\/www.google.com\/maps\/embed\/v1\/place?q=9385+Gerwig+Lane%2C+Suite+J+%0AColumbia%2C+Maryland+21046&#038;key=AIzaSyD09zQ9PNDNNy9TadMuzRV_UsPUoWKntt8\" aria-hidden=\"true\" title=\"Howard County Food Bank\"><\/iframe>\n\t<h2><b>Howard County Food Bank<\/b><\/h2>\n<p>Do you need food? The Howard County Food Bank located at 9385 Gerwig Lane, Suite J in Columbia, Maryland offers a grocery store layout where eligible individuals and families can choose the foods they&#8217;d like.<\/p>\n<p>Selection includes:<\/p>\n<ul>\n<li>fresh produce<\/li>\n<li>dairy<\/li>\n<li>breads<\/li>\n<li>baked goods<\/li>\n<li>frozen meat<\/li>\n<li>boxed food<\/li>\n<li>kouch\u00e8t<\/li>\n<li>wipes<\/li>\n<li>manje tibebe<\/li>\n<li>formula<\/li>\n<\/ul>\n<p>Shopping hours are Tuesday through Saturday. Walk-ins are welcome during the week, and it&#8217;s by appointment only on Saturday. Hours vary, so <a href=\"https:\/\/cac-hc.org\/food-assistance\/\" target=\"_blank\" rel=\"noopener\">tcheke fwa yo<\/a> pou chak jou.<\/p>\n<p>Ou ka achte de fwa pa mwa, men ou dwe bay dokiman pou ranpli kondisyon kalifikasyon anvan ou ka resevwa \u00e8d Bank Manje. Ou ka aprann sou kondisyon elijiblite ak <a href=\"https:\/\/cac-hc.org\/food-assistance\/\" target=\"_blank\" rel=\"noopener\">aplike isit la<\/a>.<\/p>\n<h3>L\u00f2t Resous Manje<\/h3>\n<p>To find other food pantries and resources in Howard County, dial 211 or search our database.<\/p>\n<p>You can also use the <a href=\"https:\/\/www.hclhic.org\/foodmap\" target=\"_blank\" rel=\"noopener\">Kat Koneksyon Manje Konte Howard<\/a>, which includes transportation routes.<\/p>\n<p>&nbsp;<\/p>\n<p>&nbsp;<\/p>\n\t<h2>Resous Manje Popil\u00e8<\/h2>\n<p>Ch\u00e8che nan Baz Done Resous Kominot\u00e8 a pou jwenn \u00f2ganizasyon ki tou pre ki ka ede ak manje. Sa yo se rech\u00e8ch komen pou k\u00f2manse. Klike sou bouton ki anba a ki koresponn ak bezwen an, epi sou paj rezilta a antre yon k\u00f2d postal pou jwenn kote ki tou pre yo.<\/p>\n\t\t\t<a href=\"https:\/\/search.211md.org\/search?query=BD-1800.2250&#038;query_label=Food+vouchers&#038;query_type=taxonomy&#038;utm_source=211&#038;utm_medium=Referral&#038;utm_campaign=Foodlink&#038;utm_content=Food%20Vouchers\" target=\"_blank\" rel=\"noopener\">\n\t\t\t\t\t\tBon manje\n\t\t\t\t\t<\/a>\n\t\t\t<a href=\"https:\/\/search.211md.org\/search?query=Food+Banks+%26+Pantries&#038;query_label=Food+Banks+%26+Pantries&#038;query_type=taxonomy\" target=\"_blank\" rel=\"noopener\">\n\t\t\t\t\t\tBank Manje\n\t\t\t\t\t<\/a>\n\t\t\t<a href=\"https:\/\/search.211md.org\/search?query=BD-1800.2250&#038;query_type=taxonomy&#038;query_label=&#038;utm_source=&#038;utm_medium=Referral&#038;utm_campaign=Foodlink&#038;utm_content=Fresh%20Food\" target=\"_blank\" rel=\"noopener\">\n\t\t\t\t\t\tManje fre\n\t\t\t\t\t<\/a>\n\t\t\t<a href=\"https:\/\/search.211md.org\/search?query=BD-1800.8200-250&#038;query_label=Formula%2FBaby+Food&#038;query_type=taxonomy&#038;utm_source=&#038;utm_medium=Referral&#038;utm_campaign=Foodlink&#038;utm_content=Baby%20Formula\" target=\"_blank\" rel=\"noopener\">\n\t\t\t\t\t\tF\u00f2mil \/ Manje Ti bebe\n\t\t\t\t\t<\/a>\n\t\t\t<a href=\"https:\/\/search.211md.org\/search?query=BD-2400.2590&#038;query_type=taxonomy&#038;query_label=&#038;utm_source=&#038;utm_medium=Referral&#038;utm_campaign=Foodlink&#038;utm_content=Grocery%20Delivery\" target=\"_blank\" rel=\"noopener\">\n\t\t\t\t\t\tLivrezon mak\u00e8t\n\t\t\t\t\t<\/a>\n\t\t\t<a href=\"https:\/\/search.211md.org\/search?query=food+pantry&#038;query_label=food+pantry&#038;query_type=text\" target=\"_blank\" rel=\"noopener\">\n\t\t\t\t\t\tPantry Manje\n\t\t\t\t\t<\/a>\n<h2>Howard County Lojman<\/h2>\n<p>Si ou bezwen \u00e8d ak lojman, la <a href=\"https:\/\/cac-hc.org\/housing-assistance\/\" target=\"_blank\" rel=\"noopener\">Kons\u00e8y Aksyon Kominot\u00e8 (CAC) nan Konte Howard<\/a> bay sibvansyon pou:<\/p>\n<ul>\n<li>anpeche deg\u00e8pisman<\/li>\n<li>\u00e8d pou peye premye mwa lwaye a oswa yon mwa anreta<\/li>\n<li>l\u00f2t bezwen lojman ijans<\/li>\n<\/ul>\n<p>Finansman limite anpil, kidonk ou dwe ranpli tout kondisyon pwogram yo. Ou kapab <a href=\"https:\/\/cac-hc.org\/housing-assistance\/\" target=\"_blank\" rel=\"noopener\">reponn yon seri kesyon<\/a> pou w\u00e8 si ou ka elijib. Ak\u00f2z lajan limite, ou bezwen voye tout dokiman espesifik pwogram yo pou k\u00f2manse pwosesis la.<\/p>\n<h3>Laurel Day Center<\/h3>\n<p>Pandan ke yo pa nan Konte Howard, rezidan yo elijib pou jwenn aks\u00e8 nan s\u00e8vis nan <a href=\"https:\/\/laurelmsc.org\/\" target=\"_blank\" rel=\"noopener\">City of Laurel Multiservice Center<\/a>Gen yon Sant pou Lajounen ki bay moun bezwen debaz pou anpeche yo vin sanzabri epi sip\u00f2te moun k ap chanje lavi yo. Douch, founiti ijy\u00e8n, rad ak manje disponib ansanm ak koneksyon ak l\u00f2t resous kominot\u00e8 yo.<\/p>\n<p>&nbsp;<\/p>\n<h2><b>B\u00f2dwo s\u00e8vis piblik<\/b><\/h2>\n<p>Si b\u00f2dwo s\u00e8vis piblik ou a anreta, ou ka kalifye pou asistans s\u00e8vis piblik nan men Office of Home Energy Programs (OHEP). <a href=\"https:\/\/211md.org\/ht\/resous-yo\/asistans-sevis-piblik\/\">Aprann<\/a> sou direktiv revni, ki kalite sibvansyon asistans s\u00e8vis piblik ki disponib pou rezidan Howard County, ak fason pou ranpli aplikasyon an.<\/p>\n<p>Si w bezwen \u00e8d ak aplikasyon an, ou kapab <a href=\"https:\/\/cac-hc.org\/energy-assistance\/\" target=\"_blank\" rel=\"noopener\">kontakte Kons\u00e8y Aksyon Kominot\u00e8 a<\/a> nan Columbia.<\/p>\n<p>&nbsp;<\/p>\n<h2><b>Sante mantal<\/b><\/h2>\n<p>Gen plizy\u00e8 \u00f2ganizasyon nan Konte Howard ki ofri \u00e8d sante mantal, tankou <strong><a href=\"https:\/\/grassrootscrisis.org\/services\/crisis-intervention\/\" target=\"_blank\" rel=\"noopener\">Ent\u00e8vansyon nan kriz de baz<\/a><\/strong><strong>.<\/strong> Yo gen yon pwogram kons\u00e8y gratis pou nenp\u00f2t moun ki bezwen sip\u00f2 imedya oswa ent\u00e8vansyon nan kriz pou sante mantal, p\u00e8son\u00e8l, sitiyasyon oswa yon kriz familyal.<\/p>\n<p>Yo menm tou yo f\u00e8 t\u00e8s depistaj pou maladi itilizasyon sibstans nan lokal Columbia Grassroots.<\/p>\n<p>Ou ka toujou kontakte yon konseye kriz tou l\u00e8 w rele oswa voye t\u00e8ks 988.<\/p>\n<p>Si w bezwen yon founis\u00e8 sante konp\u00f2tmantal, <a href=\"https:\/\/search.988.mdinfonet.org\/\" target=\"_blank\" rel=\"noopener\">ch\u00e8che yon founis\u00e8<\/a>.<\/p>\n<p>&nbsp;<\/p>\n\t\t<h4><a href=\"\/ht\/resous-yo\/aje-andikap\/?utm_source=Home&#038;utm_medium=Referral&#038;utm_campaign=211Resources&#038;utm_content=Aging\" target=\"_self\">Aje ak Andikap<\/a><\/h4>\n\t\t\t\t<a href=\"\/ht\/resous-yo\/aje-andikap\/?utm_source=Home&#038;utm_medium=Referral&#038;utm_campaign=211Resources&#038;utm_content=Aging\"  target=\"_self\" itemprop=\"url\">\n\t\t\t\t<img decoding=\"async\" src=\"https:\/\/211md.org\/wp-content\/uploads\/bb-plugin\/cache\/2025_MdInfoNet_Icon-Sets_Aging-disability-square-c466727102cae71e5f27b8539bb51945-.png\" alt=\"\" itemprop=\"image\" onerror=\"this.style.display='none'\" loading=\"lazy\" \/>\n\t\t\t\t<\/a>\n\t\t<h4><a href=\"\/ht\/resous-yo\/timoun-fanmi-yo\/?utm_source=Home&#038;utm_medium=Referral&#038;utm_campaign=211Resources&#038;utm_content=Children\" target=\"_self\">Timoun ak Fanmi<\/a><\/h4>\n\t\t\t\t<a href=\"\/ht\/resous-yo\/timoun-fanmi-yo\/?utm_source=Home&#038;utm_medium=Referral&#038;utm_campaign=211Resources&#038;utm_content=Children\"  target=\"_self\" itemprop=\"url\">\n\t\t\t\t<img decoding=\"async\" src=\"https:\/\/211md.org\/wp-content\/uploads\/bb-plugin\/cache\/2025_211_Icon-Sets_Child-care-square-f3b0d4edab3dcc467fadb5f55f4064c6-.png\" alt=\"parent and child icon for child care\" itemprop=\"image\" height=\"417\" width=\"417\" title=\"2025_211_Ansanm Ik\u00f2n_Swen Timoun\" onerror=\"this.style.display='none'\" loading=\"lazy\" \/>\n\t\t\t\t<\/a>\n\t\t<h4><a href=\"\/ht\/resous-yo\/vyolans-familyal-domestik\/?utm_source=Home&#038;utm_medium=Referral&#038;utm_campaign=211Resources&#038;utm_content=Domestic\" target=\"_self\">Vyolans domestik<\/a><\/h4>\n\t\t\t\t<a href=\"\/ht\/resous-yo\/vyolans-familyal-domestik\/?utm_source=Home&#038;utm_medium=Referral&#038;utm_campaign=211Resources&#038;utm_content=Domestic\"  target=\"_self\" itemprop=\"url\">\n\t\t\t\t<img decoding=\"async\" src=\"https:\/\/211md.org\/wp-content\/uploads\/bb-plugin\/cache\/2025_211_Icon-Sets_Domestic-Violence-square-7b597694a6f05fe90cdc376aa573bc63-.png\" alt=\"House with a heart in the middle icon\" itemprop=\"image\" height=\"417\" width=\"417\" title=\"2025_211_Ansanm Ik\u00f2n_Vyolans Domestik\" onerror=\"this.style.display='none'\" loading=\"lazy\" \/>\n\t\t\t\t<\/a>\n\t\t<h4><a href=\"\/ht\/resous-yo\/rechech-travay\/?utm_source=Home&#038;utm_medium=Referral&#038;utm_campaign=211Resources&#038;utm_content=Employment\" target=\"_self\">Travay<\/a><\/h4>\n\t\t\t\t<a href=\"\/ht\/resous-yo\/rechech-travay\/?utm_source=Home&#038;utm_medium=Referral&#038;utm_campaign=211Resources&#038;utm_content=Employment\"  target=\"_self\" itemprop=\"url\">\n\t\t\t\t<img decoding=\"async\" src=\"https:\/\/211md.org\/wp-content\/uploads\/bb-plugin\/cache\/2025_MdInfoNet_Icon-Sets_Employment-square-44707bd410e4df10a470bf130ebcea86-.png\" alt=\"\" itemprop=\"image\" onerror=\"this.style.display='none'\" loading=\"lazy\" \/>\n\t\t\t\t<\/a>\n\t\t<h4><a href=\"\/ht\/resous-yo\/swen-sante\/?utm_source=Home&#038;utm_medium=Referral&#038;utm_campaign=211Resources&#038;utm_content=Health%20Care\" target=\"_self\">Swen Sante<\/a><\/h4>\n\t\t\t\t<a href=\"\/ht\/resous-yo\/swen-sante\/?utm_source=Home&#038;utm_medium=Referral&#038;utm_campaign=211Resources&#038;utm_content=Health%20Care\"  target=\"_self\" itemprop=\"url\">\n\t\t\t\t<img decoding=\"async\" src=\"https:\/\/211md.org\/wp-content\/uploads\/bb-plugin\/cache\/2025_MdInfoNet_Icon-Sets_Health-Care-square-dee98a0060cbe0e7f27eda253fc12679-.png\" alt=\"\" itemprop=\"image\" onerror=\"this.style.display='none'\" loading=\"lazy\" \/>\n\t\t\t\t<\/a>\n\t\t<h4><a href=\"\/ht\/resous-yo\/timoun-fanmi-yo\/swen-fanmi\/?utm_source=Home&#038;utm_medium=Referral&#038;utm_campaign=211Resources&#038;utm_content=Kinship\" target=\"_self\">Parente<\/a><\/h4>\n\t\t\t\t<a href=\"\/ht\/resous-yo\/timoun-fanmi-yo\/swen-fanmi\/?utm_source=Home&#038;utm_medium=Referral&#038;utm_campaign=211Resources&#038;utm_content=Kinship\"  target=\"_self\" itemprop=\"url\">\n\t\t\t\t<img decoding=\"async\" src=\"https:\/\/211md.org\/wp-content\/uploads\/bb-plugin\/cache\/2025_211_Icon-Sets_Kinship-square-45bdf872866f5735f842c32071109267-.png\" alt=\"Ik\u00f2n fanmi\" itemprop=\"image\" height=\"417\" width=\"417\" title=\"2025_211_Ansanm Ik\u00f2n_Fanmitay\" onerror=\"this.style.display='none'\" loading=\"lazy\" \/>\n\t\t\t\t<\/a>\n\t\t<h4><a href=\"\/ht\/resous-yo\/sevis-legal-yo\/?utm_source=Home&#038;utm_medium=Referral&#038;utm_campaign=211Resources&#038;utm_content=Legal\" target=\"_self\">S\u00e8vis Legal<\/a><\/h4>\n\t\t\t\t<a href=\"\/ht\/resous-yo\/sevis-legal-yo\/?utm_source=Home&#038;utm_medium=Referral&#038;utm_campaign=211Resources&#038;utm_content=Legal\"  target=\"_self\" itemprop=\"url\">\n\t\t\t\t<img decoding=\"async\" src=\"https:\/\/211md.org\/wp-content\/uploads\/bb-plugin\/cache\/2025_MdInfoNet_Icon-Sets_Legal-square-18fdf438feb8435588174d9046463257-.png\" alt=\"\" itemprop=\"image\" onerror=\"this.style.display='none'\" loading=\"lazy\" \/>\n\t\t\t\t<\/a>\n\t\t<h4><a href=\"\/ht\/resous-yo\/sante-mantal\/?utm_source=Home&#038;utm_medium=Referral&#038;utm_campaign=211Resources&#038;utm_content=Mental\" target=\"_self\">Sante mantal<\/a><\/h4>\n\t\t\t\t<a href=\"\/ht\/resous-yo\/sante-mantal\/?utm_source=Home&#038;utm_medium=Referral&#038;utm_campaign=211Resources&#038;utm_content=Mental\"  target=\"_self\" itemprop=\"url\">\n\t\t\t\t<img decoding=\"async\" src=\"https:\/\/211md.org\/wp-content\/uploads\/bb-plugin\/cache\/2025_MdInfoNet_Icon-Sets_Mental-Health-square-c59b38c4a993a947d4c9280fbe2d2fee-.png\" alt=\"\" itemprop=\"image\" onerror=\"this.style.display='none'\" loading=\"lazy\" \/>\n\t\t\t\t<\/a>\n\t\t<h4><a href=\"\/ht\/resous-yo\/mdreentry\/?utm_source=Home&#038;utm_medium=Referral&#038;utm_campaign=211Resources&#038;utm_content=Reentry\" target=\"_self\">Reantre<\/a><\/h4>\n\t\t\t\t<a href=\"\/ht\/resous-yo\/mdreentry\/?utm_source=Home&#038;utm_medium=Referral&#038;utm_campaign=211Resources&#038;utm_content=Reentry\"  target=\"_self\" itemprop=\"url\">\n\t\t\t\t<img decoding=\"async\" src=\"https:\/\/211md.org\/wp-content\/uploads\/bb-plugin\/cache\/2025_211_Icon-Sets_Reentry-square-8676fea38abd920a832f45642fe31cca-.png\" alt=\"Ik\u00f2n Reantre\" itemprop=\"image\" height=\"417\" width=\"417\" title=\"2025_211_Ansanm Ik\u00f2n_Reantre\" onerror=\"this.style.display='none'\" loading=\"lazy\" \/>\n\t\t\t\t<\/a>\n\t\t<h4><a href=\"\/ht\/resous-yo\/itilizasyon-sibstans\/?utm_source=Home&#038;utm_medium=Referral&#038;utm_campaign=211Resources&#038;utm_content=Substance\" target=\"_self\">Itilizasyon sibstans<\/a><\/h4>\n\t\t\t\t<a href=\"\/ht\/resous-yo\/itilizasyon-sibstans\/?utm_source=Home&#038;utm_medium=Referral&#038;utm_campaign=211Resources&#038;utm_content=Substance\"  target=\"_self\" itemprop=\"url\">\n\t\t\t\t<img decoding=\"async\" src=\"https:\/\/211md.org\/wp-content\/uploads\/bb-plugin\/cache\/2025_MdInfoNet_Icon-Sets_Substance-Abuse-square-9022fec9d18a64118ad685c101885b55-.png\" alt=\"\" itemprop=\"image\" onerror=\"this.style.display='none'\" loading=\"lazy\" \/>\n\t\t\t\t<\/a>\n\t\t<h4><a href=\"\/ht\/resous-yo\/veteran-yo\/?utm_source=Home&#038;utm_medium=Referral&#038;utm_campaign=211Resources&#038;utm_content=Veterans\" target=\"_self\">Veteran yo<\/a><\/h4>\n\t\t\t\t<a href=\"\/ht\/resous-yo\/veteran-yo\/?utm_source=Home&#038;utm_medium=Referral&#038;utm_campaign=211Resources&#038;utm_content=Veterans\"  target=\"_self\" itemprop=\"url\">\n\t\t\t\t<img decoding=\"async\" src=\"https:\/\/211md.org\/wp-content\/uploads\/bb-plugin\/cache\/2025_MdInfoNet_Icon-Sets_Rating-square-6e60d00cce4faa8e0a6d4ad7366aa733-.png\" alt=\"\" itemprop=\"image\" onerror=\"this.style.display='none'\" loading=\"lazy\" \/>\n\t\t\t\t<\/a>","protected":false},"excerpt":{"rendered":"<p>211 has you covered whether you live in Columbia, North Laurel, Elkridge, Fulton, Savage, Ellicott City, Woodlawn, Catonsville, MacGills, Clarksville, or another area of Howard County. Find top community resources for Howard County. Get Started Howard County Food Bank Do you need food? The Howard County Food Bank located at 9385 Gerwig Lane, Suite J&hellip;<\/p>","protected":false},"author":8,"featured_media":0,"parent":750,"menu_order":0,"comment_status":"closed","ping_status":"closed","template":"","meta":{"footnotes":""},"class_list":["post-1697","page","type-page","status-publish","hentry"],"_links":{"self":[{"href":"https:\/\/211md.org\/ht\/wp-json\/wp\/v2\/pages\/1697","targetHints":{"allow":["GET"]}}],"collection":[{"href":"https:\/\/211md.org\/ht\/wp-json\/wp\/v2\/pages"}],"about":[{"href":"https:\/\/211md.org\/ht\/wp-json\/wp\/v2\/types\/page"}],"author":[{"embeddable":true,"href":"https:\/\/211md.org\/ht\/wp-json\/wp\/v2\/users\/8"}],"replies":[{"embeddable":true,"href":"https:\/\/211md.org\/ht\/wp-json\/wp\/v2\/comments?post=1697"}],"version-history":[{"count":5,"href":"https:\/\/211md.org\/ht\/wp-json\/wp\/v2\/pages\/1697\/revisions"}],"predecessor-version":[{"id":34183,"href":"https:\/\/211md.org\/ht\/wp-json\/wp\/v2\/pages\/1697\/revisions\/34183"}],"up":[{"embeddable":true,"href":"https:\/\/211md.org\/ht\/wp-json\/wp\/v2\/pages\/750"}],"wp:attachment":[{"href":"https:\/\/211md.org\/ht\/wp-json\/wp\/v2\/media?parent=1697"}],"curies":[{"name":"wp","href":"https:\/\/api.w.org\/{rel}","templated":true}]}}