{"id":1698,"date":"2021-05-12T00:24:53","date_gmt":"2021-05-12T00:24:53","guid":{"rendered":"https:\/\/211md.org\/?page_id=1698"},"modified":"2025-10-29T06:59:26","modified_gmt":"2025-10-29T10:59:26","slug":"konte-cecil","status":"publish","type":"page","link":"https:\/\/211md.org\/ht\/resources-by-county\/cecil-county\/","title":{"rendered":"Konte Cecil"},"content":{"rendered":"<h2><a href=\"https:\/\/search.211md.org\/\" target=\"_blank\"  rel=\"noopener\">Jwenn Resous Toupre Mwen<\/a><\/h2>\n\t\t\t<a href=\"https:\/\/search.211md.org\/\" target=\"_blank\" rel=\"noopener\">\n\t\t\t\t\t\t\tCh\u00e8che Kounye a\n\t\t\t<\/a>\n\t<p><strong><a href=\"\/ht\/rantre-nan-baz-done-nou-an\/\">Ajoute ajans ou oswa \u00f2ganizasyon w nan baz done resous nou an.<\/a><\/strong><\/p>\n\t<p>\u00c8ske w ap ch\u00e8che \u00e8d pou peye b\u00f2dwo w yo? 211 ka ede w jwenn resous nan Cecil County pou s\u00e8vis piblik, manje, lojman ak plis ank\u00f2.<\/p>\n<p>Ou ka jwenn \u00e8d pa:<\/p>\n<ol>\n<li><a href=\"https:\/\/search.211md.org\/\" target=\"_blank\" rel=\"noopener\">Ch\u00e8che baz done 211 la<\/a>.<\/li>\n<li>Rele yon ajans ki nan lis anba a.<\/li>\n<li>Rele 211 pou pale ak yon Espesyalis Enf\u00f2masyon ak Referans ki ka jwenn pi bon resous pou sitiyasyon w lan.<\/li>\n<\/ol>\n<p>211 ofri \u00e8d 24\/7\/365.<\/p>\n\t\t<h2>\t\n\tRele 211<\/h2><p>Jwenn konekte ak resous kominote a ak sip\u00f2 24\/7\/365.<\/p>\n<p>&nbsp;<\/p>\n<h2>Jwenn Manje<\/h2>\n<p>Si ou bezwen \u00e8d ak manje, la\u00a0<a href=\"https:\/\/search.211md.org\/search\/f1739f03a3f803f384052723112e26cc\" target=\"_blank\" rel=\"noopener\">Sensibilisation Immaculate Konsepsyon<\/a>\u00a0ka yon resous pou ou. 211 Espesyalis Enf\u00f2masyon ak Referans yo refere rezidan Cecil County yo nan gadmanje Elkton pou atik manje ki ka gate ak ki pa gate.<\/p>\n<p>Nan Elkton, la\u00a0<a href=\"https:\/\/www.cecilhelp4u.com\/Help-Center.html\" target=\"_blank\" rel=\"noopener\">Sant \u00c8d Cecil County<\/a>\u00a0ofri tou pwogram asistans ijans pou rezidan yo tankou manje ak rad. San bi likratif la f\u00e8 pati Divizyon S\u00e8vis Imen Depatman S\u00e8vis Kominot\u00e8 Cecil County.<\/p>\n<p>Yon ent\u00e8vyou ka neses\u00e8 pou asistans manje. Rele 410-996-0260 pou w jwenn Sant \u00c8d Cecil County a.<\/p>\n<p>&nbsp;<\/p>\n<h2>Sip\u00f2 pou Sante Mantal ak Move Sibstans<\/h2>\n<p>\u00c8ske w ap ch\u00e8che kons\u00e8y oswa tretman, sip\u00f2 rekiperasyon, dezentoksikasyon, dokt\u00e8 s\u00e8tifye Suboxone, sip\u00f2 veteran, rekiperasyon doul\u00e8, sip\u00f2 lapenn, oswa tretman dejwe?<\/p>\n<p>La\u00a0<a href=\"https:\/\/www.ccgov.org\/home\/showpublisheddocument?id=21957\" target=\"_blank\" rel=\"noopener\">Depatman Sante Cecil County Sant Rekiperasyon Alk\u00f2l ak Dw\u00f2g<\/a> (ADRC) gen yon gid konpl\u00e8 sou resous nan kominote a pou sip\u00f2te rekiperasyon w ak byenn\u00e8t ou. Ou ka jwenn founis\u00e8 pou sip\u00f2 sante mantal ak itilizasyon sibstans:<\/p>\n<ul>\n<li>kons\u00e8y<\/li>\n<li>tretman dejwe<\/li>\n<li>sip\u00f2 rekiperasyon<\/li>\n<li>dezentoksikasyon<\/li>\n<li>Sant Tretman Asistans Medikaman<\/li>\n<li>Founis\u00e8 Vivitrol<\/li>\n<li>Dokt\u00e8 s\u00e8tifye Suboxone<\/li>\n<li>sip\u00f2 veteran (dw\u00f2g ak alk\u00f2l)<\/li>\n<li>founis\u00e8 sante mantal<\/li>\n<li>rekiperasyon doul\u00e8<\/li>\n<li>sip\u00f2 chagren swisid<\/li>\n<\/ul>\n<p>La\u00a0<a href=\"https:\/\/cecilcountyhealth.org\/services\/behavioral-health\/addiction-services\/\" target=\"_blank\" rel=\"noopener\">Depatman Sante nan Konte Cecil<\/a> ofri tou edikasyon sou abi sibstans, evalyasyon, ent\u00e8vansyon ak tretman. S\u00e8vis sa yo disponib pou adolesan ak granmoun, ak fanmi yo.<\/p>\n<p>Ou kapab tou <a href=\"https:\/\/search.988.mdinfonet.org\/\" target=\"_blank\" rel=\"noopener\">f\u00e8 rech\u00e8ch nan baz done resous sante konp\u00f2tmantal ki pi konpl\u00e8 nan eta a<\/a>, ki mache ak Maryland Information Network.<\/p>\n<h3>Reekri Script ou a<\/h3>\n<p>Si w konnen yon moun ki soufri move itilizasyon opioid oswa w ap ch\u00e8che sip\u00f2 t\u00e8t ou,\u00a0<a href=\"https:\/\/www.rewriteyourscript.org\/\" target=\"_blank\" rel=\"noopener\">Reekri Script ou a<\/a>\u00a0ofri plizy\u00e8 resous pou tretman, rekiperasyon, enf\u00f2masyon repons pou surdozaj ak prevansyon nan Cecil County.<\/p>\n<p>Jwenn sant tretman ak rekiperasyon lokal ki ka ede mete oumenm oswa yon moun ou konnen sou yon chemen pou rekiperasyon.<\/p>\n<h3>MDHope<\/h3>\n<p>Ou ka jwenn resous, sip\u00f2 ak sit pou jete medikaman sou preskripsyon tou l\u00e8 w voye t\u00e8ks MDHope nan 898-211.<\/p>\n<p><em>211 Maryland ofri pwogram al\u00e8t mesaj t\u00e8ks ki bay enf\u00f2masyon sou resous espesifik rejyon yo oswa bay al\u00e8t pou katastw\u00f2f. T\u00e8ks STOP nan menm nimewo a pou dezab\u00f2ne. T\u00e8m konpl\u00e8 SMS nan <a href=\"https:\/\/211md.org\/ht\/sms\/\">https:\/\/211md.org\/sms\/<\/a> pral aplike tou.<\/em><\/p>\n<p><a href=\"\/ht\/sou\/mesaj-teks\/md-espwa\/\" rel=\"noopener\">MDHope<\/a>\u00a0se yon pwogram atrav\u00e8 211 Maryland ak Rx Abuse Leadership Initiative (RALI) nan Maryland.<\/p>\n<p>&nbsp;<\/p>\n<h3><b>Ch\u00e8che \u00e8d pa kategori<\/b><\/h3>\n<p>\u00c8ske w ap ch\u00e8che \u00e8d ak yon l\u00f2t sitiyasyon? <a href=\"\/ht\/resous-yo\/\">Ch\u00e8che baz done 211 la.<\/a><\/p>\n\t\t<h4><a href=\"\/ht\/resous-yo\/aje-andikap\/?utm_source=Home&#038;utm_medium=Referral&#038;utm_campaign=211Resources&#038;utm_content=Aging\" target=\"_self\">Aje ak Andikap<\/a><\/h4>\n\t\t\t\t<a href=\"\/ht\/resous-yo\/aje-andikap\/?utm_source=Home&#038;utm_medium=Referral&#038;utm_campaign=211Resources&#038;utm_content=Aging\"  target=\"_self\" itemprop=\"url\">\n\t\t\t\t<img decoding=\"async\" src=\"https:\/\/211md.org\/wp-content\/uploads\/bb-plugin\/cache\/2025_MdInfoNet_Icon-Sets_Aging-disability-square-c466727102cae71e5f27b8539bb51945-.png\" alt=\"\" itemprop=\"image\" onerror=\"this.style.display='none'\" loading=\"lazy\" \/>\n\t\t\t\t<\/a>\n\t\t<h4><a href=\"\/ht\/resous-yo\/timoun-fanmi-yo\/?utm_source=Home&#038;utm_medium=Referral&#038;utm_campaign=211Resources&#038;utm_content=Children\" target=\"_self\">Timoun ak Fanmi<\/a><\/h4>\n\t\t\t\t<a href=\"\/ht\/resous-yo\/timoun-fanmi-yo\/?utm_source=Home&#038;utm_medium=Referral&#038;utm_campaign=211Resources&#038;utm_content=Children\"  target=\"_self\" itemprop=\"url\">\n\t\t\t\t<img decoding=\"async\" src=\"https:\/\/211md.org\/wp-content\/uploads\/bb-plugin\/cache\/2025_211_Icon-Sets_Child-care-square-f3b0d4edab3dcc467fadb5f55f4064c6-.png\" alt=\"2025_211_Ansanm Ik\u00f2n_Swen Timoun\" itemprop=\"image\" height=\"417\" width=\"417\" title=\"2025_211_Ansanm Ik\u00f2n_Swen Timoun\" onerror=\"this.style.display='none'\" loading=\"lazy\" \/>\n\t\t\t\t<\/a>\n\t\t<h4><a href=\"\/ht\/resous-yo\/vyolans-familyal-domestik\/?utm_source=Home&#038;utm_medium=Referral&#038;utm_campaign=211Resources&#038;utm_content=Domestic\" target=\"_self\">Vyolans domestik<\/a><\/h4>\n\t\t\t\t<a href=\"\/ht\/resous-yo\/vyolans-familyal-domestik\/?utm_source=Home&#038;utm_medium=Referral&#038;utm_campaign=211Resources&#038;utm_content=Domestic\"  target=\"_self\" itemprop=\"url\">\n\t\t\t\t<img decoding=\"async\" src=\"https:\/\/211md.org\/wp-content\/uploads\/bb-plugin\/cache\/2025_211_Icon-Sets_Domestic-Violence-square-7b597694a6f05fe90cdc376aa573bc63-.png\" alt=\"Ik\u00f2n Vyolans Domestik\" itemprop=\"image\" height=\"417\" width=\"417\" title=\"2025_211_Ansanm Ik\u00f2n_Vyolans Domestik\" onerror=\"this.style.display='none'\" loading=\"lazy\" \/>\n\t\t\t\t<\/a>\n\t\t<h4><a href=\"\/ht\/resous-yo\/rechech-travay\/?utm_source=Home&#038;utm_medium=Referral&#038;utm_campaign=211Resources&#038;utm_content=Employment\" target=\"_self\">Travay<\/a><\/h4>\n\t\t\t\t<a href=\"\/ht\/resous-yo\/rechech-travay\/?utm_source=Home&#038;utm_medium=Referral&#038;utm_campaign=211Resources&#038;utm_content=Employment\"  target=\"_self\" itemprop=\"url\">\n\t\t\t\t<img decoding=\"async\" src=\"https:\/\/211md.org\/wp-content\/uploads\/bb-plugin\/cache\/2025_MdInfoNet_Icon-Sets_Employment-square-44707bd410e4df10a470bf130ebcea86-.png\" alt=\"\" itemprop=\"image\" onerror=\"this.style.display='none'\" loading=\"lazy\" \/>\n\t\t\t\t<\/a>\n\t\t<h4><a href=\"\/ht\/resous-yo\/swen-sante\/?utm_source=Home&#038;utm_medium=Referral&#038;utm_campaign=211Resources&#038;utm_content=Health%20Care\" target=\"_self\">Swen Sante<\/a><\/h4>\n\t\t\t\t<a href=\"\/ht\/resous-yo\/swen-sante\/?utm_source=Home&#038;utm_medium=Referral&#038;utm_campaign=211Resources&#038;utm_content=Health%20Care\"  target=\"_self\" itemprop=\"url\">\n\t\t\t\t<img decoding=\"async\" src=\"https:\/\/211md.org\/wp-content\/uploads\/bb-plugin\/cache\/2025_MdInfoNet_Icon-Sets_Health-Care-square-dee98a0060cbe0e7f27eda253fc12679-.png\" alt=\"\" itemprop=\"image\" onerror=\"this.style.display='none'\" loading=\"lazy\" \/>\n\t\t\t\t<\/a>\n\t\t<h4><a href=\"\/ht\/resous-yo\/timoun-fanmi-yo\/swen-fanmi\/?utm_source=Home&#038;utm_medium=Referral&#038;utm_campaign=211Resources&#038;utm_content=Kinship\" target=\"_self\">Parente<\/a><\/h4>\n\t\t\t\t<a href=\"\/ht\/resous-yo\/timoun-fanmi-yo\/swen-fanmi\/?utm_source=Home&#038;utm_medium=Referral&#038;utm_campaign=211Resources&#038;utm_content=Kinship\"  target=\"_self\" itemprop=\"url\">\n\t\t\t\t<img decoding=\"async\" src=\"https:\/\/211md.org\/wp-content\/uploads\/bb-plugin\/cache\/2025_211_Icon-Sets_Kinship-square-45bdf872866f5735f842c32071109267-.png\" alt=\"Ik\u00f2n fanmi\" itemprop=\"image\" height=\"417\" width=\"417\" title=\"2025_211_Ansanm Ik\u00f2n_Fanmitay\" onerror=\"this.style.display='none'\" loading=\"lazy\" \/>\n\t\t\t\t<\/a>\n\t\t<h4><a href=\"\/ht\/resous-yo\/sevis-legal-yo\/?utm_source=Home&#038;utm_medium=Referral&#038;utm_campaign=211Resources&#038;utm_content=Legal\" target=\"_self\">S\u00e8vis Legal<\/a><\/h4>\n\t\t\t\t<a href=\"\/ht\/resous-yo\/sevis-legal-yo\/?utm_source=Home&#038;utm_medium=Referral&#038;utm_campaign=211Resources&#038;utm_content=Legal\"  target=\"_self\" itemprop=\"url\">\n\t\t\t\t<img decoding=\"async\" src=\"https:\/\/211md.org\/wp-content\/uploads\/bb-plugin\/cache\/2025_MdInfoNet_Icon-Sets_Legal-square-18fdf438feb8435588174d9046463257-.png\" alt=\"\" itemprop=\"image\" onerror=\"this.style.display='none'\" loading=\"lazy\" \/>\n\t\t\t\t<\/a>\n\t\t<h4><a href=\"\/ht\/resous-yo\/sante-mantal\/?utm_source=Home&#038;utm_medium=Referral&#038;utm_campaign=211Resources&#038;utm_content=Mental\" target=\"_self\">Sante mantal<\/a><\/h4>\n\t\t\t\t<a href=\"\/ht\/resous-yo\/sante-mantal\/?utm_source=Home&#038;utm_medium=Referral&#038;utm_campaign=211Resources&#038;utm_content=Mental\"  target=\"_self\" itemprop=\"url\">\n\t\t\t\t<img decoding=\"async\" src=\"https:\/\/211md.org\/wp-content\/uploads\/bb-plugin\/cache\/2025_MdInfoNet_Icon-Sets_Mental-Health-square-c59b38c4a993a947d4c9280fbe2d2fee-.png\" alt=\"\" itemprop=\"image\" onerror=\"this.style.display='none'\" loading=\"lazy\" \/>\n\t\t\t\t<\/a>\n\t\t<h4><a href=\"\/ht\/resous-yo\/mdreentry\/?utm_source=Home&#038;utm_medium=Referral&#038;utm_campaign=211Resources&#038;utm_content=Reentry\" target=\"_self\">Reantre<\/a><\/h4>\n\t\t\t\t<a href=\"\/ht\/resous-yo\/mdreentry\/?utm_source=Home&#038;utm_medium=Referral&#038;utm_campaign=211Resources&#038;utm_content=Reentry\"  target=\"_self\" itemprop=\"url\">\n\t\t\t\t<img decoding=\"async\" src=\"https:\/\/211md.org\/wp-content\/uploads\/bb-plugin\/cache\/2025_211_Icon-Sets_Reentry-square-8676fea38abd920a832f45642fe31cca-.png\" alt=\"Ik\u00f2n Reantre\" itemprop=\"image\" height=\"417\" width=\"417\" title=\"2025_211_Ansanm Ik\u00f2n_Reantre\" onerror=\"this.style.display='none'\" loading=\"lazy\" \/>\n\t\t\t\t<\/a>\n\t\t<h4><a href=\"\/ht\/resous-yo\/itilizasyon-sibstans\/?utm_source=Home&#038;utm_medium=Referral&#038;utm_campaign=211Resources&#038;utm_content=Substance\" target=\"_self\">Itilizasyon sibstans<\/a><\/h4>\n\t\t\t\t<a href=\"\/ht\/resous-yo\/itilizasyon-sibstans\/?utm_source=Home&#038;utm_medium=Referral&#038;utm_campaign=211Resources&#038;utm_content=Substance\"  target=\"_self\" itemprop=\"url\">\n\t\t\t\t<img decoding=\"async\" src=\"https:\/\/211md.org\/wp-content\/uploads\/bb-plugin\/cache\/2025_MdInfoNet_Icon-Sets_Substance-Abuse-square-9022fec9d18a64118ad685c101885b55-.png\" alt=\"\" itemprop=\"image\" onerror=\"this.style.display='none'\" loading=\"lazy\" \/>\n\t\t\t\t<\/a>\n\t\t<h4><a href=\"\/ht\/resous-yo\/veteran-yo\/?utm_source=Home&#038;utm_medium=Referral&#038;utm_campaign=211Resources&#038;utm_content=Veterans\" target=\"_self\">Veteran yo<\/a><\/h4>\n\t\t\t\t<a href=\"\/ht\/resous-yo\/veteran-yo\/?utm_source=Home&#038;utm_medium=Referral&#038;utm_campaign=211Resources&#038;utm_content=Veterans\"  target=\"_self\" itemprop=\"url\">\n\t\t\t\t<img decoding=\"async\" src=\"https:\/\/211md.org\/wp-content\/uploads\/bb-plugin\/cache\/2025_MdInfoNet_Icon-Sets_Rating-square-6e60d00cce4faa8e0a6d4ad7366aa733-.png\" alt=\"\" itemprop=\"image\" onerror=\"this.style.display='none'\" loading=\"lazy\" \/>\n\t\t\t\t<\/a>","protected":false},"excerpt":{"rendered":"<p>Jwenn Resous Toupre Mwen Ch\u00e8che Kounye a Ajoute ajans ou \u00f2ganizasyon w lan nan baz done resous nou an. \u00c8ske w ap ch\u00e8che \u00e8d pou peye b\u00f2dwo w yo? 211 ka ede w jwenn resous nan Konte Cecil pou s\u00e8vis piblik, manje, lojman ak plis ank\u00f2. Ou ka jwenn \u00e8d l\u00e8 w: F\u00e8 rech\u00e8ch nan baz done 211 la. Rele yon ajans ki nan lis anba a. Rele 211 pou\u2026<\/p>","protected":false},"author":8,"featured_media":0,"parent":750,"menu_order":0,"comment_status":"closed","ping_status":"closed","template":"","meta":{"footnotes":""},"class_list":["post-1698","page","type-page","status-publish","hentry"],"_links":{"self":[{"href":"https:\/\/211md.org\/ht\/wp-json\/wp\/v2\/pages\/1698","targetHints":{"allow":["GET"]}}],"collection":[{"href":"https:\/\/211md.org\/ht\/wp-json\/wp\/v2\/pages"}],"about":[{"href":"https:\/\/211md.org\/ht\/wp-json\/wp\/v2\/types\/page"}],"author":[{"embeddable":true,"href":"https:\/\/211md.org\/ht\/wp-json\/wp\/v2\/users\/8"}],"replies":[{"embeddable":true,"href":"https:\/\/211md.org\/ht\/wp-json\/wp\/v2\/comments?post=1698"}],"version-history":[{"count":5,"href":"https:\/\/211md.org\/ht\/wp-json\/wp\/v2\/pages\/1698\/revisions"}],"predecessor-version":[{"id":34076,"href":"https:\/\/211md.org\/ht\/wp-json\/wp\/v2\/pages\/1698\/revisions\/34076"}],"up":[{"embeddable":true,"href":"https:\/\/211md.org\/ht\/wp-json\/wp\/v2\/pages\/750"}],"wp:attachment":[{"href":"https:\/\/211md.org\/ht\/wp-json\/wp\/v2\/media?parent=1698"}],"curies":[{"name":"wp","href":"https:\/\/api.w.org\/{rel}","templated":true}]}}