{"id":1702,"date":"2021-05-12T00:25:25","date_gmt":"2021-05-12T00:25:25","guid":{"rendered":"https:\/\/211md.org\/?page_id=1702"},"modified":"2025-10-29T06:58:36","modified_gmt":"2025-10-29T10:58:36","slug":"carroll-konte","status":"publish","type":"page","link":"https:\/\/211md.org\/ht\/resources-by-county\/carroll-county\/","title":{"rendered":"Konte Carroll"},"content":{"rendered":"<h2><a href=\"https:\/\/search.211md.org\/\" target=\"_blank\"  rel=\"noopener\">Jwenn Resous Toupre Mwen<\/a><\/h2>\n\t\t\t<a href=\"https:\/\/search.211md.org\/\" target=\"_blank\" rel=\"noopener\">\n\t\t\t\t\t\t\tCh\u00e8che Kounye a\n\t\t\t<\/a>\n\t<p><strong><a href=\"\/ht\/rantre-nan-baz-done-nou-an\/\">Ajoute ajans ou oswa \u00f2ganizasyon w nan baz done resous nou an.<\/a><\/strong><\/p>\n<p>Nan Konte Carroll, plizy\u00e8 ajans ofri rezidan yo \u00e8d finansy\u00e8 pou konpanse b\u00f2dwo s\u00e8vis piblik, depans lojman epi pou bay manje. Gen k\u00e8k \u00f2ganizasyon ki ka ede tou ak pwobl\u00e8m sante mantal ak abi sibstans.<\/p>\n<p>Gid resous rapid sa a bay k\u00e8k nan ajans ki pi souvan refere yo nan Konte Carroll. Gen plis pase 7,000 resous nan baz done 211 la. Antre yon mo kle pi wo a epi k\u00f2manse rech\u00e8ch ou an.<\/p>\n<p>Ou kapab toujou rele 211 tou. Yon espesyalis resous an dir\u00e8k disponib 24\/7\/365.<\/p>\n<h3><b>Pwogram S\u00e8vis Imen nan Konte Carroll<\/b><\/h3>\n<p>Espesyalis enf\u00f2masyon ak referans souvan refere moun kap rele yo a\u00a0<strong><a href=\"https:\/\/hspinc.org\/\" target=\"_blank\" rel=\"noopener\">Pwogram S\u00e8vis Imen nan Carroll County, Inc<\/a><\/strong><strong>.<\/strong>\u00a0San bi likratif la ofri espwa, chanjman ak op\u00f2tinite.<\/p>\n<p>S\u00e8vis Imen gen plizy\u00e8 pwogram pou ede moun ki kalifye epi ki bezwen asistans pou:<\/p>\n<ul>\n<li aria-level=\"1\"><strong><a href=\"https:\/\/hspinc.org\/shelter\/\" target=\"_blank\" rel=\"noopener\">Abri<\/a>\u00a0<\/strong><\/li>\n<li aria-level=\"1\">Deg\u00e8pisman ak l\u00f2t\u00a0<strong><a href=\"https:\/\/hspinc.org\/housing\/\" target=\"_blank\" rel=\"noopener\">bezwen lojman<\/a><\/strong><\/li>\n<li aria-level=\"1\"><strong><a href=\"https:\/\/hspinc.org\/homeenergy\/\" target=\"_blank\" rel=\"noopener\">Asistans s\u00e8vis piblik<\/a><\/strong><\/li>\n<li aria-level=\"1\"><a href=\"https:\/\/hspinc.org\/vita\/\" target=\"_blank\" rel=\"noopener\">Enpo<\/a><\/li>\n<li aria-level=\"1\">Rad<\/li>\n<li aria-level=\"1\">Edikasyon finansye<\/li>\n<li aria-level=\"1\">Devlopman timoun<\/li>\n<\/ul>\n<p>Second Chances Free Store bay ti apar\u00e8y, dekorasyon, jw\u00e8t, rad ak m\u00e8b. Konsantre a se sou moun ki kite abri yo.\u00a0<strong><a href=\"https:\/\/hspinc.org\/secondchances\/\" target=\"_blank\" rel=\"noopener\">Rele pou w\u00e8 si ou kalifye pou achte<\/a><\/strong>\u00a0epi pran yon randevou.<\/p>\n<p>&nbsp;<\/p>\n<h3><b>Anplwaye Shepherd nan Westminster<\/b><\/h3>\n<p>Ou kapab tou ale nan\u00a0<strong><a href=\"https:\/\/www.shepstaff.org\/\" target=\"_blank\" rel=\"noopener\">Baton gad\u00f2 mouton<\/a><\/strong>\u00a0pou bezwen esansy\u00e8l. Se yon sant sansibilizasyon ak sip\u00f2 kretyen ki pa konfesyon\u00e8l k ap ofri \u00e8d pou rezidan Carroll County ki nan kriz. Biwo Westminster an fas ak Grace Evangelical Lutheran Church.<\/p>\n<p>Yo ofri kominote a anpil pwogram, tankou:<\/p>\n<ul>\n<li aria-level=\"1\">Kizin soup<\/li>\n<li aria-level=\"1\">Rad<\/li>\n<li aria-level=\"1\">Pwodwi ijy\u00e8n<\/li>\n<li aria-level=\"1\">\u00c8d finansye ijans<\/li>\n<\/ul>\n<p>\u00d2ganizasyon an ofri bagay ki esansy\u00e8l nan kay la pou ijy\u00e8n ak swen p\u00e8son\u00e8l, gratis, atrav\u00e8 yo\u00a0<strong><a href=\"https:\/\/www.shepstaff.org\/services\/blessings-closet\/\" target=\"_blank\" rel=\"noopener\">Benediksyon kloz\u00e8t<\/a><\/strong><strong>.<\/strong>\u00a0Atik sa yo ka gen ladan dezenfektan pou men, savon pou lesiv, sache, papye twal\u00e8t, chanpou, deyodoran ak plis ank\u00f2.<\/p>\n<p>Baton Shepherd la bay tou\u00a0<strong><a href=\"https:\/\/www.shepstaff.org\/services\/emergency-financial-assistance\/\" target=\"_blank\" rel=\"noopener\">\u00e8d finansye ijans<\/a><\/strong>\u00a0pou swen sante, lojman ak bezwen ki gen rap\u00f2 ak kay la, s\u00e8vis piblik, lojman tanpor\u00e8, swen fanmi, transp\u00f2, ant\u00e8man, travay, ak l\u00f2t demann ijans.<\/p>\n<p>&nbsp;<\/p>\n<h3><b>Ch\u00e8che \u00e8d pa kategori\u00a0<\/b><\/h3>\n<p>Bezwen \u00e8d ak yon l\u00f2t bagay? Rele 211 oubyen ch\u00e8che l\u00f2t resous pa kategori.<\/p>\n\t\t<h4><a href=\"\/ht\/resous-yo\/aje-andikap\/?utm_source=Home&#038;utm_medium=Referral&#038;utm_campaign=211Resources&#038;utm_content=Aging\" target=\"_self\">Aje ak Andikap<\/a><\/h4>\n\t\t\t\t<a href=\"\/ht\/resous-yo\/aje-andikap\/?utm_source=Home&#038;utm_medium=Referral&#038;utm_campaign=211Resources&#038;utm_content=Aging\"  target=\"_self\" itemprop=\"url\">\n\t\t\t\t<img decoding=\"async\" src=\"https:\/\/211md.org\/wp-content\/uploads\/bb-plugin\/cache\/2025_MdInfoNet_Icon-Sets_Aging-disability-square-c466727102cae71e5f27b8539bb51945-.png\" alt=\"\" itemprop=\"image\" onerror=\"this.style.display='none'\" loading=\"lazy\" \/>\n\t\t\t\t<\/a>\n\t\t<h4><a href=\"\/ht\/resous-yo\/timoun-fanmi-yo\/?utm_source=Home&#038;utm_medium=Referral&#038;utm_campaign=211Resources&#038;utm_content=Children\" target=\"_self\">Timoun ak Fanmi<\/a><\/h4>\n\t\t\t\t<a href=\"\/ht\/resous-yo\/timoun-fanmi-yo\/?utm_source=Home&#038;utm_medium=Referral&#038;utm_campaign=211Resources&#038;utm_content=Children\"  target=\"_self\" itemprop=\"url\">\n\t\t\t\t<img decoding=\"async\" src=\"https:\/\/211md.org\/wp-content\/uploads\/bb-plugin\/cache\/2025_211_Icon-Sets_Child-care-square-f3b0d4edab3dcc467fadb5f55f4064c6-.png\" alt=\"2025_211_Ansanm Ik\u00f2n_Swen Timoun\" itemprop=\"image\" height=\"417\" width=\"417\" title=\"2025_211_Ansanm Ik\u00f2n_Swen Timoun\" onerror=\"this.style.display='none'\" loading=\"lazy\" \/>\n\t\t\t\t<\/a>\n\t\t<h4><a href=\"\/ht\/resous-yo\/vyolans-familyal-domestik\/?utm_source=Home&#038;utm_medium=Referral&#038;utm_campaign=211Resources&#038;utm_content=Domestic\" target=\"_self\">Vyolans domestik<\/a><\/h4>\n\t\t\t\t<a href=\"\/ht\/resous-yo\/vyolans-familyal-domestik\/?utm_source=Home&#038;utm_medium=Referral&#038;utm_campaign=211Resources&#038;utm_content=Domestic\"  target=\"_self\" itemprop=\"url\">\n\t\t\t\t<img decoding=\"async\" src=\"https:\/\/211md.org\/wp-content\/uploads\/bb-plugin\/cache\/2025_211_Icon-Sets_Domestic-Violence-square-7b597694a6f05fe90cdc376aa573bc63-.png\" alt=\"Ik\u00f2n Vyolans Domestik\" itemprop=\"image\" height=\"417\" width=\"417\" title=\"2025_211_Ansanm Ik\u00f2n_Vyolans Domestik\" onerror=\"this.style.display='none'\" loading=\"lazy\" \/>\n\t\t\t\t<\/a>\n\t\t<h4><a href=\"\/ht\/resous-yo\/rechech-travay\/?utm_source=Home&#038;utm_medium=Referral&#038;utm_campaign=211Resources&#038;utm_content=Employment\" target=\"_self\">Travay<\/a><\/h4>\n\t\t\t\t<a href=\"\/ht\/resous-yo\/rechech-travay\/?utm_source=Home&#038;utm_medium=Referral&#038;utm_campaign=211Resources&#038;utm_content=Employment\"  target=\"_self\" itemprop=\"url\">\n\t\t\t\t<img decoding=\"async\" src=\"https:\/\/211md.org\/wp-content\/uploads\/bb-plugin\/cache\/2025_MdInfoNet_Icon-Sets_Employment-square-44707bd410e4df10a470bf130ebcea86-.png\" alt=\"\" itemprop=\"image\" onerror=\"this.style.display='none'\" loading=\"lazy\" \/>\n\t\t\t\t<\/a>\n\t\t<h4><a href=\"\/ht\/resous-yo\/swen-sante\/?utm_source=Home&#038;utm_medium=Referral&#038;utm_campaign=211Resources&#038;utm_content=Health%20Care\" target=\"_self\">Swen Sante<\/a><\/h4>\n\t\t\t\t<a href=\"\/ht\/resous-yo\/swen-sante\/?utm_source=Home&#038;utm_medium=Referral&#038;utm_campaign=211Resources&#038;utm_content=Health%20Care\"  target=\"_self\" itemprop=\"url\">\n\t\t\t\t<img decoding=\"async\" src=\"https:\/\/211md.org\/wp-content\/uploads\/bb-plugin\/cache\/2025_MdInfoNet_Icon-Sets_Health-Care-square-dee98a0060cbe0e7f27eda253fc12679-.png\" alt=\"\" itemprop=\"image\" onerror=\"this.style.display='none'\" loading=\"lazy\" \/>\n\t\t\t\t<\/a>\n\t\t<h4><a href=\"\/ht\/resous-yo\/timoun-fanmi-yo\/swen-fanmi\/?utm_source=Home&#038;utm_medium=Referral&#038;utm_campaign=211Resources&#038;utm_content=Kinship\" target=\"_self\">Parente<\/a><\/h4>\n\t\t\t\t<a href=\"\/ht\/resous-yo\/timoun-fanmi-yo\/swen-fanmi\/?utm_source=Home&#038;utm_medium=Referral&#038;utm_campaign=211Resources&#038;utm_content=Kinship\"  target=\"_self\" itemprop=\"url\">\n\t\t\t\t<img decoding=\"async\" src=\"https:\/\/211md.org\/wp-content\/uploads\/bb-plugin\/cache\/2025_211_Icon-Sets_Kinship-square-45bdf872866f5735f842c32071109267-.png\" alt=\"Ik\u00f2n fanmi\" itemprop=\"image\" height=\"417\" width=\"417\" title=\"2025_211_Ansanm Ik\u00f2n_Fanmitay\" onerror=\"this.style.display='none'\" loading=\"lazy\" \/>\n\t\t\t\t<\/a>\n\t\t<h4><a href=\"\/ht\/resous-yo\/sevis-legal-yo\/?utm_source=Home&#038;utm_medium=Referral&#038;utm_campaign=211Resources&#038;utm_content=Legal\" target=\"_self\">S\u00e8vis Legal<\/a><\/h4>\n\t\t\t\t<a href=\"\/ht\/resous-yo\/sevis-legal-yo\/?utm_source=Home&#038;utm_medium=Referral&#038;utm_campaign=211Resources&#038;utm_content=Legal\"  target=\"_self\" itemprop=\"url\">\n\t\t\t\t<img decoding=\"async\" src=\"https:\/\/211md.org\/wp-content\/uploads\/bb-plugin\/cache\/2025_MdInfoNet_Icon-Sets_Legal-square-18fdf438feb8435588174d9046463257-.png\" alt=\"\" itemprop=\"image\" onerror=\"this.style.display='none'\" loading=\"lazy\" \/>\n\t\t\t\t<\/a>\n\t\t<h4><a href=\"\/ht\/resous-yo\/sante-mantal\/?utm_source=Home&#038;utm_medium=Referral&#038;utm_campaign=211Resources&#038;utm_content=Mental\" target=\"_self\">Sante mantal<\/a><\/h4>\n\t\t\t\t<a href=\"\/ht\/resous-yo\/sante-mantal\/?utm_source=Home&#038;utm_medium=Referral&#038;utm_campaign=211Resources&#038;utm_content=Mental\"  target=\"_self\" itemprop=\"url\">\n\t\t\t\t<img decoding=\"async\" src=\"https:\/\/211md.org\/wp-content\/uploads\/bb-plugin\/cache\/2025_MdInfoNet_Icon-Sets_Mental-Health-square-c59b38c4a993a947d4c9280fbe2d2fee-.png\" alt=\"\" itemprop=\"image\" onerror=\"this.style.display='none'\" loading=\"lazy\" \/>\n\t\t\t\t<\/a>\n\t\t<h4><a href=\"\/ht\/resous-yo\/mdreentry\/?utm_source=Home&#038;utm_medium=Referral&#038;utm_campaign=211Resources&#038;utm_content=Reentry\" target=\"_self\">Reantre<\/a><\/h4>\n\t\t\t\t<a href=\"\/ht\/resous-yo\/mdreentry\/?utm_source=Home&#038;utm_medium=Referral&#038;utm_campaign=211Resources&#038;utm_content=Reentry\"  target=\"_self\" itemprop=\"url\">\n\t\t\t\t<img decoding=\"async\" src=\"https:\/\/211md.org\/wp-content\/uploads\/bb-plugin\/cache\/2025_211_Icon-Sets_Reentry-square-8676fea38abd920a832f45642fe31cca-.png\" alt=\"Ik\u00f2n Reantre\" itemprop=\"image\" height=\"417\" width=\"417\" title=\"2025_211_Ansanm Ik\u00f2n_Reantre\" onerror=\"this.style.display='none'\" loading=\"lazy\" \/>\n\t\t\t\t<\/a>\n\t\t<h4><a href=\"\/ht\/resous-yo\/itilizasyon-sibstans\/?utm_source=Home&#038;utm_medium=Referral&#038;utm_campaign=211Resources&#038;utm_content=Substance\" target=\"_self\">Itilizasyon sibstans<\/a><\/h4>\n\t\t\t\t<a href=\"\/ht\/resous-yo\/itilizasyon-sibstans\/?utm_source=Home&#038;utm_medium=Referral&#038;utm_campaign=211Resources&#038;utm_content=Substance\"  target=\"_self\" itemprop=\"url\">\n\t\t\t\t<img decoding=\"async\" src=\"https:\/\/211md.org\/wp-content\/uploads\/bb-plugin\/cache\/2025_MdInfoNet_Icon-Sets_Substance-Abuse-square-9022fec9d18a64118ad685c101885b55-.png\" alt=\"\" itemprop=\"image\" onerror=\"this.style.display='none'\" loading=\"lazy\" \/>\n\t\t\t\t<\/a>\n\t\t<h4><a href=\"\/ht\/resous-yo\/veteran-yo\/?utm_source=Home&#038;utm_medium=Referral&#038;utm_campaign=211Resources&#038;utm_content=Veterans\" target=\"_self\">Veteran yo<\/a><\/h4>\n\t\t\t\t<a href=\"\/ht\/resous-yo\/veteran-yo\/?utm_source=Home&#038;utm_medium=Referral&#038;utm_campaign=211Resources&#038;utm_content=Veterans\"  target=\"_self\" itemprop=\"url\">\n\t\t\t\t<img decoding=\"async\" src=\"https:\/\/211md.org\/wp-content\/uploads\/bb-plugin\/cache\/2025_MdInfoNet_Icon-Sets_Rating-square-6e60d00cce4faa8e0a6d4ad7366aa733-.png\" alt=\"\" itemprop=\"image\" onerror=\"this.style.display='none'\" loading=\"lazy\" \/>\n\t\t\t\t<\/a>","protected":false},"excerpt":{"rendered":"<p>Jwenn Resous Toupre Mwen Ch\u00e8che Kounye a Ajoute ajans oswa \u00f2ganizasyon ou nan baz done resous nou an. Nan Konte Carroll, plizy\u00e8 ajans ofri rezidan yo \u00e8d finansy\u00e8 pou konpanse b\u00f2dwo s\u00e8vis piblik, depans lojman epi pou bay manje. Gen k\u00e8k \u00f2ganizasyon ki ka ede ak pwobl\u00e8m sante mantal ak move itilizasyon sibstans tou. Gid resous rapid sa a bay k\u00e8k nan pi...<\/p>","protected":false},"author":8,"featured_media":0,"parent":750,"menu_order":0,"comment_status":"closed","ping_status":"closed","template":"","meta":{"footnotes":""},"class_list":["post-1702","page","type-page","status-publish","hentry"],"_links":{"self":[{"href":"https:\/\/211md.org\/ht\/wp-json\/wp\/v2\/pages\/1702","targetHints":{"allow":["GET"]}}],"collection":[{"href":"https:\/\/211md.org\/ht\/wp-json\/wp\/v2\/pages"}],"about":[{"href":"https:\/\/211md.org\/ht\/wp-json\/wp\/v2\/types\/page"}],"author":[{"embeddable":true,"href":"https:\/\/211md.org\/ht\/wp-json\/wp\/v2\/users\/8"}],"replies":[{"embeddable":true,"href":"https:\/\/211md.org\/ht\/wp-json\/wp\/v2\/comments?post=1702"}],"version-history":[{"count":4,"href":"https:\/\/211md.org\/ht\/wp-json\/wp\/v2\/pages\/1702\/revisions"}],"predecessor-version":[{"id":34075,"href":"https:\/\/211md.org\/ht\/wp-json\/wp\/v2\/pages\/1702\/revisions\/34075"}],"up":[{"embeddable":true,"href":"https:\/\/211md.org\/ht\/wp-json\/wp\/v2\/pages\/750"}],"wp:attachment":[{"href":"https:\/\/211md.org\/ht\/wp-json\/wp\/v2\/media?parent=1702"}],"curies":[{"name":"wp","href":"https:\/\/api.w.org\/{rel}","templated":true}]}}