{"id":1703,"date":"2021-05-12T00:25:34","date_gmt":"2021-05-12T00:25:34","guid":{"rendered":"https:\/\/211md.org\/?page_id=1703"},"modified":"2026-02-04T09:38:24","modified_gmt":"2026-02-04T14:38:24","slug":"frederick-county","status":"publish","type":"page","link":"https:\/\/211md.org\/ht\/resources-by-county\/frederick-county\/","title":{"rendered":"Konte Frederick"},"content":{"rendered":"<h2><a href=\"https:\/\/search.211md.org\/\" target=\"_blank\"  rel=\"noopener\">Jwenn Resous Toupre Mwen<\/a><\/h2>\n\t\t\t<a href=\"https:\/\/search.211md.org\/\" target=\"_blank\" rel=\"noopener\">\n\t\t\t\t\t\t\tCh\u00e8che Kounye a\n\t\t\t<\/a>\n\t<p><strong><a href=\"\/ht\/rantre-nan-baz-done-nou-an\/\">Ajoute ajans ou oswa \u00f2ganizasyon w nan baz done resous nou an.<\/a><\/strong><\/p>\n\t<p>\u00c8ske w ap viv nan Frederick oswa nan youn nan kominote ki antoure yo, tankou Ballenger Creek, Buckeystown, New Market, Mount Airy, Woodsboro, Braddock Heights oswa Middletown?<\/p>\n<p>Rele 2-1-1 pou w konekte ak resous esansy\u00e8l yo.<\/p>\n<p>Ou kapab tou ch\u00e8che baz done a pou jwenn resous ki toupre w.<\/p>\n\t\t<h2>\t\n\tRele 2-1-1<\/h2><p>Jwenn konekte ak resous kominote a ak sip\u00f2 24\/7\/365.<\/p>\n<p>&nbsp;<\/p>\n<h2>S\u00e8vis Sante Mantal nan Konte Frederick<\/h2>\n<p>Nan Konte Frederick, la <strong><a href=\"https:\/\/fcmha.org\/\" target=\"_blank\" rel=\"noopener\">Asosyasyon Sante Mantal nan Frederick County<\/a><\/strong> (MHA) se yon sant ap\u00e8l 211 ki ofri sip\u00f2 pou kriz 24\/7\/365.<\/p>\n<p>MHA gen yon ijan <strong><a href=\"https:\/\/fcmha.org\/how-we-help\/behavioral-health\" target=\"_blank\" rel=\"noopener\">s\u00e8vis sante konp\u00f2tmantal enskripsyon an<\/a><\/strong> nan Frederick, Maryland, kote. Konseye yo disponib 24\/24 pou ede ak yon kriz sante mantal, fanmi oswa relasyon.<\/p>\nKlinik pou antre a sitiye nan:<br \/>\n340 Montevue Lane<br \/>\nFrederick, MD 21702\n<p>Ou ka s\u00e8vi ak yo tou <a href=\"https:\/\/fcmha.org\/how-we-help\/behavioral-health\/telehealth\/\" target=\"_blank\" rel=\"noopener\">s\u00e8vis vity\u00e8l mache<\/a>.<\/p>\n<p>Si w bezwen \u00e8d imedya, ou ka rele oswa voye t\u00e8ks 988 tou. Ou kapab tou<a href=\"https:\/\/search.988.mdinfonet.org\/\" target=\"_blank\" rel=\"noopener\"> ch\u00e8che resous sante konp\u00f2tmantal eta a<\/a> baz done, ki fonksyone grasa Maryland Information Network.<\/p>\n<h3>S\u00e8vis terapi ak kons\u00e8y<\/h3>\n<p>Terapi ak s\u00e8vis sikyatrik disponib tou pou yon fr\u00e8 glisman. Yo ka ede ak:<\/p>\n<ul>\n<li>koup\/pwobl\u00e8m maryaj<\/li>\n<li>pwobl\u00e8m konp\u00f2tman timoun<\/li>\n<li>tranzisyon lavi oswa ch\u00f2k<\/li>\n<li>depresyon<\/li>\n<li>twoub enkyetid<\/li>\n<li>k\u00f2l\u00e8<\/li>\n<li>Twoub Defisi Atansyon Ip\u00e8aktivite (ADHD).<\/li>\n<\/ul>\n<p><strong><a href=\"https:\/\/fcmha.org\/how-we-help\/counseling-services\" target=\"_blank\" rel=\"noopener\">Aprann plis sou s\u00e8vis kons\u00e8y sa yo<\/a><\/strong>, epi fikse yon randevou.<\/p>\n<p>MHA ofri tou\u00a0<strong><a href=\"https:\/\/fcmha.org\/how-we-help\/support-groups\" target=\"_blank\" rel=\"noopener\">gwoup sip\u00f2 yo<\/a><\/strong> pou fanmi ki te p\u00e8di yon moun yo renmen nan swisid ak sivivan swisid. Ou pa pou kont ou. Jere gwo chagren, koupab, k\u00f2l\u00e8, depresyon, ak bliye ak yon gwoup sip\u00f2.<\/p>\n<h2>\u00c8d Medikal<\/h2>\n<p>Kowalisyon relijye pou bezwen moun ijans bay <a href=\"https:\/\/thereligiouscoalition.org\/need-help\/healthcare-programs\/\" target=\"_blank\" rel=\"noopener\">preskripsyon ak asistans dant\u00e8<\/a>. Yo ede k\u00e8k sant\u00e8n moun chak ane atrav\u00e8 pwogram sa yo.<\/p>\n<p>Pwogram medikaman sou preskripsyon bay asistans pou moun ki bezwen \u00e8d pou peye pou medikaman ki sove lavi yo. Preskripsyon yo ranpli nan famasi patn\u00e8 yo.<\/p>\n<h3>\u00c8d dant\u00e8<\/h3>\n<p>Pwogram dant\u00e8 a disponib pou rezidan Frederick County ki gen laj 51 an oswa plis ki bezwen \u00e8d dant\u00e8 ijans ak pwosedi dant\u00e8 senp.<\/p>\n<p>Pou timoun yo, gen yon klinik dant\u00e8 pedyatrik nan la <a href=\"https:\/\/health.frederickcountymd.gov\/264\/Dental-Clinic\" target=\"_blank\" rel=\"noopener\">Depatman Sante Frederick County<\/a> pou timoun ki pa gen asirans oswa moun ki gen asistans medikal. Yo ofri s\u00e8vis dant\u00e8 pou timoun ki gen laj 1-18, ki gen ladan timoun ki gen bezwen espesyal. Timoun yo ka jwenn netwayaj dant\u00e8 woutin, radyografi, fliy\u00f2, amalgam, selan, ak ekstraksyon woutin.<\/p>\n<p>Pandan ke granmoun pa ka jwenn tretman nan klinik dant\u00e8 Depatman Sante, yo bay bon pou redwi pri operasyon dant\u00e8 nan biwo chirijyen oral prive lokal yo.<\/p>\n<p>Si ou pa kalifye pou youn nan pwogram dant\u00e8 sa yo nan Frederick County, ou kapab tou <a href=\"https:\/\/211md.org\/ht\/resous-yo\/swen-sante\/swen-dante\/\">aprann sou l\u00f2t asistans dant\u00e8<\/a> nan Maryland.<\/p>\n<h3>Depistaj swen prevantif<\/h3>\n<p>Divizyon S\u00e8vis Sante Kominot\u00e8 Frederick County bay <a href=\"https:\/\/health.frederickcountymd.gov\/218\/Preventive-Health-Services\" target=\"_blank\" rel=\"noopener\">s\u00e8vis sante prevantif gratis<\/a>. Moun ki elijib yo ka pran yon t\u00e8s depistaj pou kans\u00e8 kolorektal, kans\u00e8 nan tete, oswa kans\u00e8 nan matris gratis. Yo gen tou yon <a href=\"https:\/\/health.frederickcountymd.gov\/499\/Healthy-Hearts-Blood-Pressure-Self-Monit\" target=\"_blank\" rel=\"noopener\">Pwogram tansyon Healthy Hearts<\/a>, ki bay kons\u00e8y ak sip\u00f2 pou granmoun ki gen tansyon wo.<\/p>\n<h2>Abri pou Sanzabri<\/h2>\n<p>Si oumenm oswa yon moun ou konnen bezwen lojman ijans, ou ka jwenn \u00e8d nan la <a href=\"https:\/\/thereligiouscoalition.org\/need-help\/emergency-shelter-programs\/\" target=\"_blank\" rel=\"noopener\">Alan P Linton, Jr. Abri Ijans<\/a>. Li se pi gwo etablisman nan Frederick County, ak 88 kabann pou granmoun ki san kay.<\/p>\n<p>Kowalisyon relijye pou bezwen moun ijans genyen tou yon <a href=\"https:\/\/thereligiouscoalition.org\/need-help\/emergency-shelter-programs\/emergency-family-shelter\/\" target=\"_blank\" rel=\"noopener\">abri fanmi ijans<\/a>.<\/p>\n<p>\u00d2ganizasyon an ap travay tou ak moun nan tranzisyon an nan lojman p\u00e8manan. <a href=\"https:\/\/thereligiouscoalition.org\/need-help\/after-shelter-programs\/\" target=\"_blank\" rel=\"noopener\">Apre tanp\u00e8t la<\/a> bay kliyan abri ki elijib \u00e8d lojman pou yon ane. Pwogram nan gen ladann kons\u00e8y sou bidj\u00e8, sip\u00f2 pou jesyon ka, \u00e8d posib pou depo sekirite, asistans pou lokasyon, \u00e8d s\u00e8vis piblik, kou f\u00f2masyon, \u00e8d sou preskripsyon, ak yon referans bay Second Chance Garage pou \u00e8d ak yon machin.<\/p>\n<h3>Sip\u00f2 transp\u00f2<\/h3>\n<p>Si w ap travay ak yon ajans sante ak s\u00e8vis imen nan Frederick County epi w bezwen \u00e8d pou transp\u00f2, ou ka kalifye pou \u00e8d nan men <a href=\"https:\/\/secondchancesgarage.org\/receive-a-car\/\" target=\"_blank\" rel=\"noopener\">Dezy\u00e8m Chans Garaj<\/a>. Se yon pwogram machin ki pa koute ch\u00e8. \u00d2ganizasyon an travay ak <a href=\"https:\/\/secondchancesgarage.org\/partner-agencies\/\" target=\"_blank\" rel=\"noopener\">ajans patn\u00e8 sa yo<\/a>. Ou dwe resevwa sip\u00f2 kontiny\u00e8l nan men youn nan yo oswa ou dwe yon resan gradye nan pwogram yo. Ajans patn\u00e8 a det\u00e8mine kalifikasyon.<\/p>\n<p>Piblik la an jeneral kapab tou achte yon machin a pri ki ba nan Second Chances Garage. Pa gen okenn finansman oswa plan peman, ak lajan yo sip\u00f2te pwogram patn\u00e8 a pou moun ki nan bezwen.<\/p>\n<h2><b>Jwenn \u00e8d kounye a<\/b><\/h2>\n<p>\u00c8ske ou bezwen \u00e8d pou ranpli taks ou, jwenn yon gadmanje manje oswa ranpli yon aplikasyon pou asistans s\u00e8vis piblik? Rele 2-1-1 epi yon Espesyalis Enf\u00f2masyon ak Referans ka ede w 24\/7\/365.<\/p>\n<p>211 pral konekte ou ak yon resous lokal, ki gen ladan <a href=\"https:\/\/dhs.maryland.gov\/local-offices\/frederick-county\/\" target=\"_blank\" rel=\"noopener\">Depatman S\u00e8vis Sosyal Frederick County<\/a>, ki bay sip\u00f2 tou, tankou koupon pou manje, asistans lajan kach tanpor\u00e8, bous detid pou gadri, Medicaid ak plis ank\u00f2.<\/p>\n<p>Ou ka ch\u00e8che resous tou pa kategori.<\/p>\n\t\t<h4><a href=\"\/ht\/resous-yo\/aje-andikap\/?utm_source=Home&#038;utm_medium=Referral&#038;utm_campaign=211Resources&#038;utm_content=Aging\" target=\"_self\">Aje ak Andikap<\/a><\/h4>\n\t\t\t\t<a href=\"\/ht\/resous-yo\/aje-andikap\/?utm_source=Home&#038;utm_medium=Referral&#038;utm_campaign=211Resources&#038;utm_content=Aging\"  target=\"_self\" itemprop=\"url\">\n\t\t\t\t<img decoding=\"async\" src=\"https:\/\/211md.org\/wp-content\/uploads\/bb-plugin\/cache\/2025_MdInfoNet_Icon-Sets_Aging-disability-square-c466727102cae71e5f27b8539bb51945-.png\" alt=\"\" itemprop=\"image\" onerror=\"this.style.display='none'\" loading=\"lazy\" \/>\n\t\t\t\t<\/a>\n\t\t<h4><a href=\"\/ht\/resous-yo\/timoun-fanmi-yo\/?utm_source=Home&#038;utm_medium=Referral&#038;utm_campaign=211Resources&#038;utm_content=Children\" target=\"_self\">Timoun ak Fanmi<\/a><\/h4>\n\t\t\t\t<a href=\"\/ht\/resous-yo\/timoun-fanmi-yo\/?utm_source=Home&#038;utm_medium=Referral&#038;utm_campaign=211Resources&#038;utm_content=Children\"  target=\"_self\" itemprop=\"url\">\n\t\t\t\t<img decoding=\"async\" src=\"https:\/\/211md.org\/wp-content\/uploads\/bb-plugin\/cache\/2025_211_Icon-Sets_Child-care-square-f3b0d4edab3dcc467fadb5f55f4064c6-.png\" alt=\"2025_211_Ansanm Ik\u00f2n_Swen Timoun\" itemprop=\"image\" height=\"417\" width=\"417\" title=\"2025_211_Ansanm Ik\u00f2n_Swen Timoun\" onerror=\"this.style.display='none'\" loading=\"lazy\" \/>\n\t\t\t\t<\/a>\n\t\t<h4><a href=\"\/ht\/resous-yo\/vyolans-familyal-domestik\/?utm_source=Home&#038;utm_medium=Referral&#038;utm_campaign=211Resources&#038;utm_content=Domestic\" target=\"_self\">Vyolans domestik<\/a><\/h4>\n\t\t\t\t<a href=\"\/ht\/resous-yo\/vyolans-familyal-domestik\/?utm_source=Home&#038;utm_medium=Referral&#038;utm_campaign=211Resources&#038;utm_content=Domestic\"  target=\"_self\" itemprop=\"url\">\n\t\t\t\t<img decoding=\"async\" src=\"https:\/\/211md.org\/wp-content\/uploads\/bb-plugin\/cache\/2025_211_Icon-Sets_Domestic-Violence-square-7b597694a6f05fe90cdc376aa573bc63-.png\" alt=\"Ik\u00f2n Vyolans Domestik\" itemprop=\"image\" height=\"417\" width=\"417\" title=\"2025_211_Ansanm Ik\u00f2n_Vyolans Domestik\" onerror=\"this.style.display='none'\" loading=\"lazy\" \/>\n\t\t\t\t<\/a>\n\t\t<h4><a href=\"\/ht\/resous-yo\/rechech-travay\/?utm_source=Home&#038;utm_medium=Referral&#038;utm_campaign=211Resources&#038;utm_content=Employment\" target=\"_self\">Travay<\/a><\/h4>\n\t\t\t\t<a href=\"\/ht\/resous-yo\/rechech-travay\/?utm_source=Home&#038;utm_medium=Referral&#038;utm_campaign=211Resources&#038;utm_content=Employment\"  target=\"_self\" itemprop=\"url\">\n\t\t\t\t<img decoding=\"async\" src=\"https:\/\/211md.org\/wp-content\/uploads\/bb-plugin\/cache\/2025_MdInfoNet_Icon-Sets_Employment-square-44707bd410e4df10a470bf130ebcea86-.png\" alt=\"\" itemprop=\"image\" onerror=\"this.style.display='none'\" loading=\"lazy\" \/>\n\t\t\t\t<\/a>\n\t\t<h4><a href=\"\/ht\/resous-yo\/swen-sante\/?utm_source=Home&#038;utm_medium=Referral&#038;utm_campaign=211Resources&#038;utm_content=Health%20Care\" target=\"_self\">Swen Sante<\/a><\/h4>\n\t\t\t\t<a href=\"\/ht\/resous-yo\/swen-sante\/?utm_source=Home&#038;utm_medium=Referral&#038;utm_campaign=211Resources&#038;utm_content=Health%20Care\"  target=\"_self\" itemprop=\"url\">\n\t\t\t\t<img decoding=\"async\" src=\"https:\/\/211md.org\/wp-content\/uploads\/bb-plugin\/cache\/2025_MdInfoNet_Icon-Sets_Health-Care-square-dee98a0060cbe0e7f27eda253fc12679-.png\" alt=\"\" itemprop=\"image\" onerror=\"this.style.display='none'\" loading=\"lazy\" \/>\n\t\t\t\t<\/a>\n\t\t<h4><a href=\"\/ht\/resous-yo\/timoun-fanmi-yo\/swen-fanmi\/?utm_source=Home&#038;utm_medium=Referral&#038;utm_campaign=211Resources&#038;utm_content=Kinship\" target=\"_self\">Parente<\/a><\/h4>\n\t\t\t\t<a href=\"\/ht\/resous-yo\/timoun-fanmi-yo\/swen-fanmi\/?utm_source=Home&#038;utm_medium=Referral&#038;utm_campaign=211Resources&#038;utm_content=Kinship\"  target=\"_self\" itemprop=\"url\">\n\t\t\t\t<img decoding=\"async\" src=\"https:\/\/211md.org\/wp-content\/uploads\/bb-plugin\/cache\/2025_211_Icon-Sets_Kinship-square-45bdf872866f5735f842c32071109267-.png\" alt=\"Ik\u00f2n fanmi\" itemprop=\"image\" height=\"417\" width=\"417\" title=\"2025_211_Ansanm Ik\u00f2n_Fanmitay\" onerror=\"this.style.display='none'\" loading=\"lazy\" \/>\n\t\t\t\t<\/a>\n\t\t<h4><a href=\"\/ht\/resous-yo\/sevis-legal-yo\/?utm_source=Home&#038;utm_medium=Referral&#038;utm_campaign=211Resources&#038;utm_content=Legal\" target=\"_self\">S\u00e8vis Legal<\/a><\/h4>\n\t\t\t\t<a href=\"\/ht\/resous-yo\/sevis-legal-yo\/?utm_source=Home&#038;utm_medium=Referral&#038;utm_campaign=211Resources&#038;utm_content=Legal\"  target=\"_self\" itemprop=\"url\">\n\t\t\t\t<img decoding=\"async\" src=\"https:\/\/211md.org\/wp-content\/uploads\/bb-plugin\/cache\/2025_MdInfoNet_Icon-Sets_Legal-square-18fdf438feb8435588174d9046463257-.png\" alt=\"\" itemprop=\"image\" onerror=\"this.style.display='none'\" loading=\"lazy\" \/>\n\t\t\t\t<\/a>\n\t\t<h4><a href=\"\/ht\/resous-yo\/sante-mantal\/?utm_source=Home&#038;utm_medium=Referral&#038;utm_campaign=211Resources&#038;utm_content=Mental\" target=\"_self\">Sante mantal<\/a><\/h4>\n\t\t\t\t<a href=\"\/ht\/resous-yo\/sante-mantal\/?utm_source=Home&#038;utm_medium=Referral&#038;utm_campaign=211Resources&#038;utm_content=Mental\"  target=\"_self\" itemprop=\"url\">\n\t\t\t\t<img decoding=\"async\" src=\"https:\/\/211md.org\/wp-content\/uploads\/bb-plugin\/cache\/2025_MdInfoNet_Icon-Sets_Mental-Health-square-c59b38c4a993a947d4c9280fbe2d2fee-.png\" alt=\"\" itemprop=\"image\" onerror=\"this.style.display='none'\" loading=\"lazy\" \/>\n\t\t\t\t<\/a>\n\t\t<h4><a href=\"\/ht\/resous-yo\/mdreentry\/?utm_source=Home&#038;utm_medium=Referral&#038;utm_campaign=211Resources&#038;utm_content=Reentry\" target=\"_self\">Reantre<\/a><\/h4>\n\t\t\t\t<a href=\"\/ht\/resous-yo\/mdreentry\/?utm_source=Home&#038;utm_medium=Referral&#038;utm_campaign=211Resources&#038;utm_content=Reentry\"  target=\"_self\" itemprop=\"url\">\n\t\t\t\t<img decoding=\"async\" src=\"https:\/\/211md.org\/wp-content\/uploads\/bb-plugin\/cache\/2025_211_Icon-Sets_Reentry-square-8676fea38abd920a832f45642fe31cca-.png\" alt=\"Ik\u00f2n Reantre\" itemprop=\"image\" height=\"417\" width=\"417\" title=\"2025_211_Ansanm Ik\u00f2n_Reantre\" onerror=\"this.style.display='none'\" loading=\"lazy\" \/>\n\t\t\t\t<\/a>\n\t\t<h4><a href=\"\/ht\/resous-yo\/itilizasyon-sibstans\/?utm_source=Home&#038;utm_medium=Referral&#038;utm_campaign=211Resources&#038;utm_content=Substance\" target=\"_self\">Itilizasyon sibstans<\/a><\/h4>\n\t\t\t\t<a href=\"\/ht\/resous-yo\/itilizasyon-sibstans\/?utm_source=Home&#038;utm_medium=Referral&#038;utm_campaign=211Resources&#038;utm_content=Substance\"  target=\"_self\" itemprop=\"url\">\n\t\t\t\t<img decoding=\"async\" src=\"https:\/\/211md.org\/wp-content\/uploads\/bb-plugin\/cache\/2025_MdInfoNet_Icon-Sets_Substance-Abuse-square-9022fec9d18a64118ad685c101885b55-.png\" alt=\"\" itemprop=\"image\" onerror=\"this.style.display='none'\" loading=\"lazy\" \/>\n\t\t\t\t<\/a>\n\t\t<h4><a href=\"\/ht\/resous-yo\/veteran-yo\/?utm_source=Home&#038;utm_medium=Referral&#038;utm_campaign=211Resources&#038;utm_content=Veterans\" target=\"_self\">Veteran yo<\/a><\/h4>\n\t\t\t\t<a href=\"\/ht\/resous-yo\/veteran-yo\/?utm_source=Home&#038;utm_medium=Referral&#038;utm_campaign=211Resources&#038;utm_content=Veterans\"  target=\"_self\" itemprop=\"url\">\n\t\t\t\t<img decoding=\"async\" src=\"https:\/\/211md.org\/wp-content\/uploads\/bb-plugin\/cache\/2025_MdInfoNet_Icon-Sets_Rating-square-6e60d00cce4faa8e0a6d4ad7366aa733-.png\" alt=\"\" itemprop=\"image\" onerror=\"this.style.display='none'\" loading=\"lazy\" \/>\n\t\t\t\t<\/a>","protected":false},"excerpt":{"rendered":"<p>Jwenn Resous Toupre Mwen Ch\u00e8che Kounye a Ajoute ajans ou oswa \u00f2ganizasyon w nan baz done resous nou an. \u00c8ske w ap viv nan Frederick oswa nan youn nan kominote ki antoure yo, tankou Ballenger Creek, Buckeystown, New Market, Mount Airy, Woodsboro, Braddock Heights oswa Middletown? Rele 2-1-1 pou w konekte ak resous esansy\u00e8l yo. Ou kapab tou ch\u00e8che baz done a pou jwenn...<\/p>","protected":false},"author":8,"featured_media":3795,"parent":750,"menu_order":0,"comment_status":"closed","ping_status":"closed","template":"","meta":{"footnotes":""},"class_list":["post-1703","page","type-page","status-publish","has-post-thumbnail","hentry"],"_links":{"self":[{"href":"https:\/\/211md.org\/ht\/wp-json\/wp\/v2\/pages\/1703","targetHints":{"allow":["GET"]}}],"collection":[{"href":"https:\/\/211md.org\/ht\/wp-json\/wp\/v2\/pages"}],"about":[{"href":"https:\/\/211md.org\/ht\/wp-json\/wp\/v2\/types\/page"}],"author":[{"embeddable":true,"href":"https:\/\/211md.org\/ht\/wp-json\/wp\/v2\/users\/8"}],"replies":[{"embeddable":true,"href":"https:\/\/211md.org\/ht\/wp-json\/wp\/v2\/comments?post=1703"}],"version-history":[{"count":3,"href":"https:\/\/211md.org\/ht\/wp-json\/wp\/v2\/pages\/1703\/revisions"}],"predecessor-version":[{"id":34080,"href":"https:\/\/211md.org\/ht\/wp-json\/wp\/v2\/pages\/1703\/revisions\/34080"}],"up":[{"embeddable":true,"href":"https:\/\/211md.org\/ht\/wp-json\/wp\/v2\/pages\/750"}],"wp:featuredmedia":[{"embeddable":true,"href":"https:\/\/211md.org\/ht\/wp-json\/wp\/v2\/media\/3795"}],"wp:attachment":[{"href":"https:\/\/211md.org\/ht\/wp-json\/wp\/v2\/media?parent=1703"}],"curies":[{"name":"wp","href":"https:\/\/api.w.org\/{rel}","templated":true}]}}