{"id":1705,"date":"2021-05-12T00:25:51","date_gmt":"2021-05-12T00:25:51","guid":{"rendered":"https:\/\/211md.org\/?page_id=1705"},"modified":"2026-02-04T09:14:10","modified_gmt":"2026-02-04T14:14:10","slug":"konte-allegany","status":"publish","type":"page","link":"https:\/\/211md.org\/ht\/resources-by-county\/allegany-county\/","title":{"rendered":"Allegany County Community Resources"},"content":{"rendered":"<figure data-animation-delay=\"0\" data-animation-duration=\"1\" itemscope itemtype=\"https:\/\/schema.org\/ImageObject\">\n\t\t\t\t<img decoding=\"async\" src=\"https:\/\/stg-maryland211-staging.kinsta.cloud\/wp-content\/uploads\/2025\/08\/5-1-scaled.png\" alt=\"5\" height=\"692\" width=\"2560\" title=\"5\" onerror=\"this.style.display='none'\" loading=\"lazy\" \/>\n\t<\/figure>\n\t\t<p>In Allegany County, 211 callers often request resources for housing, utilities, food, and mental health. This quick guide directs Marylanders to local programs that can assist with these needs.<\/p>\n<p>You can also search for local organizations that can help by ZIP code in the 211 Community Resource Database.<\/p>\n\t\t\t<a href=\"https:\/\/search.211md.org\/\"  target=\"_blank\" rel=\"noopener\">\n\t\t\t\t\t\tSearch for nearby resources\n\t\t\t\t\t<\/a>\n<figure data-animation-delay=\"0\" data-animation-duration=\"1\" itemscope itemtype=\"https:\/\/schema.org\/ImageObject\">\n\t\t\t\t<img decoding=\"async\" src=\"https:\/\/211md.org\/wp-content\/plugins\/bb-plugin\/img\/pixel.png\" alt=\"\" onerror=\"this.style.display='none'\" loading=\"lazy\" \/>\n\t<\/figure>\n<figure data-animation-delay=\"0\" data-animation-duration=\"1.3\" itemscope itemtype=\"https:\/\/schema.org\/ImageObject\">\n\t\t\t\t<img decoding=\"async\" src=\"https:\/\/stg-maryland211-staging.kinsta.cloud\/wp-content\/uploads\/2025\/08\/16.png\" alt=\"16\" height=\"1000\" width=\"1000\" title=\"16\" onerror=\"this.style.display='none'\" loading=\"lazy\" \/>\n\t<\/figure>\n<figure data-animation-delay=\"0\" data-animation-duration=\"1\" itemscope itemtype=\"https:\/\/schema.org\/ImageObject\">\n\t\t\t\t<img decoding=\"async\" src=\"http:\/\/211md.org\/wp-content\/uploads\/2024\/05\/utility-bills.jpg\" alt=\"b\u00f2dwo s\u00e8vis piblik\" title=\"b\u00f2dwo s\u00e8vis piblik\" onerror=\"this.style.display='none'\" loading=\"lazy\" \/>\n\t<\/figure>\n\t\t<h2><a href=\"\/ht\/resous-yo\/asistans-sevis-piblik\/\" target=\"_self\">Asistans s\u00e8vis piblik<\/a><\/h2><p>Do you have a shut-off notice for your utilities?<\/p>\n<p><a href=\"https:\/\/associatedcharities.net\/\" target=\"_blank\" rel=\"noopener\">Asosye \u00f2ganizasyon charitab nan Cumberland<\/a> ofri \u00e8d ijans pou kliyan s\u00e8vis piblik ki resevwa yon avi koupe s\u00e8vis.<\/p>\n<p>Energy assistance grants are also available through the Maryland Office of Home Energy Programs (OHEP) for those who qualify.<\/p>\n<p>Learn more about income qualifications for OHEP\u00a0and other utility assistance programs.<\/p>\n\t\t\t<a href=\"\/ht\/resous-yo\/asistans-sevis-piblik\/\"  target=\"_self\">\n\t\t\t\t\t\tRead 211&#8217;s Guide to Utility Assistance\n\t\t\t\t\t<\/a>\n\t<h2>Get help with food and medicine<\/h2>\n<p>In addition to utility assistance, <a href=\"https:\/\/associatedcharities.net\/\" target=\"_blank\" rel=\"noopener\">Asosye \u00f2ganizasyon charitab nan Cumberland<\/a> can also help with:<\/p>\n<ul>\n<li>manje<\/li>\n<li>rad<\/li>\n<li>medikaman sou preskripsyon<\/li>\n<\/ul>\n<p>They offer food vouchers and groceries, some clothing, and short-term and long-term prescription drug help. The organization assists with emergency medication and prescriptions for immediate needs.<\/p>\n<p>Associated Charities can also help Allegany residents fill out applications for long-term prescription drug programs.<\/p>\n<p>La\u00a0<a href=\"https:\/\/search.211md.org\/search\/676ad679e252a5170f68df86b434dbcc\" target=\"_blank\" rel=\"noopener\">Salvation Army nan Allegany ak Konte Garrett<\/a> is another agency that can help with basic needs.<\/p>\n<p>They have a:<\/p>\n<ul>\n<li>gadmanje manje<\/li>\n<li>free and reduced-cost clothing and furniture<\/li>\n<li>youth programs<\/li>\n<li>program offering financial help with utility bills, fuel, and rent<\/li>\n<\/ul>\n\t\t<h2>Resous Sante Mantal nan Cumberland<\/h2>\n\t\t<p><strong>Si w nan kriz, rele 988 epi pale ak yon espesyalis kriz imedyatman.\u00a0<\/strong><\/p>\n<p>La\u00a0<a href=\"https:\/\/health.maryland.gov\/allegany\/Pages\/MentalHealthServices.aspx\" target=\"_blank\" rel=\"noopener\">Depatman Sante Allegany County<\/a>\u00a0nan Cumberland ofri s\u00e8vis sante mantal pou tout laj. Terapis ki gen lisans, sikyat, ak enfimy\u00e8 pratikan ka adrese pwobl\u00e8m sante mantal.<\/p>\n<p><a href=\"https:\/\/ahecwest.org\/\" target=\"_blank\" rel=\"noopener\">Maryland Area Health Education Center (AHEC) West<\/a> offers residents access to prevention, treatment, and recovery services for opioids and substance use disorders through Healing Allegany. The nine-member community-based consortium of agencies provides behavioral health and counseling services in Cumberland.\u00a0<a href=\"https:\/\/ahecwest.org\/healing-allegany\/\" target=\"_blank\" rel=\"noopener\">Jwenn yon pwogram Healing Allegany<\/a>.<\/p>\n<h3>Find a behavioral health provider<\/h3>\n<p>You can also search for local behavioral health support. The resources are powered by Maryland Information Network, and you can filter the search results by your specific needs.<\/p>\n\t\t\t<a href=\"https:\/\/search.988.mdinfonet.org\/\" target=\"_blank\" rel=\"noopener\">\n\t\t\t\t\t\tSearch for a Provider\n\t\t\t\t\t<\/a>\n\t<h2><b>Sante ak Swen Dant\u00e8\u00a0<\/b><\/h2>\n<p>La\u00a0<a href=\"https:\/\/health.maryland.gov\/allegany\/Pages\/Home.aspx\" target=\"_blank\" rel=\"noopener\">Depatman Sante<\/a>\u00a0gen plizy\u00e8 l\u00f2t s\u00e8vis ki gen rap\u00f2 ak sante, tankou f\u00f2masyon naloxone, t\u00e8s depistaj kans\u00e8 gratis pou moun ki kalifye, vaksinasyon ak s\u00e8vis dant\u00e8 pou timoun ak fanm ansent.<\/p>\n<p><a href=\"https:\/\/health.maryland.gov\/allegany\/Pages\/ChildandPregnantDental.aspx\" target=\"_blank\" rel=\"noopener\">Pwogram dant\u00e8 Maryland Healthy Smiles<\/a> ouvri pou nenp\u00f2t timoun nan Konte Allegany ki gen laj jiska 21 an ak fanm ansent ki nan pwogram Medicaid Maryland ki gen yon kat dant\u00e8 aktif.<\/p>\n<p>AHEC West ofri tou aks\u00e8 a swen dant\u00e8 atrav\u00e8 <a href=\"https:\/\/ahecwest.org\/health-right\/\" target=\"_blank\" rel=\"noopener\">Dwa Sante<\/a>. Li ofri granmoun ki gen revni f\u00e8b aks\u00e8 a s\u00e8vis swen dant\u00e8 ijan tankou fouraj ak ekstraksyon pou moun ki soufri doul\u00e8 oswa ki soufri yon enfeksyon dan. Pwogram Aks\u00e8 Dant\u00e8 a ede 400 moun chak ane.\u00a0<a href=\"https:\/\/ahecwest.org\/health-right\/\" target=\"_blank\" rel=\"noopener\">Gade si w kalifye pou asistans dant\u00e8<\/a>\u00a0atrav\u00e8 Health Right.<\/p>\n<p>&nbsp;<\/p>\n<figure data-animation-delay=\"0\" data-animation-duration=\"1\" itemscope itemtype=\"https:\/\/schema.org\/ImageObject\">\n\t\t\t\t<img decoding=\"async\" src=\"https:\/\/211md.org\/wp-content\/uploads\/2024\/06\/Job-training-in-a-warehouse.jpg\" alt=\"F\u00f2masyon travay nan yon depo\" height=\"800\" width=\"1200\" title=\"F\u00f2masyon travay nan yon depo\" onerror=\"this.style.display='none'\" loading=\"lazy\" \/>\n\t<\/figure>\n\t\t<h2><a href=\"http:\/\/westernmarylandconsortium.org\/\" target=\"_blank\" rel=\"noopener\">F\u00f2masyon travay<\/a><\/h2><p>If you need help finding a job, The\u00a0Western Maryland Consortium can provide job skills for residents in Allegany, Garrett and Washington counties. Services available include support with:<\/p>\n<ul>\n<li aria-level=\"1\">Rezime kreyasyon<\/li>\n<li aria-level=\"1\">Rech\u00e8ch travay<\/li>\n<li aria-level=\"1\">Enf\u00f2masyon sou kary\u00e8<\/li>\n<li aria-level=\"1\">T\u00e8s enter\u00e8 ak evalyasyon<\/li>\n<li aria-level=\"1\">Jesyon ka<\/li>\n<li aria-level=\"1\">Atelye<\/li>\n<li aria-level=\"1\">F\u00f2masyon konpetans<\/li>\n<\/ul>\n<p>Connect with The Western Maryland Consortium.<\/p>\n\t\t\t<a href=\"http:\/\/westernmarylandconsortium.org\/\" target=\"_blank\" rel=\"noopener\">\n\t\t\t\t\t\tGet Job Help\n\t\t\t\t\t<\/a>\n\t<h3>Search nearby counties<\/h3>\n<p>You can also search for help in nearby counties as some organizations serve residents in neighboring areas. Search for help in <a href=\"https:\/\/211md.org\/ht\/resous-pa-konte\/garrett-konte\/\">Garrett<\/a> epi <a href=\"https:\/\/211md.org\/ht\/resous-pa-konte\/konte-washington\/\">Washington Counties<\/a>.<\/p>\n\t\t<h4><a href=\"\/ht\/resous-yo\/aje-andikap\/?utm_source=Home&#038;utm_medium=Referral&#038;utm_campaign=211Resources&#038;utm_content=Aging\" target=\"_self\">Aje ak Andikap<\/a><\/h4><figure itemscope itemtype=\"https:\/\/schema.org\/ImageObject\">\n\t\t\t\t<a href=\"\/ht\/resous-yo\/aje-andikap\/?utm_source=Home&#038;utm_medium=Referral&#038;utm_campaign=211Resources&#038;utm_content=Aging\"  target=\"_self\" itemprop=\"url\">\n\t\t\t\t<img decoding=\"async\" src=\"https:\/\/211md.org\/wp-content\/uploads\/bb-plugin\/cache\/2025_MdInfoNet_Icon-Sets_Aging-disability-square-c466727102cae71e5f27b8539bb51945-.png\" alt=\"\" onerror=\"this.style.display='none'\" loading=\"lazy\" \/>\n\t\t\t\t<\/a>\n\t<\/figure>\n\t\t<h4><a href=\"\/ht\/resous-yo\/timoun-fanmi-yo\/?utm_source=Home&#038;utm_medium=Referral&#038;utm_campaign=211Resources&#038;utm_content=Children\" target=\"_self\">Timoun ak Fanmi<\/a><\/h4><figure itemscope itemtype=\"https:\/\/schema.org\/ImageObject\">\n\t\t\t\t<a href=\"\/ht\/resous-yo\/timoun-fanmi-yo\/?utm_source=Home&#038;utm_medium=Referral&#038;utm_campaign=211Resources&#038;utm_content=Children\"  target=\"_self\" itemprop=\"url\">\n\t\t\t\t<img decoding=\"async\" src=\"https:\/\/211md.org\/wp-content\/uploads\/bb-plugin\/cache\/2025_211_Icon-Sets_Child-care-square-f3b0d4edab3dcc467fadb5f55f4064c6-.png\" alt=\"parent and child icon for child care\" height=\"417\" width=\"417\" title=\"2025_211_Ansanm Ik\u00f2n_Swen Timoun\" onerror=\"this.style.display='none'\" loading=\"lazy\" \/>\n\t\t\t\t<\/a>\n\t<\/figure>\n\t\t<h4><a href=\"\/ht\/resous-yo\/vyolans-familyal-domestik\/?utm_source=Home&#038;utm_medium=Referral&#038;utm_campaign=211Resources&#038;utm_content=Domestic\" target=\"_self\">Vyolans domestik<\/a><\/h4><figure itemscope itemtype=\"https:\/\/schema.org\/ImageObject\">\n\t\t\t\t<a href=\"\/ht\/resous-yo\/vyolans-familyal-domestik\/?utm_source=Home&#038;utm_medium=Referral&#038;utm_campaign=211Resources&#038;utm_content=Domestic\"  target=\"_self\" itemprop=\"url\">\n\t\t\t\t<img decoding=\"async\" src=\"https:\/\/211md.org\/wp-content\/uploads\/bb-plugin\/cache\/2025_211_Icon-Sets_Domestic-Violence-square-7b597694a6f05fe90cdc376aa573bc63-.png\" alt=\"House with a heart in the middle icon\" height=\"417\" width=\"417\" title=\"2025_211_Ansanm Ik\u00f2n_Vyolans Domestik\" onerror=\"this.style.display='none'\" loading=\"lazy\" \/>\n\t\t\t\t<\/a>\n\t<\/figure>\n\t\t<h4><a href=\"\/ht\/resous-yo\/rechech-travay\/?utm_source=Home&#038;utm_medium=Referral&#038;utm_campaign=211Resources&#038;utm_content=Employment\" target=\"_self\">Travay<\/a><\/h4><figure itemscope itemtype=\"https:\/\/schema.org\/ImageObject\">\n\t\t\t\t<a href=\"\/ht\/resous-yo\/rechech-travay\/?utm_source=Home&#038;utm_medium=Referral&#038;utm_campaign=211Resources&#038;utm_content=Employment\"  target=\"_self\" itemprop=\"url\">\n\t\t\t\t<img decoding=\"async\" src=\"https:\/\/211md.org\/wp-content\/uploads\/bb-plugin\/cache\/2025_MdInfoNet_Icon-Sets_Employment-square-44707bd410e4df10a470bf130ebcea86-.png\" alt=\"\" onerror=\"this.style.display='none'\" loading=\"lazy\" \/>\n\t\t\t\t<\/a>\n\t<\/figure>\n\t\t<h4><a href=\"\/ht\/resous-yo\/swen-sante\/?utm_source=Home&#038;utm_medium=Referral&#038;utm_campaign=211Resources&#038;utm_content=Health%20Care\" target=\"_self\">Swen Sante<\/a><\/h4><figure itemscope itemtype=\"https:\/\/schema.org\/ImageObject\">\n\t\t\t\t<a href=\"\/ht\/resous-yo\/swen-sante\/?utm_source=Home&#038;utm_medium=Referral&#038;utm_campaign=211Resources&#038;utm_content=Health%20Care\"  target=\"_self\" itemprop=\"url\">\n\t\t\t\t<img decoding=\"async\" src=\"https:\/\/211md.org\/wp-content\/uploads\/bb-plugin\/cache\/2025_MdInfoNet_Icon-Sets_Health-Care-square-dee98a0060cbe0e7f27eda253fc12679-.png\" alt=\"\" onerror=\"this.style.display='none'\" loading=\"lazy\" \/>\n\t\t\t\t<\/a>\n\t<\/figure>\n\t\t<h4><a href=\"\/ht\/resous-yo\/timoun-fanmi-yo\/swen-fanmi\/?utm_source=Home&#038;utm_medium=Referral&#038;utm_campaign=211Resources&#038;utm_content=Kinship\" target=\"_self\">Parente<\/a><\/h4><figure itemscope itemtype=\"https:\/\/schema.org\/ImageObject\">\n\t\t\t\t<a href=\"\/ht\/resous-yo\/timoun-fanmi-yo\/swen-fanmi\/?utm_source=Home&#038;utm_medium=Referral&#038;utm_campaign=211Resources&#038;utm_content=Kinship\"  target=\"_self\" itemprop=\"url\">\n\t\t\t\t<img decoding=\"async\" src=\"https:\/\/211md.org\/wp-content\/uploads\/bb-plugin\/cache\/2025_211_Icon-Sets_Kinship-square-45bdf872866f5735f842c32071109267-.png\" alt=\"Ik\u00f2n fanmi\" height=\"417\" width=\"417\" title=\"2025_211_Ansanm Ik\u00f2n_Fanmitay\" onerror=\"this.style.display='none'\" loading=\"lazy\" \/>\n\t\t\t\t<\/a>\n\t<\/figure>\n\t\t<h4><a href=\"\/ht\/resous-yo\/sevis-legal-yo\/?utm_source=Home&#038;utm_medium=Referral&#038;utm_campaign=211Resources&#038;utm_content=Legal\" target=\"_self\">S\u00e8vis Legal<\/a><\/h4><figure itemscope itemtype=\"https:\/\/schema.org\/ImageObject\">\n\t\t\t\t<a href=\"\/ht\/resous-yo\/sevis-legal-yo\/?utm_source=Home&#038;utm_medium=Referral&#038;utm_campaign=211Resources&#038;utm_content=Legal\"  target=\"_self\" itemprop=\"url\">\n\t\t\t\t<img decoding=\"async\" src=\"https:\/\/211md.org\/wp-content\/uploads\/bb-plugin\/cache\/2025_MdInfoNet_Icon-Sets_Legal-square-18fdf438feb8435588174d9046463257-.png\" alt=\"\" onerror=\"this.style.display='none'\" loading=\"lazy\" \/>\n\t\t\t\t<\/a>\n\t<\/figure>\n\t\t<h4><a href=\"\/ht\/resous-yo\/sante-mantal\/?utm_source=Home&#038;utm_medium=Referral&#038;utm_campaign=211Resources&#038;utm_content=Mental\" target=\"_self\">Sante mantal<\/a><\/h4><figure itemscope itemtype=\"https:\/\/schema.org\/ImageObject\">\n\t\t\t\t<a href=\"\/ht\/resous-yo\/sante-mantal\/?utm_source=Home&#038;utm_medium=Referral&#038;utm_campaign=211Resources&#038;utm_content=Mental\"  target=\"_self\" itemprop=\"url\">\n\t\t\t\t<img decoding=\"async\" src=\"https:\/\/211md.org\/wp-content\/uploads\/bb-plugin\/cache\/2025_MdInfoNet_Icon-Sets_Mental-Health-square-c59b38c4a993a947d4c9280fbe2d2fee-.png\" alt=\"\" onerror=\"this.style.display='none'\" loading=\"lazy\" \/>\n\t\t\t\t<\/a>\n\t<\/figure>\n\t\t<h4><a href=\"\/ht\/resous-yo\/mdreentry\/?utm_source=Home&#038;utm_medium=Referral&#038;utm_campaign=211Resources&#038;utm_content=Reentry\" target=\"_self\">Reantre<\/a><\/h4><figure itemscope itemtype=\"https:\/\/schema.org\/ImageObject\">\n\t\t\t\t<a href=\"\/ht\/resous-yo\/mdreentry\/?utm_source=Home&#038;utm_medium=Referral&#038;utm_campaign=211Resources&#038;utm_content=Reentry\"  target=\"_self\" itemprop=\"url\">\n\t\t\t\t<img decoding=\"async\" src=\"https:\/\/211md.org\/wp-content\/uploads\/bb-plugin\/cache\/2025_211_Icon-Sets_Reentry-square-8676fea38abd920a832f45642fe31cca-.png\" alt=\"Ik\u00f2n Reantre\" height=\"417\" width=\"417\" title=\"2025_211_Ansanm Ik\u00f2n_Reantre\" onerror=\"this.style.display='none'\" loading=\"lazy\" \/>\n\t\t\t\t<\/a>\n\t<\/figure>\n\t\t<h4><a href=\"\/ht\/resous-yo\/itilizasyon-sibstans\/?utm_source=Home&#038;utm_medium=Referral&#038;utm_campaign=211Resources&#038;utm_content=Substance\" target=\"_self\">Itilizasyon sibstans<\/a><\/h4><figure itemscope itemtype=\"https:\/\/schema.org\/ImageObject\">\n\t\t\t\t<a href=\"\/ht\/resous-yo\/itilizasyon-sibstans\/?utm_source=Home&#038;utm_medium=Referral&#038;utm_campaign=211Resources&#038;utm_content=Substance\"  target=\"_self\" itemprop=\"url\">\n\t\t\t\t<img decoding=\"async\" src=\"https:\/\/211md.org\/wp-content\/uploads\/bb-plugin\/cache\/2025_MdInfoNet_Icon-Sets_Substance-Abuse-square-4f414f085e657267739c181957754f48-.png\" alt=\"Pills for substance Use icon\" title=\"2025_MdInfoNet_Icon-Sets_Substance-Abuse\" onerror=\"this.style.display='none'\" loading=\"lazy\" \/>\n\t\t\t\t<\/a>\n\t<\/figure>\n\t\t<h4><a href=\"\/ht\/resous-yo\/sevis-taks\/\" target=\"_self\">Enpo<\/a><\/h4><figure itemscope itemtype=\"https:\/\/schema.org\/ImageObject\">\n\t\t\t\t<a href=\"\/ht\/resous-yo\/sevis-taks\/\"  target=\"_self\" itemprop=\"url\">\n\t\t\t\t<img decoding=\"async\" src=\"https:\/\/211md.org\/wp-content\/uploads\/bb-plugin\/cache\/2025_MdInfoNet_Icon-Sets_Taxes-square-e2aa520919327b1fa037ee92d1164ad1-.png\" alt=\"Piece of paper for blue tax icon\" height=\"417\" width=\"417\" title=\"2025_MdInfoNet_Icon-Sets_Taxes\" onerror=\"this.style.display='none'\" loading=\"lazy\" \/>\n\t\t\t\t<\/a>\n\t<\/figure>\n\t\t<h4><a href=\"\/ht\/resous-yo\/veteran-yo\/?utm_source=Home&#038;utm_medium=Referral&#038;utm_campaign=211Resources&#038;utm_content=Veterans\" target=\"_self\">Veteran yo<\/a><\/h4><figure itemscope itemtype=\"https:\/\/schema.org\/ImageObject\">\n\t\t\t\t<a href=\"\/ht\/resous-yo\/veteran-yo\/?utm_source=Home&#038;utm_medium=Referral&#038;utm_campaign=211Resources&#038;utm_content=Veterans\"  target=\"_self\" itemprop=\"url\">\n\t\t\t\t<img decoding=\"async\" src=\"https:\/\/211md.org\/wp-content\/uploads\/bb-plugin\/cache\/2025_MdInfoNet_Icon-Sets_Rating-square-6e60d00cce4faa8e0a6d4ad7366aa733-.png\" alt=\"\" onerror=\"this.style.display='none'\" loading=\"lazy\" \/>\n\t\t\t\t<\/a>\n\t<\/figure>","protected":false},"excerpt":{"rendered":"<p>In Allegany County, 211 callers often request resources for housing, utilities, food, and mental health. This quick guide directs Marylanders to local programs that can assist with these needs. You can also search for local organizations that can help by ZIP code in the 211 Community Resource Database. Search for nearby resources Utility Assistance Do&hellip;<\/p>","protected":false},"author":8,"featured_media":34322,"parent":750,"menu_order":0,"comment_status":"closed","ping_status":"closed","template":"","meta":{"footnotes":""},"class_list":["post-1705","page","type-page","status-publish","has-post-thumbnail","hentry"],"_links":{"self":[{"href":"https:\/\/211md.org\/ht\/wp-json\/wp\/v2\/pages\/1705","targetHints":{"allow":["GET"]}}],"collection":[{"href":"https:\/\/211md.org\/ht\/wp-json\/wp\/v2\/pages"}],"about":[{"href":"https:\/\/211md.org\/ht\/wp-json\/wp\/v2\/types\/page"}],"author":[{"embeddable":true,"href":"https:\/\/211md.org\/ht\/wp-json\/wp\/v2\/users\/8"}],"replies":[{"embeddable":true,"href":"https:\/\/211md.org\/ht\/wp-json\/wp\/v2\/comments?post=1705"}],"version-history":[{"count":5,"href":"https:\/\/211md.org\/ht\/wp-json\/wp\/v2\/pages\/1705\/revisions"}],"predecessor-version":[{"id":4621,"href":"https:\/\/211md.org\/ht\/wp-json\/wp\/v2\/pages\/1705\/revisions\/4621"}],"up":[{"embeddable":true,"href":"https:\/\/211md.org\/ht\/wp-json\/wp\/v2\/pages\/750"}],"wp:featuredmedia":[{"embeddable":true,"href":"https:\/\/211md.org\/ht\/wp-json\/wp\/v2\/media\/34322"}],"wp:attachment":[{"href":"https:\/\/211md.org\/ht\/wp-json\/wp\/v2\/media?parent=1705"}],"curies":[{"name":"wp","href":"https:\/\/api.w.org\/{rel}","templated":true}]}}