{"id":1937,"date":"2021-05-26T19:27:53","date_gmt":"2021-05-26T19:27:53","guid":{"rendered":"https:\/\/211md.org\/?page_id=1937"},"modified":"2023-10-31T14:59:25","modified_gmt":"2023-10-31T18:59:25","slug":"chape-anba-tristes","status":"publish","type":"page","link":"https:\/\/211md.org\/ht\/escaping-sadness\/","title":{"rendered":"Chape Trist\u00e8s"},"content":{"rendered":"<h1>\n\t\tOu santi w akable?\n\t<\/h1>\n\t<h2>Ou pa pou kont ou. 211 Maryland ka ede.<br>\nEnskri Pou Enspire Mesaj Sip\u00f2 De<\/h2>\n<h2>MMININDHEALTH \/ MDSALUDMENTAL.<\/h2>\n\t\t\t<a href=\"sms:\/\/898-211;?&amp;body=MDMindHealth\" target=\"_blank\" rel=\"noopener\">\n\t\t\t\t\t\t\tEnskri Kounye a\n\t\t\t\t\t<\/a>\n\t\t\t<a href=\"sms:\/\/898-211;?&amp;body=MDSaludMental\" target=\"_blank\" rel=\"noopener\">\n\t\t\t\t\t\t\tEnskri kounye a\n\t\t\t\t\t<\/a>\n\t<p>T\u00e8ks MDMindHealth nan 898-211. Para Espa\u00f1ol, t\u00e8ks MDSaludMental nan 898-211.<\/p>\n<h2>\n\t\t#escapingsadness\n\t<\/h2>\n<h2>\n\t\tKi jan li fonksyone\n\t<\/h2>\n\t\t\t\t<img loading=\"lazy\" decoding=\"async\" src=\"https:\/\/211md.org\/wp-content\/uploads\/2021\/05\/Screen-Shot-2021-05-26-at-11.27.15-AM.svg\" alt=\"Imaj Nimewo 1 la\" itemprop=\"image\" height=\"150\" width=\"150\" title=\"Imaj Nimewo 1 la\" onerror=\"this.style.display='none'\">\n<h3>T\u00e8ks<\/h3>\t\t\n\t\t\t<p>T\u00e8ks&nbsp;<strong>MDMindHealth<\/strong>&nbsp;nan 898-211<\/p>\n<p>Para Espa\u00f1ol, t\u00e8ks&nbsp;<strong>MDSaludMental<\/strong>&nbsp;yon 898-211<\/p>\nFrekans mesaj yo ka varye. Pousantaj mesaj ak done yo ka aplike.<br>\nT\u00e8ks STOP pou dezab\u00f2nman.&nbsp;<strong><a href=\"https:\/\/211md.org\/ht\/sms\/\">R\u00e8g sou enf\u00f2masyon prive ak kondisyon s\u00e8vis yo<\/a>.<\/strong>\n\t\t\t\t<img loading=\"lazy\" decoding=\"async\" src=\"https:\/\/211md.org\/wp-content\/uploads\/2021\/05\/Screen-Shot-2021-05-26-at-11.27.25-AM.svg\" alt=\"Imaj nimewo 2 la\" itemprop=\"image\" height=\"150\" width=\"150\" title=\"Imaj Nimewo 2 la\" onerror=\"this.style.display='none'\">\n<h3>Jwenn Sip\u00f2<\/h3>\t\t\n\t\t\t<p>Nou pral voye mesaj t\u00e8ks sip\u00f2. Ou nan ch\u00e8z chof\u00e8 a. Pale ak yon pwofesyon\u00e8l viv oswa refize nenp\u00f2t ki l\u00e8.<\/p>\n\t\t\t\t<img loading=\"lazy\" decoding=\"async\" src=\"https:\/\/211md.org\/wp-content\/uploads\/2021\/05\/Screen-Shot-2021-05-26-at-11.27.40-AM.svg\" alt=\"Imaj nimewo 3 la\" itemprop=\"image\" height=\"149\" width=\"149\" title=\"Imaj Nimewo 3 la\" onerror=\"this.style.display='none'\">\n<h3>Antre nan kominote a<\/h3>\t\t\n\t\t\t<p>Antre nan kominote nou an pou jwenn l\u00f2t moun ki ka gen rap\u00f2 ak jwenn sip\u00f2 kontinye.<\/p>","protected":false},"excerpt":{"rendered":"<p>Ou santi w akable? Ou pa pou kont ou. 211 Maryland ka ede. Enskri Pou Mesaj Sip\u00f2 Enspire MMININDHEALTH \/ MDSALUDMENTAL. Enskri Kounye a Anrejistre Ahora T\u00e8ks MDMindHealth nan 898-211. Para Espa\u00f1ol, t\u00e8ks MDSaludMental nan 898-211. #escapingsadness Kouman li fonksyone T\u00e8ks MDMindHealth nan 898-211 Para Espa\u00f1ol, texto MDSaludMental a 898-211 Frekans mesaj yo ka varye. Pousantaj mesaj ak done yo ka...<\/p>","protected":false},"author":8,"featured_media":0,"parent":0,"menu_order":0,"comment_status":"closed","ping_status":"closed","template":"","meta":{"footnotes":""},"class_list":["post-1937","page","type-page","status-publish","hentry"],"_links":{"self":[{"href":"https:\/\/211md.org\/ht\/wp-json\/wp\/v2\/pages\/1937","targetHints":{"allow":["GET"]}}],"collection":[{"href":"https:\/\/211md.org\/ht\/wp-json\/wp\/v2\/pages"}],"about":[{"href":"https:\/\/211md.org\/ht\/wp-json\/wp\/v2\/types\/page"}],"author":[{"embeddable":true,"href":"https:\/\/211md.org\/ht\/wp-json\/wp\/v2\/users\/8"}],"replies":[{"embeddable":true,"href":"https:\/\/211md.org\/ht\/wp-json\/wp\/v2\/comments?post=1937"}],"version-history":[{"count":0,"href":"https:\/\/211md.org\/ht\/wp-json\/wp\/v2\/pages\/1937\/revisions"}],"wp:attachment":[{"href":"https:\/\/211md.org\/ht\/wp-json\/wp\/v2\/media?parent=1937"}],"curies":[{"name":"wp","href":"https:\/\/api.w.org\/{rel}","templated":true}]}}