{"id":1955,"date":"2021-05-26T21:47:39","date_gmt":"2021-05-26T21:47:39","guid":{"rendered":"https:\/\/211md.org\/?page_id=1955"},"modified":"2024-07-26T11:25:04","modified_gmt":"2024-07-26T15:25:04","slug":"sispann-stigma-a","status":"publish","type":"page","link":"https:\/\/211md.org\/ht\/stop-the-stigma\/","title":{"rendered":"One Stop Stigma a"},"content":{"rendered":"<h1>\n\t\tOne Stop Stigma a\n\t<\/h1>\n\t<h2>Sip\u00f2 ki gen rap\u00f2 ak opioid disponib pou moun, zanmi, manm fanmi ak pwofesyon\u00e8l.<\/h2>\n\t\t\t<a href=\"sms:\/\/898-211;?&#038;body=MDHope\" target=\"_blank\" rel=\"noopener\">\n\t\t\t\t\t\t\tEnskri Kounye a\n\t\t\t\t\t<\/a>\n<p>Si w sou mobil, klike sou bouton an pou ouvri mesaj t\u00e8ks. Sinon, voye t\u00e8ks MHDope nan 898-211.<\/p>\n<h2>\n\t\t#stopthestigmamd\n\t<\/h2>\n<h2>\n\t\tKi jan li fonksyone\n\t<\/h2>\n\t\t\t\t<img loading=\"lazy\" decoding=\"async\" src=\"https:\/\/211md.org\/wp-content\/uploads\/2021\/05\/Screen-Shot-2021-05-26-at-11.27.15-AM.svg\" alt=\"Imaj Nimewo 1 la\" itemprop=\"image\" height=\"150\" width=\"150\" title=\"Imaj Nimewo 1 la\" onerror=\"this.style.display='none'\"  \/>\n<h3>T\u00e8ks<\/h3><p>T\u00e8ks\u00a0<strong>MDHope<\/strong>\u00a0bay 898-211 pou w ka enskri pou t\u00e8ks yo.\u00a0<sup>1<\/sup><\/p>\n\t\t\t\t<img loading=\"lazy\" decoding=\"async\" src=\"https:\/\/211md.org\/wp-content\/uploads\/2021\/05\/Screen-Shot-2021-05-26-at-11.27.25-AM.svg\" alt=\"Imaj nimewo 2 la\" itemprop=\"image\" height=\"150\" width=\"150\" title=\"Imaj Nimewo 2 la\" onerror=\"this.style.display='none'\"  \/>\n<h3>Jwenn Sip\u00f2<\/h3><p>Jwenn opsyon tretman, jwenn enf\u00f2masyon sou Naloxone (medikaman pou surdozaj), jwenn sip\u00f2 oswa pale ak yon pwofesyon\u00e8l.<\/p>\n\t\t\t\t<img loading=\"lazy\" decoding=\"async\" src=\"https:\/\/211md.org\/wp-content\/uploads\/2021\/05\/Screen-Shot-2021-05-26-at-11.27.40-AM.svg\" alt=\"Imaj nimewo 3 la\" itemprop=\"image\" height=\"149\" width=\"149\" title=\"Imaj Nimewo 3 la\" onerror=\"this.style.display='none'\"  \/>\n<h3>S\u00e8vi ak ankadreman Facebook nou an<\/h3><p>Montre sip\u00f2 ou l\u00e8 w s\u00e8vi ak nou an\u00a0<sup>2<\/sup><strong><a href=\"http:\/\/www.facebook.com\/profilepicframes\/?selected_overlay_id=213799703839814\" target=\"_blank\" rel=\"noopener\">Sispann Facebook Stigma a<\/a><\/strong>\u00a0ankadreman.<\/p>\n<p><sup>1 <\/sup><em>211 Maryland ofri pwogram al\u00e8t mesaj t\u00e8ks ki bay enf\u00f2masyon sou resous espesifik rejyon yo oswa bay al\u00e8t pou katastw\u00f2f. T\u00e8ks STOP nan menm nimewo a pou dezab\u00f2ne. T\u00e8m konpl\u00e8 SMS nan <a href=\"https:\/\/211md.org\/ht\/sms\/\">https:\/\/211md.org\/sms\/<\/a> pral aplike tou.<\/em><\/p>\n<p><sup>2<\/sup>\u00a0Ale nan foto pwofil ou a, chwazi ajoute ankadreman, epi ch\u00e8che Stop The Stigma Maryland. Pataje ankadreman an ak zanmi ak manm fanmi yo. Si w itilize Instagram, Twitter oswa LinkedIn,\u00a0<a href=\"https:\/\/211md.org\/wp-content\/uploads\/2021\/05\/stop-the-opioid-stigma-hand.jpg\" target=\"_blank\" rel=\"noopener\">telechaje imaj sa a<\/a>\u00a0epi s\u00e8vi ak li k\u00f2m foto pwofil ou.<\/p>","protected":false},"excerpt":{"rendered":"<p>Sispann ki gen rap\u00f2 ak opioyid Stop Stigma Disponib pou moun, zanmi, manm fanmi ak pwofesyon\u00e8l. Enskri kounye a Si w sou mobil, klike sou bouton an pou w louvri mesaj t\u00e8ks. Sinon, voye t\u00e8ks MHDope nan 898-211. #stopthestigmamd Kijan Li Fonksyone T\u00e8ks T\u00e8ks MDHope nan 898-211 pou w ka enskri pou w jwenn t\u00e8ks. 1 Jwenn sip\u00f2 Ch\u00e8che opsyon tretman, jwenn enf\u00f2masyon sou Naloxone...<\/p>","protected":false},"author":8,"featured_media":0,"parent":0,"menu_order":0,"comment_status":"closed","ping_status":"closed","template":"","meta":{"footnotes":""},"class_list":["post-1955","page","type-page","status-publish","hentry"],"_links":{"self":[{"href":"https:\/\/211md.org\/ht\/wp-json\/wp\/v2\/pages\/1955","targetHints":{"allow":["GET"]}}],"collection":[{"href":"https:\/\/211md.org\/ht\/wp-json\/wp\/v2\/pages"}],"about":[{"href":"https:\/\/211md.org\/ht\/wp-json\/wp\/v2\/types\/page"}],"author":[{"embeddable":true,"href":"https:\/\/211md.org\/ht\/wp-json\/wp\/v2\/users\/8"}],"replies":[{"embeddable":true,"href":"https:\/\/211md.org\/ht\/wp-json\/wp\/v2\/comments?post=1955"}],"version-history":[{"count":0,"href":"https:\/\/211md.org\/ht\/wp-json\/wp\/v2\/pages\/1955\/revisions"}],"wp:attachment":[{"href":"https:\/\/211md.org\/ht\/wp-json\/wp\/v2\/media?parent=1955"}],"curies":[{"name":"wp","href":"https:\/\/api.w.org\/{rel}","templated":true}]}}