{"id":1963,"date":"2021-05-27T13:01:12","date_gmt":"2021-05-27T13:01:12","guid":{"rendered":"https:\/\/211md.org\/?page_id=1963"},"modified":"2023-08-02T09:40:34","modified_gmt":"2023-08-02T13:40:34","slug":"ed-pou-lokasyon-covid","status":"publish","type":"page","link":"https:\/\/211md.org\/ht\/resources\/housing-shelter\/covid-rental-help\/","title":{"rendered":"\u00c8d pou lokasyon COVID"},"content":{"rendered":"<h2>Pwogram Asistans pou Lwaye Ijans nan Maryland (ERAP)<\/h2>\n<p>\u00c8ske w gen pwobl\u00e8m pou peye lwaye w ak\u00f2z COVID-19? Ou ka elijib pou \u00e8d finansy\u00e8 ak peman lokasyon akty\u00e8l oswa ki anreta. Anpil pwogram te fin itilize finansman pou \u00e8d pou lwaye ki gen rap\u00f2 ak COVID-19, men ou ka toujou kapab jwenn \u00e8d atrav\u00e8 yon l\u00f2t. <a href=\"https:\/\/211md.org\/ht\/resous-yo\/abri-lojman\/\">sous lojman<\/a>. Si w bezwen \u00e8d ak lwaye a, rele 2-1-1.<\/p>\n<p>Pwopriyet\u00e8 yo ka ede lokat\u00e8 yo aplike pou sip\u00f2 tou.<\/p>\n\t<iframe loading=\"lazy\" width=\"560\" height=\"315\" src=\"https:\/\/www.youtube.com\/embed\/6Fomy15JX-E\" title=\"jw\u00e8 videyo YouTube\" frameborder=\"0\" allow=\"accelerometer; autoplay; clipboard-write; encrypted-media; gyroscope; picture-in-picture\" allowfullscreen><\/iframe>\n\t<p>Fason ou aplike pou \u00e8d depann de kote w ap viv la. La\u00a0<a href=\"https:\/\/dhcd.maryland.gov\/Pages\/EvictionPrevention\/default.aspx\" target=\"_blank\" rel=\"noopener\">Depatman Lojman ak Devlopman Kominot\u00e8 Maryland<\/a> travay ak jiridiksyon lokal yo ak konpayi jesyon pwopriyete pou distribye lajan federal yo.<\/p>\n<h3><b>Jwenn \u00e8d lokal pou lwaye<\/b><\/h3>\n<p>Finansman limite, epi chak kay pa ka resevwa asistans. Pandan ke k\u00e8k pwogram gen non diferan, pif\u00f2 yo konsidere k\u00f2m Pwogram Asistans pou Lwaye Ijans oswa ERAP.<\/p>\n<p>Eta a ap travay an patenarya ak ajans lokal yo pou administre fon yo.<\/p>\n<p>Aprann sou pwosesis aplikasyon an, dokiman ki neses\u00e8 yo, direktiv sou revni ak ajans patn\u00e8 yo.<\/p>\n<p><strong>Remak: Anpil pwogram te fini.<\/strong><\/p>\n<ul>\n<li><a href=\"https:\/\/covidrentrelief.alleghenycounty.us\/\" target=\"_blank\" rel=\"noopener\">Allegany ERAP \u2013 pwogram fini<\/a><\/li>\n<li><a href=\"https:\/\/acdsinc.org\/housing-resources\/renters\/acds-eviction-prevention-program\/\" target=\"_blank\" rel=\"noopener\">Anne Arundel Community Development Services (ACDS) Pwogram Prevansyon Deg\u00e8pisman<\/a><\/li>\n<li><a href=\"https:\/\/www.bmorechildren.com\/residents\" target=\"_blank\" rel=\"noopener\">Asistans pou lokasyon vil Baltimore<\/a><\/li>\n<li><a href=\"https:\/\/www.baltimorecountymd.gov\/departments\/housing\/eviction-prevention-program\" target=\"_blank\" rel=\"noopener\">Pwogram Prevansyon Deg\u00e8pisman Baltimore County COVID-19<\/a><\/li>\n<li><a href=\"https:\/\/www.calvertcountymd.gov\/3056\/Rental-Assistance-Form\" target=\"_blank\" rel=\"noopener\">Asistans pou Lwaye Konte Calvert<\/a><\/li>\n<li><a href=\"https:\/\/carolinemd.seamlessdocs.com\/f\/RENTUTILITY\" target=\"_blank\" rel=\"noopener\">Caroline County ERAP<\/a><\/li>\n<li><a href=\"https:\/\/www.carrollcountymd.gov\/government\/directory\/citizen-services\/housing-community-development\" target=\"_blank\" rel=\"noopener\">Konte Carroll<\/a><\/li>\n<li><a href=\"https:\/\/www.ccgov.org\/government\/community-services\/housing\" target=\"_blank\" rel=\"noopener\">Konte Cecil<\/a><\/li>\n<li>Konte Charles (<a href=\"https:\/\/charlescountydss.com\/eviction\" target=\"_blank\" rel=\"noopener\">Depatman S\u00e8vis Sosyal<\/a>\u00a0epi\u00a0<a href=\"https:\/\/www.smtccac.org\/emergency-assistance.aspx\" target=\"_blank\" rel=\"noopener\">Southern Maryland Tri-County Community Action Committee (SMTCCAC) ERAP<\/a>) - fini<\/li>\n<li>Konte Dorchester<\/li>\n<li>Frederick County \u2013 te fini, men <a href=\"https:\/\/thereligiouscoalition.org\/need-help\/rental-assistance-program\/\" target=\"_blank\" rel=\"noopener\">Kowalisyon relijye a<\/a> ka kapab ede ak lwaye d\u00e8y\u00e8<\/li>\n<li><a href=\"https:\/\/www.howardcountymd.gov\/DHCD-COVID\" target=\"_blank\" rel=\"noopener\">Soulajman Peman Lojman Konte Howard COVID-19<\/a> \u2013 fini<\/li>\n<li><a href=\"https:\/\/www.mrdc.net\/our-programs\/housing\/erap\/\" target=\"_blank\" rel=\"noopener\">Konte Kent Maryland Devlopman Riral COVID-19 ERAP<\/a><\/li>\n<li><a href=\"https:\/\/www.princegeorgescountymd.gov\/3703\/Emergency-Rental-Assistance-Program\" target=\"_blank\" rel=\"noopener\">Pwogram Asistans pou Lwaye Ijans Konte Prince George<\/a><\/li>\n<li><a href=\"https:\/\/www.qac.org\/154\/Housing\" target=\"_blank\" rel=\"noopener\">Konte R\u00e8n Anne<\/a><\/li>\n<li><a href=\"https:\/\/talbotcovid19.org\/financial-assistance\/\" target=\"_blank\" rel=\"noopener\">Konte Talbot<\/a><\/li>\n<li><a href=\"https:\/\/www.wicomicocounty.org\/728\/Emergency-Rental-Assistance-Program\" target=\"_blank\" rel=\"noopener\">Konte Wicomico<\/a><\/li>\n<li><a href=\"https:\/\/dhs.maryland.gov\/local-offices\/worcester-county\/\" target=\"_blank\" rel=\"noopener\">Konte Worcester<\/a>\u00a0(Depatman S\u00e8vis Sosyal)<\/li>\n<\/ul>\n<p>Ou ka rele 2-1-1 pou jwenn d\u00e8nye enf\u00f2masyon sou pwogram Asistans pou Lwaye Ijans Maryland la oswa rele 1-877-546-5595.<\/p>\n<h3><b>\u00c8d Finansye<\/b><\/h3>\n<p>\u00c8d finansy\u00e8 ka disponib tou atrav\u00e8 yon lokal san bi likratif, legliz oswa ajans.\u00a0<a href=\"https:\/\/search.211md.org\/search?query=BH-3800.7000&amp;query_type=taxonomy&amp;query_label=&amp;query_language=en\" target=\"_blank\" rel=\"noopener\">Ch\u00e8che baz done 211 pou pwogram asistans ki gen rap\u00f2 ak lojman<\/a>\u00a0oswa rele 2-1-1 epi pale ak yon Espesyalis Enf\u00f2masyon ak Referans 24\/7\/365.<\/p>\n<h3>\u00c8d Legal<\/h3>\n<p>Si w ap f\u00e8 fas ak deg\u00e8pisman epi w bezwen \u00e8d legal,\u00a0<a href=\"\/ht\/podcast\/podcast-episode-6-mvls\/\" rel=\"noopener\">jwenn yon s\u00e8vis legal lokal gratis ak pri redui<\/a>.<\/p>\n<h2>Enf\u00f2masyon ki gen rap\u00f2<\/h2>\n<p><a title=\"Prevansyon Deg\u00e8pisman\" href=\"https:\/\/211md.org\/ht\/resous-yo\/abri-lojman\/prevansyon-degepisman\/\">Prevansyon Deg\u00e8pisman<\/a><\/p>\n<p><a href=\"https:\/\/211md.org\/ht\/resous-yo\/abri-lojman\/ed-pou-lokasyon-covid\/\">\u00c8d pou lokasyon COVID<\/a><\/p>\n<p><a title=\"Ipot\u00e8k\/Foreclosure \" href=\"https:\/\/211md.org\/ht\/resous-yo\/abri-lojman\/sezi-ipotek\/\">Ipot\u00e8k\/Foreclosure<\/a><\/p>\n<p><a href=\"https:\/\/211md.org\/ht\/resous-yo\/abri-lojman\/senior-housing\/\" target=\"_blank\" rel=\"noopener\">Lojman pou granmoun aje<\/a><\/p>\n<h2>\n\t\tJwenn Resous\n\t<\/h2>\n\t\t\t\t<a href=\"\/ht\/resous-yo\/aje-andikap\/\" target=\"_self\" itemprop=\"url\" rel=\"noopener\">\n\t\t\t\t<img loading=\"lazy\" decoding=\"async\" src=\"https:\/\/211md.org\/wp-content\/uploads\/bb-plugin\/cache\/Mask-Group-41@2x-circle-73eaadba4cad8269faa4720e25cf1c85-.png\" alt=\"Pye yon fanm ki pi gran ak yon ti fi k ap mache ansanm\" itemprop=\"image\" height=\"500\" width=\"500\" title=\"S\u00e8vis Enfimite\" onerror=\"this.style.display='none'\"  \/>\n\t\t\t\t<\/a>\n\t\t<h3><a href=\"\/ht\/resous-yo\/aje-andikap\/\" target=\"_self\" rel=\"noopener\">Aje ak Andikap<\/a><\/h3>\t\t\n\t\t\t\t<a href=\"\/ht\/resous-yo\/timoun-fanmi-yo\/\" target=\"_self\" itemprop=\"url\" rel=\"noopener\">\n\t\t\t\t<img loading=\"lazy\" decoding=\"async\" src=\"https:\/\/211md.org\/wp-content\/uploads\/bb-plugin\/cache\/Mask-Group-38@2x-circle-ac40d46265fbec62083cd27f6dcf23b0-.png\" alt=\"Yon j\u00e8n ti gason ak ti fi k ap souri epi gade kamera a\" itemprop=\"image\" height=\"500\" width=\"500\" title=\"Gwoup Mask 38@2x\" onerror=\"this.style.display='none'\"  \/>\n\t\t\t\t<\/a>\n\t\t<h3><a href=\"\/ht\/resous-yo\/timoun-fanmi-yo\/\" target=\"_self\" rel=\"noopener\">Timoun ak Fanmi<\/a><\/h3>\t\t\n\t\t\t\t<a href=\"\/ht\/resous-yo\/sant-resous-covid-19\/\" target=\"_self\" itemprop=\"url\" rel=\"noopener\">\n\t\t\t\t<img loading=\"lazy\" decoding=\"async\" src=\"https:\/\/211md.org\/wp-content\/uploads\/bb-plugin\/cache\/Mask-Group-35-circle-1d65595bca7a4e0f07d3d14ca4f42835-.png\" alt=\"Yon gason ak yon fanm koud frape\" itemprop=\"image\" height=\"500\" width=\"500\" title=\"Gwoup Mask 35\" onerror=\"this.style.display='none'\"  \/>\n\t\t\t\t<\/a>\n\t\t<h3><a href=\"\/ht\/resous-yo\/sant-resous-covid-19\/\" target=\"_self\" rel=\"noopener\">Resous COVID-19<\/a><\/h3>\t\t\n\t\t\t\t<a href=\"\/ht\/resous-yo\/vyolans-familyal-domestik\/\" target=\"_self\" itemprop=\"url\" rel=\"noopener\">\n\t\t\t\t<img loading=\"lazy\" decoding=\"async\" src=\"https:\/\/211md.org\/wp-content\/uploads\/bb-plugin\/cache\/Mask-Group-39@2x-circle-b2589197a13c791d910f46dd10b27a87-.png\" alt=\"De p\u00e8 men kenbe youn ak l\u00f2t\" itemprop=\"image\" height=\"500\" width=\"500\" title=\"Gwoup Mask 39@2x\" onerror=\"this.style.display='none'\"  \/>\n\t\t\t\t<\/a>\n\t\t<h3><a href=\"\/ht\/resous-yo\/vyolans-familyal-domestik\/\" target=\"_self\" rel=\"noopener\">Vyolans Domestik\/ Fanmi<\/a><\/h3>\t\t\n\t\t\t\t<a href=\"\/ht\/resous-yo\/rechech-travay\/\" target=\"_self\" itemprop=\"url\" rel=\"noopener\">\n\t\t\t\t<img loading=\"lazy\" decoding=\"async\" src=\"https:\/\/211md.org\/wp-content\/uploads\/bb-plugin\/cache\/Employment-circle-bf72562329e950df948954f5d3f44b2e-.png\" alt=\"Yon mekanisyen machin\" itemprop=\"image\" height=\"500\" width=\"500\" title=\"Travay\" onerror=\"this.style.display='none'\"  \/>\n\t\t\t\t<\/a>\n\t\t<h3><a href=\"\/ht\/resous-yo\/rechech-travay\/\" target=\"_self\" rel=\"noopener\">Travay<\/a><\/h3>\t\t\n\t\t\t\t<a href=\"\/ht\/resous-yo\/swen-sante\/\" target=\"_self\" itemprop=\"url\" rel=\"noopener\">\n\t\t\t\t<img loading=\"lazy\" decoding=\"async\" src=\"https:\/\/211md.org\/wp-content\/uploads\/bb-plugin\/cache\/Mask-Group-35@2x-circle-94be10c13e4adae1683b4589dc2f5b2f-.png\" alt=\"Dokt\u00e8 ap gade janm gason\" itemprop=\"image\" height=\"500\" width=\"500\" title=\"Gwoup Mask 35@2x\" onerror=\"this.style.display='none'\"  \/>\n\t\t\t\t<\/a>\n\t\t<h3><a href=\"\/ht\/resous-yo\/swen-sante\/\" target=\"_self\" rel=\"noopener\">Swen Sante<\/a><\/h3>\t\t\n\t\t\t\t<a href=\"\/ht\/resous-yo\/manje\/\" target=\"_self\" itemprop=\"url\" rel=\"noopener\">\n\t\t\t\t<img loading=\"lazy\" decoding=\"async\" src=\"https:\/\/211md.org\/wp-content\/uploads\/bb-plugin\/cache\/Mask-Group-32@2x-circle-1c6d647dcaf998fa079d26735cedc92b-.png\" alt=\"Legim fre\" itemprop=\"image\" height=\"500\" width=\"500\" title=\"Gwoup Mask 32@2x\" onerror=\"this.style.display='none'\"  \/>\n\t\t\t\t<\/a>\n\t\t<h3><a href=\"\/ht\/resous-yo\/manje\/\" target=\"_self\" rel=\"noopener\">Manje<\/a><\/h3>\t\t\n\t\t\t\t<a href=\"\/ht\/resous-yo\/abri-lojman\/\" target=\"_self\" itemprop=\"url\" rel=\"noopener\">\n\t\t\t\t<img loading=\"lazy\" decoding=\"async\" src=\"https:\/\/211md.org\/wp-content\/uploads\/bb-plugin\/cache\/Mask-Group-34@2x-circle-b99c55fc16ef21f35e2f2a1f7cc37b9a-.png\" alt=\"Balkon konpl\u00e8ks apatman\" itemprop=\"image\" height=\"500\" width=\"500\" title=\"Apatman-Konpl\u00e8ks\" onerror=\"this.style.display='none'\"  \/>\n\t\t\t\t<\/a>\n\t\t<h3><a href=\"\/ht\/resous-yo\/abri-lojman\/\" target=\"_self\" rel=\"noopener\">Lojman &amp; Abri<\/a><\/h3>\t\t\n\t\t\t\t<a href=\"\/ht\/resous-yo\/nouvo-nan-nou-ak-maryland\/\" target=\"_self\" itemprop=\"url\" rel=\"noopener\">\n\t\t\t\t<img loading=\"lazy\" decoding=\"async\" src=\"https:\/\/211md.org\/wp-content\/uploads\/bb-plugin\/cache\/American-flag-circle-0016cc327e27ef7aeb080f1da6c6e98b-.jpg\" alt=\"Drapo Ameriken\" itemprop=\"image\" height=\"364\" width=\"1366\" title=\"Ameriken-drapo\" onerror=\"this.style.display='none'\"  \/>\n\t\t\t\t<\/a>\n\t\t<h3><a href=\"\/ht\/resous-yo\/nouvo-nan-nou-ak-maryland\/\" target=\"_self\" rel=\"noopener\">Imigrasyon<\/a><\/h3>\t\t\n\t\t\t\t<a href=\"\/ht\/resous-yo\/sevis-legal-yo\/\" target=\"_self\" itemprop=\"url\" rel=\"noopener\">\n\t\t\t\t<img loading=\"lazy\" decoding=\"async\" src=\"https:\/\/211md.org\/wp-content\/uploads\/bb-plugin\/cache\/Housing-Legal-circle-9a8f3c1c72c54b6e1ce612d2993c1ad4-.png\" alt=\"Mato legal ak yon mod\u00e8l plastik nan yon kay akote li\" itemprop=\"image\" height=\"348\" width=\"460\" title=\"Lojman Legal\" onerror=\"this.style.display='none'\"  \/>\n\t\t\t\t<\/a>\n\t\t<h3><a href=\"\/ht\/resous-yo\/sevis-legal-yo\/\" target=\"_self\" rel=\"noopener\">S\u00e8vis Legal<\/a><\/h3>\t\t\n\t\t\t\t<a href=\"\/ht\/resous-yo\/sante-mantal\/\" target=\"_self\" itemprop=\"url\" rel=\"noopener\">\n\t\t\t\t<img loading=\"lazy\" decoding=\"async\" src=\"https:\/\/211md.org\/wp-content\/uploads\/bb-plugin\/cache\/Mask-Group-40@2x-circle-7bd9426367852fb3d841bc4bdc57a550-.png\" alt=\"Des yon gason ak yon fanm\" itemprop=\"image\" height=\"500\" width=\"500\" title=\"Gwoup Mask 40@2x\" onerror=\"this.style.display='none'\"  \/>\n\t\t\t\t<\/a>\n\t\t<h3><a href=\"\/ht\/resous-yo\/sante-mantal\/\" target=\"_self\" rel=\"noopener\">Sante mantal<\/a><\/h3>\t\t\n\t\t\t\t<a href=\"\/ht\/sispann\/\" target=\"_self\" itemprop=\"url\" rel=\"noopener\">\n\t\t\t\t<img loading=\"lazy\" decoding=\"async\" src=\"https:\/\/211md.org\/wp-content\/uploads\/bb-plugin\/cache\/Background-section-MDStophate-circle-08e2bae1cf9f2ad6cc83e01e23da8cb9-.jpg\" alt=\"Jan nou koumanse-seksyon-MDStophate\" itemprop=\"image\" height=\"768\" width=\"1366\" title=\"Jan nou koumanse-seksyon-MDStophate\" onerror=\"this.style.display='none'\"  \/>\n\t\t\t\t<\/a>\n\t\t<h3><a href=\"\/ht\/sispann\/\" target=\"_self\" rel=\"noopener\">Sispann Rayi<\/a><\/h3>\t\t\n\t\t\t\t<a href=\"\/ht\/resous-yo\/itilizasyon-sibstans\/\" target=\"_self\" itemprop=\"url\" rel=\"noopener\">\n\t\t\t\t<img loading=\"lazy\" decoding=\"async\" src=\"https:\/\/211md.org\/wp-content\/uploads\/bb-plugin\/cache\/Substance-Use-circle-ad2d564932dc31267e0c32a6fb2d915c-.png\" alt=\"Grenn kraze men yo\" itemprop=\"image\" height=\"500\" width=\"500\" title=\"Sibstans-Itilize\" onerror=\"this.style.display='none'\"  \/>\n\t\t\t\t<\/a>\n\t\t<h3><a href=\"\/ht\/resous-yo\/itilizasyon-sibstans\/\" target=\"_self\" rel=\"noopener\">Itilizasyon sibstans<\/a><\/h3>\t\t\n\t\t\t\t<a href=\"\/ht\/resous-yo\/sevis-taks\/\" target=\"_self\" itemprop=\"url\" rel=\"noopener\">\n\t\t\t\t<img loading=\"lazy\" decoding=\"async\" src=\"https:\/\/211md.org\/wp-content\/uploads\/bb-plugin\/cache\/Mask-Group-34-circle-166a606e37e61188c9a17d5e634cda3c-.png\" alt=\"Moun ki ranpli papye taks sou revni\" itemprop=\"image\" height=\"500\" width=\"500\" title=\"Gwoup Mask 34\" onerror=\"this.style.display='none'\"  \/>\n\t\t\t\t<\/a>\n\t\t<h3><a href=\"\/ht\/resous-yo\/sevis-taks\/\" target=\"_self\" rel=\"noopener\">S\u00e8vis taks<\/a><\/h3>\t\t\n\t\t\t\t<a href=\"\/ht\/resous-yo\/asistans-sevis-piblik\/\" target=\"_self\" itemprop=\"url\" rel=\"noopener\">\n\t\t\t\t<img loading=\"lazy\" decoding=\"async\" src=\"https:\/\/211md.org\/wp-content\/uploads\/bb-plugin\/cache\/Mask-Group-37@2x-circle-9661a11b9c4082079c9a1f06bc539567-.png\" alt=\"Yon anpoul limen\" itemprop=\"image\" height=\"500\" width=\"500\" title=\"Gwoup Mask 37@2x\" onerror=\"this.style.display='none'\"  \/>\n\t\t\t\t<\/a>\n\t\t<h3><a href=\"\/ht\/resous-yo\/asistans-sevis-piblik\/\" target=\"_self\" rel=\"noopener\">Asistans s\u00e8vis piblik<\/a><\/h3>\t\t\n\t\t\t\t<a href=\"\/ht\/resous-yo\/veteran-yo\/\" target=\"_self\" itemprop=\"url\" rel=\"noopener\">\n\t\t\t\t<img loading=\"lazy\" decoding=\"async\" src=\"https:\/\/211md.org\/wp-content\/uploads\/bb-plugin\/cache\/Veterans-circle-b5b2b017288a5af0f61a41d0f31d0f82-.png\" alt=\"Yon s\u00f2lda ki bay men yon moun epi li souri\" itemprop=\"image\" height=\"500\" width=\"500\" title=\"Veteran yo\" onerror=\"this.style.display='none'\"  \/>\n\t\t\t\t<\/a>\n\t\t<h3><a href=\"\/ht\/resous-yo\/veteran-yo\/\" target=\"_self\" rel=\"noopener\">Veteran yo<\/a><\/h3>","protected":false},"excerpt":{"rendered":"<p>Maryland Emergency Rental Assistance Program (ERAP) \u00c8ske w gen pwobl\u00e8m pou peye lwaye w ak\u00f2z COVID-19? Ou ka elijib pou \u00e8d finansy\u00e8 ak peman lokasyon akty\u00e8l oswa ki anreta. Anpil pwogram te fin itilize finansman pou \u00e8d lwaye ki gen rap\u00f2 ak COVID-19, men ou ka toujou kapab jwenn \u00e8d nan yon l\u00f2t sous lojman. Si ou\u2026<\/p>","protected":false},"author":8,"featured_media":2434,"parent":926,"menu_order":0,"comment_status":"closed","ping_status":"closed","template":"","meta":{"footnotes":""},"class_list":["post-1963","page","type-page","status-publish","has-post-thumbnail","hentry"],"_links":{"self":[{"href":"https:\/\/211md.org\/ht\/wp-json\/wp\/v2\/pages\/1963","targetHints":{"allow":["GET"]}}],"collection":[{"href":"https:\/\/211md.org\/ht\/wp-json\/wp\/v2\/pages"}],"about":[{"href":"https:\/\/211md.org\/ht\/wp-json\/wp\/v2\/types\/page"}],"author":[{"embeddable":true,"href":"https:\/\/211md.org\/ht\/wp-json\/wp\/v2\/users\/8"}],"replies":[{"embeddable":true,"href":"https:\/\/211md.org\/ht\/wp-json\/wp\/v2\/comments?post=1963"}],"version-history":[{"count":0,"href":"https:\/\/211md.org\/ht\/wp-json\/wp\/v2\/pages\/1963\/revisions"}],"up":[{"embeddable":true,"href":"https:\/\/211md.org\/ht\/wp-json\/wp\/v2\/pages\/926"}],"wp:featuredmedia":[{"embeddable":true,"href":"https:\/\/211md.org\/ht\/wp-json\/wp\/v2\/media\/2434"}],"wp:attachment":[{"href":"https:\/\/211md.org\/ht\/wp-json\/wp\/v2\/media?parent=1963"}],"curies":[{"name":"wp","href":"https:\/\/api.w.org\/{rel}","templated":true}]}}