{"id":2010,"date":"2021-05-27T23:22:41","date_gmt":"2021-05-27T23:22:41","guid":{"rendered":"https:\/\/211md.org\/?page_id=2010"},"modified":"2026-01-08T09:44:30","modified_gmt":"2026-01-08T14:44:30","slug":"manje-baltimore","status":"publish","type":"page","link":"https:\/\/211md.org\/ht\/resources\/food\/baltimore-food\/","title":{"rendered":"Jwenn manje nan vil Baltimore"},"content":{"rendered":"<img decoding=\"async\" src=\"https:\/\/stg-maryland211-staging.kinsta.cloud\/wp-content\/uploads\/2025\/08\/5-1-scaled.png\" alt=\"5\" itemprop=\"image\" height=\"692\" width=\"2560\" title=\"5\" onerror=\"this.style.display='none'\" loading=\"lazy\" \/>\n\t\t<p>Looking for food in Baltimore City? There are several options available, including grocery delivery and produce box distribution.<\/p>\n\t\t\t<a href=\"#start\" target=\"_self\">\n\t\t\t\t\t\tK\u00f2manse\n\t\t\t\t\t<\/a>\n\t\t\t\t<img decoding=\"async\" src=\"https:\/\/211md.org\/wp-content\/plugins\/bb-plugin\/img\/pixel.png\" alt=\"\" itemprop=\"image\" onerror=\"this.style.display='none'\" loading=\"lazy\" \/>\n\t\t\t\t<img decoding=\"async\" src=\"https:\/\/stg-maryland211-staging.kinsta.cloud\/wp-content\/uploads\/2025\/08\/16.png\" alt=\"16\" itemprop=\"image\" height=\"1000\" width=\"1000\" title=\"16\" onerror=\"this.style.display='none'\" loading=\"lazy\" \/>\n\t\t\t\t<img decoding=\"async\" src=\"http:\/\/211md.org\/wp-content\/uploads\/2022\/05\/food-donation-box-from-food-bank.png\" alt=\"bwat don manje ki soti nan bank manje\" itemprop=\"image\" title=\"bwat don manje ki soti nan bank manje\" onerror=\"this.style.display='none'\" loading=\"lazy\" \/>\n\t<h2>Free Food Programs in Baltimore City<\/h2>\n<p>Z\u00f2n vil Baltimore a gen resous ak sip\u00f2 pou moun ki afekte pa f\u00e8mti gouv\u00e8nman federal la oubyen k ap f\u00e8 fas ak ensekirite alimant\u00e8 pou nenp\u00f2t l\u00f2t rezon.<\/p>\n<h3>Produce Box Distribution<\/h3>\n<p>Residents can also get a 15-pound box of fresh produce, filled with fruits and vegetables, at locations throughout Baltimore City. These distribution events are held several days a week, and are expected to last through January 2026. There are 30 sites throughout Baltimore City, and events are held on various days of the week.<\/p>\n<p><a href=\"https:\/\/www.baltimorecity.gov\/shutdown\" target=\"_blank\" rel=\"noopener\">Jwenn<\/a> a date and location near you.<\/p>\n<h3>Home Delivered Food<\/h3>\n<p>If you are a Baltimore City resident and can&#8217;t afford meals or groceries and currently have no food at home or will run out before you can buy more, you may be able to request a free home-delivered grocery box. The box includes a week&#8217;s worth of non-perishable food.<\/p>\n<p>This program is typically available to adults 55+, but call and check the latest eligibility requirements.<\/p>\n<p>Sign up by contacting Maryland Access Point (MAP) in Baltimore City. Call 410-396-2273 (CARE).<\/p>\n\t<h3>Pwoj\u00e8 Manje<\/h3>\n<p>&quot;The Food Project&quot; UEMPOWER of Maryland la ap ofri yon mache manje p\u00f2p-up nan sidw\u00e8s Baltimore nan madi, jedi ak samdi. <a href=\"https:\/\/uempowerofmd.org\/the-food-project\/?fbclid=IwY2xjawNxoNJleHRuA2FlbQIxMABicmlkETF3WTRRMDFLWFgwcHFFYlBtAR7qY9aV3YUtn5csOAVMtq8igpfX7AZ0v-7JWNvfe_oC_Rz1og0p4yGTuL1lFg_aem_Cl_KH5FjNS0DfR4JLciMVA\" target=\"_blank\" rel=\"noopener\">Jwenn d\u00e8nye l\u00e8 yo<\/a> pou bay manje ak kado manje. Yo livre manje tou bay moun ki pa ka soti lakay yo. UEMPOWER travay av\u00e8k patn\u00e8 pou ede moun ak fanmi yo jwenn benefis, dokiman, rad, ak plis ank\u00f2.<\/p>\n<p>Si ou bezwen manje oswa l\u00f2t s\u00e8vis, <a href=\"https:\/\/thefoodproject.jotform.com\/app\/252085176374966?fbclid=IwY2xjawNxn-1leHRuA2FlbQIxMABicmlkETF3WTRRMDFLWFgwcHFFYlBtAR4GlBC5R51LegBz-zIyswV4WOJWYca16ElrcV3SBIRFuCKwoKuZVm_aO4TyQg_aem_rcnPv2jagyzJg97yxnAMzw\" target=\"_blank\" rel=\"noopener\">ranpli f\u00f2m admisyon sa a<\/a>.<\/p>\n<h3>So What Else Food Program<\/h3>\n<p>Pou manje, bagay debaz nan gadmanje, ak kouch\u00e8t, vizite So What Else. Varyete, kantite, ak kalite manje a ka varye chak jou. Pote yon sak oswa yon kabwa pou pote bagay yo lakay ou. Sitiye nan Sidw\u00e8s Baltimore, Sant Resous Baltimore a ede kominote a plizy\u00e8 jou pa sem\u00e8n. <a href=\"https:\/\/sowhatelse.org\/\" target=\"_blank\" rel=\"noopener\">Jwenn d\u00e8nye l\u00e8 yo<\/a> epi aprann sou ev\u00e8nman espesyal pou moun ki afekte pa f\u00e8mti gouv\u00e8nman federal la.<\/p>\n<h3>Rezo Frijid\u00e8<\/h3>\n<p>Rezo Frijid\u00e8 Kominot\u00e8 BMore a se yon rezo frijid\u00e8 ki ranpli ak manje nan z\u00f2n vil Baltimore. <a href=\"https:\/\/www.google.com\/maps\/d\/u\/0\/viewer?mid=144OL4Q89OhRc2JInBCT-TMrvVjZ5zG4&amp;ll=39.3519417%2C-76.60977299999999&amp;z=18\" target=\"_blank\" rel=\"noopener\">Jwenn kote ki gen manje<\/a>.<\/p>\n\t\t\t\t<a href=\"https:\/\/search.211md.org\/\" target=\"_blank\" rel=\"noopener\" itemprop=\"url\">\n\t\t\t\t<img decoding=\"async\" src=\"https:\/\/stg-maryland211-staging.kinsta.cloud\/wp-content\/uploads\/2025\/08\/2025_MdInfoNet_Icon-Sets-white_Locate.png\" alt=\"\" itemprop=\"image\" onerror=\"this.style.display='none'\" loading=\"lazy\" \/>\n\t\t\t\t<\/a>\n<h2><a href=\"https:\/\/search.211md.org\/\" target=\"_blank\" rel=\"noopener\">Rech\u00e8ch Manje Komen nan Vil Baltimore<\/a><\/h2><p>Click on the type of food you&#8217;re looking for in the Baltimore area, and search 211&#8217;s Community Resource Database. Narrow the results by entering a ZIP code.<\/p>\n\t\t\t<a href=\"https:\/\/search.211md.org\/search?query=BD-1800.2250&#038;query_type=taxonomy&#038;query_label=\" target=\"_blank\" rel=\"noopener\">\n\t\t\t\t\t\tBon manje\n\t\t\t\t\t<\/a>\n\t\t\t<a href=\"https:\/\/search.211md.org\/search?query=BD-1800.2000&#038;query_type=taxonomy&#038;query_label=\" target=\"_blank\" rel=\"noopener\">\n\t\t\t\t\t\tPantry Manje\n\t\t\t\t\t<\/a>\n\t\t\t<a href=\"https:\/\/search.211md.org\/search?query=BD-1875.2000&#038;query_type=taxonomy&#038;query_label=\" target=\"_blank\" rel=\"noopener\">\n\t\t\t\t\t\tBank Manje\n\t\t\t\t\t<\/a>\n\t\t\t<a href=\"https:\/\/search.211md.org\/search?query=BD-1800.8200-255&#038;query_label=Fresh+Food&#038;query_type=taxonomy&#038;distance=25\" target=\"_blank\" rel=\"noopener\">\n\t\t\t\t\t\tManje fre\n\t\t\t\t\t<\/a>\n\t\t\t<a href=\"https:\/\/search.211md.org\/search?query=Baby+Formula+%26+Food&#038;query_label=Baby+Formula+%26+Food&#038;query_type=taxonomy&#038;distance=25\" target=\"_blank\" rel=\"noopener\">\n\t\t\t\t\t\tF\u00f2mil \/ Manje Ti bebe\n\t\t\t\t\t<\/a>\n\t\t\t<a href=\"https:\/\/search.211md.org\/search?query=BD-2400.2590&#038;query_type=taxonomy&#038;query_label=\" target=\"_blank\" rel=\"noopener\">\n\t\t\t\t\t\tLivrezon mak\u00e8t\n\t\t\t\t\t<\/a>\n\t<h2><b>Rab\u00e8 sou mak\u00e8t nan Baltimore<\/b><\/h2>\n<p>Gen de l\u00f2t fason pou ekonomize sou acha manje:<\/p>\n<ul>\n<li>SHARE Food Network<\/li>\n<li>B&#039;More Fresh (atrav\u00e8 Amazon)<\/li>\n<\/ul>\n<p>La\u00a0<a href=\"https:\/\/211md.org\/ht\/resous-yo\/manje\/\" target=\"_blank\" rel=\"noopener\">SHARE Food Network<\/a> se yon \u00f2ganizasyon san bi likratif ki bay manje ki bon pou sante pou apepr\u00e8 mwatye pri lavant an detay. Yo mete meni yo ajou chak mwa, epi yo gen kote pou ranmase yo toupatou nan Maryland.<\/p>\n<h3>Rab\u00e8 Amazon yo<\/h3>\n<p>Patisipan Baltimore City SNAP (ansyen koupon manje) ka resevwa yon bon pwodui $20 atrav\u00e8 B&#039;More Fresh ak Amazon. Piske se yon pwogram Amazon, manje a ap delivre.<\/p>\n<p>Koupon yo disponib yon fwa pa mwa epi yo dwe depanse yo nan lespas 30 jou.<\/p>\n<p>Men kijan li fonksyone.<\/p>\n<ul>\n<li>Depanse $5 sou fwi ak legim fre oswa nan friz\u00e8 ki kalifye pou SNAP\/EBT.<\/li>\n<li>Jwenn yon bon $30 apre acha a.<\/li>\n<li>Depanse bon an.<\/li>\n<li>Pwosesis la ka repete yon fwa pa mwa.<\/li>\n<\/ul>\n<p><em>N\u00f2t: Detay pwogram yo ka chanje.\u00a0<\/em><\/p>\n\t\t\t\t<img decoding=\"async\" src=\"https:\/\/211md.org\/wp-content\/uploads\/2021\/05\/Food-Donation.png\" alt=\"manje nan baltimore\" itemprop=\"image\" height=\"348\" width=\"460\" title=\"Donasyon Manje\" onerror=\"this.style.display='none'\" loading=\"lazy\" \/>\n\t<h2>SNAP ak WIC<\/h2>\n<p>Si ou bezwen \u00e8d pou peye manje, gen de pwogram asistans manje ki disponib.<\/p>\n<p>Li gid 211 nou an sou tou de pwogram yo:<\/p>\n<ul>\n<li><a href=\"https:\/\/211md.org\/ht\/resous-yo\/manje\/koupon-pou-manje\/\">Pwogram Asistans Nitrisyon Siplemant\u00e8 oswa SNAP<\/a>\u00a0(ansyen koupon manje) <\/li>\n<li><a href=\"https:\/\/211md.org\/ht\/resous-yo\/manje\/wic\/\">WIC<\/a> \u2013 pou manman ansent ak manman k ap bay tete ki kalifye ak timoun ki poko gen 5 an<\/li>\n<\/ul>\n<p>Jwenn \u00e8d av\u00e8k aplikasyon sa yo. Anplwaye s\u00e8vis sosyal yo vizite sant Baltimore City Community Action Partnership (BCCAP) yo chak sem\u00e8n pou ede ak pwogram manje sa yo. <a href=\"https:\/\/www.bmorechildren.com\/assistance\" target=\"_blank\" rel=\"noopener\">Kontakte BCCAP<\/a> pou jwenn \u00e8d.<\/p>\n<h3>Jwenn Gadmanje<\/h3>\n<p>Baz Done Resous Kominot\u00e8 211 la bay lis resous manje nan tout z\u00f2n Vil Baltimore a, soti nan gadmanje rive nan soup. Jwenn sa w ap ch\u00e8che a av\u00e8k rech\u00e8ch manje komen sa yo. Antre yon k\u00f2d postal pou rafine rech\u00e8ch la.<\/p>\n<p>&nbsp;<\/p>\n\t\t\t<a href=\"https:\/\/search.211md.org\/search?query=BD-1800.8200-250%2CNL-6000.9500%2CBD-5000.1500%2CBD-2400.2590%2CBD-5000.8300&#038;query_label=I+need+food+or+food+assistance.&#038;query_type=taxonomy&#038;distance=25\" target=\"_blank\" rel=\"noopener\">\n\t\t\t\t\t\tBaltimore City Food resources\n\t\t\t\t\t<\/a>\n\t\t\t\t<img decoding=\"async\" src=\"https:\/\/211md.org\/wp-content\/plugins\/bb-plugin\/img\/pixel.png\" alt=\"\" itemprop=\"image\" onerror=\"this.style.display='none'\" loading=\"lazy\" \/>\n\t\t\t\t<img decoding=\"async\" src=\"https:\/\/211md.org\/wp-content\/uploads\/bb-plugin\/cache\/Call-center-specialst-circle-4e9ecd7b3425be4576416abc911049bb-.jpg\" alt=\"Espesyalis nan sant ap\u00e8l\" itemprop=\"image\" title=\"Espesyalis nan sant ap\u00e8l\" onerror=\"this.style.display='none'\" loading=\"lazy\" \/>\n<h2>Rele 211<\/h2><p>Pale ak yon moun ki gen sousi pou ou epi ki gen konpasyon 24 sou 24, 7 jou sou 7. Yo kapab tou mete ou an kontak ak resous.\u00a0<\/p>\n\t\t\t<a href=\"tel:%20+211\" target=\"_blank\" rel=\"noopener\">\n\t\t\t\t\t\tRele 211 (mobil)\n\t\t\t\t\t<\/a>\n<h2>\n\t\t\tEnf\u00f2masyon ki gen rap\u00f2\t<\/h2>\n\t\t<h4><a href=\"\/ht\/resous-yo\/aje-andikap\/?utm_source=Home&#038;utm_medium=Referral&#038;utm_campaign=211Resources&#038;utm_content=Aging\" target=\"_self\">Aje ak Andikap<\/a><\/h4>\n\t\t\t\t<a href=\"\/ht\/resous-yo\/aje-andikap\/?utm_source=Home&#038;utm_medium=Referral&#038;utm_campaign=211Resources&#038;utm_content=Aging\"  target=\"_self\" itemprop=\"url\">\n\t\t\t\t<img decoding=\"async\" src=\"https:\/\/211md.org\/wp-content\/uploads\/bb-plugin\/cache\/2025_MdInfoNet_Icon-Sets_Aging-disability-square-c466727102cae71e5f27b8539bb51945-.png\" alt=\"\" itemprop=\"image\" onerror=\"this.style.display='none'\" loading=\"lazy\" \/>\n\t\t\t\t<\/a>\n\t\t<h4><a href=\"\/ht\/resous-yo\/timoun-fanmi-yo\/?utm_source=Home&#038;utm_medium=Referral&#038;utm_campaign=211Resources&#038;utm_content=Children\" target=\"_self\">Timoun ak Fanmi<\/a><\/h4>\n\t\t\t\t<a href=\"\/ht\/resous-yo\/timoun-fanmi-yo\/?utm_source=Home&#038;utm_medium=Referral&#038;utm_campaign=211Resources&#038;utm_content=Children\"  target=\"_self\" itemprop=\"url\">\n\t\t\t\t<img decoding=\"async\" src=\"https:\/\/211md.org\/wp-content\/uploads\/bb-plugin\/cache\/2025_211_Icon-Sets_Child-care-square-f3b0d4edab3dcc467fadb5f55f4064c6-.png\" alt=\"parent and child icon for child care\" itemprop=\"image\" height=\"417\" width=\"417\" title=\"2025_211_Ansanm Ik\u00f2n_Swen Timoun\" onerror=\"this.style.display='none'\" loading=\"lazy\" \/>\n\t\t\t\t<\/a>\n\t\t<h4><a href=\"\/ht\/resous-yo\/vyolans-familyal-domestik\/?utm_source=Home&#038;utm_medium=Referral&#038;utm_campaign=211Resources&#038;utm_content=Domestic\" target=\"_self\">Vyolans domestik<\/a><\/h4>\n\t\t\t\t<a href=\"\/ht\/resous-yo\/vyolans-familyal-domestik\/?utm_source=Home&#038;utm_medium=Referral&#038;utm_campaign=211Resources&#038;utm_content=Domestic\"  target=\"_self\" itemprop=\"url\">\n\t\t\t\t<img decoding=\"async\" src=\"https:\/\/211md.org\/wp-content\/uploads\/bb-plugin\/cache\/2025_211_Icon-Sets_Domestic-Violence-square-7b597694a6f05fe90cdc376aa573bc63-.png\" alt=\"House with a heart in the middle icon\" itemprop=\"image\" height=\"417\" width=\"417\" title=\"2025_211_Ansanm Ik\u00f2n_Vyolans Domestik\" onerror=\"this.style.display='none'\" loading=\"lazy\" \/>\n\t\t\t\t<\/a>\n\t\t<h4><a href=\"\/ht\/resous-yo\/rechech-travay\/?utm_source=Home&#038;utm_medium=Referral&#038;utm_campaign=211Resources&#038;utm_content=Employment\" target=\"_self\">Travay<\/a><\/h4>\n\t\t\t\t<a href=\"\/ht\/resous-yo\/rechech-travay\/?utm_source=Home&#038;utm_medium=Referral&#038;utm_campaign=211Resources&#038;utm_content=Employment\"  target=\"_self\" itemprop=\"url\">\n\t\t\t\t<img decoding=\"async\" src=\"https:\/\/211md.org\/wp-content\/uploads\/bb-plugin\/cache\/2025_MdInfoNet_Icon-Sets_Employment-square-44707bd410e4df10a470bf130ebcea86-.png\" alt=\"\" itemprop=\"image\" onerror=\"this.style.display='none'\" loading=\"lazy\" \/>\n\t\t\t\t<\/a>\n\t\t<h4><a href=\"\/ht\/resous-yo\/swen-sante\/?utm_source=Home&#038;utm_medium=Referral&#038;utm_campaign=211Resources&#038;utm_content=Health%20Care\" target=\"_self\">Swen Sante<\/a><\/h4>\n\t\t\t\t<a href=\"\/ht\/resous-yo\/swen-sante\/?utm_source=Home&#038;utm_medium=Referral&#038;utm_campaign=211Resources&#038;utm_content=Health%20Care\"  target=\"_self\" itemprop=\"url\">\n\t\t\t\t<img decoding=\"async\" src=\"https:\/\/211md.org\/wp-content\/uploads\/bb-plugin\/cache\/2025_MdInfoNet_Icon-Sets_Health-Care-square-dee98a0060cbe0e7f27eda253fc12679-.png\" alt=\"\" itemprop=\"image\" onerror=\"this.style.display='none'\" loading=\"lazy\" \/>\n\t\t\t\t<\/a>\n\t\t<h4><a href=\"\/ht\/resous-yo\/timoun-fanmi-yo\/swen-fanmi\/?utm_source=Home&#038;utm_medium=Referral&#038;utm_campaign=211Resources&#038;utm_content=Kinship\" target=\"_self\">Parente<\/a><\/h4>\n\t\t\t\t<a href=\"\/ht\/resous-yo\/timoun-fanmi-yo\/swen-fanmi\/?utm_source=Home&#038;utm_medium=Referral&#038;utm_campaign=211Resources&#038;utm_content=Kinship\"  target=\"_self\" itemprop=\"url\">\n\t\t\t\t<img decoding=\"async\" src=\"https:\/\/211md.org\/wp-content\/uploads\/bb-plugin\/cache\/2025_211_Icon-Sets_Kinship-square-45bdf872866f5735f842c32071109267-.png\" alt=\"Ik\u00f2n fanmi\" itemprop=\"image\" height=\"417\" width=\"417\" title=\"2025_211_Ansanm Ik\u00f2n_Fanmitay\" onerror=\"this.style.display='none'\" loading=\"lazy\" \/>\n\t\t\t\t<\/a>\n\t\t<h4><a href=\"\/ht\/resous-yo\/sevis-legal-yo\/?utm_source=Home&#038;utm_medium=Referral&#038;utm_campaign=211Resources&#038;utm_content=Legal\" target=\"_self\">S\u00e8vis Legal<\/a><\/h4>\n\t\t\t\t<a href=\"\/ht\/resous-yo\/sevis-legal-yo\/?utm_source=Home&#038;utm_medium=Referral&#038;utm_campaign=211Resources&#038;utm_content=Legal\"  target=\"_self\" itemprop=\"url\">\n\t\t\t\t<img decoding=\"async\" src=\"https:\/\/211md.org\/wp-content\/uploads\/bb-plugin\/cache\/2025_MdInfoNet_Icon-Sets_Legal-square-18fdf438feb8435588174d9046463257-.png\" alt=\"\" itemprop=\"image\" onerror=\"this.style.display='none'\" loading=\"lazy\" \/>\n\t\t\t\t<\/a>\n\t\t<h4><a href=\"\/ht\/resous-yo\/sante-mantal\/?utm_source=Home&#038;utm_medium=Referral&#038;utm_campaign=211Resources&#038;utm_content=Mental\" target=\"_self\">Sante mantal<\/a><\/h4>\n\t\t\t\t<a href=\"\/ht\/resous-yo\/sante-mantal\/?utm_source=Home&#038;utm_medium=Referral&#038;utm_campaign=211Resources&#038;utm_content=Mental\"  target=\"_self\" itemprop=\"url\">\n\t\t\t\t<img decoding=\"async\" src=\"https:\/\/211md.org\/wp-content\/uploads\/bb-plugin\/cache\/2025_MdInfoNet_Icon-Sets_Mental-Health-square-c59b38c4a993a947d4c9280fbe2d2fee-.png\" alt=\"\" itemprop=\"image\" onerror=\"this.style.display='none'\" loading=\"lazy\" \/>\n\t\t\t\t<\/a>\n\t\t<h4><a href=\"\/ht\/resous-yo\/mdreentry\/?utm_source=Home&#038;utm_medium=Referral&#038;utm_campaign=211Resources&#038;utm_content=Reentry\" target=\"_self\">Reantre<\/a><\/h4>\n\t\t\t\t<a href=\"\/ht\/resous-yo\/mdreentry\/?utm_source=Home&#038;utm_medium=Referral&#038;utm_campaign=211Resources&#038;utm_content=Reentry\"  target=\"_self\" itemprop=\"url\">\n\t\t\t\t<img decoding=\"async\" src=\"https:\/\/211md.org\/wp-content\/uploads\/bb-plugin\/cache\/2025_211_Icon-Sets_Reentry-square-8676fea38abd920a832f45642fe31cca-.png\" alt=\"Ik\u00f2n Reantre\" itemprop=\"image\" height=\"417\" width=\"417\" title=\"2025_211_Ansanm Ik\u00f2n_Reantre\" onerror=\"this.style.display='none'\" loading=\"lazy\" \/>\n\t\t\t\t<\/a>\n\t\t<h4><a href=\"\/ht\/resous-yo\/itilizasyon-sibstans\/?utm_source=Home&#038;utm_medium=Referral&#038;utm_campaign=211Resources&#038;utm_content=Substance\" target=\"_self\">Itilizasyon sibstans<\/a><\/h4>\n\t\t\t\t<a href=\"\/ht\/resous-yo\/itilizasyon-sibstans\/?utm_source=Home&#038;utm_medium=Referral&#038;utm_campaign=211Resources&#038;utm_content=Substance\"  target=\"_self\" itemprop=\"url\">\n\t\t\t\t<img decoding=\"async\" src=\"https:\/\/211md.org\/wp-content\/uploads\/bb-plugin\/cache\/2025_MdInfoNet_Icon-Sets_Substance-Abuse-square-9022fec9d18a64118ad685c101885b55-.png\" alt=\"\" itemprop=\"image\" onerror=\"this.style.display='none'\" loading=\"lazy\" \/>\n\t\t\t\t<\/a>\n\t\t<h4><a href=\"\/ht\/resous-yo\/veteran-yo\/?utm_source=Home&#038;utm_medium=Referral&#038;utm_campaign=211Resources&#038;utm_content=Veterans\" target=\"_self\">Veteran yo<\/a><\/h4>\n\t\t\t\t<a href=\"\/ht\/resous-yo\/veteran-yo\/?utm_source=Home&#038;utm_medium=Referral&#038;utm_campaign=211Resources&#038;utm_content=Veterans\"  target=\"_self\" itemprop=\"url\">\n\t\t\t\t<img decoding=\"async\" src=\"https:\/\/211md.org\/wp-content\/uploads\/bb-plugin\/cache\/2025_MdInfoNet_Icon-Sets_Rating-square-6e60d00cce4faa8e0a6d4ad7366aa733-.png\" alt=\"\" itemprop=\"image\" onerror=\"this.style.display='none'\" loading=\"lazy\" \/>\n\t\t\t\t<\/a>","protected":false},"excerpt":{"rendered":"<p>Looking for food in Baltimore City? There are several options available, including grocery delivery and produce box distribution. Get Started Free Food Programs in Baltimore City The Baltimore City area has resources and support for those impacted by the federal shutdown or who are facing food insecurity for any other reason. Produce Box Distribution Residents&hellip;<\/p>","protected":false},"author":8,"featured_media":3034,"parent":746,"menu_order":0,"comment_status":"closed","ping_status":"closed","template":"","meta":{"footnotes":""},"class_list":["post-2010","page","type-page","status-publish","has-post-thumbnail","hentry"],"_links":{"self":[{"href":"https:\/\/211md.org\/ht\/wp-json\/wp\/v2\/pages\/2010","targetHints":{"allow":["GET"]}}],"collection":[{"href":"https:\/\/211md.org\/ht\/wp-json\/wp\/v2\/pages"}],"about":[{"href":"https:\/\/211md.org\/ht\/wp-json\/wp\/v2\/types\/page"}],"author":[{"embeddable":true,"href":"https:\/\/211md.org\/ht\/wp-json\/wp\/v2\/users\/8"}],"replies":[{"embeddable":true,"href":"https:\/\/211md.org\/ht\/wp-json\/wp\/v2\/comments?post=2010"}],"version-history":[{"count":11,"href":"https:\/\/211md.org\/ht\/wp-json\/wp\/v2\/pages\/2010\/revisions"}],"predecessor-version":[{"id":34242,"href":"https:\/\/211md.org\/ht\/wp-json\/wp\/v2\/pages\/2010\/revisions\/34242"}],"up":[{"embeddable":true,"href":"https:\/\/211md.org\/ht\/wp-json\/wp\/v2\/pages\/746"}],"wp:featuredmedia":[{"embeddable":true,"href":"https:\/\/211md.org\/ht\/wp-json\/wp\/v2\/media\/3034"}],"wp:attachment":[{"href":"https:\/\/211md.org\/ht\/wp-json\/wp\/v2\/media?parent=2010"}],"curies":[{"name":"wp","href":"https:\/\/api.w.org\/{rel}","templated":true}]}}