{"id":2217,"date":"2021-06-21T08:33:23","date_gmt":"2021-06-21T12:33:23","guid":{"rendered":"https:\/\/211md.org\/?page_id=2217"},"modified":"2025-07-01T09:09:03","modified_gmt":"2025-07-01T13:09:03","slug":"chek-sante","status":"publish","type":"page","link":"https:\/\/211md.org\/ht\/healthcheck\/","title":{"rendered":"211 T\u00e8ks Sante"},"content":{"rendered":"<h2>Tcheke Sante Mantal<\/h2>\n<p><b>Kontw\u00f2l sante a fini. Si ou bezwen sip\u00f2 sante mantal, rele oswa voye yon mesaj t\u00e8ks nan 988. <a href=\"https:\/\/health.maryland.gov\/bha\/Pages\/988md.aspx\" target=\"_blank\" rel=\"noopener\">Aprann plis sou 988 nan Maryland<\/a>.<\/b><\/p>\n\t\t\t\t<img decoding=\"async\" src=\"http:\/\/211md.org\/wp-content\/uploads\/2021\/06\/Image-Placeholder@2x.png\" alt=\"ch\u00e8k sante\" itemprop=\"image\" title=\"Imaj-Placeholder@2x\" onerror=\"this.style.display='none'\" loading='lazy' \/>\n<h2>Thomas Bloom Raskin<\/h2>\n<p>Ou pa pou kont ou! Tommy Raskin te mache nan soulye ou tou. Moun ki gen 25 an se pitit manm Kongr\u00e8 a Jamie Raskin, ki nan Takoma Park ak 8y\u00e8m Distri Kongr\u00e8 a nan Maryland. Tommy te lite ak depresyon anvan li te pran pw\u00f2p lavi li.<\/p>\n<p>Se memwa li ke nou onore ak Thomas Bloom Raskin Act\/211 Health Check.<\/p>\n<p>Sip\u00f2 telef\u00f2n sante mantal pwoaktif la bay yon koneksyon youn a youn ak yon espesyalis cho, k ap pran swen ki resevwa f\u00f2masyon nan prevansyon swisid ak sip\u00f2 sante mantal.<\/p>","protected":false},"excerpt":{"rendered":"<p>Tcheke Sante Mantal Tcheke Sante a fini. Si ou bezwen sip\u00f2 sante mantal, rele oswa voye yon mesaj t\u00e8ks nan 988. Aprann plis bagay sou 988 nan Maryland. Thomas Bloom Raskin Ou pa poukont ou! Tommy Raskin te nan menm sitiyasyon av\u00e8 w tou. J\u00e8n gason 25 an an se pitit gason Kongr\u00e8man Jamie Raskin, ki soti Takoma Park ak 8y\u00e8m Distri Kongr\u00e8syon\u00e8l Maryland la. Tommy te lite...<\/p>","protected":false},"author":8,"featured_media":0,"parent":0,"menu_order":0,"comment_status":"closed","ping_status":"closed","template":"","meta":{"footnotes":""},"class_list":["post-2217","page","type-page","status-publish","hentry"],"_links":{"self":[{"href":"https:\/\/211md.org\/ht\/wp-json\/wp\/v2\/pages\/2217","targetHints":{"allow":["GET"]}}],"collection":[{"href":"https:\/\/211md.org\/ht\/wp-json\/wp\/v2\/pages"}],"about":[{"href":"https:\/\/211md.org\/ht\/wp-json\/wp\/v2\/types\/page"}],"author":[{"embeddable":true,"href":"https:\/\/211md.org\/ht\/wp-json\/wp\/v2\/users\/8"}],"replies":[{"embeddable":true,"href":"https:\/\/211md.org\/ht\/wp-json\/wp\/v2\/comments?post=2217"}],"version-history":[{"count":7,"href":"https:\/\/211md.org\/ht\/wp-json\/wp\/v2\/pages\/2217\/revisions"}],"predecessor-version":[{"id":4823,"href":"https:\/\/211md.org\/ht\/wp-json\/wp\/v2\/pages\/2217\/revisions\/4823"}],"wp:attachment":[{"href":"https:\/\/211md.org\/ht\/wp-json\/wp\/v2\/media?parent=2217"}],"curies":[{"name":"wp","href":"https:\/\/api.w.org\/{rel}","templated":true}]}}