{"id":2528,"date":"2022-01-28T11:46:44","date_gmt":"2022-01-28T16:46:44","guid":{"rendered":"https:\/\/211md.org\/?page_id=2528"},"modified":"2026-04-13T08:21:22","modified_gmt":"2026-04-13T12:21:22","slug":"211-jou","status":"publish","type":"page","link":"https:\/\/211md.org\/ht\/211-day\/","title":{"rendered":"211 Jou"},"content":{"rendered":"<h2>\n\t\tSoti nan Hello to Help, 211 is Here.\n\t<\/h2>\n\t<h3>499,000 ap\u00e8l, t\u00e8ks, ak chat sou ent\u00e8n\u00e8t.<\/h3>\n<p>Nan selebrasyon 211 jou, f\u00e8 yon don bay 501(c)(3) san bi likratif nou an, pou 211 ka kontinye chanje lavi yo.<\/p>\n\t\t\t<a href=\"\/ht\/bay\/\" target=\"_self\" role=\"button\" rel=\"noopener\">\n\t\t\t\t\t\t\tF\u00e8 don\n\t\t\t\t\t<\/a>\n<h2>\n\t\tRezo Sant ap\u00e8l 211\n\t<\/h2>\n\t<p>Espesyalis 211 ki f\u00f2me ak s\u00e8tifye pwofesyon\u00e8l yo disponib 24\/7\/365.<\/p>\n\t\t\t\t<img decoding=\"async\" src=\"https:\/\/211md.org\/wp-content\/uploads\/2022\/01\/211-Maryland-Call-Center-Network-CCSI.jpg\" alt=\"211-Maryland-Call-Center-Network-CCSI\" itemprop=\"image\" title=\"211-Maryland-Call-Center-Network-CCSI\" onerror=\"this.style.display='none'\">\n\t<h2>211 Jou<\/h2>\n<p>11 fevriye chak ane, rezo 211 selebre 211 jou. Se yon selebrasyon fason 211 konekte moun ak s\u00e8vis sante ak s\u00e8vis imen esansy\u00e8l.<\/p>\n<p>S\u00e8vis gratis ak konfidansy\u00e8l la disponib nan kominote atrav\u00e8 Etazini ak Kanada 24\/7\/365.<\/p>\n<p><strong><a href=\"\/ht\/sou\/\" target=\"_blank\" rel=\"noopener\">Aprann plis sou istwa 211 Maryland<\/a>.<\/strong><\/p>\n\t<h2>Pouvwa patenarya<\/h2>\n<p>Ajans leta ak ajans san bi likratif yo ap pwofite kapasite 211 Maryland pou rive nan Maryland\u00e8 yo. Ansanm, nou f\u00e8 Maryland pi f\u00f2.<\/p>\n\t\t\t\t<img decoding=\"async\" src=\"https:\/\/211md.org\/wp-content\/uploads\/2022\/01\/Maryland-Access-Point.jpg\" alt=\"Sit ent\u00e8n\u00e8t Maryland Access Point\" itemprop=\"image\" title=\"Pwen Aks\u00e8 Maryland\" onerror=\"this.style.display='none'\">\n<h3>Pwen Aks\u00e8 Maryland<\/h3>\t\t\n<p>211 Maryland te kreye yon nouvo fason pou konekte ak granmoun aje atrav\u00e8 mesaj t\u00e8ks, epi ogmante aks\u00e8 a enf\u00f2masyon sou aje ak andikap l\u00e8 li entegre sitw\u00e8b ak baz done Maryland Access Point (MAP) ki dire lontan nan sitw\u00e8b 211 ak rezo sant ap\u00e8l 24\/7.<\/p>\n<p>Patn\u00e8: Maryland Department of Aging (MDoA)<\/p>\n\t\t\t\t<img decoding=\"async\" src=\"https:\/\/211md.org\/wp-content\/uploads\/2021\/06\/image002.png\" alt=\"imaj002\" itemprop=\"image\" title=\"imaj002\" onerror=\"this.style.display='none'\">\n<h3>211 T\u00e8ks Sante<\/h3>\t\t\n<p>Premye pwogram sa a konekte moun Maryland\u00e8 yo ak sip\u00f2 sante mantal gratis epi konfidansy\u00e8l chak sem\u00e8n.<\/p>\n<p>Patn\u00e8: Depatman Sante Maryland.<\/p>\n\t\t\t\t<img decoding=\"async\" src=\"https:\/\/211md.org\/wp-content\/uploads\/2022\/01\/African-American-girl-texting.jpg\" alt=\"Ti fi Afriken Ameriken kap voye t\u00e8ks mesaj\" itemprop=\"image\" title=\"Ti fi Afriken Ameriken kap voye t\u00e8ks mesaj\" onerror=\"this.style.display='none'\">\n<h3>Al\u00e8t t\u00e8ks MdReady\/MdListo<\/h3>\t\t\n\t\t\t<p>211 Pwogram voye t\u00e8ks Maryland la kenbe Maryland\u00e8 yo enf\u00f2me anvan, pandan ak apre yon ijans sante ak sekirite piblik.<\/p>\n<p>Patn\u00e8: Depatman Jesyon Ijans Maryland (MDEM)<\/p>\n\t\t\t<a href=\"\/ht\/patne\/\" target=\"_self\" role=\"button\" rel=\"noopener\">\n\t\t\t\t\t\t\tAnn Patn\u00e8\n\t\t\t\t\t<\/a>","protected":false},"excerpt":{"rendered":"<p>Soti nan Hello to Help, 211 is Here. 499,000 ap\u00e8l, t\u00e8ks, ak chat sou ent\u00e8n\u00e8t. Nan selebrasyon 211 jou, f\u00e8 yon don bay 501(c)(3) san bi likratif nou an, pou 211 ka kontinye chanje lavi yo. Donate 211 Call Center Network Espesyalis 211 ki f\u00f2me ak s\u00e8tifye pwofesyon\u00e8l ki disponib 24\/7\/365. Jounen 211 Jou 11 fevriye chak ane, rezo 211 selebre...<\/p>","protected":false},"author":7,"featured_media":0,"parent":0,"menu_order":0,"comment_status":"closed","ping_status":"closed","template":"","meta":{"footnotes":""},"class_list":["post-2528","page","type-page","status-publish","hentry"],"_links":{"self":[{"href":"https:\/\/211md.org\/ht\/wp-json\/wp\/v2\/pages\/2528","targetHints":{"allow":["GET"]}}],"collection":[{"href":"https:\/\/211md.org\/ht\/wp-json\/wp\/v2\/pages"}],"about":[{"href":"https:\/\/211md.org\/ht\/wp-json\/wp\/v2\/types\/page"}],"author":[{"embeddable":true,"href":"https:\/\/211md.org\/ht\/wp-json\/wp\/v2\/users\/7"}],"replies":[{"embeddable":true,"href":"https:\/\/211md.org\/ht\/wp-json\/wp\/v2\/comments?post=2528"}],"version-history":[{"count":1,"href":"https:\/\/211md.org\/ht\/wp-json\/wp\/v2\/pages\/2528\/revisions"}],"predecessor-version":[{"id":4463,"href":"https:\/\/211md.org\/ht\/wp-json\/wp\/v2\/pages\/2528\/revisions\/4463"}],"wp:attachment":[{"href":"https:\/\/211md.org\/ht\/wp-json\/wp\/v2\/media?parent=2528"}],"curies":[{"name":"wp","href":"https:\/\/api.w.org\/{rel}","templated":true}]}}