{"id":2635,"date":"2022-03-21T10:48:51","date_gmt":"2022-03-21T14:48:51","guid":{"rendered":"https:\/\/211md.org\/?page_id=2635"},"modified":"2026-03-04T11:55:22","modified_gmt":"2026-03-04T16:55:22","slug":"mdyoungminds","status":"publish","type":"page","link":"https:\/\/211md.org\/ht\/about\/text-messages\/mdyoungminds\/","title":{"rendered":"MDYoungMinds: Mesaj T\u00e8ks Pou Sante Mantal Adolesan"},"content":{"rendered":"<figure itemscope itemtype=\"https:\/\/schema.org\/ImageObject\">\n\t\t\t\t<img decoding=\"async\" src=\"http:\/\/211md.org\/wp-content\/uploads\/2025\/06\/Two-teens-talking-on-way-to-basketball-court.jpg\" alt=\"De adolesan ap pale sou wout pou ale nan teren bask\u00e8tb\u00f2l\" title=\"De adolesan ap pale sou wout pou ale nan teren bask\u00e8tb\u00f2l\" onerror=\"this.style.display='none'\" loading=\"lazy\" \/>\n\t<\/figure>\n\t<h2>Ki jan MDYoungMinds travay<\/h2>\n<p>MD Young Minds se yon pwogram mesaj t\u00e8ks ki konekte adolesan ak adolesan ak t\u00e8ks sip\u00f2. Yo konsantre sou enkyetid ak enkyetid adolesan yo. Li se yon pwogram ki f\u00e8t pa la <a href=\"https:\/\/health.maryland.gov\/newsroom\/Pages\/Maryland-Department-of-Health-launches-Youth-Suicide-Prevention-Toolkit-and-MD-Young-Minds-progra.aspx\" target=\"_blank\" rel=\"noopener\">Depatman Sante Maryland,<\/a>\u00a0Biwo Prevansyon Swisid, epi li itilize platf\u00f2m voye t\u00e8ks 211 Maryland.<\/p>\n<p>Nan Maryland, youn nan senk adolesan te konsidere eseye swisid nan d\u00e8nye ane a, dapre 2021 Maryland Youth Pandemic Behavior Survey.<\/p>\n<p>Mesaj k ap kontinye yo raple j\u00e8n yo tou ke sip\u00f2 sante mantal imedyat toujou disponib atrav\u00e8 988 Suicide &amp; Crisis Lifeline. Ou ka rele oswa voye t\u00e8ks 988. <a href=\"https:\/\/health.maryland.gov\/bha\/Pages\/988md.aspx\" target=\"_blank\" rel=\"noopener\">Aprann sou 988 nan Maryland<\/a>, yon pwogram Administrasyon Sante Konp\u00f2tman Depatman Sante Maryland.<\/p>\n<p>MDYoungMinds se yon ekstansyon pou <a href=\"https:\/\/211md.org\/ht\/sou\/mesaj-teks\/md-mindhealth\/\" target=\"_blank\" rel=\"noopener\">MDMindHealth\/MDSaludMental<\/a>, ki bay mesaj t\u00e8ks angle ak pany\u00f2l pou granmoun.<\/p>\n<p>Enskri l\u00e8 w voye yon mesaj t\u00e8ks pou MDYoungMinds nan 898-211.<\/p>\n<p><em>211 Maryland ofri pwogram al\u00e8t mesaj t\u00e8ks ki bay enf\u00f2masyon sou resous espesifik rejyon yo oswa bay al\u00e8t pou katastw\u00f2f. Msg. &amp; done pousantaj yo ka aplike ak msg. frek. ka varye. Pou \u00c8d, ekri HELP. Pou refize, ekri STOP nan menm nimewo a. T\u00e8m konpl\u00e8 SMS nan <a href=\"https:\/\/211md.org\/ht\/sms\/\">https:\/\/211md.org\/sms\/<\/a>\u00a0pral aplike tou.<\/em><\/p>\n\t\t\t<a href=\"sms:\/\/898-211;?&#038;body=MDYoungMinds\" target=\"_blank\" rel=\"noopener\">\n\t\t\t\t\t\t\tT\u00e8ks MDYoungMinds\n\t\t\t\t\t<\/a>","protected":false},"excerpt":{"rendered":"<p>Kijan MDYoungMinds Travay MD Young Minds se yon pwogram mesaj t\u00e8ks ki konekte adolesan ak adolesan ak t\u00e8ks sip\u00f2. Yo konsantre sou enkyetid ak enkyetid adolesan yo. Se yon pwogram ki f\u00e8t pa Depatman Sante Maryland, Biwo Prevansyon Swisid, epi li itilize platf\u00f2m voye t\u00e8ks 211 Maryland. Nan Maryland, youn sou senk adolesan konsidere k\u00f2m eseye swisid nan...<\/p>","protected":false},"author":7,"featured_media":2662,"parent":962,"menu_order":0,"comment_status":"closed","ping_status":"closed","template":"","meta":{"footnotes":""},"class_list":["post-2635","page","type-page","status-publish","has-post-thumbnail","hentry"],"_links":{"self":[{"href":"https:\/\/211md.org\/ht\/wp-json\/wp\/v2\/pages\/2635","targetHints":{"allow":["GET"]}}],"collection":[{"href":"https:\/\/211md.org\/ht\/wp-json\/wp\/v2\/pages"}],"about":[{"href":"https:\/\/211md.org\/ht\/wp-json\/wp\/v2\/types\/page"}],"author":[{"embeddable":true,"href":"https:\/\/211md.org\/ht\/wp-json\/wp\/v2\/users\/7"}],"replies":[{"embeddable":true,"href":"https:\/\/211md.org\/ht\/wp-json\/wp\/v2\/comments?post=2635"}],"version-history":[{"count":2,"href":"https:\/\/211md.org\/ht\/wp-json\/wp\/v2\/pages\/2635\/revisions"}],"predecessor-version":[{"id":34413,"href":"https:\/\/211md.org\/ht\/wp-json\/wp\/v2\/pages\/2635\/revisions\/34413"}],"up":[{"embeddable":true,"href":"https:\/\/211md.org\/ht\/wp-json\/wp\/v2\/pages\/962"}],"wp:featuredmedia":[{"embeddable":true,"href":"https:\/\/211md.org\/ht\/wp-json\/wp\/v2\/media\/2662"}],"wp:attachment":[{"href":"https:\/\/211md.org\/ht\/wp-json\/wp\/v2\/media?parent=2635"}],"curies":[{"name":"wp","href":"https:\/\/api.w.org\/{rel}","templated":true}]}}