{"id":2845,"date":"2022-04-13T18:12:36","date_gmt":"2022-04-13T22:12:36","guid":{"rendered":"https:\/\/211md.org\/?page_id=2845"},"modified":"2024-08-15T14:08:03","modified_gmt":"2024-08-15T18:08:03","slug":"sispann","status":"publish","type":"page","link":"https:\/\/211md.org\/ht\/stophate\/","title":{"rendered":"#MDStopHate"},"content":{"rendered":"<h1>\n\t\t#MDStopHate\n\t<\/h1>\n\t<h3><strong>Rap\u00f2te krim rayisab ak patipri ak\/oswa ensidan ak<\/strong><br \/>\n<strong>Konekte Ak Resous Kominote yo.<\/strong><\/h3>\n\t\t\t<a href=\"\/ht\/fom-stophate\/\" target=\"_self\" rel=\"noopener\">\n\t\t\t\t\t\t\tSispann Rayi\n\t\t\t\t\t<\/a>\n\tBezwen f\u00e8 yon rap\u00f2 pandan w ap ale? T\u00e8ks \u201cMDStopHate\u201d nan 898-211 (TXT-211) pou w depoze yon<br \/>\nrap\u00f2 ensidan l\u00e8 l s\u00e8vi av\u00e8k telef\u00f2n mobil ou.\n<p>&nbsp;<\/p>\n<p><em>211 Maryland ofri pwogram al\u00e8t mesaj t\u00e8ks ki bay enf\u00f2masyon sou resous espesifik rejyon yo oswa bay al\u00e8t pou katastw\u00f2f. Msg. &amp; done pousantaj yo ka aplike ak msg. frek. ka varye. Pou \u00c8d, ekri HELP. Pou refize, ekri STOP nan menm nimewo a. T\u00e8m konpl\u00e8 SMS nan\u00a0<a href=\"https:\/\/211md.org\/ht\/sms\/\">https:\/\/211md.org\/sms\/<\/a>\u00a0pral aplike tou.<\/em><\/p>\n<h2>\n\t\tKi jan li fonksyone\n\t<\/h2>\n\t\t\t\t<a href=\"tel:+211\" target=\"_self\" itemprop=\"url\" rel=\"noopener\">\n\t\t\t\t<img loading=\"lazy\" decoding=\"async\" src=\"https:\/\/211md.org\/wp-content\/uploads\/2021\/05\/Screen-Shot-2021-05-26-at-11.27.15-AM.svg\" alt=\"Imaj Nimewo 1 la\" itemprop=\"image\" height=\"150\" width=\"150\" title=\"Imaj Nimewo 1 la\" onerror=\"this.style.display='none'\"  \/>\n\t\t\t\t<\/a>\n<h2><a href=\"tel:+211\" target=\"_self\" rel=\"noopener\">Liy dir\u00e8k dir\u00e8k<\/a><\/h2>Rap\u00f2te rayisman, diskriminasyon oswa entimidasyon epi resevwa referans nan resous kominot\u00e8 l\u00e8 w konpoze<br \/>\n211.\n\t\t\t\t<a href=\"\/ht\/resous-yo\/nouvo-nan-nou-ak-maryland\/\" target=\"_self\" itemprop=\"url\" rel=\"noopener\">\n\t\t\t\t<img loading=\"lazy\" decoding=\"async\" src=\"https:\/\/211md.org\/wp-content\/uploads\/2021\/05\/Screen-Shot-2021-05-26-at-11.27.25-AM.svg\" alt=\"Imaj nimewo 2 la\" itemprop=\"image\" height=\"150\" width=\"150\" title=\"Imaj Nimewo 2 la\" onerror=\"this.style.display='none'\"  \/>\n\t\t\t\t<\/a>\n<h2><a href=\"\/ht\/resous-yo\/nouvo-nan-nou-ak-maryland\/\" target=\"_self\" rel=\"noopener\">Any\u00e8 Resous<\/a><\/h2><p>Jwenn aks\u00e8 nan nenp\u00f2t resous pou satisf\u00e8 bezwen ou yo l\u00e8 w ch\u00e8che baz done resous sou ent\u00e8n\u00e8t 211 Maryland.<\/p>\n\t\t\t\t<a href=\"\/ht\/fom-stophate\/\" target=\"_self\" itemprop=\"url\" rel=\"noopener\">\n\t\t\t\t<img loading=\"lazy\" decoding=\"async\" src=\"https:\/\/211md.org\/wp-content\/uploads\/2021\/05\/Screen-Shot-2021-05-26-at-11.27.40-AM.svg\" alt=\"Imaj nimewo 3 la\" itemprop=\"image\" height=\"149\" width=\"149\" title=\"Imaj Nimewo 3 la\" onerror=\"this.style.display='none'\"  \/>\n\t\t\t\t<\/a>\n<h2><a href=\"\/ht\/fom-stophate\/\" target=\"_self\" rel=\"noopener\">Rap\u00f2 ensidan<\/a><\/h2><p>Oto-rap\u00f2te yon ensidan rayisman oswa diskriminasyon nan kominote w la byen vit ak fasil.<\/p>\n<h2>\n\t\tKrim Rayi Vs Ensidan Rayi\n\t<\/h2>\n\t<h3><strong>Ki diferans ki genyen?<\/strong><\/h3>\nSi ou santi ou te vize ak\u00f2z karakteristik p\u00e8son\u00e8l oswa manm nan gwoup, rap\u00f2te ensidan an bay 211 pou otorite yo ka det\u00e8mine si yon krim te kom\u00e8t. Aprann plis sou diferans ki genyen ant <a href=\"https:\/\/www.justice.gov\/hatecrimes\/learn-about-hate-crimes\" target=\"_blank\" rel=\"noopener\">krim rayisman<\/a> ak rayisman ensidan.\n<h3>\n\t\tEnsidan Rayi\n\t<\/h3>\n<h3>\n\t\tKrim Rayi\n\t<\/h3>\n<p><strong>Ekspresyon ostilite oswa agresyon motive pa patipri.<\/strong><\/p>\n<strong>Egzanp:<br \/>\n<\/strong>Abi v\u00e8bal tankou non, langaj degradan oswa blag ofansif; Fason rasyal oswa omofob; Arasman; Entimidasyon oswa entimidasyon; Distribisyon literati rayisman\n<p><strong>Menas vize, tantativ oswa domaj ak\u00f2z karakteristik p\u00e8son\u00e8l oswa manm gwoup.<\/strong><\/p>\n<strong>Egzanp:<br \/>\n<\/strong>Vandalism, menas bonm, mete dife, atak fizik, v\u00f2l, domaj pwopriyete ak senb\u00f2l rayisman, langaj, grafiti\n\t\t\t<a href=\"\/ht\/resous-yo\/\" target=\"_self\" rel=\"noopener\">\n\t\t\t\t\t\t\tResous\n\t\t\t\t\t<\/a>\n<h6>\n\t\tsispann\n\t<\/h6>\n<h2>Rap\u00f2te Yon Krim Rayisin Oswa Ensidan Rayisin<\/h2>\nKonfwonte ak def\u00e8t diskriminasyon, rayi ak vyolans! Ou ka sispann rayi l\u00e8 w rap\u00f2te l.<br \/>\nKlike anba a pou rap\u00f2te zak rayisman oswa entimidasyon ki rive nan kominote w la.\n\t\t\t<a href=\"\/ht\/fom-stophate\/\" target=\"_self\" rel=\"noopener\">\n\t\t\t\t\t\t\tRap\u00f2te Kounye a\n\t\t\t\t\t<\/a>\n\t<p><strong>Oswa\u00a0<a href=\"tel:+211\">Rele 211<\/a><\/strong><\/p>\n<h2>\n\t\tJwenn \u00e8d\n\t<\/h2>\n<h3>\n\t\t<a href=\"https:\/\/search.211md.org\/search?query=DF-7020.3300,DF-7020.1000,PH-3500,HH-0500.8000-150,ND-6500.3300,DF-7000&#038;query_type=taxonomy&#038;query_label=&#038;query_language=en\" title=\"K\u00f2manse Pwosesis Natiralizasyon an\" target=\"_blank\" rel=\"noopener\">\n\t\tK\u00f2manse Pwosesis Natiralizasyon an\n\t\t<\/a>\n\t<\/h3>\n\t\t\t\t<a href=\"https:\/\/search.211md.org\/search?query=DF-7020.3300,DF-7020.1000,PH-3500,HH-0500.8000-150,ND-6500.3300,DF-7000&#038;query_type=taxonomy&#038;query_label=&#038;query_language=en\" target=\"_blank\" rel=\"noopener\" itemprop=\"url\">\n\t\t\t\t<img loading=\"lazy\" decoding=\"async\" src=\"https:\/\/211md.org\/wp-content\/uploads\/2022\/04\/Start-the-Naturalization-Proces.jpg\" alt=\"K\u00f2manse Pwosesis Natiralizasyon an\" itemprop=\"image\" height=\"862\" width=\"1280\" title=\"K\u00f2manse Pwosesis Natiralizasyon an\" onerror=\"this.style.display='none'\"  \/>\n\t\t\t\t<\/a>\n<h3>\n\t\t<a href=\"https:\/\/search.211md.org\/search?query=PH-2400.1500,PH-1250.1800,PH-1250.1400,NL-3000.1500,HL-8700,HL-8120.7800,HD-8000,FT-8000,BM-6500.1500-800&#038;query_type=taxonomy&#038;query_label=&#038;query_language=en\" title=\"Enskri Timoun nan Lek\u00f2l yo\" target=\"_blank\" rel=\"noopener\">\n\t\tEnskri Timoun nan Lek\u00f2l yo\n\t\t<\/a>\n\t<\/h3>\n\t\t\t\t<a href=\"https:\/\/search.211md.org\/search?query=PH-2400.1500,PH-1250.1800,PH-1250.1400,NL-3000.1500,HL-8700,HL-8120.7800,HD-8000,FT-8000,BM-6500.1500-800&#038;query_type=taxonomy&#038;query_label=&#038;query_language=en\" target=\"_blank\" rel=\"noopener\" itemprop=\"url\">\n\t\t\t\t<img loading=\"lazy\" decoding=\"async\" src=\"https:\/\/211md.org\/wp-content\/uploads\/2022\/04\/Enroll-Children.jpg\" alt=\"Enskri Timoun yo\" itemprop=\"image\" height=\"853\" width=\"1280\" title=\"Enskri Timoun yo\" onerror=\"this.style.display='none'\"  \/>\n\t\t\t\t<\/a>\n<h3>\n\t\t<a href=\"https:\/\/search.211md.org\/search?query=HH-4500,HH-0500.0500,HH-0500.8000-150,HH-0500.2500,BM-6000.1500,BM-5050&#038;query_type=taxonomy&#038;query_label=&#038;query_language=en\" title=\"Edikasyon\" target=\"_blank\" rel=\"noopener\">\n\t\tEdikasyon\n\t\t<\/a>\n\t<\/h3>\n\t\t\t\t<a href=\"https:\/\/search.211md.org\/search?query=HH-4500,HH-0500.0500,HH-0500.8000-150,HH-0500.2500,BM-6000.1500,BM-5050&#038;query_type=taxonomy&#038;query_label=&#038;query_language=en\" target=\"_blank\" rel=\"noopener\" itemprop=\"url\">\n\t\t\t\t<img loading=\"lazy\" decoding=\"async\" src=\"https:\/\/211md.org\/wp-content\/uploads\/2022\/04\/Education.jpg\" alt=\"Edikasyon\" itemprop=\"image\" height=\"842\" width=\"1280\" title=\"Edikasyon\" onerror=\"this.style.display='none'\"  \/>\n\t\t\t\t<\/a>\n<h2>\n\t\tCh\u00e8che \u00e8d pa kategori\n\t<\/h2>\n\t\t\t\t<a href=\"\/ht\/resous-yo\/aje-andikap\/\" target=\"_self\" itemprop=\"url\" rel=\"noopener\">\n\t\t\t\t<img loading=\"lazy\" decoding=\"async\" src=\"https:\/\/211md.org\/wp-content\/uploads\/bb-plugin\/cache\/Mask-Group-41@2x-circle-73eaadba4cad8269faa4720e25cf1c85-.png\" alt=\"Pye yon fanm ki pi gran ak yon ti fi k ap mache ansanm\" itemprop=\"image\" height=\"500\" width=\"500\" title=\"S\u00e8vis Enfimite\" onerror=\"this.style.display='none'\"  \/>\n\t\t\t\t<\/a>\n\t\t<h3><a href=\"\/ht\/resous-yo\/aje-andikap\/\" target=\"_self\" rel=\"noopener\">Aje ak Andikap<\/a><\/h3>\t\n\t\t\t\t<a href=\"\/ht\/resous-yo\/timoun-fanmi-yo\/\" target=\"_self\" itemprop=\"url\" rel=\"noopener\">\n\t\t\t\t<img loading=\"lazy\" decoding=\"async\" src=\"https:\/\/211md.org\/wp-content\/uploads\/bb-plugin\/cache\/Mask-Group-38@2x-circle-ac40d46265fbec62083cd27f6dcf23b0-.png\" alt=\"Yon j\u00e8n ti gason ak ti fi k ap souri epi gade kamera a\" itemprop=\"image\" height=\"500\" width=\"500\" title=\"Gwoup Mask 38@2x\" onerror=\"this.style.display='none'\"  \/>\n\t\t\t\t<\/a>\n\t\t<h3><a href=\"\/ht\/resous-yo\/timoun-fanmi-yo\/\" target=\"_self\" rel=\"noopener\">Timoun ak Fanmi<\/a><\/h3>\t\n\t\t\t\t<a href=\"\/ht\/resous-yo\/sant-resous-covid-19\/\" target=\"_self\" itemprop=\"url\" rel=\"noopener\">\n\t\t\t\t<img decoding=\"async\" src=\"https:\/\/211md.org\/wp-content\/uploads\/bb-plugin\/cache\/Data-Post-Image-COVID-circle-abdf7e097c6f7781a4f84df775b7857e-.png\" alt=\"Yon selil COVID-19\" itemprop=\"image\" title=\"Done Post Imaj - COVID\" onerror=\"this.style.display='none'\"  \/>\n\t\t\t\t<\/a>\n\t\t<h3><a href=\"\/ht\/resous-yo\/sant-resous-covid-19\/\" target=\"_self\" rel=\"noopener\">KOVID<\/a><\/h3>\t\n\t\t\t\t<a href=\"\/ht\/resous-yo\/vyolans-familyal-domestik\/\" target=\"_self\" itemprop=\"url\" rel=\"noopener\">\n\t\t\t\t<img loading=\"lazy\" decoding=\"async\" src=\"https:\/\/211md.org\/wp-content\/uploads\/bb-plugin\/cache\/Mask-Group-39@2x-circle-b2589197a13c791d910f46dd10b27a87-.png\" alt=\"De p\u00e8 men kenbe youn ak l\u00f2t\" itemprop=\"image\" height=\"500\" width=\"500\" title=\"Gwoup Mask 39@2x\" onerror=\"this.style.display='none'\"  \/>\n\t\t\t\t<\/a>\n\t\t<h3><a href=\"\/ht\/resous-yo\/vyolans-familyal-domestik\/\" target=\"_self\" rel=\"noopener\">Vyolans Domestik\/ Fanmi<\/a><\/h3>\t\n\t\t\t\t<a href=\"\/ht\/resous-yo\/rechech-travay\/\" target=\"_self\" itemprop=\"url\" rel=\"noopener\">\n\t\t\t\t<img loading=\"lazy\" decoding=\"async\" src=\"https:\/\/211md.org\/wp-content\/uploads\/bb-plugin\/cache\/Employment-circle-bf72562329e950df948954f5d3f44b2e-.png\" alt=\"Yon mekanisyen machin\" itemprop=\"image\" height=\"500\" width=\"500\" title=\"Travay\" onerror=\"this.style.display='none'\"  \/>\n\t\t\t\t<\/a>\n\t\t<h3><a href=\"\/ht\/resous-yo\/rechech-travay\/\" target=\"_self\" rel=\"noopener\">Travay<\/a><\/h3>\t\n\t\t\t\t<a href=\"\/ht\/resous-yo\/swen-sante\/\" target=\"_self\" itemprop=\"url\" rel=\"noopener\">\n\t\t\t\t<img loading=\"lazy\" decoding=\"async\" src=\"https:\/\/211md.org\/wp-content\/uploads\/bb-plugin\/cache\/Mask-Group-35@2x-circle-94be10c13e4adae1683b4589dc2f5b2f-.png\" alt=\"Dokt\u00e8 ap gade janm gason\" itemprop=\"image\" height=\"500\" width=\"500\" title=\"Gwoup Mask 35@2x\" onerror=\"this.style.display='none'\"  \/>\n\t\t\t\t<\/a>\n\t\t<h3><a href=\"\/ht\/resous-yo\/swen-sante\/\" target=\"_self\" rel=\"noopener\">Swen Sante<\/a><\/h3>\t\n\t\t\t\t<a href=\"\/ht\/resous-yo\/manje\/\" target=\"_self\" itemprop=\"url\" rel=\"noopener\">\n\t\t\t\t<img loading=\"lazy\" decoding=\"async\" src=\"https:\/\/211md.org\/wp-content\/uploads\/bb-plugin\/cache\/Mask-Group-32@2x-circle-1c6d647dcaf998fa079d26735cedc92b-.png\" alt=\"Legim fre\" itemprop=\"image\" height=\"500\" width=\"500\" title=\"Gwoup Mask 32@2x\" onerror=\"this.style.display='none'\"  \/>\n\t\t\t\t<\/a>\n\t\t<h3><a href=\"\/ht\/resous-yo\/manje\/\" target=\"_self\" rel=\"noopener\">Manje<\/a><\/h3>\t\n\t\t\t\t<a href=\"\/ht\/resous-yo\/abri-lojman\/\" target=\"_self\" itemprop=\"url\" rel=\"noopener\">\n\t\t\t\t<img loading=\"lazy\" decoding=\"async\" src=\"https:\/\/211md.org\/wp-content\/uploads\/bb-plugin\/cache\/Mask-Group-34@2x-circle-b99c55fc16ef21f35e2f2a1f7cc37b9a-.png\" alt=\"Balkon konpl\u00e8ks apatman\" itemprop=\"image\" height=\"500\" width=\"500\" title=\"Apatman-Konpl\u00e8ks\" onerror=\"this.style.display='none'\"  \/>\n\t\t\t\t<\/a>\n\t\t<h3><a href=\"\/ht\/resous-yo\/abri-lojman\/\" target=\"_self\" rel=\"noopener\">Lojman &amp; Abri<\/a><\/h3>\t\n\t\t\t\t<a href=\"\/ht\/resous-yo\/nouvo-nan-nou-ak-maryland\/\" target=\"_self\" itemprop=\"url\" rel=\"noopener\">\n\t\t\t\t<img loading=\"lazy\" decoding=\"async\" src=\"https:\/\/211md.org\/wp-content\/uploads\/bb-plugin\/cache\/American-flag-circle-0016cc327e27ef7aeb080f1da6c6e98b-.jpg\" alt=\"nouvo nan eta Zini\" itemprop=\"image\" height=\"364\" width=\"1366\" title=\"Ameriken-drapo\" onerror=\"this.style.display='none'\"  \/>\n\t\t\t\t<\/a>\n\t\t<h3><a href=\"\/ht\/resous-yo\/nouvo-nan-nou-ak-maryland\/\" target=\"_self\" rel=\"noopener\">Imigrasyon<\/a><\/h3>\t\n\t\t\t\t<a href=\"\/ht\/resous-yo\/timoun-fanmi-yo\/swen-fanmi\/\" target=\"_self\" itemprop=\"url\" rel=\"noopener\">\n\t\t\t\t<img decoding=\"async\" src=\"https:\/\/211md.org\/wp-content\/uploads\/bb-plugin\/cache\/kinship-family-navigating-a-computer-circle-045fee9d587aefb20221bfea41a2cf9b-.png\" alt=\"fanmi fanmi navige nan yon \u00f2dinat\u00e8\" itemprop=\"image\" title=\"fanmi fanmi navige nan yon \u00f2dinat\u00e8\" onerror=\"this.style.display='none'\"  \/>\n\t\t\t\t<\/a>\n\t\t<h3><a href=\"\/ht\/resous-yo\/timoun-fanmi-yo\/swen-fanmi\/\" target=\"_self\" rel=\"noopener\">Parente<\/a><\/h3>\t\n\t\t\t\t<a href=\"\/ht\/resous-yo\/sevis-legal-yo\/\" target=\"_self\" itemprop=\"url\" rel=\"noopener\">\n\t\t\t\t<img loading=\"lazy\" decoding=\"async\" src=\"https:\/\/211md.org\/wp-content\/uploads\/bb-plugin\/cache\/Housing-Legal-circle-9a8f3c1c72c54b6e1ce612d2993c1ad4-.png\" alt=\"Mato legal ak yon mod\u00e8l plastik nan yon kay akote li\" itemprop=\"image\" height=\"348\" width=\"460\" title=\"Lojman Legal\" onerror=\"this.style.display='none'\"  \/>\n\t\t\t\t<\/a>\n\t\t<h3><a href=\"\/ht\/resous-yo\/sevis-legal-yo\/\" target=\"_self\" rel=\"noopener\">S\u00e8vis Legal<\/a><\/h3>\t\n\t\t\t\t<a href=\"\/ht\/resous-yo\/sante-mantal\/\" target=\"_self\" itemprop=\"url\" rel=\"noopener\">\n\t\t\t\t<img loading=\"lazy\" decoding=\"async\" src=\"https:\/\/211md.org\/wp-content\/uploads\/bb-plugin\/cache\/Mask-Group-40@2x-circle-7bd9426367852fb3d841bc4bdc57a550-.png\" alt=\"Des yon gason ak yon fanm\" itemprop=\"image\" height=\"500\" width=\"500\" title=\"Gwoup Mask 40@2x\" onerror=\"this.style.display='none'\"  \/>\n\t\t\t\t<\/a>\n\t\t<h3><a href=\"\/ht\/resous-yo\/sante-mantal\/\" target=\"_self\" rel=\"noopener\">Sante mantal<\/a><\/h3>\t\n\t\t\t\t<a href=\"\/ht\/resous-yo\/mdreentry\/\" target=\"_self\" itemprop=\"url\" rel=\"noopener\">\n\t\t\t\t<img loading=\"lazy\" decoding=\"async\" src=\"https:\/\/211md.org\/wp-content\/uploads\/bb-plugin\/cache\/Diverse-group-of-community-members-circle-4457c114cd48613bc79a0fb50060319c-.jpg\" alt=\"Gwoup div\u00e8s manm kominote a\" itemprop=\"image\" height=\"800\" width=\"1200\" title=\"Gwoup div\u00e8s manm kominote a\" onerror=\"this.style.display='none'\"  \/>\n\t\t\t\t<\/a>\n\t\t<h3><a href=\"\/ht\/resous-yo\/mdreentry\/\" target=\"_self\" rel=\"noopener\">Reantre<\/a><\/h3>\t\n\t\t\t\t<a href=\"\/ht\/sispann\/\" target=\"_self\" itemprop=\"url\" rel=\"noopener\">\n\t\t\t\t<img loading=\"lazy\" decoding=\"async\" src=\"https:\/\/211md.org\/wp-content\/uploads\/bb-plugin\/cache\/Background-section-MDStophate-circle-08e2bae1cf9f2ad6cc83e01e23da8cb9-.jpg\" alt=\"Jan nou koumanse-seksyon-MDStophate\" itemprop=\"image\" height=\"768\" width=\"1366\" title=\"Jan nou koumanse-seksyon-MDStophate\" onerror=\"this.style.display='none'\"  \/>\n\t\t\t\t<\/a>\n\t\t<h3><a href=\"\/ht\/sispann\/\" target=\"_self\" rel=\"noopener\">Sispann Rayi<\/a><\/h3>\t\n\t\t\t\t<a href=\"\/ht\/resous-yo\/itilizasyon-sibstans\/\" target=\"_self\" itemprop=\"url\" rel=\"noopener\">\n\t\t\t\t<img loading=\"lazy\" decoding=\"async\" src=\"https:\/\/211md.org\/wp-content\/uploads\/bb-plugin\/cache\/Substance-Use-circle-ad2d564932dc31267e0c32a6fb2d915c-.png\" alt=\"Grenn kraze men yo\" itemprop=\"image\" height=\"500\" width=\"500\" title=\"Sibstans-Itilize\" onerror=\"this.style.display='none'\"  \/>\n\t\t\t\t<\/a>\n\t\t<h3><a href=\"\/ht\/resous-yo\/itilizasyon-sibstans\/\" target=\"_self\" rel=\"noopener\">Itilizasyon sibstans<\/a><\/h3>\t\n\t\t\t\t<a href=\"\/ht\/resous-yo\/sevis-taks\/\" target=\"_self\" itemprop=\"url\" rel=\"noopener\">\n\t\t\t\t<img loading=\"lazy\" decoding=\"async\" src=\"https:\/\/211md.org\/wp-content\/uploads\/bb-plugin\/cache\/Mask-Group-34-circle-166a606e37e61188c9a17d5e634cda3c-.png\" alt=\"Moun ki ranpli papye taks sou revni\" itemprop=\"image\" height=\"500\" width=\"500\" title=\"Gwoup Mask 34\" onerror=\"this.style.display='none'\"  \/>\n\t\t\t\t<\/a>\n\t\t<h3><a href=\"\/ht\/resous-yo\/sevis-taks\/\" target=\"_self\" rel=\"noopener\">S\u00e8vis taks<\/a><\/h3>\t\n\t\t\t\t<a href=\"\/ht\/resous-yo\/asistans-sevis-piblik\/\" target=\"_self\" itemprop=\"url\" rel=\"noopener\">\n\t\t\t\t<img loading=\"lazy\" decoding=\"async\" src=\"https:\/\/211md.org\/wp-content\/uploads\/bb-plugin\/cache\/Mask-Group-37@2x-circle-9661a11b9c4082079c9a1f06bc539567-.png\" alt=\"Yon anpoul limen\" itemprop=\"image\" height=\"500\" width=\"500\" title=\"Gwoup Mask 37@2x\" onerror=\"this.style.display='none'\"  \/>\n\t\t\t\t<\/a>\n\t\t<h3><a href=\"\/ht\/resous-yo\/asistans-sevis-piblik\/\" target=\"_self\" rel=\"noopener\">Asistans s\u00e8vis piblik<\/a><\/h3>\t\n\t\t\t\t<a href=\"\/ht\/resous-yo\/veteran-yo\/\" target=\"_self\" itemprop=\"url\" rel=\"noopener\">\n\t\t\t\t<img decoding=\"async\" src=\"https:\/\/211md.org\/wp-content\/uploads\/bb-plugin\/cache\/Veterans-circle-7c6972a59826c74f1f658f61df785fc3-.png\" alt=\"Yon s\u00f2lda ki bay men yon moun epi li souri\" itemprop=\"image\" title=\"Veteran yo\" onerror=\"this.style.display='none'\"  \/>\n\t\t\t\t<\/a>\n\t\t<h3><a href=\"\/ht\/resous-yo\/veteran-yo\/\" target=\"_self\" rel=\"noopener\">Veteran yo<\/a><\/h3>\t\n<h2>M\u00e8si A Patn\u00e8 Nou yo<\/h2>\n<p>An patenarya ak Biwo Inisyativ Kominot\u00e8 Gouv\u00e8n\u00e8 a ak Biwo Af\u00e8 Imigrasyon, 211 Maryland konekte nouvo Ameriken ak Maryland\u00e8 yo ak s\u00e8vis enp\u00f2tan yo epi f\u00e8 li fasil pou rap\u00f2te krim rayisman ak patipri ak\/oswa ensidan.<\/p>\n\t\t\t\t<img loading=\"lazy\" decoding=\"async\" src=\"https:\/\/211md.org\/wp-content\/uploads\/2022\/04\/Group-332.svg\" alt=\"Gwoup 332\" itemprop=\"image\" height=\"215\" width=\"244\" title=\"Gwoup 332\" onerror=\"this.style.display='none'\"  \/>\n\t\t\t\t<img loading=\"lazy\" decoding=\"async\" src=\"https:\/\/211md.org\/wp-content\/uploads\/2022\/04\/Group-333.svg\" alt=\"Logo Biwo Af\u00e8 Imigran Gouv\u00e8n\u00e8 Maryland\" itemprop=\"image\" height=\"215\" width=\"245\" title=\"Logo Biwo Af\u00e8 Imigran Gouv\u00e8n\u00e8 Maryland\" onerror=\"this.style.display='none'\"  \/>","protected":false},"excerpt":{"rendered":"<p>#MDStopHate Rap\u00f2te Krim Ak\/oswa Ensidan ki rayi ak patipri epi konekte ak resous kominot\u00e8 yo. Stop Hate Bezwen f\u00e8 yon rap\u00f2 pandan w ap ale? T\u00e8ks \u201cMDStopHate\u201d nan 898-211 (TXT-211) pou w depoze yon rap\u00f2 ensidan ak telef\u00f2n mobil ou.  211 Maryland ofri pwogram al\u00e8t mesaj t\u00e8ks ki bay enf\u00f2masyon sou resous espesifik rejyon yo oswa ki bay al\u00e8t pou katastw\u00f2f...<\/p>","protected":false},"author":8,"featured_media":2665,"parent":0,"menu_order":0,"comment_status":"closed","ping_status":"closed","template":"","meta":{"footnotes":""},"class_list":["post-2845","page","type-page","status-publish","has-post-thumbnail","hentry"],"_links":{"self":[{"href":"https:\/\/211md.org\/ht\/wp-json\/wp\/v2\/pages\/2845","targetHints":{"allow":["GET"]}}],"collection":[{"href":"https:\/\/211md.org\/ht\/wp-json\/wp\/v2\/pages"}],"about":[{"href":"https:\/\/211md.org\/ht\/wp-json\/wp\/v2\/types\/page"}],"author":[{"embeddable":true,"href":"https:\/\/211md.org\/ht\/wp-json\/wp\/v2\/users\/8"}],"replies":[{"embeddable":true,"href":"https:\/\/211md.org\/ht\/wp-json\/wp\/v2\/comments?post=2845"}],"version-history":[{"count":0,"href":"https:\/\/211md.org\/ht\/wp-json\/wp\/v2\/pages\/2845\/revisions"}],"wp:featuredmedia":[{"embeddable":true,"href":"https:\/\/211md.org\/ht\/wp-json\/wp\/v2\/media\/2665"}],"wp:attachment":[{"href":"https:\/\/211md.org\/ht\/wp-json\/wp\/v2\/media?parent=2845"}],"curies":[{"name":"wp","href":"https:\/\/api.w.org\/{rel}","templated":true}]}}