{"id":3132,"date":"2022-06-14T08:07:18","date_gmt":"2022-06-14T12:07:18","guid":{"rendered":"https:\/\/211md.org\/?page_id=3132"},"modified":"2024-09-05T10:25:02","modified_gmt":"2024-09-05T14:25:02","slug":"mdhope","status":"publish","type":"page","link":"https:\/\/211md.org\/ht\/resources\/substance-use\/mdhope\/","title":{"rendered":"Jwenn Sip\u00f2 Opyoid nan Maryland Av\u00e8k MHDope"},"content":{"rendered":"<h2>Gen espwa si Y<strong>ou Oswa yon moun ou konnen<\/strong>w Itilize Opioid.<\/h2>\n\t<p>T\u00e8ks MHDope nan 898211. Li gratis epi konfidansy\u00e8l.<\/p>\n\t\t\t<a href=\"sms:\/\/898-211;?&#038;body=MDHope\" target=\"_blank\" rel=\"noopener\">\n\t\t\t\t\t\t\tEnskri Kounye a\n\t\t\t\t\t<\/a>\n\t<p><em>Msg. &amp; done pousantaj yo ka aplike ak msg. frek. ka varye. Pou \u00c8d, ekri HELP. Pou refize, ekri STOP nan menm nimewo a. T\u00e8m konpl\u00e8 SMS nan\u00a0<a href=\"https:\/\/211md.org\/ht\/sms\/\">https:\/\/211md.org\/sms\/<\/a>\u00a0pral aplike tou.<\/em><\/p>\n<h2>\n\t\tKi jan MHDope ap travay\n\t<\/h2>\n\t\t\t\t<img loading=\"lazy\" decoding=\"async\" src=\"https:\/\/211md.org\/wp-content\/uploads\/2021\/05\/Screen-Shot-2021-05-26-at-11.27.15-AM.svg\" alt=\"Imaj Nimewo 1 la\" itemprop=\"image\" height=\"150\" width=\"150\" title=\"Imaj Nimewo 1 la\" onerror=\"this.style.display='none'\"  \/>\n<h3>T\u00e8ks<\/h3><p>T\u00e8ks\u00a0<strong>MDHope<\/strong>\u00a0bay 898-211 pou w ka enskri pou t\u00e8ks yo.\u00a0<sup>1<\/sup><\/p>\n<p><sup>1<\/sup><em>211 Maryland ofri pwogram al\u00e8t mesaj t\u00e8ks ki bay enf\u00f2masyon sou resous espesifik rejyon yo oswa bay al\u00e8t pou katastw\u00f2f. Msg. &amp; done pousantaj yo ka aplike ak msg. frek. ka varye. Pou \u00c8d, ekri HELP. Pou refize, ekri STOP nan menm nimewo a. Kondisyon SMS konpl\u00e8 yo nan https:\/\/211md.org\/sms\/ ap aplike tou.<\/em><\/p>\n\t\t\t\t<img loading=\"lazy\" decoding=\"async\" src=\"https:\/\/211md.org\/wp-content\/uploads\/2021\/05\/Screen-Shot-2021-05-26-at-11.27.25-AM.svg\" alt=\"Imaj nimewo 2 la\" itemprop=\"image\" height=\"150\" width=\"150\" title=\"Imaj Nimewo 2 la\" onerror=\"this.style.display='none'\"  \/>\n<h3>Antre K\u00f2d Postal ou<\/h3><p>L\u00e8 yo mande w, bay k\u00f2d postal ou pou nou ka jwenn resous lokal pou ede w jwenn espwa.<\/p>\n\t\t\t\t<img loading=\"lazy\" decoding=\"async\" src=\"https:\/\/211md.org\/wp-content\/uploads\/2021\/05\/Screen-Shot-2021-05-26-at-11.27.40-AM.svg\" alt=\"Imaj nimewo 3 la\" itemprop=\"image\" height=\"149\" width=\"149\" title=\"Imaj Nimewo 3 la\" onerror=\"this.style.display='none'\"  \/>\n<h3>Jwenn \u00e8d<\/h3><p>Konekte ak resous lokal yo l\u00e8 w di nou si w ap ch\u00e8che \u00e8d pou t\u00e8t ou, yon zanmi oswa yon manm fanmi oswa yon kliyan. 211 ap voye enf\u00f2masyon w mande w la, tankou <a href=\"https:\/\/sundown.org\/\" target=\"_blank\" rel=\"noopener\">sant tretman<\/a>, medikaman ranv\u00e8se surdozaj, jete san danje nan dw\u00f2g oswa sip\u00f2 prevansyon.<\/p>\n<p><strong>Ou kapab tou konekte ak yon moun ap viv nenp\u00f2t ki l\u00e8.<\/strong><\/p>\n\t<h2>Konekte l\u00f2t moun ak MHDope<\/h2>\n<p>Enprime kat kontak ak f\u00e8y enf\u00f2masyon ki ka telechaje pou konekte moun Maryland yo ak espwa.<\/p>\n\t\t\t\t<a href=\"\/wp-content\/uploads\/2022\/07\/2022-06_211MDHope-OutreachCard_063022_PRINT.pdf\" target=\"_blank\" rel=\"noopener\" itemprop=\"url\">\n\t\t\t\t<img loading=\"lazy\" decoding=\"async\" src=\"https:\/\/211md.org\/wp-content\/uploads\/2022\/07\/MDHope-Outreach-Card-July-2022.jpg\" alt=\"Kat Outreach MDHope pou itilizasyon opioid\" itemprop=\"image\" height=\"600\" width=\"1050\" title=\"Kat Outreach MHDope Jiy\u00e8 2022\" onerror=\"this.style.display='none'\"  \/>\n\t\t\t\t<\/a>\n\t<p><a href=\"\/wp-content\/uploads\/2022\/07\/2022-06_211MDHope-OutreachCard_063022_PRINT.pdf\" target=\"_blank\" rel=\"noopener\"><strong>Telechaje<\/strong><\/a><\/p>\n\t\t\t\t<a href=\"\/wp-content\/uploads\/2022\/07\/MDHope-Printable-Fact-Sheet-2022.pdf\" target=\"_blank\" rel=\"noopener\" itemprop=\"url\">\n\t\t\t\t<img loading=\"lazy\" decoding=\"async\" src=\"https:\/\/211md.org\/wp-content\/uploads\/2022\/07\/MDHope-Fact-Sheet-scaled.jpg\" alt=\"F\u00e8y enf\u00f2masyon MHDope\" itemprop=\"image\" height=\"2560\" width=\"1978\" title=\"F\u00e8y enf\u00f2masyon MHDope\" onerror=\"this.style.display='none'\"  \/>\n\t\t\t\t<\/a>\n\t<p><a href=\"\/wp-content\/uploads\/2022\/07\/MDHope-Printable-Fact-Sheet-2022.pdf\" target=\"_blank\" rel=\"noopener\"><strong>Telechaje<\/strong><\/a><\/p>","protected":false},"excerpt":{"rendered":"<p>Gen espwa si oumenm oswa yon moun ou konnen itilize opioid. T\u00e8ks MHDope nan 898211. Li gratis epi konfidansy\u00e8l. Enskri kounye a Msg. &amp; done pousantaj yo ka aplike ak msg. frek. ka varye. Pou \u00c8d, ekri HELP. Pou refize, ekri STOP nan menm nimewo a. Kondisyon SMS konpl\u00e8 yo nan https:\/\/211md.org\/sms\/ ap aplike tou. Kijan MHDope travay T\u00e8ks...<\/p>","protected":false},"author":7,"featured_media":3172,"parent":837,"menu_order":0,"comment_status":"closed","ping_status":"closed","template":"","meta":{"footnotes":""},"class_list":["post-3132","page","type-page","status-publish","has-post-thumbnail","hentry"],"_links":{"self":[{"href":"https:\/\/211md.org\/ht\/wp-json\/wp\/v2\/pages\/3132","targetHints":{"allow":["GET"]}}],"collection":[{"href":"https:\/\/211md.org\/ht\/wp-json\/wp\/v2\/pages"}],"about":[{"href":"https:\/\/211md.org\/ht\/wp-json\/wp\/v2\/types\/page"}],"author":[{"embeddable":true,"href":"https:\/\/211md.org\/ht\/wp-json\/wp\/v2\/users\/7"}],"replies":[{"embeddable":true,"href":"https:\/\/211md.org\/ht\/wp-json\/wp\/v2\/comments?post=3132"}],"version-history":[{"count":0,"href":"https:\/\/211md.org\/ht\/wp-json\/wp\/v2\/pages\/3132\/revisions"}],"up":[{"embeddable":true,"href":"https:\/\/211md.org\/ht\/wp-json\/wp\/v2\/pages\/837"}],"wp:featuredmedia":[{"embeddable":true,"href":"https:\/\/211md.org\/ht\/wp-json\/wp\/v2\/media\/3172"}],"wp:attachment":[{"href":"https:\/\/211md.org\/ht\/wp-json\/wp\/v2\/media?parent=3132"}],"curies":[{"name":"wp","href":"https:\/\/api.w.org\/{rel}","templated":true}]}}