{"id":3207,"date":"2022-09-15T16:24:14","date_gmt":"2022-09-15T20:24:14","guid":{"rendered":"https:\/\/211md.org\/?page_id=3207"},"modified":"2025-09-09T11:28:33","modified_gmt":"2025-09-09T15:28:33","slug":"siy-avetisman-ak-ed-pou-surdozaj","status":"publish","type":"page","link":"https:\/\/211md.org\/ht\/resources\/substance-use\/warning-signs-and-overdose-help\/","title":{"rendered":"Ki jan yo ede yon moun ki f\u00e8 yon surdozaj"},"content":{"rendered":"<img loading=\"lazy\" decoding=\"async\" src=\"https:\/\/211md.org\/wp-content\/uploads\/2022\/07\/Dad-with-hand-on-his-sons-shoulder-providing-support.jpg\" alt=\"Papa ak men sou zep\u00f2l pitit gason li bay sip\u00f2\" itemprop=\"image\" height=\"683\" width=\"1024\" title=\"Papa-ak-men-sou-zep\u00f2l-pitit-li bay sip\u00f2\" onerror=\"this.style.display='none'\"  \/>\n\t<p>Dejwe se yon maladi konplike nan s\u00e8vo a. Nan yon anviw\u00f2nman medikal, ou ka tande adiksyon yo rele maladi itilizasyon sibstans.<\/p>\n<p>Pandan ke li difisil pou navige nan sitiyasyon sa yo, jwenn yon moun \u00e8d li bezwen pi vit posib se kritik.<\/p>\n<p>Moun yo ka lite tou ak pwobl\u00e8m sante mantal oswa l\u00f2t pwobl\u00e8m sante kache. Epi, ak itilizasyon dw\u00f2g, toujou gen risk pou yon surdozaj ki ka touye moun.<\/p>\n<h2>Siy av\u00e8tisman<\/h2>\n<p>Dejwe ka afekte nenp\u00f2t moun nan Maryland, k\u00e8lkeswa laj, ras oswa pwofesyon.<\/p>\n<p>Ou ka ede sispann stigma dejwe l\u00e8 w konnen siy dejwe epi jwenn \u00e8d li bezwen an pi vit posib.<\/p>\n<h3>Siy Twoub Itilizasyon Sibstans<\/h3>\n<p>Sa yo se siy yon moun ki gen yon maladi itilizasyon sibstans.<\/p>\n<ul>\n<li>Vizite plizy\u00e8 dokt\u00e8 pou jwenn preskripsyon<\/li>\n<li>Chanje atitid oswa konp\u00f2tman<\/li>\n<li>Chimerik<\/li>\n<li>Retr\u00e8 nan ev\u00e8nman sosyal ak aktivite<\/li>\n<li>Difikilte finansye ki san rezon<\/li>\n<li>D\u00f2mi nan moman enp\u00e8<\/li>\n<li>Pi souvan itilize sibstans<\/li>\n<\/ul>\n<p>Stigma yo souvan anpeche moun jwenn \u00e8d yo bezwen an.<\/p>\n<p>Si yon moun ou konnen montre siy dejwe, ou ka ede l l\u00e8 w bay resous sip\u00f2 epi ankouraje yo jwenn \u00e8d.<\/p>\n<p>Pa p\u00e8m\u00e8t yo l\u00e8 w ede yo ak lwaye yo oswa bay l\u00f2t asistans finansye.<\/p>\n<p>Epitou, retire ansyen medikaman sou preskripsyon lakay ou.\u00a0<a href=\"https:\/\/211md.org\/ht\/resous-yo\/itilizasyon-sibstans\/eliminasyon-dwog\/\">Gen fason gratis pou jete ansyen medikaman yo<\/a>\u00a0kidonk w ap anpeche itilizasyon sibstans ak pwoteje anviw\u00f2nman an.<\/p>\n<p>Konsantre sou dejwe a ak\u00a0<a href=\"https:\/\/211md.org\/ht\/resous-yo\/itilizasyon-sibstans\/\">jwenn opsyon tretman nan Maryland<\/a>.<\/p>\n<h3>Rekon\u00e8t Siy Yon Surdozaj<\/h3>\n<p>Dw\u00f2g yo souvan genyen opioid sentetik pwisan ak tr\u00e8 danjere ke yo rele fentanyl. Li 50 fwa pi f\u00f2 pase ewoyin ak k\u00f2z prensipal lanm\u00f2 nan surdozaj nan Maryland.<\/p>\n<p>Ou pa ka w\u00e8 li, pran sant li oswa goute li. Li souvan ajoute nan l\u00f2t dw\u00f2g paske li t\u00e8lman pisan.<\/p>\n<p>Si w ap enkyete w pou yon moun epi w panse li ka gen yon dejwe, ou ta dwe tou konnen siy yon surdozaj.<\/p>\n<p>Siy yon surdozaj yo enkli:<\/p>\n<ul>\n<li>Gwo ronfl oswa bri gurgling<\/li>\n<li>L\u00e8v oswa zong vire ble<\/li>\n<li>Po pal\/gri<\/li>\n<li>Li pa reponn, li pa ka pale, oswa yon moun ki enkoyeran<\/li>\n<li>Limp k\u00f2<\/li>\n<li>Ralanti oswa sispann batman k\u00e8<\/li>\n<li>Respirasyon ki pa fon, dousman, sispann oswa iregilye<\/li>\n<li>P\u00f2v ladr\u00e8s mot\u00e8 ak kow\u00f2dinasyon<\/li>\n<li>Ti el\u00e8v ki pa reponn ak limy\u00e8 oswa mouvman<\/li>\n<li>Kriz<\/li>\n<li>Po kalm<\/li>\n<\/ul>\n\t<h2><strong>Kijan ou ka ede sove yon lavi ak naloxone<\/strong><\/h2>\n<p>80% nan lanm\u00f2 surdozaj rive andedan yon kay, dapre a\u00a0<a href=\"https:\/\/www.cdc.gov\/stopoverdose\/naloxone\/index.html\" target=\"_blank\" rel=\"noopener\">Sant pou Kontw\u00f2l Maladi (CDC) rap\u00f2 Siy Vital<\/a>.<\/p>\n<p>40% nan tan an, yon l\u00f2t moun prezan, dapre CDC la.<\/p>\n<p>Naloxone ede moun k ap gade yo ranv\u00e8se ef\u00e8 surdozaj la.<\/p>\n<p>Fanmi yo ta dwe gen medikaman pou sove lavi yo a lamen si yo konnen yon moun ki gen difikilte ak maladi itilizasyon opioid.<\/p>\n\t<iframe loading=\"lazy\" width=\"560\" height=\"315\" src=\"https:\/\/www.youtube.com\/embed\/Sm5Tbb8YcgQ\" title=\"jw\u00e8 videyo YouTube\" frameborder=\"0\" allow=\"accelerometer; autoplay; clipboard-write; encrypted-media; gyroscope; picture-in-picture\" allowfullscreen><\/iframe>\n\t\t<h3>T\u00e8ks MHDope nan 898211<\/h3><p>Konekte ak naloxone toupre w, sit pou jete medikaman sou preskripsyon ak resous itilizasyon sibstans.<\/p>\n<p><em>211 Maryland ofri pwogram al\u00e8t mesaj t\u00e8ks ki bay enf\u00f2masyon sou resous espesifik rejyon yo oswa bay al\u00e8t pou katastw\u00f2f. Msg. ak pousantaj done yo ka aplike. Msg. frekans ka varye. T\u00e8ks STOP nan menm nimewo a pou dezab\u00f2ne. Pou \u00e8d, ekri HELP. T\u00e8m konpl\u00e8 SMS nan <a href=\"https:\/\/211md.org\/ht\/sms\/\">https:\/\/211md.org\/sms\/<\/a> pral aplike tou.<\/em><\/p>\n\t<h3>Ki kote Pou Jwenn Naloxone nan Maryland<\/h3>\n<p>Si w pa vle enf\u00f2masyon yo voye t\u00e8ks ba w atrav\u00e8 MDHope, gen l\u00f2t fason pou jwenn founis\u00e8 naloxone ki pi pre nan z\u00f2n ou an.<\/p>\n<p>Ou ka vizite tou yon Pwogram repons pou Surdozaj (ODR) nan Maryland pou resevwa naloxone.\u00a0<a href=\"https:\/\/health.maryland.gov\/pha\/NALOXONE\/Pages\/Approved-Entities.aspx\" target=\"_blank\" rel=\"noopener\">Ou ka jwenn youn ki pi pre isit la<\/a>.<\/p>\n<p>Ou kapab tou antre nan yon famasi epi jwenn medikaman an san preskripsyon ak san f\u00f2masyon. Li kouvri pa pif\u00f2 asirans ak Maryland Medicaid. Sepandan, li ka pa nan stock. Envant\u00e8 ka varye.<\/p>\n<p><a href=\"https:\/\/nextdistro.org\/maryland\" target=\"_blank\" rel=\"noopener\">Next Rediksyon Mal<\/a>\u00a0ak la\u00a0<a href=\"https:\/\/baltimoreharmreduction.org\/\" target=\"_blank\" rel=\"noopener\">Baltimore Harm Reduction Coalition<\/a>\u00a0pral pa lap\u00f2s tou medikaman pou sove lavi a bay rezidan Maryland yo gratis. Pwogram nan f\u00e8t pou moun ki pa vle pran medikaman an an p\u00e8s\u00f2n.<\/p>\n<p>Ou pral bezwen gade yon videyo f\u00f2masyon 4 minit, reponn yon ti egzamen, epi bay enf\u00f2masyon pou resevwa naloxone. F\u00f2masyon an disponib nan lang angle ak pany\u00f2l.\u00a0<a href=\"https:\/\/nextdistro.org\/maryland-language\" target=\"_blank\" rel=\"noopener\">Pran f\u00f2masyon an<\/a>.<\/p>\n\t<h2>Lwa Bon Samariten Maryland la<\/h2>\n<p>Lwa a bay s\u00e8ten pwoteksyon legal l\u00e8 ou rele 9-1-1 pou ede yon moun ki gen yon surdozaj ijans.<\/p>\n<p>Si w temwen yon ijans medikal ki te koze pa yon surdozaj, rele 9-1-1 imedyatman.<\/p>\n<p><a href=\"https:\/\/health.maryland.gov\/qahealth\/substance-abuse\/Pages\/Good-Samaritan-Law.aspx\" target=\"_blank\" rel=\"noopener\">Lwa Bon Samariten Maryland la<\/a>\u00a0p\u00e8m\u00e8t ou jwenn \u00e8d san yo pa p\u00e8 arestasyon oswa pouswit pou plizy\u00e8 deli, tankou:<\/p>\n<ul>\n<li>5-601: Posede oswa Administre CDS<\/li>\n<li>5-619: Parafernalia Dw\u00f2g<\/li>\n<li>5-620: Ekipman Kontwole<\/li>\n<li>\u00a7 10-114: Posesyon alk\u00f2l min\u00e8<\/li>\n<li>\u00a7 10-116: Jwenn Alk\u00f2l pou Konsomasyon Min\u00e8<\/li>\n<li>\u00a7 10-117: Fourni pou oswa p\u00e8m\u00e8t konsomasyon alk\u00f2l min\u00e8<\/li>\n<\/ul>\n<p>Li pwoteje w tou pou w pa vyole lib\u00e8te pwobasyon, pwobasyon ak liberasyon anvan jijman si yo te jwenn pr\u00e8v vyolasyon an k\u00f2m rezilta l\u00e8 w jwenn \u00e8d oswa bay asistans ki ede sove lavi yon moun.<\/p>\n<p>Objektif la se ede yon moun ki f\u00e8 eksperyans yon surdozaj ijans.<\/p>\n<p>Ou pa pwoteje si ou temwen ijans lan epi ou pa ede moun nan. Lapolis kapab mennen ank\u00e8t epi rasanble pr\u00e8v tou paske li pa aplike pou krim dw\u00f2g oswa l\u00f2t krim ki pa nan lis la.<\/p>\n\t\t\t\t<img loading=\"lazy\" decoding=\"async\" src=\"https:\/\/211md.org\/wp-content\/uploads\/2022\/07\/Naloxone-NARCAN-nasal-spray.jpg\" alt=\"Naloxone Narcan espre nan nen\" itemprop=\"image\" height=\"683\" width=\"1024\" title=\"Naloxone-NARCAN-nazal-espre\" onerror=\"this.style.display='none'\"  \/>\n<h2>Kijan Pou Ede Yon Moun Ki Surdozaj<\/h2>\n<p>Naloxone\/NARCAN\u00ae imedyatman ranv\u00e8se ef\u00e8 yon surdozaj. Gen yon f\u00f2m injectable oswa pi souvan, yon espre nan nen. Li fasil pou itilize epi li disponib san yon preskripsyon.<\/p>\n<p>Nan vil Baltimore s\u00e8lman, li te sove plis pase 2800 lavi.<\/p>\n<p>Si w gen NARCAN\u00ae ki disponib, ou ka s\u00e8vi ak li pou bay \u00e8d imedya pandan w ap tann p\u00e8son\u00e8l medikal rive.<\/p>\n<h3>S\u00e8vi ak Naloxone<\/h3>\n<p>Naloxone se yon espre nan nen oswa yon oto-enjekt\u00e8 ki itilize nan kwis dey\u00f2 moun nan.<\/p>\n<p>Sa yo se etap sa yo ou dwe swiv si ou sisp\u00e8k yon moun ap f\u00e8 eksperyans yon surdozaj:<\/p>\n<h4>1. Jwenn atansyon yo.<\/h4>\n<p>Rele sou moun nan epi mande si yo bezwen \u00e8d.<\/p>\n<h4>2. Fwote sternum yo.<\/h4>\n<p>Fwote pwent ou byen f\u00e8m monte desann nan mitan pwatrin moun nan.<\/p>\n<h4>3. Rele 9-1-1.<\/h4>\n<h4>4. Bay Naloxone.<\/h4>\n<p>Mete pwent bouch la nan nenp\u00f2t twou nen jiskaske dw\u00e8t ou manyen anba nen moun nan.<\/p>\n<p>Peze byen f\u00e8m pou lage medikaman an.<\/p>\n<p>Si premye d\u00f2z la pa travay nan 1-3 minit, repete.<\/p>\n<h4>5. Sip\u00f2te respirasyon yo.<\/h4>\n<p>Mete moun nan sou do yo, epi panche manton an d\u00e8y\u00e8. Tcheke pou asire w pa gen anyen ki bloke pasaj yo.<\/p>\n<p>Pinze nen moun nan f\u00e8men epi kouvri bouch li ak pa w la. Soufle 2 souf regilye, apresa repete ak 1 souf chak 5 segonn.<\/p>\n<p>Ou ka f\u00e8 konpresyon pwatrin tou si w gen f\u00f2masyon CPR.<\/p>\n<h4>6. Ede moun nan ref\u00e8.<\/h4>\n<p>Rete ak moun nan jiskaske \u00e8d rive.<\/p>\n<p>Si moun nan amelyore, mete yo sou vant yo ak figi yo ak t\u00e8t yo vire sou b\u00f2. Mete men yo anba t\u00e8t yo epi pliye jenou yo pou sip\u00f2.<\/p>\n<p>Naloxone pa pral f\u00e8 okenn mal si yo bay yon moun ki pa gen opioid nan sist\u00e8m yo.<\/p>\n<h2>Enf\u00f2masyon ki gen rap\u00f2<\/h2>\n<p><a href=\"https:\/\/211md.org\/ht\/resous-yo\/itilizasyon-sibstans\/\">Jwenn Tretman<\/a><\/p>\n<p><a href=\"https:\/\/211md.org\/ht\/resous-yo\/itilizasyon-sibstans\/eliminasyon-dwog\/\">Dispozisyon Medikaman Preskripsyon<\/a><\/p>\n<p><a href=\"https:\/\/211md.org\/ht\/mdhope\/\">MDHope<\/a><\/p>\n\t<h2>Bezwen Pale?<\/h2>\n\t<h2>Rele oswa voye t\u00e8ks 988<\/h2>\n\t\t\t<a href=\"https:\/\/988lifeline.org\/chat\/\" target=\"_blank\" rel=\"noopener\">\n\t\t\t\t\t\t\tChat kounye a (angle)\n\t\t\t\t\t<\/a>\n\t\t\t<a href=\"https:\/\/988lifeline.org\/es\/chat\/\" target=\"_blank\" rel=\"noopener\">\n\t\t\t\t\t\t\tChatea Ahora (Espa\u00f1ol)\n\t\t\t\t\t<\/a>\n\t<p>Nenp\u00f2t moun ki bezwen asistans ak bezwen sante mantal oswa bezwen ki gen rap\u00f2 ak itilizasyon sibstans ka rele 988. <a href=\"https:\/\/988min.org\/\" target=\"_blank\" rel=\"noopener\"> Aprann sou 988 nan Maryland.<\/a><\/p>\n<h2>\n\t\tJwenn Resous\n\t<\/h2>\n\t\t\t\t<a href=\"\/ht\/resous-yo\/aje-andikap\/\"  target=\"_self\" itemprop=\"url\">\n\t\t\t\t<img loading=\"lazy\" decoding=\"async\" src=\"https:\/\/211md.org\/wp-content\/uploads\/bb-plugin\/cache\/Mask-Group-41@2x-circle-73eaadba4cad8269faa4720e25cf1c85-.png\" alt=\"Pye yon fanm ki pi gran ak yon ti fi k ap mache ansanm\" itemprop=\"image\" height=\"500\" width=\"500\" title=\"S\u00e8vis Enfimite\" onerror=\"this.style.display='none'\"  \/>\n\t\t\t\t<\/a>\n\t\t<h3><a href=\"\/ht\/resous-yo\/aje-andikap\/\" target=\"_self\">Aje ak Andikap<\/a><\/h3>\t\n\t\t\t\t<a href=\"\/ht\/resous-yo\/timoun-fanmi-yo\/\"  target=\"_self\" itemprop=\"url\">\n\t\t\t\t<img loading=\"lazy\" decoding=\"async\" src=\"https:\/\/211md.org\/wp-content\/uploads\/bb-plugin\/cache\/Mask-Group-38@2x-circle-ac40d46265fbec62083cd27f6dcf23b0-.png\" alt=\"Yon j\u00e8n ti gason ak ti fi k ap souri epi gade kamera a\" itemprop=\"image\" height=\"500\" width=\"500\" title=\"Gwoup Mask 38@2x\" onerror=\"this.style.display='none'\"  \/>\n\t\t\t\t<\/a>\n\t\t<h3><a href=\"\/ht\/resous-yo\/timoun-fanmi-yo\/\" target=\"_self\">Timoun ak Fanmi<\/a><\/h3>\t\n\t\t\t\t<a href=\"\/ht\/resous-yo\/vyolans-familyal-domestik\/\"  target=\"_self\" itemprop=\"url\">\n\t\t\t\t<img loading=\"lazy\" decoding=\"async\" src=\"https:\/\/211md.org\/wp-content\/uploads\/bb-plugin\/cache\/Mask-Group-39@2x-circle-b2589197a13c791d910f46dd10b27a87-.png\" alt=\"De p\u00e8 men kenbe youn ak l\u00f2t\" itemprop=\"image\" height=\"500\" width=\"500\" title=\"Gwoup Mask 39@2x\" onerror=\"this.style.display='none'\"  \/>\n\t\t\t\t<\/a>\n\t\t<h3><a href=\"\/ht\/resous-yo\/vyolans-familyal-domestik\/\" target=\"_self\">Vyolans Domestik\/ Fanmi<\/a><\/h3>\t\n\t\t\t\t<a href=\"\/ht\/resous-yo\/rechech-travay\/\"  target=\"_self\" itemprop=\"url\">\n\t\t\t\t<img loading=\"lazy\" decoding=\"async\" src=\"https:\/\/211md.org\/wp-content\/uploads\/bb-plugin\/cache\/Employment-circle-bf72562329e950df948954f5d3f44b2e-.png\" alt=\"Yon mekanisyen machin\" itemprop=\"image\" height=\"500\" width=\"500\" title=\"Travay\" onerror=\"this.style.display='none'\"  \/>\n\t\t\t\t<\/a>\n\t\t<h3><a href=\"\/ht\/resous-yo\/rechech-travay\/\" target=\"_self\">Travay<\/a><\/h3>\t\n\t\t\t\t<a href=\"\/ht\/resous-yo\/swen-sante\/\"  target=\"_self\" itemprop=\"url\">\n\t\t\t\t<img loading=\"lazy\" decoding=\"async\" src=\"https:\/\/211md.org\/wp-content\/uploads\/bb-plugin\/cache\/Mask-Group-35@2x-circle-94be10c13e4adae1683b4589dc2f5b2f-.png\" alt=\"Dokt\u00e8 ap gade janm gason\" itemprop=\"image\" height=\"500\" width=\"500\" title=\"Gwoup Mask 35@2x\" onerror=\"this.style.display='none'\"  \/>\n\t\t\t\t<\/a>\n\t\t<h3><a href=\"\/ht\/resous-yo\/swen-sante\/\" target=\"_self\">Swen Sante<\/a><\/h3>\t\n\t\t\t\t<a href=\"\/ht\/resous-yo\/manje\/\"  target=\"_self\" itemprop=\"url\">\n\t\t\t\t<img loading=\"lazy\" decoding=\"async\" src=\"https:\/\/211md.org\/wp-content\/uploads\/bb-plugin\/cache\/Mask-Group-32@2x-circle-1c6d647dcaf998fa079d26735cedc92b-.png\" alt=\"Legim fre\" itemprop=\"image\" height=\"500\" width=\"500\" title=\"Gwoup Mask 32@2x\" onerror=\"this.style.display='none'\"  \/>\n\t\t\t\t<\/a>\n\t\t<h3><a href=\"\/ht\/resous-yo\/manje\/\" target=\"_self\">Manje<\/a><\/h3>\t\n\t\t\t\t<a href=\"\/ht\/resous-yo\/abri-lojman\/\"  target=\"_self\" itemprop=\"url\">\n\t\t\t\t<img loading=\"lazy\" decoding=\"async\" src=\"https:\/\/211md.org\/wp-content\/uploads\/bb-plugin\/cache\/Mask-Group-34@2x-circle-b99c55fc16ef21f35e2f2a1f7cc37b9a-.png\" alt=\"Balkon konpl\u00e8ks apatman\" itemprop=\"image\" height=\"500\" width=\"500\" title=\"Apatman-Konpl\u00e8ks\" onerror=\"this.style.display='none'\"  \/>\n\t\t\t\t<\/a>\n\t\t<h3><a href=\"\/ht\/resous-yo\/abri-lojman\/\" target=\"_self\">Lojman &amp; Abri<\/a><\/h3>\t\n\t\t\t\t<a href=\"\/ht\/resous-yo\/nouvo-nan-nou-ak-maryland\/\"  target=\"_self\" itemprop=\"url\">\n\t\t\t\t<img loading=\"lazy\" decoding=\"async\" src=\"https:\/\/211md.org\/wp-content\/uploads\/bb-plugin\/cache\/American-flag-circle-0016cc327e27ef7aeb080f1da6c6e98b-.jpg\" alt=\"nouvo nan eta Zini\" itemprop=\"image\" height=\"364\" width=\"1366\" title=\"Ameriken-drapo\" onerror=\"this.style.display='none'\"  \/>\n\t\t\t\t<\/a>\n\t\t<h3><a href=\"\/ht\/resous-yo\/nouvo-nan-nou-ak-maryland\/\" target=\"_self\">Imigrasyon<\/a><\/h3>\t\n\t\t\t\t<a href=\"\/ht\/resous-yo\/timoun-fanmi-yo\/swen-fanmi\/\"  target=\"_self\" itemprop=\"url\">\n\t\t\t\t<img decoding=\"async\" src=\"https:\/\/211md.org\/wp-content\/uploads\/bb-plugin\/cache\/kinship-family-navigating-a-computer-circle-045fee9d587aefb20221bfea41a2cf9b-.png\" alt=\"fanmi fanmi navige nan yon \u00f2dinat\u00e8\" itemprop=\"image\" title=\"fanmi fanmi navige nan yon \u00f2dinat\u00e8\" onerror=\"this.style.display='none'\"  \/>\n\t\t\t\t<\/a>\n\t\t<h3><a href=\"\/ht\/resous-yo\/timoun-fanmi-yo\/swen-fanmi\/\" target=\"_self\">Parente<\/a><\/h3>\t\n\t\t\t\t<a href=\"\/ht\/resous-yo\/sevis-legal-yo\/\"  target=\"_self\" itemprop=\"url\">\n\t\t\t\t<img loading=\"lazy\" decoding=\"async\" src=\"https:\/\/211md.org\/wp-content\/uploads\/bb-plugin\/cache\/Housing-Legal-circle-9a8f3c1c72c54b6e1ce612d2993c1ad4-.png\" alt=\"Mato legal ak yon mod\u00e8l plastik nan yon kay akote li\" itemprop=\"image\" height=\"348\" width=\"460\" title=\"Lojman Legal\" onerror=\"this.style.display='none'\"  \/>\n\t\t\t\t<\/a>\n\t\t<h3><a href=\"\/ht\/resous-yo\/sevis-legal-yo\/\" target=\"_self\">S\u00e8vis Legal<\/a><\/h3>\t\n\t\t\t\t<a href=\"\/ht\/resous-yo\/sante-mantal\/\"  target=\"_self\" itemprop=\"url\">\n\t\t\t\t<img loading=\"lazy\" decoding=\"async\" src=\"https:\/\/211md.org\/wp-content\/uploads\/bb-plugin\/cache\/Mask-Group-40@2x-circle-7bd9426367852fb3d841bc4bdc57a550-.png\" alt=\"Des yon gason ak yon fanm\" itemprop=\"image\" height=\"500\" width=\"500\" title=\"Gwoup Mask 40@2x\" onerror=\"this.style.display='none'\"  \/>\n\t\t\t\t<\/a>\n\t\t<h3><a href=\"\/ht\/resous-yo\/sante-mantal\/\" target=\"_self\">Sante mantal<\/a><\/h3>\t\n\t\t\t\t<a href=\"\/ht\/resous-yo\/mdreentry\/\"  target=\"_self\" itemprop=\"url\">\n\t\t\t\t<img loading=\"lazy\" decoding=\"async\" src=\"https:\/\/211md.org\/wp-content\/uploads\/bb-plugin\/cache\/Diverse-group-of-community-members-circle-4457c114cd48613bc79a0fb50060319c-.jpg\" alt=\"Gwoup div\u00e8s manm kominote a\" itemprop=\"image\" height=\"800\" width=\"1200\" title=\"Gwoup div\u00e8s manm kominote a\" onerror=\"this.style.display='none'\"  \/>\n\t\t\t\t<\/a>\n\t\t<h3><a href=\"\/ht\/resous-yo\/mdreentry\/\" target=\"_self\">Reantre<\/a><\/h3>\t\n\t\t\t\t<a href=\"\/ht\/sispann\/\"  target=\"_self\" itemprop=\"url\">\n\t\t\t\t<img loading=\"lazy\" decoding=\"async\" src=\"https:\/\/211md.org\/wp-content\/uploads\/bb-plugin\/cache\/Background-section-MDStophate-circle-08e2bae1cf9f2ad6cc83e01e23da8cb9-.jpg\" alt=\"Jan nou koumanse-seksyon-MDStophate\" itemprop=\"image\" height=\"768\" width=\"1366\" title=\"Jan nou koumanse-seksyon-MDStophate\" onerror=\"this.style.display='none'\"  \/>\n\t\t\t\t<\/a>\n\t\t<h3><a href=\"\/ht\/sispann\/\" target=\"_self\">Sispann Rayi<\/a><\/h3>\t\n\t\t\t\t<a href=\"\/ht\/resous-yo\/itilizasyon-sibstans\/\"  target=\"_self\" itemprop=\"url\">\n\t\t\t\t<img loading=\"lazy\" decoding=\"async\" src=\"https:\/\/211md.org\/wp-content\/uploads\/bb-plugin\/cache\/Substance-Use-circle-ad2d564932dc31267e0c32a6fb2d915c-.png\" alt=\"Grenn kraze men yo\" itemprop=\"image\" height=\"500\" width=\"500\" title=\"Sibstans-Itilize\" onerror=\"this.style.display='none'\"  \/>\n\t\t\t\t<\/a>\n\t\t<h3><a href=\"\/ht\/resous-yo\/itilizasyon-sibstans\/\" target=\"_self\">Itilizasyon sibstans<\/a><\/h3>\t\n\t\t\t\t<a href=\"\/ht\/resous-yo\/sevis-taks\/\"  target=\"_self\" itemprop=\"url\">\n\t\t\t\t<img loading=\"lazy\" decoding=\"async\" src=\"https:\/\/211md.org\/wp-content\/uploads\/bb-plugin\/cache\/Mask-Group-34-circle-166a606e37e61188c9a17d5e634cda3c-.png\" alt=\"Moun ki ranpli papye taks sou revni\" itemprop=\"image\" height=\"500\" width=\"500\" title=\"Gwoup Mask 34\" onerror=\"this.style.display='none'\"  \/>\n\t\t\t\t<\/a>\n\t\t<h3><a href=\"\/ht\/resous-yo\/sevis-taks\/\" target=\"_self\">S\u00e8vis taks<\/a><\/h3>\t\n\t\t\t\t<a href=\"\/ht\/resous-yo\/asistans-sevis-piblik\/\"  target=\"_self\" itemprop=\"url\">\n\t\t\t\t<img loading=\"lazy\" decoding=\"async\" src=\"https:\/\/211md.org\/wp-content\/uploads\/bb-plugin\/cache\/Mask-Group-37@2x-circle-9661a11b9c4082079c9a1f06bc539567-.png\" alt=\"Yon anpoul limen\" itemprop=\"image\" height=\"500\" width=\"500\" title=\"Gwoup Mask 37@2x\" onerror=\"this.style.display='none'\"  \/>\n\t\t\t\t<\/a>\n\t\t<h3><a href=\"\/ht\/resous-yo\/asistans-sevis-piblik\/\" target=\"_self\">Asistans s\u00e8vis piblik<\/a><\/h3>\t\n\t\t\t\t<a href=\"\/ht\/resous-yo\/veteran-yo\/\"  target=\"_self\" itemprop=\"url\">\n\t\t\t\t<img decoding=\"async\" src=\"https:\/\/211md.org\/wp-content\/uploads\/bb-plugin\/cache\/Veterans-circle-7c6972a59826c74f1f658f61df785fc3-.png\" alt=\"Yon s\u00f2lda ki bay men yon moun epi li souri\" itemprop=\"image\" title=\"Veteran yo\" onerror=\"this.style.display='none'\"  \/>\n\t\t\t\t<\/a>\n\t\t<h3><a href=\"\/ht\/resous-yo\/veteran-yo\/\" target=\"_self\">Veteran yo<\/a><\/h3>","protected":false},"excerpt":{"rendered":"<p>Dejwe se yon maladi konplike nan s\u00e8vo a. Nan yon anviw\u00f2nman medikal, ou ka tande adiksyon yo rele maladi itilizasyon sibstans. Pandan ke li difisil pou navige nan sitiyasyon sa yo, jwenn yon moun \u00e8d li bezwen pi vit posib se kritik. Moun yo ka lite tou ak pwobl\u00e8m sante mantal oswa l\u00f2t pwobl\u00e8m sante kache. Epi, ak dw\u00f2g ...<\/p>","protected":false},"author":7,"featured_media":3209,"parent":837,"menu_order":0,"comment_status":"closed","ping_status":"closed","template":"","meta":{"footnotes":""},"class_list":["post-3207","page","type-page","status-publish","has-post-thumbnail","hentry"],"_links":{"self":[{"href":"https:\/\/211md.org\/ht\/wp-json\/wp\/v2\/pages\/3207","targetHints":{"allow":["GET"]}}],"collection":[{"href":"https:\/\/211md.org\/ht\/wp-json\/wp\/v2\/pages"}],"about":[{"href":"https:\/\/211md.org\/ht\/wp-json\/wp\/v2\/types\/page"}],"author":[{"embeddable":true,"href":"https:\/\/211md.org\/ht\/wp-json\/wp\/v2\/users\/7"}],"replies":[{"embeddable":true,"href":"https:\/\/211md.org\/ht\/wp-json\/wp\/v2\/comments?post=3207"}],"version-history":[{"count":3,"href":"https:\/\/211md.org\/ht\/wp-json\/wp\/v2\/pages\/3207\/revisions"}],"predecessor-version":[{"id":33795,"href":"https:\/\/211md.org\/ht\/wp-json\/wp\/v2\/pages\/3207\/revisions\/33795"}],"up":[{"embeddable":true,"href":"https:\/\/211md.org\/ht\/wp-json\/wp\/v2\/pages\/837"}],"wp:featuredmedia":[{"embeddable":true,"href":"https:\/\/211md.org\/ht\/wp-json\/wp\/v2\/media\/3209"}],"wp:attachment":[{"href":"https:\/\/211md.org\/ht\/wp-json\/wp\/v2\/media?parent=3207"}],"curies":[{"name":"wp","href":"https:\/\/api.w.org\/{rel}","templated":true}]}}