{"id":3547,"date":"2022-12-08T16:52:55","date_gmt":"2022-12-08T21:52:55","guid":{"rendered":"https:\/\/211md.org\/?page_id=3547"},"modified":"2026-02-02T08:38:51","modified_gmt":"2026-02-02T13:38:51","slug":"tem","status":"publish","type":"page","link":"https:\/\/211md.org\/ht\/terms\/","title":{"rendered":"T\u00e8m itilizasyon"},"content":{"rendered":"<p><strong>Anvig\u00e8 apati 29 avril 2022<\/strong><\/p>\n<p>ENP\u00d2TAN \u2013 SA A SE YON AK\u00d2 LEGAL ANT OU (ki refere sa a k\u00f2m \u201cou\u201d oswa \u201citilizat\u00e8\u201d oswa av\u00e8k \u201cou\u201d) AK MARYLAND ENF\u00d2MASYON NETWORK 2-1-1 MARYLAND, INC. CHAK FWA OU ITILIZE OSWA OU AKS\u00c8 SOU WEBSITE 211MD SOU www.211md.org AK NENP\u00d2T PWOPRIYETE SOU ENT\u00c8N KI KONTROLE OSWA OPERE PA 211MD DE TAN A TAN (ki refere yo ansanm k\u00f2m \u201cSite\u201d). Kidonk, OU TA DWE LI AK ATANSYON T\u00c8M AK KONDISYON SA YO KI GENYEN NAN AK\u00d2 SOU T\u00c8M AK UTILIZASYON SA A (\u201cTOU\u201d) JAN YO GOUV\u00c8N\u00c8 ITILIZE SIT LA. SI OU PA DAK\u00d2 AK TOU SA A, OU PA P\u00d2MITE POU ITILIZE OSWA OU AKS\u00c8 SITE A.<\/p>\n<p><strong>1. KONTI.<\/strong>&nbsp;Sit la se pa yon ranplasan pou kons\u00e8y medikal pwofesyon\u00e8l, pou swen sante pwofesyon\u00e8l oswa s\u00e8vis legal, oswa pou ranf\u00f2sman lapolis. Si w panse w ap sibi yon ijans, rele 911 imedyatman.<\/p>\n<p><strong>2. B\u00d2S LISANS.<\/strong>&nbsp;211MD posede Sit la epi li mete l disponib, epi TOU sa a ba w yon lisans p\u00e8son\u00e8l, ki revokab, ki limite, ki pa eksklizif, ki pa ka transfere epi ki pa sou-lisans pou w itilize Sit la, ki kondisyone si w kontinye respekte TOU sa a. Ou ka enprime ak telechaje matery\u00e8l ak enf\u00f2masyon ki soti nan sit la s\u00e8lman pou itilizasyon p\u00e8son\u00e8l ou epi s\u00e8lman pou rezon edikasyon\u00e8l, depi tout kopi papye yo genyen tout dwadot\u00e8 ak l\u00f2t avi ki aplikab ki genyen nan matery\u00e8l ak enf\u00f2masyon sa yo epi ou pa distribye oswa divilge sa yo. matery\u00e8l ak enf\u00f2masyon. Ou pa gen dwa gen aks\u00e8 oswa itilize sit la oswa nenp\u00f2t matery\u00e8l atrav\u00e8 sit la pou okenn rezon ki pa otorize, ki gen ladan, men yo pa limite a, rezon kom\u00e8syal yo.<\/p>\n<p><strong>3. RESTRIKSYON POU B\u00d2S LISANS.<\/strong>&nbsp;TOU sa a se s\u00e8lman yon lisans epi li pa yon devwa oswa vann. 211MD pa transfere okenn pwopriyet\u00e8 oswa enter\u00e8 pwopriyete entelekty\u00e8l oswa tit nan ak sou sit la ba ou oswa nenp\u00f2t l\u00f2t moun. Anplis de sa, 211MD rez\u00e8ve tout dwa ki pa ekspreseman ak\u00f2de nan TOU sa a. An konsekans, ou pa gen dwa modifye, tradui, dekonpile, kreye travay derive (yo), kopye, distribye, demonte, difize, transm\u00e8t, pibliye, retire, oswa chanje okenn avi oswa etik\u00e8t propri\u00e9taires, lisans, soulisans, transfere, vann, glas. , ankadre, eksplwate, lwe, lwe, mete etik\u00e8t sou prive, ak\u00f2de yon enter\u00e8 sekirite nan, oswa otreman itilize sit la nan nenp\u00f2t fason ki pa ekspreseman p\u00e8m\u00e8t sa a. Anplis, ou pa dwe modifye kopi nenp\u00f2t matery\u00e8l ki soti nan sit la, nenp\u00f2t imaj, ak grafik separeman de t\u00e8ks ki akonpaye la, oswa efase oswa chanje nenp\u00f2t avi sou copyright, mak kom\u00e8syal, oswa dwa pwopriyet\u00e8 ki soti nan kopi nenp\u00f2t matery\u00e8l.<\/p>\n<p><strong>4. OBLIGATIONS ITIlizat\u00e8 yo.<\/strong>&nbsp;L\u00e8 w gen aks\u00e8 a oswa itilize sit la, ou reprezante epi garanti ke ou gen omwen dizwit (18) ane (oswa laj legal la nan majorite, k\u00e8lkeswa sa ki pi gran) epi ou pral, tout tan, bay vr\u00e8, egzat, akty\u00e8l, ak enf\u00f2masyon konpl\u00e8 l\u00e8 w ap soum\u00e8t enf\u00f2masyon oswa matery\u00e8l sou oswa atrav\u00e8 sit la, ki gen ladan, san limitasyon, l\u00e8 w bay enf\u00f2masyon atrav\u00e8 yon f\u00f2m soum\u00e8t sit la. Anplis de sa, ou dak\u00f2 pou respekte tout lwa ak r\u00e8gleman lokal, eta, nasyonal ak ent\u00e8nasyonal ki aplikab yo ki gen rap\u00f2 ak itilizasyon sit la. Ou rekon\u00e8t epi dak\u00f2 tou ke itilizasyon Ent\u00e8n\u00e8t la se s\u00e8lman sou pw\u00f2p risk ou.<\/p>\n<p><strong>5. KONT.<\/strong>&nbsp;Anrejistreman pou yon kont pou itilize z\u00f2n ki gen restriksyon sou kont oswa zouti nan sit la ka mande pou kalifikasyon aks\u00e8, tankou yon adr\u00e8s imel, non itilizat\u00e8, nimewo telef\u00f2n, oswa modpas, oswa aderans ak l\u00f2t kondisyon aks\u00e8 patikilye jan 211MD deziyen nan s\u00e8l diskresyon li. de tanzantan. Ou dak\u00f2 pou konsidere epi kenbe kalifikasyon aks\u00e8 ou yo k\u00f2m enf\u00f2masyon konfidansy\u00e8l epi ou dak\u00f2 ke kont ou p\u00e8son\u00e8l ou epi ou pap bay okenn l\u00f2t moun enf\u00f2masyon sou kont la. Ou dwe notifye 211MD imedyatman si ou sisp\u00e8k oswa vin konnen nenp\u00f2t p\u00e8t oswa v\u00f2l oswa itilizasyon san otorizasyon kalifikasyon aks\u00e8 ou yo. 211MD gen dwa, nan s\u00e8l diskresyon li, pou enfim nenp\u00f2t non itilizat\u00e8, modpas, oswa l\u00f2t idantifyan si nan opinyon 211MD ou te vyole nenp\u00f2t dispozisyon nan TOU sa a oswa pou nenp\u00f2t ki rezon oswa pou okenn rezon.<\/p>\n<p><strong>6. KONTRIBYON ITIlizat\u00e8 yo. T<\/strong>Sit la ka genyen karakteristik ent\u00e8aktif ki p\u00e8m\u00e8t ou soum\u00e8t, pibliye, oswa transm\u00e8t kontni bay l\u00f2t itilizat\u00e8 sou oswa atrav\u00e8 Sit la (&quot;Kontribisyon Itilizat\u00e8&quot;). L\u00e8 w afiche yon kontribisyon itilizat\u00e8 sou sit la, ou bay 211D dwa pou itilize, repwodui, modifye, montre, epi otreman transfere oswa divilge bay twazy\u00e8m pati nenp\u00f2t pati nan tout kontribisyon itilizat\u00e8 a. L\u00e8 w poste yon Kontribisyon Itilizat\u00e8 a, ou garanti ou posede tout dwa sou Kontribisyon Itilizat\u00e8 a ak sou Kontribisyon Itilizat\u00e8 a, e ke Kontribisyon Itilizat\u00e8 a konf\u00f2m ak TOU sa a. 211MD pa responsab devan oumenm oswa nenp\u00f2t pati pou kontni oswa presizyon nenp\u00f2t kontribisyon itilizat\u00e8 afiche pa oumenm oswa nenp\u00f2t l\u00f2t itilizat\u00e8 nan sit la. 211MD rez\u00e8ve dwa tou pou retire oswa refize pibliye nenp\u00f2t kontribisyon itilizat\u00e8 pou nenp\u00f2t ki rezon oswa pou okenn rezon.<\/p>\n<p><strong>7. DWA PWOPRIYETE.<\/strong>&nbsp;Sit la se pou The Maryland Information Network 2-1-1 Maryland, Inc. Copyright 2021-2022 \u00a9 211 Maryland ak\/oswa moun ki bay lisans li yo. Tout dwa rez\u00e8ve. Nenp\u00f2t enf\u00f2masyon oswa matery\u00e8l ki ka telechaje oswa ki ka enprime ki disponib sou sit la, sof si sa endike otreman, se 211MD ak\/oswa moun ki bay lisans li yo ki posede. 211 MARYLAND, 2-1-1 MD, Maryland Information Network ak tout l\u00f2t non, logo, ak ikon ki idantifye 211MD ak s\u00e8vis li yo se mak kom\u00e8syal 211MD, epi nenp\u00f2t itilizasyon mak sa yo san otorizasyon eksprime alekri 211MD ent\u00e8di. L\u00f2t s\u00e8vis, pwodwi, oswa non konpayi yo mansyone yo ka mak kom\u00e8syal ak\/oswa mak s\u00e8vis pwopriyet\u00e8 respektif yo.<\/p>\n<p><strong>8. L\u00d2T T\u00c8M AK KONDISYON.<\/strong>&nbsp;L\u00f2t avi, t\u00e8m, ak kondisyon ka aplike nan ab\u00f2nman dijital (yo), patisipasyon sondaj, peman, SMS (s\u00e8vis mesaj kout) kominikasyon, oswa patisipasyon nan yon pwogram oswa ev\u00e8nman (jan sa aplikab). Ou dak\u00f2 pou respekte l\u00f2t avi, t\u00e8m, ak kondisyon sa yo, jan sa aplikab. Si gen yon konfli ant TOU sa a ak l\u00f2t avi, t\u00e8m, ak kondisyon sa yo, 211MD dwe rezoud nenp\u00f2t konfli ak bon konfyans nan s\u00e8l diskresyon li, men d\u00e8nye t\u00e8m yo pral jeneralman kontwole anrap\u00f2 ak sij\u00e8 respektif yo.<\/p>\n<p><strong>9. FEEDBACK.<\/strong>&nbsp;211MD akeyi fidbak ak sijesyon w sou s\u00e8vis 211MD yo, oswa kons\u00e8nan fason pou amelyore sit la. L\u00e8 w transm\u00e8t nenp\u00f2t sijesyon, enf\u00f2masyon, matery\u00e8l, oswa l\u00f2t kontni (kolektivman, &quot;Feedback&quot;) bay 211MD, ou reprezante epi garanti ou posede tout dwa sou Feedback sa yo epi Feedback la pa vyole oswa vyole dwa okenn twazy\u00e8m pati. Anplis de sa, soum\u00e8t Feedback la pral bay 211MD yon lisans irevokab, tout tan, san redevances pou 211MD s\u00e8vi ak Feedback sa yo nan nenp\u00f2t fason, ak pou nenp\u00f2t ki rezon, ak nan nenp\u00f2t mwayen, nan avanse misyon 211MD a.<\/p>\n<p><strong>10. POLITIKAS PRIVE.<\/strong>&nbsp;Tanpri gade&nbsp;<a href=\"https:\/\/211md.org\/ht\/politik-konfidansyalite\/#privacy\" target=\"_blank\" rel=\"noopener\">R\u00e8gleman sou enf\u00f2masyon prive 211MD la<\/a>&nbsp;pou yon rezime sou koleksyon enf\u00f2masyon p\u00e8son\u00e8l 211MD ak pratik itilizasyon. Ou rekon\u00e8t epi dak\u00f2 tou, anplis enf\u00f2masyon ki endike nan R\u00e8gleman sou Konfidansyalite a, 211MD ka voye enf\u00f2masyon ki idantifye w bay otorite yo k\u00f2m yon pati nan s\u00e8vis #MDStopHate pou rap\u00f2 sou krim rayisab li a, oswa k\u00f2m yon pati nan l\u00f2t s\u00e8vis rap\u00f2 211MD pou yon twazy\u00e8m pati.<\/p>\n<p><strong>11. LIEN POU L\u00d2T SIT.<\/strong>&nbsp;211MD ka bay lyen, nan s\u00e8l diskresyon li, ki mennen nan l\u00f2t sitw\u00e8b twazy\u00e8m pati oswa bay aks\u00e8 a yon paj twazy\u00e8m pati (yo) sou yon platf\u00f2m medya sosyal (yo). L\u00f2t sit oswa paj sa yo, ki gen ladan platf\u00f2m medya sosyal, se twazy\u00e8m pati ki kenbe sou yo 211MD pa egz\u00e8se okenn kontw\u00f2l. Lyen sa yo pa vle di yon and\u00f2sman ki gen rap\u00f2 ak nenp\u00f2t twazy\u00e8m pati oswa enf\u00f2masyon, pwodwi, oswa s\u00e8vis yo bay pa nenp\u00f2t twazy\u00e8m pati sof si 211MD ekspreseman di otreman.<\/p>\n<p><strong>12. DISCLAIMER.<\/strong>&nbsp;YO BAY SITE A SOU YON BAZ &quot;K\u00d2M SE&quot; AK &quot;K\u00d2M DISPONIB&quot; EPI KAPAB GEN ER\u00c8, OMISYON, OSWA L\u00d2T EZEZIRKSYON. 211MD REJTE TOUT GARANTI, EXPRESSE OSWA ENPLIKE, KI GENYEN, SAN LIMITATION, NENP\u00d2T GARANTI KOMPLEITE, APTITE POU YON OBJEKTIF PARTICULIER, OSWA KI PA VOLIKASYON.<\/p>\n<p><strong>13. LIMITATION RESPONSABILITE.<\/strong>&nbsp;JAN LA LWA KI BAY LA, OU PWOPRIYE 211MD EPI LAGE PWOF\u00c8T POU NENP\u00d2T REKLAMASYON POU DOJ K\u00d2Z KI RESULTE YON KOZ OL\u00c8 KONTW\u00d2L 211MD. ANplis, 211MD PAPA GENYEN RESPONSAB POU NENP\u00d2T DOMAJ ENDR\u00c8K, PINITIF, AK ENSIDENTAL, ESPESYAL, OSWA KONSEKANS KI KI DEZY\u00c8 DE OSWA KI KONEKTE AK ITILIZE SIT LA OSWA AK RETOU OSWA ENPABILITE POU ITILIZE SITE A, MENM 211. TE KONS\u00c8YE SOU POSIBILITE POU DOmaj sa yo. KAL\u00c8SMAN SOU SA A, RESPONSABILITE TOTAL 211MD POU VOL SA A SE SISPANN ITILIZE SIT LA AK POU NENP\u00d2T L\u00d2T REZON KI GENY\u00c8 AK ITILIZE SITE A OU KEN PWOFESYON POU YON KANTITE KI PA DEPRE SAN ($100) DOLA.<\/p>\n<p>K\u00c8K JIRISDIKSYON PA P\u00c8M\u00c8 LIMITATION AK GARANTI, KONDISYON, RESPONSABILIT\u00c9, AK DOmaj, EKSPLIZYON, OSWA LIMITATION, AK PWOF\u00c8, K\u00c8K NAN RESPONSABILITE AK LIMITAYON AN PWOF\u00c8 KI PA APLIKE POU OU. NAN JURIDIKSYON SA YO, RESPONSABILITE 211MD YO AP LIMITE NAN PWOF\u00c8 LWA KI APLIKAB LA OPTIM\u00c8.<\/p>\n<p><strong>14. F\u00d2SE SEKIRITE.<\/strong>&nbsp;Ou pa gen dwa s\u00e8vi ak sit la oswa nenp\u00f2t nan done, sist\u00e8m, rezo, oswa s\u00e8vis 211MD pou angaje, ankouraje, oswa ankouraje konp\u00f2tman ilegal, abizif, oswa ir\u00e8sponsab ki gen ladan, san limitasyon, aks\u00e8 oswa itilize done, sist\u00e8m, oswa rezo 211MD nan yon fason san otorizasyon, eseye sonde, eskane, oswa teste vilnerabilite sist\u00e8m oswa rezo 211MD a, kontourne nenp\u00f2t mezi sekirite oswa otantifikasyon, kontwole nenp\u00f2t done oswa trafik, ent\u00e8fere ak nenp\u00f2t s\u00e8vis, kolekte oswa itilize nan adr\u00e8s imel Sit la oswa l\u00f2t idantifyan, kolekte oswa itilize enf\u00f2masyon ki soti nan sit la san konsantman 211MD (sa a oswa otreman), l\u00e8 l s\u00e8vi av\u00e8k nenp\u00f2t enf\u00f2masyon ki bay manti, twonpe, oswa twonpe TCP-IP, itilize sit la pou distribye lojisy\u00e8l oswa zouti ki rasanble enf\u00f2masyon, distribye piblisite, oswa angaje nan sit la. konduit ki kapab lak\u00f2z revanj kont 211MD oswa done, sist\u00e8m oswa rezo li yo. Vr\u00e8 oswa eseye s\u00e8vi ak sit la san otorizasyon ka lak\u00f2z pouswit krimin\u00e8l ak\/oswa sivil, ki gen ladan, san limitasyon, pinisyon dapre Lwa 1986 sou Fwod ak Abi Odinat\u00e8 anba lwa federal Etazini. 211MD rez\u00e8ve dwa pou w\u00e8, kontwole, ak\/oswa anrejistre aktivite sou sit la pou kenbe sekirite sit la. Aktivite anrejistre sa yo sij\u00e8 a revize pa \u00f2ganizasyon ki f\u00e8 respekte lalwa. 211MD pral respekte tou tout \u00f2donans tribinal oswa asitasyon ki enplike demann enf\u00f2masyon. 211MD rez\u00e8ve dwa a nenp\u00f2t ki l\u00e8 pou sispann oswa sispann operasyon oswa aks\u00e8 nan sit la oswa nenp\u00f2t p\u00f2syon nan sit la.<\/p>\n<strong>15. SOUJOU ENJUNCTIVE.<\/strong>&nbsp;Ou dak\u00f2 ke 211MD ap gen dwa, anplis de l\u00f2t rem\u00e8d ki disponib, pou ch\u00e8che epi jwenn yon enjonksyon oswa l\u00f2t soulajman ekitab apwopriye nan men yon tribinal ki gen jiridiksyon konpetan ki anpeche nenp\u00f2t vyolasyon, menase oswa akty\u00e8l, nan obligasyon ou anba nenp\u00f2t dispozisyon nan TOU sa a. . An konsekans, ou anile nenp\u00f2t egzijans pou 211MD afiche nenp\u00f2t kosyon oswa l\u00f2t sekirite nan ka nenp\u00f2t enjonksyon oswa soulajman ekitab ta ch\u00e8che oswa ak\u00f2de 211MD pou f\u00e8 respekte nenp\u00f2t dispozisyon nan TOU sa a.<br>\n16. T\u00c8M AK TERMINATION. TOU sa a pral pran ef\u00e8 (oswa re-pran ef\u00e8) nan moman ou rekon\u00e8t (egzanp, tcheke yon kare) ke ou te li, konprann, epi dak\u00f2 pou respekte t\u00e8m ak kondisyon sit la, anrejistre pou yon kont sou la. Sit la, reponn atrav\u00e8 Sit la a yon demann pou enf\u00f2masyon, epi\/oswa k\u00f2manse telechaje, aks\u00e8, oswa itilize Sit la, k\u00e8lkeswa aksyon oswa ev\u00e8nman ki pi bon\u00e8. 211MD rez\u00e8ve dwa a nenp\u00f2t ki l\u00e8 ak sou rezon rezonab pou refize aks\u00e8 ou nan sit la oswa nan nenp\u00f2t pati ladan l &#039;, epi TOU sa a pral sispann tou otomatikman si ou pa respekte t\u00e8m ak kondisyon li yo, sij\u00e8 a dwa siviv nan s\u00e8ten dispozisyon idantifye. anba a. Revokasyon an pral efikas san av\u00e8tisman alavans. Ou kapab tou mete fen nan TOU sa a nenp\u00f2t ki l\u00e8 l\u00e8 w sispann s\u00e8vi ak Sit la, men tout dispozisyon ki aplikab nan TOU sa a ap siviv revokasyon, jan yo idantifye pi ba a, epi chak re-aks\u00e8 oswa itilizasyon Sit la pral reaplike TOU sa a (an sa ki an vig\u00e8) pou ou. L\u00e8 w fin mete fen a, ou dwe detwi tout kopi nenp\u00f2t asp\u00e8 sit la ki nan posesyon w. Dispozisyon ki kons\u00e8ne dwa pwopriyet\u00e8 211MD, Feedback, eksklizyon (nan garanti), limit responsablite, dispans ak separasyon, tout ak\u00f2, soulajman enjonksyon, ak lwa ki gouv\u00e8ne ap siviv revokasyon TOU sa a pou nenp\u00f2t rezon.\n<p><strong>17. LWA GOUV\u00c8NAN.<\/strong>&nbsp;Sit la kontwole ak opere pa 211MD nan biwo li yo nan peyi Etazini. Yo te f\u00e8 TOU sa a epi yo pral ent\u00e8prete ak aplike an ak\u00f2 ak lwa Eta Maryland jan yo aplike a ak\u00f2 yo te antre nan ak konpl\u00e8tman akonpli nan Eta Maryland. Nenp\u00f2t aksyon pou aplike TOU sa a pral pote nan tribinal ki prezide nan Eta Maryland, epi tout pati nan TOU sa a dak\u00f2 ekspreseman yo dwe sij\u00e8 a jiridiksyon tribinal sa yo. Aks\u00e8 nan sit la gendwa pa legal pa s\u00e8ten moun oswa nan s\u00e8ten peyi. Si ou jwenn aks\u00e8 nan sit la soti andey\u00f2 Etazini, ou f\u00e8 sa sou pw\u00f2p inisyativ ou epi ou responsab pou konf\u00f2mite ak lwa lokal yo. Yon v\u00e8syon enprime TOU sa a ak nenp\u00f2t avi ki gen rap\u00f2 bay sou f\u00f2m elektwonik dwe akseptab nan pwosedi jidisy\u00e8 oswa administratif.<\/p>\n<p><strong>18. RENONSYON AK SEPABILITE.<\/strong>&nbsp;Si w pa ensiste sou p\u00e8f\u00f2mans strik nan nenp\u00f2t nan t\u00e8m ak kondisyon ki nan TOU sa a pa pral opere k\u00f2m yon dispans nenp\u00f2t defo ki vin apre oswa ech\u00e8k nan p\u00e8f\u00f2mans. 211MD p ap konsidere okenn egzansyon nenp\u00f2t dwa anba TOU sa a k\u00f2m yon dispans pou nenp\u00f2t l\u00f2t dwa oswa dispozisyon oswa yon egzansyon nan menm dwa oswa dispozisyon sa a nenp\u00f2t l\u00f2t l\u00e8. Si yo det\u00e8mine nenp\u00f2t pati nan TOU sa a ki pa valab oswa ki pa ka egzekite dapre lalwa ki aplikab ki gen ladan, men se pa sa s\u00e8lman, egzijans garanti a, lokal, reklamasyon, ak limit responsablite ki tabli pi wo a, L\u00e8 sa a, dispozisyon ki pa valab oswa ki pa ka egzekite a pral konsidere k\u00f2m ranplase pa. yon dispozisyon ki valab, ki ka aplike ki pi kl\u00e8 koresponn ak entansyon dispozisyon orijinal la ak r\u00e8s TOU sa a ap kontinye anvig\u00e8.<\/p>\n<p><strong>19. TOUT AK\u00d2.<\/strong>&nbsp;Pa gen okenn antrepriz, patenarya, travay, afilye, oswa ajans relasyon ki egziste ant ou menm ak 211MD k\u00f2m rezilta TOU sa a oswa itilizasyon ou nan sit la. TOU sa a reprezante tout ak\u00f2 ki genyen ant oumenm ak 211MD kons\u00e8nan itilizasyon sit la epi li ranplase tout kominikasyon ak pwopozisyon ki te f\u00e8t avan oswa nan moman an, kit se elektwonik, oral, oswa ekri ant ou menm ak 211MD kons\u00e8nan sit la. Ou pa gen dwa bay, delege, oswa transfere okenn dwa dapre TOU sa a san konsantman alekri anvan 211MD. Tanpri sonje ke 211MD rez\u00e8ve dwa pou chanje t\u00e8m ak kondisyon TOU sa a l\u00e8 li poste yon TOU revize ak yon anons ki koresponn sou TOU revize a, oswa pa lap\u00f2s ak\/oswa voye yon avi im\u00e8l ba ou. Anplis de sa, 211MD ka ajoute, modifye, oswa efase nenp\u00f2t asp\u00e8, pwogram, oswa karakteristik nan sit la, men 211MD pa gen okenn obligasyon ajoute okenn amelyorasyon, amelyorasyon oswa modifikasyon. L\u00e8 w kontinye s\u00e8vi ak sit la apre nenp\u00f2t chanjman ki te anonse a, yo pral konsidere k\u00f2m aksepte nenp\u00f2t chanjman nan t\u00e8m ak kondisyon TOU sa a. An konsekans, ou dwe tcheke pou anons epi revize TOU sa a sou yon baz peryodik.<\/p>\n<p><strong>20. KONTAKTE.<\/strong>&nbsp;Si w gen kesyon kons\u00e8nan sit la oswa si w enterese jwenn plis enf\u00f2masyon kons\u00e8nan 211MD, tanpri kontakte 211MD nan info@211md.org (imel).<\/p>","protected":false},"excerpt":{"rendered":"<p>Anvig\u00e8 apati 29 avril 2022 ENP\u00d2TAN \u2013 SA SE YON AK\u00d2 LEGAL ANT OU (ki refere sa a k\u00f2m \u201cou\u201d oswa \u201citilizat\u00e8\u201d oswa av\u00e8k \u201cou\u201d) AK REZO ENF\u00d2MASYON MARYLAND 2-1-1 MARYLAND, INC. k\u00f2m \u201c211MD\u201d) KI APLIKE CHAK FWA OU ITILIZE OSWA OU AKS\u00c8 SITE WEBSITE 211MD A NAN www.211md.org AK NENP\u00d2T PWOPRIYETE SOU ENT\u00c8N KI KONTROLE OSWA\u2026<\/p>","protected":false},"author":13,"featured_media":0,"parent":0,"menu_order":0,"comment_status":"closed","ping_status":"closed","template":"","meta":{"footnotes":""},"class_list":["post-3547","page","type-page","status-publish","hentry"],"_links":{"self":[{"href":"https:\/\/211md.org\/ht\/wp-json\/wp\/v2\/pages\/3547","targetHints":{"allow":["GET"]}}],"collection":[{"href":"https:\/\/211md.org\/ht\/wp-json\/wp\/v2\/pages"}],"about":[{"href":"https:\/\/211md.org\/ht\/wp-json\/wp\/v2\/types\/page"}],"author":[{"embeddable":true,"href":"https:\/\/211md.org\/ht\/wp-json\/wp\/v2\/users\/13"}],"replies":[{"embeddable":true,"href":"https:\/\/211md.org\/ht\/wp-json\/wp\/v2\/comments?post=3547"}],"version-history":[{"count":0,"href":"https:\/\/211md.org\/ht\/wp-json\/wp\/v2\/pages\/3547\/revisions"}],"wp:attachment":[{"href":"https:\/\/211md.org\/ht\/wp-json\/wp\/v2\/media?parent=3547"}],"curies":[{"name":"wp","href":"https:\/\/api.w.org\/{rel}","templated":true}]}}