{"id":3548,"date":"2022-12-08T16:56:09","date_gmt":"2022-12-08T21:56:09","guid":{"rendered":"https:\/\/211md.org\/?page_id=3548"},"modified":"2025-06-04T12:53:17","modified_gmt":"2025-06-04T16:53:17","slug":"sms","status":"publish","type":"page","link":"https:\/\/211md.org\/ht\/sms\/","title":{"rendered":"T\u00e8ks Al\u00e8t Mesaj T\u00e8m ak Kondisyon yo"},"content":{"rendered":"<p><strong>Dat Efektif: 19 Desanm 2022<\/strong><\/p>\n<p>T\u00e8m ak Kondisyon pou s\u00e8vis mesaj kout (SMS) sa yo (&quot;Kondisyon SMS yo&quot;) aplike pou mesaj t\u00e8ks ak imel yo ofri nan Maryland Information Network 2-1-1 Maryland, Inc. (211 Maryland) (sa yo refere mesaj t\u00e8ks ak im\u00e8l. k\u00f2m &quot;Al\u00e8t mesaj t\u00e8ks&quot;). OU ATTENDE REVIZYE KONDISYON SMS SA YO AVAN ENKRI POU NENP\u00d2T S\u00c8VIS MESSAGE T\u00c8KS KI DISPONIB SOU SITE 211 MARYLAND. Kondisyon sa yo diferan de kondisyon itilizasyon 211 Maryland ki gouv\u00e8ne itilizasyon sitw\u00e8b 211 Maryland, yo jwenn <a href=\"https:\/\/211md.org\/ht\/tem\/\">LA<\/a>. Tanpri gade tou 211 Maryland&#039;s <u><a href=\"https:\/\/211md.org\/ht\/politik-konfidansyalite\/\">Konfidansyalite<\/a><\/u><a href=\"https:\/\/211md.org\/ht\/politik-konfidansyalite\/\"> R\u00e8gleman<\/a> pou yon rezime 211 Maryland koleksyon enf\u00f2masyon p\u00e8son\u00e8lman idantifye ak pratik itilizasyon.<\/p>\n<h3><strong>Opt-In.<\/strong><\/h3>\n<p>Kantite mesaj t\u00e8ks 211 Maryland ou resevwa ap varye selon konbyen nan pwogram mesaj t\u00e8ks 211 Maryland ou rantre, deziyen oswa chwazi. Pou patisipe nan yon pwogram Al\u00e8t Mesaj T\u00e8ks, voye t\u00e8ks mo kle pou pwogram ou vle rantre nan 898-211 oswa 211-MD1, selon pwogram nan. Mo kle sa yo ka jwenn <a href=\"https:\/\/211md.org\/ht\/sou\/mesaj-teks\/\">isit la<\/a> pou patisipe nan pwogram 211 Maryland Text Messaging Alert. Pousantaj Msg &amp; done ak frekans mesaj yo ka varye ak tout sa ki anwo yo.<\/p>\n<p>L\u00e8 yo voye t\u00e8ks mo kle a bay &quot;TXT-211&quot; (898-211), abonn\u00e9s yo ka espere resevwa kalite mesaj sa yo:<\/p>\n<ul>\n<li>Enf\u00f2masyon ak edikasyon ki soti nan patenarya ak travay 211 founis\u00e8 s\u00e8vis Maryland ak afilye li yo, patn\u00e8, ak moun ki gen enter\u00e8 yo. Al\u00e8t espesifik rejyon yo pral genyen enf\u00f2masyon kons\u00e8nan sante mantal adilt ak adolesan, fanmi, krim rayisab, aje ak andikap, opioid, byenn\u00e8t, ak veteran ak preparasyon pou katastw\u00f2f.<\/li>\n<\/ul>\n<p>L\u00e8 yo voye t\u00e8ks mo kle a, &quot;HealthCheck&quot; a &quot;211-MD1&quot; (211-631), abonn\u00e9s yo ka espere resevwa kalite mesaj sa yo:<\/p>\n<ul>\n<li>Enf\u00f2masyon ak edikasyon ki soti nan patenarya ak travay 211 founis\u00e8 s\u00e8vis Maryland ak afilye li yo, patn\u00e8, ak moun ki gen enter\u00e8 yo. Al\u00e8t espesifik rejyon an ap genyen enf\u00f2masyon kons\u00e8nan sante mantal\/t\u00e8ks sante.<\/li>\n<\/ul>\n<p>L\u00e8 yo voye t\u00e8ks mo kle a, &quot;MdReady&quot; oswa &quot;MdListo&quot; pou pany\u00f2l bay abonn\u00e9s &quot;211-631&quot; yo ka espere resevwa kalite mesaj sa yo:<\/p>\n<ul>\n<li>Jiska minit al\u00e8t katastw\u00f2f, pandan ak apre katastw\u00f2f, ki afekte kominote w la (ki baze sou k\u00f2d postal oswa mo kle ou bay l\u00e8 w ab\u00f2nman pou Av\u00e8tisman MdReady).<\/li>\n<\/ul>\n<p>L\u00e8 yo voye mesaj postal ou a bay &quot;63-211&quot; abonn\u00e9s yo ka espere resevwa kalite mesaj sa yo:<\/p>\n<ul>\n<li>Nimewo sa a bay enf\u00f2masyon ak resous espesifik pou bezwen ou yo ki baze sou konv\u00e8sasyon t\u00e8ks ou ak espesyalis sant ap\u00e8l 211 la.<\/li>\n<li>Moun ki voye t\u00e8ks oswa rele 2-1-1 yo pral kapab tou ab\u00f2nman nan nimewo sa a pou pwogram 211 Maryland k ap kontinye ak mesaj t\u00e8ks ki gen rap\u00f2 ak resous yo.<\/li>\n<\/ul>\n<h3><strong>Mesaj ki anreta oswa ki pa livrezon.<\/strong><\/h3>\n<p>Av\u00e8tisman yo voye pa SMS pa ka delivre ba ou si telef\u00f2n ou pa nan ranje yon sit transmisyon, oswa si ase kapasite rezo pa disponib nan yon moman patikilye. Menm nan yon z\u00f2n pwoteksyon, fakt\u00e8 ki depase kontw\u00f2l konpayi asirans san fil ou a ka ent\u00e8fere ak livrezon mesaj, tankou ekipman kliyan an, t\u00e8ren, pwoksimite ak bilding, feyaj, ak move tan. Ou rekon\u00e8t ke al\u00e8t ijan yo ka pa resevwa al\u00e8 e ke konpayi asirans san fil ou a pa garanti ke al\u00e8t yo pral delivre.<\/p>\n<p>Si w chanje oswa dekonekte nimewo mobil ou a, se responsablite w pou w f\u00e8 211 Maryland konnen chanjman sa a l\u00e8 w voye yon mesaj t\u00e8ks STOP nan nimewo w te ab\u00f2nman an.<\/p>\n<h3><strong>Opt Out.<\/strong><\/h3>\n<p>Pou sispann resevwa mesaj t\u00e8ks ki soti nan pwogram 211 Maryland Text Messaging Alerts, voye t\u00e8ks\u00a0<strong>SISPANN\u00a0<\/strong>bay 898-211 nenp\u00f2t ki l\u00e8 pou retire nimewo w nan tout pwogram Av\u00e8tisman Mesaj T\u00e8ks 211 Maryland yo, epi pou pa resevwa l\u00f2t mesaj ki soti nan 211 Maryland sof si w re-ab\u00f2nman dapre enstriksyon ki anwo yo.  L\u00e8 sa a, w ap resevwa konfimasyon pou w pa patisipe nan pwogram Al\u00e8t Mesaj T\u00e8ks yo.<\/p>\n<h3>Ede<\/h3>\n<p>Pou resevwa \u00e8d pou yon s\u00e8vis t\u00e8ks 211 Maryland, ou ka swa rele 2-1-1 nan nenp\u00f2t telef\u00f2n, im\u00e8l. <a href=\"mailto:info@211md.org\" data-linkindex=\"13\">info@211md.org<\/a>\u00a0oswa vizite paj sa a\u00a0<a href=\"https:\/\/211md.org\/ht\/sms\/\" data-auth=\"NotApplicable\" data-linkindex=\"14\">https:\/\/211md.org\/sms\/<\/a>\u00a0ank\u00f2.<\/p>\n<p>Pou sispann resevwa mesaj nan s\u00e8vis sa a ekri mo STOP la.<\/p>\n<p>Msg &amp; pousantaj done yo ka aplike, frekans mesaj yo ka varye ak tout sa ki anwo yo.<\/p>\n<h3><strong>Itilizasyon Enf\u00f2masyon ak S\u00e8vis.<\/strong><\/h3>\n<p>211 Maryland&#039;s Text Messaging Alerts pa ranplasan 9-1-1 (s\u00e8vis ijans), 4-1-1 (asistans nan any\u00e8 telef\u00f2n) oswa l\u00f2t liy dir\u00e8k espesyalize oswa anrejistreman otomatik yo. Pandan ke Av\u00e8tisman Mesaj T\u00e8ks 211 Maryland yo sip\u00f2te moun ki gen pwobl\u00e8m pou tande\/lapaw\u00f2l, Al\u00e8t Mesaj T\u00e8ks yo pa ranplase tou 7-1-1 (s\u00e8vis limitasyon pou tande oswa pou pale).<\/p>\n<p>Enf\u00f2masyon ak s\u00e8vis Al\u00e8t Mesaj T\u00e8ks 211 Maryland yo bay yo se pou rezon enf\u00f2masyon s\u00e8lman, epi konte sou enf\u00f2masyon yo bay atrav\u00e8 Al\u00e8t Mesaj T\u00e8ks yo se s\u00e8lman sou pw\u00f2p risk ou.<\/p>\n<p>Enf\u00f2masyon, s\u00e8vis, ak matery\u00e8l Av\u00e8tisman Mesaj T\u00e8ks 211 Maryland yo bay sou yon baz \u201cjan yo ye\u201d san okenn garanti. Nan limit maksim\u00f2m lalwa aplikab yo p\u00e8m\u00e8t, 211 Maryland refize tout reprezantasyon ak garanti, eksprime oswa implicite, ki gen rap\u00f2 ak enf\u00f2masyon, s\u00e8vis, pwodwi, ak matery\u00e8l sa yo, ki gen ladan san limitasyon nenp\u00f2t garanti implicite nan kom\u00e8san, kondisyon fizik pou yon objektif patikilye ak non-infraction. .<\/p>\n<p>Nan okenn ka 211 Maryland p ap responsab pou nenp\u00f2t domaj konsekan, endir\u00e8k, ensidan, espesyal, oswa pinitif, k\u00e8lkeswa sa ki lak\u00f2z ak anba nenp\u00f2t teyori responsablite (tankou neglijans), ki soti nan itilizasyon ou nan Al\u00e8t Mesaj T\u00e8ks 211 Maryland oswa dispozisyon ki nan enf\u00f2masyon, s\u00e8vis, pwodwi, ak matery\u00e8l 211 Maryland&#039;s Text Messaging Alerts bay, menmsi 211 Maryland te av\u00e8ti sou posiblite pou domaj sa yo.<\/p>\n<p>Ou reprezante ou se moun ki gen kont pou nimewo mobil oswa telef\u00f2n ou bay yo. Ou responsab pou notifye 211 Maryland imedyatman si ou chanje nimewo telef\u00f2n mobil ou.<\/p>\n<h3><strong>Sit ekst\u00e8n yo.<\/strong><\/h3>\n<p>211 Maryland&#039;s Text Messaging Alerts ka bay lyen ki mennen nan l\u00f2t sit sou Ent\u00e8n\u00e8t ki posede epi ki opere pa twazy\u00e8m pati. Ou rekon\u00e8t ke 211 Maryland pa responsab pou disponiblite a, oswa kontni an ki sitiye sou oswa atrav\u00e8, nenp\u00f2t sit ekst\u00e8n sa yo.<\/p>\n<h3><strong>Mete fen nan Itilizasyon.<\/strong><\/h3>\n<p>211 Maryland gendwa sispann oswa sispann aks\u00e8 ou a tout oswa yon pati nan s\u00e8vis 211 Maryland yo, san av\u00e8tisman, pou nenp\u00f2t konduit ke 211 Maryland, nan s\u00e8l diskresyon li, kw\u00e8 an vyolasyon nenp\u00f2t lwa ki aplikab oswa ki danjere nan enter\u00e8 yo. yon l\u00f2t itilizat\u00e8, yon patwone, yon machann, oswa yon l\u00f2t twazy\u00e8m pati, oswa s\u00e8vis 211 Maryland&#039;s Text Messaging Alerts.<\/p>\n<h3><strong>Modifikasyon T\u00e8m ak Kondisyon yo.<\/strong><\/h3>\n<p>211 Maryland rez\u00e8ve dwa, nenp\u00f2t ki l\u00e8, pou modifye, chanje oswa mete ajou Kondisyon SMS sa yo l\u00e8 yo poste yon kondisyon SMS revize oswa voye yon avi pa lap\u00f2s ak\/oswa im\u00e8l ba ou. Ou dak\u00f2 pou w oblije f\u00e8 modifikasyon, chanjman, oswa mizajou sa yo, sof si ou refize resevwa Al\u00e8t Mesaj T\u00e8ks yo (jan sa endike anwo a). An konsekans, ou dwe revize Kondisyon SMS sa yo sou yon baz peryodik.<\/p>\n<h3><strong>Lwa k ap dirije.<\/strong><\/h3>\n<p>Al\u00e8t Mesaj T\u00e8ks 211 Maryland yo gouv\u00e8ne pa lwa eta Maryland.<\/p>\n\n<p>&nbsp;<\/p>","protected":false},"excerpt":{"rendered":"<p>Dat efektif: 19 desanm 2022 T\u00e8m ak Kondisyon s\u00e8vis mesaj kout (SMS) sa yo (&quot;Kondisyon SMS yo&quot;) aplike nan mesaj t\u00e8ks ak imel yo ofri nan Maryland Information Network 2-1-1 Maryland, Inc. (211 Maryland) (T\u00e8ks ak imel mesaj sa yo refere yo k\u00f2m &quot;Al\u00e8t Mesaj T\u00e8ks&quot;). OU ATTENDE REVIZYE KONDISYON SMS SA YO AVAN W SIYEN...<\/p>","protected":false},"author":13,"featured_media":0,"parent":0,"menu_order":0,"comment_status":"closed","ping_status":"closed","template":"","meta":{"footnotes":""},"class_list":["post-3548","page","type-page","status-publish","hentry"],"_links":{"self":[{"href":"https:\/\/211md.org\/ht\/wp-json\/wp\/v2\/pages\/3548","targetHints":{"allow":["GET"]}}],"collection":[{"href":"https:\/\/211md.org\/ht\/wp-json\/wp\/v2\/pages"}],"about":[{"href":"https:\/\/211md.org\/ht\/wp-json\/wp\/v2\/types\/page"}],"author":[{"embeddable":true,"href":"https:\/\/211md.org\/ht\/wp-json\/wp\/v2\/users\/13"}],"replies":[{"embeddable":true,"href":"https:\/\/211md.org\/ht\/wp-json\/wp\/v2\/comments?post=3548"}],"version-history":[{"count":1,"href":"https:\/\/211md.org\/ht\/wp-json\/wp\/v2\/pages\/3548\/revisions"}],"predecessor-version":[{"id":4556,"href":"https:\/\/211md.org\/ht\/wp-json\/wp\/v2\/pages\/3548\/revisions\/4556"}],"wp:attachment":[{"href":"https:\/\/211md.org\/ht\/wp-json\/wp\/v2\/media?parent=3548"}],"curies":[{"name":"wp","href":"https:\/\/api.w.org\/{rel}","templated":true}]}}