{"id":3749,"date":"2023-04-18T10:47:02","date_gmt":"2023-04-18T14:47:02","guid":{"rendered":"https:\/\/211md.org\/?page_id=3749"},"modified":"2025-09-20T11:24:47","modified_gmt":"2025-09-20T15:24:47","slug":"chanje-tab","status":"publish","type":"page","link":"https:\/\/211md.org\/ht\/changing-tables\/","title":{"rendered":"Jwenn yon Tablo Chanje nan Maryland"},"content":{"rendered":"<img decoding=\"async\" src=\"https:\/\/stg-maryland211-staging.kinsta.cloud\/wp-content\/uploads\/2025\/08\/5-1-scaled.png\" alt=\"5\" itemprop=\"image\" height=\"692\" width=\"2560\" title=\"5\" onerror=\"this.style.display='none'\" loading=\"lazy\" \/>\n\t\t<h1><a href=\"#start\" target=\"_self\">Tit Paj Defo<\/a><\/h1><p>\u00c8ske li difisil pou chanje yon kouch\u00e8t an piblik oswa pou pran swen yon timoun oswa yon granmoun?<\/p>\n<p>Gen tab ak enstalasyon pou chanje tibebe iniv\u00e8s\u00e8l aksesib pou moun kap bay swen yo ka bay swen yo bezwen an, k\u00e8lkeswa wot\u00e8 moun nan oswa bezwen espesifik li.<\/p>\n<p>Jwenn youn tou pre.<\/p>\n\t\t\t<a href=\"#start\" target=\"_self\">\n\t\t\t\t\t\tK\u00f2manse\n\t\t\t\t\t<\/a>\n\t\t\t\t<img decoding=\"async\" src=\"https:\/\/211md.org\/wp-content\/plugins\/bb-plugin\/img\/pixel.png\" alt=\"\" itemprop=\"image\" onerror=\"this.style.display='none'\" loading=\"lazy\" \/>\n\t\t\t\t<img decoding=\"async\" src=\"https:\/\/stg-maryland211-staging.kinsta.cloud\/wp-content\/uploads\/2025\/08\/16.png\" alt=\"16\" itemprop=\"image\" height=\"1000\" width=\"1000\" title=\"16\" onerror=\"this.style.display='none'\" loading=\"lazy\" \/>\n\t\t\t\t<img decoding=\"async\" src=\"https:\/\/211md.org\/wp-content\/uploads\/2023\/04\/Changing-Table-at-Southern-Regional-Aquatic-Wellness-Center.jpg\" alt=\"Chanje Tablo nan Southern Regional Aquatic Wellness Center\" itemprop=\"image\" height=\"800\" width=\"1200\" title=\"Chanje Tablo nan Southern Regional Aquatic Wellness Center\" onerror=\"this.style.display='none'\" loading=\"lazy\" \/>\n\t\tKoutwazi: Depatman Pak ak Rekreyasyon Konte Prince George\n\t<h2>Ki kote pou jwenn tab pou chanje rad iniv\u00e8s\u00e8l<\/h2>\n<p>211 ede moun kap bay swen yo jwenn etablisman sa yo nan kote piblik toupatou nan Maryland.<\/p>\n<p>Yo sitiye nan:<\/p>\n<ul>\n<li>pak yo<\/li>\n<li>sant rekreyasyon yo<\/li>\n<li>enstalasyon transp\u00f2 piblik (estasyon bis oswa ayewop\u00f2)<\/li>\n<\/ul>\n<p>Apati okt\u00f2b 2022, <a href=\"https:\/\/mgaleg.maryland.gov\/2021RS\/Chapters_noln\/CH_224_sb0061t.pdf\" target=\"_blank\" rel=\"noopener\">Lwa Maryland<\/a> egzije opsyon aks\u00e8sibilite sa a pou nouvo bilding ak s\u00e8ten bilding renove ki gen twal\u00e8t piblik.<\/p>\n<p>Ajans yo responsab pou rap\u00f2te enf\u00f2masyon yo bay 211.<\/p>\n<p>Si ou ta renmen ajoute yon etablisman, tanpri voye yon im\u00e8l <a href=\"mailto:resources@211md.org\">resources@211md.org<\/a>.<\/p>\n\t\t\t<a href=\"mailto:%20resources@211md.org\" target=\"_blank\" rel=\"noopener\">\n\t\t\t\t\t\tAjoute yon tab pou chanje rad\n\t\t\t\t\t<\/a>\n\t<h2>Lis enstalasyon pou chanje rad<\/h2>\n<p>Men kote ou ka jwenn enstalasyon aksesib sa yo pou chanje rad nan Maryland.<\/p>\n<h3>Konte Anne Arundel<\/h3>\n<p>Nan konte Anne Arundel, vwayaj\u00e8 yo ka jwenn yon tab pou chanje tibebe nan ayewop\u00f2 a.<\/p>\n<h4>Baltimore Washington Ayewop\u00f2<\/h4>\n<ul>\n<li>Adr\u00e8s: 7050 Friendship Rd, Baltimore MD 21240<\/li>\n<li>N\u00f2t Kote yo: Anvan sekirite nan T\u00e8minal A, andedan sekirite ant T\u00e8minal B &amp; C, Nan Salo D pa p\u00f2tay D7<\/li>\n<li><a href=\"http:\/\/www.bwiairport.com\/flying-with-us\/accessibility\" target=\"_blank\" rel=\"noopener\">Sit ent\u00e8n\u00e8t<\/a><\/li>\n<li>Telef\u00f2n: 410-859-7242<\/li>\n<li>Im\u00e8l: adabwi@bwiairport.com<\/li>\n<li>Karakteristik:\n<ul>\n<li>Kantite espas pou chanje rad pou granmoun: 3<\/li>\n<li>Wot\u00e8 reglabl: NON<\/li>\n<li>Single n\u00f2mal \/ s\u00e8ks net \/ twal\u00e8t fanmi: WI<\/li>\n<li>Pom douch p\u00f2tab\/fasilite douch: NON<\/li>\n<li>Kapasite pwa: N\/A<\/li>\n<\/ul>\n<\/li>\n<\/ul>\n\t\t\t\t<img decoding=\"async\" src=\"https:\/\/211md.org\/wp-content\/uploads\/2024\/03\/Gary-J.-Arthur-Community-Center-Changing-Facility-with-tract-lift--300x400.jpg\" alt=\"Sant Kominot\u00e8 Gary J. Arthur Chanjman Etablisman ak apar\u00e8y Lift\" itemprop=\"image\" height=\"400\" width=\"300\" title=\"Sant Kominot\u00e8 Gary J. Arthur Chanje Etablisman ak asans\u00e8\" onerror=\"this.style.display='none'\" loading=\"lazy\" \/>\n\t<h3>Konte Howard<\/h3>\n<p>Nan konte Howard, plizy\u00e8 sant kominot\u00e8 ak kiltir\u00e8l gen tab pou chanje timoun. Men k\u00e8k ladan yo:<\/p>\n<ul>\n<li>Sant kominot\u00e8 Gary J. Arthur<\/li>\n<li>Sant Kiltir\u00e8l Harriet Tubman<\/li>\n<li>Sant Kominot\u00e8 North Laurel<\/li>\n<\/ul>\n<h4>Sant kominot\u00e8 Gary J. Arthur<\/h4>\n<ul>\n<li>Adr\u00e8s: 2400 MD-97, Cooksville, MD<\/li>\n<li>N\u00f2t Kote yo: Sitiye nan koulwa prensipal la nan sant la<\/li>\n<li><a href=\"https:\/\/www.howardcountymd.gov\/recreation-parks\/gary-j-arthur-community-center\" target=\"_blank\" rel=\"noopener\">Sit ent\u00e8n\u00e8t<\/a>\u00a0<\/li>\n<li>Telef\u00f2n: 410-313-4840<\/li>\n<li>Im\u00e8l: <a href=\"mailto:spotts@howardcountymd.gov\">spotts@howardcountymd.gov<\/a><\/li>\n<li>Karakteristik:\n<ul>\n<li>Kantite enstalasyon pou chanje granmoun: 1<\/li>\n<li>Wot\u00e8 reglabl: WI<\/li>\n<li>Kabin yon s\u00e8l moun\/twal\u00e8t san distenksyon s\u00e8ks\/twal\u00e8t familyal: WI (2)<\/li>\n<li>Pom douch p\u00f2tab\/douch ak fasilite pou leve sou ray anl\u00e8 t\u00e8t: WI<\/li>\n<li>Kapasite pwa: 500 liv.<\/li>\n<\/ul>\n<\/li>\n<\/ul>\n\t\t\t\t<img decoding=\"async\" src=\"https:\/\/211md.org\/wp-content\/plugins\/bb-plugin\/img\/pixel.png\" alt=\"\" itemprop=\"image\" onerror=\"this.style.display='none'\" loading=\"lazy\" \/>\n\t<h4>Sant Kiltir\u00e8l Harriet Tubman<\/h4>\n<ul>\n<li>Adr\u00e8s: 8045 Harriet Tubman Lane, Columbia, MD 21044<\/li>\n<li>N\u00f2t Kote yo: Sitiye nan koulwa prensipal la nan sant la<\/li>\n<li><a href=\"https:\/\/www.howardcountymd.gov\/htcc\" target=\"_blank\" rel=\"noopener\">Sit ent\u00e8n\u00e8t<\/a><\/li>\n<li>Telef\u00f2n: 410-313-0860<\/li>\n<li>Im\u00e8l: <a href=\"mailto:spotts@howardcountymd.gov\">spotts@howardcountymd.gov<\/a><\/li>\n<li>Karakteristik:\n<ul>\n<li>Kantite enstalasyon pou chanje granmoun: 1<\/li>\n<li>Wot\u00e8 reglabl: WI<\/li>\n<li>Kabin yon s\u00e8l moun\/twal\u00e8t san distenksyon s\u00e8ks\/twal\u00e8t familyal: WI (2)<\/li>\n<li>Pom douch p\u00f2tab\/fasilite douch: NON<\/li>\n<li>Kapasite pwa: 500 liv.<\/li>\n<\/ul>\n<\/li>\n<\/ul>\n\t\t\t\t<img decoding=\"async\" src=\"https:\/\/211md.org\/wp-content\/uploads\/2023\/04\/Harriet-Tubman-Cultural-Center-Changing-Table.jpg\" alt=\"Harriet Tubman Sant Kiltir\u00e8l Chanje Table\" itemprop=\"image\" height=\"800\" width=\"1200\" title=\"Harriet Tubman Sant Kiltir\u00e8l Chanje Table\" onerror=\"this.style.display='none'\" loading=\"lazy\" \/>\n\t\tKoutwazi: Depatman Lwazi ak Pak Konte Howard\n\t\t\t\t<img decoding=\"async\" src=\"https:\/\/211md.org\/wp-content\/uploads\/2023\/04\/Bathroom-with-changing-table-at-North-Laurel-Community-Center.jpg\" alt=\"Twal\u00e8t ak tab chanje nan North Laurel Community Center\" itemprop=\"image\" height=\"800\" width=\"1200\" title=\"Twal\u00e8t ak tab chanje nan North Laurel Community Center\" onerror=\"this.style.display='none'\" loading=\"lazy\" \/>\n\t\tKoutwazi: Depatman Lwazi ak Pak Konte Howard\n\t<h4>N\u00f2<strong> Sant kominot\u00e8 Laurel<\/strong><\/h4>\n<ul>\n<li>Adr\u00e8s: 9411 Whisky Bottom Road, Laurel MD 20723<\/li>\n<li>N\u00f2t Kote yo: Sitiye nan koulwa prensipal la nan sant la<\/li>\n<li><a href=\"https:\/\/www.howardcountymd.gov\/nlcc\" target=\"_blank\" rel=\"noopener\">Sit ent\u00e8n\u00e8t<\/a><\/li>\n<li>Telef\u00f2n: 410-313-0390<\/li>\n<li>Im\u00e8l: <a href=\"mailto:spotts@howardcountymd.gov\">spotts@howardcountymd.gov<\/a><\/li>\n<li>Karakteristik:\n<ul>\n<li>Kantite enstalasyon pou chanje granmoun: 1<\/li>\n<li>Wot\u00e8 reglabl: WI<\/li>\n<li>Kabin yon s\u00e8l moun\/twal\u00e8t san distenksyon s\u00e8ks\/twal\u00e8t familyal: WI (2)<\/li>\n<li>Pom douch p\u00f2tab\/fasilite douch: NON<\/li>\n<li>Kapasite pwa: 500 liv.<\/li>\n<\/ul>\n<\/li>\n<\/ul>\n\t<h3>Konte Montgomery<\/h3>\n<p>Jwenn tab pou chanje tibebe iniv\u00e8s\u00e8l la nan Konte Montgomery.<\/p>\n<h4>Teyat F. Scott Fitzgerald nan Rockville Civic Center Park<\/h4>\n<ul>\n<li>Adr\u00e8s: 603 Edmonston Drive, Rockville, MD 20851<\/li>\n<li>N\u00f2t sou Kote a: Sitiye nan twal\u00e8t familyal\/netral pou chak s\u00e8ks, akote lobi prensipal la.<\/li>\n<li><a href=\"https:\/\/www.rockvillemd.gov\/382\/F-Scott-Fitzgerald-Theatre\" target=\"_blank\" rel=\"noopener\">Sit ent\u00e8n\u00e8t<\/a><\/li>\n<li>Telef\u00f2n: 240-314-8690; Maryland Relay 7-1-1 pou kliyan ki soud, ki gen pwobl\u00e8m pou tande, oswa ki gen yon andikap pou pale.<\/li>\n<li>Im\u00e8l:\u00a0<u><a title=\"mailto:theatre@rockvillemd.gov\" href=\"mailto:theatre@rockvillemd.gov\" data-linkindex=\"21\">theatre@rockvillemd.gov<\/a><\/u><\/li>\n<li>\u00a0Karakteristik:\n<ul>\n<li>Kantite enstalasyon pou chanje granmoun: 1<\/li>\n<li>Wot\u00e8 reglabl: WI<\/li>\n<li>Single n\u00f2mal \/ s\u00e8ks net \/ twal\u00e8t fanmi: WI<\/li>\n<li>Pom douch p\u00f2tab\/fasilite douch: NON<\/li>\n<li>Levat\u00e8\/Asans\u00e8 Plafon: NON<\/li>\n<li>Kapasite pwa: 500 liv.<\/li>\n<\/ul>\n<\/li>\n<\/ul>\n\t<h3>Konte Prince George<\/h3>\n<p>Nan Konte Prince George, tab pou chanje tibebe yo sitiye nan:<\/p>\n<ul>\n<li>Sant Kominot\u00e8 Marlow Heights<\/li>\n<li>Sant Byenn\u00e8t Akwatik Rejyonal Sid<\/li>\n<li>Konpl\u00e8ks Akwatik ak Rekreyasyon Z\u00f2n Sid<\/li>\n<\/ul>\n<h4>Sant Kominot\u00e8 Marlow Heights<\/h4>\n<ul>\n<li>Adr\u00e8s fizik: 2800 Saint Claire Drive, Temple Hills, MD 20748<\/li>\n<li>N\u00f2t sou Kote a: Toupre Sal Miltip A<\/li>\n<li><u><a id=\"OWA74e1bdd9-939f-26ac-528c-76ef36bd5334\" title=\"https:\/\/www.pgparks.com\/facilities\/marlow-heights-community-center-community-center\" href=\"https:\/\/www.pgparks.com\/facilities\/marlow-heights-community-center\" data-auth=\"NotApplicable\" target=\"_blank\" rel=\"noopener\">Sit ent\u00e8n\u00e8t<\/a><\/u><\/li>\n<li>Telef\u00f2n: 301-423-0505; Maryland Relay 7-1-1 pou kliyan ki soud, ki gen pwobl\u00e8m pou tande, oswa ki gen yon andikap pou pale.<\/li>\n<li>Im\u00e8l:\u00a0<u><a id=\"OWA126ee38b-7b28-cb25-0846-ed787bdefdff\" title=\"mailto:DisabilityServices@pgparks.com\" href=\"mailto:DisabilityServices@pgparks.com\">DisabilityServices@pgparks.com<\/a><\/u><\/li>\n<li>\u00a0Karakteristik:\n<ul>\n<li>Kantite granmoun<\/li>\n<li>Wot\u00e8 reglabl: WI<\/li>\n<li>Single n\u00f2mal \/ s\u00e8ks net \/ twal\u00e8t fanmi: WI<\/li>\n<li>Pom douch p\u00f2tab\/fasilite douch: NON<\/li>\n<li>Levat\u00e8\/Asans\u00e8 Plafon: Non<\/li>\n<li>Kapasite pwa: 500lb.<\/li>\n<\/ul>\n<\/li>\n<\/ul>\n\t\t\t\t<img decoding=\"async\" src=\"http:\/\/211md.org\/wp-content\/uploads\/2025\/07\/Marlow-Heights-Community-Center-Changing-Table.jpg\" alt=\"Tab pou chanje nan Sant Kominot\u00e8 Marlow Heights\" itemprop=\"image\" title=\"Tab pou chanje nan Sant Kominot\u00e8 Marlow Heights\" onerror=\"this.style.display='none'\" loading=\"lazy\" \/>\n\t\tKoutwazi: Depatman Lwazi ak Pak Konte Prince George la\n\t\t\t\t<img decoding=\"async\" src=\"https:\/\/211md.org\/wp-content\/uploads\/2023\/04\/Universal-Changing-Table-up-against-wall.jpg\" alt=\"Tab iniv\u00e8s\u00e8l chanje kont miray la\" itemprop=\"image\" height=\"800\" width=\"1200\" title=\"Tab Chanje Iniv\u00e8s\u00e8l moute sou miray la\" onerror=\"this.style.display='none'\" loading=\"lazy\" \/>\n\t\tKoutwazi: Depatman Pak ak Rekreyasyon Konte Prince George\n\t<h4>Sant Byenn\u00e8t Akwatik Rejyonal Sid<\/h4>\n<ul>\n<li>Adr\u00e8s Fizik: 7011 Bock Road, Fort Washington, MD 20744<\/li>\n<li>N\u00f2t Kote yo: Off sant akwatik \/ gwoup pisin.<\/li>\n<li><a href=\"https:\/\/www.pgparks.com\/5117\/Southern-Regional-Aquatic-Wellness-Cente\" target=\"_blank\" rel=\"noopener\">Sit ent\u00e8n\u00e8t<\/a><\/li>\n<li>Telef\u00f2n: 301-749-4180; Maryland Relay 7-1-1 pou kliyan ki soud, ki mal pou tande, oswa ki gen andikap pou pale.<\/li>\n<li>Im\u00e8l: AdaptedAquatics@pgparks.com<\/li>\n<li>Karakteristik\n<ul>\n<li>Kantite enstalasyon pou chanje granmoun: 1<\/li>\n<li>Wot\u00e8 reglabl: WI<\/li>\n<li>Single n\u00f2mal \/ s\u00e8ks net \/ twal\u00e8t fanmi: WI<\/li>\n<li>T\u00e8t douch p\u00f2tatif \/ etablisman douch: WI<\/li>\n<li>Kapasite pwa: 484 liv.<\/li>\n<\/ul>\n<\/li>\n<\/ul>\n\t<h4>Konpl\u00e8ks Akwatik ak Rekreyasyon Z\u00f2n Sid<\/h4>\n<ul>\n<li data-olk-copy-source=\"MessageBody\">Adr\u00e8s Fizik: 13601 Missouri Ave, Brandywine, MD 20613<\/li>\n<li>N\u00f2t Kote yo: Off antre prensipal la, toupre antre pisin<\/li>\n<li><a title=\"https:\/\/pgparks.com\/facilities\/southern-area-aquatic-and-recreation-complex\" href=\"https:\/\/pgparks.com\/facilities\/southern-area-aquatic-and-recreation-complex\" target=\"_blank\" rel=\"noopener\" data-auth=\"NotApplicable\" data-linkindex=\"2\">Sit ent\u00e8n\u00e8t<\/a><\/li>\n<li>Telef\u00f2n: 301-782-1442; Maryland Relay 7-1-1 pou kliyan ki soud, ki mal pou tande, oswa ki gen andikap pou pale.<\/li>\n<li>Im\u00e8l:\u00a0<a title=\"mailto:DisabilityServices@pgparks.com\" href=\"mailto:DisabilityServices@pgparks.com\" data-linkindex=\"3\">DisabilityServices@pgparks.com<\/a>\n<ul type=\"circle\">\n<li>Karakteristik:<\/li>\n<li>Kantite enstalasyon pou chanje granmoun: 1<\/li>\n<li>Wot\u00e8 reglabl: WI<\/li>\n<li>Single n\u00f2mal \/ s\u00e8ks net \/ twal\u00e8t fanmi: WI<\/li>\n<li>T\u00e8t douch p\u00f2tatif \/ etablisman douch: WI<\/li>\n<li>Levage\/Levage plafon: WI (pote pw\u00f2p fistibal ou)<\/li>\n<li>Kapasite pwa: 500lb.<\/li>\n<\/ul>\n<\/li>\n<\/ul>\n\t\t\t\t<img decoding=\"async\" src=\"https:\/\/211md.org\/wp-content\/uploads\/2025\/01\/Southern-Area-Aquatics-and-Recreation-Complex-Changing-Table.jpg\" alt=\"Tablo Chanje Konpl\u00e8ks Akwatik ak Rekreyasyon Z\u00f2n Sid\" itemprop=\"image\" height=\"800\" width=\"1200\" title=\"Tablo Chanje Konpl\u00e8ks Akwatik ak Rekreyasyon Z\u00f2n Sid\" onerror=\"this.style.display='none'\" loading=\"lazy\" \/>\n\t\tKoutwazi: Depatman Pak ak Rekreyasyon Konte Prince George\n<h2>\n\t\t\tEnf\u00f2masyon ki gen rap\u00f2\t<\/h2>\n\t\t<h4><a href=\"\/ht\/resous-yo\/aje-andikap\/\" target=\"_self\">Aje ak Andikap<\/a><\/h4>\n\t\t\t\t<a href=\"\/ht\/resous-yo\/aje-andikap\/\"  target=\"_self\" itemprop=\"url\">\n\t\t\t\t<img decoding=\"async\" src=\"https:\/\/211md.org\/wp-content\/uploads\/bb-plugin\/cache\/2025_MdInfoNet_Icon-Sets_Aging-disability-square-c466727102cae71e5f27b8539bb51945-.png\" alt=\"2025_MdInfoNet_Icon Sets_Aging-disability\" itemprop=\"image\" title=\"2025_MdInfoNet_Icon Sets_Aging-disability\" onerror=\"this.style.display='none'\" loading=\"lazy\" \/>\n\t\t\t\t<\/a>\n\t\t<h4><a href=\"https:\/\/211md.org\/ht\/resous-yo\/timoun-fanmi-yo\/\" target=\"_blank\" rel=\"noopener\">Timoun ak Fanmi<\/a><\/h4>\n\t\t\t\t<a href=\"https:\/\/211md.org\/ht\/resous-yo\/timoun-fanmi-yo\/\" target=\"_blank\" rel=\"noopener\" itemprop=\"url\">\n\t\t\t\t<img decoding=\"async\" src=\"https:\/\/211md.org\/wp-content\/uploads\/bb-plugin\/cache\/2025_211_Icon-Sets_Child-care-square-a8953c7678f51ed443764342b64ee948-.png\" alt=\"2025_211_Ansanm Ik\u00f2n_Swen Timoun\" itemprop=\"image\" title=\"2025_211_Ansanm Ik\u00f2n_Swen Timoun\" onerror=\"this.style.display='none'\" loading=\"lazy\" \/>\n\t\t\t\t<\/a>\n\t\t<h4><a href=\"\/ht\/resous-yo\/vyolans-familyal-domestik\/\" target=\"_self\">Vyolans domestik<\/a><\/h4>\n\t\t\t\t<a href=\"\/ht\/resous-yo\/vyolans-familyal-domestik\/\"  target=\"_self\" itemprop=\"url\">\n\t\t\t\t<img decoding=\"async\" src=\"https:\/\/211md.org\/wp-content\/uploads\/bb-plugin\/cache\/2025_211_Icon-Sets_Domestic-Violence-square-e6e48b12d9d44dadd394e0d40debfd96-.png\" alt=\"Ik\u00f2n Vyolans Domestik\" itemprop=\"image\" title=\"2025_211_Ansanm Ik\u00f2n_Vyolans Domestik\" onerror=\"this.style.display='none'\" loading=\"lazy\" \/>\n\t\t\t\t<\/a>\n\t\t<h4><a href=\"\/ht\/resous-yo\/rechech-travay\/\" target=\"_self\">Travay<\/a><\/h4>\n\t\t\t\t<a href=\"\/ht\/resous-yo\/rechech-travay\/\"  target=\"_self\" itemprop=\"url\">\n\t\t\t\t<img decoding=\"async\" src=\"https:\/\/211md.org\/wp-content\/uploads\/bb-plugin\/cache\/2025_MdInfoNet_Icon-Sets_Employment-square-44707bd410e4df10a470bf130ebcea86-.png\" alt=\"2025_MdInfoNet_Icon Sets_Anplwa\" itemprop=\"image\" title=\"2025_MdInfoNet_Icon Sets_Anplwa\" onerror=\"this.style.display='none'\" loading=\"lazy\" \/>\n\t\t\t\t<\/a>\n\t\t<h4><a href=\"\/ht\/resous-yo\/swen-sante\/\" target=\"_self\">Swen Sante<\/a><\/h4>\n\t\t\t\t<a href=\"\/ht\/resous-yo\/swen-sante\/\"  target=\"_self\" itemprop=\"url\">\n\t\t\t\t<img decoding=\"async\" src=\"https:\/\/211md.org\/wp-content\/uploads\/bb-plugin\/cache\/2025_MdInfoNet_Icon-Sets_Health-Care-square-dee98a0060cbe0e7f27eda253fc12679-.png\" alt=\"2025_MdInfoNet_Icon Sets_Swen Sante\" itemprop=\"image\" title=\"2025_MdInfoNet_Icon Sets_Swen Sante\" onerror=\"this.style.display='none'\" loading=\"lazy\" \/>\n\t\t\t\t<\/a>\n\t\t<h4><a href=\"\/ht\/resous-yo\/timoun-fanmi-yo\/swen-fanmi\/\" target=\"_self\">Parente<\/a><\/h4>\n\t\t\t\t<a href=\"\/ht\/resous-yo\/timoun-fanmi-yo\/swen-fanmi\/\"  target=\"_self\" itemprop=\"url\">\n\t\t\t\t<img decoding=\"async\" src=\"https:\/\/211md.org\/wp-content\/uploads\/bb-plugin\/cache\/2025_211_Icon-Sets_Kinship-square-21d4c353354c53c083c80118abb066f2-.png\" alt=\"Ik\u00f2n fanmi\" itemprop=\"image\" title=\"2025_211_Ansanm Ik\u00f2n_Fanmitay\" onerror=\"this.style.display='none'\" loading=\"lazy\" \/>\n\t\t\t\t<\/a>\n\t\t<h4><a href=\"\/ht\/resous-yo\/sevis-legal-yo\/\" target=\"_self\">S\u00e8vis Legal<\/a><\/h4>\n\t\t\t\t<a href=\"\/ht\/resous-yo\/sevis-legal-yo\/\"  target=\"_self\" itemprop=\"url\">\n\t\t\t\t<img decoding=\"async\" src=\"https:\/\/211md.org\/wp-content\/uploads\/bb-plugin\/cache\/2025_MdInfoNet_Icon-Sets_Legal-square-18fdf438feb8435588174d9046463257-.png\" alt=\"2025_MdInfoNet_Ikon_Ansanm_Legal\" itemprop=\"image\" title=\"2025_MdInfoNet_Ikon_Ansanm_Legal\" onerror=\"this.style.display='none'\" loading=\"lazy\" \/>\n\t\t\t\t<\/a>\n\t\t<h4><a href=\"\/ht\/resous-yo\/sante-mantal\/\" target=\"_self\">Sante mantal<\/a><\/h4>\n\t\t\t\t<a href=\"\/ht\/resous-yo\/sante-mantal\/\"  target=\"_self\" itemprop=\"url\">\n\t\t\t\t<img decoding=\"async\" src=\"https:\/\/211md.org\/wp-content\/uploads\/bb-plugin\/cache\/2025_MdInfoNet_Icon-Sets_Mental-Health-square-c59b38c4a993a947d4c9280fbe2d2fee-.png\" alt=\"2025_MdInfoNet_Icon Sets_Sante Mantal\" itemprop=\"image\" title=\"2025_MdInfoNet_Icon Sets_Sante Mantal\" onerror=\"this.style.display='none'\" loading=\"lazy\" \/>\n\t\t\t\t<\/a>\n\t\t<h4><a href=\"\/ht\/resous-yo\/mdreentry\/\" target=\"_self\">Reantre<\/a><\/h4>\n\t\t\t\t<a href=\"\/ht\/resous-yo\/mdreentry\/\"  target=\"_self\" itemprop=\"url\">\n\t\t\t\t<img decoding=\"async\" src=\"https:\/\/211md.org\/wp-content\/uploads\/bb-plugin\/cache\/2025_211_Icon-Sets_Reentry-square-f36b65d903a62fd4c3819ff05988ca60-.png\" alt=\"Ik\u00f2n Reantre\" itemprop=\"image\" title=\"2025_211_Ansanm Ik\u00f2n_Reantre\" onerror=\"this.style.display='none'\" loading=\"lazy\" \/>\n\t\t\t\t<\/a>\n\t\t<h4><a href=\"\/ht\/resous-yo\/itilizasyon-sibstans\/\" target=\"_self\">Itilizasyon sibstans<\/a><\/h4>\n\t\t\t\t<a href=\"\/ht\/resous-yo\/itilizasyon-sibstans\/\"  target=\"_self\" itemprop=\"url\">\n\t\t\t\t<img decoding=\"async\" src=\"https:\/\/211md.org\/wp-content\/uploads\/bb-plugin\/cache\/2025_MdInfoNet_Icon-Sets_Substance-Abuse-square-9022fec9d18a64118ad685c101885b55-.png\" alt=\"2025_MdInfoNet_Icon Sets_Abi Sibstans\" itemprop=\"image\" title=\"2025_MdInfoNet_Icon Sets_Abi Sibstans\" onerror=\"this.style.display='none'\" loading=\"lazy\" \/>\n\t\t\t\t<\/a>\n\t\t<h4><a href=\"\/ht\/resous-yo\/veteran-yo\/\" target=\"_self\">Veteran yo<\/a><\/h4>\n\t\t\t\t<a href=\"\/ht\/resous-yo\/veteran-yo\/\"  target=\"_self\" itemprop=\"url\">\n\t\t\t\t<img decoding=\"async\" src=\"https:\/\/211md.org\/wp-content\/uploads\/bb-plugin\/cache\/2025_MdInfoNet_Icon-Sets_Rating-square-6e60d00cce4faa8e0a6d4ad7366aa733-.png\" alt=\"2025_MdInfoNet_Icon Sets_Rating\" itemprop=\"image\" title=\"2025_MdInfoNet_Icon Sets_Rating\" onerror=\"this.style.display='none'\" loading=\"lazy\" \/>\n\t\t\t\t<\/a>","protected":false},"excerpt":{"rendered":"<p>Tit Paj Defo \u00c8ske li difisil pou chanje kouch\u00e8t an piblik oubyen pou bay swen p\u00e8son\u00e8l pou yon timoun oubyen yon granmoun? Gen tab ak enstalasyon pou chanje kouch\u00e8t iniv\u00e8s\u00e8l ki aksesib pou moun kap bay swen yo ka bay swen yo bezwen an, k\u00e8lkeswa wot\u00e8 moun nan oubyen bezwen espesifik li. Jwenn youn tou pre. K\u00f2manse Koutwazi: Depatman Konte Prince George...<\/p>","protected":false},"author":7,"featured_media":3751,"parent":0,"menu_order":0,"comment_status":"closed","ping_status":"closed","template":"","meta":{"footnotes":""},"class_list":["post-3749","page","type-page","status-publish","has-post-thumbnail","hentry"],"_links":{"self":[{"href":"https:\/\/211md.org\/ht\/wp-json\/wp\/v2\/pages\/3749","targetHints":{"allow":["GET"]}}],"collection":[{"href":"https:\/\/211md.org\/ht\/wp-json\/wp\/v2\/pages"}],"about":[{"href":"https:\/\/211md.org\/ht\/wp-json\/wp\/v2\/types\/page"}],"author":[{"embeddable":true,"href":"https:\/\/211md.org\/ht\/wp-json\/wp\/v2\/users\/7"}],"replies":[{"embeddable":true,"href":"https:\/\/211md.org\/ht\/wp-json\/wp\/v2\/comments?post=3749"}],"version-history":[{"count":9,"href":"https:\/\/211md.org\/ht\/wp-json\/wp\/v2\/pages\/3749\/revisions"}],"predecessor-version":[{"id":33847,"href":"https:\/\/211md.org\/ht\/wp-json\/wp\/v2\/pages\/3749\/revisions\/33847"}],"wp:featuredmedia":[{"embeddable":true,"href":"https:\/\/211md.org\/ht\/wp-json\/wp\/v2\/media\/3751"}],"wp:attachment":[{"href":"https:\/\/211md.org\/ht\/wp-json\/wp\/v2\/media?parent=3749"}],"curies":[{"name":"wp","href":"https:\/\/api.w.org\/{rel}","templated":true}]}}