{"id":3758,"date":"2023-05-01T11:24:18","date_gmt":"2023-05-01T15:24:18","guid":{"rendered":"https:\/\/211md.org\/?page_id=3758"},"modified":"2025-09-11T08:53:11","modified_gmt":"2025-09-11T12:53:11","slug":"sipo-adolesan","status":"publish","type":"page","link":"https:\/\/211md.org\/ht\/resources\/mental-health\/teen-support\/","title":{"rendered":"Kijan paran ak moun kap bay swen yo ka sip\u00f2te sante mantal adolesan"},"content":{"rendered":"<img decoding=\"async\" src=\"https:\/\/stg-maryland211-staging.kinsta.cloud\/wp-content\/uploads\/2025\/08\/5-1-scaled.png\" alt=\"5\" itemprop=\"image\" height=\"692\" width=\"2560\" title=\"5\" onerror=\"this.style.display='none'\" loading=\"lazy\" \/>\n\t\t<h1><a href=\"#start\" target=\"_self\">Tit Paj Defo<\/a><\/h1><p>L\u00e8 sante mantal yon adolesan an bon, li ka jere moman difisil ak moman difisil ki vini l\u00e8 l ap eksplore mond li. <\/p>\n<p>Gen \u00e8d disponib pou pwobl\u00e8m sante mantal. Aprann kijan pou sip\u00f2te adolesan ki nan lavi ou.\u00a0<\/p>\n\t\t\t<a href=\"#start\" target=\"_self\">\n\t\t\t\t\t\tK\u00f2manse\n\t\t\t\t\t<\/a>\n\t\t\t\t<img decoding=\"async\" src=\"https:\/\/211md.org\/wp-content\/plugins\/bb-plugin\/img\/pixel.png\" alt=\"\" itemprop=\"image\" onerror=\"this.style.display='none'\" loading=\"lazy\" \/>\n\t\t\t\t<img decoding=\"async\" src=\"https:\/\/stg-maryland211-staging.kinsta.cloud\/wp-content\/uploads\/2025\/08\/16.png\" alt=\"16\" itemprop=\"image\" height=\"1000\" width=\"1000\" title=\"16\" onerror=\"this.style.display='none'\" loading=\"lazy\" \/>\n\t\t\t\t<img decoding=\"async\" src=\"http:\/\/211md.org\/wp-content\/uploads\/2023\/04\/Lonely-teen-by-himself-at-school.png\" alt=\"J\u00e8n gason ki poukont li nan lek\u00f2l la\" itemprop=\"image\" title=\"J\u00e8n gason ki poukont li nan lek\u00f2l la\" onerror=\"this.style.display='none'\" loading=\"lazy\" \/>\n\t<h2>Jwenn \u00c8d pou Sante Mantal pou Adolesan<\/h2>\n<p>Bon sip\u00f2 nan bon moman an ka ede yon adolesan reyisi epi anpeche pwobl\u00e8m nan aprantisaj, nan relasyon, oubyen <a href=\"https:\/\/211md.org\/ht\/resous-yo\/itilizasyon-sibstans\/\">sibstans danjere<\/a>.<\/p>\n<p>\u00c8d disponib nan Maryland atrav\u00e8:<\/p>\n<ul>\n<li>la <a href=\"https:\/\/988min.org\/\" target=\"_blank\" rel=\"noopener\">988 liy dir\u00e8k<\/a> (sip\u00f2 kriz). Rele oswa voye yon mesaj t\u00e8ks nan 988, oubyen <a href=\"https:\/\/988lifeline.org\/chat\/\" target=\"_blank\" rel=\"noopener\">chat an angle<\/a> oswa <a href=\"https:\/\/988lifeline.org\/es\/chat\/\" target=\"_blank\" rel=\"noopener\">Pany\u00f2l<\/a>.<\/li>\n<li>founis\u00e8 swen prensipal yo, tankou pedyat ou oswa dokt\u00e8 fanmi w<\/li>\n<li>konseye lek\u00f2l yo<\/li>\n<li>211 pwogram t\u00e8ks adolesan yo rele <a href=\"https:\/\/211md.org\/ht\/sou\/mesaj-teks\/mdyoungminds\/\">MDYoungMinds<\/a><\/li>\n<li>pwogram sip\u00f2 telesante<\/li>\n<li>pwofesyon\u00e8l sante mantal, tankou konseye, travay\u00e8 sosyal, sikyat, oswa sikol\u00f2g<\/li>\n<\/ul>\n<p>Ou kapab tou ch\u00e8che founis\u00e8 swen sante mantal nan baz done sante konp\u00f2tmantal leta a, ke Maryland Information Network bay pouvwa.<\/p>\n\t\t\t<a href=\"https:\/\/search.988.mdinfonet.org\/\" target=\"_blank\" rel=\"noopener\">\n\t\t\t\t\t\t\tCh\u00e8che yon founis\u00e8 swen sante mantal\n\t\t\t\t\t<\/a>\n\t<h2>Bezwen Pale?\u00a0<\/h2>\n<p>&nbsp;<\/p>\n\t<h2>Rele oswa voye t\u00e8ks 988<\/h2>\n\t\t\t<a href=\"https:\/\/988lifeline.org\/chat\/\" target=\"_blank\" rel=\"noopener\">\n\t\t\t\t\t\t\tChat kounye a (angle)\n\t\t\t\t\t<\/a>\n\t\t\t<a href=\"https:\/\/988lifeline.org\/es\/chat\/\" target=\"_blank\" rel=\"noopener\">\n\t\t\t\t\t\t\tChatea Ahora (Espa\u00f1ol)\n\t\t\t\t\t<\/a>\n\t<p>Nenp\u00f2t moun ki bezwen asistans ak bezwen sante mantal oswa bezwen ki gen rap\u00f2 ak itilizasyon sibstans ka rele 988. <a href=\"https:\/\/988min.org\/\" target=\"_blank\" rel=\"noopener\">Aprann sou 988 nan Maryland<\/a>.<\/p>\n\t<h2>Siy av\u00e8tisman<\/h2>\n<p>Kay anpil timoun, pwobl\u00e8m sante mantal yo pa detekte, oubyen yo pa jwenn \u00e8d. Konnen siy yo ka ede adolesan an jwenn \u00e8d.<\/p>\n<p><a href=\"https:\/\/pubmed.ncbi.nlm.nih.gov\/15939837\/\" target=\"_blank\" rel=\"noopener\">Rech\u00e8ch<\/a> montre ke 50% pwobl\u00e8m sante mantal par\u00e8t nan laj 14 an.<\/p>\n<p>Dapre la <a href=\"https:\/\/www.mhamd.org\/wp-content\/uploads\/2023\/02\/DiscussingYourChildsMentalHealthwithYourPrimaryCareProvider_factsheet_CMHMBHIPP_Jan2023.pdf\" target=\"_blank\" rel=\"noopener\">Asosyasyon Sante Mantal nan Maryland<\/a>, paran ak moun k ap bay swen yo ta dwe ch\u00e8che siy sa yo ki montre yon maladi mantal oswa yon kondisyon sante mantal:<\/p>\n<ul>\n<li>Difikilte lakay, lek\u00f2l, oswa sosyalman. Timoun nan ka antre nan batay oswa f\u00e8 mal nan lek\u00f2l la.<\/li>\n<li>Enkyetid tout tan.<\/li>\n<li>Chanjman aparan nan d\u00f2mi, atitid, apeti, oswa konp\u00f2tman.<\/li>\n<li>Mod\u00e8l aktivite repetitif ki ent\u00e8fere ak ale lek\u00f2l, d\u00f2mi, oswa apeti.<\/li>\n<li>Ogmantasyon santiman trist\u00e8s, k\u00f2l\u00e8, estr\u00e8s, enkyetid, estim pw\u00f2p t\u00e8t ou ba, ak lapenn.<\/li>\n<li>Pa ri oswa souri.<\/li>\n<li>Souvan kol\u00e8r, lestomak oswa t\u00e8t f\u00e8 mal ki pa konnen k\u00f2z medikal.<\/li>\n<li>Pa kapab chita toujou.<\/li>\n<li>Li pa par\u00e8t pou koute enstriksyon yo.<\/li>\n<li>Aji san reflechi.<\/li>\n<li>Gen konp\u00f2tman ki devlopman pa ta dwe yon pwobl\u00e8m ank\u00f2 tankou kole, mouye, oswa sal.<\/li>\n<li>Gen pwobl\u00e8m pou f\u00e8 zanmi ak\u00f2z konp\u00f2tman agresif oswa p\u00e8.<\/li>\n<li>Pase plis tan pou kont li.<\/li>\n<li>Evite aktivite oswa bagay moun nan te renmen yon fwa.<\/li>\n<li>Pi difisil tan nan sitiyasyon ki te konn oke.<\/li>\n<li>Bezwen plis sip\u00f2.<\/li>\n<li>Gen konp\u00f2tman seksy\u00e8l ki pi plis pase kiryozite n\u00f2mal.<\/li>\n<li>Jwe ak dife repete.<\/li>\n<li>Mechanste pou b\u00e8t yo.<\/li>\n<li>Tande vwa oswa w\u00e8 bagay yo.<\/li>\n<li>S\u00e8vi ak dw\u00f2g oswa alk\u00f2l.<\/li>\n<\/ul>\n<p>Si w gen yon enkyetid, jwenn \u00e8d ak sip\u00f2. Mete konfyans ou nan zantray ou k\u00f2m paran oswa moun k ap bay swen an.<\/p>\n\t<h3>Siy depresyon adolesan<\/h3>\n<p>Depresyon se yon kalite pwobl\u00e8m sante mantal.<\/p>\n<blockquote><p>20% nan adolesan ki gen laj 12-17 an te f\u00e8 eksperyans yon gwo epiz\u00f2d depresyon, dapre... <a href=\"https:\/\/www.cdc.gov\/childrensmentalhealth\/features\/understanding-public-health-concern.html\" target=\"_blank\" rel=\"noopener\">CDC<\/a>.<\/p><\/blockquote>\n<p>Byenke nou souvan panse depresyon se yon bagay ki gen &quot;triste&quot;, sa pa toujou yon siy, sitou lakay timoun, adolesan ak j\u00e8n adilt. Depresyon se plis pase jis gen move im\u00e8.<\/p>\n<p>Siy depresyon yo ka chanje k\u00f2m moun nan laj.<\/p>\n<p>Pa egzanp, k\u00e8k nan sent\u00f2m yon timoun ki gen depresyon ka genyen:<\/p>\n<ul>\n<li>enkyetid<\/li>\n<li>move im\u00e8<\/li>\n<li>kole<\/li>\n<li>refize ale lek\u00f2l<\/li>\n<\/ul>\n<p>Timoun ki pi gran ak adolesan yo ka:<\/p>\n<ul>\n<li>antre nan pwobl\u00e8m lek\u00f2l<\/li>\n<li>vin fristre fasil<\/li>\n<li>santi w ajite<\/li>\n<li>gen yon estim pw\u00f2p t\u00e8t ou ki ba<\/li>\n<\/ul>\n<p>J\u00e8n adilt yo kapab:<\/p>\n<ul>\n<li>irite<\/li>\n<li>gen yon p\u00e8spektiv negatif sou lavi<\/li>\n<\/ul>\n<p>L\u00e8 santiman sa yo kontinye pandan plizy\u00e8 sem\u00e8n epi ou pa ka konsantre oswa f\u00e8 bagay ou te konn renmen anvan, li l\u00e8 pou w al chache \u00e8d.<\/p>\n<h3>kesyon pou ede idantifye depresyon<\/h3>\n<p>Pou ede idantifye epi detekte depresyon bon\u00e8, <a href=\"https:\/\/www.nimh.nih.gov\/health\/publications\/teen-depression\" target=\"_blank\" rel=\"noopener\">Enstiti Nasyonal Sante Mantal<\/a>\u00a0sijere poze t\u00e8t ou kesyon sa yo.<\/p>\n<p>\u00c8ske pitit mwen oswa mwen santi....?<\/p>\n<ul>\n<li>Tris, enkyete, san val\u00e8 oswa &quot;vid&quot;?<\/li>\n<li>Pa enterese nan aktivite mwen te renmen yon fwa?<\/li>\n<li>Fasil fristre, fache, oswa chimerik?<\/li>\n<li>Mwen retire zanmi ak fanmi?<\/li>\n<li>Ke mwen pa f\u00e8 osi byen nan lek\u00f2l la?<\/li>\n<li>Manje chak jou ak abitid d\u00f2mi mwen chanje?<\/li>\n<li>Fatige, fatige oswa ou gen eksperyans p\u00e8t memwa?<\/li>\n<li>Tankou f\u00e8 t\u00e8t mwen mal oswa kom\u00e8t swisid?<\/li>\n<\/ul>\n<p>Sent\u00f2m yo ka varye de yon moun a yon l\u00f2t.<\/p>\n<p>Ou ka gen k\u00e8k sent\u00f2m oswa s\u00e8lman k\u00e8k.<\/p>\n<p>Pale ak yon pwofesyon\u00e8l ki resevwa f\u00f2masyon si ou gen enkyetid. Rele 988 pou jwenn \u00e8d imedyatman.<\/p>\n\t<h2>Medya Sosyal ak Sante Mantal<\/h2>\n<p>Gen yon lyen ant depresyon ak izolasyon yo konnen ak adolesan ki gen gwo itilizasyon medya sosyal.<\/p>\n<p>Tw\u00f2p itilizasyon ent\u00e8n\u00e8t ak dejwe ent\u00e8n\u00e8t lye tou ak oto-mutilation.<\/p>\n<blockquote><p>Adolesan ki pase twa \u00e8dtan oswa plis pa jou sou yon apar\u00e8y elektwonik gen plis chans pou yo gen yon fakt\u00e8 risk swisid tankou f\u00e8 yon plan, dapre yon rech\u00e8ch ki pibliye nan ... <a href=\"https:\/\/journals.sagepub.com\/doi\/10.1177\/2167702617723376\" target=\"_blank\" rel=\"noopener\">Asosyasyon pou Syans Sikolojik<\/a>.<\/p><\/blockquote>\n<p>Si w konnen yon adolesan k ap pale sou t\u00e8t yo oswa l\u00f2t moun mal, jwenn \u00e8d imedyatman. Rele oswa voye mesaj t\u00e8ks 988. Ou kapab tou chat ak 988 Suicide &amp; Crisis Lifeline nan <a href=\"https:\/\/988lifeline.org\/chat\/\" target=\"_blank\" rel=\"noopener\">angle<\/a> oswa <a href=\"https:\/\/988lifeline.org\/es\/chat\/\" target=\"_blank\" rel=\"noopener\">Pany\u00f2l<\/a>.<\/p>\n\t\t\t<a href=\"https:\/\/988lifeline.org\/chat\/\" target=\"_blank\" rel=\"noopener\">\n\t\t\t\t\t\t\tChat ak 988 (angl\u00e8)\n\t\t\t\t\t<\/a>\n\t\t\t<a href=\"https:\/\/988lifeline.org\/es\/chat\/\" target=\"_blank\" rel=\"noopener\">\n\t\t\t\t\t\t\tChat ak 988 (pany\u00f2l)\n\t\t\t\t\t<\/a>\n\t\t\t\t<img decoding=\"async\" src=\"https:\/\/211md.org\/wp-content\/uploads\/2024\/02\/teens-on-social-media.jpg\" alt=\"adolesan sou rezo sosyal yo\" itemprop=\"image\" height=\"800\" width=\"1200\" title=\"adolesan sou rezo sosyal yo\" onerror=\"this.style.display='none'\" loading=\"lazy\" \/>\n\t<h3>siy av\u00e8tisman medya sosyal yo<\/h3>\n<p>Kontwole aktivite yon timoun sou rezo sosyal ak sou ent\u00e8n\u00e8t.<\/p>\n<p>Konnen siy av\u00e8tisman detr\u00e8s sikolojik yo. Sa yo ka gen ladan mesaj tankou:<\/p>\n<ul>\n<li>&quot;Mwen pa ka f\u00e8 anyen.&quot; #hatemsyself<\/li>\n<li>&quot;Mwen rayi tout moun.&quot;<\/li>\n<li>Yon l\u00f2t jou pa ale lek\u00f2l.<\/li>\n<li>Hashtags negatif ak emojis tankou #depressed ak #cutting.<\/li>\n<li>Pale sou vle mouri, dezespwa emosyon\u00e8l entans ak ijan, bay atik p\u00e8son\u00e8l, di orevwa.<\/li>\n<li>Konp\u00f2tman enpulsif.<\/li>\n<li>Posts lensomni.<\/li>\n<\/ul>\n<p>Si oumenm oswa yon moun ou konnen ap montre siy kriz, kontakte yon pwofesyon\u00e8l ki resevwa f\u00f2masyon imedyatman l\u00e8 w rele oswa voye yon t\u00e8ks nan 988.<\/p>\n\t\t\t\t<img decoding=\"async\" src=\"http:\/\/211md.org\/wp-content\/uploads\/2023\/04\/Parent-comforting-depressed-kid.png\" alt=\"paran rekonf\u00f2te timoun ki deprime\" itemprop=\"image\" title=\"Paran rekonf\u00f2te timoun ki deprime\" onerror=\"this.style.display='none'\" loading=\"lazy\" \/>\n\t<h2>Sip\u00f2 pou Paran yo<\/h2>\n<p>Ou konnen kisa pou w f\u00e8 l\u00e8 pitit ou a gen yon lafy\u00e8v oswa yon enfeksyon nan z\u00f2r\u00e8y, men e pou trete sante mantal yo? Ou ka f\u00e8 menm bagay la \u2013 rele pedyat pitit ou a.<\/p>\n<p>Yo ka ede ak pwobl\u00e8m sante mantal tankou enkyetid adolesan, depresyon, maladi manje, ch\u00f2k ak plis ank\u00f2.<\/p>\n<p>F\u00e8 yon konv\u00e8sasyon on\u00e8t. Si pedyat la pa ofri sip\u00f2 nan biwo a, yo ka jwenn oumenm ak sip\u00f2 pou pitit ou atrav\u00e8 sist\u00e8m sip\u00f2 sante mantal nan tout eta a.<\/p>\n<h3>Pale ak pedyat ou<\/h3>\n<p>Kidonk, kijan ou ka pale ak pedyat ou sou sante mantal yon timoun?<\/p>\n<p>Rele epi pale ak biwo a epi mande yo pou yon randevou an p\u00e8s\u00f2n oswa pou telesante. Det\u00e8mine ki moun ki ta dwe ale nan randevou a.<\/p>\n<p>\u00c8ske tou de paran\/gadyen yo ta dwe ale, epi \u00e8ske timoun nan ta dwe ale nan randevou a?<\/p>\n\t<p>Asosyasyon Sante Mantal Maryland ak Entegrasyon Sante Konp\u00f2tman Maryland nan Swen Prensipal Pedyatrik (BHIPP) te devlope yon fich kons\u00e8y ak enstriksyon detaye pou diskite sou sante mantal yon timoun ak dokt\u00e8 w la.<\/p>\n<p>Fich kons\u00e8y la gen ladan kesyon detaye ak pwen diskisyon pou k\u00f2manse konv\u00e8sasyon an epi asire pitit ou a resevwa \u00e8d li bezwen an.<\/p>\n\t\t\t<a href=\"https:\/\/www.mhamd.org\/wp-content\/uploads\/2023\/02\/DiscussingYourChildsMentalHealthwithYourPrimaryCareProvider_factsheet_CMHMBHIPP_Jan2023.pdf\" target=\"_blank\" rel=\"noopener\">\n\t\t\t\t\t\t\ttelechaje fich kons\u00e8y la\n\t\t\t\t\t<\/a>\n\t<p>Anvan randevou a, dokimante konp\u00f2tman ak enkyetid yo pou ou gen yon bagay pou referans pandan diskisyon an epi egzanp espesifik pou diskite.<\/p>\n<p>Se pou ou on\u00e8t epi bay detay nan konv\u00e8sasyon sa yo. Sonje byen, ou pa poukont ou, epi gen \u00e8d ki disponib.<\/p>\n<p>Si konv\u00e8sasyon an difisil, f\u00e8 dokt\u00e8 w konnen sa.<\/p>\n<p>Sonje byen, w ap f\u00e8 reyinyon sa a paske ou gen anpil sousi pou timoun nan.<\/p>\n<p>Dokt\u00e8 w la ka refere timoun nan bay yon pak\u00e8t pwofesyon\u00e8l sante mantal, tankou:<\/p>\n<ul>\n<li>sikyat<\/li>\n<li>enfimy\u00e8 sikyatrik<\/li>\n<li>travay\u00e8 sosyal<\/li>\n<li>konseye pwofesyon\u00e8l ki gen lisans<\/li>\n<li>sikoterapis<\/li>\n<li>nerosikol\u00f2g<\/li>\n<\/ul>\n<h3>Kons\u00e8nan BHIPP<\/h3>\n<p>Maryland Behavioral Integration in Pediatric Primary Care (BHIPP) travay av\u00e8k pedyat, pwofesyon\u00e8l medikal ijans, dokt\u00e8 fanmi, enfimy\u00e8 lek\u00f2l, ak l\u00f2t pwofesyon\u00e8l sante pou sip\u00f2te adolesan ak adolesan yo.<\/p>\n<p>Espesyalis yo disponib nan dom\u00e8n tankou:<\/p>\n<ul>\n<li>Jesyon medikaman:<\/li>\n<li>Pwobl\u00e8m dyagnostik<\/li>\n<li>Reta nan devlopman<\/li>\n<li>Pwobl\u00e8m lek\u00f2l\/aprantisaj<\/li>\n<li>Troubles spectre otis yo<\/li>\n<li>Ch\u00f2k<\/li>\n<li>Sante mantal timoun piti<\/li>\n<\/ul>\n<p><a href=\"https:\/\/mdbhipp.org\/telepsychiatry-access-program.html\" target=\"_blank\" rel=\"noopener\">Referans<\/a> yo f\u00e8t pa yon dokt\u00e8 swen prensipal.<\/p>\n\t<h2>Resous sante mantal pou adolesan ak timoun<\/h2>\n<p>Gen plizy\u00e8 resous pou sip\u00f2te adolesan ak timoun ak sante mantal yo.<\/p>\n<p>Si oumenm oswa yon moun ou konnen nan kriz, rele 988 pou jwenn sip\u00f2 imedya.<\/p>\n<p>Ou kapab tou <a href=\"https:\/\/search.988.mdinfonet.org\/\" target=\"_blank\" rel=\"noopener\">rech\u00e8ch pou kons\u00e8y ak gwoup sip\u00f2<\/a> nan baz done sante mantal eta a, ki fonksyone grasa Maryland Information Network.<\/p>\n<p>Genyen tou yon sist\u00e8m sip\u00f2 mesaj t\u00e8ks ki konsantre sou j\u00e8n ki disponib. Adolesan ka enskri pou\u00a0<a href=\"https:\/\/211md.org\/ht\/sou\/mesaj-teks\/mdyoungminds\/\">MDYoungMinds<\/a>. Li bay mesaj t\u00e8ks sip\u00f2. Sa yo ka gen ladan resous sou depresyon, adolesan ak adolesan sante mantal ak pwogram sip\u00f2.<\/p>\n<h3>Maryland Kowalisyon Fanmi<\/h3>\n<p>Ou kapab jwenn sip\u00f2 tou nan men \u00f2ganizasyon tankou Maryland Coalition of Families. Yo sip\u00f2te s\u00e8vis sante mantal pou timoun epi yo ka ede w jwenn s\u00e8vis nan lek\u00f2l la ak nan kominote a pandan y ap defann pitit ou a nan chak etap devlopman li.<\/p>\n<p>Telechaje Twous Resous Familyal Children&#039;s Health Matters yo nan <a href=\"https:\/\/www.childrensmentalhealthmatters.org\/files\/2021\/03\/CMHM-Family-Resource-Kit-2021.pdf\" target=\"_blank\" rel=\"noopener\">angle<\/a> oswa <a href=\"https:\/\/www.childrensmentalhealthmatters.org\/files\/2021\/07\/CMHM-Family-Resource-Kit-2021_ES.pdf\" target=\"_blank\" rel=\"noopener\">Pany\u00f2l<\/a>. Li se yon gid konpl\u00e8 sou sent\u00f2m sante mantal ak siy pandan y ap bay opsyon tretman ak sip\u00f2 nan Maryland.<\/p>\n<p>Atrav\u00e8 Maryland Coalition of Families <a href=\"https:\/\/www.mdcoalition.org\/who-we-help\/youth-helping-youth\/\" target=\"_blank\" rel=\"noopener\">Pran v\u00f2l<\/a> pwogram, adolesan yo ka konekte tou ak kamarad ki te f\u00e8 eksperyans yon pwobl\u00e8m sante mantal oswa ch\u00f2k.<\/p>\n<h3>Asosyasyon Sante Mantal<\/h3>\n<p>Asosyasyon Sante Mantal Maryland tou gen enf\u00f2masyon detaye pou <a href=\"https:\/\/www.mhamd.org\/information-and-help\/children-and-youth\/signs-and-symptoms\/\" target=\"_blank\" rel=\"noopener\">kondisyon espesifik sante mantal<\/a> ak resous ki ka ede.<\/p>\n<h2>\n\t\t\tEnf\u00f2masyon ki gen rap\u00f2\t<\/h2>\n\t\t<h4><a href=\"\/ht\/resous-yo\/aje-andikap\/\" target=\"_self\">Aje ak Andikap<\/a><\/h4>\n\t\t\t\t<a href=\"\/ht\/resous-yo\/aje-andikap\/\"  target=\"_self\" itemprop=\"url\">\n\t\t\t\t<img decoding=\"async\" src=\"https:\/\/211md.org\/wp-content\/uploads\/bb-plugin\/cache\/2025_MdInfoNet_Icon-Sets_Aging-disability-square-c466727102cae71e5f27b8539bb51945-.png\" alt=\"2025_MdInfoNet_Icon Sets_Aging-disability\" itemprop=\"image\" title=\"2025_MdInfoNet_Icon Sets_Aging-disability\" onerror=\"this.style.display='none'\" loading=\"lazy\" \/>\n\t\t\t\t<\/a>\n\t\t<h4><a href=\"https:\/\/211md.org\/ht\/resous-yo\/timoun-fanmi-yo\/\" target=\"_blank\" rel=\"noopener\">Timoun ak Fanmi<\/a><\/h4>\n\t\t\t\t<a href=\"https:\/\/211md.org\/ht\/resous-yo\/timoun-fanmi-yo\/\" target=\"_blank\" rel=\"noopener\" itemprop=\"url\">\n\t\t\t\t<img decoding=\"async\" src=\"https:\/\/211md.org\/wp-content\/uploads\/bb-plugin\/cache\/2025_211_Icon-Sets_Child-care-square-a8953c7678f51ed443764342b64ee948-.png\" alt=\"2025_211_Ansanm Ik\u00f2n_Swen Timoun\" itemprop=\"image\" title=\"2025_211_Ansanm Ik\u00f2n_Swen Timoun\" onerror=\"this.style.display='none'\" loading=\"lazy\" \/>\n\t\t\t\t<\/a>\n\t\t<h4><a href=\"\/ht\/resous-yo\/vyolans-familyal-domestik\/\" target=\"_self\">Vyolans domestik<\/a><\/h4>\n\t\t\t\t<a href=\"\/ht\/resous-yo\/vyolans-familyal-domestik\/\"  target=\"_self\" itemprop=\"url\">\n\t\t\t\t<img decoding=\"async\" src=\"https:\/\/211md.org\/wp-content\/uploads\/bb-plugin\/cache\/2025_211_Icon-Sets_Domestic-Violence-square-e6e48b12d9d44dadd394e0d40debfd96-.png\" alt=\"Ik\u00f2n Vyolans Domestik\" itemprop=\"image\" title=\"2025_211_Ansanm Ik\u00f2n_Vyolans Domestik\" onerror=\"this.style.display='none'\" loading=\"lazy\" \/>\n\t\t\t\t<\/a>\n\t\t<h4><a href=\"\/ht\/resous-yo\/rechech-travay\/\" target=\"_self\">Travay<\/a><\/h4>\n\t\t\t\t<a href=\"\/ht\/resous-yo\/rechech-travay\/\"  target=\"_self\" itemprop=\"url\">\n\t\t\t\t<img decoding=\"async\" src=\"https:\/\/211md.org\/wp-content\/uploads\/bb-plugin\/cache\/2025_MdInfoNet_Icon-Sets_Employment-square-44707bd410e4df10a470bf130ebcea86-.png\" alt=\"2025_MdInfoNet_Icon Sets_Anplwa\" itemprop=\"image\" title=\"2025_MdInfoNet_Icon Sets_Anplwa\" onerror=\"this.style.display='none'\" loading=\"lazy\" \/>\n\t\t\t\t<\/a>\n\t\t<h4><a href=\"\/ht\/resous-yo\/swen-sante\/\" target=\"_self\">Swen Sante<\/a><\/h4>\n\t\t\t\t<a href=\"\/ht\/resous-yo\/swen-sante\/\"  target=\"_self\" itemprop=\"url\">\n\t\t\t\t<img decoding=\"async\" src=\"https:\/\/211md.org\/wp-content\/uploads\/bb-plugin\/cache\/2025_MdInfoNet_Icon-Sets_Health-Care-square-dee98a0060cbe0e7f27eda253fc12679-.png\" alt=\"2025_MdInfoNet_Icon Sets_Swen Sante\" itemprop=\"image\" title=\"2025_MdInfoNet_Icon Sets_Swen Sante\" onerror=\"this.style.display='none'\" loading=\"lazy\" \/>\n\t\t\t\t<\/a>\n\t\t<h4><a href=\"\/ht\/resous-yo\/timoun-fanmi-yo\/swen-fanmi\/\" target=\"_self\">Parente<\/a><\/h4>\n\t\t\t\t<a href=\"\/ht\/resous-yo\/timoun-fanmi-yo\/swen-fanmi\/\"  target=\"_self\" itemprop=\"url\">\n\t\t\t\t<img decoding=\"async\" src=\"https:\/\/211md.org\/wp-content\/uploads\/bb-plugin\/cache\/2025_211_Icon-Sets_Kinship-square-21d4c353354c53c083c80118abb066f2-.png\" alt=\"Ik\u00f2n fanmi\" itemprop=\"image\" title=\"2025_211_Ansanm Ik\u00f2n_Fanmitay\" onerror=\"this.style.display='none'\" loading=\"lazy\" \/>\n\t\t\t\t<\/a>\n\t\t<h4><a href=\"\/ht\/resous-yo\/sevis-legal-yo\/\" target=\"_self\">S\u00e8vis Legal<\/a><\/h4>\n\t\t\t\t<a href=\"\/ht\/resous-yo\/sevis-legal-yo\/\"  target=\"_self\" itemprop=\"url\">\n\t\t\t\t<img decoding=\"async\" src=\"https:\/\/211md.org\/wp-content\/uploads\/bb-plugin\/cache\/2025_MdInfoNet_Icon-Sets_Legal-square-18fdf438feb8435588174d9046463257-.png\" alt=\"2025_MdInfoNet_Ikon_Ansanm_Legal\" itemprop=\"image\" title=\"2025_MdInfoNet_Ikon_Ansanm_Legal\" onerror=\"this.style.display='none'\" loading=\"lazy\" \/>\n\t\t\t\t<\/a>\n\t\t<h4><a href=\"\/ht\/resous-yo\/sante-mantal\/\" target=\"_self\">Sante mantal<\/a><\/h4>\n\t\t\t\t<a href=\"\/ht\/resous-yo\/sante-mantal\/\"  target=\"_self\" itemprop=\"url\">\n\t\t\t\t<img decoding=\"async\" src=\"https:\/\/211md.org\/wp-content\/uploads\/bb-plugin\/cache\/2025_MdInfoNet_Icon-Sets_Mental-Health-square-c59b38c4a993a947d4c9280fbe2d2fee-.png\" alt=\"2025_MdInfoNet_Icon Sets_Sante Mantal\" itemprop=\"image\" title=\"2025_MdInfoNet_Icon Sets_Sante Mantal\" onerror=\"this.style.display='none'\" loading=\"lazy\" \/>\n\t\t\t\t<\/a>\n\t\t<h4><a href=\"\/ht\/resous-yo\/mdreentry\/\" target=\"_self\">Reantre<\/a><\/h4>\n\t\t\t\t<a href=\"\/ht\/resous-yo\/mdreentry\/\"  target=\"_self\" itemprop=\"url\">\n\t\t\t\t<img decoding=\"async\" src=\"https:\/\/211md.org\/wp-content\/uploads\/bb-plugin\/cache\/2025_211_Icon-Sets_Reentry-square-f36b65d903a62fd4c3819ff05988ca60-.png\" alt=\"Ik\u00f2n Reantre\" itemprop=\"image\" title=\"2025_211_Ansanm Ik\u00f2n_Reantre\" onerror=\"this.style.display='none'\" loading=\"lazy\" \/>\n\t\t\t\t<\/a>\n\t\t<h4><a href=\"\/ht\/resous-yo\/itilizasyon-sibstans\/\" target=\"_self\">Itilizasyon sibstans<\/a><\/h4>\n\t\t\t\t<a href=\"\/ht\/resous-yo\/itilizasyon-sibstans\/\"  target=\"_self\" itemprop=\"url\">\n\t\t\t\t<img decoding=\"async\" src=\"https:\/\/211md.org\/wp-content\/uploads\/bb-plugin\/cache\/2025_MdInfoNet_Icon-Sets_Substance-Abuse-square-9022fec9d18a64118ad685c101885b55-.png\" alt=\"2025_MdInfoNet_Icon Sets_Abi Sibstans\" itemprop=\"image\" title=\"2025_MdInfoNet_Icon Sets_Abi Sibstans\" onerror=\"this.style.display='none'\" loading=\"lazy\" \/>\n\t\t\t\t<\/a>\n\t\t<h4><a href=\"\/ht\/resous-yo\/veteran-yo\/\" target=\"_self\">Veteran yo<\/a><\/h4>\n\t\t\t\t<a href=\"\/ht\/resous-yo\/veteran-yo\/\"  target=\"_self\" itemprop=\"url\">\n\t\t\t\t<img decoding=\"async\" src=\"https:\/\/211md.org\/wp-content\/uploads\/bb-plugin\/cache\/2025_MdInfoNet_Icon-Sets_Rating-square-6e60d00cce4faa8e0a6d4ad7366aa733-.png\" alt=\"2025_MdInfoNet_Icon Sets_Rating\" itemprop=\"image\" title=\"2025_MdInfoNet_Icon Sets_Rating\" onerror=\"this.style.display='none'\" loading=\"lazy\" \/>\n\t\t\t\t<\/a>","protected":false},"excerpt":{"rendered":"<p>Tit Paj Defo L\u00e8 sante mantal yon adolesan an bon, li ka jere moman difisil ak moman difisil emosyon\u00e8l ki vini l\u00e8 l ap eksplore mond li. Gen \u00e8d disponib pou pwobl\u00e8m sante mantal. Aprann kijan pou sip\u00f2te adolesan ki nan lavi w. K\u00f2manse Jwenn \u00c8d pou Sante Mantal pou Adolesan Bon sip\u00f2 nan bon moman an kapab...<\/p>","protected":false},"author":7,"featured_media":4018,"parent":836,"menu_order":0,"comment_status":"closed","ping_status":"closed","template":"","meta":{"footnotes":""},"class_list":["post-3758","page","type-page","status-publish","has-post-thumbnail","hentry"],"_links":{"self":[{"href":"https:\/\/211md.org\/ht\/wp-json\/wp\/v2\/pages\/3758","targetHints":{"allow":["GET"]}}],"collection":[{"href":"https:\/\/211md.org\/ht\/wp-json\/wp\/v2\/pages"}],"about":[{"href":"https:\/\/211md.org\/ht\/wp-json\/wp\/v2\/types\/page"}],"author":[{"embeddable":true,"href":"https:\/\/211md.org\/ht\/wp-json\/wp\/v2\/users\/7"}],"replies":[{"embeddable":true,"href":"https:\/\/211md.org\/ht\/wp-json\/wp\/v2\/comments?post=3758"}],"version-history":[{"count":4,"href":"https:\/\/211md.org\/ht\/wp-json\/wp\/v2\/pages\/3758\/revisions"}],"predecessor-version":[{"id":33832,"href":"https:\/\/211md.org\/ht\/wp-json\/wp\/v2\/pages\/3758\/revisions\/33832"}],"up":[{"embeddable":true,"href":"https:\/\/211md.org\/ht\/wp-json\/wp\/v2\/pages\/836"}],"wp:featuredmedia":[{"embeddable":true,"href":"https:\/\/211md.org\/ht\/wp-json\/wp\/v2\/media\/4018"}],"wp:attachment":[{"href":"https:\/\/211md.org\/ht\/wp-json\/wp\/v2\/media?parent=3758"}],"curies":[{"name":"wp","href":"https:\/\/api.w.org\/{rel}","templated":true}]}}