{"id":3838,"date":"2023-09-06T19:59:51","date_gmt":"2023-09-06T23:59:51","guid":{"rendered":"https:\/\/211md.org\/?page_id=3838"},"modified":"2023-10-31T16:26:11","modified_gmt":"2023-10-31T20:26:11","slug":"rechech-fom-fidbak-aplikasyon-an","status":"publish","type":"page","link":"https:\/\/211md.org\/ht\/search-app-feedback-form\/","title":{"rendered":"Search App Feedback f\u00f2m"},"content":{"rendered":"<p>F\u00f2m sa a se pou bay devlop\u00e8 aplikasyon rech\u00e8ch 211 Maryland fidbak pou nou ka kontinye amelyore eksperyans rech\u00e8ch la.<\/p>\n<p><strong>*Si w ap ch\u00e8che \u00e8d oswa resous,&nbsp;<a href=\"\/ht\/kontakte-nou\/\">ranpli f\u00f2m sa a<\/a> pito.<\/strong><\/p>","protected":false},"excerpt":{"rendered":"<p>F\u00f2m sa a se pou bay devlop\u00e8 aplikasyon rech\u00e8ch 211 Maryland fidbak pou nou ka kontinye amelyore eksperyans rech\u00e8ch la. *Si w ap ch\u00e8che \u00e8d oswa resous, ranpli f\u00f2m sa a pito.<\/p>","protected":false},"author":13,"featured_media":0,"parent":0,"menu_order":0,"comment_status":"closed","ping_status":"closed","template":"","meta":{"footnotes":""},"class_list":["post-3838","page","type-page","status-publish","hentry"],"_links":{"self":[{"href":"https:\/\/211md.org\/ht\/wp-json\/wp\/v2\/pages\/3838","targetHints":{"allow":["GET"]}}],"collection":[{"href":"https:\/\/211md.org\/ht\/wp-json\/wp\/v2\/pages"}],"about":[{"href":"https:\/\/211md.org\/ht\/wp-json\/wp\/v2\/types\/page"}],"author":[{"embeddable":true,"href":"https:\/\/211md.org\/ht\/wp-json\/wp\/v2\/users\/13"}],"replies":[{"embeddable":true,"href":"https:\/\/211md.org\/ht\/wp-json\/wp\/v2\/comments?post=3838"}],"version-history":[{"count":0,"href":"https:\/\/211md.org\/ht\/wp-json\/wp\/v2\/pages\/3838\/revisions"}],"wp:attachment":[{"href":"https:\/\/211md.org\/ht\/wp-json\/wp\/v2\/media?parent=3838"}],"curies":[{"name":"wp","href":"https:\/\/api.w.org\/{rel}","templated":true}]}}