{"id":3977,"date":"2024-01-30T19:28:46","date_gmt":"2024-01-31T00:28:46","guid":{"rendered":"https:\/\/211md.org\/?page_id=3977"},"modified":"2026-03-04T10:56:24","modified_gmt":"2026-03-04T15:56:24","slug":"ki-sa-ki-211-la","status":"publish","type":"page","link":"https:\/\/211md.org\/ht\/whats-the-211\/","title":{"rendered":"Ki sa ki nan 211, Hon?"},"content":{"rendered":"<figure itemscope itemtype=\"https:\/\/schema.org\/ImageObject\">\n\t\t\t\t<img decoding=\"async\" src=\"http:\/\/211md.org\/wp-content\/uploads\/2024\/01\/Whats-the-211-Hon-lockup-small.png\" alt=\"Ki sa ki nan 211 Lockup la piti\" title=\"Ki sa ki 211 Hon Lockup ti\" onerror=\"this.style.display='none'\" loading=\"lazy\" \/>\n\t<\/figure>\n\t<h2>Koneksyon Mid Shore Pou Ede.<\/h2>\n<p>Konekte ak resous esansy\u00e8l nan kominote w la.<\/p>\n<p>Tout ap\u00e8l yo konfidansy\u00e8l.<\/p>\n\t\t\t<a href=\"tel:+211\"  target=\"_self\">\n\t\t\t\t\t\t\tRele 211\n\t\t\t\t\t<\/a>\n\t<h2>Nou la l\u00e8 ou plis bezwen nou!<\/h2>\n<p>Pale ak yon espesyalis 211 k ap pran swen 24\/7. Tout ap\u00e8l yo konfidansy\u00e8l.<\/p>\n\t\t<figure itemscope itemtype=\"https:\/\/schema.org\/ImageObject\">\n\t\t\t\t<img decoding=\"async\" src=\"http:\/\/211md.org\/wp-content\/uploads\/2024\/01\/Call-center-specialst.jpg\" alt=\"Espesyalis nan sant ap\u00e8l\" title=\"Espesyalis nan sant ap\u00e8l\" onerror=\"this.style.display='none'\" loading=\"lazy\" \/>\n\t<\/figure>\n<h3>Rele 2-1-1<\/h3>\n<p>Espesyalis ap\u00e8l 211 yo ap koute, idantifye bezwen w yo epi jwenn resous ak sip\u00f2.<\/p>\n\t\t\t<a href=\"tel:+211\"  target=\"_self\">\n\t\t\t\t\t\t\tRele 2-1-1\n\t\t\t\t\t<\/a>\n\t\t<figure itemscope itemtype=\"https:\/\/schema.org\/ImageObject\">\n\t\t\t\t<img decoding=\"async\" src=\"http:\/\/211md.org\/wp-content\/uploads\/2024\/01\/211-Search-mockup.jpg\" alt=\"Search 211 mockup\" title=\"211 Search mockup\" onerror=\"this.style.display='none'\" loading=\"lazy\" \/>\n\t<\/figure>\n<h3>Ch\u00e8che resous<\/h3>\n<p>Jwenn resous lokal yo nan baz done konpl\u00e8 211 la. Ch\u00e8che pa k\u00f2d postal ak kategori tankou manje, lojman oswa s\u00e8vis piblik.<\/p>\n\t\t\t<a href=\"https:\/\/search.211md.org\/\"  target=\"_blank\" rel=\"noopener\">\n\t\t\t\t\t\t\tRech\u00e8ch\n\t\t\t\t\t<\/a>\n<figure itemscope itemtype=\"https:\/\/schema.org\/ImageObject\">\n\t\t\t\t<img decoding=\"async\" src=\"http:\/\/211md.org\/wp-content\/uploads\/2024\/01\/Whats-the-211-hon.jpg\" alt=\"Ki rap\u00e8l mesaj t\u00e8ks 211 Hon\" title=\"Ki sa ki onorab 211 la\" onerror=\"this.style.display='none'\" loading=\"lazy\" \/>\n\t<\/figure>\n<h3>Jwenn Scoop la sou Ev\u00e8nman Mid Shore.<\/h3>\n<p>Enskri pou mesaj t\u00e8ks enf\u00f2masyon ak ev\u00e8nman Mid Shore ak resous kominote a.<\/p>\n<p><em>Msg. &amp; done pousantaj yo ka aplike ak msg. frek. ka varye. Pou \u00c8d, ekri HELP. Pou refize, ekri STOP nan menm nimewo a. T\u00e8m konpl\u00e8 SMS nan <a href=\"https:\/\/211md.org\/ht\/sms\/\">https:\/\/211md.org\/sms\/<\/a> pral aplike tou.<\/em><\/p>\n\t\t<h3>\t\n\tT\u00e8ks MidShore bay 898-211<\/h3>\t\n<h2>211 ak Mid Shore Partners k ap travay ansanm<\/h2>\n<p>211, Mid Shore Health Improvement Coalition, ak patn\u00e8 kominot\u00e8 Mid Shore yo ap travay ansanm pou konekte rezidan yo nan konte Caroline, Dorchester, Kent, Queen Anne, ak Talbot.<\/p>\n\t\t<h3>\t\n\tSi ou bezwen \u00e8d, rele 2-1-1<\/h3>\t\n<figure itemscope itemtype=\"https:\/\/schema.org\/ImageObject\">\n\t\t\t\t<img decoding=\"async\" src=\"http:\/\/211md.org\/wp-content\/uploads\/2025\/05\/211-rgb.svg\" alt=\"Logo 211\" height=\"768\" width=\"1366\" title=\"211-rgb\" onerror=\"this.style.display='none'\" loading=\"lazy\" \/>\n\t<\/figure>\n\t<h3>Anviwon 211<\/h3>\n<p>211 se yon nimewo telef\u00f2n senp, memorab ki gen twa chif ki konekte Maryland\u00e8 ak resous esansy\u00e8l yo. S\u00e8vis gratis ak konfidansy\u00e8l la p\u00e8m\u00e8t moun ki pa satisf\u00e8 bezwen yo gen yon s\u00e8l pwen aks\u00e8 nan ajans sante ak s\u00e8vis imen. Espesyalis resous ki pale angle ak pany\u00f2l yo disponib 24\/7, epi tradiksyon disponib nan plis pase 150 lang.<\/p>\n<p>211 se Powered by la <a href=\"https:\/\/mdinfonet.org\/\" target=\"_blank\" rel=\"noopener\">Rezo enf\u00f2masyon Maryland<\/a>, yon \u00f2ganizasyon 501(c)3 san bi likratif.<\/p>\n\t<h3>Kons\u00e8nan Mid Shore Health Improvement Coalition<\/h3>\n<p>La <a href=\"https:\/\/www.midshorehealth.org\/about\" target=\"_blank\" rel=\"noopener\">Mid Shore Health Improvement Coalition<\/a> is a collaborative effort with more than 150 stakeholders committed to addressing pressing factors affecting residents&#8217; health. Their partners include health departments, schools, businesses, government, healthcare, and community and faith-based organizations.<\/p>\n<figure itemscope itemtype=\"https:\/\/schema.org\/ImageObject\">\n\t\t\t\t<img decoding=\"async\" src=\"http:\/\/211md.org\/wp-content\/uploads\/2024\/01\/Mid-Shore-Health-Improvement-Coalition-logo.png\" alt=\"Mid Shore Health Improvement Coalition logo\" title=\"Mid Shore Health Improvement Coalition logo\" onerror=\"this.style.display='none'\" loading=\"lazy\" \/>\n\t<\/figure>\n\t\t\t<a href=\"https:\/\/www.midshorehealth.org\/events\" target=\"_blank\" rel=\"noopener\">\n\t\t\t\t\t\t\tPatisipe nan yon Ev\u00e8nman\n\t\t\t\t\t<\/a>\n<h2>Aks\u00e8 Resous Top Nan Konte Mid Shore<\/h2>\nAv\u00e8k yon baz done ki gen plis pase 7,500 resous, 211 ka konekte ou ak resous ki ka ede.<br \/>\nCh\u00e8che pi gwo resous tankou bank manje nan chak konte Mid Shore.\n\t\t<h3><a href=\"https:\/\/211md.org\/ht\/resous-pa-konte\/konte-caroline\/\" target=\"_self\">\t\n\tCaroline<\/a><\/h3>\t\n\t\t<h3><a href=\"https:\/\/211md.org\/ht\/resous-pa-konte\/dorchester-konte\/\" target=\"_self\">\t\n\tDorchester<\/a><\/h3>\t\n\t\t<h3><a href=\"https:\/\/211md.org\/ht\/resous-pa-konte\/kent-konte\/\" target=\"_self\">\t\n\tKent<\/a><\/h3>\t\n\t\t<h3><a href=\"https:\/\/211md.org\/ht\/resous-pa-konte\/queen-annes-county\/\" target=\"_self\">\t\n\tR\u00e8n Anne a<\/a><\/h3>\t\n\t\t<h3><a href=\"https:\/\/211md.org\/ht\/resous-pa-konte\/talbot-konte\/\" target=\"_self\">\t\n\tTalbot<\/a><\/h3>\t\n<h2>Jwenn Ev\u00e8nman Mid Shore<\/h2>\n<p>Gade kalandriye ev\u00e8nman Mid Shore Health Improvement Coalition pou fwa sante lokal yo, t\u00e8s depistaj, ev\u00e8nman edikasyon dyab\u00e8t ak plis ank\u00f2.<\/p>\n\t\t<h3><a href=\"https:\/\/www.midshorehealth.org\/events\" target=\"_blank\" rel=\"noopener\">\t\n\tTout Ev\u00e8nman Sante Mid Shore<\/a><\/h3>\t\n\t<h2>Gen Kesyon?<\/h2>\n<p>Jwenn repons pou kesyon yo poze souvan. Si w gen l\u00f2t kesyon 211, li konpl\u00e8 a <a href=\"https:\/\/211md.org\/ht\/zouti-maketing\/faqs-2\/\">211 FAQ<\/a>. Ou kapab tou im\u00e8l <a href=\"mailto:info@211md.org\">info@211md.org<\/a><\/p>\n\t\t\t\t\t<a role=\"heading\" aria-level=\"2\" tabindex=\"-1\"  id=\"fl-accordion--label-0\">Ki sa ki, &quot;Ki sa ki 211 la, Hon?&quot;<\/a>\n\t\t\t\t\t\t\t\t\t\t\t<button type=\"button\" id=\"fl-accordion--icon-0\" aria-expanded=\"false\" aria-controls=\"fl-accordion--panel-0\"><i>Elaji<\/i><\/button>\n\t\t\t\t\t<p>Se yon ef\u00f2 de baz pou konekte rezidan Mid Shore ak s\u00e8vis sante ak s\u00e8vis imen l\u00e8 w rele 2-1-1. Mid Shore Health Improvement Coalition te f\u00e8 patenarya ak 211 ak \u00f2ganizasyon kominot\u00e8 pou kanpay sa a.<\/p>\n\t\t\t\t\t<a role=\"heading\" aria-level=\"2\" tabindex=\"-1\"  id=\"fl-accordion--label-1\">Ki \u00f2ganizasyon ki enplike?<\/a>\n\t\t\t\t\t\t\t\t\t\t\t<button type=\"button\" id=\"fl-accordion--icon-1\" aria-expanded=\"false\" aria-controls=\"fl-accordion--panel-1\"><i>Elaji<\/i><\/button>\n\t\t\t\t\t<p>211 ak Mid Shore Health Improvement Coalition te f\u00e8 patenarya pou konekte rezidan yo. Mid Shore Health Improvement Coalition te bay sibvansyon tou pou \u00f2ganizasyon kominot\u00e8 ki pral \u00f2ganize fwa resous kominot\u00e8 ak ev\u00e8nman pou konekte rezidan yo.<\/p>\n<p>Patn\u00e8 kominot\u00e8 sa yo te resevwa sibvansyon pou konekte rezidan Mid Shore ak 211:<\/p>\n<ul>\n<li><a href=\"https:\/\/homeports.org\/\" target=\"_blank\" rel=\"noopener\">HomePorts, Inc.\u00a0<\/a><\/li>\n<li><a href=\"https:\/\/www.gracestreetrecovery.org\/\" target=\"_blank\" rel=\"noopener\">Grace Street Recovery<\/a><\/li>\n<li><a href=\"https:\/\/www.baaminc.org\/\" target=\"_blank\" rel=\"noopener\">Bati lespri Afriken Ameriken<\/a><\/li>\n<li><a href=\"https:\/\/www.newwalkcc.org\/\" target=\"_blank\" rel=\"noopener\">Legliz Kominote New Walk<\/a><\/li>\n<\/ul>\n\t\t\t\t\t<a role=\"heading\" aria-level=\"2\" tabindex=\"-1\"  id=\"fl-accordion--label-2\">ki sa ki 211?<\/a>\n\t\t\t\t\t\t\t\t\t\t\t<button type=\"button\" id=\"fl-accordion--icon-2\" aria-expanded=\"false\" aria-controls=\"fl-accordion--panel-2\"><i>Elaji<\/i><\/button>\n\t\t\t\t\t<p>211 Maryland se yon senp,\u00a0<strong>nimewo telef\u00f2n memorab<\/strong>\u00a0pou Marylanders\u00a0<strong>konekte ak resous esansy\u00e8l yo<\/strong> nan tout eta a. Se yon s\u00e8vis gratis epi konfidansy\u00e8l ki bay moun ki pa satisf\u00e8 bezwen yo yon pwen aks\u00e8 yon s\u00e8l olye pou yo navige nan labirent nan nimewo telef\u00f2n, sit ent\u00e8n\u00e8t ak resous kominot\u00e8 ajans sante ak s\u00e8vis imen ki pafwa konfizyon.<\/p>\n<p>Resous ki pale angle ak pany\u00f2l yo disponib 24\/7\/365. Tradiksyon disponib nan plis pase 150 lang.<\/p>\n<p>211 Maryland se jere pa la<a href=\"https:\/\/mdinfonet.org\/\" target=\"_blank\" rel=\"noopener\"> Rezo enf\u00f2masyon Maryland<\/a>, yon \u00f2ganizasyon 501(c)3 san bi likratif.<\/p>\n\t\t\t\t\t<a role=\"heading\" aria-level=\"2\" tabindex=\"-1\"  id=\"fl-accordion--label-3\">Kouman mwen ka konekte ak 211 sou Mid Shore?<\/a>\n\t\t\t\t\t\t\t\t\t\t\t<button type=\"button\" id=\"fl-accordion--icon-3\" aria-expanded=\"false\" aria-controls=\"fl-accordion--panel-3\"><i>Elaji<\/i><\/button>\n\t\t\t\t\t<p><strong>Kouman mwen ka konekte ak 211 sou Mid Shore?<\/strong><\/p>\n<p>Ou kapab:<\/p>\n<ol>\n<li>Rele 2-1-1.\n<ul>\n<li>Si telef\u00f2n selil\u00e8 ou a pa pral konekte, rele 1-866-231-7101<\/li>\n<li>Si ou soud oswa ou gen pwobl\u00e8m pou tande, rele 7-1-1 pou jwenn aks\u00e8 nan 211 Maryland atrav\u00e8 Maryland Relay.<\/li>\n<\/ul>\n<\/li>\n<li><a href=\"http:\/\/search.211md.org\">Ch\u00e8che resous<\/a> nan baz done 211 la.<\/li>\n<li>Gade resous prensipal yo nan kominote a, tankou gadmanje manje, sou paj konte sa yo:\n<ul>\n<li><a href=\"https:\/\/211md.org\/ht\/resous-pa-konte\/konte-caroline\/\">Caroline <\/a><\/li>\n<li><a href=\"https:\/\/211md.org\/ht\/resous-pa-konte\/dorchester-konte\/\">Dorchester<\/a><\/li>\n<li><a href=\"https:\/\/211md.org\/ht\/resous-pa-konte\/kent-konte\/\">Kent<\/a><\/li>\n<li><a href=\"https:\/\/211md.org\/ht\/resous-pa-konte\/queen-annes-county\/\">R\u00e8n Anne a\u00a0<\/a><\/li>\n<li><a href=\"https:\/\/211md.org\/ht\/resous-pa-konte\/talbot-konte\/\">Talbot\u00a0<\/a><\/li>\n<\/ul>\n<\/li>\n<li>Jwenn enf\u00f2me sou ev\u00e8nman Mid Shore atrav\u00e8 t\u00e8ks. T\u00e8ks Mid Shore bay 898-211. * Pousantaj done ak mesaj t\u00e8ks aplike. T\u00e8ks STOP pou dezab\u00f2nman. Konfidansyalite\/T&amp;C: <a href=\"https:\/\/211md.org\/ht\/sms\/\">211md.org\/sms<\/a><\/li>\n<\/ol>\n\t\t\t\t\t<a role=\"heading\" aria-level=\"2\" tabindex=\"-1\"  id=\"fl-accordion--label-4\">Kijan 211 ka ede m?<\/a>\n\t\t\t\t\t\t\t\t\t\t\t<button type=\"button\" id=\"fl-accordion--icon-4\" aria-expanded=\"false\" aria-controls=\"fl-accordion--panel-4\"><i>Elaji<\/i><\/button>\n\t\t\t\t\t<p><strong>Enf\u00f2masyon ak Rek\u00f2mandasyon anpatik\u00a0<\/strong>Espesyalis yo konprann navige nan labirent sante ak resous imen ki pafwa konfizyon an ka difisil. Yo pral s\u00e8vi ak k\u00f2d postal ou a pou ch\u00e8che baz done resous ajou nou an ki gen plis pase 7,000 ajans ak s\u00e8vis. Nou pral konekte ou ak pi bon \u00f2ganizasyon ak s\u00e8vis ki toupre ou epi reponn kesyon sou bezwen sa yo ki pa satisf\u00e8:<\/p>\n<ul>\n<li>Manje<\/li>\n<li>Lojman ak abri<\/li>\n<li>Abri ijans<\/li>\n<li>Asistans s\u00e8vis piblik<\/li>\n<li>Asistans finansye<\/li>\n<li>Sante mantal<\/li>\n<li>Abi sibstans<\/li>\n<li>Ent\u00e8vansyon swisid ak kriz<\/li>\n<li>Swen Sante<\/li>\n<li>Timoun ak fanmi (gadri, sip\u00f2 paran, founiti ak rad ak preparasyon pou lek\u00f2l)<\/li>\n<li>Aje ak andikap<\/li>\n<li>S\u00e8vis legal<\/li>\n<li>Enf\u00f2masyon sou preparasyon taks<\/li>\n<li>Veteran yo<\/li>\n<li>Vyolans domestik<\/li>\n<li>Travay<\/li>\n<li>Transp\u00f2<\/li>\n<\/ul>\n<p>Nan fen ap\u00e8l la ou pral pare pou pran aksyon pou jwenn \u00e8d ou bezwen an.<\/p>\n\t\t\t\t\t<a role=\"heading\" aria-level=\"2\" tabindex=\"-1\"  id=\"fl-accordion--label-5\">Kisa mwen ka atann l\u00e8 mwen rele 2-1-1?<\/a>\n\t\t\t\t\t\t\t\t\t\t\t<button type=\"button\" id=\"fl-accordion--icon-5\" aria-expanded=\"false\" aria-controls=\"fl-accordion--panel-5\"><i>Elaji<\/i><\/button>\n\t\t\t\t\t<p>Ou pral pale ak yon espesyalis 211 ki pran swen ak konpasyon. Yo pral:<\/p>\n<ol>\n<li>Koute.<\/li>\n<li>Idantifye bezwen ou yo<\/li>\n<li>Jwenn resous yo.<\/li>\n<li>Swiv, si sa neses\u00e8.<\/li>\n<\/ol>\n\t\t\t\t\t<a role=\"heading\" aria-level=\"2\" tabindex=\"-1\"  id=\"fl-accordion--label-6\">\u00c8ske Enf\u00f2masyon Mwen Konfidansy\u00e8l L\u00e8 Mwen Rele 2-1-1?<\/a>\n\t\t\t\t\t\t\t\t\t\t\t<button type=\"button\" id=\"fl-accordion--icon-6\" aria-expanded=\"false\" aria-controls=\"fl-accordion--panel-6\"><i>Elaji<\/i><\/button>\n\t\t\t\t\t<p>Wi. Tout ap\u00e8l yo konfidansy\u00e8l.<\/p>\n\t\t\t\t\t<a role=\"heading\" aria-level=\"2\" tabindex=\"-1\"  id=\"fl-accordion--label-7\">Kijan \u00f2ganizasyon Mid Shore yo ajoute enf\u00f2masyon yo nan baz done resous la?<\/a>\n\t\t\t\t\t\t\t\t\t\t\t<button type=\"button\" id=\"fl-accordion--icon-7\" aria-expanded=\"false\" aria-controls=\"fl-accordion--panel-7\"><i>Elaji<\/i><\/button>\n\t\t\t\t\t<p><a href=\"https:\/\/211md.org\/ht\/patne\/\" target=\"_blank\" rel=\"noopener\">Aprann<\/a> plis enf\u00f2masyon sou ajoute enf\u00f2masyon \u00f2ganizasyon w lan oswa mete l ajou nan baz done resous la.<\/p>\n\t\t\t\t\t<a role=\"heading\" aria-level=\"2\" tabindex=\"-1\"  id=\"fl-accordion--label-8\">Kouman mwen ka f\u00e8 l\u00f2t moun konnen sou 211?<\/a>\n\t\t\t\t\t\t\t\t\t\t\t<button type=\"button\" id=\"fl-accordion--icon-8\" aria-expanded=\"false\" aria-controls=\"fl-accordion--panel-8\"><i>Elaji<\/i><\/button>\n\t\t\t\t\t<p>Ou ka telechaje ak pataje resous dijital nou yo, tankou yon afich ak fey\u00e8.<\/p>\n<h2>Telechaje Matery\u00e8l Maketing<\/h2>\n<p>F\u00e8 l\u00f2t moun konnen ki sa ki 211 la, Hon? ak fason nou ka konekte rezidan Mid Shore yo.<\/p>\n<p>Disponib an Angle, Pany\u00f2l, ak Krey\u00f2l.<\/p>\n\n<figure itemscope itemtype=\"https:\/\/schema.org\/ImageObject\">\n\t\t\t\t<a href=\"http:\/\/211md.org\/wp-content\/uploads\/2024\/02\/Whats-the-211-Flyer-English-Spanish-Creole.pdf\" target=\"_self\" itemprop=\"url\">\n\t\t\t\t<img decoding=\"async\" src=\"http:\/\/211md.org\/wp-content\/uploads\/2024\/02\/2023-12_WT211H-Poster_18x24_020224-Compressedfor-web-300x400.jpg\" alt=\"Ki sa ki afich 211 la\" title=\"2023-12_WT211H-Poster_18x24_020224-Konprese pou ent\u00e8n\u00e8t\" onerror=\"this.style.display='none'\" loading=\"lazy\" \/>\n\t\t\t\t<\/a>\n\t<\/figure>\n\t\t\t<a href=\"http:\/\/211md.org\/wp-content\/uploads\/2024\/02\/Whats-the-211-Flyer-English-Spanish-Creole.pdf\" target=\"_self\">\n\t\t\t\t\t\t\tTelechaje\n\t\t\t\t\t<\/a>\n<figure itemscope itemtype=\"https:\/\/schema.org\/ImageObject\">\n\t\t\t\t<a href=\"http:\/\/211md.org\/wp-content\/uploads\/2024\/02\/Whats-the-211-hon-leaflet-English-Spanish-Creole-compressed.pdf\" target=\"_self\" itemprop=\"url\">\n\t\t\t\t<img decoding=\"async\" src=\"https:\/\/211md.org\/wp-content\/uploads\/2024\/01\/Whats-the-211-Hon-Leaflet-188x400.jpg\" alt=\"Ki sa ki 211, Hon leaflet\" height=\"400\" width=\"188\" title=\"Ki sa ki-a-211,-Hon-Leaflet\" onerror=\"this.style.display='none'\" loading=\"lazy\" \/>\n\t\t\t\t<\/a>\n\t<\/figure>\n\t\t\t<a href=\"http:\/\/211md.org\/wp-content\/uploads\/2024\/01\/Whats-the-211-Hon-Leaflet.jpg\" target=\"_self\">\n\t\t\t\t\t\t\tTelechaje\n\t\t\t\t\t<\/a>\n\t\t<h4><a href=\"\/ht\/resous-yo\/aje-andikap\/?utm_source=Home&#038;utm_medium=Referral&#038;utm_campaign=211Resources&#038;utm_content=Aging\" target=\"_self\">Aje ak Andikap<\/a><\/h4><figure itemscope itemtype=\"https:\/\/schema.org\/ImageObject\">\n\t\t\t\t<a href=\"\/ht\/resous-yo\/aje-andikap\/?utm_source=Home&#038;utm_medium=Referral&#038;utm_campaign=211Resources&#038;utm_content=Aging\"  target=\"_self\" itemprop=\"url\">\n\t\t\t\t<img decoding=\"async\" src=\"https:\/\/211md.org\/wp-content\/uploads\/bb-plugin\/cache\/2025_MdInfoNet_Icon-Sets_Aging-disability-square-c466727102cae71e5f27b8539bb51945-.png\" alt=\"\" onerror=\"this.style.display='none'\" loading=\"lazy\" \/>\n\t\t\t\t<\/a>\n\t<\/figure>\n\t\t<h4><a href=\"\/ht\/resous-yo\/timoun-fanmi-yo\/?utm_source=Home&#038;utm_medium=Referral&#038;utm_campaign=211Resources&#038;utm_content=Children\" target=\"_self\">Timoun ak Fanmi<\/a><\/h4><figure itemscope itemtype=\"https:\/\/schema.org\/ImageObject\">\n\t\t\t\t<a href=\"\/ht\/resous-yo\/timoun-fanmi-yo\/?utm_source=Home&#038;utm_medium=Referral&#038;utm_campaign=211Resources&#038;utm_content=Children\"  target=\"_self\" itemprop=\"url\">\n\t\t\t\t<img decoding=\"async\" src=\"https:\/\/211md.org\/wp-content\/uploads\/bb-plugin\/cache\/2025_211_Icon-Sets_Child-care-square-f3b0d4edab3dcc467fadb5f55f4064c6-.png\" alt=\"parent and child icon for child care\" height=\"417\" width=\"417\" title=\"2025_211_Ansanm Ik\u00f2n_Swen Timoun\" onerror=\"this.style.display='none'\" loading=\"lazy\" \/>\n\t\t\t\t<\/a>\n\t<\/figure>\n\t\t<h4><a href=\"\/ht\/resous-yo\/vyolans-familyal-domestik\/?utm_source=Home&#038;utm_medium=Referral&#038;utm_campaign=211Resources&#038;utm_content=Domestic\" target=\"_self\">Vyolans domestik<\/a><\/h4><figure itemscope itemtype=\"https:\/\/schema.org\/ImageObject\">\n\t\t\t\t<a href=\"\/ht\/resous-yo\/vyolans-familyal-domestik\/?utm_source=Home&#038;utm_medium=Referral&#038;utm_campaign=211Resources&#038;utm_content=Domestic\"  target=\"_self\" itemprop=\"url\">\n\t\t\t\t<img decoding=\"async\" src=\"https:\/\/211md.org\/wp-content\/uploads\/bb-plugin\/cache\/2025_211_Icon-Sets_Domestic-Violence-square-7b597694a6f05fe90cdc376aa573bc63-.png\" alt=\"House with a heart in the middle icon\" height=\"417\" width=\"417\" title=\"2025_211_Ansanm Ik\u00f2n_Vyolans Domestik\" onerror=\"this.style.display='none'\" loading=\"lazy\" \/>\n\t\t\t\t<\/a>\n\t<\/figure>\n\t\t<h4><a href=\"\/ht\/resous-yo\/rechech-travay\/?utm_source=Home&#038;utm_medium=Referral&#038;utm_campaign=211Resources&#038;utm_content=Employment\" target=\"_self\">Travay<\/a><\/h4><figure itemscope itemtype=\"https:\/\/schema.org\/ImageObject\">\n\t\t\t\t<a href=\"\/ht\/resous-yo\/rechech-travay\/?utm_source=Home&#038;utm_medium=Referral&#038;utm_campaign=211Resources&#038;utm_content=Employment\"  target=\"_self\" itemprop=\"url\">\n\t\t\t\t<img decoding=\"async\" src=\"https:\/\/211md.org\/wp-content\/uploads\/bb-plugin\/cache\/2025_MdInfoNet_Icon-Sets_Employment-square-44707bd410e4df10a470bf130ebcea86-.png\" alt=\"\" onerror=\"this.style.display='none'\" loading=\"lazy\" \/>\n\t\t\t\t<\/a>\n\t<\/figure>\n\t\t<h4><a href=\"\/ht\/resous-yo\/swen-sante\/?utm_source=Home&#038;utm_medium=Referral&#038;utm_campaign=211Resources&#038;utm_content=Health%20Care\" target=\"_self\">Swen Sante<\/a><\/h4><figure itemscope itemtype=\"https:\/\/schema.org\/ImageObject\">\n\t\t\t\t<a href=\"\/ht\/resous-yo\/swen-sante\/?utm_source=Home&#038;utm_medium=Referral&#038;utm_campaign=211Resources&#038;utm_content=Health%20Care\"  target=\"_self\" itemprop=\"url\">\n\t\t\t\t<img decoding=\"async\" src=\"https:\/\/211md.org\/wp-content\/uploads\/bb-plugin\/cache\/2025_MdInfoNet_Icon-Sets_Health-Care-square-dee98a0060cbe0e7f27eda253fc12679-.png\" alt=\"\" onerror=\"this.style.display='none'\" loading=\"lazy\" \/>\n\t\t\t\t<\/a>\n\t<\/figure>\n\t\t<h4><a href=\"\/ht\/resous-yo\/nouvo-nan-nou-ak-maryland\/?utm_source=Home&#038;utm_medium=Referral&#038;utm_campaign=211Resources&#038;utm_content=Immigration\" target=\"_self\">Imigrasyon<\/a><\/h4><figure itemscope itemtype=\"https:\/\/schema.org\/ImageObject\">\n\t\t\t\t<a href=\"\/ht\/resous-yo\/nouvo-nan-nou-ak-maryland\/?utm_source=Home&#038;utm_medium=Referral&#038;utm_campaign=211Resources&#038;utm_content=Immigration\"  target=\"_self\" itemprop=\"url\">\n\t\t\t\t<img decoding=\"async\" src=\"https:\/\/211md.org\/wp-content\/uploads\/bb-plugin\/cache\/2025_MdInfoNet_Icon-Sets_Immigration-square-8b97b7fdfe5e6071405e216855065118-.png\" alt=\"ik\u00f2n imigrasyon\" title=\"2025_MdInfoNet_Icon-Sets_Immigration\" onerror=\"this.style.display='none'\" loading=\"lazy\" \/>\n\t\t\t\t<\/a>\n\t<\/figure>\n\t\t<h4><a href=\"\/ht\/resous-yo\/timoun-fanmi-yo\/swen-fanmi\/?utm_source=Home&#038;utm_medium=Referral&#038;utm_campaign=211Resources&#038;utm_content=Kinship\" target=\"_self\">Parente<\/a><\/h4><figure itemscope itemtype=\"https:\/\/schema.org\/ImageObject\">\n\t\t\t\t<a href=\"\/ht\/resous-yo\/timoun-fanmi-yo\/swen-fanmi\/?utm_source=Home&#038;utm_medium=Referral&#038;utm_campaign=211Resources&#038;utm_content=Kinship\"  target=\"_self\" itemprop=\"url\">\n\t\t\t\t<img decoding=\"async\" src=\"https:\/\/211md.org\/wp-content\/uploads\/bb-plugin\/cache\/2025_211_Icon-Sets_Kinship-square-45bdf872866f5735f842c32071109267-.png\" alt=\"Ik\u00f2n fanmi\" height=\"417\" width=\"417\" title=\"2025_211_Ansanm Ik\u00f2n_Fanmitay\" onerror=\"this.style.display='none'\" loading=\"lazy\" \/>\n\t\t\t\t<\/a>\n\t<\/figure>\n\t\t<h4><a href=\"\/ht\/resous-yo\/sevis-legal-yo\/?utm_source=Home&#038;utm_medium=Referral&#038;utm_campaign=211Resources&#038;utm_content=Legal\" target=\"_self\">S\u00e8vis Legal<\/a><\/h4><figure itemscope itemtype=\"https:\/\/schema.org\/ImageObject\">\n\t\t\t\t<a href=\"\/ht\/resous-yo\/sevis-legal-yo\/?utm_source=Home&#038;utm_medium=Referral&#038;utm_campaign=211Resources&#038;utm_content=Legal\"  target=\"_self\" itemprop=\"url\">\n\t\t\t\t<img decoding=\"async\" src=\"https:\/\/211md.org\/wp-content\/uploads\/bb-plugin\/cache\/2025_MdInfoNet_Icon-Sets_Legal-square-18fdf438feb8435588174d9046463257-.png\" alt=\"\" onerror=\"this.style.display='none'\" loading=\"lazy\" \/>\n\t\t\t\t<\/a>\n\t<\/figure>\n\t\t<h4><a href=\"\/ht\/resous-yo\/sante-mantal\/?utm_source=Home&#038;utm_medium=Referral&#038;utm_campaign=211Resources&#038;utm_content=Mental\" target=\"_self\">Sante mantal<\/a><\/h4><figure itemscope itemtype=\"https:\/\/schema.org\/ImageObject\">\n\t\t\t\t<a href=\"\/ht\/resous-yo\/sante-mantal\/?utm_source=Home&#038;utm_medium=Referral&#038;utm_campaign=211Resources&#038;utm_content=Mental\"  target=\"_self\" itemprop=\"url\">\n\t\t\t\t<img decoding=\"async\" src=\"https:\/\/211md.org\/wp-content\/uploads\/bb-plugin\/cache\/2025_MdInfoNet_Icon-Sets_Mental-Health-square-c59b38c4a993a947d4c9280fbe2d2fee-.png\" alt=\"\" onerror=\"this.style.display='none'\" loading=\"lazy\" \/>\n\t\t\t\t<\/a>\n\t<\/figure>\n\t\t<h4><a href=\"\/ht\/resous-yo\/mdreentry\/?utm_source=Home&#038;utm_medium=Referral&#038;utm_campaign=211Resources&#038;utm_content=Reentry\" target=\"_self\">Reantre<\/a><\/h4><figure itemscope itemtype=\"https:\/\/schema.org\/ImageObject\">\n\t\t\t\t<a href=\"\/ht\/resous-yo\/mdreentry\/?utm_source=Home&#038;utm_medium=Referral&#038;utm_campaign=211Resources&#038;utm_content=Reentry\"  target=\"_self\" itemprop=\"url\">\n\t\t\t\t<img decoding=\"async\" src=\"https:\/\/211md.org\/wp-content\/uploads\/bb-plugin\/cache\/2025_211_Icon-Sets_Reentry-square-8676fea38abd920a832f45642fe31cca-.png\" alt=\"Ik\u00f2n Reantre\" height=\"417\" width=\"417\" title=\"2025_211_Ansanm Ik\u00f2n_Reantre\" onerror=\"this.style.display='none'\" loading=\"lazy\" \/>\n\t\t\t\t<\/a>\n\t<\/figure>\n\t\t<h4><a href=\"\/ht\/resous-yo\/itilizasyon-sibstans\/?utm_source=Home&#038;utm_medium=Referral&#038;utm_campaign=211Resources&#038;utm_content=Substance\" target=\"_self\">Itilizasyon sibstans<\/a><\/h4><figure itemscope itemtype=\"https:\/\/schema.org\/ImageObject\">\n\t\t\t\t<a href=\"\/ht\/resous-yo\/itilizasyon-sibstans\/?utm_source=Home&#038;utm_medium=Referral&#038;utm_campaign=211Resources&#038;utm_content=Substance\"  target=\"_self\" itemprop=\"url\">\n\t\t\t\t<img decoding=\"async\" src=\"https:\/\/211md.org\/wp-content\/uploads\/bb-plugin\/cache\/2025_MdInfoNet_Icon-Sets_Substance-Abuse-square-4f414f085e657267739c181957754f48-.png\" alt=\"Pills for substance Use icon\" title=\"2025_MdInfoNet_Icon-Sets_Substance-Abuse\" onerror=\"this.style.display='none'\" loading=\"lazy\" \/>\n\t\t\t\t<\/a>\n\t<\/figure>\n\t\t<h4><a href=\"\/ht\/resous-yo\/veteran-yo\/?utm_source=Home&#038;utm_medium=Referral&#038;utm_campaign=211Resources&#038;utm_content=Veterans\" target=\"_self\">Veteran yo<\/a><\/h4><figure itemscope itemtype=\"https:\/\/schema.org\/ImageObject\">\n\t\t\t\t<a href=\"\/ht\/resous-yo\/veteran-yo\/?utm_source=Home&#038;utm_medium=Referral&#038;utm_campaign=211Resources&#038;utm_content=Veterans\"  target=\"_self\" itemprop=\"url\">\n\t\t\t\t<img decoding=\"async\" src=\"https:\/\/211md.org\/wp-content\/uploads\/bb-plugin\/cache\/2025_MdInfoNet_Icon-Sets_Rating-square-6e60d00cce4faa8e0a6d4ad7366aa733-.png\" alt=\"\" onerror=\"this.style.display='none'\" loading=\"lazy\" \/>\n\t\t\t\t<\/a>\n\t<\/figure>","protected":false},"excerpt":{"rendered":"<p>Koneksyon Mid Shore Pou Ede. Konekte ak resous esansy\u00e8l nan kominote w la. Tout ap\u00e8l yo konfidansy\u00e8l. Rele 211 Nou La L\u00e8 Ou Plis Bezwen Nou! Pale ak yon espesyalis 211 ki pran swen 24\/7. Tout ap\u00e8l yo konfidansy\u00e8l. Rele espesyalis ap\u00e8l 2-1-1 211 yo ap koute, idantifye bezwen w yo epi jwenn resous ak sip\u00f2. Rele\u2026<\/p>","protected":false},"author":7,"featured_media":3985,"parent":0,"menu_order":0,"comment_status":"closed","ping_status":"closed","template":"","meta":{"footnotes":""},"class_list":["post-3977","page","type-page","status-publish","has-post-thumbnail","hentry"],"_links":{"self":[{"href":"https:\/\/211md.org\/ht\/wp-json\/wp\/v2\/pages\/3977","targetHints":{"allow":["GET"]}}],"collection":[{"href":"https:\/\/211md.org\/ht\/wp-json\/wp\/v2\/pages"}],"about":[{"href":"https:\/\/211md.org\/ht\/wp-json\/wp\/v2\/types\/page"}],"author":[{"embeddable":true,"href":"https:\/\/211md.org\/ht\/wp-json\/wp\/v2\/users\/7"}],"replies":[{"embeddable":true,"href":"https:\/\/211md.org\/ht\/wp-json\/wp\/v2\/comments?post=3977"}],"version-history":[{"count":8,"href":"https:\/\/211md.org\/ht\/wp-json\/wp\/v2\/pages\/3977\/revisions"}],"predecessor-version":[{"id":34410,"href":"https:\/\/211md.org\/ht\/wp-json\/wp\/v2\/pages\/3977\/revisions\/34410"}],"wp:featuredmedia":[{"embeddable":true,"href":"https:\/\/211md.org\/ht\/wp-json\/wp\/v2\/media\/3985"}],"wp:attachment":[{"href":"https:\/\/211md.org\/ht\/wp-json\/wp\/v2\/media?parent=3977"}],"curies":[{"name":"wp","href":"https:\/\/api.w.org\/{rel}","templated":true}]}}