{"id":4075,"date":"2024-06-17T08:03:13","date_gmt":"2024-06-17T12:03:13","guid":{"rendered":"https:\/\/211md.org\/?page_id=4075"},"modified":"2026-01-21T13:08:57","modified_gmt":"2026-01-21T18:08:57","slug":"mdreentry","status":"publish","type":"page","link":"https:\/\/211md.org\/ht\/resources\/mdreentry\/","title":{"rendered":"Reantre nan Maryland"},"content":{"rendered":"<h2>Jwenn Konekte ak Resous Reantre<\/h2>\n<p>Byenvini nan nouvo paj resous yon s\u00e8l-stop Maryland pou ede moun ki nan prizon ak ansyen prizonye yo, ak fanmi yo. Jwenn enf\u00f2masyon ak resous ou bezwen ak merite.<\/p>\n<p>&nbsp;<\/p>\n\t\t<h3>\t\n\tT\u00e8ks Reantre nan 898-211<\/h3><p>Enskri pou mesaj t\u00e8ks ak enf\u00f2masyon, s\u00e8vis, pwogram ak ev\u00e8nman re-antre.<\/p>\n<p><em>Itilizat\u00e8 mobil yo ka klike sou bouton ki anba a tou pou ab\u00f2nman atrav\u00e8 mesaj t\u00e8ks.*<\/em><\/p>\n\t\t\t<a href=\"sms:\/\/898-211;?&#038;body=Reentry\"  target=\"_self\">\n\t\t\t\t\t\t\tEnskri\n\t\t\t\t\t<\/a>\n\t<p><em>*Rezo Enf\u00f2masyon Maryland 211 Maryland Inc. ofri pwogram al\u00e8t mesaj t\u00e8ks ki bay enf\u00f2masyon sou resous espesifik nan rejyon an oswa bay al\u00e8t pou katastw\u00f2f. Fr\u00e8 mesaj ak done yo ka aplike epi frekans mesaj yo ka varye. Pou \u00c8d, voye t\u00e8ks HELP. Pou dezab\u00f2ne, voye t\u00e8ks STOP nan menm nimewo a. Tout kondisyon SMS yo disponib nan <a href=\"https:\/\/211md.org\/ht\/sms\/\">https:\/\/211md.org\/sms\/<\/a> pral aplike tou.\u00a0<\/em><\/p>\n<figure itemscope itemtype=\"https:\/\/schema.org\/ImageObject\">\n\t\t\t\t<img decoding=\"async\" src=\"http:\/\/211md.org\/wp-content\/uploads\/2024\/06\/Department-of-Public-Safety-and-Corrections.png\" alt=\"Depatman Sekirite Piblik ak Koreksyon\" title=\"Depatman Sekirite Piblik ak Koreksyon\" onerror=\"this.style.display='none'\" loading=\"lazy\" \/>\n\t<\/figure>\n<figure itemscope itemtype=\"https:\/\/schema.org\/ImageObject\">\n\t\t\t\t<img decoding=\"async\" src=\"http:\/\/211md.org\/wp-content\/uploads\/2025\/05\/211-MIN_Logo-rgb.svg\" alt=\"Koul\u00e8 logo 211 MIN\" height=\"310\" width=\"1366\" title=\"211-MIN_Logo-rgb\" onerror=\"this.style.display='none'\" loading=\"lazy\" \/>\n\t<\/figure>\n\t<h2>Ch\u00e8che Resous pou Reyantre<\/h2>\n<h3><em>Premye baz done reyentegrasyon resous nan tout eta Maryland<\/em><\/h3>\n\tJwenn resous pou reyentegrasyon pa k\u00f2d postal.<br \/>\nResous sa yo verifye nan men \u00f2ganizasyon ou f\u00e8 konfyans ki vize ogmante sekirite ak byenn\u00e8t piblik, pou diminye residivis.\n\t\t\t<a href=\"https:\/\/search.211md.org\/search?filters%5Bspecial_populations%5D%5B0%5D=Justice%20Involvement\"  target=\"_blank\" rel=\"noopener\">\n\t\t\t\t\t\t\tRech\u00e8ch\n\t\t\t\t\t<\/a>\n\t\t<h2>\t\n\tRele 211<\/h2><p>Jwenn konekte ak travay ak resous kominot\u00e8 24\/7\/365.<\/p>\n\t<h2>Anplwa pou moun ki gen rap\u00f2 ak lajistis<\/h2>\n<p>\u00d2ganizasyon nan Maryland yo pare pou ede moun ki enplike nan lajistis jwenn yon travay pou yo ka atenn endepandans ak siks\u00e8 pou t\u00e8t yo ak fanmi yo. Gen k\u00e8k biznis ki angaje pou bay moun ki te nan prizon yon dezy\u00e8m chans l\u00e8 yo anboche yo.<\/p>\n<p>Aprann sou pwogram ki disponib pou ede moun ki te nan prizon yo.<\/p>\n<h3>Reantre Navigat\u00e8<\/h3>\n<p>Nan kad yon pwogram pou libere prizon, ou ka rankontre yon Navigat\u00e8 Reantre. Ou ka kontakte yon Navigat\u00e8 Reantre anvan, pandan oswa apre lage w.<\/p>\n<p>Yo ka ede ak enf\u00f2masyon ak resous pou:<\/p>\n<ul>\n<li>op\u00f2tinite travay<\/li>\n<li>konpetans travay<\/li>\n<li>kons\u00e8y kary\u00e8<\/li>\n<li>atelye pou elimine<\/li>\n<li>sip\u00f2 kominote a<\/li>\n<\/ul>\n<p>Yo kapab konekte ou tou ak yon American Job Center ak s\u00e8vis sip\u00f2 li yo.<\/p>\n<p>Navigat\u00e8 sa yo disponib nan tout Maryland. Jwenn yon <a href=\"https:\/\/www.dllr.state.md.us\/employment\/reentry.shtml\" target=\"_blank\" rel=\"noopener\">Reantre Navigat\u00e8<\/a> toupre ou.<\/p>\n<figure itemscope itemtype=\"https:\/\/schema.org\/ImageObject\">\n\t\t\t\t<img decoding=\"async\" src=\"https:\/\/211md.org\/wp-content\/plugins\/bb-plugin\/img\/pixel.png\" alt=\"\" onerror=\"this.style.display='none'\" loading=\"lazy\" \/>\n\t<\/figure>\n<figure itemscope itemtype=\"https:\/\/schema.org\/ImageObject\">\n\t\t\t\t<img decoding=\"async\" src=\"http:\/\/211md.org\/wp-content\/uploads\/2024\/06\/Job-training-in-a-warehouse.jpg\" alt=\"F\u00f2masyon travay nan yon depo\" title=\"F\u00f2masyon travay nan yon depo\" onerror=\"this.style.display='none'\" loading=\"lazy\" \/>\n\t<\/figure>\n\t<h3>Sant Travay Ameriken Maryland yo<\/h3>\n<p>\u00c8d disponib tou nan tout Sant Travay Ameriken Maryland yo. Yo ka bay asistans gratis ak s\u00e8vis ki gen rap\u00f2 ak travay tankou:<\/p>\n<ul>\n<li>eksplorasyon kary\u00e8<\/li>\n<li>referans nan pwogram f\u00f2masyon<\/li>\n<li>s\u00e8vis plasman<\/li>\n<li>rezime preparasyon an<\/li>\n<li>atelye konpetans travay<\/li>\n<li>preparasyon pou travay<\/li>\n<\/ul>\n<p><a href=\"https:\/\/www.dllr.state.md.us\/county\/\" target=\"_blank\" rel=\"noopener\">Jwenn youn toupre ou<\/a>!<\/p>\n\t<h2>Jwenn yon travay ak yon dosye krimin\u00e8l<\/h2>\n<p>Anplis Sant Travay Ameriken yo, la <a href=\"https:\/\/mwejobs.maryland.gov\/vosnet\/default.aspx\" target=\"_blank\" rel=\"noopener\">Maryland Mend\u00e8v Echanj<\/a> (MWE) ka ede ak bezwen travay yon ansyen prizonye ki reantre nan mend\u00e8v la.<\/p>\n<p>MWE se yon resous santral pou lis travay nan Maryland, men li ka ede tou ak s\u00e8vis travay sa yo:<\/p>\n<ul>\n<li><a href=\"https:\/\/mwejobs.maryland.gov\/vosnet\/JobBanks\/JobSearchCriteriaQuick.aspx\" target=\"_blank\" rel=\"noopener\">ch\u00e8che travay<\/a><\/li>\n<li><a href=\"https:\/\/mwejobs.maryland.gov\/vosnet\/loginintro.aspx?action=resumes&amp;plang=E\" target=\"_blank\" rel=\"noopener\">kreye yon rezime<\/a><\/li>\n<li><a href=\"https:\/\/mwejobs.maryland.gov\/vosnet\/MenuLandingPage.aspx?enc=+7ijYqb\/pbmrM\/FoEheZYzKCHV+pK2S8fEZwdY+SZUI=\" target=\"_blank\" rel=\"noopener\">s\u00e8vi ak s\u00e8vis kary\u00e8<\/a><\/li>\n<li><a href=\"https:\/\/mwejobs.maryland.gov\/vosnet\/default.aspx\" target=\"_blank\" rel=\"noopener\">jwenn kou edikatif ak f\u00f2masyon<\/a><\/li>\n<\/ul>\n<p>S\u00e8vi ak zouti MWE yo si w kalifye epi w \u201cpare travay\u201d. MWE konekte anplwaye ak anplway\u00e8 ki vle anboche ansyen delenkan k ap ch\u00e8che yon travay.<\/p>\n<p>Aprann sou l\u00f2t pwogram preparasyon pou travay sou <a href=\"https:\/\/211md.org\/ht\/resous-yo\/rechech-travay\/\">Paj travay jeneral 211 la<\/a>.<\/p>\n<h3>Biznis angaje nan dezy\u00e8m chans<\/h3>\n<p>Moun ki te nan prizon anvan yo ka ch\u00e8che op\u00f2tinite tou nan men biznis ki vle ofri moun ki enplike nan jistis yon dezy\u00e8m chans. <a href=\"https:\/\/secondchancebusinesscoalition.org\/about\" target=\"_blank\" rel=\"noopener\">Sa a se yon lis manm Second Chance Business Coalition<\/a>. Gwo konpayi sekt\u00e8 prive ofri anbochaj dezy\u00e8m chans. Ansyen delenkan yo ka gade pou w\u00e8 si nenp\u00f2t nan biznis yo gen nenp\u00f2t op\u00f2tinite travay.<\/p>\n<p>Nan Maryland, <a href=\"https:\/\/secondchancebusinesscoalition.org\/find-partners?production_partnerOrganization%5Bmenu%5D%5Blocation.state%5D=Maryland\" target=\"_blank\" rel=\"noopener\">sa a se yon lis<\/a> nan patn\u00e8 Second Chance Business Coalition.<\/p>\n<p>Return Home Baltimore\u00ae bay tou yon <a href=\"https:\/\/returnhome.org\/services\/job-opportunities\" target=\"_blank\" rel=\"noopener\">lis op\u00f2tinite travay<\/a> pou rezidan Baltimore retounen.<\/p>\n<h3>Pou patwon yo<\/h3>\n<p>Genyen tou pwogram pou ede anplway\u00e8 ki enterese nan anplwaye ansyen moun nan prizon, tankou la\u00a0<a href=\"https:\/\/www.dllr.state.md.us\/employment\/wotc.shtml\" target=\"_blank\" rel=\"noopener\">Kredi taks pou op\u00f2tinite travay<\/a> ak la\u00a0<a href=\"https:\/\/www.unicor.gov\/Inmate_Bonding.aspx\" target=\"_blank\" rel=\"noopener\">pwogram bon fidelite federal<\/a> pou anboche ansyen prizonye federal yo.<\/p>\n<h2>\u00c8d pou elimine<\/h2>\n<p>Avoka yo ka ede moun ki te nan prizon yo ak yon ekspungement. Sa a se yon pwosedi legal kote ou mande yo sele oswa detwi dosye anvan yo.<\/p>\n<p>\u00c8d Legal Maryland \u00f2ganize klinik chak sem\u00e8n ak chak mwa atrav\u00e8 eta a pou ede moun ki elijib yo ak div\u00e8s pwobl\u00e8m legal, tankou ekspungement. Klinik yo gratis epi yo gen p\u00e8son\u00e8l Maryland Legal Aid, avoka pro bono, paralegal, anplwaye administratif, ak etidyan lalwa.\u00a0 <a href=\"https:\/\/www.mdlab.org\/free-legal-clinics\/\" target=\"_blank\" rel=\"noopener\">Tcheke pou yon klinik k ap vini nan z\u00f2n ou an<\/a>. Gen k\u00e8k nan klinik sa yo konsantre s\u00e8lman sou ekspungement, ak l\u00f2t fwa, li nan yon varyete de pwobl\u00e8m legal, nan ki ekspungement ka youn nan yo.<\/p>\n\t<h2>Sip\u00f2 Kominote<\/h2>\n\t<p>Depatman Sekirite Piblik ak S\u00e8vis Koreksyon\u00e8l (DPSCS) \u2013 <a href=\"https:\/\/www.dpscs.state.md.us\/index.shtml\" target=\"_blank\" rel=\"noopener\">Tout Pwogram yo<\/a><\/p>\n<p>DPSCS \u2013 <a href=\"https:\/\/www.dpscs.state.md.us\/agencies\/ci.shtml\" target=\"_blank\" rel=\"noopener\">Pwogram Envestisman Kominot\u00e8<\/a> (tankou Reantre)<\/p>\n<p><a href=\"https:\/\/search.211md.org\/search?query=DPSCS&amp;query_label=Reentry%20Services&amp;query_type=taxonomy\" target=\"_blank\" rel=\"noopener\">211 Resous Reantre<\/a><\/p>\n<p><a href=\"https:\/\/returnhome.org\/\" target=\"_blank\" rel=\"noopener\">Retounen lakay Baltimore<\/a><\/p>\n<p><a href=\"https:\/\/www.princegeorgescountymd.gov\/community\/health--human-services\/health-services\/programs--services\/behavioral-health\/the-bridge-center-at-adams-house\" target=\"_blank\" rel=\"noopener\">Bridge Center nan kay Adan an<\/a> (Konte Prince George a)<\/p>\n<p>&nbsp;<\/p>\n\t\t<h4><a href=\"\/ht\/resous-yo\/aje-andikap\/?utm_source=Home&#038;utm_medium=Referral&#038;utm_campaign=211Resources&#038;utm_content=Aging\" target=\"_self\">Aje ak Andikap<\/a><\/h4><figure itemscope itemtype=\"https:\/\/schema.org\/ImageObject\">\n\t\t\t\t<a href=\"\/ht\/resous-yo\/aje-andikap\/?utm_source=Home&#038;utm_medium=Referral&#038;utm_campaign=211Resources&#038;utm_content=Aging\"  target=\"_self\" itemprop=\"url\">\n\t\t\t\t<img decoding=\"async\" src=\"https:\/\/211md.org\/wp-content\/uploads\/bb-plugin\/cache\/2025_MdInfoNet_Icon-Sets_Aging-disability-square-c466727102cae71e5f27b8539bb51945-.png\" alt=\"\" onerror=\"this.style.display='none'\" loading=\"lazy\" \/>\n\t\t\t\t<\/a>\n\t<\/figure>\n\t\t<h4><a href=\"\/ht\/resous-yo\/timoun-fanmi-yo\/?utm_source=Home&#038;utm_medium=Referral&#038;utm_campaign=211Resources&#038;utm_content=Children\" target=\"_self\">Timoun ak Fanmi<\/a><\/h4><figure itemscope itemtype=\"https:\/\/schema.org\/ImageObject\">\n\t\t\t\t<a href=\"\/ht\/resous-yo\/timoun-fanmi-yo\/?utm_source=Home&#038;utm_medium=Referral&#038;utm_campaign=211Resources&#038;utm_content=Children\"  target=\"_self\" itemprop=\"url\">\n\t\t\t\t<img decoding=\"async\" src=\"https:\/\/211md.org\/wp-content\/uploads\/bb-plugin\/cache\/2025_211_Icon-Sets_Child-care-square-f3b0d4edab3dcc467fadb5f55f4064c6-.png\" alt=\"parent and child icon for child care\" height=\"417\" width=\"417\" title=\"2025_211_Ansanm Ik\u00f2n_Swen Timoun\" onerror=\"this.style.display='none'\" loading=\"lazy\" \/>\n\t\t\t\t<\/a>\n\t<\/figure>\n\t\t<h4><a href=\"\/ht\/resous-yo\/vyolans-familyal-domestik\/?utm_source=Home&#038;utm_medium=Referral&#038;utm_campaign=211Resources&#038;utm_content=Domestic\" target=\"_self\">Vyolans domestik<\/a><\/h4><figure itemscope itemtype=\"https:\/\/schema.org\/ImageObject\">\n\t\t\t\t<a href=\"\/ht\/resous-yo\/vyolans-familyal-domestik\/?utm_source=Home&#038;utm_medium=Referral&#038;utm_campaign=211Resources&#038;utm_content=Domestic\"  target=\"_self\" itemprop=\"url\">\n\t\t\t\t<img decoding=\"async\" src=\"https:\/\/211md.org\/wp-content\/uploads\/bb-plugin\/cache\/2025_211_Icon-Sets_Domestic-Violence-square-7b597694a6f05fe90cdc376aa573bc63-.png\" alt=\"House with a heart in the middle icon\" height=\"417\" width=\"417\" title=\"2025_211_Ansanm Ik\u00f2n_Vyolans Domestik\" onerror=\"this.style.display='none'\" loading=\"lazy\" \/>\n\t\t\t\t<\/a>\n\t<\/figure>\n\t\t<h4><a href=\"\/ht\/resous-yo\/rechech-travay\/?utm_source=Home&#038;utm_medium=Referral&#038;utm_campaign=211Resources&#038;utm_content=Employment\" target=\"_self\">Travay<\/a><\/h4><figure itemscope itemtype=\"https:\/\/schema.org\/ImageObject\">\n\t\t\t\t<a href=\"\/ht\/resous-yo\/rechech-travay\/?utm_source=Home&#038;utm_medium=Referral&#038;utm_campaign=211Resources&#038;utm_content=Employment\"  target=\"_self\" itemprop=\"url\">\n\t\t\t\t<img decoding=\"async\" src=\"https:\/\/211md.org\/wp-content\/uploads\/bb-plugin\/cache\/2025_MdInfoNet_Icon-Sets_Employment-square-44707bd410e4df10a470bf130ebcea86-.png\" alt=\"\" onerror=\"this.style.display='none'\" loading=\"lazy\" \/>\n\t\t\t\t<\/a>\n\t<\/figure>\n\t\t<h4><a href=\"\/ht\/resous-yo\/swen-sante\/?utm_source=Home&#038;utm_medium=Referral&#038;utm_campaign=211Resources&#038;utm_content=Health%20Care\" target=\"_self\">Swen Sante<\/a><\/h4><figure itemscope itemtype=\"https:\/\/schema.org\/ImageObject\">\n\t\t\t\t<a href=\"\/ht\/resous-yo\/swen-sante\/?utm_source=Home&#038;utm_medium=Referral&#038;utm_campaign=211Resources&#038;utm_content=Health%20Care\"  target=\"_self\" itemprop=\"url\">\n\t\t\t\t<img decoding=\"async\" src=\"https:\/\/211md.org\/wp-content\/uploads\/bb-plugin\/cache\/2025_MdInfoNet_Icon-Sets_Health-Care-square-dee98a0060cbe0e7f27eda253fc12679-.png\" alt=\"\" onerror=\"this.style.display='none'\" loading=\"lazy\" \/>\n\t\t\t\t<\/a>\n\t<\/figure>\n\t\t<h4><a href=\"\/ht\/resous-yo\/timoun-fanmi-yo\/swen-fanmi\/?utm_source=Home&#038;utm_medium=Referral&#038;utm_campaign=211Resources&#038;utm_content=Kinship\" target=\"_self\">Parente<\/a><\/h4><figure itemscope itemtype=\"https:\/\/schema.org\/ImageObject\">\n\t\t\t\t<a href=\"\/ht\/resous-yo\/timoun-fanmi-yo\/swen-fanmi\/?utm_source=Home&#038;utm_medium=Referral&#038;utm_campaign=211Resources&#038;utm_content=Kinship\"  target=\"_self\" itemprop=\"url\">\n\t\t\t\t<img decoding=\"async\" src=\"https:\/\/211md.org\/wp-content\/uploads\/bb-plugin\/cache\/2025_211_Icon-Sets_Kinship-square-45bdf872866f5735f842c32071109267-.png\" alt=\"Ik\u00f2n fanmi\" height=\"417\" width=\"417\" title=\"2025_211_Ansanm Ik\u00f2n_Fanmitay\" onerror=\"this.style.display='none'\" loading=\"lazy\" \/>\n\t\t\t\t<\/a>\n\t<\/figure>\n\t\t<h4><a href=\"\/ht\/resous-yo\/sevis-legal-yo\/?utm_source=Home&#038;utm_medium=Referral&#038;utm_campaign=211Resources&#038;utm_content=Legal\" target=\"_self\">S\u00e8vis Legal<\/a><\/h4><figure itemscope itemtype=\"https:\/\/schema.org\/ImageObject\">\n\t\t\t\t<a href=\"\/ht\/resous-yo\/sevis-legal-yo\/?utm_source=Home&#038;utm_medium=Referral&#038;utm_campaign=211Resources&#038;utm_content=Legal\"  target=\"_self\" itemprop=\"url\">\n\t\t\t\t<img decoding=\"async\" src=\"https:\/\/211md.org\/wp-content\/uploads\/bb-plugin\/cache\/2025_MdInfoNet_Icon-Sets_Legal-square-18fdf438feb8435588174d9046463257-.png\" alt=\"\" onerror=\"this.style.display='none'\" loading=\"lazy\" \/>\n\t\t\t\t<\/a>\n\t<\/figure>\n\t\t<h4><a href=\"\/ht\/resous-yo\/sante-mantal\/?utm_source=Home&#038;utm_medium=Referral&#038;utm_campaign=211Resources&#038;utm_content=Mental\" target=\"_self\">Sante mantal<\/a><\/h4><figure itemscope itemtype=\"https:\/\/schema.org\/ImageObject\">\n\t\t\t\t<a href=\"\/ht\/resous-yo\/sante-mantal\/?utm_source=Home&#038;utm_medium=Referral&#038;utm_campaign=211Resources&#038;utm_content=Mental\"  target=\"_self\" itemprop=\"url\">\n\t\t\t\t<img decoding=\"async\" src=\"https:\/\/211md.org\/wp-content\/uploads\/bb-plugin\/cache\/2025_MdInfoNet_Icon-Sets_Mental-Health-square-c59b38c4a993a947d4c9280fbe2d2fee-.png\" alt=\"\" onerror=\"this.style.display='none'\" loading=\"lazy\" \/>\n\t\t\t\t<\/a>\n\t<\/figure>\n\t\t<h4><a href=\"\/ht\/resous-yo\/mdreentry\/?utm_source=Home&#038;utm_medium=Referral&#038;utm_campaign=211Resources&#038;utm_content=Reentry\" target=\"_self\">Reantre<\/a><\/h4><figure itemscope itemtype=\"https:\/\/schema.org\/ImageObject\">\n\t\t\t\t<a href=\"\/ht\/resous-yo\/mdreentry\/?utm_source=Home&#038;utm_medium=Referral&#038;utm_campaign=211Resources&#038;utm_content=Reentry\"  target=\"_self\" itemprop=\"url\">\n\t\t\t\t<img decoding=\"async\" src=\"https:\/\/211md.org\/wp-content\/uploads\/bb-plugin\/cache\/2025_211_Icon-Sets_Reentry-square-8676fea38abd920a832f45642fe31cca-.png\" alt=\"Ik\u00f2n Reantre\" height=\"417\" width=\"417\" title=\"2025_211_Ansanm Ik\u00f2n_Reantre\" onerror=\"this.style.display='none'\" loading=\"lazy\" \/>\n\t\t\t\t<\/a>\n\t<\/figure>\n\t\t<h4><a href=\"\/ht\/resous-yo\/itilizasyon-sibstans\/?utm_source=Home&#038;utm_medium=Referral&#038;utm_campaign=211Resources&#038;utm_content=Substance\" target=\"_self\">Itilizasyon sibstans<\/a><\/h4><figure itemscope itemtype=\"https:\/\/schema.org\/ImageObject\">\n\t\t\t\t<a href=\"\/ht\/resous-yo\/itilizasyon-sibstans\/?utm_source=Home&#038;utm_medium=Referral&#038;utm_campaign=211Resources&#038;utm_content=Substance\"  target=\"_self\" itemprop=\"url\">\n\t\t\t\t<img decoding=\"async\" src=\"https:\/\/211md.org\/wp-content\/uploads\/bb-plugin\/cache\/2025_MdInfoNet_Icon-Sets_Substance-Abuse-square-9022fec9d18a64118ad685c101885b55-.png\" alt=\"\" onerror=\"this.style.display='none'\" loading=\"lazy\" \/>\n\t\t\t\t<\/a>\n\t<\/figure>\n\t\t<h4><a href=\"\/ht\/resous-yo\/veteran-yo\/?utm_source=Home&#038;utm_medium=Referral&#038;utm_campaign=211Resources&#038;utm_content=Veterans\" target=\"_self\">Veteran yo<\/a><\/h4><figure itemscope itemtype=\"https:\/\/schema.org\/ImageObject\">\n\t\t\t\t<a href=\"\/ht\/resous-yo\/veteran-yo\/?utm_source=Home&#038;utm_medium=Referral&#038;utm_campaign=211Resources&#038;utm_content=Veterans\"  target=\"_self\" itemprop=\"url\">\n\t\t\t\t<img decoding=\"async\" src=\"https:\/\/211md.org\/wp-content\/uploads\/bb-plugin\/cache\/2025_MdInfoNet_Icon-Sets_Rating-square-6e60d00cce4faa8e0a6d4ad7366aa733-.png\" alt=\"\" onerror=\"this.style.display='none'\" loading=\"lazy\" \/>\n\t\t\t\t<\/a>\n\t<\/figure>","protected":false},"excerpt":{"rendered":"<p>Konekte ak Resous Reantre Byenvini nan nouvo paj resous yon s\u00e8l-stop Maryland pou ede moun ki nan prizon ak ansyen prizonye yo, ak fanmi yo. Jwenn enf\u00f2masyon ak resous ou bezwen ak merite.  Reantre t\u00e8ks nan 898-211 Enskri pou mesaj t\u00e8ks ak enf\u00f2masyon, s\u00e8vis, pwogram ak ev\u00e8nman reantre. Itilizat\u00e8 mobil yo ka klike sou bouton an tou...<\/p>","protected":false},"author":7,"featured_media":4087,"parent":930,"menu_order":0,"comment_status":"closed","ping_status":"closed","template":"","meta":{"footnotes":""},"class_list":["post-4075","page","type-page","status-publish","has-post-thumbnail","hentry"],"_links":{"self":[{"href":"https:\/\/211md.org\/ht\/wp-json\/wp\/v2\/pages\/4075","targetHints":{"allow":["GET"]}}],"collection":[{"href":"https:\/\/211md.org\/ht\/wp-json\/wp\/v2\/pages"}],"about":[{"href":"https:\/\/211md.org\/ht\/wp-json\/wp\/v2\/types\/page"}],"author":[{"embeddable":true,"href":"https:\/\/211md.org\/ht\/wp-json\/wp\/v2\/users\/7"}],"replies":[{"embeddable":true,"href":"https:\/\/211md.org\/ht\/wp-json\/wp\/v2\/comments?post=4075"}],"version-history":[{"count":9,"href":"https:\/\/211md.org\/ht\/wp-json\/wp\/v2\/pages\/4075\/revisions"}],"predecessor-version":[{"id":33660,"href":"https:\/\/211md.org\/ht\/wp-json\/wp\/v2\/pages\/4075\/revisions\/33660"}],"up":[{"embeddable":true,"href":"https:\/\/211md.org\/ht\/wp-json\/wp\/v2\/pages\/930"}],"wp:featuredmedia":[{"embeddable":true,"href":"https:\/\/211md.org\/ht\/wp-json\/wp\/v2\/media\/4087"}],"wp:attachment":[{"href":"https:\/\/211md.org\/ht\/wp-json\/wp\/v2\/media?parent=4075"}],"curies":[{"name":"wp","href":"https:\/\/api.w.org\/{rel}","templated":true}]}}