{"id":4106,"date":"2024-07-10T20:00:00","date_gmt":"2024-07-11T00:00:00","guid":{"rendered":"https:\/\/211md.org\/?page_id=4106"},"modified":"2024-09-30T11:13:41","modified_gmt":"2024-09-30T15:13:41","slug":"mdready-2","status":"publish","type":"page","link":"https:\/\/211md.org\/ht\/about\/text-messages\/mdready-2\/","title":{"rendered":"Al\u00e8t t\u00e8ks p\u00e8sonalize MdReady"},"content":{"rendered":"<h2>Al\u00e8t T\u00e8ks Ijans Maryland la<\/h2>\n<p>Nouvo teknoloji MdReady a bay al\u00e8t rapid z\u00e8kl\u00e8 pou move tan, inondasyon, dife sovaj ak menas sante piblik. Jwenn al\u00e8t pou kote ou ye a ak nan lang ou pi pito.<\/p>\n<p>Patenarya sa a ant 211 Maryland ak la <a href=\"https:\/\/mdready.maryland.gov\/Pages\/default.aspx\" target=\"_blank\" rel=\"noopener\">Maryland Depatman Jesyon Ijans<\/a> kenbe ou enf\u00f2me pou ou ka planifye ak prepare.<\/p>\n\t\t\t\t<img decoding=\"async\" src=\"http:\/\/211md.org\/wp-content\/uploads\/2024\/07\/MdReady-Color-Logo.png\" alt=\"MdReady Koul\u00e8 Logo\" itemprop=\"image\" title=\"MdReady Koul\u00e8 Logo\" onerror=\"this.style.display='none'\"  \/>\n\t<h3>Customize al\u00e8t ou yo<\/h3>\n<p><em>211 Maryland ofri pwogram al\u00e8t mesaj t\u00e8ks ki bay enf\u00f2masyon sou resous espesifik rejyon yo oswa bay al\u00e8t pou katastw\u00f2f. Pousantaj mesaj ak done yo ka aplike. Frekans mesaj yo ka varye. T\u00e8ks <strong>SISPANN<\/strong> nan menm nimewo a pou dezab\u00f2ne. Pou \u00e8d, voye t\u00e8ks <strong>EDE<\/strong>. T\u00e8m konpl\u00e8 SMS nan\u00a0<a href=\"https:\/\/211md.org\/ht\/sms\/\">https:\/\/211md.org\/sms\/<\/a>\u00a0epi\u00a0<a href=\"https:\/\/211md.org\/ht\/politik-konfidansyalite\/\">politik konfidansyalite<\/a>\u00a0pral aplike tou.\u00a0<\/em><\/p>\n\t<h2>Kons\u00e8nan MdReady<\/h2>\n<p>Depi fevriye 2020, 211 te f\u00e8 patenarya ak MDEM pou bay al\u00e8t t\u00e8ks anvan, pandan ak apre yon kriz. Pr\u00e8ske 190,000 moun te ab\u00f2nman nan al\u00e8t sa yo.<\/p>\n<p>Nouvo teknoloji sa a p\u00e8m\u00e8t nou rive jwenn abonn\u00e9s nan jis plis pase sis minit.<\/p>\n<p>L\u00e8 yo chwazi lang pi pito yo ak kote (yo), itilizat\u00e8 yo ka resevwa al\u00e8t plis p\u00e8sonalize. Tradiksyon disponib nan 183 lang.<\/p>\n<p>Nan yon ijans tankou yon inondasyon flash, nivo dlo ka monte plizy\u00e8 pye nan yon kesyon de minit, kidonk chak segonn konte.<\/p>\n<p>MdReady\/MdListo toujou pare pou ede Maryland prepare, rete enf\u00f2me ak ref\u00e8.<\/p>\n<p>Pou jwenn aks\u00e8 a kons\u00e8y ak enf\u00f2masyon sou preparasyon an, enstale aplikasyon ent\u00e8n\u00e8t MdReady la l\u00e8 w vizite\u00a0<a href=\"http:\/\/mdready.maryland.gov\/\" target=\"_blank\" rel=\"noopener\">MdReady.Maryland.gov<\/a> sou navigat\u00e8 ent\u00e8n\u00e8t apar\u00e8y mobil ou a.<\/p>\n<h3>\n\t\tGaye Paw\u00f2l la sou Al\u00e8t sa yo\n\t<\/h3>\n\t<p>Nou apresye enter\u00e8 ou nan gaye konsyans sou al\u00e8t t\u00e8ks MdReady eta a, ki enf\u00f2me Marylanders anvan, pandan ak apre yon kriz.<\/p>\n<p>Ede nou gaye paw\u00f2l la! <a href=\"https:\/\/forms.gle\/4BvexjFkxUy4qmfZ6?utm_source=Link&amp;utm_medium=211Web&amp;utm_campaign=Marketing&amp;utm_content=\" target=\"_blank\" rel=\"noopener\">Mande aks\u00e8 nan dosye MdReady<\/a>.<\/p>","protected":false},"excerpt":{"rendered":"<p>Av\u00e8tisman T\u00e8ks Ijans Maryland Nouvo teknoloji MdReady a bay al\u00e8t rapid z\u00e8kl\u00e8 pou move tan, inondasyon, dife sovaj ak menas sante piblik. Jwenn al\u00e8t pou kote ou ye a ak nan lang ou pi pito. Patenarya sa a ant 211 Maryland ak Depatman Jesyon Ijans Maryland kenbe ou enf\u00f2me pou ou ka planifye ak prepare. Customize Alerts ou yo 211 Maryland...<\/p>","protected":false},"author":13,"featured_media":0,"parent":962,"menu_order":0,"comment_status":"closed","ping_status":"closed","template":"","meta":{"footnotes":""},"class_list":["post-4106","page","type-page","status-publish","hentry"],"_links":{"self":[{"href":"https:\/\/211md.org\/ht\/wp-json\/wp\/v2\/pages\/4106","targetHints":{"allow":["GET"]}}],"collection":[{"href":"https:\/\/211md.org\/ht\/wp-json\/wp\/v2\/pages"}],"about":[{"href":"https:\/\/211md.org\/ht\/wp-json\/wp\/v2\/types\/page"}],"author":[{"embeddable":true,"href":"https:\/\/211md.org\/ht\/wp-json\/wp\/v2\/users\/13"}],"replies":[{"embeddable":true,"href":"https:\/\/211md.org\/ht\/wp-json\/wp\/v2\/comments?post=4106"}],"version-history":[{"count":0,"href":"https:\/\/211md.org\/ht\/wp-json\/wp\/v2\/pages\/4106\/revisions"}],"up":[{"embeddable":true,"href":"https:\/\/211md.org\/ht\/wp-json\/wp\/v2\/pages\/962"}],"wp:attachment":[{"href":"https:\/\/211md.org\/ht\/wp-json\/wp\/v2\/media?parent=4106"}],"curies":[{"name":"wp","href":"https:\/\/api.w.org\/{rel}","templated":true}]}}