{"id":4812,"date":"2025-06-26T07:09:59","date_gmt":"2025-06-26T11:09:59","guid":{"rendered":"https:\/\/211md.org\/?page_id=4812"},"modified":"2025-06-26T07:10:01","modified_gmt":"2025-06-26T11:10:01","slug":"dei","status":"publish","type":"page","link":"https:\/\/211md.org\/ht\/about\/dei\/","title":{"rendered":"Deklarasyon sou Div\u00e8site, Ekite, ak Enklizyon"},"content":{"rendered":"<p>Rezo Enf\u00f2masyon Maryland (MdInfoNet) ki alimente sist\u00e8m 211 la nan Maryland, bay yon espas travay div\u00e8s, ekitab e enklizif \u2013 kote tout anplwaye, kons\u00e8y administrasyon ak volont\u00e8 yo, k\u00e8lkeswa s\u00e8ks yo, ras yo, etnisite yo, laj yo, oryantasyon seksy\u00e8l oswa idantite yo, relijyon yo, sitiyasyon sosyoekonomik yo, edikasyon yo oswa andikap yo, santi yo gen val\u00e8 ak resp\u00e8.<\/p>\n\t<h3>Egalite Op\u00f2tinite<\/h3>\n<p>Nou angaje nou nan yon apw\u00f2ch san diskriminasyon pou bay op\u00f2tinite egal pou anplwa ak pwomosyon. Nou respekte epi nou bay val\u00e8 a div\u00e8s eksperyans lavi yo epi nou f\u00e8 tout ef\u00f2 nou pou asire ke tout vwa yo jwenn val\u00e8 epi yo tande yo.<\/p>\n<p>Nou kw\u00e8 ke pratik div\u00e8site, ekite, ak enklizyon yo ta dwe an premye plan nan travay nou f\u00e8 chak jou.<\/p>\n<h3>Lid\u00e8chip div\u00e8s<\/h3>\n<p>Nou angaje nou pou asire ke nou gen tan ak resous ki neses\u00e8 pou nou elaji yon lid\u00e8chip ki pi div\u00e8s nan kons\u00e8y administrasyon an ak nan anplwaye nou yo. Epi tou pou nou defann politik sekt\u00e8 piblik ak prive ki ankouraje div\u00e8site, ekite ak enklizyon epi ki konteste sist\u00e8m ak politik ki kreye inegalite, opresyon ak disparite.<\/p>\n\t\t\t\t<img decoding=\"async\" src=\"http:\/\/211md.org\/wp-content\/uploads\/2025\/06\/Diverse-group-of-workers.jpg\" alt=\"Gwoup travay\u00e8 div\u00e8s\" itemprop=\"image\" title=\"Gwoup travay\u00e8 div\u00e8s\" onerror=\"this.style.display='none'\" loading='lazy' \/>\n\t\t\t\t<img decoding=\"async\" src=\"https:\/\/211md.org\/wp-content\/plugins\/bb-plugin\/img\/pixel.png\" alt=\"\" itemprop=\"image\" onerror=\"this.style.display='none'\" loading='lazy' \/>\n\t\t\t\t<img decoding=\"async\" src=\"https:\/\/211md.org\/wp-content\/plugins\/bb-plugin\/img\/pixel.png\" alt=\"\" itemprop=\"image\" onerror=\"this.style.display='none'\" loading='lazy' \/>\n\t\t\t\t<img decoding=\"async\" src=\"http:\/\/211md.org\/wp-content\/uploads\/2025\/06\/Annapolis-Maryland.jpg\" alt=\"Annapolis Maryland\" itemprop=\"image\" title=\"Annapolis Maryland\" onerror=\"this.style.display='none'\" loading='lazy' \/>\n\t\t\t\t<img decoding=\"async\" src=\"https:\/\/211md.org\/wp-content\/plugins\/bb-plugin\/img\/pixel.png\" alt=\"\" itemprop=\"image\" onerror=\"this.style.display='none'\" loading='lazy' \/>\n\t<h3>Kominote nou an<\/h3>\n<p>Nou ede kominote nou yo amelyore l\u00e8 nou idantifye epi defann s\u00e8vis ki satisf\u00e8 bezwen fondamantal chak moun.<\/p>\n<p>Nou pwom\u00e8t pou nou sip\u00f2te dwa tout moun pou yo satisf\u00e8 bezwen esansy\u00e8l yo.<\/p>","protected":false},"excerpt":{"rendered":"<p>Rezo Enf\u00f2masyon Maryland (MdInfoNet) ki alimente sist\u00e8m 211 nan Maryland lan, bay yon espas travay div\u00e8s, ekitab e enklizif \u2013 kote tout anplwaye, kons\u00e8y administrasyon ak volont\u00e8 yo, k\u00e8lkeswa s\u00e8ks yo, ras yo, etnisite yo, laj yo, oryantasyon seksy\u00e8l oswa idantite yo, relijyon yo, sitiyasyon sosyoekonomik yo, edikasyon yo oswa andikap yo, santi yo gen val\u00e8 ak resp\u00e8. Egalite Op\u00f2tinite Nou angaje nou nan yon apw\u00f2ch san diskriminasyon...<\/p>","protected":false},"author":7,"featured_media":0,"parent":521,"menu_order":0,"comment_status":"closed","ping_status":"closed","template":"","meta":{"footnotes":""},"class_list":["post-4812","page","type-page","status-publish","hentry"],"_links":{"self":[{"href":"https:\/\/211md.org\/ht\/wp-json\/wp\/v2\/pages\/4812","targetHints":{"allow":["GET"]}}],"collection":[{"href":"https:\/\/211md.org\/ht\/wp-json\/wp\/v2\/pages"}],"about":[{"href":"https:\/\/211md.org\/ht\/wp-json\/wp\/v2\/types\/page"}],"author":[{"embeddable":true,"href":"https:\/\/211md.org\/ht\/wp-json\/wp\/v2\/users\/7"}],"replies":[{"embeddable":true,"href":"https:\/\/211md.org\/ht\/wp-json\/wp\/v2\/comments?post=4812"}],"version-history":[{"count":3,"href":"https:\/\/211md.org\/ht\/wp-json\/wp\/v2\/pages\/4812\/revisions"}],"predecessor-version":[{"id":4818,"href":"https:\/\/211md.org\/ht\/wp-json\/wp\/v2\/pages\/4812\/revisions\/4818"}],"up":[{"embeddable":true,"href":"https:\/\/211md.org\/ht\/wp-json\/wp\/v2\/pages\/521"}],"wp:attachment":[{"href":"https:\/\/211md.org\/ht\/wp-json\/wp\/v2\/media?parent=4812"}],"curies":[{"name":"wp","href":"https:\/\/api.w.org\/{rel}","templated":true}]}}