{"id":486,"date":"2021-03-29T16:04:06","date_gmt":"2021-03-29T16:04:06","guid":{"rendered":"https:\/\/211md.org\/?page_id=486"},"modified":"2026-01-08T08:51:22","modified_gmt":"2026-01-08T13:51:22","slug":"patne","status":"publish","type":"page","link":"https:\/\/211md.org\/ht\/partner\/","title":{"rendered":"Founis\u00e8 S\u00e8vis Kominot\u00e8 yo"},"content":{"rendered":"<img decoding=\"async\" src=\"https:\/\/stg-maryland211-staging.kinsta.cloud\/wp-content\/uploads\/2025\/08\/5-1-scaled.png\" alt=\"5\" itemprop=\"image\" height=\"692\" width=\"2560\" title=\"5\" onerror=\"this.style.display='none'\" loading=\"lazy\" \/>\n\t\t<p>Nou travay av\u00e8k founis\u00e8 s\u00e8vis kominot\u00e8 yo pou konekte moun Maryland yo ak bezwen esansy\u00e8l yo. Antanke administrat\u00e8 leta otorize pou s\u00e8vis 211 yo, Maryland Information Network senplifye aks\u00e8 a enf\u00f2masyon tou. <\/p>\n<p>Si w ap ede moun ki afekte pa f\u00e8mti gouv\u00e8nman federal la, di nou sa sou <a href=\"https:\/\/bit.ly\/211-food-help\" target=\"_blank\" rel=\"noopener\">f\u00f2m sa a<\/a> pou nou ka enf\u00f2me piblik la sou resous ki toupre yo.<\/p>\n\t\t\t<a href=\"#start\" target=\"_self\">\n\t\t\t\t\t\tK\u00f2manse\n\t\t\t\t\t<\/a>\n\t\t\t\t<img decoding=\"async\" src=\"https:\/\/211md.org\/wp-content\/plugins\/bb-plugin\/img\/pixel.png\" alt=\"\" itemprop=\"image\" onerror=\"this.style.display='none'\" loading=\"lazy\" \/>\n\t\t\t\t<img decoding=\"async\" src=\"https:\/\/211md.org\/wp-content\/uploads\/2023\/01\/211-database.png\" alt=\"211 baz done resous rech\u00e8ch\" itemprop=\"image\" height=\"564\" width=\"1024\" title=\"211 baz done\" onerror=\"this.style.display='none'\" loading=\"lazy\" \/>\n\t\t<h2>Ajoute Resous Kominot\u00e8 w la nan baz done nou an<\/h2>\n\t\t<p>Av\u00e8k plis pase 8,500 resous kominot\u00e8, baz done nou an se baz done ki pi konpl\u00e8 nan eta a pou bezwen esansy\u00e8l yo.<\/p>\n<p><a href=\"https:\/\/211md.org\/ht\/politik-enklizyon\/\" rel=\"noopener\">Li<\/a> r\u00e8gleman enklizyon nou an. Si ajans ou a satisf\u00e8 krit\u00e8 yo, <a href=\"http:\/\/search.211md.org\" target=\"_blank\" rel=\"noopener\">tcheke<\/a> pou w\u00e8 si ou deja nan lis la.<\/p>\n<p>Ou pa nan lis la? Di nou ou vle rantre nan Baz Done Resous Kominot\u00e8 a.<\/p>\n\t\t\t<a href=\"https:\/\/docs.google.com\/forms\/d\/e\/1FAIpQLSdP1V4oqiAOGr2uK9rkCIxzTpexnlyuDmDkqfJ0CjtIbmWV0A\/viewform\" target=\"_blank\" rel=\"noopener\">\n\t\t\t\t\t\t\tAjoute resous\n\t\t\t\t\t<\/a>\n\t<h3>Mizajou Lis Resous ou a<\/h3>\n<p>\u00c8ske pwogramasyon ajans ou a chanje oswa l\u00e8 ouv\u00e8ti ou yo chanje? Si ou bezwen mete ajou lis resous ou yo, voye yon im\u00e8l ba nou nan adr\u00e8s sa a: <a href=\"mailto:resources@211md.org\" target=\"_blank\" rel=\"noopener\">resources@211md.org<\/a>.<\/p>\n\t\t\t\t<img decoding=\"async\" src=\"https:\/\/211md.org\/wp-content\/uploads\/2023\/01\/2022_MIN_Logo_White.png\" alt=\"MIN Logo Blan\" itemprop=\"image\" height=\"446\" width=\"1272\" title=\"2022_MIN_Logo_Blan\" onerror=\"this.style.display='none'\" loading=\"lazy\" \/>\n\t\t\n\t\t<h3><strong>Depi 2010, <\/strong><strong>Rezo enf\u00f2masyon Maryland<br \/>\nte alimente sist\u00e8m 211 la nan Maryland.<\/strong><\/h3>\n\t\t\t<a href=\"https:\/\/mdinfonet.org\/\" target=\"_blank\" rel=\"noopener\">\n\t\t\t\t\t\tAprann plis\n\t\t\t\t\t<\/a>\n\t\t\t\t<img decoding=\"async\" src=\"https:\/\/211md.org\/wp-content\/uploads\/2023\/01\/211-MD_Logo-white-400x273.png\" alt=\"211 Maryland Logo white\" itemprop=\"image\" height=\"273\" width=\"400\" title=\"211-MD_Logo-blan\" onerror=\"this.style.display='none'\" loading=\"lazy\" \/>\n\t<h2>F\u00e8 l\u00f2t moun konnen sou 211<\/h2>\n<h4><em>Telechaje epi s\u00e8vi ak zouti maketing 211 la<\/em><\/h4>\n<p>Nou apresye \u00e8d ou konekte Marylanders ak 211. Telechaje matery\u00e8l maketing dijital oswa k\u00f2mande matery\u00e8l ki pare pou enprime pou pataje ak kominote w la.<\/p>\n\t\t\t<a href=\"https:\/\/211md.org\/ht\/zouti-maketing\/\" target=\"_blank\" rel=\"noopener\">\n\t\t\t\t\t\t\tJwenn Matery\u00e8l Maketing\n\t\t\t\t\t<\/a>\n\t\t\t\t<img decoding=\"async\" src=\"http:\/\/211md.org\/wp-content\/uploads\/2021\/05\/Top-View-Postcard-Mockup-scaled.jpg\" alt=\"211 Kat Outreach Maryland\" itemprop=\"image\" title=\"Top View Mockup kat postal\" onerror=\"this.style.display='none'\" loading=\"lazy\" \/>\n\t\t<h2>Ou gen yon kesyon sou 211?<\/h2>\n\t\t<p>Li Kesyon yo Poze Souvan nou yo (FAQs) oswa\u00a0<strong><a href=\"\/ht\/kontakte-nou\/\">Kontakte nou<\/a>.<\/strong><\/p>\n\t\t\t<a href=\"\/ht\/sou\/faq\/\" target=\"_self\">\n\t\t\t\t\t\t\tLi FAQ nou yo\n\t\t\t\t\t<\/a>\n<h2>\n\t\t\tPatenarya f\u00e8 kominote yo pi f\u00f2\t<\/h2>\n\t<p>Nan tan ki gen gwo bezwen, ajans leta ak lokal yo tounen vin jwenn nou pou konekte Marylanders.<\/p>\n\t\t\t\t<img decoding=\"async\" src=\"http:\/\/211md.org\/wp-content\/uploads\/2022\/04\/Group-333.svg\" alt=\"Logo Biwo Af\u00e8 Imigran Gouv\u00e8n\u00e8 Maryland\" itemprop=\"image\" height=\"215\" width=\"245\" title=\"Logo Biwo Af\u00e8 Imigran Gouv\u00e8n\u00e8 Maryland\" onerror=\"this.style.display='none'\" loading=\"lazy\" \/>\n<h3>MDStopHate<\/h3><p>Rap\u00f2te rayisman, diskriminasyon oswa entimidasyon.<\/p>\n<p>211 se tou yon resous yon s\u00e8l-stop pou imigran ak nouvo Ameriken, bay sip\u00f2 plizy\u00e8 lang nan plis pase 150 lang.<\/p>\n<p>&nbsp;<\/p>\n\t\t\t\t<img decoding=\"async\" src=\"http:\/\/211md.org\/wp-content\/uploads\/2021\/05\/Health-DoL_primary_rgb_300ppi-1@2x.png\" alt=\"Maryland Depatman Sante logo\" itemprop=\"image\" title=\"Sante DoL_primary_rgb_300ppi (1)@2x\" onerror=\"this.style.display='none'\" loading=\"lazy\" \/>\n<h3>211 Kow\u00f2dinasyon Swen Sante Konp\u00f2tman<\/h3><p>Pwogram sa yo konekte anplwaye lopital ak pasyan yo ak s\u00e8vis sante konp\u00f2tmantal ki baze sou kominote a. Yo tou f\u00e8men bouk la ak pasyan yo ak planifikat\u00e8 egzeyat yo.<\/p>\n<p>&nbsp;<\/p>\n<h2>\n\t\t\tPatn\u00e8 nou yo\t<\/h2>\n\t\t\t\t<img decoding=\"async\" src=\"https:\/\/211md.org\/wp-content\/uploads\/2021\/04\/NAMI-Md@2x.png\" alt=\"NAMI Maryland logo\" itemprop=\"image\" height=\"38\" width=\"210\" title=\"NAMI Md@2x\" onerror=\"this.style.display='none'\" loading=\"lazy\" \/>\n\t\t\t\t<img decoding=\"async\" src=\"http:\/\/211md.org\/wp-content\/uploads\/2021\/06\/DOH-Logo.svg\" alt=\"Maryland Depatman Sante logo\" itemprop=\"image\" height=\"95\" width=\"118\" title=\"DOH Logo\" onerror=\"this.style.display='none'\" loading=\"lazy\" \/>\n\t\t\t\t<img decoding=\"async\" src=\"http:\/\/211md.org\/wp-content\/uploads\/2024\/01\/Mid-Shore-Health-Improvement-Coalition-logo.png\" alt=\"Mid Shore Health Improvement Coalition logo\" itemprop=\"image\" title=\"Mid Shore Health Improvement Coalition logo\" onerror=\"this.style.display='none'\" loading=\"lazy\" \/>\n\t\t\t\t<img decoding=\"async\" src=\"https:\/\/211md.org\/wp-content\/uploads\/2021\/05\/Aging-DoL_primary_rgb_300ppi-3@2x.png\" alt=\"Maryland Depatman pou aje logo\" itemprop=\"image\" height=\"213\" width=\"260\" title=\"Aging DoL_primary_rgb_300ppi (3)@2x\" onerror=\"this.style.display='none'\" loading=\"lazy\" \/>\n\t\t\t\t<img decoding=\"async\" src=\"http:\/\/211md.org\/wp-content\/uploads\/2024\/06\/Department-of-Public-Safety-and-Corrections.png\" alt=\"Depatman Sekirite Piblik ak Koreksyon\" itemprop=\"image\" title=\"Depatman Sekirite Piblik ak Koreksyon\" onerror=\"this.style.display='none'\" loading=\"lazy\" \/>\n\t\t\t\t<img decoding=\"async\" src=\"https:\/\/211md.org\/wp-content\/uploads\/2021\/06\/DoL_juvenile-logo.svg\" alt=\"Maryland Depatman S\u00e8vis pou Jivenil logo\" itemprop=\"image\" height=\"103\" width=\"118\" title=\"DoL_jivenil logo\" onerror=\"this.style.display='none'\" loading=\"lazy\" \/>\n\t\t\t\t<img decoding=\"async\" src=\"https:\/\/211md.org\/wp-content\/uploads\/2021\/05\/RALI-Logo.svg\" alt=\"RALI logo\" itemprop=\"image\" height=\"111\" width=\"236\" title=\"RALI Logo\" onerror=\"this.style.display='none'\" loading=\"lazy\" \/>\n\t\t\t\t<img decoding=\"async\" src=\"https:\/\/211md.org\/wp-content\/uploads\/2023\/01\/MDEM-primary-black-logo.png\" alt=\"MDEM prensipal logo nwa\" itemprop=\"image\" height=\"233\" width=\"266\" title=\"MDEM prensipal logo nwa\" onerror=\"this.style.display='none'\" loading=\"lazy\" \/>\n\t\t\t\t<img decoding=\"async\" src=\"https:\/\/211md.org\/wp-content\/uploads\/2021\/06\/MDH-logo.svg\" alt=\"Biwo Preparasyon ak Repons Depatman Sante Maryland\" itemprop=\"image\" height=\"101\" width=\"172\" title=\"MDH logo\" onerror=\"this.style.display='none'\" loading=\"lazy\" \/>\n\t\t\t<a href=\"https:\/\/211md.org\/ht\/kontakte-nou\/\" target=\"_self\">\n\t\t\t\t\t\t\tAnn Patn\u00e8\n\t\t\t\t\t<\/a>\n\t<h2>Kesyon yo poze souvan pou patn\u00e8 yo<\/h2>\n\t\t\t\t\t<h3 id=\"fl-accordion--label-0\" tabindex=\"0\" aria-controls=\"fl-accordion--panel-0\">ki sa ki 211 Maryland?<\/h3>\n\t\t\t\t\t\t\t\t\t\t\t<a href=\"#\" id=\"fl-accordion--icon-0\"  tabindex=\"0\"><i title=\"Redwi\">Redwi<\/i><\/a>\n\t\t\t\t\t<p>211 Maryland se Sist\u00e8m Enf\u00f2masyon ak Referans ki pi konpl\u00e8 nan eta a pou s\u00e8vis sante ak s\u00e8vis imen. Av\u00e8k plis pase 7,500 resous, moun ki gen bezwen esansy\u00e8l yo ka jwenn \u00e8d lokal 24 sou 24, 7 jou sou 7, 365 jou sou 365. 211 Maryland se yon s\u00e8vis gratis e konfidansy\u00e8l, ak tradiksyon disponib nan plis pase 150 lang.<\/p>\n<p>La<a href=\"https:\/\/mdinfonet.org\/\" target=\"_blank\" rel=\"noopener\">\u00a0Rezo enf\u00f2masyon Maryland<\/a>\u00a0(MdInfoNet), yon \u00f2ganizasyon san bi likratif 501(c)3, se administrat\u00e8 leta deziyen pou sist\u00e8m 211 la nan Maryland.<\/p>\n\t\t\t\t\t<h3 id=\"fl-accordion--label-1\" tabindex=\"0\" aria-controls=\"fl-accordion--panel-1\">Ki jan ou kenbe baz done resous ou ajou?<\/h3>\n\t\t\t\t\t\t\t\t\t\t\t<a href=\"#\" id=\"fl-accordion--icon-1\"  tabindex=\"0\"><i title=\"Elaji\">Elaji<\/i><\/a>\n\t\t\t\t\t<p>Yo mete baz done konpl\u00e8 ki gen plis pase 7,500 resous atrav\u00e8 eta a omwen yon fwa pa ane e souvan pi souvan. Nou konte sou verifikasyon chak ane nou an, mizajou ajans yo, ak fidbak moun k ap rele yo pou konekte Marylanders ak pi bon resous pou kote yo ye a ak d\u00e8nye kalifikasyon pwogram yo nan moman yo bezwen.<\/p>\n<p><a href=\"https:\/\/211md.org\/ht\/patne\/\">Verifye \u00f2ganizasyon w nan baz done 211 Maryland<\/a>, epi mete ajou li.<\/p>\n\t\t\t\t\t<h3 id=\"fl-accordion--label-2\" tabindex=\"0\" aria-controls=\"fl-accordion--panel-2\">Kouman pou mwen ajoute ajans mwen an nan baz done a?<\/h3>\n\t\t\t\t\t\t\t\t\t\t\t<a href=\"#\" id=\"fl-accordion--icon-2\"  tabindex=\"0\"><i title=\"Elaji\">Elaji<\/i><\/a>\n\t\t\t\t\t<p>K\u00f2m konekt\u00e8 santral la pou Maryland, nou akeyi nouvo \u00f2ganizasyon nan baz done nou an. Nou aksepte demann ki soti nan gwoup san bi likratif ak pou pwofi sa yo:<\/p>\n<ul>\n<li>San bi likratif\u00a0<u>epi<\/u>\u00a0\u00f2ganizasyon kritik pou pwofi yo ak ajans gouv\u00e8nmantal ak ofisy\u00e8l ki bay sante, s\u00e8vis sosyal, edikasyon, bibliyot\u00e8k, travay, legal, lwazi ak l\u00f2t s\u00e8vis imen.<\/li>\n<li>\u00d2ganizasyon san bi likratif, tankou gwoup relijye, klib sosyal ak asosyasyon kominot\u00e8, ki ofri s\u00e8vis pou kominote a an jeneral, pa s\u00e8lman pou pw\u00f2p manm yo.<\/li>\n<li>Gwoup sip\u00f2 oto-\u00e9d san bi likratif (yon &quot;gwoup oto-\u00e8d&quot; se yon rasanbleman volont\u00e8 moun ki pataje yon pwobl\u00e8m, kondisyon oswa istwa menm jan an).<\/li>\n<li>San bi likratif\u00a0<u>epi<\/u>\u00a0\u00f2ganizasyon kritik pou pwofi, milti-eta oswa nasyonal ki pa sitiye nan Maryland ki bay moun ki abite Maryland s\u00e8vis sante ak s\u00e8vis imen.<\/li>\n<li>\u00d2ganizasyon san bi likratif ki defann pwogram s\u00e8vis imen ak politik ki sip\u00f2te yon anviw\u00f2nman ki an sante.<\/li>\n<\/ul>\n<p>Pou plis enf\u00f2masyon ak k\u00f2manse pwosesis aplikasyon an,\u00a0<a href=\"https:\/\/211md.org\/ht\/patne\/\">ale isit la.<\/a><\/p>\n\t\t\t\t\t<h3 id=\"fl-accordion--label-3\" tabindex=\"0\" aria-controls=\"fl-accordion--panel-3\">\u00c8ske espesyalis ap\u00e8l 211 Maryland ou yo resevwa f\u00f2masyon oswa s\u00e8tifye?<\/h3>\n\t\t\t\t\t\t\t\t\t\t\t<a href=\"#\" id=\"fl-accordion--icon-3\"  tabindex=\"0\"><i title=\"Elaji\">Elaji<\/i><\/a>\n\t\t\t\t\t<p>Anplwaye sant ap\u00e8l yo s\u00e8tifye epi pwogram yo akredite pa Alliance of Information and Referral Systems (AIRS) ak Asosyasyon Ameriken pou Suisidoloji (AAS). Tou de se \u00f2ganizasyon nasyonal, pwofesyon\u00e8l.<\/p>\n<p>Espesyalis Enf\u00f2masyon ak Referans yo edike ak eksperyans tou nan resous sante ak s\u00e8vis imen. Yo gen yon bakaloreya oswa yon metriz nan travay sosyal, s\u00e8vis imen, kons\u00e8y oswa dom\u00e8n ki gen rap\u00f2, plis omwen yon ane eksperyans.<\/p>\n\t\t\t\t\t<h3 id=\"fl-accordion--label-4\" tabindex=\"0\" aria-controls=\"fl-accordion--panel-4\">Ki kalite ap\u00e8l ou reponn?<\/h3>\n\t\t\t\t\t\t\t\t\t\t\t<a href=\"#\" id=\"fl-accordion--icon-4\"  tabindex=\"0\"><i title=\"Elaji\">Elaji<\/i><\/a>\n\t\t\t\t\t<p>211 Maryland ka s\u00e8vi k\u00f2m konekt\u00e8 santral pou bezwen sante ak s\u00e8vis imen esansy\u00e8l sa yo:<\/p>\n<ul>\n<li>Manje<\/li>\n<li>Lojman<\/li>\n<li>Abri ijans<\/li>\n<li>Asistans s\u00e8vis piblik<\/li>\n<li>Asistans finansye<\/li>\n<li>Abi sibstans<\/li>\n<li>Sante mantal<\/li>\n<li>Ent\u00e8vansyon swisid ak kriz<\/li>\n<li>Swen Sante<\/li>\n<li>Timoun ak fanmi (gadri, sip\u00f2 paran, founiti ak rad, preparasyon pou lek\u00f2l)<\/li>\n<li>Enf\u00f2masyon sou taks ak asistans pou preparasyon<\/li>\n<li>Aje ak andikap<\/li>\n<li>S\u00e8vis legal<\/li>\n<li>Vyolans domestik, abri ak sip\u00f2<\/li>\n<li>Travay<\/li>\n<li>Veteran yo<\/li>\n<li>Transp\u00f2<\/li>\n<\/ul>\n\t\t\t\t\t<h3 id=\"fl-accordion--label-5\" tabindex=\"0\" aria-controls=\"fl-accordion--panel-5\">Ki diferans ki genyen ant Liy \u00c8d 211 Maryland United Way ak 211 Maryland?<\/h3>\n\t\t\t\t\t\t\t\t\t\t\t<a href=\"#\" id=\"fl-accordion--icon-5\"  tabindex=\"0\"><i title=\"Elaji\">Elaji<\/i><\/a>\n\t\t\t\t\t<p>Rezo Enf\u00f2masyon Maryland (MdInfoNet), ki te etabli atrav\u00e8 lejislasyon leta a, se administrat\u00e8 leta a deziyen pou sist\u00e8m 211 nan Maryland. MdInfoNet sip\u00e8vize epi kenbe yon rezo s\u00e8vis enf\u00f2masyon ak referans ki disponib pou tout rezidan Maryland yo. Pou konekte moun Maryland yo nan tout rejyon eta a, nou konte sou yon rezo sant ap\u00e8l.<\/p>\n<p>United Way of Central Maryland la bay s\u00e8vis pou yon z\u00f2n nan eta a. 211 Maryland itilize l\u00f2t sant ap\u00e8l ki plase nan estrateji pou rive jwenn moun Maryland nan tout rejyon nan eta a.<\/p>\n\t\t\t\t\t<h3 id=\"fl-accordion--label-6\" tabindex=\"0\" aria-controls=\"fl-accordion--panel-6\">Kouman pou mwen f\u00e8 l\u00f2t moun konnen sou 211 Maryland ak pwogram li yo?<\/h3>\n\t\t\t\t\t\t\t\t\t\t\t<a href=\"#\" id=\"fl-accordion--icon-6\"  tabindex=\"0\"><i title=\"Elaji\">Elaji<\/i><\/a>\n\t\t\t\t\t<p>Nou apresye ou te f\u00e8 moun Maryland yo konnen pwogram ak s\u00e8vis 211 Maryland yo. Ou ka itilize kat ak fich enf\u00f2masyon pwogram nou yo.\u00a0<a href=\"https:\/\/211md.org\/ht\/zouti-maketing\/\" target=\"_blank\" rel=\"noopener\">Telechaje zouti maketing yo.<\/a><\/p>\n\t\t\t\t\t<h3 id=\"fl-accordion--label-7\" tabindex=\"0\" aria-controls=\"fl-accordion--panel-7\">Ki jan 211 Maryland finanse?<\/h3>\n\t\t\t\t\t\t\t\t\t\t\t<a href=\"#\" id=\"fl-accordion--icon-7\"  tabindex=\"0\"><i title=\"Elaji\">Elaji<\/i><\/a>\n\t\t\t\t\t<p>Sist\u00e8m 211 nan Maryland lan mache ak...\u00a0<a href=\"https:\/\/mdinfonet.org\/\" target=\"_blank\" rel=\"noopener\">Rezo enf\u00f2masyon Maryland<\/a>, yon \u00f2ganizasyon 501(c)(3) san bi likratif. Yo resevwa finansman nan men sekt\u00e8 piblik ak prive.<\/p>\n\t\t\t\t\t<h3 id=\"fl-accordion--label-8\" tabindex=\"0\" aria-controls=\"fl-accordion--panel-8\">\u00c8ske don yo dediktib nan taks?<\/h3>\n\t\t\t\t\t\t\t\t\t\t\t<a href=\"#\" id=\"fl-accordion--icon-8\"  tabindex=\"0\"><i title=\"Elaji\">Elaji<\/i><\/a>\n\t\t\t\t\t<p>Wi.\u00a0<a href=\"https:\/\/211md.org\/ht\/bay\/\">Donasyon yo dediktib nan taks<\/a>.<\/p>\n\t\t\t\t\t<h3 id=\"fl-accordion--label-9\" tabindex=\"0\" aria-controls=\"fl-accordion--panel-9\">Kijan pou m kontakte sist\u00e8m 211 la nan Maryland?<\/h3>\n\t\t\t\t\t\t\t\t\t\t\t<a href=\"#\" id=\"fl-accordion--icon-9\"  tabindex=\"0\"><i title=\"Elaji\">Elaji<\/i><\/a>\n\t\t\t\t\t<p><strong>Im\u00e8l:\u00a0<\/strong><a href=\"mailto:info@211md.org\">info@211md.org<\/a><\/p>\n<p><strong>Mail:<\/strong>\u00a09770 Patuxent Woods Drive, Suite 334, Columbia, MD 21046<\/p>","protected":false},"excerpt":{"rendered":"<p>Nou travay av\u00e8k founis\u00e8 kominot\u00e8 yo pou konekte moun Maryland yo ak bezwen esansy\u00e8l yo. Antanke administrat\u00e8 leta otorize pou s\u00e8vis 211 yo, Maryland Information Network senplifye aks\u00e8 a enf\u00f2masyon tou. Si w ap ede moun ki afekte pa f\u00e8men s\u00e8vis federal la, di nou sa sou f\u00f2m sa a pou nou ka enf\u00f2me piblik la sou resous ki toupre yo. K\u00f2manse Ajoute\u2026<\/p>","protected":false},"author":8,"featured_media":33780,"parent":0,"menu_order":0,"comment_status":"closed","ping_status":"closed","template":"","meta":{"footnotes":""},"class_list":["post-486","page","type-page","status-publish","has-post-thumbnail","hentry"],"_links":{"self":[{"href":"https:\/\/211md.org\/ht\/wp-json\/wp\/v2\/pages\/486","targetHints":{"allow":["GET"]}}],"collection":[{"href":"https:\/\/211md.org\/ht\/wp-json\/wp\/v2\/pages"}],"about":[{"href":"https:\/\/211md.org\/ht\/wp-json\/wp\/v2\/types\/page"}],"author":[{"embeddable":true,"href":"https:\/\/211md.org\/ht\/wp-json\/wp\/v2\/users\/8"}],"replies":[{"embeddable":true,"href":"https:\/\/211md.org\/ht\/wp-json\/wp\/v2\/comments?post=486"}],"version-history":[{"count":11,"href":"https:\/\/211md.org\/ht\/wp-json\/wp\/v2\/pages\/486\/revisions"}],"predecessor-version":[{"id":34166,"href":"https:\/\/211md.org\/ht\/wp-json\/wp\/v2\/pages\/486\/revisions\/34166"}],"wp:featuredmedia":[{"embeddable":true,"href":"https:\/\/211md.org\/ht\/wp-json\/wp\/v2\/media\/33780"}],"wp:attachment":[{"href":"https:\/\/211md.org\/ht\/wp-json\/wp\/v2\/media?parent=486"}],"curies":[{"name":"wp","href":"https:\/\/api.w.org\/{rel}","templated":true}]}}