{"id":4932,"date":"2025-08-18T17:21:52","date_gmt":"2025-08-18T21:21:52","guid":{"rendered":"https:\/\/211md.org\/?page_id=4932"},"modified":"2025-10-14T19:36:17","modified_gmt":"2025-10-14T23:36:17","slug":"refij-an-sekirite","status":"publish","type":"page","link":"https:\/\/211md.org\/ht\/resources\/children-families\/safe-haven\/","title":{"rendered":"Refij an sekirite: \u00c8d pou nouvo paran ki pa ka pran swen yon timoun"},"content":{"rendered":"<img decoding=\"async\" src=\"http:\/\/211md.org\/wp-content\/uploads\/2025\/07\/Pregnant-mom-looking-out-window.jpg\" alt=\"Manman ansent ap gade dey\u00f2 fen\u00e8t la\" itemprop=\"image\" title=\"Manman ansent ap gade dey\u00f2 fen\u00e8t la\" onerror=\"this.style.display='none'\" loading=\"lazy\" \/>\n\t<p>Gen \u00e8d disponib pou moun ansent oswa moun ki f\u00e8k akouche epi ki poko pare pou yo vin paran oswa pou yo fonde yon fanmi.<\/p>\n<h2>Kisa ki yon Refij Ansekirite?<\/h2>\n<p>Safe Haven bay yon alt\u00e8natif legal e an sekirite pou paran yo ka rem\u00e8t yon tibebe ki poko gen 60 jou san yo pa blese, san yo pa konnen.<\/p>\n<p>Pa gen okenn konsekans legal pou itilizasyon pwogram nan si yo te pran swen tibebe a jiska pwen sa a.<\/p>\n<p>Ou pa oblije reponn okenn kesyon.<\/p>\n<p>Objektif la se bay paran yo yon alt\u00e8natif ki an sekirite epi bay tibebe yo yon k\u00f2mansman ki an sante.<\/p>\n\t<h2>Ki jan li fonksyone<\/h2>\n<p>Paran yo oswa yon l\u00f2t granmoun ki gen plis pase 18 an ka rem\u00e8t tibebe a nan yon etablisman ki deziyen pou sa.<\/p>\n<p>Sa yo enkli kaz\u00e8n ponpye, estasyon lapolis, oswa yon biwo medikal deziyen.<\/p>\n<p>Tout sa nou bezwen di se, &quot;Sa a se yon tibebe ki nan yon Refij An Sekirite.&quot;<\/p>\n<p>Antanke yon patn\u00e8 Safe Haven, 211 ka konekte moun Maryland yo ak kote Safe Haven lokal yo.<\/p>\n<p>Rele 211 epi pale ak yon moun ki gen sousi pou ou epi ki gen konpasyon, ki pral ba ou yon sip\u00f2 serye epi kl\u00e8.<\/p>\n\t\t\t\t<img decoding=\"async\" src=\"https:\/\/211md.org\/wp-content\/uploads\/2025\/08\/Safe-Haven-logo-400x279.png\" alt=\"Logo Safe Haven\" itemprop=\"image\" height=\"279\" width=\"400\" title=\"Logo Safe Haven\" onerror=\"this.style.display='none'\" loading=\"lazy\" \/>\n\t\t<h3>Jwenn yon kote ki an sekirite<\/h3>\n\t\t<p>Paran yo kapab tou ch\u00e8che kote nan Maryland pa k\u00f2d postal.<\/p>\n<p>L\u00e8 moun nan rive ak tibebe a ki pa blese, di &quot;Sa a se yon tibebe ki nan yon Refij Ansekirite.&quot;<\/p>\n\t\t\t<a href=\"https:\/\/search.211md.org\/search?query=LJ-5000.8000&#038;query_label=Safe+Havens+for+Abandoned+Newborns&#038;query_type=taxonomy\" target=\"_blank\" rel=\"noopener\">\n\t\t\t\t\t\t\tJwenn yon kote ki an sekirite\n\t\t\t\t\t<\/a>\n\t<h3>Kesyon yo poze souvan<\/h3>\n<p>Ou gen kesyon? Jwenn repons oswa rele 211 pou jwenn \u00e8d.<\/p>\n<h3>Kisa ki yon Refij Ansekirite?<\/h3>\n<p>Yon pwogram ki f\u00e8t pou pwoteje tibebe ki f\u00e8k f\u00e8t la kont danje oswa lanm\u00f2 epi pou pwoteje w kont aksyon legal.<\/p>\n<p>Yo ka rem\u00e8t timoun nan san yo pa arete l ni pouswiv li nan lespas 60 jou apre nesans li.<\/p>\n<h3>Kisa ou vle di pa blese?<\/h3>\n<p>Sa vle di tibebe a pa sibi abi oswa neglijans, epi pa gen okenn pr\u00e8v ki montre li blese fizikman oswa li pa t pran swen l.<\/p>\n<h3>Ki kote yo ka lage tibebe yo san danje?<\/h3>\n<p>Yo ka rem\u00e8t tibebe yo anonimman nan yon lopital nan Maryland, yon biwo medikal ki deziyen pou sa, yon estasyon lapolis oswa yon estasyon ponpye. <a href=\"https:\/\/search.211md.org\/search?query=LJ-5000.8000&amp;query_label=Safe+Havens+for+Abandoned+Newborns&amp;query_type=taxonomy\" target=\"_blank\" rel=\"noopener\">Rech\u00e8ch<\/a> pou yon kote Safe Haven pa k\u00f2d postal oubyen rele 211.<\/p>\n<h3>Kisa yon moun ta dwe di pandan rem\u00e8t travay la?<\/h3>\n<p>Senpleman di, &quot;Sa a se yon Safe Haven, tibebe,&quot; epi ale.<\/p>\n<p>Yo ka poze w kesyon sou sante tibebe a ak istwa sante fanmi an pou moun k ap pran swen l yo ka bay pi bon swen pou tibebe a, men pa gen okenn obligasyon pou reponn kesyon sa yo.<\/p>\n<h3>Mwen p\u00e8. \u00c8ske yon l\u00f2t moun ka f\u00e8 pasaj la pou mwen?<\/h3>\n<p>Wi, depi yo gen plis pase 18 an. Pa bezwen reponn kesyon.<\/p>\n<p>Jis di, &quot;Sa a se yon tibebe ki nan yon refij an sekirite.&quot;<\/p>\n<h3>Kisa ki pral rive tibebe a?<\/h3>\n<p>Tibebe a ap resevwa tout swen medikal ki neses\u00e8 epi apre sa, y ap voye l nan Depatman S\u00e8vis Sosyal lokal la pou yo mete l an adopsyon.<\/p>\n<h3>E si m chanje lide?<\/h3>\n<p>Objektif la se pou mete tibebe a nan yon kay p\u00e8manan, an sekirite, epi ki estab. Sepandan, moun yo ka kontakte Depatman S\u00e8vis Sosyal lokal yo a.<\/p>\n<h3>Ki kote paran an ka resevwa swen medikal?<\/h3>\n<p>Si w ap gen doul\u00e8, w ap senyen anpil, oswa w gen lafy\u00e8v, ale nan sal dijans ki pi pre a oswa kontakte yon dokt\u00e8 pou jwenn \u00e8d.<\/p>\n<p>Sonje byen, rem\u00e8t yon tibebe bay Safe Haven se legal, epi ou p ap f\u00e8 fas ak konsekans.<\/p>\n<h3>Ou gen l\u00f2t kesyon?<\/h3>\n<p>Rele 211, Depatman S\u00e8vis Imen nan 1-800-332-6347, oubyen yon <a href=\"https:\/\/dhs.maryland.gov\/local-offices\/\" target=\"_blank\" rel=\"noopener\">lokal<\/a> Depatman S\u00e8vis Sosyal yo. Ap\u00e8l yo anonim. Mande pou pale ak yon moun ki nan Safe Haven.<\/p>\n<p>&nbsp;<\/p>","protected":false},"excerpt":{"rendered":"<p>\u00c8d disponib pou moun ansent oswa moun ki f\u00e8k akouche epi ki poko pare pou yo vin paran oswa pou yo fonde yon fanmi. Kisa Safe Haven ye? Safe Haven bay yon alt\u00e8natif legal e an sekirite pou paran yo rem\u00e8t yon tibebe ki poko gen 60 jou san yo pa blese. Pa gen...<\/p>","protected":false},"author":7,"featured_media":4934,"parent":839,"menu_order":0,"comment_status":"closed","ping_status":"closed","template":"","meta":{"footnotes":""},"class_list":["post-4932","page","type-page","status-publish","has-post-thumbnail","hentry"],"_links":{"self":[{"href":"https:\/\/211md.org\/ht\/wp-json\/wp\/v2\/pages\/4932","targetHints":{"allow":["GET"]}}],"collection":[{"href":"https:\/\/211md.org\/ht\/wp-json\/wp\/v2\/pages"}],"about":[{"href":"https:\/\/211md.org\/ht\/wp-json\/wp\/v2\/types\/page"}],"author":[{"embeddable":true,"href":"https:\/\/211md.org\/ht\/wp-json\/wp\/v2\/users\/7"}],"replies":[{"embeddable":true,"href":"https:\/\/211md.org\/ht\/wp-json\/wp\/v2\/comments?post=4932"}],"version-history":[{"count":6,"href":"https:\/\/211md.org\/ht\/wp-json\/wp\/v2\/pages\/4932\/revisions"}],"predecessor-version":[{"id":4985,"href":"https:\/\/211md.org\/ht\/wp-json\/wp\/v2\/pages\/4932\/revisions\/4985"}],"up":[{"embeddable":true,"href":"https:\/\/211md.org\/ht\/wp-json\/wp\/v2\/pages\/839"}],"wp:featuredmedia":[{"embeddable":true,"href":"https:\/\/211md.org\/ht\/wp-json\/wp\/v2\/media\/4934"}],"wp:attachment":[{"href":"https:\/\/211md.org\/ht\/wp-json\/wp\/v2\/media?parent=4932"}],"curies":[{"name":"wp","href":"https:\/\/api.w.org\/{rel}","templated":true}]}}