{"id":521,"date":"2021-03-30T15:34:55","date_gmt":"2021-03-30T15:34:55","guid":{"rendered":"https:\/\/211md.org\/?page_id=521"},"modified":"2026-03-20T16:48:25","modified_gmt":"2026-03-20T20:48:25","slug":"sou","status":"publish","type":"page","link":"https:\/\/211md.org\/ht\/about\/","title":{"rendered":"Kons\u00e8nan 211 S\u00e8vis nan Maryland"},"content":{"rendered":"<figure itemscope=\"\" itemtype=\"https:\/\/schema.org\/ImageObject\">\n\t\t\t\t<img decoding=\"async\" src=\"https:\/\/211md.org\/wp-content\/uploads\/2021\/05\/UWCM-211MD-Call-Center-2-scaled.jpeg\" alt=\"Moun k ap travay nan yon sant ap\u00e8l\" height=\"1920\" width=\"2560\" title=\"Sant ap\u00e8l UWCM 211MD 2\" onerror=\"this.style.display='none'\" loading=\"lazy\">\n\t<\/figure>\n\t<p>211 se Sist\u00e8m Enf\u00f2masyon ak Referans ki pi konpl\u00e8 nan eta Maryland sou sante ak s\u00e8vis imen. Av\u00e8k plis pase 7,500 resous, moun ki gen bezwen esansy\u00e8l yo ka jwenn \u00e8d lokal 24 sou 24, 7 jou sou 7, 365 jou sou 7.<\/p>\n<p>La <a href=\"https:\/\/mdinfonet.org\/\" target=\"_blank\" rel=\"noopener\">Rezo enf\u00f2masyon Maryland<\/a>, yon \u00f2ganizasyon san bi likratif 501(c)(3), se administrat\u00e8 leta otorize pou s\u00e8vis 211 yo nan Maryland.<\/p>\n<h2>Jwenn \u00e8d nan Maryland<\/h2>\n<p>211 ka ede w ak manje, lojman, imigrasyon, asistans pou s\u00e8vis piblik ak anpil l\u00f2t bagay ank\u00f2. Gen plizy\u00e8 fason pou w konekte epi jwenn \u00e8d.<\/p>\n<p>Men ki jan yo jwenn \u00e8d:<\/p>\n<ul>\n<li>Rele 211 epi pale ak yon moun ki ka ede idantifye bezwen ak resous yo.<\/li>\n<li><a href=\"https:\/\/search.211md.org\">Rech\u00e8ch<\/a> pou resous pa k\u00f2d postal ak bezwen.<\/li>\n<li><a href=\"https:\/\/211md.org\/ht\/resous-yo\/\">Jwenn enf\u00f2masyon ak referans resous<\/a> pou bezwen prensipal tankou manje, lojman, travay, gadri ak plis ank\u00f2.<\/li>\n<\/ul>\n<h2>\n\t\t\tJwenn Konekte. Jwenn \u00e8d.\t<\/h2>\n\t<p>Rezo Enf\u00f2masyon Maryland lan sip\u00e8vize yon rezo nan tout eta a <a href=\"\/ht\/sou\/rezo-sant-apel\/\" target=\"_blank\" rel=\"noopener\">211 sant ap\u00e8l yo<\/a>, bay koneksyon esansy\u00e8l nan Maryland\u00e8 yo l\u00e8 yo bezwen li plis. Moun k ap rele yo ap voye otomatikman nan sant ap\u00e8l rejyonal yo pou jwenn asistans.<\/p>\n\t\t<figure itemscope=\"\" itemtype=\"https:\/\/schema.org\/ImageObject\">\n\t\t\t\t<a href=\"\/ht\/sou\/jwenn-ed\/\" target=\"_self\" itemprop=\"url\">\n\t\t\t\t<img decoding=\"async\" src=\"https:\/\/211md.org\/wp-content\/uploads\/bb-plugin\/cache\/Mask-Group-30@2x-circle-01b6aad86ad352fffd649857c06b7224-.png\" alt=\"Fanm ap koute telef\u00f2n li\" height=\"525\" width=\"596\" title=\"Gwoup Mask 30@2x\" onerror=\"this.style.display='none'\" loading=\"lazy\">\n\t\t\t\t<\/a>\n\t<\/figure>\n<h3><a href=\"\/ht\/sou\/jwenn-ed\/\" target=\"_self\">Rele<\/a><\/h3><p>Espesyalis 211 koute, idantifye tout bezwen ki pa satisf\u00e8, konekte moun k ap rele yo ak resous yo epi f\u00e8 swivi l\u00e8 sa neses\u00e8.<\/p>\n\t\t\t<a href=\"\/ht\/sou\/jwenn-ed\/\" target=\"_self\">\n\t\t\t\t\t\t\tJwenn \u00e8d\n\t\t\t\t\t<\/a>\n\t\t<figure itemscope=\"\" itemtype=\"https:\/\/schema.org\/ImageObject\">\n\t\t\t\t<a href=\"https:\/\/search.211md.org\/\" target=\"_blank\" rel=\"noopener\" itemprop=\"url\">\n\t\t\t\t<img decoding=\"async\" src=\"https:\/\/211md.org\/wp-content\/uploads\/bb-plugin\/cache\/Mask-Group-22@2x-circle-8aa2b868bce1f6cf5ebb1a770d6d95f3-.png\" alt=\"Fanm kap gade sitw\u00e8b Maryland 2-1-1\" height=\"555\" width=\"650\" title=\"Gwoup Mask 22@2x\" onerror=\"this.style.display='none'\" loading=\"lazy\">\n\t\t\t\t<\/a>\n\t<\/figure>\n<h3><a href=\"https:\/\/search.211md.org\/\" target=\"_blank\" rel=\"noopener\">Rech\u00e8ch baz done resous<\/a><\/h3><p>Jwenn resous esansy\u00e8l nan baz done ki pi konpl\u00e8 sou bezwen ki pa satisf\u00e8 nan eta a.<\/p>\n\t\t\t<a href=\"https:\/\/search.211md.org\/\" target=\"_blank\" rel=\"noopener\">\n\t\t\t\t\t\t\tCh\u00e8che Kounye a\n\t\t\t\t\t<\/a>\n\t\t<figure itemscope=\"\" itemtype=\"https:\/\/schema.org\/ImageObject\">\n\t\t\t\t<a href=\"\/ht\/sou\/mesaj-teks\/\" target=\"_self\" itemprop=\"url\">\n\t\t\t\t<img decoding=\"async\" src=\"https:\/\/211md.org\/wp-content\/uploads\/bb-plugin\/cache\/About-One-Stop-2-circle-42d490bec6afa7775023868490c61c80-.png\" alt=\"Yon moun ki kanpe l\u00e8 l s\u00e8vi av\u00e8k yon telef\u00f2n mobil\" height=\"525\" width=\"596\" title=\"About-One Stop-2\" onerror=\"this.style.display='none'\" loading=\"lazy\">\n\t\t\t\t<\/a>\n\t<\/figure>\n<h3><a href=\"\/ht\/sou\/mesaj-teks\/\" target=\"_self\">Kontiny\u00e8l, mesaj t\u00e8ks sip\u00f2<\/a><\/h3><p>Mesaj t\u00e8ks koutim angle ak pany\u00f2l enf\u00f2me ak enspire sou demann.<\/p>\n\t\t\t<a href=\"\/ht\/sou\/mesaj-teks\/\" target=\"_self\">\n\t\t\t\t\t\t\tEnskri\n\t\t\t\t\t<\/a>\n\t\t7,000+\n\t\t\t\t\tAgencies &amp; Programs\n\t\t150+\n\t\t\t\t\tAvailable Languages\n\t\t24\/7\/365\n\t\t\t\t\tReady to Help\n\t\t200k\n\t\t\t\t\tText Subscribers\n<h2>\n\t\t\tKons\u00e8nan vwayaj nou an\t<\/h2>\n\t<p>Pandan ke travay yo te k\u00f2manse nan ane 1960 yo pou devlope yon enf\u00f2masyon santral ak resous referans, se plizy\u00e8 deseni apre ke 211 te vin yon s\u00e8l-stop connecteur pou sante ak s\u00e8vis imen nan Maryland.<\/p>\n<h2>\n\t\t\t1960\t<\/h2>\n\t<p>Baltimore Council of Social Agencies dirije premye ef\u00f2 pou devlope yon enf\u00f2masyon santral ak s\u00e8vis referans.<\/p>\n\t<p>Health and Welfare Council inisye premye tantativ pou kreye yon baz done konpl\u00e8 sou sante ak s\u00e8vis imen pou Maryland.<\/p>\n<h2>\n\t\t\t1983\t<\/h2>\n<h2>\n\t\t\t2000\t<\/h2>\n\t<p>Federal Communications Commission (FCC) deziyen 211 k\u00f2m k\u00f2d aks\u00e8 nasyonal 3 chif pou enf\u00f2masyon ak referans sou sante ak s\u00e8vis imen.<\/p>\n<p>United Way of Central Maryland (UWCM) rasanble 211 Maryland Task Force pou prepare ak planifye pou sist\u00e8m 211 Maryland la.<\/p>\n\t<p>Lejislasyon eta a etabli 211 k\u00f2m enf\u00f2masyon prensipal ak nimewo telef\u00f2n referans pou s\u00e8vis sante ak moun nan Maryland.<\/p>\n<p>Kat sant ap\u00e8l rejyonal yo (Community Crisis Services, Life Crisis Center, Asosyasyon Sante Mantal Frederick County ak United Way of Central Maryland) dak\u00f2 pou yo patisipe nan yon Pwoj\u00e8 Pil\u00f2t dezan.<\/p>\n<h2>\n\t\t\t2004\t<\/h2>\n<h2>\n\t\t\t2010\t<\/h2>\n\t<p>Enk\u00f2porasyon &quot;Maryland Information Network, 211 Maryland, Inc.&quot;<\/p>\n\t<p>211 Maryland reyalize estati 501(c)(3) san bi likratif epi k\u00f2manse aplikasyon.<\/p>\n<h2>\n\t\t\t2011\t<\/h2>\n<h2>\n\t\t\t2018\t<\/h2>\n\t<p>211 Maryland entegre liy dir\u00e8k pou kriz 1-800 nan tout eta a nan sist\u00e8m 211 pou kreye 211 Press 1, ki kounye a se 988.<\/p>\n\t<p>Lejislasyon eta a mete kontw\u00f2l sist\u00e8m 211 Maryland nan 211 MD, Inc.<\/p>\n<h2>\n\t\t\t2020\t<\/h2>\n\t\t\t<a href=\"\/ht\/patne\/\" target=\"_self\">\n\t\t\t\t\t\t\tAnn Patn\u00e8\n\t\t\t\t\t<\/a>","protected":false},"excerpt":{"rendered":"<p>211 se Sist\u00e8m Enf\u00f2masyon ak Referans s\u00e8vis sante ak s\u00e8vis imen ki pi konpl\u00e8 nan eta Maryland. Av\u00e8k plis pase 7,500 resous, moun ki gen bezwen esansy\u00e8l yo ka jwenn \u00e8d lokal 24\/7\/365. Maryland Information Network, yon \u00f2ganizasyon san bi likratif 501(c)(3), se administrat\u00e8 s\u00e8vis 211 yo otorize pa eta a nan Maryland. Jwenn \u00c8d nan Maryland 211 ka ede ak...<\/p>","protected":false},"author":8,"featured_media":1830,"parent":0,"menu_order":0,"comment_status":"closed","ping_status":"closed","template":"","meta":{"footnotes":""},"class_list":["post-521","page","type-page","status-publish","has-post-thumbnail","hentry"],"_links":{"self":[{"href":"https:\/\/211md.org\/ht\/wp-json\/wp\/v2\/pages\/521","targetHints":{"allow":["GET"]}}],"collection":[{"href":"https:\/\/211md.org\/ht\/wp-json\/wp\/v2\/pages"}],"about":[{"href":"https:\/\/211md.org\/ht\/wp-json\/wp\/v2\/types\/page"}],"author":[{"embeddable":true,"href":"https:\/\/211md.org\/ht\/wp-json\/wp\/v2\/users\/8"}],"replies":[{"embeddable":true,"href":"https:\/\/211md.org\/ht\/wp-json\/wp\/v2\/comments?post=521"}],"version-history":[{"count":8,"href":"https:\/\/211md.org\/ht\/wp-json\/wp\/v2\/pages\/521\/revisions"}],"predecessor-version":[{"id":34425,"href":"https:\/\/211md.org\/ht\/wp-json\/wp\/v2\/pages\/521\/revisions\/34425"}],"wp:featuredmedia":[{"embeddable":true,"href":"https:\/\/211md.org\/ht\/wp-json\/wp\/v2\/media\/1830"}],"wp:attachment":[{"href":"https:\/\/211md.org\/ht\/wp-json\/wp\/v2\/media?parent=521"}],"curies":[{"name":"wp","href":"https:\/\/api.w.org\/{rel}","templated":true}]}}