{"id":669,"date":"2021-04-01T18:13:40","date_gmt":"2021-04-01T18:13:40","guid":{"rendered":"https:\/\/211md.org\/?page_id=669"},"modified":"2026-03-20T16:48:21","modified_gmt":"2026-03-20T20:48:21","slug":"faq","status":"publish","type":"page","link":"https:\/\/211md.org\/ht\/about\/faq\/","title":{"rendered":"211 FAQ MD"},"content":{"rendered":"<h2>Kesyon yo poze souvan<\/h2>\n<p>Aprann plis bagay sou kesyon souvan poze souvan (FAQ) jeneral nou yo anba a oubyen <a href=\"https:\/\/211md.org\/ht\/patne\/#faq\">vizite paj Patn\u00e8 nou an<\/a> pou FAQ Patn\u00e8 yo.<\/p>\n\t\t\t\t\t<h3 id=\"fl-accordion--label-0\" tabindex=\"0\" aria-controls=\"fl-accordion--panel-0\">ki sa ki 211 Maryland?<\/h3>\n\t\t\t\t\t\t\t\t\t\t\t<a href=\"#\" id=\"fl-accordion--icon-0\"  tabindex=\"0\"><i title=\"Redwi\">Redwi<\/i><\/a>\n\t\t\t\t\t<p>211 se Sist\u00e8m Enf\u00f2masyon ak Referans ki pi konpl\u00e8 nan eta a sou s\u00e8vis sante ak s\u00e8vis imen. Av\u00e8k plis pase 7,500 resous, moun ki gen bezwen esansy\u00e8l yo ka jwenn \u00e8d lokal 24 sou 24, 7 jou sou 7, 365 jou sou 7. 211 Maryland se yon s\u00e8vis gratis e konfidansy\u00e8l, ak tradiksyon disponib nan plis pase 150 lang.<\/p>\n<p>La\u00a0<a href=\"https:\/\/mdinfonet.org\/\" target=\"_blank\" rel=\"noopener\">Rezo enf\u00f2masyon Maryland<\/a>, yon \u00f2ganizasyon san bi likratif 501(c)3, se administrat\u00e8 leta deziyen pou sist\u00e8m 211 la nan Maryland.<\/p>\n\t\t\t\t\t<h3 id=\"fl-accordion--label-1\" tabindex=\"0\" aria-controls=\"fl-accordion--panel-1\">Kouman pou mwen jwenn aks\u00e8 nan 211 Maryland Resources?<\/h3>\n\t\t\t\t\t\t\t\t\t\t\t<a href=\"#\" id=\"fl-accordion--icon-1\"  tabindex=\"0\"><i title=\"Elaji\">Elaji<\/i><\/a>\n\t\t\t\t\t<p>Konekte 24\/7\/365 ak 211 pa:<\/p>\n<ul>\n<li>Rele\u00a0<strong>211\u00a0<\/strong>soti nan nenp\u00f2t telef\u00f2n.<\/li>\n<li><a href=\"https:\/\/search.211md.org\/\" target=\"_blank\" rel=\"noopener\">Ch\u00e8che baz done nou an.<\/a><\/li>\n<li><a href=\"https:\/\/211md.org\/ht\/sou\/mesaj-teks\/\" rel=\"noopener\">Enskri pou sip\u00f2 kontiny\u00e8l, mesaj t\u00e8ks<\/a>.<\/li>\n<\/ul>\n<p>Se yon resous kominot\u00e8 GRATIS ak konfidansy\u00e8l ki disponib pou\u00a0<u>tout moun<\/u>\u00a0nan Maryland. S\u00e8vis mesaj t\u00e8ks ak done ka aplike.<\/p>\n\t\t\t\t\t<h3 id=\"fl-accordion--label-2\" tabindex=\"0\" aria-controls=\"fl-accordion--panel-2\">Ki nimewo telef\u00f2n 211 Maryland?<\/h3>\n\t\t\t\t\t\t\t\t\t\t\t<a href=\"#\" id=\"fl-accordion--icon-2\"  tabindex=\"0\"><i title=\"Elaji\">Elaji<\/i><\/a>\n\t\t\t\t\t<p>Kontakte 211 Maryland nan nimewo sa a. Espesyalis yo disponib 24 sou 24, 7 jou sou 7, 365 jou sou 7.<\/p>\n\t\t\t\t\t<h3 id=\"fl-accordion--label-3\" tabindex=\"0\" aria-controls=\"fl-accordion--panel-3\">Kil\u00e8 mwen ka rele 211 Maryland?<\/h3>\n\t\t\t\t\t\t\t\t\t\t\t<a href=\"#\" id=\"fl-accordion--icon-3\"  tabindex=\"0\"><i title=\"Elaji\">Elaji<\/i><\/a>\n\t\t\t\t\t<p>211 disponib 24 \u00e8dtan pa jou, 7 jou sou 7, 365 jou pa ane.<\/p>\n\t\t\t\t\t<h3 id=\"fl-accordion--label-4\" tabindex=\"0\" aria-controls=\"fl-accordion--panel-4\">Kijan 211 Maryland ka ede m?<\/h3>\n\t\t\t\t\t\t\t\t\t\t\t<a href=\"#\" id=\"fl-accordion--icon-4\"  tabindex=\"0\"><i title=\"Elaji\">Elaji<\/i><\/a>\n\t\t\t\t\t<p><strong>Enf\u00f2masyon ak Rek\u00f2mandasyon anpatik\u00a0<\/strong>Espesyalis yo konprann li ka difisil pou navige nan labirent pafwa konfizyon resous sante ak resous imen yo. Y ap itilize k\u00f2d postal ou a pou f\u00e8 rech\u00e8ch nan baz done resous ajou nou an ki gen plis pase 7,000 ajans ak s\u00e8vis. N ap mete w an kontak ak pi bon \u00f2ganizasyon ak s\u00e8vis ki toupre w yo epi reponn kesyon sou bezwen sa yo ki poko satisf\u00e8:<\/p>\n<ul>\n<li>Manje<\/li>\n<li>Lojman ak abri<\/li>\n<li>Abri ijans<\/li>\n<li>Asistans s\u00e8vis piblik<\/li>\n<li>Asistans finansye<\/li>\n<li>Sante mantal<\/li>\n<li>Abi sibstans<\/li>\n<li>Ent\u00e8vansyon swisid ak kriz<\/li>\n<li>T\u00e8s COVID-19<\/li>\n<li>Swen Sante<\/li>\n<li>Timoun ak fanmi (gadri, sip\u00f2 paran, founiti ak rad ak preparasyon pou lek\u00f2l)<\/li>\n<li>Aje ak andikap<\/li>\n<li>S\u00e8vis legal<\/li>\n<li>Enf\u00f2masyon sou preparasyon taks<\/li>\n<li>Veteran yo<\/li>\n<li>Vyolans domestik<\/li>\n<li>Travay<\/li>\n<li>Transp\u00f2<\/li>\n<\/ul>\n<p>Nan fen ap\u00e8l la, ou pral pare pou pran aksyon pou jwenn \u00e8d ou bezwen an.<\/p>\n\t\t\t\t\t<h3 id=\"fl-accordion--label-5\" tabindex=\"0\" aria-controls=\"fl-accordion--panel-5\">Kisa mwen ka atann l\u00e8 mwen rele?<\/h3>\n\t\t\t\t\t\t\t\t\t\t\t<a href=\"#\" id=\"fl-accordion--icon-5\"  tabindex=\"0\"><i title=\"Elaji\">Elaji<\/i><\/a>\n\t\t\t\t\t<ol>\n<li>Rele 211.<\/li>\n<li>Yon espesyalis 211 pral\u00a0<strong>koute<\/strong>\u00a0nan enkyetid ou yo.<\/li>\n<li>Espesyalis la ap poze kesyon\u00a0<strong>idantifye bezwen ou pa satisf\u00e8<\/strong>.<\/li>\n<li>Ou pral bay ou<strong>\u00a0kote<\/strong>\u00a0pou ede det\u00e8mine resous nan z\u00f2n ou an.<\/li>\n<li>Ou ka bay\u00a0<strong>enf\u00f2masyon kontak<\/strong>\u00a0si ou ta renmen yon ap\u00e8l swivi pou ofri resous adisyon\u00e8l.<\/li>\n<li>Espesyalis resous ap\u00e8l la konekte ou ak\u00a0<strong>resous yo<\/strong>.<\/li>\n<\/ol>\n<p>Tout ap\u00e8l yo konfidansy\u00e8l.<\/p>\n\t\t\t\t\t<h3 id=\"fl-accordion--label-6\" tabindex=\"0\" aria-controls=\"fl-accordion--panel-6\">E Si Telef\u00f2n Selil\u00e8 Mwen Pa P Konekte Ak 211 Maryland?<\/h3>\n\t\t\t\t\t\t\t\t\t\t\t<a href=\"#\" id=\"fl-accordion--icon-6\"  tabindex=\"0\"><i title=\"Elaji\">Elaji<\/i><\/a>\n\t\t\t\t\t<p>Pif\u00f2 telef\u00f2n yo sip\u00f2te rele 211. Si ou gen yon pwobl\u00e8m, ou ka rele tou:<\/p>\n<ul>\n<li>Sid (Kapital) Maryland: 1-866-770-1910<\/li>\n<li>Santral Maryland: 1-866-406-8156<\/li>\n<li>Eastern Shore: 1-866-231-7101<\/li>\n<li>Lw\u00e8s Maryland: 1-866-411-6803<\/li>\n<\/ul>\n\t\t\t\t\t<h3 id=\"fl-accordion--label-7\" tabindex=\"0\" aria-controls=\"fl-accordion--panel-7\">E si mwen soud oswa mwen mal pou tande?<\/h3>\n\t\t\t\t\t\t\t\t\t\t\t<a href=\"#\" id=\"fl-accordion--icon-7\"  tabindex=\"0\"><i title=\"Elaji\">Elaji<\/i><\/a>\n\t\t\t\t\t<p>Rele 7-1-1 pou jwenn aks\u00e8 nan 211 Maryland atrav\u00e8 Maryland Relay.<\/p>\n\t\t\t\t\t<h3 id=\"fl-accordion--label-8\" tabindex=\"0\" aria-controls=\"fl-accordion--panel-8\">Ki lang ki disponib?<\/h3>\n\t\t\t\t\t\t\t\t\t\t\t<a href=\"#\" id=\"fl-accordion--icon-8\"  tabindex=\"0\"><i title=\"Elaji\">Elaji<\/i><\/a>\n\t\t\t\t\t<p>Espesyalis ki pale angle ak pany\u00f2l yo disponib, ansanm ak tradiksyon nan plis pase 150 lang.<\/p>\n\t\t\t\t\t<h3 id=\"fl-accordion--label-9\" tabindex=\"0\" aria-controls=\"fl-accordion--panel-9\">\u00c8ske mwen ka ch\u00e8che resous t\u00e8t mwen?<\/h3>\n\t\t\t\t\t\t\t\t\t\t\t<a href=\"#\" id=\"fl-accordion--icon-9\"  tabindex=\"0\"><i title=\"Elaji\">Elaji<\/i><\/a>\n\t\t\t\t\t<p>Wi! Baz done sou ent\u00e8n\u00e8t nou an gen plis pase 7,000 resous nan tout eta a.<\/p>\n<p>Ch\u00e8che pa\u00a0<strong>mo kle\u00a0<\/strong>oswa ou<strong> kote. <\/strong>Ale nan\u00a0<a href=\"https:\/\/search.211md.org\/\" target=\"_blank\" rel=\"noopener\">search.211md.org<\/a>\u00a0pou k\u00f2manse rech\u00e8ch ou jodi a.<\/p>\n\t\t\t\t\t<h3 id=\"fl-accordion--label-10\" tabindex=\"0\" aria-controls=\"fl-accordion--panel-10\">Kouman mwen ka jwenn sip\u00f2 kontiny\u00e8l?<\/h3>\n\t\t\t\t\t\t\t\t\t\t\t<a href=\"#\" id=\"fl-accordion--icon-10\"  tabindex=\"0\"><i title=\"Elaji\">Elaji<\/i><\/a>\n\t\t\t\t\t<p>211 Maryland ofri\u00a0<a href=\"\/ht\/sou\/mesaj-teks\/\">sip\u00f2 mesaj t\u00e8ks kontiny\u00e8l<\/a>\u00a0an Angle ak Pany\u00f2l. Enskri pa t\u00e8ks nenp\u00f2t nan mo kle sa yo nan 898-211 (TXT211).<\/p>\n<ul>\n<li>Aje ak andikap: MDAging<\/li>\n<li>Krim rayisab ak ensidan: MDStopHate<\/li>\n<li>Parente: MDKinCares<\/li>\n<li>Byenn\u00e8t mantal: MDMindHealth | MDSaludMental<\/li>\n<li>Sante mantal j\u00e8n timoun: MDYoungMinds<\/li>\n<li>Ev\u00e8nman MidShore ak resous kominot\u00e8: MidShore<\/li>\n<li>Sip\u00f2 opioid: MHDope<\/li>\n<li>Pwogram Reantre pou moun ki nan prizon ak ansyen nan prizon ak fanmi yo: Reantre<\/li>\n<li>Veteran: MDCom2Vets<\/li>\n<li>Byenn\u00e8t: MDWellness<\/li>\n<\/ul>\n<p>Enskri l\u00e8 w voye mesaj t\u00e8ks nenp\u00f2t nan mo kle sa yo nan 211-631 (211MD1).<\/p>\n<ul>\n<li>Preparasyon pou katastw\u00f2f: MDReady | MDListo<\/li>\n<\/ul>\n<p><em>211 Maryland ofri pwogram al\u00e8t mesaj t\u00e8ks ki bay enf\u00f2masyon sou resous espesifik rejyon yo oswa bay al\u00e8t pou katastw\u00f2f. Pousantaj mesaj ak done yo ka aplike. Frekans mesaj yo ka varye. T\u00e8ks STOP nan menm nimewo a pou dezab\u00f2ne. Pou \u00e8d, ekri HELP. T\u00e8m konpl\u00e8 SMS nan\u00a0<a href=\"https:\/\/211md.org\/ht\/sms\/\">https:\/\/211md.org\/sms\/<\/a>\u00a0epi\u00a0<a href=\"https:\/\/211md.org\/ht\/politik-konfidansyalite\/\">politik konfidansyalite<\/a>\u00a0pral aplike tou.\u00a0<\/em><\/p>","protected":false},"excerpt":{"rendered":"<p>Kesyon yo poze souvan Aprann plis bagay sou FAQ jeneral nou yo anba a oubyen vizite paj Patn\u00e8 nou an pou FAQ Patn\u00e8 yo. Kisa 211 Maryland ye? Collapse 211 se Sist\u00e8m Enf\u00f2masyon ak Referans s\u00e8vis sante ak imen ki pi konpl\u00e8 nan eta a. Av\u00e8k plis pase 7,500 resous, moun ki gen bezwen esansy\u00e8l yo ka jwenn \u00e8d lokal 24\/7\/365. 211 Maryland se yon...<\/p>","protected":false},"author":8,"featured_media":1622,"parent":521,"menu_order":0,"comment_status":"closed","ping_status":"closed","template":"","meta":{"footnotes":""},"class_list":["post-669","page","type-page","status-publish","has-post-thumbnail","hentry"],"_links":{"self":[{"href":"https:\/\/211md.org\/ht\/wp-json\/wp\/v2\/pages\/669","targetHints":{"allow":["GET"]}}],"collection":[{"href":"https:\/\/211md.org\/ht\/wp-json\/wp\/v2\/pages"}],"about":[{"href":"https:\/\/211md.org\/ht\/wp-json\/wp\/v2\/types\/page"}],"author":[{"embeddable":true,"href":"https:\/\/211md.org\/ht\/wp-json\/wp\/v2\/users\/8"}],"replies":[{"embeddable":true,"href":"https:\/\/211md.org\/ht\/wp-json\/wp\/v2\/comments?post=669"}],"version-history":[{"count":3,"href":"https:\/\/211md.org\/ht\/wp-json\/wp\/v2\/pages\/669\/revisions"}],"predecessor-version":[{"id":33896,"href":"https:\/\/211md.org\/ht\/wp-json\/wp\/v2\/pages\/669\/revisions\/33896"}],"up":[{"embeddable":true,"href":"https:\/\/211md.org\/ht\/wp-json\/wp\/v2\/pages\/521"}],"wp:featuredmedia":[{"embeddable":true,"href":"https:\/\/211md.org\/ht\/wp-json\/wp\/v2\/media\/1622"}],"wp:attachment":[{"href":"https:\/\/211md.org\/ht\/wp-json\/wp\/v2\/media?parent=669"}],"curies":[{"name":"wp","href":"https:\/\/api.w.org\/{rel}","templated":true}]}}