{"id":707,"date":"2021-04-05T20:35:47","date_gmt":"2021-04-05T20:35:47","guid":{"rendered":"https:\/\/211md.org\/?page_id=707"},"modified":"2023-10-31T14:58:30","modified_gmt":"2023-10-31T18:58:30","slug":"done-2","status":"publish","type":"page","link":"https:\/\/211md.org\/ht\/data\/","title":{"rendered":"Done"},"content":{"rendered":"<img decoding=\"async\" src=\"https:\/\/211md.org\/wp-content\/uploads\/2021\/05\/Find-Your-Story.png\" alt=\"Yon men ki kenbe yon loup kap gade imaj pwofil yon varyete moun\" itemprop=\"image\" title=\"Jwenn istwa ou\" onerror=\"this.style.display='none'\">\n\t<h2>Chak Moun Gen Yon Istwa<\/h2>\n<p><strong>Nou pote istwa yo nan kominote w la nan lavi ak done nou yo.<\/strong><\/p>\n<p>Jwenn enf\u00f2masyon istorik ak an tan rey\u00e8l pou pran desizyon estratejik ak tablodb\u00f2 done segment\u00e9. Dekouvri tandans demografik ak jeyografik. Done yo mete ajou chak sem\u00e8n.<\/p>\n<h2>\n\t\tEksplore done nou yo\n\t<\/h2>\n\t\t\t\t<a href=\"https:\/\/app.powerbi.com\/view?r=eyJrIjoiNjQ1ODhiMGUtODc0OC00NjcyLWJjOTgtNTE3YTNlM2E0OTcyIiwidCI6ImJjNTRlYmRiLTU3NDYtNDZmYS1iOGM0LWVkZWFkNjE2MmY2ZCIsImMiOjF9\" target=\"_blank\" rel=\"noopener\" itemprop=\"url\">\n\t\t\t\t<img decoding=\"async\" src=\"https:\/\/211md.org\/wp-content\/uploads\/bb-plugin\/cache\/contacts-2-square.png\" alt=\"Yon foul moun\" itemprop=\"image\" title=\"kontak (2)\" onerror=\"this.style.display='none'\">\n\t\t\t\t<\/a>\n<h3><a href=\"https:\/\/app.powerbi.com\/view?r=eyJrIjoiNjQ1ODhiMGUtODc0OC00NjcyLWJjOTgtNTE3YTNlM2E0OTcyIiwidCI6ImJjNTRlYmRiLTU3NDYtNDZmYS1iOGM0LWVkZWFkNjE2MmY2ZCIsImMiOjF9\" target=\"_blank\" rel=\"noopener\">Kontak<\/a><\/h3>\t\t\n<p>Jwenn done sou konbyen Maryland\u00e8 bezwen \u00e8d nan yon konte espesifik oswa k\u00f2d postal.<\/p>\n<a href=\"https:\/\/app.powerbi.com\/view?r=eyJrIjoiNjQ1ODhiMGUtODc0OC00NjcyLWJjOTgtNTE3YTNlM2E0OTcyIiwidCI6ImJjNTRlYmRiLTU3NDYtNDZmYS1iOGM0LWVkZWFkNjE2MmY2ZCIsImMiOjF9\" rel=\"noopener\" target=\"_blank\">Gade tablodb\u00f2<\/a>\t\t\n\t\t\t\t<a href=\"https:\/\/app.powerbi.com\/view?r=eyJrIjoiZjZiYTc5M2UtOWUzYS00MWRjLThhM2EtZTg2Y2QxYzljZGE1IiwidCI6ImJjNTRlYmRiLTU3NDYtNDZmYS1iOGM0LWVkZWFkNjE2MmY2ZCIsImMiOjF9&amp;pageName=ReportSection5aceecb1f28d8306afa3\" target=\"_blank\" rel=\"noopener\" itemprop=\"url\">\n\t\t\t\t<img decoding=\"async\" src=\"https:\/\/211md.org\/wp-content\/uploads\/bb-plugin\/cache\/Data-Post-Image-COVID-square.png\" alt=\"Yon selil COVID-19\" itemprop=\"image\" title=\"Done Post Imaj - COVID\" onerror=\"this.style.display='none'\">\n\t\t\t\t<\/a>\n<h3><a href=\"https:\/\/app.powerbi.com\/view?r=eyJrIjoiZjZiYTc5M2UtOWUzYS00MWRjLThhM2EtZTg2Y2QxYzljZGE1IiwidCI6ImJjNTRlYmRiLTU3NDYtNDZmYS1iOGM0LWVkZWFkNjE2MmY2ZCIsImMiOjF9&amp;pageName=ReportSection5aceecb1f28d8306afa3\" target=\"_blank\" rel=\"noopener\">KOVID 19<\/a><\/h3>\t\t\n\t\t\t<p>Dekouvri bezwen ki gen rap\u00f2 ak COVID-19 nan kominote w la, ki gen ladan detay espesifik sou t\u00e8s ak bezwen manje.<\/p>\n<a href=\"https:\/\/app.powerbi.com\/view?r=eyJrIjoiZjZiYTc5M2UtOWUzYS00MWRjLThhM2EtZTg2Y2QxYzljZGE1IiwidCI6ImJjNTRlYmRiLTU3NDYtNDZmYS1iOGM0LWVkZWFkNjE2MmY2ZCIsImMiOjF9&amp;pageName=ReportSection5aceecb1f28d8306afa3\" rel=\"noopener\" target=\"_blank\">Gade tablodb\u00f2<\/a>\t\t\n\t\t\t\t<a href=\"https:\/\/app.powerbi.com\/view?r=eyJrIjoiN2I5OTdiNWItZDNmMC00NDZkLWJhOTYtOWJmNTJiYzYwMmZiIiwidCI6ImJjNTRlYmRiLTU3NDYtNDZmYS1iOGM0LWVkZWFkNjE2MmY2ZCIsImMiOjF9\" target=\"_blank\" rel=\"noopener\" itemprop=\"url\">\n\t\t\t\t<img decoding=\"async\" src=\"https:\/\/211md.org\/wp-content\/uploads\/bb-plugin\/cache\/Data-Post-Image-Demographics-square.png\" alt=\"Yon gwoup moun kap souri nan kamera a\" itemprop=\"image\" title=\"Done Post Imaj - Demografik\" onerror=\"this.style.display='none'\">\n\t\t\t\t<\/a>\n<h3><a href=\"https:\/\/app.powerbi.com\/view?r=eyJrIjoiN2I5OTdiNWItZDNmMC00NDZkLWJhOTYtOWJmNTJiYzYwMmZiIiwidCI6ImJjNTRlYmRiLTU3NDYtNDZmYS1iOGM0LWVkZWFkNjE2MmY2ZCIsImMiOjF9\" target=\"_blank\" rel=\"noopener\">Demografik<\/a><\/h3>\t\t\n<p>Eksplore demografik 211 kontak Maryland yo.<\/p>\n<a href=\"https:\/\/app.powerbi.com\/view?r=eyJrIjoiN2I5OTdiNWItZDNmMC00NDZkLWJhOTYtOWJmNTJiYzYwMmZiIiwidCI6ImJjNTRlYmRiLTU3NDYtNDZmYS1iOGM0LWVkZWFkNjE2MmY2ZCIsImMiOjF9\" rel=\"noopener\" target=\"_blank\">Gade tablodb\u00f2<\/a>\t\t\n\t\t\t\t<a href=\"https:\/\/app.powerbi.com\/view?r=eyJrIjoiN2UwMGViNTctMDliYS00MGI3LTk4ZTMtZmNkN2NmZWNkMDk4IiwidCI6ImJjNTRlYmRiLTU3NDYtNDZmYS1iOGM0LWVkZWFkNjE2MmY2ZCIsImMiOjF9&amp;pageName=ReportSection5aceecb1f28d8306afa3\" target=\"_blank\" rel=\"noopener\" itemprop=\"url\">\n\t\t\t\t<img decoding=\"async\" src=\"https:\/\/211md.org\/wp-content\/uploads\/bb-plugin\/cache\/Data-Post-Image-Food-Insecurity-square.png\" alt=\"Yon moun k ap dechaje yon bwat manje\" itemprop=\"image\" title=\"Done Post Imaj - Ensekirite Manje\" onerror=\"this.style.display='none'\">\n\t\t\t\t<\/a>\n<h3><a href=\"https:\/\/app.powerbi.com\/view?r=eyJrIjoiN2UwMGViNTctMDliYS00MGI3LTk4ZTMtZmNkN2NmZWNkMDk4IiwidCI6ImJjNTRlYmRiLTU3NDYtNDZmYS1iOGM0LWVkZWFkNjE2MmY2ZCIsImMiOjF9&amp;pageName=ReportSection5aceecb1f28d8306afa3\" target=\"_blank\" rel=\"noopener\">COVID-19 Ensekirite Manje<\/a><\/h3>\t\t\n<p>Jwenn kote ki gen pi gwo ensekirite alimant\u00e8 pandan COVID-19.<\/p>\n<a href=\"https:\/\/app.powerbi.com\/view?r=eyJrIjoiN2UwMGViNTctMDliYS00MGI3LTk4ZTMtZmNkN2NmZWNkMDk4IiwidCI6ImJjNTRlYmRiLTU3NDYtNDZmYS1iOGM0LWVkZWFkNjE2MmY2ZCIsImMiOjF9&amp;pageName=ReportSection5aceecb1f28d8306afa3\" rel=\"noopener\" target=\"_blank\">Gade tablodb\u00f2<\/a>\t\t\n\t\t\t\t<a href=\"https:\/\/app.powerbi.com\/view?r=eyJrIjoiZDcxYWJlYjEtODQ5NC00N2ZlLTlhYTEtZjliYzkzZTExNjgxIiwidCI6ImJjNTRlYmRiLTU3NDYtNDZmYS1iOGM0LWVkZWFkNjE2MmY2ZCIsImMiOjF9&amp;pageName=ReportSection\" target=\"_blank\" rel=\"noopener\" itemprop=\"url\">\n\t\t\t\t<img decoding=\"async\" src=\"https:\/\/211md.org\/wp-content\/uploads\/bb-plugin\/cache\/Data-Post-Image-Needs-square.png\" alt=\"Drapo Maryland\" itemprop=\"image\" title=\"Done Post Imaj - Bezwen\" onerror=\"this.style.display='none'\">\n\t\t\t\t<\/a>\n<h3><a href=\"https:\/\/app.powerbi.com\/view?r=eyJrIjoiZDcxYWJlYjEtODQ5NC00N2ZlLTlhYTEtZjliYzkzZTExNjgxIiwidCI6ImJjNTRlYmRiLTU3NDYtNDZmYS1iOGM0LWVkZWFkNjE2MmY2ZCIsImMiOjF9&amp;pageName=ReportSection\" target=\"_blank\" rel=\"noopener\">Bezwen<\/a><\/h3>\t\t\n\t\t\t<p>Eksplore bezwen sante ak s\u00e8vis imen ak fason yo te chanje sou tan. Epitou, dekouvri bezwen ki pa satisf\u00e8.<\/p>\n<a href=\"https:\/\/app.powerbi.com\/view?r=eyJrIjoiZDcxYWJlYjEtODQ5NC00N2ZlLTlhYTEtZjliYzkzZTExNjgxIiwidCI6ImJjNTRlYmRiLTU3NDYtNDZmYS1iOGM0LWVkZWFkNjE2MmY2ZCIsImMiOjF9&amp;pageName=ReportSection\" rel=\"noopener\" target=\"_blank\">Gade tablodb\u00f2<\/a>\t\t\n\t\t\t\t<a href=\"https:\/\/app.powerbi.com\/view?r=eyJrIjoiOGJlY2U1OGItMDBmOS00NTI5LTgzNTQtYWU0ZjkxZWYzNTJhIiwidCI6ImJjNTRlYmRiLTU3NDYtNDZmYS1iOGM0LWVkZWFkNjE2MmY2ZCIsImMiOjF9\" target=\"_blank\" rel=\"noopener\" itemprop=\"url\">\n\t\t\t\t<img decoding=\"async\" src=\"https:\/\/211md.org\/wp-content\/uploads\/bb-plugin\/cache\/agencies-square.png\" alt=\"Yon bilding mod\u00e8n\" itemprop=\"image\" title=\"ajans yo\" onerror=\"this.style.display='none'\">\n\t\t\t\t<\/a>\n<h3><a href=\"https:\/\/app.powerbi.com\/view?r=eyJrIjoiOGJlY2U1OGItMDBmOS00NTI5LTgzNTQtYWU0ZjkxZWYzNTJhIiwidCI6ImJjNTRlYmRiLTU3NDYtNDZmYS1iOGM0LWVkZWFkNjE2MmY2ZCIsImMiOjF9\" target=\"_blank\" rel=\"noopener\">Ajans referans yo<\/a><\/h3>\t\t\n<p>Dekouvri ajans yo 211 refere Marylanders yo, ak bezwen esansy\u00e8l yo adrese.<\/p>\n<a href=\"https:\/\/app.powerbi.com\/view?r=eyJrIjoiOGJlY2U1OGItMDBmOS00NTI5LTgzNTQtYWU0ZjkxZWYzNTJhIiwidCI6ImJjNTRlYmRiLTU3NDYtNDZmYS1iOGM0LWVkZWFkNjE2MmY2ZCIsImMiOjF9\" rel=\"noopener\" target=\"_blank\">Gade tablodb\u00f2<\/a>\t\t\n\t<h2>Dashboard Done Customized<\/h2>\n<p>Bezwen yon pake done Customized oswa yon tablodb\u00f2 ab\u00f2nman ak plis enf\u00f2masyon? Jwenn mezi adisyon\u00e8l tankou ajans ki resevwa plis referans 211 Maryland ak plis ank\u00f2. Anplis de sa, nou pral entegre done nou yo nan tablodb\u00f2 \u00f2ganizasyon w lan pou dekouvri enf\u00f2masyon ki gen plis enpak.<\/p>\n<p><strong>Kontakte nou jodi a sou yon tablodb\u00f2 done Customized, oswa kesyon done jeneral.<\/strong><\/p>","protected":false},"excerpt":{"rendered":"<p>Chak moun gen yon istwa Nou pote istwa kominote w la bay lavi ak done nou yo. Jwenn enf\u00f2masyon istorik ak an tan rey\u00e8l pou pran desizyon estratejik ak tablodb\u00f2 done segment\u00e9. Dekouvri tandans demografik ak jeyografik. Done yo mete ajou chak sem\u00e8n. Eksplore Done Kontak nou yo Jwenn done sou konbyen Maryland\u00e8 bezwen \u00e8d nan yon konte espesifik oswa...<\/p>","protected":false},"author":8,"featured_media":1631,"parent":0,"menu_order":0,"comment_status":"closed","ping_status":"closed","template":"","meta":{"footnotes":""},"class_list":["post-707","page","type-page","status-publish","has-post-thumbnail","hentry"],"_links":{"self":[{"href":"https:\/\/211md.org\/ht\/wp-json\/wp\/v2\/pages\/707","targetHints":{"allow":["GET"]}}],"collection":[{"href":"https:\/\/211md.org\/ht\/wp-json\/wp\/v2\/pages"}],"about":[{"href":"https:\/\/211md.org\/ht\/wp-json\/wp\/v2\/types\/page"}],"author":[{"embeddable":true,"href":"https:\/\/211md.org\/ht\/wp-json\/wp\/v2\/users\/8"}],"replies":[{"embeddable":true,"href":"https:\/\/211md.org\/ht\/wp-json\/wp\/v2\/comments?post=707"}],"version-history":[{"count":0,"href":"https:\/\/211md.org\/ht\/wp-json\/wp\/v2\/pages\/707\/revisions"}],"wp:featuredmedia":[{"embeddable":true,"href":"https:\/\/211md.org\/ht\/wp-json\/wp\/v2\/media\/1631"}],"wp:attachment":[{"href":"https:\/\/211md.org\/ht\/wp-json\/wp\/v2\/media?parent=707"}],"curies":[{"name":"wp","href":"https:\/\/api.w.org\/{rel}","templated":true}]}}