{"id":719,"date":"2021-04-05T21:15:11","date_gmt":"2021-04-05T21:15:11","guid":{"rendered":"https:\/\/211md.org\/?page_id=719"},"modified":"2024-09-19T06:31:43","modified_gmt":"2024-09-19T10:31:43","slug":"karye","status":"publish","type":"page","link":"https:\/\/211md.org\/ht\/about\/careers\/","title":{"rendered":"Kary\u00e8"},"content":{"rendered":"<h2>Yon Kary\u00e8 Ki F\u00e8 Yon Diferans<\/h2>\n<p>211 Maryland se yon 501(c)(3) san bi likratif k ap grandi ak yon kantite nouvo inisyativ enteresan. Pou aplike, voye rezime w ak kondisyon sal\u00e8 yo bay&nbsp;<a href=\"mailto:info@211md.org\">info@211md.org<\/a>. Pa gen ap\u00e8l nan telef\u00f2n tanpri.<\/p>\n\t<h2>Pozisyon Louvri<\/h2>\n<p>Pa gen pozisyon ouv\u00e8 nan moman sa a.<\/p>\n\t<h2>Travay nan 211 Maryland, Inc<\/h2>\n<p>Mwen kw\u00e8 ke chak nan nou dwe jwenn siyifikasyon nan travay nou epi li rive nan pi bon li yo l\u00e8 ou konnen ke se pa s\u00e8lman travay, men se yon bagay ki ede amelyore lavi yo nan l\u00f2t moun. Anplwaye Maryland Information Network, ke yo rele tou 211 Maryland, f\u00e8 ef\u00f2 pou f\u00e8 yon diferans chak jou. Li k\u00f2manse ak nou&nbsp;<strong>Mak pwom\u00e8s<\/strong>&nbsp;<em>&quot;pou leve moun ak kominote yo l\u00e8 yo konekte moun ki pa satisf\u00e8 bezwen yo ak resous esansy\u00e8l yo.&quot;<\/em><\/p>\n<p>K\u00f2m konekt\u00e8 santral 24\/7\/365 pou sante ak s\u00e8vis imen pou eta a, nou gen yon rezo sant ap\u00e8l, ki se ewo k ap sip\u00f2te moun ki nan bezwen yo. Teknoloji nou an p\u00e8m\u00e8t nenp\u00f2t moun konekte av\u00e8k nou pa telef\u00f2n, t\u00e8ks oswa chat. Patn\u00e8 kominot\u00e8 nou yo ki travay av\u00e8k nou f\u00e8 li posib pou satisf\u00e8 bezwen plis pase 400,000 Maryland\u00e8 yo pa satisf\u00e8 chak ane.<\/p>\n<p>Vizyon \u00f2ganizasyon nou an mennen nou imajine f\u00e8 enposib la ak inovasyon nou an te pozisyone nou yo dwe yon lid\u00e8 nan dom\u00e8n nou an.<\/p>\n<p>Ekip 211 Maryland la byen sere. Pandan n ap agrandi ekip nou an, mwen eksite sou tout fason talan ak eksperyans yon moun f\u00f2me lavi Maryland\u00e8 yo ak kwasans pwofesyon\u00e8l endividy\u00e8l yo!<\/p>\n<p>\u2013 Quinton Askew, prezidan ak CEO<\/p>","protected":false},"excerpt":{"rendered":"<p>Yon kary\u00e8 ki f\u00e8 yon diferans 211 Maryland se yon 501(c)(3) san bi likratif k ap grandi ak yon kantite nouvo inisyativ enteresan. Pou aplike, voye rezime w ak kondisyon sal\u00e8 w yo nan info@211md.org. Pa gen ap\u00e8l nan telef\u00f2n tanpri. Pozisyon ouvri Pa gen pozisyon ouvri nan moman sa a. Travay nan 211 Maryland, Inc Mwen kw\u00e8 ke chak nan nou dwe jwenn siyifikasyon ...<\/p>","protected":false},"author":8,"featured_media":1630,"parent":521,"menu_order":0,"comment_status":"closed","ping_status":"closed","template":"","meta":{"footnotes":""},"class_list":["post-719","page","type-page","status-publish","has-post-thumbnail","hentry"],"_links":{"self":[{"href":"https:\/\/211md.org\/ht\/wp-json\/wp\/v2\/pages\/719","targetHints":{"allow":["GET"]}}],"collection":[{"href":"https:\/\/211md.org\/ht\/wp-json\/wp\/v2\/pages"}],"about":[{"href":"https:\/\/211md.org\/ht\/wp-json\/wp\/v2\/types\/page"}],"author":[{"embeddable":true,"href":"https:\/\/211md.org\/ht\/wp-json\/wp\/v2\/users\/8"}],"replies":[{"embeddable":true,"href":"https:\/\/211md.org\/ht\/wp-json\/wp\/v2\/comments?post=719"}],"version-history":[{"count":0,"href":"https:\/\/211md.org\/ht\/wp-json\/wp\/v2\/pages\/719\/revisions"}],"up":[{"embeddable":true,"href":"https:\/\/211md.org\/ht\/wp-json\/wp\/v2\/pages\/521"}],"wp:featuredmedia":[{"embeddable":true,"href":"https:\/\/211md.org\/ht\/wp-json\/wp\/v2\/media\/1630"}],"wp:attachment":[{"href":"https:\/\/211md.org\/ht\/wp-json\/wp\/v2\/media?parent=719"}],"curies":[{"name":"wp","href":"https:\/\/api.w.org\/{rel}","templated":true}]}}