{"id":746,"date":"2021-04-06T12:57:18","date_gmt":"2021-04-06T12:57:18","guid":{"rendered":"https:\/\/211md.org\/?page_id=746"},"modified":"2026-02-20T16:18:13","modified_gmt":"2026-02-20T21:18:13","slug":"manje","status":"publish","type":"page","link":"https:\/\/211md.org\/ht\/resources\/food\/","title":{"rendered":"Maryland&#8217;s Guide to Free Food"},"content":{"rendered":"<figure data-animation-delay=\"0\" data-animation-duration=\"1\" itemscope=\"\" itemtype=\"https:\/\/schema.org\/ImageObject\">\n\t\t\t\t<img decoding=\"async\" src=\"https:\/\/stg-maryland211-staging.kinsta.cloud\/wp-content\/uploads\/2025\/08\/5-1-scaled.png\" alt=\"5\" height=\"692\" width=\"2560\" title=\"5\" onerror=\"this.style.display='none'\" loading=\"lazy\">\n\t<\/figure>\n\t\t<p>Ogmantasyon pri manje yo ap limite bidj\u00e8 manje pou fanmi yo ak moun yo, epi nou la pou ede w aprann plis bagay sou pwogram asistans manje yo.<\/p>\n<p>Start searching for food pantries. Or keep reading for other food programs, including grocery savings, senior, and food assistance programs such as&nbsp;SNAP and WIC.<\/p>\n\t\t\t<a href=\"https:\/\/search.211md.org\/search?query=food+pantry&amp;query_label=food+pantry&amp;query_type=text\" target=\"_self\">\n\t\t\t\t\t\tFind Food Pantries Near You\n\t\t\t\t\t<\/a>\n<figure data-animation-delay=\"0\" data-animation-duration=\"1\" itemscope=\"\" itemtype=\"https:\/\/schema.org\/ImageObject\">\n\t\t\t\t<img decoding=\"async\" src=\"http:\/\/211md.org\/wp-content\/uploads\/2023\/10\/Food-pantry-box-of-food.jpg\" alt=\"Man handing out box of food\" title=\"Bwat gadmanje manje nan manje\" onerror=\"this.style.display='none'\" loading=\"lazy\">\n\t<\/figure>\n\t<h4>Quickly Find What You Need<\/h4>\n<p><a href=\"#Resources\">gadmanje manje<\/a> |&nbsp;Free <a href=\"#hot\">cho<\/a> meal |&nbsp;<a href=\"#grocery\">Grocery savings<\/a> programs | <a href=\"#SNAP\">Manje<\/a> benefit programs |&nbsp;<a href=\"#seniors\">Seniors<\/a> |<\/p>\n<p><a href=\"#summer\">Summer food<\/a> for kids<\/p>\n<figure data-animation-delay=\"0\" data-animation-duration=\"1\" itemscope=\"\" itemtype=\"https:\/\/schema.org\/ImageObject\">\n\t\t\t\t<img decoding=\"async\" src=\"http:\/\/211md.org\/wp-content\/uploads\/2022\/09\/Grassroots-Food-Pantry.jpg\" alt=\"Grassroots Food Pantry nan Columbia, MD\" title=\"Debaz-Manje-Garanjman\" onerror=\"this.style.display='none'\" loading=\"lazy\">\n\t<\/figure>\n\t<h2>Ki sa gadmanje manje bay?<\/h2>\n<p>Gadmanje yo bay asistans tanpor\u00e8, bay manje debaz gratis tankou:<\/p>\n<ul>\n<li>manje tibebe<\/li>\n<li>pen<\/li>\n<li>manje nan bwat<\/li>\n<li>sereyal<\/li>\n<li>kouch\u00e8t<\/li>\n<li>f\u00f2mil pou tibebe<\/li>\n<li>pasta<\/li>\n<li>legim<\/li>\n<\/ul>\n<p>Chak gadmanje gen pw\u00f2p r\u00e8gleman kalifikasyon li yo. Ka gen limit sou konbyen fwa manje disponib pou yon moun oswa yon fanmi. Epitou, yo ka bezwen referans nan men Depatman S\u00e8vis Sosyal yo. &nbsp;<\/p>\n<h3>How do I find food pantries near me?<\/h3>\n<p>Gadmanje yo sitiye nan legliz, \u00f2ganizasyon, ak l\u00f2t \u00f2ganizasyon kominot\u00e8.<\/p>\n<p>Our 211 Community Resource Database lists hundreds of local food pantries throughout Maryland, providing information on eligibility, hours, and contact details for further assistance.<\/p>\n\t\t\t<a href=\"https:\/\/search.211md.org\/search?query=food+pantry&amp;query_label=food+pantry&amp;query_type=text\" target=\"_blank\" rel=\"noopener\">\n\t\t\t\t\t\tJwenn yon Gadmanje\n\t\t\t\t\t<\/a>\n\t<h3>Baltimore City Produce Boxes<\/h3>\n<p>Baltimore City is also handing out 15-pound fruit and vegetable produce boxes to residents through January.<\/p>\n<p>There are 30 sites throughout Baltimore City, and events are held several days a week. <a href=\"https:\/\/content.govdelivery.com\/attachments\/MDBALT\/2025\/11\/10\/file_attachments\/3456905\/Produce%20Box%20Schedule.pdf\" target=\"_blank\" rel=\"noopener\">Find a nearby location<\/a> and learn about other food programs in the area on <a href=\"https:\/\/211md.org\/ht\/resous-yo\/manje\/manje-baltimore\/\">211&#8217;s Baltimore City Food Guide<\/a>.<\/p>\n<p>&nbsp;<\/p>\n\t<h2>Find Free Food Nearby<\/h2>\n<p>Search the Community Resource Database for nearby organizations that can help with free food and reduced cost groceries. These are common searches to get started. Click the button below that fits the need, and then on the results page, enter a ZIP code to find nearby locations.<\/p>\n\t\t\t<a href=\"https:\/\/search.211md.org\/search?query=BD-1800.2250&amp;query_label=Food+vouchers&amp;query_type=taxonomy&amp;utm_source=211&amp;utm_medium=Referral&amp;utm_campaign=Foodlink&amp;utm_content=Food%20Vouchers\" target=\"_blank\" rel=\"noopener\">\n\t\t\t\t\t\tBon manje\n\t\t\t\t\t<\/a>\n\t\t\t<a href=\"https:\/\/search.211md.org\/search?query=Food+Banks+%26+Pantries&amp;query_label=Food+Banks+%26+Pantries&amp;query_type=taxonomy\" target=\"_blank\" rel=\"noopener\">\n\t\t\t\t\t\tBank Manje\n\t\t\t\t\t<\/a>\n\t\t\t<a href=\"https:\/\/search.211md.org\/search?query=BD-1800.2250&amp;query_type=taxonomy&amp;query_label=&amp;utm_source=&amp;utm_medium=Referral&amp;utm_campaign=Foodlink&amp;utm_content=Fresh%20Food\" target=\"_blank\" rel=\"noopener\">\n\t\t\t\t\t\tManje fre\n\t\t\t\t\t<\/a>\n\t\t\t<a href=\"https:\/\/search.211md.org\/search?query=BD-1800.8200-250&amp;query_label=Formula%2FBaby+Food&amp;query_type=taxonomy&amp;utm_source=&amp;utm_medium=Referral&amp;utm_campaign=Foodlink&amp;utm_content=Baby%20Formula\" target=\"_blank\" rel=\"noopener\">\n\t\t\t\t\t\tF\u00f2mil \/ Manje Ti bebe\n\t\t\t\t\t<\/a>\n\t\t\t<a href=\"https:\/\/search.211md.org\/search?query=BD-2400.2590&amp;query_type=taxonomy&amp;query_label=&amp;utm_source=&amp;utm_medium=Referral&amp;utm_campaign=Foodlink&amp;utm_content=Grocery%20Delivery\" target=\"_blank\" rel=\"noopener\">\n\t\t\t\t\t\tLivrezon mak\u00e8t\n\t\t\t\t\t<\/a>\n<figure itemscope=\"\" itemtype=\"https:\/\/schema.org\/ImageObject\">\n\t\t\t\t<img decoding=\"async\" src=\"https:\/\/211md.org\/wp-content\/uploads\/2025\/10\/Latina-family-cooking.jpg\" alt=\"Latina family making dinner\" height=\"1500\" width=\"2000\" title=\"Kwit manje fanmi Latina\" onerror=\"this.style.display='none'\" loading=\"lazy\">\n\t<\/figure>\n\t\t<h2>Ekonomize lajan sou episri<\/h2>\n\t\t<p>Moun ki rete nan Maryland yo ka ekonomize jiska 50% sou manje atrav\u00e8 SHARE Food Network la. Kidonk, pri a se s\u00e8lman $22 pou $45 nan manje debaz ki bon pou sante tankou pwoteyin, fwi fre ak legim.<\/p>\n<h3>Kisa Rezo Manje SHARE a ye?<\/h3>\n<p>The&nbsp;SHARE Food Network is a nonprofit organization that offers healthy, nutritious groceries throughout Maryland, courtesy of Catholic Charities, Archdiocese of Washington.<\/p>\n<p>Yo f\u00e8 acha an gwo kantite, sa ki f\u00e8 moun Maryland yo ekonomize anpil.&nbsp;<\/p>\n<h3>Ki moun ki kalifye?<\/h3>\n<p>Pwogram sa a disponib pou tout moun Maryland. Ou pa bezwen yon aplikasyon, men SHARE Food Network mande kliyan yo pou yo dokimante omwen de z\u00e8dtan s\u00e8vis nan kominote yo a anvan yo achte nan pri rab\u00e8 sa a.<\/p>\n<h3>\u00c8ske ou ka itilize koupon manje?<\/h3>\n<p>Yes.&nbsp;EBT cards, <strong>ki itilize pou koupon manje,<\/strong> yo aksepte pou peye pou pak\u00e8 a. &nbsp;<\/p>\n<p>Si ou pa gen yon kat EBT, <a href=\"https:\/\/211md.org\/ht\/resous-yo\/manje\/koupon-pou-manje\/\">tcheke pou w\u00e8 si ou kalifye pou koupon pou manje<\/a>&nbsp;pou ede konpanse pri manje yo.<\/p>\n<h3>Kijan pou achte nan SHARE<\/h3>\n<p>Chak mwa, yo pibliye yon nouvo meni, ki detaye bwat pou mwa a.<\/p>\n<p>Orders&nbsp;are due&nbsp;by a specific date&nbsp;each month, and distribution is at a set time.&nbsp;<\/p>\n<p>Find a nearby SHARE site to order food. &nbsp;<\/p>\n\t\t\t<a href=\"https:\/\/www.catholiccharitiesdc.org\/program\/share-food-network\/\" target=\"_blank\" rel=\"noopener\">\n\t\t\t\t\t\tConnect with SHARE\n\t\t\t\t\t<\/a>\n<h2>\n\t\t\tPwogram Asistans Manje\t<\/h2>\n\t\t\t\t\t\t\t\t<a href=\"https:\/\/211md.org\/ht\/resous-yo\/manje\/koupon-pou-manje\/\" target=\"_self\">\n\t\t\t\t\t\t<\/a>\n\t<h3><a href=\"https:\/\/211md.org\/ht\/resous-yo\/manje\/koupon-pou-manje\/\" target=\"_self\">Supplemental Nutrition Assistance Program (SNAP)<\/a><\/h3><p>Formerly known as food stamps, helps low-income families purchase food.<\/p>\n<p>&nbsp;<\/p>\n\t\t\t<a href=\"https:\/\/211md.org\/ht\/resous-yo\/manje\/koupon-pou-manje\/\" target=\"_self\">\n\t\t\t\t\t\t\t211&#8217;s guide to snap\n\t\t\t\t\t<\/a>\n\t\t\t\t\t\t\t\t<a href=\"https:\/\/211md.org\/ht\/resous-yo\/manje\/wic\/\" target=\"_blank\" rel=\"noopener\">\n\t\t\t\t\t\t<\/a>\n\t<h3><a href=\"https:\/\/211md.org\/ht\/resous-yo\/manje\/wic\/\" target=\"_blank\" rel=\"noopener\">Fanm, Tibebe, ak Timoun (WIC)<\/a><\/h3><p>Provides nutritional assistance to pregnant women, new mothers who are breastfeeding, and children up to the age of 5.<\/p>\n\t\t\t<a href=\"https:\/\/211md.org\/ht\/resous-yo\/manje\/wic\/\" target=\"_blank\" rel=\"noopener\">\n\t\t\t\t\t\t\t211&#8217;s Guide to WIC\n\t\t\t\t\t<\/a>\n\t\t\t\t\t\t\t\t<a href=\"https:\/\/dhs.maryland.gov\/sunbucks\/\" target=\"_blank\" rel=\"noopener\">\n\t\t\t\t\t\t<\/a>\n\t<h3><a href=\"https:\/\/dhs.maryland.gov\/sunbucks\/\" target=\"_blank\" rel=\"noopener\">Maryland SUN Bucks (Summer Food)<\/a><\/h3><p>Helps families feed school-aged children who qualify for free or reduced lunches during the summer.<\/p>\n\t\t\t<a href=\"https:\/\/dhs.maryland.gov\/sunbucks\/\" target=\"_blank\" rel=\"noopener\">\n\t\t\t\t\t\t\tLearn about Sun Bucks\n\t\t\t\t\t<\/a>\n<figure data-animation-delay=\"0\" data-animation-duration=\"1\" itemscope=\"\" itemtype=\"https:\/\/schema.org\/ImageObject\">\n\t\t\t\t<img decoding=\"async\" src=\"http:\/\/211md.org\/wp-content\/uploads\/2021\/05\/Food-Line.png\" alt=\"Liy manje pou kwizin soup\" title=\"Liy Manje\" onerror=\"this.style.display='none'\" loading=\"lazy\">\n\t<\/figure>\n\t\t<h2>Manje cho<\/h2>\n\t\t<p>Bezwen yon repa cho? \u00d2ganizasyon kominot\u00e8 yo bay repa gratis tou. Repa sa yo disponib nan kizin soup yo epi pou granmoun aje yo, nan sit repa kolektif yo.&nbsp;&nbsp;<\/p>\n<h3>Jwenn yon kizin soup<\/h3>\n<p>Kizin soupe yo ofri manje cho gratis pandan s\u00e8ten l\u00e8. Gen k\u00e8k ki s\u00e8vi manje chak jou, al\u00f2ske gen l\u00f2t ki s\u00e8vi manje chak sem\u00e8n oswa chak mwa.<\/p>\n<p>Souvan, moun ka vini epi manje san yo pa f\u00e8 t\u00e8s depistaj. <\/p>\n<p>Kwizin soup yo ka nenp\u00f2t kote nan yon kominote, men souvan yo \u00f2ganize yo nan legliz ak l\u00f2t gwoup kominot\u00e8.&nbsp;<\/p>\n<p>Jwenn youn tou pre. Ch\u00e8che pa k\u00f2d postal nan Baz Done Resous Kominot\u00e8 a.<\/p>\n\t\t\t<a href=\"https:\/\/search.211md.org\/search?query=BD-5000.8300&amp;query_type=taxonomy&amp;query_label=&amp;utm_source=211&amp;utm_medium=Referral&amp;utm_campaign=Foodlink&amp;utm_content=Soup%20Kitchen\" target=\"_self\">\n\t\t\t\t\t\tJwenn yon kizin soup\n\t\t\t\t\t<\/a>\n\t<h3>Manje pou granmoun aje yo<\/h3>\n<p>Sant pou granmoun aje ak l\u00f2t sant kominot\u00e8 yo ka ofri repa kolektif pou granmoun aje k ap viv poukont yo men ki bezwen asistans pou prepare manje.<\/p>\n<p>Genyen tou pwogram livrezon lakay ou.<\/p>\n<p>Ou ka jwenn tou de opsyon yo nan baz done resous konpl\u00e8 nou an.<\/p>\n<p>&nbsp;<\/p>\n\t\t\t<a href=\"https:\/\/search.211md.org\/search?query=BD-5000.1500&amp;query_type=taxonomy&amp;query_label=&amp;utm_source=211&amp;utm_medium=Referral&amp;utm_campaign=Foodlink&amp;utm_content=Senior%20Meals\" target=\"_blank\" rel=\"noopener\">\n\t\t\t\t\t\tSit Manje pou Granmoun Aje yo\n\t\t\t\t\t<\/a>\n\t\t\t<a href=\"https:\/\/search.211md.org\/search?query=BD-5000.3500&amp;query_type=taxonomy&amp;query_label=&amp;utm_source=211&amp;utm_medium=Referral&amp;utm_campaign=Foodlink&amp;utm_content=Home%20Delivery\" target=\"_blank\" rel=\"noopener\">\n\t\t\t\t\t\tLivrezon lakay\n\t\t\t\t\t<\/a>\n<figure data-animation-delay=\"0\" data-animation-duration=\"1\" itemscope=\"\" itemtype=\"https:\/\/schema.org\/ImageObject\">\n\t\t\t\t<img decoding=\"async\" src=\"http:\/\/211md.org\/wp-content\/uploads\/2025\/09\/Senior-meals.jpg\" alt=\"Seniors eating\" title=\"Manje pou granmoun aje yo\" onerror=\"this.style.display='none'\" loading=\"lazy\">\n\t<\/figure>\n<p>&nbsp;<\/p>\n<h2>Bezwen yon l\u00f2t bagay?<\/h2>\n<p>211 gen enf\u00f2masyon ak referans pou l\u00f2t bezwen esansy\u00e8l. Aprann plis sou pwogram asistans ki disponib pou lojman, asistans s\u00e8vis piblik, gadri, swen sante, ak plis ank\u00f2!<\/p>\n<p>&nbsp;<\/p>\n\t\t\t<a href=\"\/ht\/resous-yo\/asistans-sevis-piblik\/?utm_source=211&amp;utm_medium=Referral&amp;utm_campaign=Foodlink&amp;utm_content=needsomethingelse\" target=\"_self\">\n\t\t\t\t\t\tjwenn asistans s\u00e8vis piblik\n\t\t\t\t\t<\/a>\n\t\t\t<a href=\"\/ht\/resous-yo\/abri-lojman\/?utm_source=211&amp;utm_medium=Referral&amp;utm_campaign=Foodlink&amp;utm_content=needsomethingelse\" target=\"_self\">\n\t\t\t\t\t\tjwenn lojman\n\t\t\t\t\t<\/a>\n\t\t\t<a href=\"\/ht\/resous-yo\/timoun-fanmi-yo\/?utm_source=211&amp;utm_medium=Referral&amp;utm_campaign=Foodlink&amp;utm_content=needsomethingelse\" target=\"_self\">\n\t\t\t\t\t\tSwen Timoun\n\t\t\t\t\t<\/a>\n\t\t\t<a href=\"\/ht\/resous-pa-konte\/?utm_source=211&amp;utm_medium=Referral&amp;utm_campaign=Foodlink&amp;utm_content=needsomethingelse\" target=\"_self\">\n\t\t\t\t\t\tresous pa konte\n\t\t\t\t\t<\/a>\n\t\t<h2>Manje gratis nan lek\u00f2l la<\/h2>\n\t\t<p>Lek\u00f2l yo ofri manje gratis oswa a pri redwi bay el\u00e8v yo atrav\u00e8 Pwogram Nasyonal Dejene ak Manje Midi Lek\u00f2l la. Kontakte lek\u00f2l lokal timoun nan pou konnen kondisyon espesifik pou kalifye.<\/p>\n<h3>Maryland Ete Manje Sit<\/h3>\n<p>During the summer or extended school closures,&nbsp;Maryland schools participate in the&nbsp;Summer Food Service Program&nbsp;(SFSP), also known as Summer Meals Program. It&#8217;s a federally funded program administered by the state of Maryland to help serve free, healthy meals during summer break.&nbsp;<\/p>\n<p>Lokal pou manje pandan ete yo ka chanje chak ane. Distri lek\u00f2l yo konnen tou ki \u00f2ganizasyon ki pral distribye manje pandan ete gratis pou timoun yo. <a href=\"https:\/\/mars.msde.maryland.gov\/MARS_SiteSearch\/Home\/Indexna\" target=\"_blank\" rel=\"noopener\">Maryland Manje Sit<\/a> disponib tou pou jwenn yon kote.<\/p>\n<p>Anplis de sa, el\u00e8v ki resevwa manje gratis oswa a pri redwi pandan ane lek\u00f2l la ka kalifye pou SUN Bucks.<\/p>\n\t\t\t<a href=\"https:\/\/search.211md.org\/search?query=BD-5000.8500&amp;query_label=Summer+Food+Service+Programs&amp;query_type=taxonomy&amp;utm_source=211&amp;utm_medium=Referral&amp;utm_campaign=Foodlink&amp;utm_content=summermeals\" target=\"_blank\" rel=\"noopener\">\n\t\t\t\t\t\tJwenn pwogram repa pandan ete a\n\t\t\t\t\t<\/a>\n<figure itemscope=\"\" itemtype=\"https:\/\/schema.org\/ImageObject\">\n\t\t\t\t<img decoding=\"async\" src=\"https:\/\/211md.org\/wp-content\/plugins\/bb-plugin\/img\/pixel.png\" alt=\"\" onerror=\"this.style.display='none'\" loading=\"lazy\">\n\t<\/figure>\n\t\t<figure itemscope=\"\" itemtype=\"https:\/\/schema.org\/ImageObject\">\n\t\t\t\t<img decoding=\"async\" src=\"https:\/\/211md.org\/wp-content\/uploads\/bb-plugin\/cache\/Call-center-specialst-circle-4e9ecd7b3425be4576416abc911049bb-.jpg\" alt=\"Espesyalis nan sant ap\u00e8l\" title=\"Espesyalis nan sant ap\u00e8l\" onerror=\"this.style.display='none'\" loading=\"lazy\">\n\t<\/figure>\n<h2>Rele 211<\/h2><p>Pale ak yon moun ki gen sousi pou ou epi ki gen konpasyon 24 sou 24, 7 jou sou 7. Yo kapab tou mete ou an kontak ak resous.&nbsp;<\/p>\n\t\t\t<a href=\"tel:%20+211\" target=\"_blank\" rel=\"noopener\">\n\t\t\t\t\t\tRele 211 (mobil)\n\t\t\t\t\t<\/a>\n<h2>\n\t\t\tJwenn plis enf\u00f2masyon sou pwogram manje yo\t<\/h2>\n\t\t<h4><a href=\"\/ht\/resous-yo\/aje-andikap\/?utm_source=Home&amp;utm_medium=Referral&amp;utm_campaign=211Resources&amp;utm_content=Aging\" target=\"_self\">Aje ak Andikap<\/a><\/h4><figure itemscope=\"\" itemtype=\"https:\/\/schema.org\/ImageObject\">\n\t\t\t\t<a href=\"\/ht\/resous-yo\/aje-andikap\/?utm_source=Home&amp;utm_medium=Referral&amp;utm_campaign=211Resources&amp;utm_content=Aging\" target=\"_self\" itemprop=\"url\">\n\t\t\t\t<img decoding=\"async\" src=\"https:\/\/211md.org\/wp-content\/uploads\/bb-plugin\/cache\/2025_MdInfoNet_Icon-Sets_Aging-disability-square-c466727102cae71e5f27b8539bb51945-.png\" alt=\"\" onerror=\"this.style.display='none'\" loading=\"lazy\">\n\t\t\t\t<\/a>\n\t<\/figure>\n\t\t<h4><a href=\"\/ht\/resous-yo\/timoun-fanmi-yo\/?utm_source=Home&amp;utm_medium=Referral&amp;utm_campaign=211Resources&amp;utm_content=Children\" target=\"_self\">Timoun ak Fanmi<\/a><\/h4><figure itemscope=\"\" itemtype=\"https:\/\/schema.org\/ImageObject\">\n\t\t\t\t<a href=\"\/ht\/resous-yo\/timoun-fanmi-yo\/?utm_source=Home&amp;utm_medium=Referral&amp;utm_campaign=211Resources&amp;utm_content=Children\" target=\"_self\" itemprop=\"url\">\n\t\t\t\t<img decoding=\"async\" src=\"https:\/\/211md.org\/wp-content\/uploads\/bb-plugin\/cache\/2025_211_Icon-Sets_Child-care-square-f3b0d4edab3dcc467fadb5f55f4064c6-.png\" alt=\"parent and child icon for child care\" height=\"417\" width=\"417\" title=\"2025_211_Ansanm Ik\u00f2n_Swen Timoun\" onerror=\"this.style.display='none'\" loading=\"lazy\">\n\t\t\t\t<\/a>\n\t<\/figure>\n\t\t<h4><a href=\"\/ht\/resous-yo\/vyolans-familyal-domestik\/?utm_source=Home&amp;utm_medium=Referral&amp;utm_campaign=211Resources&amp;utm_content=Domestic\" target=\"_self\">Vyolans domestik<\/a><\/h4><figure itemscope=\"\" itemtype=\"https:\/\/schema.org\/ImageObject\">\n\t\t\t\t<a href=\"\/ht\/resous-yo\/vyolans-familyal-domestik\/?utm_source=Home&amp;utm_medium=Referral&amp;utm_campaign=211Resources&amp;utm_content=Domestic\" target=\"_self\" itemprop=\"url\">\n\t\t\t\t<img decoding=\"async\" src=\"https:\/\/211md.org\/wp-content\/uploads\/bb-plugin\/cache\/2025_211_Icon-Sets_Domestic-Violence-square-7b597694a6f05fe90cdc376aa573bc63-.png\" alt=\"House with a heart in the middle icon\" height=\"417\" width=\"417\" title=\"2025_211_Ansanm Ik\u00f2n_Vyolans Domestik\" onerror=\"this.style.display='none'\" loading=\"lazy\">\n\t\t\t\t<\/a>\n\t<\/figure>\n\t\t<h4><a href=\"\/ht\/resous-yo\/rechech-travay\/?utm_source=Home&amp;utm_medium=Referral&amp;utm_campaign=211Resources&amp;utm_content=Employment\" target=\"_self\">Travay<\/a><\/h4><figure itemscope=\"\" itemtype=\"https:\/\/schema.org\/ImageObject\">\n\t\t\t\t<a href=\"\/ht\/resous-yo\/rechech-travay\/?utm_source=Home&amp;utm_medium=Referral&amp;utm_campaign=211Resources&amp;utm_content=Employment\" target=\"_self\" itemprop=\"url\">\n\t\t\t\t<img decoding=\"async\" src=\"https:\/\/211md.org\/wp-content\/uploads\/bb-plugin\/cache\/2025_MdInfoNet_Icon-Sets_Employment-square-44707bd410e4df10a470bf130ebcea86-.png\" alt=\"\" onerror=\"this.style.display='none'\" loading=\"lazy\">\n\t\t\t\t<\/a>\n\t<\/figure>\n\t\t<h4><a href=\"\/ht\/resous-yo\/swen-sante\/?utm_source=Home&amp;utm_medium=Referral&amp;utm_campaign=211Resources&amp;utm_content=Health%20Care\" target=\"_self\">Swen Sante<\/a><\/h4><figure itemscope=\"\" itemtype=\"https:\/\/schema.org\/ImageObject\">\n\t\t\t\t<a href=\"\/ht\/resous-yo\/swen-sante\/?utm_source=Home&amp;utm_medium=Referral&amp;utm_campaign=211Resources&amp;utm_content=Health%20Care\" target=\"_self\" itemprop=\"url\">\n\t\t\t\t<img decoding=\"async\" src=\"https:\/\/211md.org\/wp-content\/uploads\/bb-plugin\/cache\/2025_MdInfoNet_Icon-Sets_Health-Care-square-dee98a0060cbe0e7f27eda253fc12679-.png\" alt=\"\" onerror=\"this.style.display='none'\" loading=\"lazy\">\n\t\t\t\t<\/a>\n\t<\/figure>\n\t\t<h4><a href=\"\/ht\/resous-yo\/timoun-fanmi-yo\/swen-fanmi\/?utm_source=Home&amp;utm_medium=Referral&amp;utm_campaign=211Resources&amp;utm_content=Kinship\" target=\"_self\">Parente<\/a><\/h4><figure itemscope=\"\" itemtype=\"https:\/\/schema.org\/ImageObject\">\n\t\t\t\t<a href=\"\/ht\/resous-yo\/timoun-fanmi-yo\/swen-fanmi\/?utm_source=Home&amp;utm_medium=Referral&amp;utm_campaign=211Resources&amp;utm_content=Kinship\" target=\"_self\" itemprop=\"url\">\n\t\t\t\t<img decoding=\"async\" src=\"https:\/\/211md.org\/wp-content\/uploads\/bb-plugin\/cache\/2025_211_Icon-Sets_Kinship-square-45bdf872866f5735f842c32071109267-.png\" alt=\"Ik\u00f2n fanmi\" height=\"417\" width=\"417\" title=\"2025_211_Ansanm Ik\u00f2n_Fanmitay\" onerror=\"this.style.display='none'\" loading=\"lazy\">\n\t\t\t\t<\/a>\n\t<\/figure>\n\t\t<h4><a href=\"\/ht\/resous-yo\/sevis-legal-yo\/?utm_source=Home&amp;utm_medium=Referral&amp;utm_campaign=211Resources&amp;utm_content=Legal\" target=\"_self\">S\u00e8vis Legal<\/a><\/h4><figure itemscope=\"\" itemtype=\"https:\/\/schema.org\/ImageObject\">\n\t\t\t\t<a href=\"\/ht\/resous-yo\/sevis-legal-yo\/?utm_source=Home&amp;utm_medium=Referral&amp;utm_campaign=211Resources&amp;utm_content=Legal\" target=\"_self\" itemprop=\"url\">\n\t\t\t\t<img decoding=\"async\" src=\"https:\/\/211md.org\/wp-content\/uploads\/bb-plugin\/cache\/2025_MdInfoNet_Icon-Sets_Legal-square-18fdf438feb8435588174d9046463257-.png\" alt=\"\" onerror=\"this.style.display='none'\" loading=\"lazy\">\n\t\t\t\t<\/a>\n\t<\/figure>\n\t\t<h4><a href=\"\/ht\/resous-yo\/sante-mantal\/?utm_source=Home&amp;utm_medium=Referral&amp;utm_campaign=211Resources&amp;utm_content=Mental\" target=\"_self\">Sante mantal<\/a><\/h4><figure itemscope=\"\" itemtype=\"https:\/\/schema.org\/ImageObject\">\n\t\t\t\t<a href=\"\/ht\/resous-yo\/sante-mantal\/?utm_source=Home&amp;utm_medium=Referral&amp;utm_campaign=211Resources&amp;utm_content=Mental\" target=\"_self\" itemprop=\"url\">\n\t\t\t\t<img decoding=\"async\" src=\"https:\/\/211md.org\/wp-content\/uploads\/bb-plugin\/cache\/2025_MdInfoNet_Icon-Sets_Mental-Health-square-c59b38c4a993a947d4c9280fbe2d2fee-.png\" alt=\"\" onerror=\"this.style.display='none'\" loading=\"lazy\">\n\t\t\t\t<\/a>\n\t<\/figure>\n\t\t<h4><a href=\"\/ht\/resous-yo\/mdreentry\/?utm_source=Home&amp;utm_medium=Referral&amp;utm_campaign=211Resources&amp;utm_content=Reentry\" target=\"_self\">Reantre<\/a><\/h4><figure itemscope=\"\" itemtype=\"https:\/\/schema.org\/ImageObject\">\n\t\t\t\t<a href=\"\/ht\/resous-yo\/mdreentry\/?utm_source=Home&amp;utm_medium=Referral&amp;utm_campaign=211Resources&amp;utm_content=Reentry\" target=\"_self\" itemprop=\"url\">\n\t\t\t\t<img decoding=\"async\" src=\"https:\/\/211md.org\/wp-content\/uploads\/bb-plugin\/cache\/2025_211_Icon-Sets_Reentry-square-8676fea38abd920a832f45642fe31cca-.png\" alt=\"Ik\u00f2n Reantre\" height=\"417\" width=\"417\" title=\"2025_211_Ansanm Ik\u00f2n_Reantre\" onerror=\"this.style.display='none'\" loading=\"lazy\">\n\t\t\t\t<\/a>\n\t<\/figure>\n\t\t<h4><a href=\"\/ht\/resous-yo\/itilizasyon-sibstans\/?utm_source=Home&amp;utm_medium=Referral&amp;utm_campaign=211Resources&amp;utm_content=Substance\" target=\"_self\">Itilizasyon sibstans<\/a><\/h4><figure itemscope=\"\" itemtype=\"https:\/\/schema.org\/ImageObject\">\n\t\t\t\t<a href=\"\/ht\/resous-yo\/itilizasyon-sibstans\/?utm_source=Home&amp;utm_medium=Referral&amp;utm_campaign=211Resources&amp;utm_content=Substance\" target=\"_self\" itemprop=\"url\">\n\t\t\t\t<img decoding=\"async\" src=\"https:\/\/211md.org\/wp-content\/uploads\/bb-plugin\/cache\/2025_MdInfoNet_Icon-Sets_Substance-Abuse-square-4f414f085e657267739c181957754f48-.png\" alt=\"Pills for substance Use icon\" title=\"2025_MdInfoNet_Icon-Sets_Substance-Abuse\" onerror=\"this.style.display='none'\" loading=\"lazy\">\n\t\t\t\t<\/a>\n\t<\/figure>\n\t\t<h4><a href=\"\/ht\/resous-yo\/veteran-yo\/?utm_source=Home&amp;utm_medium=Referral&amp;utm_campaign=211Resources&amp;utm_content=Veterans\" target=\"_self\">Veteran yo<\/a><\/h4><figure itemscope=\"\" itemtype=\"https:\/\/schema.org\/ImageObject\">\n\t\t\t\t<a href=\"\/ht\/resous-yo\/veteran-yo\/?utm_source=Home&amp;utm_medium=Referral&amp;utm_campaign=211Resources&amp;utm_content=Veterans\" target=\"_self\" itemprop=\"url\">\n\t\t\t\t<img decoding=\"async\" src=\"https:\/\/211md.org\/wp-content\/uploads\/bb-plugin\/cache\/2025_MdInfoNet_Icon-Sets_Rating-square-6e60d00cce4faa8e0a6d4ad7366aa733-.png\" alt=\"\" onerror=\"this.style.display='none'\" loading=\"lazy\">\n\t\t\t\t<\/a>\n\t<\/figure>","protected":false},"excerpt":{"rendered":"<p>Increasing food costs are stretching food budgets for families and individuals, and we&#8217;re here to help you learn about food assistance programs. Start searching for food pantries. Or keep reading for other food programs, including grocery savings, senior, and food assistance programs such as&nbsp;SNAP and WIC. Find Food Pantries Near You Quickly Find What You&hellip;<\/p>","protected":false},"author":8,"featured_media":3896,"parent":930,"menu_order":0,"comment_status":"closed","ping_status":"closed","template":"","meta":{"footnotes":""},"class_list":["post-746","page","type-page","status-publish","has-post-thumbnail","hentry"],"_links":{"self":[{"href":"https:\/\/211md.org\/ht\/wp-json\/wp\/v2\/pages\/746","targetHints":{"allow":["GET"]}}],"collection":[{"href":"https:\/\/211md.org\/ht\/wp-json\/wp\/v2\/pages"}],"about":[{"href":"https:\/\/211md.org\/ht\/wp-json\/wp\/v2\/types\/page"}],"author":[{"embeddable":true,"href":"https:\/\/211md.org\/ht\/wp-json\/wp\/v2\/users\/8"}],"replies":[{"embeddable":true,"href":"https:\/\/211md.org\/ht\/wp-json\/wp\/v2\/comments?post=746"}],"version-history":[{"count":11,"href":"https:\/\/211md.org\/ht\/wp-json\/wp\/v2\/pages\/746\/revisions"}],"predecessor-version":[{"id":34361,"href":"https:\/\/211md.org\/ht\/wp-json\/wp\/v2\/pages\/746\/revisions\/34361"}],"up":[{"embeddable":true,"href":"https:\/\/211md.org\/ht\/wp-json\/wp\/v2\/pages\/930"}],"wp:featuredmedia":[{"embeddable":true,"href":"https:\/\/211md.org\/ht\/wp-json\/wp\/v2\/media\/3896"}],"wp:attachment":[{"href":"https:\/\/211md.org\/ht\/wp-json\/wp\/v2\/media?parent=746"}],"curies":[{"name":"wp","href":"https:\/\/api.w.org\/{rel}","templated":true}]}}