{"id":750,"date":"2021-04-06T14:10:21","date_gmt":"2021-04-06T14:10:21","guid":{"rendered":"https:\/\/211md.org\/?page_id=750"},"modified":"2025-10-29T07:08:30","modified_gmt":"2025-10-29T11:08:30","slug":"resous-pa-konte","status":"publish","type":"page","link":"https:\/\/211md.org\/ht\/resources-by-county\/","title":{"rendered":"Resous Pa Konte"},"content":{"rendered":"<h2>Jwenn Resous Toupre Ou<\/h2>\n<p>\u00c8ske w bezwen sip\u00f2 ak manje, lojman, asistans s\u00e8vis piblik oswa sante mantal? Ou pa pou kont ou.<\/p>\n<p>Chwazi konte a kote ou ta renmen jwenn \u00e8d, epi n ap montre w pi gwo rezilta yo pou w ka jwenn resous byen vit.<\/p>\n\t<!--?xml version=\"1.0\" encoding=\"UTF-8\"?-->","protected":false},"excerpt":{"rendered":"<p>Jwenn Resous Toupre Ou \u00c8ske w bezwen sip\u00f2 ak manje, lojman, asistans pou s\u00e8vis piblik oswa sante mantal? Ou pa poukont ou. Chwazi konte kote ou ta renmen jwenn \u00e8d la, epi n ap montre w pi bon rezilta yo pou w ka jwenn resous byen vit.<\/p>","protected":false},"author":8,"featured_media":1635,"parent":0,"menu_order":0,"comment_status":"closed","ping_status":"closed","template":"","meta":{"footnotes":""},"class_list":["post-750","page","type-page","status-publish","has-post-thumbnail","hentry"],"_links":{"self":[{"href":"https:\/\/211md.org\/ht\/wp-json\/wp\/v2\/pages\/750","targetHints":{"allow":["GET"]}}],"collection":[{"href":"https:\/\/211md.org\/ht\/wp-json\/wp\/v2\/pages"}],"about":[{"href":"https:\/\/211md.org\/ht\/wp-json\/wp\/v2\/types\/page"}],"author":[{"embeddable":true,"href":"https:\/\/211md.org\/ht\/wp-json\/wp\/v2\/users\/8"}],"replies":[{"embeddable":true,"href":"https:\/\/211md.org\/ht\/wp-json\/wp\/v2\/comments?post=750"}],"version-history":[{"count":3,"href":"https:\/\/211md.org\/ht\/wp-json\/wp\/v2\/pages\/750\/revisions"}],"predecessor-version":[{"id":34089,"href":"https:\/\/211md.org\/ht\/wp-json\/wp\/v2\/pages\/750\/revisions\/34089"}],"wp:featuredmedia":[{"embeddable":true,"href":"https:\/\/211md.org\/ht\/wp-json\/wp\/v2\/media\/1635"}],"wp:attachment":[{"href":"https:\/\/211md.org\/ht\/wp-json\/wp\/v2\/media?parent=750"}],"curies":[{"name":"wp","href":"https:\/\/api.w.org\/{rel}","templated":true}]}}