{"id":751,"date":"2021-04-06T14:13:31","date_gmt":"2021-04-06T14:13:31","guid":{"rendered":"https:\/\/211md.org\/?page_id=751"},"modified":"2025-10-29T07:07:12","modified_gmt":"2025-10-29T11:07:12","slug":"konte-montgomery","status":"publish","type":"page","link":"https:\/\/211md.org\/ht\/resources-by-county\/montgomery-county\/","title":{"rendered":"Konte Montgomery"},"content":{"rendered":"<p>211 la pou ou! Men kijan pou jwenn \u00e8d:<\/p>\n<ul>\n<li>Rele 211<\/li>\n<li><a href=\"http:\/\/search.211md.org\" target=\"_blank\" rel=\"noopener\">rech\u00e8che nan baz done resous leta a<\/a><\/li>\n<li>Kontakte youn nan ajans yo souvan refere nan Konte Montgomery<\/li>\n<\/ul>\n<p>G\u00f2mande manje, sip\u00f2 lojman ak asistans s\u00e8vis piblik disponib toupre ou, kit w ap viv nan Silver Springs, Gaithersburg, Germantown, Wheaton, White Oak, Glen Echo oswa yon l\u00f2t kominote Konte Montgomery.<\/p>\n<p>211 angaje nan byenn\u00e8t ou.<\/p>\n<p>&nbsp;<\/p>\n<h2><b>\u00c8d s\u00e8vis piblik\u00a0<\/b><\/h2>\n<p>Gen pwogram leta ak lokal pou sip\u00f2te moun ak fanmi ki bezwen \u00e8d pou peye b\u00f2dwo s\u00e8vis piblik yo.\u00a0<a href=\"\/ht\/resous-yo\/asistans-sevis-piblik\/\" rel=\"noopener\">211 gen enf\u00f2masyon detaye<\/a>\u00a0sou Pwogram Asistans En\u00e8ji Maryland (MEAP), ki gen ladan kalifikasyon ak fason pou ranpli aplikasyon an. Ou ka jwenn \u00e8d lokal tou ak aplikasyon pou sibvansyon leta nan men la\u00a0<a href=\"https:\/\/search.211md.org\/search\/cc83fb44c568d0e378eb793b75dc654a\" target=\"_blank\" rel=\"noopener\">Montgomery County Office of Home Energy Programs<\/a>.<\/p>\n<p>Nan Konte Montgomery, genyen tou gwoup kominot\u00e8 tankou WUMCO Help ki sip\u00f2te moun ki abite nan rejyon lw\u00e8s Upper Montgomery County (gade K\u00f2d Postal espesifik anba a) ak\u00a0<a href=\"https:\/\/fuelfundmaryland.org\/get-help\/eligibility-requirements\" target=\"_blank\" rel=\"noopener\">Fuel Fund nan Maryland<\/a>\u00a0ki ede kliyan BG&amp;E yo. \u00d2ganizasyon sa yo ka anmezi pou konpanse pri b\u00f2dwo s\u00e8vis piblik yo.<\/p>\n<p>Ou kapab tou etabli yon plan peman ak founis\u00e8 s\u00e8vis piblik ou a.<\/p>\n<p>&nbsp;<\/p>\n<h2><b>\u00c8d Finansye<\/b><\/h2>\n<p>Si ou bezwen \u00e8d finansye, plizy\u00e8 gwoup kominot\u00e8 ka ede w. Z\u00f2n s\u00e8vis yo souvan espesifik pou k\u00f2d postal la. Espesyalis Enf\u00f2masyon ak Referans 211 yo ka ede w jwenn pi bon \u00f2ganizasyon an pou bezwen w ak kote w ye a. Rele 211.<\/p>\n<h3>WUMCO EDE<\/h3>\n<p><a href=\"https:\/\/www.wumcohelp.org\/\" target=\"_blank\" rel=\"noopener\">WUMCO EDE<\/a>\u00a0bay \u00e8d finansye pou K\u00f2d Postal sa yo: 20837 (Poolesville), 20838 (Barnesville), 20839 (Beallsville), 20841 (Boyds) ak 20842 (Dickerson). Yo ka ede moun ak fanmi ki kalifye pou s\u00e8vis, asistans ak b\u00f2dwo ki asosye ak lavi chak jou.<\/p>\n<p>Yo gen tou yon gadmanje manje epi yo bay woulib nan randevou medikal oswa s\u00e8vis sosyal.<\/p>\n<h3>EDE Gaithersburg<\/h3>\n<p><a href=\"https:\/\/search.211md.org\/search\/e1e75f4ec6469f34c9672fc1f40c326d\" target=\"_blank\" rel=\"noopener\">EDE Gaithersburg<\/a>\u00a0ka ede finansy\u00e8man rezidan Gaithersburg yo (gade K\u00f2d Postal ki elijib yo) ak manje, kouch\u00e8t ak f\u00f2mil pou tibebe. Yo ka konpanse tou k\u00e8k depans pou medikaman sou preskripsyon epi bay k\u00e8k transp\u00f2 pou ale nan randevou medikal oswa s\u00e8vis sosyal nan 20 mil anba lavil Gaithersburg.<\/p>\n<p>K\u00f2d postal ki elijib yo enkli 20877, 20878, 20879, 20880, 20886 ak pati nan 20850 (lw\u00e8s Shady Grove Rd ak nan n\u00f2 Piney Meetinghouse Rd), 20855 (lw\u00e8s Redland Rd\/Muncaster Rd), ak 2082 Rd sidw\u00e8s (soudw\u00e8s Rd). nan Olney-Laytonsville Rd).<\/p>\n<h3>Damas EDE<\/h3>\n<p>Si w ap viv nan yon l\u00f2t K\u00f2d Postal Upper Montgomery County, rele\u00a0<a href=\"https:\/\/search.211md.org\/search\/94134bd58cc10c811bd8e5e46a287436\" target=\"_blank\" rel=\"noopener\">Damas EDE<\/a>\u00a0(20871, 20872, 20882, nan n\u00f2 Brink Rd ak 20876 soti nan Route 27 nan n\u00f2 Brink Rd.) Yo ka ede tou moun ki abite nan Monrovia (Konte Frederick jis sou liy Montgomery County a).<\/p>\n<h3>L\u00f2t pwogram HELP ak ajans sip\u00f2 yo<\/h3>\n<p>Nan Rockville, ou ka eseye Rockville HELP. Yo gen tou yon\u00a0<a href=\"https:\/\/www.rockvillehelp.org\/\" target=\"_blank\" rel=\"noopener\">z\u00f2n s\u00e8vis espesifik<\/a>\u00a0tou.<\/p>\n<p><a href=\"http:\/\/www.olneyhelp.org\/\" target=\"_blank\" rel=\"noopener\">Olney EDE<\/a>\u00a0sip\u00f2te Olney, Brookeville, Sandy Spring, Ashton ak Brinklow.<\/p>\n<p><a href=\"https:\/\/mumhelp.org\/\" target=\"_blank\" rel=\"noopener\">Mid-County United Ministries<\/a>\u00a0(MUM) sip\u00f2te Kensington, Silver Spring, Wheaton, Rockville ak Aspen Hill. Yo ka anmezi bay manje ijans ak sip\u00f2 finansye a moun ki nan kriz. Objektif yo se kenbe s\u00e8vis piblik yo, bay medikaman sou preskripsyon bay moun ki nan bezwen epi ede fanmi yo manje.<\/p>\n<p>Si w ap viv nan yon l\u00f2t z\u00f2n, rele 211 pou jwenn yon resous toupre w.<\/p>\n<p>&nbsp;<\/p>\n<h2>Jwenn Manje nan Konte Montgomery<\/h2>\n<p>\u00c8ske w bezwen \u00e8d ak pri k ap monte nan manje? Si youn nan ajans HELP yo pa ka ede, ou ka jwenn yon <a href=\"https:\/\/www.montgomerycountymd.gov\/covid19\/get-help\/food.html#events\" target=\"_blank\" rel=\"noopener\">Ev\u00e8nman distribisyon manje nan Konte Montgomery<\/a> tou pre w l\u00e8 w ch\u00e8che kalandriye manje konte a. Tcheke detay chak ev\u00e8nman, paske gen k\u00e8k ki limite pou granmoun aje oswa s\u00e8ten k\u00f2d postal pandan ke l\u00f2t yo ouv\u00e8 a piblik la an jeneral.<\/p>\n<h3>Manna Manje Sant<\/h3>\n<p>La <a href=\"https:\/\/www.mannafood.org\/\" target=\"_blank\" rel=\"noopener\">Manna Manje Sant<\/a> gen pwogram manje pou fanmi yo, tankou yon kwizin mobil, gadmanje pop-up ak pwogram ki baze nan lek\u00f2l la. Yo kolekte epi pataje jiska 3.3 milyon liv manje chak ane ak apepr\u00e8 12,000 fanmi.<\/p>\n<p>Ou ka pase l\u00f2d Manna, ki gen ladann yon bwat gadmanje staples tankou pwa, pasta, legim nan bwat ak fwi nan bwat, yon bwat fwi ak legim fre ak yon sak vyann nan friz\u00e8. <a href=\"https:\/\/www.mannafood.org\/how-to-receive-food-from-manna\/\" target=\"_blank\" rel=\"noopener\">Aprann sou direktiv kalifikasyon yo<\/a> oswa <a href=\"https:\/\/www.mannafood.org\/about\/contact-manna\/manna-food-distribution-sites\/\" target=\"_blank\" rel=\"noopener\">jwenn yon sit distribisyon<\/a> nan Gaithersburg, Germantown, Manna Choice Market nan Grove oswa Silver Spring.<\/p>\n<h3>211 resous manje<\/h3>\n<p>Ou kapab tou ch\u00e8che manje ak <a href=\"https:\/\/search.211md.org\/search?query=BD-1800.2000&amp;query_type=taxonomy&amp;query_label=&amp;query_language=en\" target=\"_blank\" rel=\"noopener\">baz done resous leta a<\/a> epi jwenn resous ak enf\u00f2masyon sou <a href=\"https:\/\/211md.org\/ht\/resous-yo\/manje\/koupon-pou-manje\/\">koupon pou manje<\/a> epi <a href=\"https:\/\/211md.org\/ht\/resous-yo\/manje\/wic\/\">WIC<\/a>.<\/p>\n<p>&nbsp;<\/p>\n\t\t<h4><a href=\"\/ht\/resous-yo\/aje-andikap\/?utm_source=Home&#038;utm_medium=Referral&#038;utm_campaign=211Resources&#038;utm_content=Aging\" target=\"_self\">Aje ak Andikap<\/a><\/h4>\n\t\t\t\t<a href=\"\/ht\/resous-yo\/aje-andikap\/?utm_source=Home&#038;utm_medium=Referral&#038;utm_campaign=211Resources&#038;utm_content=Aging\"  target=\"_self\" itemprop=\"url\">\n\t\t\t\t<img decoding=\"async\" src=\"https:\/\/211md.org\/wp-content\/uploads\/bb-plugin\/cache\/2025_MdInfoNet_Icon-Sets_Aging-disability-square-c466727102cae71e5f27b8539bb51945-.png\" alt=\"\" itemprop=\"image\" onerror=\"this.style.display='none'\" loading=\"lazy\" \/>\n\t\t\t\t<\/a>\n\t\t<h4><a href=\"\/ht\/resous-yo\/timoun-fanmi-yo\/?utm_source=Home&#038;utm_medium=Referral&#038;utm_campaign=211Resources&#038;utm_content=Children\" target=\"_self\">Timoun ak Fanmi<\/a><\/h4>\n\t\t\t\t<a href=\"\/ht\/resous-yo\/timoun-fanmi-yo\/?utm_source=Home&#038;utm_medium=Referral&#038;utm_campaign=211Resources&#038;utm_content=Children\"  target=\"_self\" itemprop=\"url\">\n\t\t\t\t<img decoding=\"async\" src=\"https:\/\/211md.org\/wp-content\/uploads\/bb-plugin\/cache\/2025_211_Icon-Sets_Child-care-square-f3b0d4edab3dcc467fadb5f55f4064c6-.png\" alt=\"2025_211_Ansanm Ik\u00f2n_Swen Timoun\" itemprop=\"image\" height=\"417\" width=\"417\" title=\"2025_211_Ansanm Ik\u00f2n_Swen Timoun\" onerror=\"this.style.display='none'\" loading=\"lazy\" \/>\n\t\t\t\t<\/a>\n\t\t<h4><a href=\"\/ht\/resous-yo\/vyolans-familyal-domestik\/?utm_source=Home&#038;utm_medium=Referral&#038;utm_campaign=211Resources&#038;utm_content=Domestic\" target=\"_self\">Vyolans domestik<\/a><\/h4>\n\t\t\t\t<a href=\"\/ht\/resous-yo\/vyolans-familyal-domestik\/?utm_source=Home&#038;utm_medium=Referral&#038;utm_campaign=211Resources&#038;utm_content=Domestic\"  target=\"_self\" itemprop=\"url\">\n\t\t\t\t<img decoding=\"async\" src=\"https:\/\/211md.org\/wp-content\/uploads\/bb-plugin\/cache\/2025_211_Icon-Sets_Domestic-Violence-square-7b597694a6f05fe90cdc376aa573bc63-.png\" alt=\"Ik\u00f2n Vyolans Domestik\" itemprop=\"image\" height=\"417\" width=\"417\" title=\"2025_211_Ansanm Ik\u00f2n_Vyolans Domestik\" onerror=\"this.style.display='none'\" loading=\"lazy\" \/>\n\t\t\t\t<\/a>\n\t\t<h4><a href=\"\/ht\/resous-yo\/rechech-travay\/?utm_source=Home&#038;utm_medium=Referral&#038;utm_campaign=211Resources&#038;utm_content=Employment\" target=\"_self\">Travay<\/a><\/h4>\n\t\t\t\t<a href=\"\/ht\/resous-yo\/rechech-travay\/?utm_source=Home&#038;utm_medium=Referral&#038;utm_campaign=211Resources&#038;utm_content=Employment\"  target=\"_self\" itemprop=\"url\">\n\t\t\t\t<img decoding=\"async\" src=\"https:\/\/211md.org\/wp-content\/uploads\/bb-plugin\/cache\/2025_MdInfoNet_Icon-Sets_Employment-square-44707bd410e4df10a470bf130ebcea86-.png\" alt=\"\" itemprop=\"image\" onerror=\"this.style.display='none'\" loading=\"lazy\" \/>\n\t\t\t\t<\/a>\n\t\t<h4><a href=\"\/ht\/resous-yo\/swen-sante\/?utm_source=Home&#038;utm_medium=Referral&#038;utm_campaign=211Resources&#038;utm_content=Health%20Care\" target=\"_self\">Swen Sante<\/a><\/h4>\n\t\t\t\t<a href=\"\/ht\/resous-yo\/swen-sante\/?utm_source=Home&#038;utm_medium=Referral&#038;utm_campaign=211Resources&#038;utm_content=Health%20Care\"  target=\"_self\" itemprop=\"url\">\n\t\t\t\t<img decoding=\"async\" src=\"https:\/\/211md.org\/wp-content\/uploads\/bb-plugin\/cache\/2025_MdInfoNet_Icon-Sets_Health-Care-square-dee98a0060cbe0e7f27eda253fc12679-.png\" alt=\"\" itemprop=\"image\" onerror=\"this.style.display='none'\" loading=\"lazy\" \/>\n\t\t\t\t<\/a>\n\t\t<h4><a href=\"\/ht\/resous-yo\/timoun-fanmi-yo\/swen-fanmi\/?utm_source=Home&#038;utm_medium=Referral&#038;utm_campaign=211Resources&#038;utm_content=Kinship\" target=\"_self\">Parente<\/a><\/h4>\n\t\t\t\t<a href=\"\/ht\/resous-yo\/timoun-fanmi-yo\/swen-fanmi\/?utm_source=Home&#038;utm_medium=Referral&#038;utm_campaign=211Resources&#038;utm_content=Kinship\"  target=\"_self\" itemprop=\"url\">\n\t\t\t\t<img decoding=\"async\" src=\"https:\/\/211md.org\/wp-content\/uploads\/bb-plugin\/cache\/2025_211_Icon-Sets_Kinship-square-45bdf872866f5735f842c32071109267-.png\" alt=\"Ik\u00f2n fanmi\" itemprop=\"image\" height=\"417\" width=\"417\" title=\"2025_211_Ansanm Ik\u00f2n_Fanmitay\" onerror=\"this.style.display='none'\" loading=\"lazy\" \/>\n\t\t\t\t<\/a>\n\t\t<h4><a href=\"\/ht\/resous-yo\/sevis-legal-yo\/?utm_source=Home&#038;utm_medium=Referral&#038;utm_campaign=211Resources&#038;utm_content=Legal\" target=\"_self\">S\u00e8vis Legal<\/a><\/h4>\n\t\t\t\t<a href=\"\/ht\/resous-yo\/sevis-legal-yo\/?utm_source=Home&#038;utm_medium=Referral&#038;utm_campaign=211Resources&#038;utm_content=Legal\"  target=\"_self\" itemprop=\"url\">\n\t\t\t\t<img decoding=\"async\" src=\"https:\/\/211md.org\/wp-content\/uploads\/bb-plugin\/cache\/2025_MdInfoNet_Icon-Sets_Legal-square-18fdf438feb8435588174d9046463257-.png\" alt=\"\" itemprop=\"image\" onerror=\"this.style.display='none'\" loading=\"lazy\" \/>\n\t\t\t\t<\/a>\n\t\t<h4><a href=\"\/ht\/resous-yo\/sante-mantal\/?utm_source=Home&#038;utm_medium=Referral&#038;utm_campaign=211Resources&#038;utm_content=Mental\" target=\"_self\">Sante mantal<\/a><\/h4>\n\t\t\t\t<a href=\"\/ht\/resous-yo\/sante-mantal\/?utm_source=Home&#038;utm_medium=Referral&#038;utm_campaign=211Resources&#038;utm_content=Mental\"  target=\"_self\" itemprop=\"url\">\n\t\t\t\t<img decoding=\"async\" src=\"https:\/\/211md.org\/wp-content\/uploads\/bb-plugin\/cache\/2025_MdInfoNet_Icon-Sets_Mental-Health-square-c59b38c4a993a947d4c9280fbe2d2fee-.png\" alt=\"\" itemprop=\"image\" onerror=\"this.style.display='none'\" loading=\"lazy\" \/>\n\t\t\t\t<\/a>\n\t\t<h4><a href=\"\/ht\/resous-yo\/mdreentry\/?utm_source=Home&#038;utm_medium=Referral&#038;utm_campaign=211Resources&#038;utm_content=Reentry\" target=\"_self\">Reantre<\/a><\/h4>\n\t\t\t\t<a href=\"\/ht\/resous-yo\/mdreentry\/?utm_source=Home&#038;utm_medium=Referral&#038;utm_campaign=211Resources&#038;utm_content=Reentry\"  target=\"_self\" itemprop=\"url\">\n\t\t\t\t<img decoding=\"async\" src=\"https:\/\/211md.org\/wp-content\/uploads\/bb-plugin\/cache\/2025_211_Icon-Sets_Reentry-square-8676fea38abd920a832f45642fe31cca-.png\" alt=\"Ik\u00f2n Reantre\" itemprop=\"image\" height=\"417\" width=\"417\" title=\"2025_211_Ansanm Ik\u00f2n_Reantre\" onerror=\"this.style.display='none'\" loading=\"lazy\" \/>\n\t\t\t\t<\/a>\n\t\t<h4><a href=\"\/ht\/resous-yo\/itilizasyon-sibstans\/?utm_source=Home&#038;utm_medium=Referral&#038;utm_campaign=211Resources&#038;utm_content=Substance\" target=\"_self\">Itilizasyon sibstans<\/a><\/h4>\n\t\t\t\t<a href=\"\/ht\/resous-yo\/itilizasyon-sibstans\/?utm_source=Home&#038;utm_medium=Referral&#038;utm_campaign=211Resources&#038;utm_content=Substance\"  target=\"_self\" itemprop=\"url\">\n\t\t\t\t<img decoding=\"async\" src=\"https:\/\/211md.org\/wp-content\/uploads\/bb-plugin\/cache\/2025_MdInfoNet_Icon-Sets_Substance-Abuse-square-9022fec9d18a64118ad685c101885b55-.png\" alt=\"\" itemprop=\"image\" onerror=\"this.style.display='none'\" loading=\"lazy\" \/>\n\t\t\t\t<\/a>\n\t\t<h4><a href=\"\/ht\/resous-yo\/veteran-yo\/?utm_source=Home&#038;utm_medium=Referral&#038;utm_campaign=211Resources&#038;utm_content=Veterans\" target=\"_self\">Veteran yo<\/a><\/h4>\n\t\t\t\t<a href=\"\/ht\/resous-yo\/veteran-yo\/?utm_source=Home&#038;utm_medium=Referral&#038;utm_campaign=211Resources&#038;utm_content=Veterans\"  target=\"_self\" itemprop=\"url\">\n\t\t\t\t<img decoding=\"async\" src=\"https:\/\/211md.org\/wp-content\/uploads\/bb-plugin\/cache\/2025_MdInfoNet_Icon-Sets_Rating-square-6e60d00cce4faa8e0a6d4ad7366aa733-.png\" alt=\"\" itemprop=\"image\" onerror=\"this.style.display='none'\" loading=\"lazy\" \/>\n\t\t\t\t<\/a>","protected":false},"excerpt":{"rendered":"<p>211 has your back! Here&#8217;s how to get help: Dial 211 search the statewide resource database reach out to one of the commonly referred agencies in Montgomery County Food pantries, housing support and utility assistance are available near you, whether you live in Silver Springs, Gaithersburg, Germantown, Wheaton, White Oak, Glen Echo or another Montgomery&hellip;<\/p>","protected":false},"author":8,"featured_media":0,"parent":750,"menu_order":0,"comment_status":"closed","ping_status":"closed","template":"","meta":{"footnotes":""},"class_list":["post-751","page","type-page","status-publish","hentry"],"_links":{"self":[{"href":"https:\/\/211md.org\/ht\/wp-json\/wp\/v2\/pages\/751","targetHints":{"allow":["GET"]}}],"collection":[{"href":"https:\/\/211md.org\/ht\/wp-json\/wp\/v2\/pages"}],"about":[{"href":"https:\/\/211md.org\/ht\/wp-json\/wp\/v2\/types\/page"}],"author":[{"embeddable":true,"href":"https:\/\/211md.org\/ht\/wp-json\/wp\/v2\/users\/8"}],"replies":[{"embeddable":true,"href":"https:\/\/211md.org\/ht\/wp-json\/wp\/v2\/comments?post=751"}],"version-history":[{"count":4,"href":"https:\/\/211md.org\/ht\/wp-json\/wp\/v2\/pages\/751\/revisions"}],"predecessor-version":[{"id":34085,"href":"https:\/\/211md.org\/ht\/wp-json\/wp\/v2\/pages\/751\/revisions\/34085"}],"up":[{"embeddable":true,"href":"https:\/\/211md.org\/ht\/wp-json\/wp\/v2\/pages\/750"}],"wp:attachment":[{"href":"https:\/\/211md.org\/ht\/wp-json\/wp\/v2\/media?parent=751"}],"curies":[{"name":"wp","href":"https:\/\/api.w.org\/{rel}","templated":true}]}}