{"id":758,"date":"2021-04-06T14:59:28","date_gmt":"2021-04-06T14:59:28","guid":{"rendered":"https:\/\/211md.org\/?page_id=758"},"modified":"2025-07-11T18:05:03","modified_gmt":"2025-07-11T22:05:03","slug":"rantre-nan-baz-done-nou-an","status":"publish","type":"page","link":"https:\/\/211md.org\/ht\/partner\/join-our-database\/","title":{"rendered":"Antre nan baz done nou an"},"content":{"rendered":"<h2>\n\t\t\tAjoute ajans ou a k\u00f2m yon resous\t<\/h2>\n\t<p>Nou espere konsidere \u00f2ganizasyon w lan k\u00f2m yon resous pou konekte Marylanders yo. Nou enkli ajans sante ak s\u00e8vis imen ak \u00f2ganizasyon k ap s\u00e8vi rezidan eta sa a, k\u00e8lkeswa kote fizik founis\u00e8 s\u00e8vis la. Li nou\u00a0<a href=\"\/ht\/politik-enklizyon\/\">R\u00e8gleman enklizyon<\/a>.<\/p>\n\t\t\t<a href=\"https:\/\/docs.google.com\/forms\/d\/e\/1FAIpQLSdP1V4oqiAOGr2uK9rkCIxzTpexnlyuDmDkqfJ0CjtIbmWV0A\/viewform\" target=\"_blank\" rel=\"noopener\">\n\t\t\t\t\t\t\tAntre nan kounye a\n\t\t\t\t\t<\/a>\n\t<p>Bezwen mete ajou lis ou a nan baz done resous la? <a href=\"mailto: resources@211md.org\" target=\"_blank\" rel=\"noopener\">Voye yon im\u00e8l ban nou.<\/a>.<\/p>\n<h2>\n\t\t\tKijan nou ka ede \u00f2ganizasyon w la\t<\/h2>\n\t<p>211 se yon resous pou tout moun \u2013 moun, travay\u00e8 sosyal, dokt\u00e8, enfimy\u00e8, ofisy\u00e8l gouv\u00e8nman, \u00f2ganizasyon san bi likratif ak l\u00f2t \u00f2ganizasyon. Nou konekte moun Maryland yo ak resous pou tout bezwen yo ki poko satisf\u00e8.<\/p>\n\t\t\t\t<img decoding=\"async\" src=\"https:\/\/211md.org\/wp-content\/uploads\/2021\/05\/Image-Pre-Screen-Callers.png\" alt=\"Fanm ak t\u00e8t ansanm reponn yon ap\u00e8l\" itemprop=\"image\" height=\"211\" width=\"211\" title=\"Imaj-Pre-Ecran Moun kap rele\" onerror=\"this.style.display='none'\" loading='lazy' \/>\n<h3>Moun ki rele Pre-Ecran yo<\/h3><p>Nou sip\u00f2te \u00f2ganizasyon yo nan pre-depistaj Maryland\u00e8 yo epi refere s\u00e8lman moun ki satisf\u00e8 direktiv kalifikasyon yo.<\/p>\n\t\t\t\t<img decoding=\"async\" src=\"https:\/\/211md.org\/wp-content\/uploads\/2021\/05\/Image-Guidance-on-Eligibility-Requirements.png\" alt=\"Fanm k ap travay ak yon kask sou gade kamera\" itemprop=\"image\" height=\"211\" width=\"211\" title=\"Imaj-Gid sou Kondisyon pou Elijiblite\" onerror=\"this.style.display='none'\" loading='lazy' \/>\n<h3>Gid sou Kondisyon pou Elijiblite<\/h3><p>Nou gide moun ki rele yo atrav\u00e8 kondisyon elijiblite yo, pou yo gen tout dokiman ki neses\u00e8 yo pare pou aplike pou benefis oswa pou mande asistans.<\/p>\n\t\t\t\t<img decoding=\"async\" src=\"https:\/\/211md.org\/wp-content\/uploads\/2021\/05\/Image-Saves-Time-and-Money.png\" alt=\"Fanm k ap travay gade kamera\" itemprop=\"image\" height=\"211\" width=\"211\" title=\"Imaj-ekonomize tan ak lajan\" onerror=\"this.style.display='none'\" loading='lazy' \/>\n<h3>Ekonomize tan ak lajan<\/h3><p>Espesyalis resous nou yo resevwa f\u00f2masyon nan s\u00e8vis enf\u00f2masyon ak rek\u00f2mandasyon pou ekonomize \u00f2ganizasyon w lan tan pou reponn kesyon sou benefis ak pwogramasyon.<\/p>\n\t\t\t\t<img decoding=\"async\" src=\"https:\/\/211md.org\/wp-content\/uploads\/2021\/05\/Image-Support-Your-Programs.png\" alt=\"Biznis moun ap bay lanmen\" itemprop=\"image\" height=\"211\" width=\"211\" title=\"Imaj-Sip\u00f2te pwogram ou yo\" onerror=\"this.style.display='none'\" loading='lazy' \/>\n<h3>Sip\u00f2te pwogram ou yo<\/h3><p>K\u00f2m pwen aks\u00e8 yon s\u00e8l-stop, nou ka ede \u00f2ganizasyon w konsantre sou s\u00e8vi kliyan olye ke jwenn yo.<\/p>","protected":false},"excerpt":{"rendered":"<p>Ajoute Ajans ou k\u00f2m yon Resous Nou anvi konsidere \u00f2ganizasyon ou k\u00f2m yon resous pou konekte moun Maryland yo. Nou gen ladan ajans ak \u00f2ganizasyon s\u00e8vis sante ak sosyal k ap s\u00e8vi rezidan eta sa a, k\u00e8lkeswa kote fizik founis\u00e8 s\u00e8vis la ye a. Li R\u00e8gleman Enklizyon nou an. Enskri kounye a Bezwen mete ajou lis ou nan baz done resous la?...<\/p>","protected":false},"author":8,"featured_media":1982,"parent":486,"menu_order":0,"comment_status":"closed","ping_status":"closed","template":"","meta":{"footnotes":""},"class_list":["post-758","page","type-page","status-publish","has-post-thumbnail","hentry"],"_links":{"self":[{"href":"https:\/\/211md.org\/ht\/wp-json\/wp\/v2\/pages\/758","targetHints":{"allow":["GET"]}}],"collection":[{"href":"https:\/\/211md.org\/ht\/wp-json\/wp\/v2\/pages"}],"about":[{"href":"https:\/\/211md.org\/ht\/wp-json\/wp\/v2\/types\/page"}],"author":[{"embeddable":true,"href":"https:\/\/211md.org\/ht\/wp-json\/wp\/v2\/users\/8"}],"replies":[{"embeddable":true,"href":"https:\/\/211md.org\/ht\/wp-json\/wp\/v2\/comments?post=758"}],"version-history":[{"count":3,"href":"https:\/\/211md.org\/ht\/wp-json\/wp\/v2\/pages\/758\/revisions"}],"predecessor-version":[{"id":4917,"href":"https:\/\/211md.org\/ht\/wp-json\/wp\/v2\/pages\/758\/revisions\/4917"}],"up":[{"embeddable":true,"href":"https:\/\/211md.org\/ht\/wp-json\/wp\/v2\/pages\/486"}],"wp:featuredmedia":[{"embeddable":true,"href":"https:\/\/211md.org\/ht\/wp-json\/wp\/v2\/media\/1982"}],"wp:attachment":[{"href":"https:\/\/211md.org\/ht\/wp-json\/wp\/v2\/media?parent=758"}],"curies":[{"name":"wp","href":"https:\/\/api.w.org\/{rel}","templated":true}]}}