{"id":813,"date":"2021-04-07T18:54:23","date_gmt":"2021-04-07T18:54:23","guid":{"rendered":"https:\/\/211md.org\/?page_id=813"},"modified":"2024-05-02T13:40:17","modified_gmt":"2024-05-02T17:40:17","slug":"sal-nouvel","status":"publish","type":"page","link":"https:\/\/211md.org\/ht\/newsroom\/","title":{"rendered":"Sal Nouv\u00e8l"},"content":{"rendered":"<h2>\n\t\tIstwa ki prezante yo\n\t<\/h2>\n<h2>\n\t\t211 Maryland Nouv\u00e8l\n\t<\/h2>\n\t\t\t<a href=\"\/ht\/sal-nouvel\/211-maryland-news\/\" target=\"_self\" rel=\"noopener\">\n\t\t\t\t\t\t\tGade Tout Nouv\u00e8l\n\t\t\t\t\t<\/a>\n<h3>\n\t\tKategori\n\t<\/h3>\n\t\t<h2>PRAN KONTAK<\/h2>\n\t\t<p>Tanpri kontakte nou pou planifye yon ent\u00e8vyou oswa pou w jwenn done ki gen rap\u00f2 ak ap\u00e8l 211 Maryland ak platf\u00f2m mesaj t\u00e8ks sou demann:\u00a0<a href=\"mailto:media@211md.org\">media@211md.org<\/a><\/p>\n\t\t\t<a href=\"mailto:media@211md.org\" target=\"_self\" rel=\"noopener\">\n\t\t\t\t\t\t\tIm\u00e8l nou\n\t\t\t\t\t<\/a>\n\t\t\t\t<img loading=\"lazy\" decoding=\"async\" src=\"https:\/\/211md.org\/wp-content\/uploads\/2021\/04\/Data-1.png\" alt=\"Fanm k ap travay sou \u00f2dinat\u00e8 l ap gade graf\" itemprop=\"image\" height=\"348\" width=\"460\" title=\"Done-1\" onerror=\"this.style.display='none'\"  \/>\n\t<h2><strong>Kite chif yo rakonte istwa a<\/strong><\/h2>\n<p>211 Koneksyon kontiny\u00e8l Maryland yo enf\u00f2me kominote a sou tandans sante ak s\u00e8vis imen. Aksede plizy\u00e8 milye istwa sou bezwen kolektif fondamantal nan z\u00f2n kouv\u00e8ti w la atrav\u00e8 seri done ki pi konpl\u00e8 sou bezwen ki pa satisf\u00e8 nan eta a. Rakonte istwa kominote w jodi a!<\/p>\n\t<h2><strong>211 Maryland Toolkit<\/strong><\/h2>\n<p>Telechaje matery\u00e8l zouti tankou kat kontak, grafik medya sosyal, ak f\u00e8y enf\u00f2masyon sou 211 ak pwogram li yo. S\u00e8vi ak telechajman dijital yo oswa k\u00f2mande matery\u00e8l ki pare pou enprime.<\/p>\n\t\t\t\t<img loading=\"lazy\" decoding=\"async\" src=\"https:\/\/211md.org\/wp-content\/uploads\/2021\/05\/Top-View-Postcard-Mockup-scaled.jpg\" alt=\"211 Kat Outreach Maryland\" itemprop=\"image\" height=\"1707\" width=\"2560\" title=\"Top View Mockup kat postal\" onerror=\"this.style.display='none'\"  \/>","protected":false},"excerpt":{"rendered":"<p>Istwa ki prezante yo 211 Nouv\u00e8l Maryland Gade tout kategori Nouv\u00e8l KONTAK Tanpri kontakte nou pou w pran yon ent\u00e8vyou oswa pou w jwenn done ki gen rap\u00f2 ak ap\u00e8l 211 Maryland ak platf\u00f2m voye t\u00e8ks sou demann: media@211md.org Im\u00e8l nou Kite chif yo rakonte istwa a 211 Maryland&#039;s continuous koneksyon enf\u00f2me kominote a sou sante ak tandans s\u00e8vis imen. Aks\u00e8 d\u00e8 milye de...<\/p>","protected":false},"author":8,"featured_media":1874,"parent":0,"menu_order":0,"comment_status":"closed","ping_status":"closed","template":"","meta":{"footnotes":""},"class_list":["post-813","page","type-page","status-publish","has-post-thumbnail","hentry"],"_links":{"self":[{"href":"https:\/\/211md.org\/ht\/wp-json\/wp\/v2\/pages\/813","targetHints":{"allow":["GET"]}}],"collection":[{"href":"https:\/\/211md.org\/ht\/wp-json\/wp\/v2\/pages"}],"about":[{"href":"https:\/\/211md.org\/ht\/wp-json\/wp\/v2\/types\/page"}],"author":[{"embeddable":true,"href":"https:\/\/211md.org\/ht\/wp-json\/wp\/v2\/users\/8"}],"replies":[{"embeddable":true,"href":"https:\/\/211md.org\/ht\/wp-json\/wp\/v2\/comments?post=813"}],"version-history":[{"count":0,"href":"https:\/\/211md.org\/ht\/wp-json\/wp\/v2\/pages\/813\/revisions"}],"wp:featuredmedia":[{"embeddable":true,"href":"https:\/\/211md.org\/ht\/wp-json\/wp\/v2\/media\/1874"}],"wp:attachment":[{"href":"https:\/\/211md.org\/ht\/wp-json\/wp\/v2\/media?parent=813"}],"curies":[{"name":"wp","href":"https:\/\/api.w.org\/{rel}","templated":true}]}}