{"id":836,"date":"2021-04-08T19:38:57","date_gmt":"2021-04-08T19:38:57","guid":{"rendered":"https:\/\/211md.org\/?page_id=836"},"modified":"2025-12-01T14:22:37","modified_gmt":"2025-12-01T19:22:37","slug":"sante-mantal","status":"publish","type":"page","link":"https:\/\/211md.org\/ht\/resources\/mental-health\/","title":{"rendered":"Jwenn Sip\u00f2 pou Sante Mantal nan Maryland"},"content":{"rendered":"<img decoding=\"async\" src=\"https:\/\/stg-maryland211-staging.kinsta.cloud\/wp-content\/uploads\/2025\/08\/5-1-scaled.png\" alt=\"5\" itemprop=\"image\" height=\"692\" width=\"2560\" title=\"5\" onerror=\"this.style.display='none'\" loading=\"lazy\" \/>\n\t\t<p>\u00c8d disponib pou nenp\u00f2t moun ki gen pwobl\u00e8m ak enkyetid, depresyon, panse swisid, santiman tw\u00f2p pou yo santi yo, str\u00e8s, oswa l\u00f2t pwobl\u00e8m sante mantal. Ou pa poukont ou!<\/p>\n<p>Rele 988 pou jwenn \u00e8d imedyat.<\/p>\n<p>Genyen tou resous konfidansy\u00e8l ki disponib pou sip\u00f2te sante mantal adolesan ak granmoun.<\/p>\n\t\t\t<a href=\"#start\" target=\"_self\">\n\t\t\t\t\t\tK\u00f2manse\n\t\t\t\t\t<\/a>\n\t\t\t\t<img decoding=\"async\" src=\"https:\/\/211md.org\/wp-content\/plugins\/bb-plugin\/img\/pixel.png\" alt=\"\" itemprop=\"image\" onerror=\"this.style.display='none'\" loading=\"lazy\" \/>\n\t\t\t\t<img decoding=\"async\" src=\"https:\/\/stg-maryland211-staging.kinsta.cloud\/wp-content\/uploads\/2025\/08\/16.png\" alt=\"16\" itemprop=\"image\" height=\"1000\" width=\"1000\" title=\"16\" onerror=\"this.style.display='none'\" loading=\"lazy\" \/>\n\t\t\t\t<img decoding=\"async\" src=\"http:\/\/211md.org\/wp-content\/uploads\/2025\/10\/Thoughtful-man-sitting-on-park-bench.jpg\" alt=\"Nonm reflechi chita sou yon ban nan pak la\" itemprop=\"image\" title=\"Nonm reflechi chita sou yon ban nan pak la\" onerror=\"this.style.display='none'\" loading=\"lazy\" \/>\n\t<h3>Ki sa k rive l\u00e8 ou rele 988 nan Maryland<\/h3>\n<p>Si ou konnen yon moun k ap panse touye t\u00e8t li, pa kite l pou kont li.<\/p>\n<p>Eseye f\u00e8 moun ou renmen an ch\u00e8che \u00e8d imedyatman l\u00e8 w rele 988.<\/p>\n<p>Espesyalis ki resevwa f\u00f2masyon pwofesyon\u00e8l yo disponib 24\/7\/365 pou koute epi pale.<\/p>\n<p>Espesyalis 211 nan Baltimore Crisis Response reponn k\u00e8k nan ap\u00e8l sa yo.<\/p>\n<p>Elijah McBride se Manadj\u00e8 Sant Ap\u00e8l la, epi li te pale sou fason yo ka ede moun ki sou &quot;<a href=\"https:\/\/211md.org\/ht\/podcast\/baltimore-city-mental-health\/\" target=\"_blank\" rel=\"noopener\">Ki sa ki 211 la?&quot; podcast<\/a>.<\/p>\n<blockquote><p>\u201cKidonk, l\u00e8 yon moun rele, yo pral konekte dir\u00e8kteman ak yon konseye liy dir\u00e8k ki resevwa f\u00f2masyon. &quot;Konseye liy dir\u00e8k sa a pral ba yo enf\u00f2masyon adekwa ak egzat, koute yo, epi rey\u00e8lman brase lide posiblite ak solisyon pou kriz patikilye oswa pwobl\u00e8m yo prezante nan telef\u00f2n nan,&quot; McBride eksplike.<\/p><\/blockquote>\n<p>Pale sou ent\u00e8n\u00e8t ak yon pwofesyon\u00e8l sante mantal oubyen rele oswa voye yon mesaj t\u00e8ks nan 988.<\/p>\n\t\t\t<a href=\"https:\/\/988lifeline.org\/chat\/\" target=\"_blank\" rel=\"noopener\">\n\t\t\t\t\t\t\tChat ak 988 (Angle)\n\t\t\t\t\t<\/a>\n\t\t\t<a href=\"https:\/\/988lifeline.org\/es\/home\/\" target=\"_blank\" rel=\"noopener\">\n\t\t\t\t\t\t\tChat ak 988 (Pany\u00f2l)\n\t\t\t\t\t<\/a>\n\t\t\t\t<a href=\"https:\/\/search.988.mdinfonet.org\/\" target=\"_blank\" rel=\"noopener\" itemprop=\"url\">\n\t\t\t\t<img decoding=\"async\" src=\"https:\/\/stg-maryland211-staging.kinsta.cloud\/wp-content\/uploads\/2025\/08\/2025_MdInfoNet_Icon-Sets-white_Locate.png\" alt=\"\" itemprop=\"image\" onerror=\"this.style.display='none'\" loading=\"lazy\" \/>\n\t\t\t\t<\/a>\n<h2><a href=\"https:\/\/search.988.mdinfonet.org\/\" target=\"_blank\" rel=\"noopener\">Jwenn Resous Sante Mantal Kounye a<\/a><\/h2><p>Jwenn sip\u00f2 sante mantal toupre w, l\u00e8 w f\u00e8 rech\u00e8ch nan baz done 988 la, ki fonksyone grasa Maryland Information Network ak 211.<\/p>\n<p>Antre k\u00f2d postal ou epi s\u00e8vi ak filt\u00e8 yo pou rafine rezilta yo.<\/p>\n\t\t\t<a href=\"https:\/\/search.988.mdinfonet.org\/\" target=\"_blank\" rel=\"noopener\">\n\t\t\t\t\t\t\tCh\u00e8che Kounye a\n\t\t\t<\/a>\n\t\t\t\t<img decoding=\"async\" src=\"http:\/\/211md.org\/wp-content\/uploads\/2025\/10\/Adult-texting.jpg\" alt=\"Voye mesaj t\u00e8ks pou granmoun\" itemprop=\"image\" title=\"Voye mesaj t\u00e8ks pou granmoun\" onerror=\"this.style.display='none'\" loading=\"lazy\" \/>\n\t<h3>211 Pwogram pou voye mesaj t\u00e8ks<\/h3>\n<p>Nou ofri de pwogram mesaj t\u00e8ks enf\u00f2matif ak motivasyon\u00e8l. Resevwa mesaj t\u00e8ks ak kons\u00e8y ak zouti pratik pou amelyore byenn\u00e8t mantal.<\/p>\n<p>Yo gratis epi konfidansy\u00e8l.<\/p>\n<p>Gen de pwogram, youn pou granmoun an angle ak an pany\u00f2l epi yon pwogram t\u00e8ks an angle pou adolesan.<\/p>\n<h3>MDMindHealth\/MDSaludMental (Granmoun)<\/h3>\n<p>Adilt yo ka enskri pou MDMindHealth (angl\u00e8) oubyen MDSaludMental (pany\u00f2l).<\/p>\n<p>Sou mobil, klike sou mo kle a pou louvri mesaj t\u00e8ks.<\/p>\n<p>Sinon, voye mo kle a nan 898-211.<\/p>\n<p>Angle: T\u00e8ks\u00a0<strong>MDMindHealth<\/strong>\u00a0nan 898-211<\/p>\n<p>Pany\u00f2l: T\u00e8ks\u00a0<strong>MDSaludMental\u00a0<\/strong>nan 898-211<\/p>\n<p>&nbsp;<\/p>\n\t\t\t<a href=\"sms:\/\/898-211;?&#038;body=MDMINDHEALTH\" target=\"_blank\" rel=\"noopener\">\n\t\t\t\t\t\tVoye t\u00e8ks bay mdmindhealth\n\t\t\t\t\t<\/a>\n\t\t\t<a href=\"sms:\/\/898-211;?&#038;body=MDSALUDMENTAL\" target=\"_blank\" rel=\"noopener\">\n\t\t\t\t\t\tVoye t\u00e8ks bay MdSaludMental\n\t\t\t\t\t<\/a>\n\t<p><em>211 Maryland ofri pwogram al\u00e8t mesaj t\u00e8ks ki bay enf\u00f2masyon sou resous espesifik rejyon yo oswa bay al\u00e8t pou katastw\u00f2f. Msg. &amp; done pousantaj yo ka aplike ak msg. frek. ka varye. Pou \u00c8d, ekri HELP. Pou refize, ekri STOP nan menm nimewo a. T\u00e8m konpl\u00e8 SMS nan\u00a0<a href=\"https:\/\/211md.org\/ht\/sms\/\">https:\/\/211md.org\/sms\/<\/a>\u00a0pral aplike tou.<\/em><\/p>\n\t\t<h3>MDYoungMinds (Adolesan)<\/h3>\n<p>Adolesan yo ka resevwa mesaj t\u00e8ks enf\u00f2masyon ki konsantre sou enkyetid yo nan men MDYoungMinds.<\/p>\n<p>Sou mobil, klike sou mo kle a pou louvri mesaj t\u00e8ks. Sinon, voye t\u00e8ks mo kle a nan nimewo telef\u00f2n la.<\/p>\n<p>Adolesan: T\u00e8ks<strong>\u00a0MDYoungMinds\u00a0<\/strong>nan 898-211<\/p>\n\t\t\t<a href=\"tel:+211sms:\/\/898-211;?&#038;body=MDYOUNGMINDS\" target=\"_blank\" rel=\"noopener\">\n\t\t\t\t\t\tVoye t\u00e8ks bay MdYoungMinds\n\t\t\t\t\t<\/a>\n\t\t\t\t<img decoding=\"async\" src=\"http:\/\/211md.org\/wp-content\/uploads\/2025\/10\/Teen-texting.jpg\" alt=\"mesaj t\u00e8ks pou adolesan\" itemprop=\"image\" title=\"Mesaj t\u00e8ks pou adolesan\" onerror=\"this.style.display='none'\" loading=\"lazy\" \/>\n\t<h2>Kijan Sante Mantal Enpak Nou<\/h2>\n<p>Sante mantal afekte fason ou panse, santi ak aji. Li det\u00e8mine kijan ou gen rap\u00f2 ak l\u00f2t moun, f\u00e8 chwa ak jere estr\u00e8s, dapre la <a href=\"https:\/\/www.samhsa.gov\/mental-health\" target=\"_blank\" rel=\"noopener\">Administrasyon pou Abi Sibstans ak S\u00e8vis Sante Mantal<\/a> (SAMHSA).<\/p>\n<p>Li enp\u00f2tan menm jan ak sante fizik ou. <a href=\"https:\/\/211md.org\/ht\/resous-yo\/sante-mantal\/depresyon\/\">Depresyon<\/a> ka menm ogmante risk k\u00e8k pwobl\u00e8m sante fizik.<\/p>\n<p>Si w ap lite, mande \u00e8d. Se yon siy f\u00f2s. Nou la l\u00e8 ou plis bezwen nou.<\/p>\n<p>Rele 2-1-1 epi nou ka mete ou an kontak ak sip\u00f2.<\/p>\n\t\t\t\t<img decoding=\"async\" src=\"http:\/\/211md.org\/wp-content\/uploads\/2023\/04\/Woman-in-wheelchair-getting-mental-health-support.jpg\" alt=\"Fanm nan ch\u00e8z woulant ap resevwa sip\u00f2 pou sante mantal\" itemprop=\"image\" title=\"Fanm nan ch\u00e8z woulant ap resevwa sip\u00f2 pou sante mantal\" onerror=\"this.style.display='none'\" loading=\"lazy\" \/>\n\t<h2>Ki jan yo jwenn yon founis\u00e8 sante mantal<\/h2>\n<p>Jwenn yon founis\u00e8 sante mantal ka pran tan. Sou <a href=\"https:\/\/211md.org\/ht\/blog\/kategori\/podcasts\/\">Ki sa ki 211 la? podcast<\/a> ak Seri Minorite ak Sante Mantal sou 92Q, nou te pale ak espesyalis sante konp\u00f2tman yo sou tan datant yo ak difikilte pou jwenn yon moun ou f\u00e8 konfyans, espesyalman pou kominote Nwa a.<\/p>\n<p>Li ka pran k\u00e8k founis\u00e8 anvan ou jwenn bon anf\u00f2m. Men, pa retade tretman an. K\u00f2manse konv\u00e8sasyon an ak yon terapis ki disponib pi vit ke posib.<\/p>\n<p>L\u00e8 w ap jwenn yon terapis ki bon pou ou, mande sou:<\/p>\n<ul>\n<li>kalite terapi yo ofri<\/li>\n<li>opsyon tretman<\/li>\n<li>met\u00f2d peman<\/li>\n<\/ul>\n<p>&nbsp;<\/p>\n\t<p>Ou vle yon terapis ou ka gen yon konv\u00e8sasyon on\u00e8t ak ouv\u00e8 ak. Li ka pran k\u00e8k eseye anvan ou jwenn youn nan ou konekte ak ou f\u00e8 konfyans. Si premye chwa w la pa disponib, k\u00f2manse konv\u00e8sasyon an ak yon terapis ki gen ouv\u00e8ti. Se yon pwen depa. \u00c8d pou sante mantal se yon pwosesis.<\/p>\n<p><a href=\"https:\/\/211md.org\/ht\/blog\/santiman-sante-mantal\/\">Terapi ka ede w santi w valide<\/a> epi mete mo sou sa w santi w.<\/p>\n<p>Mete <a href=\"https:\/\/211md.org\/ht\/blog\/objektif-sante-mantal\/\" target=\"_blank\" rel=\"noopener\">objektif sante mantal<\/a> ki travay pou ou. Sonje byen, li se ok pa dwe ok.<\/p>\n\t\t\t\t<a href=\"https:\/\/search.988.mdinfonet.org\/\" target=\"_blank\" rel=\"noopener\" itemprop=\"url\">\n\t\t\t\t<img decoding=\"async\" src=\"https:\/\/stg-maryland211-staging.kinsta.cloud\/wp-content\/uploads\/2025\/08\/2025_MdInfoNet_Icon-Sets-white_Locate.png\" alt=\"\" itemprop=\"image\" onerror=\"this.style.display='none'\" loading=\"lazy\" \/>\n\t\t\t\t<\/a>\n<h2><a href=\"https:\/\/search.988.mdinfonet.org\/\" target=\"_blank\" rel=\"noopener\">Ch\u00e8che Founis\u00e8 Sante Mantal<\/a><\/h2><p>Konekte ak founis\u00e8 ki toupre w yo. F\u00e8 rech\u00e8ch nan baz done 988 la, ki mache ak Rezo Enf\u00f2masyon Maryland ak 211.<\/p>\n\t\t\t<a href=\"https:\/\/search.988.mdinfonet.org\/\" target=\"_blank\" rel=\"noopener\">\n\t\t\t\t\t\t\tCh\u00e8che Kounye a\n\t\t\t<\/a>\n<h2>\n\t\t\tEnf\u00f2masyon Anplis pou Sante Mantal\t<\/h2>\n\t<h3>211 Podcast<\/h3>\n<p>Kontinye aprann sou sip\u00f2 sante mantal kominot\u00e8 ak resous sante mantal 211 sa yo ki gen ladan podcasts ak yon diskisyon kominot\u00e8 sou sante mantal gason.<\/p>\n\t<h2>Bezwen Pale?\u00a0<\/h2>\n<p>&nbsp;<\/p>\n\t<h2>Rele oswa voye t\u00e8ks 988<\/h2>\n\t\t\t<a href=\"https:\/\/988lifeline.org\/chat\/\" target=\"_blank\" rel=\"noopener\">\n\t\t\t\t\t\t\tChat kounye a (angle)\n\t\t\t\t\t<\/a>\n\t\t\t<a href=\"https:\/\/988lifeline.org\/es\/chat\/\" target=\"_blank\" rel=\"noopener\">\n\t\t\t\t\t\t\tChatea Ahora (Espa\u00f1ol)\n\t\t\t\t\t<\/a>\n\t<p>Nenp\u00f2t moun ki bezwen asistans ak bezwen sante mantal oswa bezwen ki gen rap\u00f2 ak itilizasyon sibstans ka rele 988. <a href=\"https:\/\/health.maryland.gov\/bha\/Pages\/988md.aspx\" target=\"_blank\" rel=\"noopener\">Aprann sou 988 nan Maryland<\/a>.<\/p>\n\t\t<h4><a href=\"\/ht\/resous-yo\/aje-andikap\/?utm_source=Home&#038;utm_medium=Referral&#038;utm_campaign=211Resources&#038;utm_content=Aging\" target=\"_self\">Aje ak Andikap<\/a><\/h4>\n\t\t\t\t<a href=\"\/ht\/resous-yo\/aje-andikap\/?utm_source=Home&#038;utm_medium=Referral&#038;utm_campaign=211Resources&#038;utm_content=Aging\"  target=\"_self\" itemprop=\"url\">\n\t\t\t\t<img decoding=\"async\" src=\"https:\/\/211md.org\/wp-content\/uploads\/bb-plugin\/cache\/2025_MdInfoNet_Icon-Sets_Aging-disability-square-c466727102cae71e5f27b8539bb51945-.png\" alt=\"\" itemprop=\"image\" onerror=\"this.style.display='none'\" loading=\"lazy\" \/>\n\t\t\t\t<\/a>\n\t\t<h4><a href=\"\/ht\/resous-yo\/timoun-fanmi-yo\/?utm_source=Home&#038;utm_medium=Referral&#038;utm_campaign=211Resources&#038;utm_content=Children\" target=\"_self\">Timoun ak Fanmi<\/a><\/h4>\n\t\t\t\t<a href=\"\/ht\/resous-yo\/timoun-fanmi-yo\/?utm_source=Home&#038;utm_medium=Referral&#038;utm_campaign=211Resources&#038;utm_content=Children\"  target=\"_self\" itemprop=\"url\">\n\t\t\t\t<img decoding=\"async\" src=\"https:\/\/211md.org\/wp-content\/uploads\/bb-plugin\/cache\/2025_211_Icon-Sets_Child-care-square-f3b0d4edab3dcc467fadb5f55f4064c6-.png\" alt=\"parent and child icon for child care\" itemprop=\"image\" height=\"417\" width=\"417\" title=\"2025_211_Ansanm Ik\u00f2n_Swen Timoun\" onerror=\"this.style.display='none'\" loading=\"lazy\" \/>\n\t\t\t\t<\/a>\n\t\t<h4><a href=\"\/ht\/resous-yo\/vyolans-familyal-domestik\/?utm_source=Home&#038;utm_medium=Referral&#038;utm_campaign=211Resources&#038;utm_content=Domestic\" target=\"_self\">Vyolans domestik<\/a><\/h4>\n\t\t\t\t<a href=\"\/ht\/resous-yo\/vyolans-familyal-domestik\/?utm_source=Home&#038;utm_medium=Referral&#038;utm_campaign=211Resources&#038;utm_content=Domestic\"  target=\"_self\" itemprop=\"url\">\n\t\t\t\t<img decoding=\"async\" src=\"https:\/\/211md.org\/wp-content\/uploads\/bb-plugin\/cache\/2025_211_Icon-Sets_Domestic-Violence-square-7b597694a6f05fe90cdc376aa573bc63-.png\" alt=\"Ik\u00f2n Vyolans Domestik\" itemprop=\"image\" height=\"417\" width=\"417\" title=\"2025_211_Ansanm Ik\u00f2n_Vyolans Domestik\" onerror=\"this.style.display='none'\" loading=\"lazy\" \/>\n\t\t\t\t<\/a>\n\t\t<h4><a href=\"\/ht\/resous-yo\/rechech-travay\/?utm_source=Home&#038;utm_medium=Referral&#038;utm_campaign=211Resources&#038;utm_content=Employment\" target=\"_self\">Travay<\/a><\/h4>\n\t\t\t\t<a href=\"\/ht\/resous-yo\/rechech-travay\/?utm_source=Home&#038;utm_medium=Referral&#038;utm_campaign=211Resources&#038;utm_content=Employment\"  target=\"_self\" itemprop=\"url\">\n\t\t\t\t<img decoding=\"async\" src=\"https:\/\/211md.org\/wp-content\/uploads\/bb-plugin\/cache\/2025_MdInfoNet_Icon-Sets_Employment-square-44707bd410e4df10a470bf130ebcea86-.png\" alt=\"\" itemprop=\"image\" onerror=\"this.style.display='none'\" loading=\"lazy\" \/>\n\t\t\t\t<\/a>\n\t\t<h4><a href=\"\/ht\/resous-yo\/swen-sante\/?utm_source=Home&#038;utm_medium=Referral&#038;utm_campaign=211Resources&#038;utm_content=Health%20Care\" target=\"_self\">Swen Sante<\/a><\/h4>\n\t\t\t\t<a href=\"\/ht\/resous-yo\/swen-sante\/?utm_source=Home&#038;utm_medium=Referral&#038;utm_campaign=211Resources&#038;utm_content=Health%20Care\"  target=\"_self\" itemprop=\"url\">\n\t\t\t\t<img decoding=\"async\" src=\"https:\/\/211md.org\/wp-content\/uploads\/bb-plugin\/cache\/2025_MdInfoNet_Icon-Sets_Health-Care-square-dee98a0060cbe0e7f27eda253fc12679-.png\" alt=\"\" itemprop=\"image\" onerror=\"this.style.display='none'\" loading=\"lazy\" \/>\n\t\t\t\t<\/a>\n\t\t<h4><a href=\"\/ht\/resous-yo\/timoun-fanmi-yo\/swen-fanmi\/?utm_source=Home&#038;utm_medium=Referral&#038;utm_campaign=211Resources&#038;utm_content=Kinship\" target=\"_self\">Parente<\/a><\/h4>\n\t\t\t\t<a href=\"\/ht\/resous-yo\/timoun-fanmi-yo\/swen-fanmi\/?utm_source=Home&#038;utm_medium=Referral&#038;utm_campaign=211Resources&#038;utm_content=Kinship\"  target=\"_self\" itemprop=\"url\">\n\t\t\t\t<img decoding=\"async\" src=\"https:\/\/211md.org\/wp-content\/uploads\/bb-plugin\/cache\/2025_211_Icon-Sets_Kinship-square-45bdf872866f5735f842c32071109267-.png\" alt=\"Ik\u00f2n fanmi\" itemprop=\"image\" height=\"417\" width=\"417\" title=\"2025_211_Ansanm Ik\u00f2n_Fanmitay\" onerror=\"this.style.display='none'\" loading=\"lazy\" \/>\n\t\t\t\t<\/a>\n\t\t<h4><a href=\"\/ht\/resous-yo\/sevis-legal-yo\/?utm_source=Home&#038;utm_medium=Referral&#038;utm_campaign=211Resources&#038;utm_content=Legal\" target=\"_self\">S\u00e8vis Legal<\/a><\/h4>\n\t\t\t\t<a href=\"\/ht\/resous-yo\/sevis-legal-yo\/?utm_source=Home&#038;utm_medium=Referral&#038;utm_campaign=211Resources&#038;utm_content=Legal\"  target=\"_self\" itemprop=\"url\">\n\t\t\t\t<img decoding=\"async\" src=\"https:\/\/211md.org\/wp-content\/uploads\/bb-plugin\/cache\/2025_MdInfoNet_Icon-Sets_Legal-square-18fdf438feb8435588174d9046463257-.png\" alt=\"\" itemprop=\"image\" onerror=\"this.style.display='none'\" loading=\"lazy\" \/>\n\t\t\t\t<\/a>\n\t\t<h4><a href=\"\/ht\/resous-yo\/sante-mantal\/?utm_source=Home&#038;utm_medium=Referral&#038;utm_campaign=211Resources&#038;utm_content=Mental\" target=\"_self\">Sante mantal<\/a><\/h4>\n\t\t\t\t<a href=\"\/ht\/resous-yo\/sante-mantal\/?utm_source=Home&#038;utm_medium=Referral&#038;utm_campaign=211Resources&#038;utm_content=Mental\"  target=\"_self\" itemprop=\"url\">\n\t\t\t\t<img decoding=\"async\" src=\"https:\/\/211md.org\/wp-content\/uploads\/bb-plugin\/cache\/2025_MdInfoNet_Icon-Sets_Mental-Health-square-c59b38c4a993a947d4c9280fbe2d2fee-.png\" alt=\"\" itemprop=\"image\" onerror=\"this.style.display='none'\" loading=\"lazy\" \/>\n\t\t\t\t<\/a>\n\t\t<h4><a href=\"\/ht\/resous-yo\/mdreentry\/?utm_source=Home&#038;utm_medium=Referral&#038;utm_campaign=211Resources&#038;utm_content=Reentry\" target=\"_self\">Reantre<\/a><\/h4>\n\t\t\t\t<a href=\"\/ht\/resous-yo\/mdreentry\/?utm_source=Home&#038;utm_medium=Referral&#038;utm_campaign=211Resources&#038;utm_content=Reentry\"  target=\"_self\" itemprop=\"url\">\n\t\t\t\t<img decoding=\"async\" src=\"https:\/\/211md.org\/wp-content\/uploads\/bb-plugin\/cache\/2025_211_Icon-Sets_Reentry-square-8676fea38abd920a832f45642fe31cca-.png\" alt=\"Ik\u00f2n Reantre\" itemprop=\"image\" height=\"417\" width=\"417\" title=\"2025_211_Ansanm Ik\u00f2n_Reantre\" onerror=\"this.style.display='none'\" loading=\"lazy\" \/>\n\t\t\t\t<\/a>\n\t\t<h4><a href=\"\/ht\/resous-yo\/itilizasyon-sibstans\/?utm_source=Home&#038;utm_medium=Referral&#038;utm_campaign=211Resources&#038;utm_content=Substance\" target=\"_self\">Itilizasyon sibstans<\/a><\/h4>\n\t\t\t\t<a href=\"\/ht\/resous-yo\/itilizasyon-sibstans\/?utm_source=Home&#038;utm_medium=Referral&#038;utm_campaign=211Resources&#038;utm_content=Substance\"  target=\"_self\" itemprop=\"url\">\n\t\t\t\t<img decoding=\"async\" src=\"https:\/\/211md.org\/wp-content\/uploads\/bb-plugin\/cache\/2025_MdInfoNet_Icon-Sets_Substance-Abuse-square-9022fec9d18a64118ad685c101885b55-.png\" alt=\"\" itemprop=\"image\" onerror=\"this.style.display='none'\" loading=\"lazy\" \/>\n\t\t\t\t<\/a>\n\t\t<h4><a href=\"\/ht\/resous-yo\/veteran-yo\/?utm_source=Home&#038;utm_medium=Referral&#038;utm_campaign=211Resources&#038;utm_content=Veterans\" target=\"_self\">Veteran yo<\/a><\/h4>\n\t\t\t\t<a href=\"\/ht\/resous-yo\/veteran-yo\/?utm_source=Home&#038;utm_medium=Referral&#038;utm_campaign=211Resources&#038;utm_content=Veterans\"  target=\"_self\" itemprop=\"url\">\n\t\t\t\t<img decoding=\"async\" src=\"https:\/\/211md.org\/wp-content\/uploads\/bb-plugin\/cache\/2025_MdInfoNet_Icon-Sets_Rating-square-6e60d00cce4faa8e0a6d4ad7366aa733-.png\" alt=\"\" itemprop=\"image\" onerror=\"this.style.display='none'\" loading=\"lazy\" \/>\n\t\t\t\t<\/a>","protected":false},"excerpt":{"rendered":"<p>\u00c8d disponib pou nenp\u00f2t moun k ap lite ak enkyetid, depresyon, panse swisid, akab, str\u00e8s, oswa l\u00f2t pwobl\u00e8m sante mantal. Ou pa poukont ou! Rele 988 pou jwenn \u00e8d imedya. Genyen tou resous konfidansy\u00e8l ki disponib pou sip\u00f2te sante mantal adolesan ak granmoun. K\u00f2manse Ki sa k rive l\u00e8 w rele 988 nan Maryland Si ou...<\/p>","protected":false},"author":8,"featured_media":33920,"parent":930,"menu_order":0,"comment_status":"closed","ping_status":"closed","template":"","meta":{"footnotes":""},"class_list":["post-836","page","type-page","status-publish","has-post-thumbnail","hentry"],"_links":{"self":[{"href":"https:\/\/211md.org\/ht\/wp-json\/wp\/v2\/pages\/836","targetHints":{"allow":["GET"]}}],"collection":[{"href":"https:\/\/211md.org\/ht\/wp-json\/wp\/v2\/pages"}],"about":[{"href":"https:\/\/211md.org\/ht\/wp-json\/wp\/v2\/types\/page"}],"author":[{"embeddable":true,"href":"https:\/\/211md.org\/ht\/wp-json\/wp\/v2\/users\/8"}],"replies":[{"embeddable":true,"href":"https:\/\/211md.org\/ht\/wp-json\/wp\/v2\/comments?post=836"}],"version-history":[{"count":11,"href":"https:\/\/211md.org\/ht\/wp-json\/wp\/v2\/pages\/836\/revisions"}],"predecessor-version":[{"id":33961,"href":"https:\/\/211md.org\/ht\/wp-json\/wp\/v2\/pages\/836\/revisions\/33961"}],"up":[{"embeddable":true,"href":"https:\/\/211md.org\/ht\/wp-json\/wp\/v2\/pages\/930"}],"wp:featuredmedia":[{"embeddable":true,"href":"https:\/\/211md.org\/ht\/wp-json\/wp\/v2\/media\/33920"}],"wp:attachment":[{"href":"https:\/\/211md.org\/ht\/wp-json\/wp\/v2\/media?parent=836"}],"curies":[{"name":"wp","href":"https:\/\/api.w.org\/{rel}","templated":true}]}}