{"id":837,"date":"2021-04-08T19:40:11","date_gmt":"2021-04-08T19:40:11","guid":{"rendered":"https:\/\/211md.org\/?page_id=837"},"modified":"2025-09-02T12:13:44","modified_gmt":"2025-09-02T16:13:44","slug":"itilizasyon-sibstans","status":"publish","type":"page","link":"https:\/\/211md.org\/ht\/resources\/substance-use\/","title":{"rendered":"Jwenn \u00e8d ak tretman pou itilizasyon sibstans ak dejwe"},"content":{"rendered":"<h2><a href=\"https:\/\/search.988.mdinfonet.org\/\" target=\"_blank\" rel=\"noopener\">Ch\u00e8che kons\u00e8y sou itilizasyon sibstans<\/a><\/h2>\n\t\t\t<a href=\"https:\/\/search.988.mdinfonet.org\/\" target=\"_blank\" rel=\"noopener\">\n\t\t\t\t\t\t\tCh\u00e8che Kounye a\n\t\t\t<\/a>\n\t<p><strong><a href=\"\/ht\/rantre-nan-baz-done-nou-an\/\">Ajoute ajans ou oswa \u00f2ganizasyon w nan baz done resous nou an.<\/a><\/strong><\/p>\n\t\t\t\t<img decoding=\"async\" src=\"https:\/\/211md.org\/wp-content\/uploads\/2022\/07\/Diverse-group-of-people-in-the-streets.png\" alt=\"div\u00e8s gwoup moun nan lari yo\" itemprop=\"image\" height=\"564\" width=\"1024\" title=\"Gwoup div\u00e8s moun nan lari yo\" onerror=\"this.style.display='none'\" loading=\"lazy\" \/>\n\t<h2>Sip\u00f2 pou itilizasyon sibstans<\/h2>\n<p>Gen \u00e8d ki disponib si oumenm oswa yon moun ou konnen dejwe dw\u00f2g oswa yon l\u00f2t sibstans. Jwenn \u00e8d se bagay ki pi brav ou ka f\u00e8.<\/p>\n<ul>\n<li><strong>Rele 988 pou sip\u00f2 an ka ijans akoz itilizasyon sibstans oswa sante mantal.\u00a0<\/strong><br \/>\nOu kapab tou chat sou ent\u00e8n\u00e8t nan <a href=\"https:\/\/988lifeline.org\/chat\/\" target=\"_blank\" rel=\"noopener\">angle<\/a> oswa <a href=\"https:\/\/988lifeline.org\/es\/chat\/\" target=\"_blank\" rel=\"noopener\">Pany\u00f2l<\/a>. <a href=\"https:\/\/988min.org\/\" target=\"_blank\" rel=\"noopener\">Aprann plis sou 988 nan Maryland<\/a>.<\/li>\n<li><strong>Ch\u00e8che founis\u00e8 ki s\u00e8vi ak sibstans.<br \/>\n<\/strong>Eta a konpl\u00e8 <a href=\"https:\/\/search.988.mdinfonet.org\/\" target=\"_blank\" rel=\"noopener\">baz done itilizasyon sibstans<\/a>, ki mache ak Maryland Information Network, p\u00e8m\u00e8t ou filtre s\u00e8vis yo pa pwobl\u00e8m, kalite peman, laj, lang ak k\u00f2d postal.<\/li>\n<\/ul>\n\t\t<h3>T\u00e8ks MHDope nan 898211<\/h3><p>Konekte ak sant tretman itilizasyon sibstans ki toupre w, naloxone ak sit jete medikaman sou preskripsyon.<\/p>\n<p><a href=\"https:\/\/211md.org\/ht\/mdhope\/\" target=\"_blank\" rel=\"noopener\">MDHope<\/a> se yon pwogram mesaj t\u00e8ks gratis epi konfidansy\u00e8l ki konekte zanmi, fanmi, pwofesyon\u00e8l ak moun ak resous ak sip\u00f2 opioid lokal yo. T\u00e8ks MHDope nan 898-211 epi reponn enstriksyon yo pou enf\u00f2masyon ak resous ou bezwen yo.<\/p>\n<p><em>211 Maryland ofri pwogram al\u00e8t mesaj t\u00e8ks ki bay enf\u00f2masyon sou resous espesifik rejyon yo oswa bay al\u00e8t pou katastw\u00f2f. Msg. ak pousantaj done yo ka aplike. Msg. frekans ka varye. T\u00e8ks STOP nan menm nimewo a pou dezab\u00f2ne. Pou \u00e8d, ekri HELP. T\u00e8m konpl\u00e8 SMS nan <a href=\"https:\/\/211md.org\/ht\/sms\/\">https:\/\/211md.org\/sms\/<\/a> pral aplike tou<\/em><\/p>\n<h2>Anpeche yon surdozaj<\/h2>\n<p>Si ou konnen yon moun ki gen difikilte ak itilizasyon sibstans, ou dwe okouran de la <a href=\"https:\/\/211md.org\/ht\/resous-yo\/itilizasyon-sibstans\/siy-avetisman-ak-ed-pou-surdozaj\/\">siy av\u00e8tisman yon surdozaj<\/a>.<\/p>\n<p>Ou ka kenbe medikaman pou sove lavi yo rele Naloxone (Narcan) pou ede jiskaske moun nan resevwa tretman. Medikaman an disponib nan Maryland san preskripsyon nan famasi Maryland ak <a href=\"https:\/\/health.maryland.gov\/pha\/NALOXONE\/Pages\/Approved-Entities.aspx\" target=\"_blank\" rel=\"noopener\">pwen distribisyon yo<\/a> nan tout eta a.<\/p>\n<p>Si w gen yon moun ki f\u00e8 yon surdozaj, rele 911 imedyatman, menm si w gen Naloxone.<\/p>\n<p>Lwa Maryland Bon Samariten an pwoteje ou menm ak moun ki f\u00e8 yon overdose kont s\u00e8ten krim ak pouswit si w ap ede yon moun jwenn \u00e8d pou yon surdozaj.<\/p>\n<h3>Sip\u00f2 pou kriz<\/h3>\n<p>Si oumenm oswa yon moun ou konnen bezwen sip\u00f2 imedya, rele oswa voye t\u00e8ks nenp\u00f2t mesaj nan 988. Ou pral pale ak yon pwofesyon\u00e8l ki resevwa f\u00f2masyon oswa chat ak yon moun sou ent\u00e8n\u00e8t nan. <a href=\"https:\/\/988lifeline.org\/chat\/\" target=\"_blank\" rel=\"noopener\">angle<\/a> oswa <a href=\"https:\/\/988lifeline.org\/es\/chat\/\" target=\"_blank\" rel=\"noopener\">Pany\u00f2l<\/a>.<\/p>\n<p>Genyen tou sant sip\u00f2 nan kriz nan tout Maryland ki ka bay swen 24\/7. Sant sa yo ka bay \u00e8d imedya ak sip\u00f2 kontiny\u00e8l.<\/p>\n<p>Si oumenm oswa yon moun ou konnen bezwen \u00e8d ijans imedyatman, rele 911. Sinon, rele 988 pou jwenn sip\u00f2 sante konp\u00f2tmantal ou bezwen an.<\/p>\n\t\t\t\t<img decoding=\"async\" src=\"https:\/\/211md.org\/wp-content\/plugins\/bb-plugin\/img\/pixel.png\" alt=\"\" itemprop=\"image\" onerror=\"this.style.display='none'\" loading=\"lazy\" \/>\n\t\t\t\t<img decoding=\"async\" src=\"http:\/\/211md.org\/wp-content\/uploads\/2024\/02\/going-through-medicine-cabinet-looking-at-pills.jpg\" alt=\"ap pase nan kabin\u00e8 medikaman gade grenn\" itemprop=\"image\" title=\"ap pase nan kabin\u00e8 medikaman gade grenn\" onerror=\"this.style.display='none'\" loading=\"lazy\" \/>\n\t<h3>Jete ansyen medikaman<\/h3>\n<p>Ou ka anpeche surdozaj tou l\u00e8 w jete ansyen medikaman. L\u00e8 ou gen medikaman sou preskripsyon nan kabin\u00e8 medikaman ou, yo se yon sib fasil pou yon moun ki dejwe dw\u00f2g.<\/p>\n<p>Genyen <a href=\"https:\/\/211md.org\/ht\/resous-yo\/itilizasyon-sibstans\/eliminasyon-dwog\/\">sit gratis pou jete medikaman<\/a> nan tout Maryland.<\/p>\n<p>Li ede anpeche move itilizasyon sibstans epi tou li pwoteje anviw\u00f2nman an.<\/p>\n\t<h2>Travay Tretman<\/h2>\n<p>Pou yon moun ki gen maladi itilizasyon sibstans (oswa &quot;adiksyon&quot;), tretman esansy\u00e8l pou jere kondisyon an. Av\u00e8k bon sip\u00f2, rekiperasyon an posib pou tout moun.<\/p>\n<h3>Kons\u00e8nan Twoub Itilizasyon Sibstans<\/h3>\n<p>Moun ka devlope yon depandans sou div\u00e8s kalite sibstans, tankou nikotin, alk\u00f2l, medikaman sou preskripsyon oswa l\u00f2t dw\u00f2g.<\/p>\n<p>Apre yon tan, sibstans sa yo ka reset sist\u00e8m rekonpans s\u00e8vo a, ki afekte panse, santiman ak konp\u00f2tman yon moun.<\/p>\n<p>Pou egzanp, sist\u00e8m rekonpans s\u00e8vo a ka byen vit deranje l\u00e8 w s\u00e8vi ak medikaman pou doul\u00e8 sou preskripsyon oswa l\u00e8 w s\u00e8vi ak l\u00f2t opioid tankou ewoyin. Sa ka mennen nan maladi itilizasyon opioid, ki ka tr\u00e8 danjere.<\/p>\n<blockquote><p>Nan Maryland, fentanyl se k\u00f2z prensipal lanm\u00f2 nan surdozaj, dapre done ki soti nan\u00a0<a href=\"https:\/\/experience.arcgis.com\/experience\/c546d22ec4a946cbb700a282f53c6eb7\/\" target=\"_blank\" rel=\"noopener\">Sant K\u00f2mand Operasyon Opyoid<\/a>.<\/p><\/blockquote>\n<p>Bon nouv\u00e8l la se ke sist\u00e8m rekonpans s\u00e8vo a ka retabli ak retabli ak tretman.<\/p>\n<p>Pandan ke nenp\u00f2t moun ka devlope yon maladi itilizasyon sibstans, moun ki te f\u00e8 eksperyans <a href=\"https:\/\/211md.org\/ht\/resous-yo\/timoun-fanmi-yo\/aces\/\">ch\u00f2k oswa gwo adv\u00e8site gen plis risk<\/a>.<\/p>\n\t\t<iframe loading=\"lazy\" width=\"560\" height=\"315\" src=\"https:\/\/www.youtube.com\/embed\/LrAUMU2dKO8\" title=\"jw\u00e8 videyo YouTube\" frameborder=\"0\" allow=\"accelerometer; autoplay; clipboard-write; encrypted-media; gyroscope; picture-in-picture\" allowfullscreen><\/iframe>\t\n\t<h2>Rekiperasyon itilizasyon sibstans<\/h2>\n<p>Yon dejwe se tankou yon chemen byen chire nan s\u00e8vo yon moun. Tretman travay pou redireksyon ak rebati chemen sa a. P\u00e8sonn pa ka redireksyon chemen an pou kont li; li pran yon ekip, ak tan, ak zouti yo dwa.<\/p>\n<p>Chak chemen rekiperasyon inik, epi pa gen okenn or\u00e8 pou konbyen tan li pral pran pou bati. Men, gen espwa! Rekiperasyon an posib pou tout moun.<\/p>\n<p><a href=\"https:\/\/www.rewriteyourscript.org\/Recovery-Support#peer-recovery\" target=\"_blank\" rel=\"noopener\">Enspire pa rezidan Cecil County ki te mache sou chemen sa a<\/a> epi yo nan rekiperasyon.<\/p>\n<p>Kontinye lekti pou aprann plis sou fason diferan kalite tretman pou maladi itilizasyon sibstans ka ede bati yon chemen rekiperasyon.<\/p>\n\t<h2>Tretman pou twoub itilizasyon sibstans<\/h2>\n<p>Tretman travay pi byen l\u00e8 li enplike plis pase yon kalite sip\u00f2. Opsyon tretman yo enkli:<\/p>\n<ul>\n<li>kons\u00e8y<\/li>\n<li>medikaman<\/li>\n<li>dezentoksikasyon<\/li>\n<li>sip\u00f2 kanmarad<\/li>\n<\/ul>\n<p>Ou ka jwenn opsyon tretman sa yo nan yon lopital, sant tretman pou pasyan ki ent\u00e8ne, tretman pou pasyan ekst\u00e8n, rezidans rekiperasyon oswa gwoup sip\u00f2.<\/p>\n<h3>Medikaman ka ede rekiperasyon an<\/h3>\n<p>Medikaman se souvan yon pati enp\u00f2tan nan yon plan tretman efikas pou maladi itilizasyon sibstans. Yon dokt\u00e8 preskri yon medikaman ak yon d\u00f2z espesifik pou bezwen moun nan. Dokt\u00e8 yo souvan itilize Suboxone (buprenorphine), Metad\u00f2n oswa Vivitrol (Naltrexone) pou ede reset sist\u00e8m rekonpans s\u00e8vo a. Medikaman sa yo ka diminye anvi, sent\u00f2m retr\u00e8, oswa ef\u00e8 l\u00f2t dw\u00f2g.<\/p>\n<p>Nosyon demode ke tretman asistans medikaman se &quot;jis kom\u00e8s yon dw\u00f2g pou yon l\u00f2t&quot; se yon mit danjere.<\/p>\n<p><a href=\"https:\/\/www.samhsa.gov\/medication-assisted-treatment\" target=\"_blank\" rel=\"noopener\">Tretman Asistans Medikaman<\/a>\u00a0(MAT) s\u00e8vi ak medikaman sou preskripsyon, kons\u00e8y, ak terapi konp\u00f2tman pou ede moun ki gen maladi itilizasyon sibstans redireksyon konp\u00f2tman yo, reyaksyon yo deklanche, ak lavi yo.<\/p>\n<h3>Dezentoksikasyon<\/h3>\n<p>Dezentoksikasyon se pwosesis pou retire yon sibstans espesifik nan k\u00f2 a. Detox kapab yon pati enp\u00f2tan nan tretman pou moun ki gen yon depandans sou alk\u00f2l, opioids, oswa l\u00f2t sibstans.<\/p>\n<p>Baltimore Crisis Response se yon pati nan\u00a0<a href=\"https:\/\/211md.org\/ht\/sou\/rezo-sant-apel\/\" target=\"_blank\" rel=\"noopener\">Rezo Sant ap\u00e8l 211<\/a>. Yo bay pwogram dezentoksikasyon rezidansy\u00e8l kout t\u00e8m ki tipikman dire 7 jou.\u00a0<a href=\"https:\/\/bcresponse.org\/about-us\/our-stories\/lynns-story.html\" target=\"_blank\" rel=\"noopener\">Enspire pa istwa siks\u00e8 dezentoksikasyon 7 jou sa a<\/a>\u00a0nan Baltimore Crisis Response.<\/p>\n<p>&nbsp;<\/p>\n\t\t\t\t<img decoding=\"async\" src=\"http:\/\/211md.org\/wp-content\/uploads\/2024\/02\/Peer-support.jpg\" alt=\"Gwoup sip\u00f2 kanmarad\" itemprop=\"image\" title=\"Sip\u00f2 kanmarad\" onerror=\"this.style.display='none'\" loading=\"lazy\" \/>\n\t<h3>Sip\u00f2 kanmarad<\/h3>\n<p><a href=\"https:\/\/www.mdcoalition.org\/who-we-help\/substance-use\/\" target=\"_blank\" rel=\"noopener\">Maryland Kowalisyon Fanmi<\/a>\u00a0(MCF) travay ak fanmi yo k\u00f2m yon pati nan pwosesis tretman ak rekiperasyon an.<\/p>\n<p>Espesyalis sip\u00f2 kanmarad fanmi MCF yo ka ede fanmi ou nan fason sa yo:<\/p>\n<ul>\n<li>Konekte w ak resous ak opsyon tretman, tankou atelye, f\u00f2masyon ak l\u00f2t gwoup sip\u00f2.<\/li>\n<li>Anseye swen pw\u00f2p t\u00e8t ou ak rezistans.<\/li>\n<li>Ede ak fikse objektif ak plan aksyon.<\/li>\n<li>Kolabore ak l\u00f2t ajans yo.<\/li>\n<li>Defann fanmi w.<\/li>\n<\/ul>\n\t<h3>Tretman mobil nan Maryland<\/h3>\n<p>Paske aks\u00e8 a tretman pa ta dwe depann de transp\u00f2, Maryland ofri Inite Tretman Mobil.<\/p>\n<p>La\u00a0<a href=\"https:\/\/www.carolinehd.org\/health-services\/behavioral-health\/\" target=\"_blank\" rel=\"noopener\">Depatman Sante Konte Caroline<\/a>\u00a0kondwi yon Veyikil Rekreyasyon (RV) nan kominote riral ki pa gen des\u00e8vi sou rivaj l\u00e8s la pou ede moun ki gen maladi itilizasyon opioid (OUD).<\/p>\n<p>Rele 211 pou jwenn \u00e8d pou jwenn yon Inite Tretman Mobil toupre w.<\/p>\n\t\t<iframe loading=\"lazy\" width=\"560\" height=\"315\" src=\"https:\/\/www.youtube.com\/embed\/f6mIZwTIYh8\" title=\"jw\u00e8 videyo YouTube\" frameborder=\"0\" allow=\"accelerometer; autoplay; clipboard-write; encrypted-media; gyroscope; picture-in-picture\" allowfullscreen><\/iframe>\t\n\t<h3>Yon aplikasyon pou twoub itilizasyon opioid<\/h3>\n<p>La <a href=\"https:\/\/www.umms.org\/midtown\/health-services\/addiction-medicine\" target=\"_blank\" rel=\"noopener\">Sant pou Medsin Dejwe nan University of Maryland Medical Center<\/a> ofri anpil kalite tretman pou maladi itilizasyon opioid ak l\u00f2t maladi itilizasyon sibstans. Genyen menm yon aplikasyon dokt\u00e8 yo ka preskri pou konekte pasyan yo ak s\u00e8vis tretman lakay yo. Li ede moun yo bati nouvo ladr\u00e8s pou f\u00e8 fas ak estr\u00e8s ak jere reyaksyon yo nan deklanche.<\/p>\n<h3>Ale san lafimen sip\u00f2te rekiperasyon<\/h3>\n<p>Tretman pou maladi itilizasyon sibstans pi efikas l\u00e8 moun jwenn sip\u00f2 pou yo kite fimen an menm tan.<\/p>\n<p>La <a href=\"http:\/\/smokingstopshere.com\/\" target=\"_blank\" rel=\"noopener\">Maryland Tobacco Quitline<\/a> se yon telef\u00f2n, ent\u00e8n\u00e8t ak s\u00e8vis mesaj t\u00e8ks GRATIS ki disponib pou rezidan Maryland ki gen plis pase 13 an. Jwenn \u00e8d pou kite nenp\u00f2t f\u00f2m tabak l\u00e8 w rele 1-8000-QUIT-NOW (1-800-784-8669).<\/p>\n<h2>Peye pou Tretman<\/h2>\n<p>Asirans sante kouvri tretman maladi itilizasyon sibstans. Konpayi asirans ou a pa ka f\u00e8 w peye plis si se yon kondisyon ki deja egziste.<\/p>\n<p>Si w ap ch\u00e8che asirans sante atrav\u00e8 Maryland Health Connection,\u00a0<a href=\"https:\/\/www.marylandhealthconnection.gov\/wp-content\/uploads\/2019\/04\/MHC_Factsheet_SubstanceUseDisorder.pdf\" target=\"_blank\" rel=\"noopener\">aprann kijan pou idantifye konpayi asirans ki pral bay pi bon pwoteksyon pou medikaman yo<\/a>\u00a0ak founis\u00e8 ou w\u00e8 nan kominote w la.<\/p>\n<h2>Enf\u00f2masyon ki gen rap\u00f2<\/h2>\n<p><a href=\"https:\/\/211md.org\/ht\/resous-yo\/itilizasyon-sibstans\/siy-avetisman-ak-ed-pou-surdozaj\/\">Ede yon moun ki f\u00e8 yon surdozaj<\/a><\/p>\n<p><a href=\"https:\/\/211md.org\/ht\/resous-yo\/itilizasyon-sibstans\/eliminasyon-dwog\/\">Dispozisyon Medikaman Preskripsyon<\/a><\/p>\n<p><a href=\"https:\/\/211md.org\/ht\/mdhope\/\">MDHope<\/a><\/p>\n\t<h2>Bezwen Pale?<\/h2>\n\t<h2>Rele oswa voye t\u00e8ks 988<\/h2>\n\t\t\t<a href=\"https:\/\/988lifeline.org\/chat\/\" target=\"_blank\" rel=\"noopener\">\n\t\t\t\t\t\t\tChat kounye a (angle)\n\t\t\t\t\t<\/a>\n\t\t\t<a href=\"https:\/\/988lifeline.org\/es\/chat\/\" target=\"_blank\" rel=\"noopener\">\n\t\t\t\t\t\t\tChatea Ahora (Espa\u00f1ol)\n\t\t\t\t\t<\/a>\n\t<p>Nenp\u00f2t moun ki bezwen asistans ak bezwen sante mantal oswa bezwen ki gen rap\u00f2 ak itilizasyon sibstans ka rele 988. <a href=\"https:\/\/pressone.211md.org\/\" target=\"_blank\" rel=\"noopener\"> Aprann sou 988 nan Maryland.<\/a><\/p>\n\t<h2>eksplore pwogram asistans yo<\/h2>\n<p>Aprann plis sou pwogram benefis yo ak kijan pou kontakte sip\u00f2.<\/p>\n\t\t<h3><a href=\"\/ht\/resous-yo\/manje\/\" target=\"_self\">Manje<\/a><\/h3><p>Manje gratis tou pre mwen, gadmanje, SNAP, WIC, ekonomi sou mak\u00e8t<\/p>\n<a href=\"\/ht\/resous-yo\/manje\/\"  target=\"_self\">Aprann plis<\/a>\t\n\t\t\t\t<a href=\"\/ht\/resous-yo\/manje\/\"  target=\"_self\" itemprop=\"url\">\n\t\t\t\t<img decoding=\"async\" src=\"https:\/\/211md.org\/wp-content\/uploads\/bb-plugin\/cache\/2025_MdInfoNet_Icon-Sets-white_food-square-dfa1c607bcdb6b34735ae61e84e21386-.png\" alt=\"2025_MdInfoNet_Icon Sets-blan_manje\" itemprop=\"image\" title=\"2025_MdInfoNet_Icon Sets-blan_manje\" onerror=\"this.style.display='none'\" loading=\"lazy\" \/>\n\t\t\t\t<\/a>\n\t\t<h3><a href=\"\/ht\/resous-yo\/asistans-sevis-piblik\/\" target=\"_self\">S\u00e8vis piblik yo<\/a><\/h3><p>Pwogram asistans pou b\u00f2dwo elektrisite, gaz ak dlo<\/p>\n<a href=\"\/ht\/resous-yo\/asistans-sevis-piblik\/\"  target=\"_self\">Aprann plis<\/a>\t\n\t\t\t\t<a href=\"\/ht\/resous-yo\/asistans-sevis-piblik\/\"  target=\"_self\" itemprop=\"url\">\n\t\t\t\t<img decoding=\"async\" src=\"https:\/\/211md.org\/wp-content\/uploads\/bb-plugin\/cache\/2025_MdInfoNet_Icon-Sets-white_Utilities-square-485aa1950491235898117da61fd0a70a-.png\" alt=\"2025_MdInfoNet_Ikon Ansanm-blan_Itilite\" itemprop=\"image\" title=\"2025_MdInfoNet_Ikon Ansanm-blan_Itilite\" onerror=\"this.style.display='none'\" loading=\"lazy\" \/>\n\t\t\t\t<\/a>\n\t\t\t\t<a href=\"\/ht\/resous-yo\/abri-lojman\/\"  target=\"_self\" itemprop=\"url\">\n\t\t\t\t<img decoding=\"async\" src=\"https:\/\/211md.org\/wp-content\/uploads\/bb-plugin\/cache\/2025_MdInfoNet_Icon-Sets-white_Housing-square-5b4ab26c33cdf5bd88fd6164be4cc0b8-.png\" alt=\"2025_MdInfoNet_Icon Sets-blan_Lojman\" itemprop=\"image\" title=\"2025_MdInfoNet_Icon Sets-blan_Lojman\" onerror=\"this.style.display='none'\" loading=\"lazy\" \/>\n\t\t\t\t<\/a>\n\t\t<h3><a href=\"\/ht\/resous-yo\/abri-lojman\/\" target=\"_self\">Lojman<\/a><\/h3><p>Peman lwaye, prevansyon ekspilsyon, abri pou moun ki san kay<\/p>\n<a href=\"\/ht\/resous-yo\/abri-lojman\/\"  target=\"_self\">Aprann plis<\/a>\t\n\t\t\t\t<a href=\"\/ht\/resous-yo\/nouvo-nan-nou-ak-maryland\/\"  target=\"_self\" itemprop=\"url\">\n\t\t\t\t<img decoding=\"async\" src=\"https:\/\/211md.org\/wp-content\/uploads\/bb-plugin\/cache\/2025_MdInfoNet_Icon-Sets-white_Immigration-square-71ef90812193ac6d0e3edc3e61891f7f-.png\" alt=\"2025_MdInfoNet_Icon Sets-blan_Imigrasyon\" itemprop=\"image\" title=\"2025_MdInfoNet_Icon Sets-blan_Imigrasyon\" onerror=\"this.style.display='none'\" loading=\"lazy\" \/>\n\t\t\t\t<\/a>\n\t\t<h3><a href=\"\/ht\/resous-yo\/nouvo-nan-nou-ak-maryland\/\" target=\"_self\">Imigrasyon<\/a><\/h3><p>\u00c8d imigrasyon pou nouvo Ameriken ak refijye yo<\/p>\n<a href=\"\/ht\/resous-yo\/nouvo-nan-nou-ak-maryland\/\"  target=\"_self\">Aprann plis<\/a>\t\n\t\t<h4><a href=\"\/ht\/resous-yo\/aje-andikap\/\" target=\"_self\">Aje ak Andikap<\/a><\/h4>\n\t\t\t\t<a href=\"\/ht\/resous-yo\/aje-andikap\/\"  target=\"_self\" itemprop=\"url\">\n\t\t\t\t<img decoding=\"async\" src=\"https:\/\/211md.org\/wp-content\/uploads\/bb-plugin\/cache\/2025_MdInfoNet_Icon-Sets_Aging-disability-square-c466727102cae71e5f27b8539bb51945-.png\" alt=\"2025_MdInfoNet_Icon Sets_Aging-disability\" itemprop=\"image\" title=\"2025_MdInfoNet_Icon Sets_Aging-disability\" onerror=\"this.style.display='none'\" loading=\"lazy\" \/>\n\t\t\t\t<\/a>\n\t\t<h4><a href=\"https:\/\/211md.org\/ht\/resous-yo\/timoun-fanmi-yo\/\" target=\"_blank\" rel=\"noopener\">Timoun ak Fanmi<\/a><\/h4>\n\t\t\t\t<a href=\"https:\/\/211md.org\/ht\/resous-yo\/timoun-fanmi-yo\/\" target=\"_blank\" rel=\"noopener\" itemprop=\"url\">\n\t\t\t\t<img decoding=\"async\" src=\"https:\/\/211md.org\/wp-content\/uploads\/bb-plugin\/cache\/2025_MdInfoNet_Icon-Sets_Child-Care-square-a9a0002f8a1c05e3f89f8b914f61699f-.png\" alt=\"\" itemprop=\"image\" onerror=\"this.style.display='none'\" loading=\"lazy\" \/>\n\t\t\t\t<\/a>\n\t\t<h4><a href=\"\/ht\/resous-yo\/vyolans-familyal-domestik\/\" target=\"_self\">Vyolans domestik<\/a><\/h4>\n\t\t\t\t<a href=\"\/ht\/resous-yo\/vyolans-familyal-domestik\/\"  target=\"_self\" itemprop=\"url\">\n\t\t\t\t<img decoding=\"async\" src=\"https:\/\/211md.org\/wp-content\/uploads\/bb-plugin\/cache\/2025_MdInfoNet_Icon-Sets_Protection-square-ed94a34c5cb05f036201f3e0966332c1-.png\" alt=\"2025_MdInfoNet_Ansanm Ik\u00f2n_Pwoteksyon\" itemprop=\"image\" title=\"2025_MdInfoNet_Ansanm Ik\u00f2n_Pwoteksyon\" onerror=\"this.style.display='none'\" loading=\"lazy\" \/>\n\t\t\t\t<\/a>\n\t\t<h4><a href=\"\/ht\/resous-yo\/rechech-travay\/\" target=\"_self\">Travay<\/a><\/h4>\n\t\t\t\t<a href=\"\/ht\/resous-yo\/rechech-travay\/\"  target=\"_self\" itemprop=\"url\">\n\t\t\t\t<img decoding=\"async\" src=\"https:\/\/211md.org\/wp-content\/uploads\/bb-plugin\/cache\/2025_MdInfoNet_Icon-Sets_Employment-square-44707bd410e4df10a470bf130ebcea86-.png\" alt=\"2025_MdInfoNet_Icon Sets_Anplwa\" itemprop=\"image\" title=\"2025_MdInfoNet_Icon Sets_Anplwa\" onerror=\"this.style.display='none'\" loading=\"lazy\" \/>\n\t\t\t\t<\/a>\n\t\t<h4><a href=\"\/ht\/resous-yo\/swen-sante\/\" target=\"_self\">Swen Sante<\/a><\/h4>\n\t\t\t\t<a href=\"\/ht\/resous-yo\/swen-sante\/\"  target=\"_self\" itemprop=\"url\">\n\t\t\t\t<img decoding=\"async\" src=\"https:\/\/211md.org\/wp-content\/uploads\/bb-plugin\/cache\/2025_MdInfoNet_Icon-Sets_Health-Care-square-dee98a0060cbe0e7f27eda253fc12679-.png\" alt=\"2025_MdInfoNet_Icon Sets_Swen Sante\" itemprop=\"image\" title=\"2025_MdInfoNet_Icon Sets_Swen Sante\" onerror=\"this.style.display='none'\" loading=\"lazy\" \/>\n\t\t\t\t<\/a>\n\t\t<h4><a href=\"\/ht\/resous-yo\/timoun-fanmi-yo\/swen-fanmi\/\" target=\"_self\">Parente<\/a><\/h4>\n\t\t\t\t<a href=\"\/ht\/resous-yo\/timoun-fanmi-yo\/swen-fanmi\/\"  target=\"_self\" itemprop=\"url\">\n\t\t\t\t<img decoding=\"async\" src=\"https:\/\/211md.org\/wp-content\/uploads\/bb-plugin\/cache\/2025_MdInfoNet_Icon-Sets_Community-square-4956d72cf95aef42b6ee5fc6feb149ef-.png\" alt=\"2025_MdInfoNet_Ansanm Ik\u00f2n_Kominote\" itemprop=\"image\" title=\"2025_MdInfoNet_Ansanm Ik\u00f2n_Kominote\" onerror=\"this.style.display='none'\" loading=\"lazy\" \/>\n\t\t\t\t<\/a>\n\t\t<h4><a href=\"\/ht\/resous-yo\/sevis-legal-yo\/\" target=\"_self\">S\u00e8vis Legal<\/a><\/h4>\n\t\t\t\t<a href=\"\/ht\/resous-yo\/sevis-legal-yo\/\"  target=\"_self\" itemprop=\"url\">\n\t\t\t\t<img decoding=\"async\" src=\"https:\/\/211md.org\/wp-content\/uploads\/bb-plugin\/cache\/2025_MdInfoNet_Icon-Sets_Legal-square-18fdf438feb8435588174d9046463257-.png\" alt=\"2025_MdInfoNet_Ikon_Ansanm_Legal\" itemprop=\"image\" title=\"2025_MdInfoNet_Ikon_Ansanm_Legal\" onerror=\"this.style.display='none'\" loading=\"lazy\" \/>\n\t\t\t\t<\/a>\n\t\t<h4><a href=\"\/ht\/resous-yo\/sante-mantal\/\" target=\"_self\">Sante mantal<\/a><\/h4>\n\t\t\t\t<a href=\"\/ht\/resous-yo\/sante-mantal\/\"  target=\"_self\" itemprop=\"url\">\n\t\t\t\t<img decoding=\"async\" src=\"https:\/\/211md.org\/wp-content\/uploads\/bb-plugin\/cache\/2025_MdInfoNet_Icon-Sets_Mental-Health-square-c59b38c4a993a947d4c9280fbe2d2fee-.png\" alt=\"2025_MdInfoNet_Icon Sets_Sante Mantal\" itemprop=\"image\" title=\"2025_MdInfoNet_Icon Sets_Sante Mantal\" onerror=\"this.style.display='none'\" loading=\"lazy\" \/>\n\t\t\t\t<\/a>\n\t\t<h4><a href=\"\/ht\/resous-yo\/mdreentry\/\" target=\"_self\">Reantre<\/a><\/h4>\n\t\t\t\t<a href=\"\/ht\/resous-yo\/mdreentry\/\"  target=\"_self\" itemprop=\"url\">\n\t\t\t\t<img decoding=\"async\" src=\"https:\/\/211md.org\/wp-content\/uploads\/bb-plugin\/cache\/2025_MdInfoNet_Icon-Sets_Partnership-square-daedf11c7eeda165b0fe97a4a84b80e0-.png\" alt=\"2025_MdInfoNet_Ansanm Ik\u00f2n_Patenarya\" itemprop=\"image\" title=\"2025_MdInfoNet_Ansanm Ik\u00f2n_Patenarya\" onerror=\"this.style.display='none'\" loading=\"lazy\" \/>\n\t\t\t\t<\/a>\n\t\t<h4><a href=\"\/ht\/resous-yo\/itilizasyon-sibstans\/\" target=\"_self\">Itilizasyon sibstans<\/a><\/h4>\n\t\t\t\t<a href=\"\/ht\/resous-yo\/itilizasyon-sibstans\/\"  target=\"_self\" itemprop=\"url\">\n\t\t\t\t<img decoding=\"async\" src=\"https:\/\/211md.org\/wp-content\/uploads\/bb-plugin\/cache\/2025_MdInfoNet_Icon-Sets_Substance-Abuse-square-9022fec9d18a64118ad685c101885b55-.png\" alt=\"2025_MdInfoNet_Icon Sets_Abi Sibstans\" itemprop=\"image\" title=\"2025_MdInfoNet_Icon Sets_Abi Sibstans\" onerror=\"this.style.display='none'\" loading=\"lazy\" \/>\n\t\t\t\t<\/a>\n\t\t<h4><a href=\"\/ht\/resous-yo\/veteran-yo\/\" target=\"_self\">Veteran yo<\/a><\/h4>\n\t\t\t\t<a href=\"\/ht\/resous-yo\/veteran-yo\/\"  target=\"_self\" itemprop=\"url\">\n\t\t\t\t<img decoding=\"async\" src=\"https:\/\/211md.org\/wp-content\/uploads\/bb-plugin\/cache\/2025_MdInfoNet_Icon-Sets_Rating-square-6e60d00cce4faa8e0a6d4ad7366aa733-.png\" alt=\"2025_MdInfoNet_Icon Sets_Rating\" itemprop=\"image\" title=\"2025_MdInfoNet_Icon Sets_Rating\" onerror=\"this.style.display='none'\" loading=\"lazy\" \/>\n\t\t\t\t<\/a>","protected":false},"excerpt":{"rendered":"<p>Ch\u00e8che Kons\u00e8y pou Itilizasyon Sibstans Ch\u00e8che Kounye a Ajoute ajans oswa \u00f2ganizasyon w lan nan baz done resous nou an. \u00c8d pou Sip\u00f2 pou Itilizasyon Sibstans disponib si ou menm oswa yon moun ou konnen gen pwobl\u00e8m ak dw\u00f2g oswa yon l\u00f2t sibstans. Jwenn \u00e8d se bagay ki pi brav ou ka f\u00e8. Rele 988 pou sip\u00f2 an ka ijans ak itilizasyon sibstans oswa sante mantal. \u2026<\/p>","protected":false},"author":8,"featured_media":3830,"parent":930,"menu_order":0,"comment_status":"closed","ping_status":"closed","template":"","meta":{"footnotes":""},"class_list":["post-837","page","type-page","status-publish","has-post-thumbnail","hentry"],"_links":{"self":[{"href":"https:\/\/211md.org\/ht\/wp-json\/wp\/v2\/pages\/837","targetHints":{"allow":["GET"]}}],"collection":[{"href":"https:\/\/211md.org\/ht\/wp-json\/wp\/v2\/pages"}],"about":[{"href":"https:\/\/211md.org\/ht\/wp-json\/wp\/v2\/types\/page"}],"author":[{"embeddable":true,"href":"https:\/\/211md.org\/ht\/wp-json\/wp\/v2\/users\/8"}],"replies":[{"embeddable":true,"href":"https:\/\/211md.org\/ht\/wp-json\/wp\/v2\/comments?post=837"}],"version-history":[{"count":4,"href":"https:\/\/211md.org\/ht\/wp-json\/wp\/v2\/pages\/837\/revisions"}],"predecessor-version":[{"id":33661,"href":"https:\/\/211md.org\/ht\/wp-json\/wp\/v2\/pages\/837\/revisions\/33661"}],"up":[{"embeddable":true,"href":"https:\/\/211md.org\/ht\/wp-json\/wp\/v2\/pages\/930"}],"wp:featuredmedia":[{"embeddable":true,"href":"https:\/\/211md.org\/ht\/wp-json\/wp\/v2\/media\/3830"}],"wp:attachment":[{"href":"https:\/\/211md.org\/ht\/wp-json\/wp\/v2\/media?parent=837"}],"curies":[{"name":"wp","href":"https:\/\/api.w.org\/{rel}","templated":true}]}}