{"id":899,"date":"2021-04-14T19:11:10","date_gmt":"2021-04-14T19:11:10","guid":{"rendered":"https:\/\/211md.org\/?page_id=899"},"modified":"2025-10-29T06:36:42","modified_gmt":"2025-10-29T10:36:42","slug":"bay","status":"publish","type":"page","link":"https:\/\/211md.org\/ht\/donate\/","title":{"rendered":"F\u00e8 don"},"content":{"rendered":"<img decoding=\"async\" src=\"https:\/\/stg-maryland211-staging.kinsta.cloud\/wp-content\/uploads\/2025\/08\/5-1-scaled.png\" alt=\"5\" itemprop=\"image\" height=\"692\" width=\"2560\" title=\"5\" onerror=\"this.style.display='none'\" loading=\"lazy\" \/>\n\t\t<h1><a href=\"https:\/\/secure.givelively.org\/donate\/maryland-information-network-2-1-1-maryland-inc\/support-the-211-call-center-network\" target=\"_blank\" rel=\"noopener\">Pare pou chanje lavi? Gaye espwa.<\/a><\/h1><p>Chak ane, plis pase 1.1 milyon moun nan Maryland konte sou 211 pou konekte yo ak enf\u00f2masyon ak resous kominot\u00e8 l\u00e8 yo bezwen \u00e8d. Kit yon moun vle f\u00e8 rech\u00e8ch nan Baz Done Resous nou an oswa pale ak yon moun ki gen sousi pou yo e ki gen konpasyon, \u00e8d disponib 24 sou 24, 7 jou sou 7, 365 jou sou 7.<\/p>\n<p>Antanke sist\u00e8m Enf\u00f2masyon ak Referans ki pi konpl\u00e8 nan eta a sou s\u00e8vis sante ak s\u00e8vis imen, nou bay aks\u00e8 a plis pase 8,500 resous kominot\u00e8.<\/p>\n<p>211 se Powered by la <a href=\"https:\/\/mdinfonet.org\/\" target=\"_blank\" rel=\"noopener\">Rezo enf\u00f2masyon Maryland<\/a>, yon \u00f2ganizasyon san bi likratif 501(c)(3) epi administrat\u00e8 sist\u00e8m 211 la otorize pa leta nan Maryland.<\/p>\n\t\t\t<a href=\"https:\/\/secure.givelively.org\/donate\/maryland-information-network-2-1-1-maryland-inc\/support-the-211-call-center-network\" target=\"_blank\" rel=\"noopener\">\n\t\t\t\t\t\tF\u00e8 don\n\t\t\t\t\t<\/a>\n\t\t\t\t<img decoding=\"async\" src=\"https:\/\/211md.org\/wp-content\/plugins\/bb-plugin\/img\/pixel.png\" alt=\"\" itemprop=\"image\" onerror=\"this.style.display='none'\" loading=\"lazy\" \/>\n\t\t\t\t<img decoding=\"async\" src=\"https:\/\/stg-maryland211-staging.kinsta.cloud\/wp-content\/uploads\/2025\/08\/16.png\" alt=\"16\" itemprop=\"image\" height=\"1000\" width=\"1000\" title=\"16\" onerror=\"this.style.display='none'\" loading=\"lazy\" \/>\n\t<h2>Enpak nou an<\/h2>\n\t\tPlis pase 1,151,771 Koneksyon\n\t<p><em>Jis te vle di m\u00e8si a tout moun. Mwen di ou m\u00e8si pou d\u00e8nye livrezon asistans manje sa a ke mwen te resevwa. Mwen siman apresye li. Mesi anko.<\/em><\/p>\n<p>-211 Moun k ap rele a<\/p>\n\t\t\t<a href=\"https:\/\/secure.givelively.org\/donate\/maryland-information-network-2-1-1-maryland-inc\/support-the-211-call-center-network\" target=\"_blank\" rel=\"noopener\">\n\t\t\t\t\t\t\tF\u00e8 don\n\t\t\t\t\t<\/a>\n<h3>\n\t\t\tKijan don ou a ede\t<\/h3>\n\t<h2>$500<\/h2>\n<p>Konekte Maryland<\/p>\n\t<h2>$211<\/h2>\n<p>Selebre 211<\/p>\n\t<h2>$100<\/h2>\n<p>Ogmante Konsyantizasyon ak Sensibilisation<\/p>\n\t<h2>$50<\/h2>\n<p>Sip\u00f2te platf\u00f2m resous mesaj t\u00e8ks la<\/p>\n\t\t\t<a href=\"https:\/\/secure.givelively.org\/donate\/maryland-information-network-2-1-1-maryland-inc\/support-the-211-call-center-network\" target=\"_blank\" rel=\"noopener\">\n\t\t\t\t\t\t\tDone Kounye a\n\t\t\t\t\t<\/a>","protected":false},"excerpt":{"rendered":"<p>Pare pou chanje lavi? Gaye espwa. Chak ane, plis pase 1.1 milyon moun nan Maryland konte sou 211 pou konekte yo ak enf\u00f2masyon ak resous kominot\u00e8 l\u00e8 yo bezwen \u00e8d. Kit yon moun vle f\u00e8 rech\u00e8ch nan Baz Done Resous nou an oswa pale ak yon moun ki gen sousi pou l\u00f2t moun epi ki gen konpasyon, \u00e8d disponib 24 sou 24, 7 jou sou 7, 365 jou sou 365. Antanke sant sante ak s\u00e8vis imen ki pi konpl\u00e8 nan eta a...<\/p>","protected":false},"author":8,"featured_media":2181,"parent":0,"menu_order":0,"comment_status":"closed","ping_status":"closed","template":"","meta":{"footnotes":""},"class_list":["post-899","page","type-page","status-publish","has-post-thumbnail","hentry"],"_links":{"self":[{"href":"https:\/\/211md.org\/ht\/wp-json\/wp\/v2\/pages\/899","targetHints":{"allow":["GET"]}}],"collection":[{"href":"https:\/\/211md.org\/ht\/wp-json\/wp\/v2\/pages"}],"about":[{"href":"https:\/\/211md.org\/ht\/wp-json\/wp\/v2\/types\/page"}],"author":[{"embeddable":true,"href":"https:\/\/211md.org\/ht\/wp-json\/wp\/v2\/users\/8"}],"replies":[{"embeddable":true,"href":"https:\/\/211md.org\/ht\/wp-json\/wp\/v2\/comments?post=899"}],"version-history":[{"count":2,"href":"https:\/\/211md.org\/ht\/wp-json\/wp\/v2\/pages\/899\/revisions"}],"predecessor-version":[{"id":34064,"href":"https:\/\/211md.org\/ht\/wp-json\/wp\/v2\/pages\/899\/revisions\/34064"}],"wp:featuredmedia":[{"embeddable":true,"href":"https:\/\/211md.org\/ht\/wp-json\/wp\/v2\/media\/2181"}],"wp:attachment":[{"href":"https:\/\/211md.org\/ht\/wp-json\/wp\/v2\/media?parent=899"}],"curies":[{"name":"wp","href":"https:\/\/api.w.org\/{rel}","templated":true}]}}