{"id":912,"date":"2021-04-14T20:04:50","date_gmt":"2021-04-14T20:04:50","guid":{"rendered":"https:\/\/211md.org\/?page_id=912"},"modified":"2026-01-16T08:31:10","modified_gmt":"2026-01-16T13:31:10","slug":"kontakte-nou","status":"publish","type":"page","link":"https:\/\/211md.org\/ht\/contact-us\/","title":{"rendered":"Kontakte nou"},"content":{"rendered":"<p><strong>Dial 211 for questions about food, housing, rent, or other essential needs. <\/strong><\/p>\n<p>Vizite nou an <a href=\"\/ht\/sou\/jwenn-ed\/\">jwenn paj \u00e8d<\/a> to learn more about the ways to connect with help.<\/p>\n<p>For general questions, not related to an essential need, you can contact us below or by emailing us at: <a href=\"mailto:info@211MD.org\" target=\"_blank\" rel=\"noopener\">info@211MD.org<\/a><\/p>\n<p>*We will respond when we can. To connect with help, please dial 211 or use the 211 Community Resource Database to <a href=\"http:\/\/search.211md.org\" target=\"_blank\" rel=\"noopener\">search for resources<\/a>.<\/p>\n\t<h2>\u00c8ske w gen pwobl\u00e8m?<\/h2>\n<p>Pif\u00f2 telef\u00f2n yo sip\u00f2te konpoze 211. Si w gen pwobl\u00e8m pou w kontakte 211, ou ka rele itilize nimewo sa yo pou pale ak yon espesyalis ap\u00e8l 211:<\/p>\n<strong>Z\u00f2n Kapital &amp; S. Maryland:<\/strong>\u00a0301-864-7161<br \/>\nCalvert, Charles, Prince George&#039;s, St. Mary&#039;s County ak 2\/3 sid Konte Montgomery.\n<strong>Santral Maryland:<\/strong> 1-866-406-8156<br \/>\nAnne Arundel, Baltimore, Baltimore City, Carroll, Harford, ak Konte Howard\n<strong>rivaj l\u00e8s:<\/strong>\u00a01-866-231-7101<br \/>\nKonte Caroline, Cecil, Dorchester, Kent, Queen Anne, Somerset, Talbot, Wicomico ak Worcester.\n<strong>Lw\u00e8s Maryland:<\/strong>\u00a01-866-411-6803<br \/>\nKonte Allegany, Frederick, Garrett ak Washington ak 1\/3 n\u00f2 Konte Montgomery.\n\t<h2>Kontakte nou<\/h2>\n<p>Ou ka kontakte biwo nou an l\u00e8 w rele 301-970-9888.<\/p>\n<strong>Adr\u00e8s:<\/strong><br \/>\n<a href=\"https:\/\/maps.app.goo.gl\/rvmzh444CPiBK11C6\" target=\"_blank\" rel=\"noopener\">Maryland Information Network, powering 211 Maryland<\/a><br \/>\n9770 Patuxent Woods Drive<br \/>\nSuite 334<br \/>\nColumbia, MD 21046\n<p>&nbsp;<\/p>","protected":false},"excerpt":{"rendered":"<p>Dial 211 for questions about food, housing, rent, or other essential needs. Visit our get help page to learn more about the ways to connect with help. For general questions, not related to an essential need, you can contact us below or by emailing us at: info@211MD.org *We will respond when we can. To connect&hellip;<\/p>","protected":false},"author":8,"featured_media":931,"parent":0,"menu_order":0,"comment_status":"closed","ping_status":"closed","template":"","meta":{"footnotes":""},"class_list":["post-912","page","type-page","status-publish","has-post-thumbnail","hentry"],"_links":{"self":[{"href":"https:\/\/211md.org\/ht\/wp-json\/wp\/v2\/pages\/912","targetHints":{"allow":["GET"]}}],"collection":[{"href":"https:\/\/211md.org\/ht\/wp-json\/wp\/v2\/pages"}],"about":[{"href":"https:\/\/211md.org\/ht\/wp-json\/wp\/v2\/types\/page"}],"author":[{"embeddable":true,"href":"https:\/\/211md.org\/ht\/wp-json\/wp\/v2\/users\/8"}],"replies":[{"embeddable":true,"href":"https:\/\/211md.org\/ht\/wp-json\/wp\/v2\/comments?post=912"}],"version-history":[{"count":8,"href":"https:\/\/211md.org\/ht\/wp-json\/wp\/v2\/pages\/912\/revisions"}],"predecessor-version":[{"id":4874,"href":"https:\/\/211md.org\/ht\/wp-json\/wp\/v2\/pages\/912\/revisions\/4874"}],"wp:featuredmedia":[{"embeddable":true,"href":"https:\/\/211md.org\/ht\/wp-json\/wp\/v2\/media\/931"}],"wp:attachment":[{"href":"https:\/\/211md.org\/ht\/wp-json\/wp\/v2\/media?parent=912"}],"curies":[{"name":"wp","href":"https:\/\/api.w.org\/{rel}","templated":true}]}}