{"id":920,"date":"2021-04-15T13:52:40","date_gmt":"2021-04-15T13:52:40","guid":{"rendered":"https:\/\/211md.org\/?page_id=920"},"modified":"2025-06-24T16:57:50","modified_gmt":"2025-06-24T20:57:50","slug":"aces","status":"publish","type":"page","link":"https:\/\/211md.org\/ht\/resources\/children-families\/aces\/","title":{"rendered":"Prevni Adv\u00e8site Timoun"},"content":{"rendered":"<p>Eksperyans timoun yo, byen ak move, f\u00f2me s\u00e8vo timoun nan devlope. Kominote jwe yon w\u00f2l nan bay anviw\u00f2nman pozitif ak anpeche adv\u00e8site.<\/p>\n<h2>Poukisa Adv\u00e8site Timoun Enp\u00f2tan?<\/h2>\n<p>Eksperyans negatif timoun ak anviw\u00f2nman yo komen. Yo enkli bagay tankou temwen vyolans oswa f\u00e8 eksperyans diskriminasyon.<\/p>\n<p>Si timoun yo pa jwenn sip\u00f2 l\u00e8 yo f\u00e8 fas ak adv\u00e8site, sa ka lak\u00f2z domaj ki dire lontan, samine sante emosyon\u00e8l ak fizik timoun yo.<\/p>\n<p>L\u00e8 timoun yo ekspoze a gwo adv\u00e8site, epi granmoun yo pa la pou ede yo f\u00e8 fas, sist\u00e8m estr\u00e8s yo ka tw\u00f2 aktive. &quot;Repons estr\u00e8s toksik&quot; sa a ogmante risk pou pwobl\u00e8m sante pita. Men, timoun yo ka tolere estr\u00e8s grav - si relasyon ki estab, ki reponn ak granmoun yo an plas pou anpeche enpak negatif la.<\/p>\n\t\t\t\t<img decoding=\"async\" src=\"http:\/\/211md.org\/wp-content\/uploads\/2024\/02\/Mom-comforting-daughter-grabbing-her-face.jpg\" alt=\"Manman an rekonf\u00f2te pitit fi pandan adv\u00e8site ap pwan figi l\" itemprop=\"image\" title=\"Manman an rekonf\u00f2te pitit fi li pwan figi l\" onerror=\"this.style.display='none'\"  \/>\n\t<h3>Kijan adv\u00e8site bon\u00e8 afekte timoun yo<\/h3>\n<p>Nan fen ane 1990 yo, yon etid enp\u00f2tan te montre yon relasyon pwisan ant ev\u00e8nman grav, negatif nan anfans ak sante fizik ak mantal moun nan adilt.<\/p>\n<p>La <a href=\"https:\/\/vetoviolence.cdc.gov\/apps\/aces-infographic\/\" target=\"_blank\" rel=\"noopener\">Etid Adverse Childhood Experiences (ACE).<\/a> te mande pasyan adilt yo pou yo rap\u00f2te k\u00e8k ev\u00e8nman ki kapab twomatik ke yo te ka f\u00e8 eksperyans anvan laj 18 an. kantite ACE yo swiv ak rezilta sante adilt yo.<\/p>\n<p>Gen k\u00e8k konklizyon anf\u00f2m ak sa nou ta ka atann. Pa egzanp, moun ki te f\u00e8 eksperyans abi oswa neglijans l\u00e8 timoun yo te gen plis chans pou yo gen pwobl\u00e8m sante mantal l\u00e8 yo granmoun.<\/p>\n<p>Men, l\u00f2t rezilta yo te etone - tankou realizasyon an ke plis adv\u00e8site bon\u00e8 yon moun ki gen eksperyans, se plis ef\u00e8 li te gen nan pita lavi. Yon ev\u00e8nman grav nan anfans te sanble gen k\u00e8k konsekans alont\u00e8m oswa pa gen okenn konsekans alont\u00e8m. Men, plizy\u00e8 ACE ogmante risk pou yo gen pwobl\u00e8m sante nan adilt.<\/p>\n<p>Pou egzanp, timoun ki te f\u00e8 eksperyans kat eksperyans negatif te gen de fwa plis chans pou yo dyagnostike ak kans\u00e8 pase sa yo ki pa te gen okenn eksperyans enp\u00f2tan nan ch\u00f2k timoun.<\/p>\n<h3>\u00c8ske Adv\u00e8site komen?<\/h3>\n<p>Si oumenm oswa pitit ou te f\u00e8 fas ak gwo adv\u00e8site, ou pa poukont ou. Pif\u00f2 moun nan Maryland te f\u00e8 eksperyans omwen yon f\u00f2m adv\u00e8site l\u00e8 yo granmoun.<\/p>\n<blockquote><p>Apepr\u00e8 1 nan 4 rezidan Maryland te f\u00e8 eksperyans 3 oswa plis ACE, dapre <a href=\"http:\/\/goccp.maryland.gov\/wp-content\/uploads\/ACEs-Handouts.pdf\" target=\"_blank\" rel=\"noopener\">Kons\u00e8y Eta Maryland sou Abi ak Neglijans sou Timoun<\/a>.<\/p><\/blockquote>\n\t\t<h2>\t\n\tRele 9-8-8 pou Sip\u00f2 Sante Mantal<\/h2><p>Si oumenm oswa pitit ou a te f\u00e8 eksperyans gwo adv\u00e8site epi ou gen enkyetid ke sa ap afekte sante ou oswa sante mantal, rele 9-8-8 pou \u00e8d imedya.<\/p>\n<p>Ou ka ch\u00e8che tou <a href=\"https:\/\/search.988.mdinfonet.org\/\" target=\"_blank\" rel=\"noopener\">baz done sante konp\u00f2tmantal ki pi konpl\u00e8 eta a<\/a> pou sip\u00f2 toupre ou.<\/p>\n\t<h2>Kisa ki ka f\u00e8?<\/h2>\n<p>Antanke eta, nou ka ankouraje sante ak byenn\u00e8t nan pran mezi pou anpeche adv\u00e8site an premye epi ofri sip\u00f2 pou moun ki te f\u00e8 eksperyans adv\u00e8site, espesyalman timoun ak granmoun nan lavi yo.<\/p>\n<p>Ou ka koute <a href=\"https:\/\/211md.org\/ht\/episode-16-sevis-kominote-tranplen\/\" target=\"_blank\" rel=\"noopener\">Epizod 17 nan Ki sa ki 211 la? podcast pou tande kijan Springboard Community Services<\/a> ap travay ak <a href=\"https:\/\/www.springboardmd.org\/adverse-childhood-experiences-interface-training\/\" target=\"_blank\" rel=\"noopener\">Konte Harford<\/a> pou konstwi yon kominote oto-gerizon ki diminye ensidans eksperyans negatif timoun yo.<\/p>\n\t\t\t\t<img decoding=\"async\" src=\"http:\/\/211md.org\/wp-content\/uploads\/2024\/02\/Dad-and-daughter-bonding-with-heads-together-looking-at-each-other-smiling.jpg\" alt=\"Papa ak pitit fi gade youn l\u00f2t ap souri\" itemprop=\"image\" title=\"Papa ak pitit fi lyezon ak t\u00e8t ansanm gade youn ak l\u00f2t souri\" onerror=\"this.style.display='none'\"  \/>\n\t\t\t\t<img decoding=\"async\" src=\"http:\/\/211md.org\/wp-content\/uploads\/2024\/02\/Dad-talking-to-his-child-on-park-bench.jpg\" alt=\"Papa ap pale ak pitit li sou ban pak la\" itemprop=\"image\" title=\"B\u00e8l adolesan pitit fi di sekr\u00e8 papa, ap detann sou ban nan pak\" onerror=\"this.style.display='none'\"  \/>\n\t<h3>211 Konekte Paran ak Sip\u00f2<\/h3>\n<p>Li pran yon kominote pou anpeche ACE. Sip\u00f2 ekonomik, paran pozitif ak bon jan kalite swen ak edikasyon se twa fason fondamantal pou anpeche ch\u00f2k sa a.\u00a0\u00a0<\/p>\n<p>211 sip\u00f2te paran yo ak resous pou <a href=\"https:\/\/211md.org\/ht\/resous-yo\/abri-lojman\/\">lojman<\/a>, <a href=\"https:\/\/211md.org\/ht\/resous-yo\/asistans-sevis-piblik\/\">b\u00f2dwo s\u00e8vis piblik<\/a>, <a href=\"https:\/\/211md.org\/ht\/resous-yo\/rechech-travay\/\">travay<\/a> epi <a href=\"https:\/\/211md.org\/ht\/resous-yo\/timoun-fanmi-yo\/\">gadri pou timoun<\/a>.\u00a0\u00a0<\/p>\n<p>L\u00e8 w rele 2-1-1, w ap pale ak yon Espesyalis Enf\u00f2masyon ak Referans ki ka ede w idantifye pwogram ak resous ki ka bay sip\u00f2.<\/p>\n<p>Ou kapab tou konekte ak yon <a href=\"https:\/\/211md.org\/ht\/resous-yo\/timoun-fanmi-yo\/se-yon-paran\/\">pwogram sip\u00f2 kanmarad fanmi oswa l\u00f2t pwogram sip\u00f2 paran<\/a>.<\/p>\n\t<h3>Sip\u00f2 t\u00e8ks adolesan<\/h3>\n<p><a href=\"https:\/\/211md.org\/ht\/sou\/mesaj-teks\/mdyoungminds\/\">MDYoungMinds<\/a> se yon pwogram sip\u00f2 t\u00e8ks adolesan ki diskite sou enkyetid adolesan yo. Enskri l\u00e8 w voye yon mesaj t\u00e8ks pou MDYoungMinds nan 898-211.<\/p>\n<p>Si oumenm oswa yon moun ou konnen bezwen sip\u00f2 imedya, rele oswa voye t\u00e8ks 988. W ap pale oswa voye t\u00e8ks ak yon moun nan 988 Suicide &amp; Crisis Lifeline. Chat sou ent\u00e8n\u00e8t nan <a href=\"https:\/\/988lifeline.org\/chat\/\" target=\"_blank\" rel=\"noopener\">angle<\/a> epi <a href=\"https:\/\/988lifeline.org\/es\/chat\/\" target=\"_blank\" rel=\"noopener\">Pany\u00f2l<\/a> yo disponib tou.\u00a0<\/p>\n<p>&nbsp;<\/p>\n\t<h3>Antre nan yon gwoup fanmi sip\u00f2 kanmarad<\/h3>\n<p>Ou kapab kontakte Maryland Coalition of Families tou. Yo ofri Espesyalis Sip\u00f2 Kanmarad Fanmi yo ki ka ede fanmi yo navige s\u00e8vis yo, koute enkyetid yo, ale nan reyinyon ak fanmi an, eksplike dwa yo, f\u00e8 koneksyon, bay op\u00f2tinite aprantisaj ak kontak.\u00a0<\/p>\n<p>S\u00e8vis la gratis. Rele 410-730-8267 epi peze 1 pou jwenn sip\u00f2 imedya. Ou kapab tou\u00a0<a href=\"http:\/\/www.mdcoalition.org\/get-help-now\/list-of-family-navigators\" target=\"_blank\" rel=\"noopener\">kontakte espesyalis sip\u00f2 kanmarad lokal la nan konte w la<\/a>.\u00a0<\/p>\n<p>MCF ofri tou gwoup sip\u00f2 atrav\u00e8 eta a pou chagren, itilizasyon sibstans, sip\u00f2 kanmarad ak plis ank\u00f2.\u00a0<a href=\"http:\/\/www.mdcoalition.org\/get-help-now\/parent-caregiver-support-groups\" target=\"_blank\" rel=\"noopener\">Jwenn yon gwoup sip\u00f2 Maryland pou paran, moun k ap bay swen oswa j\u00e8n adilt<\/a>.\u00a0<\/p>\n<p>Ou ka jwenn resous tou pou plizy\u00e8 pwobl\u00e8m sante mantal tankou ch\u00f2k, ADHD ak depresyon nan Twous Resous Familyal Children&#039;s Mental Health Matters, ki disponib nan <a href=\"https:\/\/www.childrensmentalhealthmatters.org\/files\/2021\/03\/CMHM-Family-Resource-Kit-2021.pdf\" target=\"_blank\" rel=\"noopener\">angle<\/a> epi <a href=\"https:\/\/www.childrensmentalhealthmatters.org\/files\/2021\/07\/CMHM-Family-Resource-Kit-2021_ES.pdf\" target=\"_blank\" rel=\"noopener\">Pany\u00f2l<\/a>.<\/p>\n<p>&nbsp;<\/p>\n<h2>Enf\u00f2masyon ki gen rap\u00f2<\/h2>\n<p><a title=\"Pou ou kab vin yon paran\" href=\"https:\/\/211md.org\/ht\/resous-yo\/timoun-fanmi-yo\/se-yon-paran\/\">Sip\u00f2 pou paran<\/a><\/p>\n<p><a title=\"Pwogram pandan ete\" href=\"https:\/\/211md.org\/ht\/resous-yo\/timoun-fanmi-yo\/pwogram-ete-yo\/\">Pwogram pandan ete<\/a><\/p>\n<p><a title=\"Gen Yon Ti bebe\" href=\"https:\/\/211md.org\/ht\/resous-yo\/timoun-fanmi-yo\/gen-yon-ti-bebe\/\">Gen Yon Ti bebe<\/a><\/p>\n<p><a href=\"https:\/\/211md.org\/ht\/resous-yo\/manje\/wic\/\">Fanm, Tibebe ak Timoun (WIC)<\/a><\/p>\n<p><a title=\"Pitit mwen an pa kontwole\" href=\"https:\/\/211md.org\/ht\/resous-yo\/timoun-fanmi-yo\/konpotman-timoun-yo\/\">Konp\u00f2tman timoun yo<\/a><\/p>\n<p><a href=\"https:\/\/211md.org\/ht\/resous-yo\/timoun-fanmi-yo\/swen-fanmi\/\" target=\"_blank\" rel=\"noopener\">Swen fanmi<\/a><\/p>\n<p><a href=\"https:\/\/211md.org\/ht\/resous-yo\/timoun-fanmi-yo\/navigasyon-fanmi\/\" target=\"_blank\" rel=\"noopener\">Navigasyon fanmi<\/a><\/p>\n<h2>\n\t\tJwenn Resous\n\t<\/h2>\n\t\t\t\t<a href=\"\/ht\/resous-yo\/aje-andikap\/\"  target=\"_self\" itemprop=\"url\">\n\t\t\t\t<img loading=\"lazy\" decoding=\"async\" src=\"https:\/\/211md.org\/wp-content\/uploads\/bb-plugin\/cache\/Mask-Group-41@2x-circle-73eaadba4cad8269faa4720e25cf1c85-.png\" alt=\"Pye yon fanm ki pi gran ak yon ti fi k ap mache ansanm\" itemprop=\"image\" height=\"500\" width=\"500\" title=\"S\u00e8vis Enfimite\" onerror=\"this.style.display='none'\"  \/>\n\t\t\t\t<\/a>\n\t\t<h3><a href=\"\/ht\/resous-yo\/aje-andikap\/\" target=\"_self\">Aje ak Andikap<\/a><\/h3>\t\n\t\t\t\t<a href=\"\/ht\/resous-yo\/timoun-fanmi-yo\/\"  target=\"_self\" itemprop=\"url\">\n\t\t\t\t<img loading=\"lazy\" decoding=\"async\" src=\"https:\/\/211md.org\/wp-content\/uploads\/bb-plugin\/cache\/Mask-Group-38@2x-circle-ac40d46265fbec62083cd27f6dcf23b0-.png\" alt=\"Yon j\u00e8n ti gason ak ti fi k ap souri epi gade kamera a\" itemprop=\"image\" height=\"500\" width=\"500\" title=\"Gwoup Mask 38@2x\" onerror=\"this.style.display='none'\"  \/>\n\t\t\t\t<\/a>\n\t\t<h3><a href=\"\/ht\/resous-yo\/timoun-fanmi-yo\/\" target=\"_self\">Timoun ak Fanmi<\/a><\/h3>\t\n\t\t\t\t<a href=\"\/ht\/resous-yo\/vyolans-familyal-domestik\/\"  target=\"_self\" itemprop=\"url\">\n\t\t\t\t<img loading=\"lazy\" decoding=\"async\" src=\"https:\/\/211md.org\/wp-content\/uploads\/bb-plugin\/cache\/Mask-Group-39@2x-circle-b2589197a13c791d910f46dd10b27a87-.png\" alt=\"De p\u00e8 men kenbe youn ak l\u00f2t\" itemprop=\"image\" height=\"500\" width=\"500\" title=\"Gwoup Mask 39@2x\" onerror=\"this.style.display='none'\"  \/>\n\t\t\t\t<\/a>\n\t\t<h3><a href=\"\/ht\/resous-yo\/vyolans-familyal-domestik\/\" target=\"_self\">Vyolans Domestik\/ Fanmi<\/a><\/h3>\t\n\t\t\t\t<a href=\"\/ht\/resous-yo\/rechech-travay\/\"  target=\"_self\" itemprop=\"url\">\n\t\t\t\t<img loading=\"lazy\" decoding=\"async\" src=\"https:\/\/211md.org\/wp-content\/uploads\/bb-plugin\/cache\/Employment-circle-bf72562329e950df948954f5d3f44b2e-.png\" alt=\"Yon mekanisyen machin\" itemprop=\"image\" height=\"500\" width=\"500\" title=\"Travay\" onerror=\"this.style.display='none'\"  \/>\n\t\t\t\t<\/a>\n\t\t<h3><a href=\"\/ht\/resous-yo\/rechech-travay\/\" target=\"_self\">Travay<\/a><\/h3>\t\n\t\t\t\t<a href=\"\/ht\/resous-yo\/swen-sante\/\"  target=\"_self\" itemprop=\"url\">\n\t\t\t\t<img loading=\"lazy\" decoding=\"async\" src=\"https:\/\/211md.org\/wp-content\/uploads\/bb-plugin\/cache\/Mask-Group-35@2x-circle-94be10c13e4adae1683b4589dc2f5b2f-.png\" alt=\"Dokt\u00e8 ap gade janm gason\" itemprop=\"image\" height=\"500\" width=\"500\" title=\"Gwoup Mask 35@2x\" onerror=\"this.style.display='none'\"  \/>\n\t\t\t\t<\/a>\n\t\t<h3><a href=\"\/ht\/resous-yo\/swen-sante\/\" target=\"_self\">Swen Sante<\/a><\/h3>\t\n\t\t\t\t<a href=\"\/ht\/resous-yo\/manje\/\"  target=\"_self\" itemprop=\"url\">\n\t\t\t\t<img loading=\"lazy\" decoding=\"async\" src=\"https:\/\/211md.org\/wp-content\/uploads\/bb-plugin\/cache\/Mask-Group-32@2x-circle-1c6d647dcaf998fa079d26735cedc92b-.png\" alt=\"Legim fre\" itemprop=\"image\" height=\"500\" width=\"500\" title=\"Gwoup Mask 32@2x\" onerror=\"this.style.display='none'\"  \/>\n\t\t\t\t<\/a>\n\t\t<h3><a href=\"\/ht\/resous-yo\/manje\/\" target=\"_self\">Manje<\/a><\/h3>\t\n\t\t\t\t<a href=\"\/ht\/resous-yo\/abri-lojman\/\"  target=\"_self\" itemprop=\"url\">\n\t\t\t\t<img loading=\"lazy\" decoding=\"async\" src=\"https:\/\/211md.org\/wp-content\/uploads\/bb-plugin\/cache\/Mask-Group-34@2x-circle-b99c55fc16ef21f35e2f2a1f7cc37b9a-.png\" alt=\"Balkon konpl\u00e8ks apatman\" itemprop=\"image\" height=\"500\" width=\"500\" title=\"Apatman-Konpl\u00e8ks\" onerror=\"this.style.display='none'\"  \/>\n\t\t\t\t<\/a>\n\t\t<h3><a href=\"\/ht\/resous-yo\/abri-lojman\/\" target=\"_self\">Lojman &amp; Abri<\/a><\/h3>\t\n\t\t\t\t<a href=\"\/ht\/resous-yo\/nouvo-nan-nou-ak-maryland\/\"  target=\"_self\" itemprop=\"url\">\n\t\t\t\t<img loading=\"lazy\" decoding=\"async\" src=\"https:\/\/211md.org\/wp-content\/uploads\/bb-plugin\/cache\/American-flag-circle-0016cc327e27ef7aeb080f1da6c6e98b-.jpg\" alt=\"nouvo nan eta Zini\" itemprop=\"image\" height=\"364\" width=\"1366\" title=\"Ameriken-drapo\" onerror=\"this.style.display='none'\"  \/>\n\t\t\t\t<\/a>\n\t\t<h3><a href=\"\/ht\/resous-yo\/nouvo-nan-nou-ak-maryland\/\" target=\"_self\">Imigrasyon<\/a><\/h3>\t\n\t\t\t\t<a href=\"\/ht\/resous-yo\/timoun-fanmi-yo\/swen-fanmi\/\"  target=\"_self\" itemprop=\"url\">\n\t\t\t\t<img decoding=\"async\" src=\"https:\/\/211md.org\/wp-content\/uploads\/bb-plugin\/cache\/kinship-family-navigating-a-computer-circle-045fee9d587aefb20221bfea41a2cf9b-.png\" alt=\"fanmi fanmi navige nan yon \u00f2dinat\u00e8\" itemprop=\"image\" title=\"fanmi fanmi navige nan yon \u00f2dinat\u00e8\" onerror=\"this.style.display='none'\"  \/>\n\t\t\t\t<\/a>\n\t\t<h3><a href=\"\/ht\/resous-yo\/timoun-fanmi-yo\/swen-fanmi\/\" target=\"_self\">Parente<\/a><\/h3>\t\n\t\t\t\t<a href=\"\/ht\/resous-yo\/sevis-legal-yo\/\"  target=\"_self\" itemprop=\"url\">\n\t\t\t\t<img loading=\"lazy\" decoding=\"async\" src=\"https:\/\/211md.org\/wp-content\/uploads\/bb-plugin\/cache\/Housing-Legal-circle-9a8f3c1c72c54b6e1ce612d2993c1ad4-.png\" alt=\"Mato legal ak yon mod\u00e8l plastik nan yon kay akote li\" itemprop=\"image\" height=\"348\" width=\"460\" title=\"Lojman Legal\" onerror=\"this.style.display='none'\"  \/>\n\t\t\t\t<\/a>\n\t\t<h3><a href=\"\/ht\/resous-yo\/sevis-legal-yo\/\" target=\"_self\">S\u00e8vis Legal<\/a><\/h3>\t\n\t\t\t\t<a href=\"\/ht\/resous-yo\/sante-mantal\/\"  target=\"_self\" itemprop=\"url\">\n\t\t\t\t<img loading=\"lazy\" decoding=\"async\" src=\"https:\/\/211md.org\/wp-content\/uploads\/bb-plugin\/cache\/Mask-Group-40@2x-circle-7bd9426367852fb3d841bc4bdc57a550-.png\" alt=\"Des yon gason ak yon fanm\" itemprop=\"image\" height=\"500\" width=\"500\" title=\"Gwoup Mask 40@2x\" onerror=\"this.style.display='none'\"  \/>\n\t\t\t\t<\/a>\n\t\t<h3><a href=\"\/ht\/resous-yo\/sante-mantal\/\" target=\"_self\">Sante mantal<\/a><\/h3>\t\n\t\t\t\t<a href=\"\/ht\/resous-yo\/mdreentry\/\"  target=\"_self\" itemprop=\"url\">\n\t\t\t\t<img loading=\"lazy\" decoding=\"async\" src=\"https:\/\/211md.org\/wp-content\/uploads\/bb-plugin\/cache\/Diverse-group-of-community-members-circle-4457c114cd48613bc79a0fb50060319c-.jpg\" alt=\"Gwoup div\u00e8s manm kominote a\" itemprop=\"image\" height=\"800\" width=\"1200\" title=\"Gwoup div\u00e8s manm kominote a\" onerror=\"this.style.display='none'\"  \/>\n\t\t\t\t<\/a>\n\t\t<h3><a href=\"\/ht\/resous-yo\/mdreentry\/\" target=\"_self\">Reantre<\/a><\/h3>\t\n\t\t\t\t<a href=\"\/ht\/sispann\/\"  target=\"_self\" itemprop=\"url\">\n\t\t\t\t<img loading=\"lazy\" decoding=\"async\" src=\"https:\/\/211md.org\/wp-content\/uploads\/bb-plugin\/cache\/Background-section-MDStophate-circle-08e2bae1cf9f2ad6cc83e01e23da8cb9-.jpg\" alt=\"Jan nou koumanse-seksyon-MDStophate\" itemprop=\"image\" height=\"768\" width=\"1366\" title=\"Jan nou koumanse-seksyon-MDStophate\" onerror=\"this.style.display='none'\"  \/>\n\t\t\t\t<\/a>\n\t\t<h3><a href=\"\/ht\/sispann\/\" target=\"_self\">Sispann Rayi<\/a><\/h3>\t\n\t\t\t\t<a href=\"\/ht\/resous-yo\/itilizasyon-sibstans\/\"  target=\"_self\" itemprop=\"url\">\n\t\t\t\t<img loading=\"lazy\" decoding=\"async\" src=\"https:\/\/211md.org\/wp-content\/uploads\/bb-plugin\/cache\/Substance-Use-circle-ad2d564932dc31267e0c32a6fb2d915c-.png\" alt=\"Grenn kraze men yo\" itemprop=\"image\" height=\"500\" width=\"500\" title=\"Sibstans-Itilize\" onerror=\"this.style.display='none'\"  \/>\n\t\t\t\t<\/a>\n\t\t<h3><a href=\"\/ht\/resous-yo\/itilizasyon-sibstans\/\" target=\"_self\">Itilizasyon sibstans<\/a><\/h3>\t\n\t\t\t\t<a href=\"\/ht\/resous-yo\/sevis-taks\/\"  target=\"_self\" itemprop=\"url\">\n\t\t\t\t<img loading=\"lazy\" decoding=\"async\" src=\"https:\/\/211md.org\/wp-content\/uploads\/bb-plugin\/cache\/Mask-Group-34-circle-166a606e37e61188c9a17d5e634cda3c-.png\" alt=\"Moun ki ranpli papye taks sou revni\" itemprop=\"image\" height=\"500\" width=\"500\" title=\"Gwoup Mask 34\" onerror=\"this.style.display='none'\"  \/>\n\t\t\t\t<\/a>\n\t\t<h3><a href=\"\/ht\/resous-yo\/sevis-taks\/\" target=\"_self\">S\u00e8vis taks<\/a><\/h3>\t\n\t\t\t\t<a href=\"\/ht\/resous-yo\/asistans-sevis-piblik\/\"  target=\"_self\" itemprop=\"url\">\n\t\t\t\t<img loading=\"lazy\" decoding=\"async\" src=\"https:\/\/211md.org\/wp-content\/uploads\/bb-plugin\/cache\/Mask-Group-37@2x-circle-9661a11b9c4082079c9a1f06bc539567-.png\" alt=\"Yon anpoul limen\" itemprop=\"image\" height=\"500\" width=\"500\" title=\"Gwoup Mask 37@2x\" onerror=\"this.style.display='none'\"  \/>\n\t\t\t\t<\/a>\n\t\t<h3><a href=\"\/ht\/resous-yo\/asistans-sevis-piblik\/\" target=\"_self\">Asistans s\u00e8vis piblik<\/a><\/h3>\t\n\t\t\t\t<a href=\"\/ht\/resous-yo\/veteran-yo\/\"  target=\"_self\" itemprop=\"url\">\n\t\t\t\t<img decoding=\"async\" src=\"https:\/\/211md.org\/wp-content\/uploads\/bb-plugin\/cache\/Veterans-circle-7c6972a59826c74f1f658f61df785fc3-.png\" alt=\"Yon s\u00f2lda ki bay men yon moun epi li souri\" itemprop=\"image\" title=\"Veteran yo\" onerror=\"this.style.display='none'\"  \/>\n\t\t\t\t<\/a>\n\t\t<h3><a href=\"\/ht\/resous-yo\/veteran-yo\/\" target=\"_self\">Veteran yo<\/a><\/h3>","protected":false},"excerpt":{"rendered":"<p>Eksperyans timoun yo, byen ak move, f\u00f2me s\u00e8vo timoun nan devlope. Kominote jwe yon w\u00f2l nan bay anviw\u00f2nman pozitif ak anpeche adv\u00e8site. Poukisa Adv\u00e8site Timoun Enp\u00f2tan? Eksperyans negatif timoun ak anviw\u00f2nman yo komen. Yo enkli bagay tankou temwen vyolans oswa f\u00e8 eksperyans diskriminasyon. Si timoun yo pa jwenn sip\u00f2 l\u00e8 yo f\u00e8 fas ak adv\u00e8site, sa ka lak\u00f2z yon bagay ki dire lontan...<\/p>","protected":false},"author":8,"featured_media":1977,"parent":839,"menu_order":0,"comment_status":"closed","ping_status":"closed","template":"","meta":{"footnotes":""},"class_list":["post-920","page","type-page","status-publish","has-post-thumbnail","hentry"],"_links":{"self":[{"href":"https:\/\/211md.org\/ht\/wp-json\/wp\/v2\/pages\/920","targetHints":{"allow":["GET"]}}],"collection":[{"href":"https:\/\/211md.org\/ht\/wp-json\/wp\/v2\/pages"}],"about":[{"href":"https:\/\/211md.org\/ht\/wp-json\/wp\/v2\/types\/page"}],"author":[{"embeddable":true,"href":"https:\/\/211md.org\/ht\/wp-json\/wp\/v2\/users\/8"}],"replies":[{"embeddable":true,"href":"https:\/\/211md.org\/ht\/wp-json\/wp\/v2\/comments?post=920"}],"version-history":[{"count":3,"href":"https:\/\/211md.org\/ht\/wp-json\/wp\/v2\/pages\/920\/revisions"}],"predecessor-version":[{"id":4708,"href":"https:\/\/211md.org\/ht\/wp-json\/wp\/v2\/pages\/920\/revisions\/4708"}],"up":[{"embeddable":true,"href":"https:\/\/211md.org\/ht\/wp-json\/wp\/v2\/pages\/839"}],"wp:featuredmedia":[{"embeddable":true,"href":"https:\/\/211md.org\/ht\/wp-json\/wp\/v2\/media\/1977"}],"wp:attachment":[{"href":"https:\/\/211md.org\/ht\/wp-json\/wp\/v2\/media?parent=920"}],"curies":[{"name":"wp","href":"https:\/\/api.w.org\/{rel}","templated":true}]}}