{"id":922,"date":"2021-04-15T14:24:25","date_gmt":"2021-04-15T14:24:25","guid":{"rendered":"https:\/\/211md.org\/?page_id=922"},"modified":"2026-02-02T08:48:53","modified_gmt":"2026-02-02T13:48:53","slug":"vyolans-familyal-domestik","status":"publish","type":"page","link":"https:\/\/211md.org\/ht\/resources\/domestic-family-violence\/","title":{"rendered":"Sip\u00f2 pou Fanmi ak Vyolans Domestik nan Maryland"},"content":{"rendered":"<figure data-animation-delay=\"0\" data-animation-duration=\"1\" itemscope itemtype=\"https:\/\/schema.org\/ImageObject\">\n\t\t\t\t<img decoding=\"async\" src=\"https:\/\/stg-maryland211-staging.kinsta.cloud\/wp-content\/uploads\/2025\/08\/5-1-scaled.png\" alt=\"5\" height=\"692\" width=\"2560\" title=\"5\" onerror=\"this.style.display='none'\" loading=\"lazy\" \/>\n\t<\/figure>\n\t\t<h1><a href=\"#start\" target=\"_self\">Tit Paj Defo<\/a><\/h1><p>Soti nan twous ijans pou viktim vyolans domestik k ap kite yon kay byen vit rive nan asistans legal, sip\u00f2 gratis ak konfidansy\u00e8l disponib. Vyolans domestik pa janm f\u00f2t ou. Konekte ak liy dir\u00e8k pou vyolans domestik yo, <a href=\"#community\">resous kominot\u00e8 yo,<\/a> epi <a href=\"#sexual\">agresyon seksy\u00e8l<\/a> sip\u00f2 pou viktim vyolans domestik ak familyal. Aprann <a href=\"#warning\">siy av\u00e8tisman<\/a>\u00a0epi jwenn <a href=\"#emergency\">abri ijans<\/a> toupre ou.<\/p>\n<p>Epitou, aprann sou s\u00e8vis pwoteksyon pou <a href=\"#children\">timoun yo<\/a> epi <a href=\"#adults\">granmoun<\/a>.<\/p>\n\t\t\t<a href=\"#start\"  target=\"_self\">\n\t\t\t\t\t\tK\u00f2manse\n\t\t\t\t\t<\/a>\n<figure data-animation-delay=\"0\" data-animation-duration=\"1\" itemscope itemtype=\"https:\/\/schema.org\/ImageObject\">\n\t\t\t\t<img decoding=\"async\" src=\"https:\/\/211md.org\/wp-content\/plugins\/bb-plugin\/img\/pixel.png\" alt=\"\" onerror=\"this.style.display='none'\" loading=\"lazy\" \/>\n\t<\/figure>\n<figure data-animation-delay=\"0\" data-animation-duration=\"1.3\" itemscope itemtype=\"https:\/\/schema.org\/ImageObject\">\n\t\t\t\t<img decoding=\"async\" src=\"https:\/\/stg-maryland211-staging.kinsta.cloud\/wp-content\/uploads\/2025\/08\/16.png\" alt=\"16\" height=\"1000\" width=\"1000\" title=\"16\" onerror=\"this.style.display='none'\" loading=\"lazy\" \/>\n\t<\/figure>\n<figure itemscope itemtype=\"https:\/\/schema.org\/ImageObject\">\n\t\t\t\t<img decoding=\"async\" src=\"http:\/\/211md.org\/wp-content\/uploads\/2025\/09\/two-friends-hugging-and-offering-support.jpg\" alt=\"de zanmi k ap anbrase epi ofri sip\u00f2\" title=\"de zanmi k ap anbrase epi ofri sip\u00f2\" onerror=\"this.style.display='none'\" loading=\"lazy\" \/>\n\t<\/figure>\n<h2>Abri Ijans ak L\u00f2t Esansy\u00e8l<\/h2>\n<p>L\u00e8 w ap kouri kite yon sitiyasyon vyolans domestik, ou ka kite kay ou byen vit epi san bagay esansy\u00e8l yo. Gen pwogram ki disponib pou ede w ak sa.<\/p>\n<p>La <a href=\"https:\/\/www.mnadv.org\/get-help\/how-to-help\/\" target=\"_blank\" rel=\"noopener\">Maryland Network Kont Vyolans Domestik<\/a> ofri sip\u00f2, tankou yon twous ijans.<\/p>\n<h3>Sip\u00f2 Mid-Shore<\/h3>\n<p>Nan konte Kent, Dorchester, Queen Anne&#039;s, Talbot ak Caroline, konekte ak <a href=\"https:\/\/mscfv.org\/get-help\" target=\"_blank\" rel=\"noopener\">Kons\u00e8y Mid-Shore sou Vyolans Fanmi<\/a>.<\/p>\n<p>Yo ofri s\u00e8vis 24 sou 24, 7 jou sou 7 av\u00e8k:<\/p>\n<ul>\n<li>ent\u00e8vansyon kriz<\/li>\n<li>abri ijans<\/li>\n<li>planifikasyon sekirite<\/li>\n<li>sekirite b\u00e8t kay<\/li>\n<li>enf\u00f2masyon ak referans<\/li>\n<li>sip\u00f2 emosyon\u00e8l<\/li>\n<li>kons\u00e8y ak gidans<\/li>\n<li>s\u00e8vis legal yo<\/li>\n<\/ul>\n<p><img loading=\"lazy\" decoding=\"async\" src=\"http:\/\/211md.org\/wp-content\/uploads\/2025\/08\/2025_MdInfoNet_Icon-Sets_Phone-150x150.png\" alt=\"Ik\u00f2n telef\u00f2n\" width=\"75\" height=\"75\" \/>Rele liy dir\u00e8k Mid-Shore Council on Family Violence nan 1-800-927-4673.<\/p>\n\t<h2>Liy dir\u00e8k pou \u00e8d<\/h2>\n\t\t<h3>\t\n\t911<br \/> Ijans<\/h3><p>Rele 911 si w an danje, epi ou bezwen \u00e8d ijans.<\/p>\n\t\t<h3>\t\n\tLiy dir\u00e8k nasyonal pou vyolans domestik<\/h3><p>Rele 1-800-799-SAFE (7233) epi jwenn enf\u00f2masyon sou abri ak l\u00f2t founis\u00e8 s\u00e8vis pou vyolans domestik.<\/p>\n<p>Ou kapab tou chat an dir\u00e8k oubyen voye yon mesaj t\u00e8ks ak START nan 88788.<\/p>\n\t\t<h3>\t\n\t211 <br \/> Enf\u00f2masyon ak Resous<\/h3><p>Rele 211 pou jwenn aks\u00e8 a resous lokal yo. Espesyalis Enf\u00f2masyon ak Referans yo, ki gen sousi ak konpasyon, kapab ede w tou ak manje, lojman, sante legal, asistans s\u00e8vis piblik, swen sante, chomaj ak l\u00f2t bezwen esansy\u00e8l.<\/p>\n<p>&nbsp;<\/p>\n\t\t<figure itemscope itemtype=\"https:\/\/schema.org\/ImageObject\">\n\t\t\t\t<img decoding=\"async\" src=\"https:\/\/stg-maryland211-staging.kinsta.cloud\/wp-content\/uploads\/2025\/08\/2025_MdInfoNet_Icon-Sets-white_Locate.png\" alt=\"\" onerror=\"this.style.display='none'\" loading=\"lazy\" \/>\n\t<\/figure>\n<h2>Resous Komen sou Vyolans Domestik<\/h2><p>Ch\u00e8che nan Baz Done Resous Kominot\u00e8 211 la pou jwenn \u00e8d. Antre yon k\u00f2d postal pou jwenn \u00e8d toupre w.<\/p>\n\t\t\t<a href=\"https:\/\/search.211md.org\/search?query=RP-1500.1400-200&#038;query_type=taxonomy&#038;query_label=\" target=\"_blank\" rel=\"noopener\">\n\t\t\t\t\t\tLiy dir\u00e8k pou vyolans domestik\n\t\t\t\t\t<\/a>\n\t\t\t<a href=\"https:\/\/search.211md.org\/search?query=FT-6940&#038;query_type=taxonomy&#038;query_label=\" target=\"_blank\" rel=\"noopener\">\n\t\t\t\t\t\tL\u00f2d Restriksyon Pwoteksyon\n\t\t\t\t\t<\/a>\n\t\t\t<a href=\"https:\/\/search.211md.org\/search?query=RP-1500.1400-300&#038;query_type=taxonomy&#038;query_label=\" target=\"_blank\" rel=\"noopener\">\n\t\t\t\t\t\tLiy dir\u00e8k pou trafik moun\n\t\t\t\t\t<\/a>\n\t\t\t<a href=\"https:\/\/search.211md.org\/search?query=RP-1500.1400-750&#038;query_type=taxonomy&#038;query_label=\" target=\"_blank\" rel=\"noopener\">\n\t\t\t\t\t\tLiy Dir\u00e8k pou Agresyon Seksy\u00e8l\n\t\t\t\t\t<\/a>\n\t\t\t<a href=\"https:\/\/search.211md.org\/search?query=BH-1800.1500-100&#038;query_label=Domestic+Violence+Shelters&#038;query_type=taxonomy\" target=\"_blank\" rel=\"noopener\">\n\t\t\t\t\t\tAbri pou Vyolans Domestik\n\t\t\t\t\t<\/a>\n\t\t\t<a href=\"https:\/\/search.211md.org\/search?query=RP-1500.1400-700&#038;query_type=taxonomy&#038;query_label=\" target=\"_blank\" rel=\"noopener\">\n\t\t\t\t\t\tLiy \u00e8d pou j\u00e8n moun ki sove yo oswa ki san kay yo\n\t\t\t\t\t<\/a>\n<figure itemscope itemtype=\"https:\/\/schema.org\/ImageObject\">\n\t\t\t\t<img decoding=\"async\" src=\"https:\/\/211md.org\/wp-content\/uploads\/2024\/05\/Counselor-talking-to-a-woman.jpg\" alt=\"Konseye ap pale ak yon fanm\" height=\"800\" width=\"1200\" title=\"Konseye ap pale ak yon fanm\" onerror=\"this.style.display='none'\" loading=\"lazy\" \/>\n\t<\/figure>\n\t<h2>Siy av\u00e8tisman<\/h2>\n<p>Li ka difisil pou w\u00e8 siy av\u00e8tisman vyolans domestik yo. Sant Kriz Lavi a, ki se yon manm nan Rezo Sant Ap\u00e8l 211 la, bay sip\u00f2 pou viktim yo. Yo dekri konp\u00f2tman pwogresif ak kontw\u00f2l ke ou ka w\u00e8, tankou siy sa yo nan yon relasyon malsen:<\/p>\n<ul>\n<li>Kontw\u00f2l<\/li>\n<li>An karant\u00e8n<\/li>\n<li>Sabotaj<\/li>\n<li>Blame<\/li>\n<li>Kritik<\/li>\n<li>Alk\u00f2l<\/li>\n<li>Jalouzi<\/li>\n<li>K\u00f2l\u00e8<\/li>\n<li>Entansite<\/li>\n<\/ul>\n<p>La <a href=\"https:\/\/www.lifecrisiscenter.org\/program\/Domestic-Violence.htm\" target=\"_blank\" rel=\"noopener\">Life Crisis Center describes the warning signs<\/a> and provides strategies for victims in a relationship with warning signs.<\/p>\n<p>Ou ka rele 211 tou pou w konekte ak yon founis\u00e8 s\u00e8vis vyolans domestik oswa rele 24 sou 24. <a href=\"https:\/\/www.thehotline.org\/\" target=\"_blank\" rel=\"noopener\">Liy dir\u00e8k nasyonal pou vyolans domestik<\/a> nan 1-800-799-SAFE (7233).<\/p>\n<h2>\u00c8d pou atak seksy\u00e8l<\/h2>\n<p>\u00c8d gratis e konfidansy\u00e8l disponib pou viktim agresyon seksy\u00e8l yo. Kontakte eksp\u00e8 ki ka ba ou sip\u00f2, epi konnen ke yon agresyon seksy\u00e8l pa janm f\u00f2t ou.<\/p>\n<h4>Konekte ak resous yo.<\/h4>\n<p>Rele 2-1-1 pou jwenn sip\u00f2 toupre w oubyen kontakte yon liy dir\u00e8k pou agresyon seksy\u00e8l pou jwenn enf\u00f2masyon gratis e konfidansy\u00e8l.<\/p>\n\t\t\t<a href=\"https:\/\/search.211md.org\/search?query=RP-1500.1400-750&#038;query_label=Sexual%20Assault%20Hotlines&#038;query_type=taxonomy\" target=\"_blank\" rel=\"noopener\">\n\t\t\t\t\t\tJwenn Liy Dir\u00e8k\/Resous pou Agresyon Seksy\u00e8l\n\t\t\t\t\t<\/a>\n\t<h3>Egzamen Medikal Gratis<\/h3>\n<p>Pwogram SAFE (Egzamen Legal pou Agresyon Seksy\u00e8l) nan Maryland bay egzamen medikal gratis. Pwofesyon\u00e8l yo resevwa f\u00f2masyon pou travay av\u00e8k sivivan yo epi y ap kolekte pr\u00e8v, bay swen medikal, epi ofri konsiltasyon sou ekspozisyon VIH.<\/p>\n<p>Ou ka pran yon egzamen SAFE menm si ou pa vle enplike lapolis nan sitiyasyon an. Si ou se yon viktim yon agresyon seksy\u00e8l, ch\u00e8che sip\u00f2. <a href=\"https:\/\/mcasa.org\/survivors\/getting-medical-attention\" target=\"_blank\" rel=\"noopener\">Ch\u00e8che pwogram SAFE nan Maryland<\/a>.<\/p>\n<h3>Vide Crisis and Recovery Center<\/h3>\n<p>Ou ka jwenn \u00e8d tou nan rezo Sant Kriz ak Rekiperasyon pou Vy\u00f2l nan Maryland. Yo bay ent\u00e8vansyon ak kons\u00e8y nan ka kriz. Y ap akonpaye w tou nan lopital, nan ent\u00e8vyou ak lapolis, ak nan tribinal.<\/p>\n<p>Ou ka rele 2-1-1 pou jwenn yon sant tou pre w oubyen vizite\u00a0<a href=\"https:\/\/mcasa.org\/survivors\/find-a-rape-crisis-center\" target=\"_blank\" rel=\"noopener\">Maryland Kowalisyon Kont Atak Seksy\u00e8l<\/a> (MCASA) pou yon lis sant yo.<\/p>\n<h3>\u00c8d legal<\/h3>\n<p>MCASA genyen tou yon Enstiti Legal pou Agresyon Seksy\u00e8l (SALI), ki bay s\u00e8vis legal konpl\u00e8 pou sivivan yo. <a href=\"https:\/\/mcasa.org\/survivors\/sali?fbclid=IwZXh0bgNhZW0CMTAAAR1kEo1Ku2GD3GKBOhAz1XXVPvOr68tlAOPPlcrOFiTKhmFIMM4RlndB7a4_aem_AXbTaSde3vm4kISD6ssAc2DvpCxSyWKv-2To8ILAwIAQntLzjKXzkLGWpmWyYNAX_R98yzEsaXiKtXw57NYZB3Dv#services\" target=\"_blank\" rel=\"noopener\">Aprann plis<\/a> sou s\u00e8vis yo bay yo.<\/p>\n\t<h2>Abi ak Neglijans sou Timoun<\/h2>\n<p>Ou ka rap\u00f2te abi ak\/oswa neglijans sou timoun anonimman bay Depatman S\u00e8vis Sosyal lokal la oswa bay lapolis.<\/p>\n<p>An jeneral, siy de <a href=\"https:\/\/dhs.maryland.gov\/child-protective-services\/reporting-suspected-child-abuse-or-neglect\/what-is-child-abuse-and-neglect\/\" target=\"_blank\" rel=\"noopener\">abi ak neglijans sou timoun<\/a>\u00a0ka gen ladan:<\/p>\n<ul>\n<li aria-level=\"1\">blesi fizik sou yon timoun, menm l\u00e8 li pa vizib<\/li>\n<li aria-level=\"1\">ech\u00e8k pou bay swen oswa atansyon apwopriye<\/li>\n<li aria-level=\"1\">kite yon timoun san siveyans l\u00e8 sante oswa byenn\u00e8t timoun nan an danje oswa l\u00e8 gen yon gwo risk pou domaj sa a rive<\/li>\n<li aria-level=\"1\">molestasyon oswa eksplwatasyon seksy\u00e8l<\/li>\n<li aria-level=\"1\">andikap nan kapasite mantal oswa sikolojik yon timoun pou fonksyone<\/li>\n<li aria-level=\"1\">jwenn pr\u00e8v kredib sou abi fizik, neglijans, oswa abi seksy\u00e8l ki pa te refite yon fason satisfezan<\/li>\n<\/ul>\n<p>Si leta retire yon timoun (ki poko gen 18 an) lakay li, yon\u00a0<a href=\"https:\/\/mdcourts.gov\/legalhelp\/childabuseneglect\" target=\"_blank\" rel=\"noopener\">pwosesis legal<\/a> an plas pou asire sekirite ak byenn\u00e8t timoun nan.<\/p>\n<p>Jwenn resous pwoteksyon timoun lokal yo nan Baz Done Resous Kominot\u00e8 211 la oubyen rele 211.<\/p>\n\t\t\t<a href=\"https:\/\/search.211md.org\/search?query=PH-6500.1500&#038;query_type=taxonomy&#038;query_label=\" target=\"_blank\" rel=\"noopener\">\n\t\t\t\t\t\tResous pwoteksyon timoun yo\n\t\t\t\t\t<\/a>\n\t<h2>S\u00e8vis Pwoteksyon Adilt<\/h2>\n<p>Eta a ofri S\u00e8vis Pwoteksyon Adilt tou pou nenp\u00f2t moun ki gen plis pase 18 an ki manke kapasite fizik oswa mantal pou pran swen bezwen yo. Gen siy konp\u00f2tman, sosyal, finansye ak fizik nan abi ak neglijans ak moun ki vilnerab ak granmoun aje. Sa yo ka enkli:<\/p>\n<ul>\n<li aria-level=\"1\">Konfizyon ak bliye<\/li>\n<li aria-level=\"1\">Laper\u00e8z, enpuisans, wont<\/li>\n<li aria-level=\"1\">An karant\u00e8n<\/li>\n<li aria-level=\"1\">Vyolans oswa abi dw\u00f2g<\/li>\n<li aria-level=\"1\">Aktivite labank etranj<\/li>\n<li aria-level=\"1\">Chanjman nan abitid depans yo<\/li>\n<li aria-level=\"1\">B\u00f2dwo ki poko peye<\/li>\n<li aria-level=\"1\">Par\u00e8t sal oswa san ras<\/li>\n<li aria-level=\"1\">Dezidrate, dezidrate<\/li>\n<li aria-level=\"1\">Kondisyon medikal ki pa trete<\/li>\n<li aria-level=\"1\">Koupe, blesi, boul oswa l\u00f2t mak<\/li>\n<li aria-level=\"1\">Pa kapab pale lib<\/li>\n<li aria-level=\"1\">Vyolans oswa abi dw\u00f2g<\/li>\n<\/ul>\n<p><a href=\"https:\/\/dhs.maryland.gov\/documents\/Brochures\/Adult%20Services%20Flyers\/SSA-AdultProtectiveAbuse_dg.pdf\" target=\"_blank\" rel=\"noopener\">Aprann sou tout siy yo<\/a>\u00a0nan Depatman S\u00e8vis Imen Maryland lan.<\/p>\n<p>Rap\u00f2te sisp\u00e8k abi sou granmoun nan 1-800-91-PREVENT (1-800-917-7383).<\/p>\n<p>Baz Done Resous Kominot\u00e8 211 la bay yon lis s\u00e8vis pwoteksyon pou granmoun.<\/p>\n\t\t\t<a href=\"https:\/\/search.211md.org\/search?query=PH-6500.0500&#038;query_type=taxonomy&#038;query_label=\" target=\"_blank\" rel=\"noopener\">\n\t\t\t\t\t\tJwenn resous pwoteksyon pou granmoun\n\t\t\t\t\t<\/a>\n<figure itemscope itemtype=\"https:\/\/schema.org\/ImageObject\">\n\t\t\t\t<img decoding=\"async\" src=\"https:\/\/211md.org\/wp-content\/plugins\/bb-plugin\/img\/pixel.png\" alt=\"\" onerror=\"this.style.display='none'\" loading=\"lazy\" \/>\n\t<\/figure>\n\t\t<figure itemscope itemtype=\"https:\/\/schema.org\/ImageObject\">\n\t\t\t\t<img decoding=\"async\" src=\"https:\/\/211md.org\/wp-content\/uploads\/bb-plugin\/cache\/Call-center-specialst-circle-4e9ecd7b3425be4576416abc911049bb-.jpg\" alt=\"Espesyalis nan sant ap\u00e8l\" title=\"Espesyalis nan sant ap\u00e8l\" onerror=\"this.style.display='none'\" loading=\"lazy\" \/>\n\t<\/figure>\n<h2>Rele 211<\/h2><p>Pale ak yon moun ki gen sousi pou ou epi ki gen konpasyon 24 sou 24, 7 jou sou 7. Yo kapab tou mete ou an kontak ak resous.\u00a0<\/p>\n\t\t<h4><a href=\"\/ht\/resous-yo\/aje-andikap\/?utm_source=Home&#038;utm_medium=Referral&#038;utm_campaign=211Resources&#038;utm_content=Aging\" target=\"_self\">Aje ak Andikap<\/a><\/h4><figure itemscope itemtype=\"https:\/\/schema.org\/ImageObject\">\n\t\t\t\t<a href=\"\/ht\/resous-yo\/aje-andikap\/?utm_source=Home&#038;utm_medium=Referral&#038;utm_campaign=211Resources&#038;utm_content=Aging\"  target=\"_self\" itemprop=\"url\">\n\t\t\t\t<img decoding=\"async\" src=\"https:\/\/211md.org\/wp-content\/uploads\/bb-plugin\/cache\/2025_MdInfoNet_Icon-Sets_Aging-disability-square-c466727102cae71e5f27b8539bb51945-.png\" alt=\"\" onerror=\"this.style.display='none'\" loading=\"lazy\" \/>\n\t\t\t\t<\/a>\n\t<\/figure>\n\t\t<h4><a href=\"\/ht\/resous-yo\/timoun-fanmi-yo\/?utm_source=Home&#038;utm_medium=Referral&#038;utm_campaign=211Resources&#038;utm_content=Children\" target=\"_self\">Timoun ak Fanmi<\/a><\/h4><figure itemscope itemtype=\"https:\/\/schema.org\/ImageObject\">\n\t\t\t\t<a href=\"\/ht\/resous-yo\/timoun-fanmi-yo\/?utm_source=Home&#038;utm_medium=Referral&#038;utm_campaign=211Resources&#038;utm_content=Children\"  target=\"_self\" itemprop=\"url\">\n\t\t\t\t<img decoding=\"async\" src=\"https:\/\/211md.org\/wp-content\/uploads\/bb-plugin\/cache\/2025_211_Icon-Sets_Child-care-square-f3b0d4edab3dcc467fadb5f55f4064c6-.png\" alt=\"parent and child icon for child care\" height=\"417\" width=\"417\" title=\"2025_211_Ansanm Ik\u00f2n_Swen Timoun\" onerror=\"this.style.display='none'\" loading=\"lazy\" \/>\n\t\t\t\t<\/a>\n\t<\/figure>\n\t\t<h4><a href=\"\/ht\/resous-yo\/vyolans-familyal-domestik\/?utm_source=Home&#038;utm_medium=Referral&#038;utm_campaign=211Resources&#038;utm_content=Domestic\" target=\"_self\">Vyolans domestik<\/a><\/h4><figure itemscope itemtype=\"https:\/\/schema.org\/ImageObject\">\n\t\t\t\t<a href=\"\/ht\/resous-yo\/vyolans-familyal-domestik\/?utm_source=Home&#038;utm_medium=Referral&#038;utm_campaign=211Resources&#038;utm_content=Domestic\"  target=\"_self\" itemprop=\"url\">\n\t\t\t\t<img decoding=\"async\" src=\"https:\/\/211md.org\/wp-content\/uploads\/bb-plugin\/cache\/2025_211_Icon-Sets_Domestic-Violence-square-7b597694a6f05fe90cdc376aa573bc63-.png\" alt=\"House with a heart in the middle icon\" height=\"417\" width=\"417\" title=\"2025_211_Ansanm Ik\u00f2n_Vyolans Domestik\" onerror=\"this.style.display='none'\" loading=\"lazy\" \/>\n\t\t\t\t<\/a>\n\t<\/figure>\n\t\t<h4><a href=\"\/ht\/resous-yo\/rechech-travay\/?utm_source=Home&#038;utm_medium=Referral&#038;utm_campaign=211Resources&#038;utm_content=Employment\" target=\"_self\">Travay<\/a><\/h4><figure itemscope itemtype=\"https:\/\/schema.org\/ImageObject\">\n\t\t\t\t<a href=\"\/ht\/resous-yo\/rechech-travay\/?utm_source=Home&#038;utm_medium=Referral&#038;utm_campaign=211Resources&#038;utm_content=Employment\"  target=\"_self\" itemprop=\"url\">\n\t\t\t\t<img decoding=\"async\" src=\"https:\/\/211md.org\/wp-content\/uploads\/bb-plugin\/cache\/2025_MdInfoNet_Icon-Sets_Employment-square-44707bd410e4df10a470bf130ebcea86-.png\" alt=\"\" onerror=\"this.style.display='none'\" loading=\"lazy\" \/>\n\t\t\t\t<\/a>\n\t<\/figure>\n\t\t<h4><a href=\"\/ht\/resous-yo\/swen-sante\/?utm_source=Home&#038;utm_medium=Referral&#038;utm_campaign=211Resources&#038;utm_content=Health%20Care\" target=\"_self\">Swen Sante<\/a><\/h4><figure itemscope itemtype=\"https:\/\/schema.org\/ImageObject\">\n\t\t\t\t<a href=\"\/ht\/resous-yo\/swen-sante\/?utm_source=Home&#038;utm_medium=Referral&#038;utm_campaign=211Resources&#038;utm_content=Health%20Care\"  target=\"_self\" itemprop=\"url\">\n\t\t\t\t<img decoding=\"async\" src=\"https:\/\/211md.org\/wp-content\/uploads\/bb-plugin\/cache\/2025_MdInfoNet_Icon-Sets_Health-Care-square-dee98a0060cbe0e7f27eda253fc12679-.png\" alt=\"\" onerror=\"this.style.display='none'\" loading=\"lazy\" \/>\n\t\t\t\t<\/a>\n\t<\/figure>\n\t\t<h4><a href=\"\/ht\/resous-yo\/timoun-fanmi-yo\/swen-fanmi\/?utm_source=Home&#038;utm_medium=Referral&#038;utm_campaign=211Resources&#038;utm_content=Kinship\" target=\"_self\">Parente<\/a><\/h4><figure itemscope itemtype=\"https:\/\/schema.org\/ImageObject\">\n\t\t\t\t<a href=\"\/ht\/resous-yo\/timoun-fanmi-yo\/swen-fanmi\/?utm_source=Home&#038;utm_medium=Referral&#038;utm_campaign=211Resources&#038;utm_content=Kinship\"  target=\"_self\" itemprop=\"url\">\n\t\t\t\t<img decoding=\"async\" src=\"https:\/\/211md.org\/wp-content\/uploads\/bb-plugin\/cache\/2025_211_Icon-Sets_Kinship-square-45bdf872866f5735f842c32071109267-.png\" alt=\"Ik\u00f2n fanmi\" height=\"417\" width=\"417\" title=\"2025_211_Ansanm Ik\u00f2n_Fanmitay\" onerror=\"this.style.display='none'\" loading=\"lazy\" \/>\n\t\t\t\t<\/a>\n\t<\/figure>\n\t\t<h4><a href=\"\/ht\/resous-yo\/sevis-legal-yo\/?utm_source=Home&#038;utm_medium=Referral&#038;utm_campaign=211Resources&#038;utm_content=Legal\" target=\"_self\">S\u00e8vis Legal<\/a><\/h4><figure itemscope itemtype=\"https:\/\/schema.org\/ImageObject\">\n\t\t\t\t<a href=\"\/ht\/resous-yo\/sevis-legal-yo\/?utm_source=Home&#038;utm_medium=Referral&#038;utm_campaign=211Resources&#038;utm_content=Legal\"  target=\"_self\" itemprop=\"url\">\n\t\t\t\t<img decoding=\"async\" src=\"https:\/\/211md.org\/wp-content\/uploads\/bb-plugin\/cache\/2025_MdInfoNet_Icon-Sets_Legal-square-18fdf438feb8435588174d9046463257-.png\" alt=\"\" onerror=\"this.style.display='none'\" loading=\"lazy\" \/>\n\t\t\t\t<\/a>\n\t<\/figure>\n\t\t<h4><a href=\"\/ht\/resous-yo\/sante-mantal\/?utm_source=Home&#038;utm_medium=Referral&#038;utm_campaign=211Resources&#038;utm_content=Mental\" target=\"_self\">Sante mantal<\/a><\/h4><figure itemscope itemtype=\"https:\/\/schema.org\/ImageObject\">\n\t\t\t\t<a href=\"\/ht\/resous-yo\/sante-mantal\/?utm_source=Home&#038;utm_medium=Referral&#038;utm_campaign=211Resources&#038;utm_content=Mental\"  target=\"_self\" itemprop=\"url\">\n\t\t\t\t<img decoding=\"async\" src=\"https:\/\/211md.org\/wp-content\/uploads\/bb-plugin\/cache\/2025_MdInfoNet_Icon-Sets_Mental-Health-square-c59b38c4a993a947d4c9280fbe2d2fee-.png\" alt=\"\" onerror=\"this.style.display='none'\" loading=\"lazy\" \/>\n\t\t\t\t<\/a>\n\t<\/figure>\n\t\t<h4><a href=\"\/ht\/resous-yo\/mdreentry\/?utm_source=Home&#038;utm_medium=Referral&#038;utm_campaign=211Resources&#038;utm_content=Reentry\" target=\"_self\">Reantre<\/a><\/h4><figure itemscope itemtype=\"https:\/\/schema.org\/ImageObject\">\n\t\t\t\t<a href=\"\/ht\/resous-yo\/mdreentry\/?utm_source=Home&#038;utm_medium=Referral&#038;utm_campaign=211Resources&#038;utm_content=Reentry\"  target=\"_self\" itemprop=\"url\">\n\t\t\t\t<img decoding=\"async\" src=\"https:\/\/211md.org\/wp-content\/uploads\/bb-plugin\/cache\/2025_211_Icon-Sets_Reentry-square-8676fea38abd920a832f45642fe31cca-.png\" alt=\"Ik\u00f2n Reantre\" height=\"417\" width=\"417\" title=\"2025_211_Ansanm Ik\u00f2n_Reantre\" onerror=\"this.style.display='none'\" loading=\"lazy\" \/>\n\t\t\t\t<\/a>\n\t<\/figure>\n\t\t<h4><a href=\"\/ht\/resous-yo\/itilizasyon-sibstans\/?utm_source=Home&#038;utm_medium=Referral&#038;utm_campaign=211Resources&#038;utm_content=Substance\" target=\"_self\">Itilizasyon sibstans<\/a><\/h4><figure itemscope itemtype=\"https:\/\/schema.org\/ImageObject\">\n\t\t\t\t<a href=\"\/ht\/resous-yo\/itilizasyon-sibstans\/?utm_source=Home&#038;utm_medium=Referral&#038;utm_campaign=211Resources&#038;utm_content=Substance\"  target=\"_self\" itemprop=\"url\">\n\t\t\t\t<img decoding=\"async\" src=\"https:\/\/211md.org\/wp-content\/uploads\/bb-plugin\/cache\/2025_MdInfoNet_Icon-Sets_Substance-Abuse-square-9022fec9d18a64118ad685c101885b55-.png\" alt=\"\" onerror=\"this.style.display='none'\" loading=\"lazy\" \/>\n\t\t\t\t<\/a>\n\t<\/figure>\n\t\t<h4><a href=\"\/ht\/resous-yo\/veteran-yo\/?utm_source=Home&#038;utm_medium=Referral&#038;utm_campaign=211Resources&#038;utm_content=Veterans\" target=\"_self\">Veteran yo<\/a><\/h4><figure itemscope itemtype=\"https:\/\/schema.org\/ImageObject\">\n\t\t\t\t<a href=\"\/ht\/resous-yo\/veteran-yo\/?utm_source=Home&#038;utm_medium=Referral&#038;utm_campaign=211Resources&#038;utm_content=Veterans\"  target=\"_self\" itemprop=\"url\">\n\t\t\t\t<img decoding=\"async\" src=\"https:\/\/211md.org\/wp-content\/uploads\/bb-plugin\/cache\/2025_MdInfoNet_Icon-Sets_Rating-square-6e60d00cce4faa8e0a6d4ad7366aa733-.png\" alt=\"\" onerror=\"this.style.display='none'\" loading=\"lazy\" \/>\n\t\t\t\t<\/a>\n\t<\/figure>","protected":false},"excerpt":{"rendered":"<p>Tit Paj Defo Apati twous ijans pou viktim vyolans domestik k ap kite yon kay byen vit rive nan asistans legal, sip\u00f2 gratis ak konfidansy\u00e8l disponib. Vyolans domestik pa janm f\u00f2t ou. Konekte ak liy dir\u00e8k pou vyolans domestik, resous kominot\u00e8 ak sip\u00f2 pou agresyon seksy\u00e8l pou viktim vyolans domestik ak familyal. Aprann siy av\u00e8tisman yo epi jwenn abri ijans...<\/p>","protected":false},"author":8,"featured_media":2004,"parent":930,"menu_order":0,"comment_status":"closed","ping_status":"closed","template":"","meta":{"footnotes":""},"class_list":["post-922","page","type-page","status-publish","has-post-thumbnail","hentry"],"_links":{"self":[{"href":"https:\/\/211md.org\/ht\/wp-json\/wp\/v2\/pages\/922","targetHints":{"allow":["GET"]}}],"collection":[{"href":"https:\/\/211md.org\/ht\/wp-json\/wp\/v2\/pages"}],"about":[{"href":"https:\/\/211md.org\/ht\/wp-json\/wp\/v2\/types\/page"}],"author":[{"embeddable":true,"href":"https:\/\/211md.org\/ht\/wp-json\/wp\/v2\/users\/8"}],"replies":[{"embeddable":true,"href":"https:\/\/211md.org\/ht\/wp-json\/wp\/v2\/comments?post=922"}],"version-history":[{"count":8,"href":"https:\/\/211md.org\/ht\/wp-json\/wp\/v2\/pages\/922\/revisions"}],"predecessor-version":[{"id":33743,"href":"https:\/\/211md.org\/ht\/wp-json\/wp\/v2\/pages\/922\/revisions\/33743"}],"up":[{"embeddable":true,"href":"https:\/\/211md.org\/ht\/wp-json\/wp\/v2\/pages\/930"}],"wp:featuredmedia":[{"embeddable":true,"href":"https:\/\/211md.org\/ht\/wp-json\/wp\/v2\/media\/2004"}],"wp:attachment":[{"href":"https:\/\/211md.org\/ht\/wp-json\/wp\/v2\/media?parent=922"}],"curies":[{"name":"wp","href":"https:\/\/api.w.org\/{rel}","templated":true}]}}