{"id":924,"date":"2021-04-15T14:57:44","date_gmt":"2021-04-15T14:57:44","guid":{"rendered":"https:\/\/211md.org\/?page_id=924"},"modified":"2025-12-01T12:34:01","modified_gmt":"2025-12-01T17:34:01","slug":"rechech-travay","status":"publish","type":"page","link":"https:\/\/211md.org\/ht\/resources\/employment-search\/","title":{"rendered":"\u00c8d gratis pou kary\u00e8 ak travay nan Maryland"},"content":{"rendered":"<img decoding=\"async\" src=\"https:\/\/stg-maryland211-staging.kinsta.cloud\/wp-content\/uploads\/2025\/08\/5-1-scaled.png\" alt=\"5\" itemprop=\"image\" height=\"692\" width=\"2560\" title=\"5\" onerror=\"this.style.display='none'\" loading=\"lazy\" \/>\n\t\t<h1><a href=\"#start\" target=\"_self\">Tit Paj Defo<\/a><\/h1><p>Moun k ap ch\u00e8che travay nan Maryland ka jwenn \u00e8d gratis pou anplwa ak f\u00f2masyon pwofesyon\u00e8l nan men de \u00f2ganizasyon:<\/p>\n<ul>\n<li>Sant Travay Ameriken yo \u2013 kote fizik yo<\/li>\n<li>Maryland Workforce Exchange (MWE) \u2013 sou ent\u00e8n\u00e8t s\u00e8lman<\/li>\n<\/ul>\n<p>Aprann kijan chak pwogram asistans pou jwenn travay gratis ka ede w, epi konekte.<\/p>\n\t\t\t<a href=\"#start\" target=\"_self\">\n\t\t\t\t\t\tK\u00f2manse\n\t\t\t\t\t<\/a>\n\t\t\t\t<img decoding=\"async\" src=\"https:\/\/211md.org\/wp-content\/plugins\/bb-plugin\/img\/pixel.png\" alt=\"\" itemprop=\"image\" onerror=\"this.style.display='none'\" loading=\"lazy\" \/>\n\t\t\t\t<img decoding=\"async\" src=\"https:\/\/stg-maryland211-staging.kinsta.cloud\/wp-content\/uploads\/2025\/08\/16.png\" alt=\"16\" itemprop=\"image\" height=\"1000\" width=\"1000\" title=\"16\" onerror=\"this.style.display='none'\" loading=\"lazy\" \/>\n\t\t\t\t<img decoding=\"async\" src=\"https:\/\/211md.org\/wp-content\/uploads\/2021\/04\/man-stocking-warehouse_249164311.jpg\" alt=\"Anplwaye magazen kenkayri bwat Stamping\" itemprop=\"image\" height=\"400\" width=\"600\" title=\"man stocking warehouse_249164311\" onerror=\"this.style.display='none'\" loading=\"lazy\" \/>\n\t\t<h3>Sant Travay Ameriken yo<\/h3>\n\t\t<p>Moun k ap ch\u00e8che travay yo ka resevwa asistans pou jwenn yon travay nan Sant Travay Ameriken yo. Gen plizy\u00e8 douz\u00e8n kote toupatou nan Maryland.<\/p>\n<p>Ou ka jwenn \u00e8d ak:<\/p>\n<ul>\n<li>kons\u00e8y kary\u00e8<\/li>\n<li>preparasyon pou travay<\/li>\n<li>kondwi travay<\/li>\n<li>rezime kreyasyon an<\/li>\n<li>l\u00e8t kouv\u00e8ti<\/li>\n<li>sip\u00f2 rezo<\/li>\n<\/ul>\n<p>Ou ka jwenn aks\u00e8 a \u00f2dinat\u00e8, enprimant, fotokopyeur, machin faks, telef\u00f2n ak Ent\u00e8n\u00e8t pou amelyore rech\u00e8ch travay ou.<\/p>\n<p>Anplis ede moun kap ch\u00e8che travay, sant yo ka ede biznis yo tou.<\/p>\n\t\t\t<a href=\"https:\/\/search.211md.org\/search?query=American+Job+Center&#038;query_label=American+Job+Center&#038;query_type=text\" target=\"_blank\" rel=\"noopener\">\n\t\t\t\t\t\t\tJwenn yon Sant Travay\n\t\t\t<\/a>\n\t<h3>Maryland Mend\u00e8v Echanj<\/h3>\n<p>Si w ap resevwa <a href=\"https:\/\/211md.org\/ht\/resous-yo\/rechech-travay\/benefis-chomaj\/\">benefis asirans chomaj<\/a>, ou ka abitye tou ak Maryland Workforce Exchange (MWE) paske ka gen egzijans pou konplete etap MWE yo chak sem\u00e8n pou resevwa asirans chomaj.<\/p>\n<p>Malgre koneksyon an ak benefis chomaj yo, moun yo ka itilize s\u00e8vis MWE menm si yo pa resevwa benefis yo.<\/p>\n<p>MWE p\u00e8m\u00e8t moun k ap ch\u00e8che travay yo:<\/p>\n<ul>\n<li>rech\u00e8ch pou travay - baz done santral pou lis travay MD<\/li>\n<li>kreye yon rezime<\/li>\n<li>jwenn edikasyon ak f\u00f2masyon<\/li>\n<\/ul>\n<p>P\u00f2tal pw\u00f2p t\u00e8t ou s\u00e8vis la tou gen yon aplikasyon. Ch\u00e8che MWEJOBS nan Apple iTunes Store oswa Google Play.<\/p>\n\t\t\t<a href=\"https:\/\/mwejobs.maryland.gov\/vosnet\/Default.aspx\" target=\"_blank\" rel=\"noopener\">\n\t\t\t\t\t\tAle nan Maryland Workforce Exchange la\n\t\t\t\t\t<\/a>\n\t\t\t\t<img decoding=\"async\" src=\"https:\/\/stg-maryland211-staging.kinsta.cloud\/wp-content\/uploads\/2025\/08\/2025_MdInfoNet_Icon-Sets-white_Locate.png\" alt=\"\" itemprop=\"image\" onerror=\"this.style.display='none'\" loading=\"lazy\" \/>\n<h2>Rech\u00e8ch Anplwa Popil\u00e8<\/h2><p>Jwenn yon pwogram f\u00f2masyon pwofesyon\u00e8l tou pre w, l\u00e8 w s\u00e8vi ak rech\u00e8ch travay popil\u00e8 sa yo.<\/p>\n\t\t\t<a href=\"https:\/\/search.211md.org\/search?query=ND-2000.6500-360&#038;query_type=taxonomy&#038;query_label=\" target=\"_blank\" rel=\"noopener\">\n\t\t\t\t\t\t\tPreparasyon pou travay\n\t\t\t\t\t<\/a>\n\t\t\t<a href=\"https:\/\/search.211md.org\/search?query=Job%20Search%20Placement&#038;query_type=text\" target=\"_blank\" rel=\"noopener\">\n\t\t\t\t\t\t\tRech\u00e8ch ak Plasman Travay\n\t\t\t\t\t<\/a>\n\t\t\t<a href=\"https:\/\/search.211md.org\/search?query=ND-2000.3500&#038;query_type=taxonomy&#038;query_label=\" target=\"_blank\" rel=\"noopener\">\n\t\t\t\t\t\t\tF\u00f2masyon travay\n\t\t\t\t\t<\/a>\n\t\t\t<a href=\"https:\/\/search.211md.org\/search?query=Career%20Counseling&#038;query_type=text\" target=\"_blank\" rel=\"noopener\">\n\t\t\t\t\t\t\tKons\u00e8y Kary\u00e8\n\t\t\t\t\t<\/a>\n\t\t\t<a href=\"https:\/\/search.211md.org\/search?query=Computer%20Training&#038;query_type=text\" target=\"_blank\" rel=\"noopener\">\n\t\t\t\t\t\t\tF\u00f2masyon Odinat\u00e8\n\t\t\t\t\t<\/a>\n\t\t\t<a href=\"https:\/\/search.211md.org\/search?query=Vocational%20Assessment&#038;query_type=text\" target=\"_blank\" rel=\"noopener\">\n\t\t\t\t\t\t\tEvalyasyon Vokasyon\u00e8l\n\t\t\t\t\t<\/a>\n\t\t\t\t<img decoding=\"async\" src=\"https:\/\/211md.org\/wp-content\/uploads\/2021\/05\/Test-scaled.jpg\" alt=\"T\u00e8s scantron f\u00e8y ak kreyon\" itemprop=\"image\" height=\"1591\" width=\"2560\" title=\"Plizy\u00e8,Chwa,Ged,T\u00e8s,T\u00e8ks,,Ak,Kreyon\" onerror=\"this.style.display='none'\" loading=\"lazy\" \/>\n\t<h3><b>Edikasyon pou granmoun ak sip\u00f2 GED\u00ae<\/b><\/h3>\n<p>Si ou pa gen yon dipl\u00f2m lek\u00f2l segond\u00e8 epi ou vle jwenn youn, plizy\u00e8 \u00f2ganizasyon lokal ka ede w prepare w pou t\u00e8s la atrav\u00e8 pwogram edikasyon pou granmoun ak pwogram alfabetizasyon.<\/p>\n<ul>\n<li aria-level=\"1\"><a href=\"https:\/\/search.211md.org\/search?query=GED%20Instruction&amp;query_type=text\" target=\"_blank\" rel=\"noopener\">GED\u00ae Enstriksyon<\/a><\/li>\n<li aria-level=\"1\"><a href=\"https:\/\/search.211md.org\/search?query=HH-0500.8000-150&amp;query_type=taxonomy&amp;query_label=\" target=\"_blank\" rel=\"noopener\">Angle k\u00f2m dezy\u00e8m lang<\/a><\/li>\n<li aria-level=\"1\"><a href=\"https:\/\/search.211md.org\/search?query=HH-4500&amp;query_type=taxonomy&amp;query_label=\" target=\"_blank\" rel=\"noopener\">Pwogram Alfabetizasyon<\/a><\/li>\n<\/ul>\n<p>Pou t\u00e8s,\u00a0<a href=\"https:\/\/ged.com\/policies\/maryland\/\" target=\"_blank\" rel=\"noopener\">S\u00e8vis T\u00e8s GED\u00ae<\/a> se s\u00e8l founis\u00e8 otorize nan Maryland.<\/p>\n\t<h2>Kontinye Li<\/h2>\n<p>211 ofri tou gid pou veteran k ap ch\u00e8che travay, imigran, ak moun ki nan prizon oswa ki te nan prizon anvan epi k ap retounen sou mache travay la.<\/p>\n\t\t\t\t<img decoding=\"async\" src=\"https:\/\/211md.org\/wp-content\/plugins\/bb-plugin\/img\/pixel.png\" alt=\"\" itemprop=\"image\" onerror=\"this.style.display='none'\" loading=\"lazy\" \/>\n\t\t\t\t<img decoding=\"async\" src=\"https:\/\/211md.org\/wp-content\/uploads\/bb-plugin\/cache\/Call-center-specialst-circle-4e9ecd7b3425be4576416abc911049bb-.jpg\" alt=\"Espesyalis nan sant ap\u00e8l\" itemprop=\"image\" title=\"Espesyalis nan sant ap\u00e8l\" onerror=\"this.style.display='none'\" loading=\"lazy\" \/>\n<h2>Rele 211<\/h2><p>Pale ak yon moun ki gen sousi pou ou epi ki gen konpasyon 24 sou 24, 7 jou sou 7. Yo kapab tou mete ou an kontak ak resous.\u00a0<\/p>\n\t\t\t<a href=\"tel:%20+211\" target=\"_blank\" rel=\"noopener\">\n\t\t\t\t\t\tRele 211 (mobil)\n\t\t\t\t\t<\/a>\n\t<h2>Benefis chomaj<\/h2>\n<p>Benefis sa yo ranplase yon pati nan revni yon anplwaye pou yon tan limite pou moun ki kalifye ki p\u00e8di travay yo, san yo pa t gen fot.<\/p>\n<p><a href=\"\/ht\/resous-yo\/rechech-travay\/benefis-chomaj\/\" rel=\"noopener\">Aprann etap sa yo nan depoze yon reklamasyon<\/a> ak s\u00e8tifikasyon reklamasyon chak sem\u00e8n pou kenbe benefis chomaj yo aktif.<\/p>\n<h3>Asirans Sante pandan w ap ch\u00e8che yon travay<\/h3>\n<p>Si moun nan p\u00e8di swen sante ak travay la, li ka kalifye pou:<\/p>\n<ul>\n<li>Medicaid<\/li>\n<li>COBRA atrav\u00e8 ansyen anplway\u00e8 yo a<\/li>\n<li>Asirans atrav\u00e8 <a href=\"https:\/\/www.marylandhealthconnection.gov\/lost-your-job-you-can-get-health-coverage\/\" target=\"_blank\" rel=\"noopener\">Maryland Health Connection<\/a><\/li>\n<\/ul>\n<p>Tipikman, benefis sa yo disponib nan lespas 60 jou apre ou p\u00e8di travay la.<\/p>\n<h3><b>Konpansasyon Travay\u00e8\u00a0<\/b><\/h3>\n<p>Pwoteksyon sa a peye pou swen medikal si yo aksepte reklamasyon Konpansasyon Travay\u00e8 a. Travay\u00e8 a ka resevwa tou konpansasyon pou ranplase yon pati nan sal\u00e8 li p\u00e8di a.<\/p>\n<p>Asirans konpansasyon travay\u00e8 yo pa kouvri tout aksidan.<\/p>\n<p>Li anjeneral kouvri blesi ki koze pa yon<\/p>\n<blockquote><p>&quot;blesi p\u00e8son\u00e8l aksidant\u00e8l ki rive akoz ak pandan travay.&quot;<\/p><\/blockquote>\n<p>Anplwaye yo dwe rap\u00f2te aksidan an ak blesi a bay anplway\u00e8 yo. <a href=\"https:\/\/www.wcc.state.md.us\/Gen_Info\/Claim_Instr.html\" target=\"_blank\" rel=\"noopener\">Jwenn yon f\u00f2m reklamasyon konpansasyon travay\u00e8 anplwaye<\/a>\u00a0oswa\u00a0<a href=\"https:\/\/www.wcc.state.md.us\/WFMS\/C1_WebForms.html\" target=\"_blank\" rel=\"noopener\">ranpli F\u00f2m C-1 sou Ent\u00e8n\u00e8t<\/a>.<\/p>\n<p><a href=\"https:\/\/www.wcc.state.md.us\/Gen_Info\/WCC_Benefits.html#filing_a_claim\" target=\"_blank\" rel=\"noopener\">Aprann plis<\/a> kons\u00e8nan kalite reklamasyon ou ka depoze yo, pwosesis la, ak kijan pou kontakte Komisyon Konpansasyon Travay\u00e8 Maryland lan.<\/p>\n<p>Ou ka jwenn repons tou pou\u00a0<a href=\"https:\/\/www.wcc.state.md.us\/Gen_Info\/WCC_FAQ.html\" target=\"_blank\" rel=\"noopener\">Kesyon yo poze souvan<\/a>\u00a0(FAQs).<\/p>\n<p>&nbsp;<\/p>\n<h2>\n\t\t\tKontinye Li\t<\/h2>\n\t\t<h4><a href=\"\/ht\/resous-yo\/aje-andikap\/?utm_source=Home&#038;utm_medium=Referral&#038;utm_campaign=211Resources&#038;utm_content=Aging\" target=\"_self\">Aje ak Andikap<\/a><\/h4>\n\t\t\t\t<a href=\"\/ht\/resous-yo\/aje-andikap\/?utm_source=Home&#038;utm_medium=Referral&#038;utm_campaign=211Resources&#038;utm_content=Aging\"  target=\"_self\" itemprop=\"url\">\n\t\t\t\t<img decoding=\"async\" src=\"https:\/\/211md.org\/wp-content\/uploads\/bb-plugin\/cache\/2025_MdInfoNet_Icon-Sets_Aging-disability-square-c466727102cae71e5f27b8539bb51945-.png\" alt=\"\" itemprop=\"image\" onerror=\"this.style.display='none'\" loading=\"lazy\" \/>\n\t\t\t\t<\/a>\n\t\t<h4><a href=\"\/ht\/resous-yo\/timoun-fanmi-yo\/?utm_source=Home&#038;utm_medium=Referral&#038;utm_campaign=211Resources&#038;utm_content=Children\" target=\"_self\">Timoun ak Fanmi<\/a><\/h4>\n\t\t\t\t<a href=\"\/ht\/resous-yo\/timoun-fanmi-yo\/?utm_source=Home&#038;utm_medium=Referral&#038;utm_campaign=211Resources&#038;utm_content=Children\"  target=\"_self\" itemprop=\"url\">\n\t\t\t\t<img decoding=\"async\" src=\"https:\/\/211md.org\/wp-content\/uploads\/bb-plugin\/cache\/2025_211_Icon-Sets_Child-care-square-f3b0d4edab3dcc467fadb5f55f4064c6-.png\" alt=\"parent and child icon for child care\" itemprop=\"image\" height=\"417\" width=\"417\" title=\"2025_211_Ansanm Ik\u00f2n_Swen Timoun\" onerror=\"this.style.display='none'\" loading=\"lazy\" \/>\n\t\t\t\t<\/a>\n\t\t<h4><a href=\"\/ht\/resous-yo\/vyolans-familyal-domestik\/?utm_source=Home&#038;utm_medium=Referral&#038;utm_campaign=211Resources&#038;utm_content=Domestic\" target=\"_self\">Vyolans domestik<\/a><\/h4>\n\t\t\t\t<a href=\"\/ht\/resous-yo\/vyolans-familyal-domestik\/?utm_source=Home&#038;utm_medium=Referral&#038;utm_campaign=211Resources&#038;utm_content=Domestic\"  target=\"_self\" itemprop=\"url\">\n\t\t\t\t<img decoding=\"async\" src=\"https:\/\/211md.org\/wp-content\/uploads\/bb-plugin\/cache\/2025_211_Icon-Sets_Domestic-Violence-square-7b597694a6f05fe90cdc376aa573bc63-.png\" alt=\"Ik\u00f2n Vyolans Domestik\" itemprop=\"image\" height=\"417\" width=\"417\" title=\"2025_211_Ansanm Ik\u00f2n_Vyolans Domestik\" onerror=\"this.style.display='none'\" loading=\"lazy\" \/>\n\t\t\t\t<\/a>\n\t\t<h4><a href=\"\/ht\/resous-yo\/rechech-travay\/?utm_source=Home&#038;utm_medium=Referral&#038;utm_campaign=211Resources&#038;utm_content=Employment\" target=\"_self\">Travay<\/a><\/h4>\n\t\t\t\t<a href=\"\/ht\/resous-yo\/rechech-travay\/?utm_source=Home&#038;utm_medium=Referral&#038;utm_campaign=211Resources&#038;utm_content=Employment\"  target=\"_self\" itemprop=\"url\">\n\t\t\t\t<img decoding=\"async\" src=\"https:\/\/211md.org\/wp-content\/uploads\/bb-plugin\/cache\/2025_MdInfoNet_Icon-Sets_Employment-square-44707bd410e4df10a470bf130ebcea86-.png\" alt=\"\" itemprop=\"image\" onerror=\"this.style.display='none'\" loading=\"lazy\" \/>\n\t\t\t\t<\/a>\n\t\t<h4><a href=\"\/ht\/resous-yo\/swen-sante\/?utm_source=Home&#038;utm_medium=Referral&#038;utm_campaign=211Resources&#038;utm_content=Health%20Care\" target=\"_self\">Swen Sante<\/a><\/h4>\n\t\t\t\t<a href=\"\/ht\/resous-yo\/swen-sante\/?utm_source=Home&#038;utm_medium=Referral&#038;utm_campaign=211Resources&#038;utm_content=Health%20Care\"  target=\"_self\" itemprop=\"url\">\n\t\t\t\t<img decoding=\"async\" src=\"https:\/\/211md.org\/wp-content\/uploads\/bb-plugin\/cache\/2025_MdInfoNet_Icon-Sets_Health-Care-square-dee98a0060cbe0e7f27eda253fc12679-.png\" alt=\"\" itemprop=\"image\" onerror=\"this.style.display='none'\" loading=\"lazy\" \/>\n\t\t\t\t<\/a>\n\t\t<h4><a href=\"\/ht\/resous-yo\/timoun-fanmi-yo\/swen-fanmi\/?utm_source=Home&#038;utm_medium=Referral&#038;utm_campaign=211Resources&#038;utm_content=Kinship\" target=\"_self\">Parente<\/a><\/h4>\n\t\t\t\t<a href=\"\/ht\/resous-yo\/timoun-fanmi-yo\/swen-fanmi\/?utm_source=Home&#038;utm_medium=Referral&#038;utm_campaign=211Resources&#038;utm_content=Kinship\"  target=\"_self\" itemprop=\"url\">\n\t\t\t\t<img decoding=\"async\" src=\"https:\/\/211md.org\/wp-content\/uploads\/bb-plugin\/cache\/2025_211_Icon-Sets_Kinship-square-45bdf872866f5735f842c32071109267-.png\" alt=\"Ik\u00f2n fanmi\" itemprop=\"image\" height=\"417\" width=\"417\" title=\"2025_211_Ansanm Ik\u00f2n_Fanmitay\" onerror=\"this.style.display='none'\" loading=\"lazy\" \/>\n\t\t\t\t<\/a>\n\t\t<h4><a href=\"\/ht\/resous-yo\/sevis-legal-yo\/?utm_source=Home&#038;utm_medium=Referral&#038;utm_campaign=211Resources&#038;utm_content=Legal\" target=\"_self\">S\u00e8vis Legal<\/a><\/h4>\n\t\t\t\t<a href=\"\/ht\/resous-yo\/sevis-legal-yo\/?utm_source=Home&#038;utm_medium=Referral&#038;utm_campaign=211Resources&#038;utm_content=Legal\"  target=\"_self\" itemprop=\"url\">\n\t\t\t\t<img decoding=\"async\" src=\"https:\/\/211md.org\/wp-content\/uploads\/bb-plugin\/cache\/2025_MdInfoNet_Icon-Sets_Legal-square-18fdf438feb8435588174d9046463257-.png\" alt=\"\" itemprop=\"image\" onerror=\"this.style.display='none'\" loading=\"lazy\" \/>\n\t\t\t\t<\/a>\n\t\t<h4><a href=\"\/ht\/resous-yo\/sante-mantal\/?utm_source=Home&#038;utm_medium=Referral&#038;utm_campaign=211Resources&#038;utm_content=Mental\" target=\"_self\">Sante mantal<\/a><\/h4>\n\t\t\t\t<a href=\"\/ht\/resous-yo\/sante-mantal\/?utm_source=Home&#038;utm_medium=Referral&#038;utm_campaign=211Resources&#038;utm_content=Mental\"  target=\"_self\" itemprop=\"url\">\n\t\t\t\t<img decoding=\"async\" src=\"https:\/\/211md.org\/wp-content\/uploads\/bb-plugin\/cache\/2025_MdInfoNet_Icon-Sets_Mental-Health-square-c59b38c4a993a947d4c9280fbe2d2fee-.png\" alt=\"\" itemprop=\"image\" onerror=\"this.style.display='none'\" loading=\"lazy\" \/>\n\t\t\t\t<\/a>\n\t\t<h4><a href=\"\/ht\/resous-yo\/mdreentry\/?utm_source=Home&#038;utm_medium=Referral&#038;utm_campaign=211Resources&#038;utm_content=Reentry\" target=\"_self\">Reantre<\/a><\/h4>\n\t\t\t\t<a href=\"\/ht\/resous-yo\/mdreentry\/?utm_source=Home&#038;utm_medium=Referral&#038;utm_campaign=211Resources&#038;utm_content=Reentry\"  target=\"_self\" itemprop=\"url\">\n\t\t\t\t<img decoding=\"async\" src=\"https:\/\/211md.org\/wp-content\/uploads\/bb-plugin\/cache\/2025_211_Icon-Sets_Reentry-square-8676fea38abd920a832f45642fe31cca-.png\" alt=\"Ik\u00f2n Reantre\" itemprop=\"image\" height=\"417\" width=\"417\" title=\"2025_211_Ansanm Ik\u00f2n_Reantre\" onerror=\"this.style.display='none'\" loading=\"lazy\" \/>\n\t\t\t\t<\/a>\n\t\t<h4><a href=\"\/ht\/resous-yo\/itilizasyon-sibstans\/?utm_source=Home&#038;utm_medium=Referral&#038;utm_campaign=211Resources&#038;utm_content=Substance\" target=\"_self\">Itilizasyon sibstans<\/a><\/h4>\n\t\t\t\t<a href=\"\/ht\/resous-yo\/itilizasyon-sibstans\/?utm_source=Home&#038;utm_medium=Referral&#038;utm_campaign=211Resources&#038;utm_content=Substance\"  target=\"_self\" itemprop=\"url\">\n\t\t\t\t<img decoding=\"async\" src=\"https:\/\/211md.org\/wp-content\/uploads\/bb-plugin\/cache\/2025_MdInfoNet_Icon-Sets_Substance-Abuse-square-9022fec9d18a64118ad685c101885b55-.png\" alt=\"\" itemprop=\"image\" onerror=\"this.style.display='none'\" loading=\"lazy\" \/>\n\t\t\t\t<\/a>\n\t\t<h4><a href=\"\/ht\/resous-yo\/veteran-yo\/?utm_source=Home&#038;utm_medium=Referral&#038;utm_campaign=211Resources&#038;utm_content=Veterans\" target=\"_self\">Veteran yo<\/a><\/h4>\n\t\t\t\t<a href=\"\/ht\/resous-yo\/veteran-yo\/?utm_source=Home&#038;utm_medium=Referral&#038;utm_campaign=211Resources&#038;utm_content=Veterans\"  target=\"_self\" itemprop=\"url\">\n\t\t\t\t<img decoding=\"async\" src=\"https:\/\/211md.org\/wp-content\/uploads\/bb-plugin\/cache\/2025_MdInfoNet_Icon-Sets_Rating-square-6e60d00cce4faa8e0a6d4ad7366aa733-.png\" alt=\"\" itemprop=\"image\" onerror=\"this.style.display='none'\" loading=\"lazy\" \/>\n\t\t\t\t<\/a>","protected":false},"excerpt":{"rendered":"<p>Tit Paj Defo Moun k ap ch\u00e8che travay nan Maryland ka jwenn \u00e8d gratis pou anplwa ak f\u00f2masyon pwofesyon\u00e8l nan men de \u00f2ganizasyon: American Job Centers \u2013 kote fizik Maryland Workforce Exchange (MWE) \u2013 sou ent\u00e8n\u00e8t s\u00e8lman Aprann kijan chak pwogram asistans pwofesyon\u00e8l gratis ka ede w, epi konekte. K\u00f2manse American Job Centers Moun k ap ch\u00e8che travay yo ka resevwa...<\/p>","protected":false},"author":8,"featured_media":1817,"parent":930,"menu_order":0,"comment_status":"closed","ping_status":"closed","template":"","meta":{"footnotes":""},"class_list":["post-924","page","type-page","status-publish","has-post-thumbnail","hentry"],"_links":{"self":[{"href":"https:\/\/211md.org\/ht\/wp-json\/wp\/v2\/pages\/924","targetHints":{"allow":["GET"]}}],"collection":[{"href":"https:\/\/211md.org\/ht\/wp-json\/wp\/v2\/pages"}],"about":[{"href":"https:\/\/211md.org\/ht\/wp-json\/wp\/v2\/types\/page"}],"author":[{"embeddable":true,"href":"https:\/\/211md.org\/ht\/wp-json\/wp\/v2\/users\/8"}],"replies":[{"embeddable":true,"href":"https:\/\/211md.org\/ht\/wp-json\/wp\/v2\/comments?post=924"}],"version-history":[{"count":9,"href":"https:\/\/211md.org\/ht\/wp-json\/wp\/v2\/pages\/924\/revisions"}],"predecessor-version":[{"id":34146,"href":"https:\/\/211md.org\/ht\/wp-json\/wp\/v2\/pages\/924\/revisions\/34146"}],"up":[{"embeddable":true,"href":"https:\/\/211md.org\/ht\/wp-json\/wp\/v2\/pages\/930"}],"wp:featuredmedia":[{"embeddable":true,"href":"https:\/\/211md.org\/ht\/wp-json\/wp\/v2\/media\/1817"}],"wp:attachment":[{"href":"https:\/\/211md.org\/ht\/wp-json\/wp\/v2\/media?parent=924"}],"curies":[{"name":"wp","href":"https:\/\/api.w.org\/{rel}","templated":true}]}}