{"id":926,"date":"2021-04-15T16:08:30","date_gmt":"2021-04-15T16:08:30","guid":{"rendered":"https:\/\/211md.org\/?page_id=926"},"modified":"2026-02-03T17:01:53","modified_gmt":"2026-02-03T22:01:53","slug":"abri-lojman","status":"publish","type":"page","link":"https:\/\/211md.org\/ht\/resources\/housing-shelter\/","title":{"rendered":"Jwenn abri ijans, sip\u00f2 pou moun ki san kay epi jwenn \u00e8d pou lojman"},"content":{"rendered":"<figure data-animation-delay=\"0\" data-animation-duration=\"1\" itemscope itemtype=\"https:\/\/schema.org\/ImageObject\">\n\t\t\t\t<img decoding=\"async\" src=\"https:\/\/stg-maryland211-staging.kinsta.cloud\/wp-content\/uploads\/2025\/08\/5-1-scaled.png\" alt=\"5\" height=\"692\" width=\"2560\" title=\"5\" onerror=\"this.style.display='none'\" loading=\"lazy\" \/>\n\t<\/figure>\n\t\t<p>There are many housing programs in Maryland communities that reduce the cost of rent, cover security deposits, prevent eviction, and provide emergency shelter.\u00a0<\/p>\n<p>Search the 211 Community Resource Database for low-income housing programs, which offer housing vouchers to eligible families, covering a portion of the rent each month. Local housing agencies run these programs. <\/p>\n<p>Or keep reading for other housing needs, including homelessness.<\/p>\n\t\t\t<a href=\"https:\/\/search.211md.org\/search?query=BH-7000.4600&#038;query_type=taxonomy&#038;query_label=&#038;utm_source=Housing%20&#038;utm_medium=Referral&#038;utm_campaign=AffordableSubsidized&#038;utm_content=&#038;utm_source=211&#038;utm_medium=Referral&#038;utm_campaign=Housing&#038;utm_content=subsidized\"  target=\"_blank\" rel=\"noopener\">\n\t\t\t\t\t\tSearch for subsidized housing\n\t\t\t\t\t<\/a>\n<figure data-animation-delay=\"0\" data-animation-duration=\"1\" itemscope itemtype=\"https:\/\/schema.org\/ImageObject\">\n\t\t\t\t<a href=\"https:\/\/search.211md.org\/search?query=BH-7000.4600&#038;query_type=taxonomy&#038;query_label=&#038;utm_source=Housing%20&#038;utm_medium=Referral&#038;utm_campaign=AffordableSubsidized&#038;utm_content=&#038;utm_source=211&#038;utm_medium=Referral&#038;utm_campaign=Housing&#038;utm_content=subsidized\"  target=\"_blank\" rel=\"noopener\"  itemprop=\"url\">\n\t\t\t\t<img decoding=\"async\" src=\"https:\/\/211md.org\/wp-content\/plugins\/bb-plugin\/img\/pixel.png\" alt=\"\" onerror=\"this.style.display='none'\" loading=\"lazy\" \/>\n\t\t\t\t<\/a>\n\t<\/figure>\n<figure data-animation-delay=\"0\" data-animation-duration=\"1.3\" itemscope itemtype=\"https:\/\/schema.org\/ImageObject\">\n\t\t\t\t<img decoding=\"async\" src=\"https:\/\/stg-maryland211-staging.kinsta.cloud\/wp-content\/uploads\/2025\/08\/16.png\" alt=\"16\" height=\"1000\" width=\"1000\" title=\"16\" onerror=\"this.style.display='none'\" loading=\"lazy\" \/>\n\t<\/figure>\n<figure data-animation-delay=\"0\" data-animation-duration=\"1\" itemscope itemtype=\"https:\/\/schema.org\/ImageObject\">\n\t\t\t\t<img decoding=\"async\" src=\"http:\/\/211md.org\/wp-content\/uploads\/2025\/09\/Homeless-Shelter-Beds.jpg\" alt=\"man lying on bed at homeless shelter\" title=\"Kabann pou moun ki san kay\" onerror=\"this.style.display='none'\" loading=\"lazy\" \/>\n\t<\/figure>\n\t<h2>Find A Homeless Shelter<\/h2>\n<p>If you or someone you know is experiencing homelessness or you have nowhere to go, a homeless shelter can provide a place to sleep. Motel vouchers are also an option, if needed.<\/p>\n<p>Support services may also be available to help you obtain other benefits at the shelter.<\/p>\n<p>The Coordinated Entry Programs below streamline the process for those needing homeless services, ensuring there is no wrong door to access help.<\/p>\n<p>Rech\u00e8ch komen sa yo nan Baz Done Resous Kominot\u00e8 211 la ap ede ou konekte ak resous lokal yo.<\/p>\n\t\t\t<a href=\"https:\/\/search.211md.org\/search?query=BH-1800.3500&#038;query_type=taxonomy&#038;query_label=&#038;utm_source=211&#038;utm_medium=Referral&#038;utm_campaign=Housing&#038;utm_content=Drop%20In\"  target=\"_blank\" rel=\"noopener\">\n\t\t\t\t\t\tSant Drop-In pou moun ki san kay\n\t\t\t\t\t<\/a>\n\t\t\t<a href=\"https:\/\/search.211md.org\/search?query=BH-1800.5000&#038;query_label=Homeless+Motel+Vouchers&#038;query_type=taxonomy&#038;utm_source=211&#038;utm_medium=Referral&#038;utm_campaign=Housing&#038;utm_content=Motel%20Vouchers\"  target=\"_blank\" rel=\"noopener\">\n\t\t\t\t\t\tBon Mot\u00e8l San kay\n\t\t\t\t\t<\/a>\n\t\t\t<a href=\"https:\/\/search.211md.org\/search?query=BH-0500.3200-310&#038;query_type=taxonomy&#038;query_label=&#038;utm_source=211&#038;utm_medium=Referral&#038;utm_campaign=Housing&#038;utm_content=Coordinated%20Entry\"  target=\"_blank\" rel=\"noopener\">\n\t\t\t\t\t\tAjans Kow\u00f2done Antre San kay\n\t\t\t\t\t<\/a>\n\t\t\t<a href=\"https:\/\/search.211md.org\/search?query=YV-3000&#038;query_label=Homeless+People&#038;query_type=taxonomy&#038;utm_source=211&#038;utm_medium=Referral&#038;utm_campaign=Housing&#038;utm_content=Homeless%20Resources\"  target=\"_blank\" rel=\"noopener\">\n\t\t\t\t\t\tResous pou Moun ki San Kay \n\t\t\t\t\t<\/a>\n\t\t\t<a href=\"https:\/\/search.211md.org\/search?query=BH-8600&#038;query_type=taxonomy&#038;query_label=&#038;utm_source=211&#038;utm_medium=Referral&#038;utm_campaign=Housing&#038;utm_content=Transitional\"  target=\"_blank\" rel=\"noopener\">\n\t\t\t\t\t\tLojman Tranzisyon\/Abri\n\t\t\t\t\t<\/a>\n\t<h2>Abri Ijans<\/h2>\n<p>If you are experiencing domestic violence, a weather emergency like extreme heat or cold, or need an emergency shelter, connect with help by choosing the resource you need.<\/p>\n\t\t\t<a href=\"https:\/\/search.211md.org\/search?query=BH-1800.8500-150&#038;query_type=taxonomy&#038;query_label=&#038;utm_source=211&#038;utm_medium=Referral&#038;utm_campaign=Housing&#038;utm_content=Emergency%20Shelter\"  target=\"_blank\" rel=\"noopener\">\n\t\t\t\t\t\tAbri Ijans\n\t\t\t\t\t<\/a>\n\t\t\t<a href=\"https:\/\/search.211md.org\/search?query=BH-1800.1500-100&#038;query_type=taxonomy&#038;query_label=&#038;utm_source=211&#038;utm_medium=Referral&#038;utm_campaign=Housing&#038;utm_content=Domestic%20Shelter\"  target=\"_blank\" rel=\"noopener\">\n\t\t\t\t\t\tAbri pou Vyolans Domestik\n\t\t\t\t\t<\/a>\n\t\t\t<a href=\"https:\/\/search.211md.org\/search?query=BH-1800.8500-185&#038;query_type=taxonomy&#038;query_label=&#038;utm_source=211&#038;utm_medium=Referral&#038;utm_campaign=Housing&#038;utm_content=Weather\"  target=\"_blank\" rel=\"noopener\">\n\t\t\t\t\t\tAbri pou move tan ekstr\u00e8m\n\t\t\t\t\t<\/a>\n\t\t<h2>Asistans pou Lwaye<\/h2>\n<p>Ou gen pwobl\u00e8m pou peye lwaye oubyen ou bezwen yon depo garanti? Evite yon ekspilsyon av\u00e8k pwogram asistans pou lwaye lokal yo.<\/p>\n<p>F\u00e8 rech\u00e8ch nan baz done Resous Kominot\u00e8 211 la. Chwazi yon opsyon anba a, epi sou paj rezilta a, antre yon k\u00f2d postal.<\/p>\n\t\t\t<a href=\"https:\/\/search.211md.org\/search?query=BH-3800.7000&#038;query_type=taxonomy&#038;query_label=&#038;&#038;utm_source=211&#038;utm_medium=Referral&#038;utm_campaign=Housing&#038;utm_content=Rental%20Payment\"  target=\"_blank\" rel=\"noopener\">\n\t\t\t\t\t\tJwenn \u00c8d pou Peye Lwaye \n\t\t\t\t\t<\/a>\n\t\t\t<a href=\"https:\/\/search.211md.org\/search?query=BH-3800.8000&#038;query_type=taxonomy&#038;query_label=&#038;utm_source=211&#038;utm_medium=Referral&#038;utm_campaign=Housing&#038;utm_content=Security%20Deposit\"  target=\"_blank\" rel=\"noopener\">\n\t\t\t\t\t\tJwenn \u00c8d pou Depo Sekirite pou Lokasyon \n\t\t\t\t\t<\/a>\n\t<h3>Maryland Housing Search<\/h3>\n<p>To find a specific property, get an understanding of the rent and its location, use <a href=\"https:\/\/www.mdhousingsearch.org\/index.html\" target=\"_blank\" rel=\"noopener\">Maryland Housing Search<\/a>.<\/p>\n<figure data-animation-delay=\"0\" data-animation-duration=\"1\" itemscope itemtype=\"https:\/\/schema.org\/ImageObject\">\n\t\t\t\t<img decoding=\"async\" src=\"http:\/\/211md.org\/wp-content\/uploads\/2022\/05\/City-of-Baltimore-Maryland-skyline.jpg\" alt=\"Baltimore Maryland orizon\" title=\"City-of-Baltimore,-Maryland-skyline\" onerror=\"this.style.display='none'\" loading=\"lazy\" \/>\n\t<\/figure>\n\t\t<h2>Housing Navigators nan vil Baltimore<\/h2>\n<p>Nan vil Baltimore, ou kapab jwenn \u00e8d nan men yon navigat\u00e8 lojman tou. Yo bay konsiltasyon gratis.<\/p>\n<p>Navigat\u00e8 lojman an ka ede ou konprann yon sitiyasyon lojman epi jwenn solisyon pou sip\u00f2te ou.<\/p>\n<p>Y ap idantifye resous a kout t\u00e8m epi kreye yon plan lojman endividy\u00e8l ki gen ladan estabilite lojman alont\u00e8m.<\/p>\n<p>Navigat\u00e8 yo disponib nan senk branch Bibliyot\u00e8k Pratt atrav\u00e8 yon pwogram ak Biwo S\u00e8vis pou Moun ki San Kay Majistra a (MOHS). Jwenn youn tou pre.<\/p>\n\t\t\t<a href=\"https:\/\/homeless.baltimorecity.gov\/housing-navigators-community\" target=\"_blank\" rel=\"noopener\">\n\t\t\t\t\t\tJwenn yon navigat\u00e8 lojman\n\t\t\t\t\t<\/a>\n\t<p>Gen plis \u00e8d disponib nan vil Baltimore. Li gid 211 la pou pwogram asistans nan Baltimore pou jwenn \u00e8d pou l\u00f2t bezwen tankou manje, depo garanti, \u00e8d finansye, ak plis ank\u00f2.<\/p>\n\t\t\t<a href=\"\/ht\/resous-pa-konte\/vil-baltimore\/?utm_source=211&#038;utm_medium=Referral&#038;utm_campaign=Housing&#038;utm_content=BC\"  target=\"_self\">\n\t\t\t\t\t\tGid 211 pou Pwogram Baltimore yo\n\t\t\t\t\t<\/a>\n\t<h3><b>Asistans ipot\u00e8k ak sezi<\/b><\/h3>\n<p>Anreta sou peman ipot\u00e8k ou yo? Gen resous kominot\u00e8 ki disponib pou sove kay ou a anba sezisman.<\/p>\n<p>Gen \u00e8d disponib tou si pwopriyet\u00e8 kay w ap lwe a ap f\u00e8 fas ak pwobl\u00e8m sezisman.<\/p>\n<h3>Jwenn Resous Kominot\u00e8 yo<\/h3>\n\t\t\t<a href=\"https:\/\/search.211md.org\/search?query=BH-3800.6500&#038;query_type=taxonomy&#038;query_label=&#038;utm_source=Housing%20&#038;utm_medium=Referral&#038;utm_campaign=PropertyTax&#038;utm_content=\" target=\"_blank\" rel=\"noopener\">\n\t\t\t\t\t\tAsistans pou Taks sou Pwopriyete\n\t\t\t\t\t<\/a>\n\t\t\t<a href=\"https:\/\/search.211md.org\/search?query=BH-1800.5000&#038;query_label=Homeless+Motel+Vouchers&#038;query_type=taxonomy&#038;utm_source=211&#038;utm_medium=Referral&#038;utm_campaign=Housing&#038;utm_content=Homeless%20Motel\" target=\"_blank\" rel=\"noopener\">\n\t\t\t\t\t\tBon Mot\u00e8l San kay\n\t\t\t\t\t<\/a>\n\t\t\t<a href=\"https:\/\/search.211md.org\/search?query=DM-1800.8500&#038;query_type=taxonomy&#038;query_label=&#038;utm_source=211&#038;utm_medium=Referral&#038;utm_campaign=Housing&#038;utm_content=Tax%20Foreclosure\" target=\"_blank\" rel=\"noopener\">\n\t\t\t\t\t\tAsistans pou sezi taks\n\t\t\t\t\t<\/a>\n\t<h3>Kontinye Aprann<\/h3>\n<p>Gid 211 la sou pwosesis sezi kay la ap gide pwopriyet\u00e8 kay yo nan opsyon yo genyen, tankou plan peman, modifikasyon, ak plis ank\u00f2. Li diskite tou kijan yon konseye lojman ka ede ak fason ki pi rapid pou kontakte youn.<\/p>\n\t\t\t<a href=\"\/ht\/resous-yo\/abri-lojman\/sezi-ipotek\/?utm_source=211&#038;utm_medium=Referral&#038;utm_campaign=Housing&#038;utm_content=Foreclosure\"  target=\"_self\">\n\t\t\t\t\t\tGid 211 pou sezi kay la\n\t\t\t\t\t<\/a>\n\t\t<figure itemscope itemtype=\"https:\/\/schema.org\/ImageObject\">\n\t\t\t\t<a href=\"https:\/\/search.211md.org\/\" target=\"_blank\" rel=\"noopener\" itemprop=\"url\">\n\t\t\t\t<img decoding=\"async\" src=\"https:\/\/stg-maryland211-staging.kinsta.cloud\/wp-content\/uploads\/2025\/08\/2025_MdInfoNet_Icon-Sets-white_Locate.png\" alt=\"\" onerror=\"this.style.display='none'\" loading=\"lazy\" \/>\n\t\t\t\t<\/a>\n\t<\/figure>\n<h2><a href=\"https:\/\/search.211md.org\/\" target=\"_blank\" rel=\"noopener\">Jwenn Resous Lojman<\/a><\/h2><p>There are over 700 housing resources, including shelters, subsidized housing, home maintenance programs, and more. Start searching now, by typing in your need into the 211 Community Resource Database.<\/p>\n\t\t\t<a href=\"https:\/\/search.211md.org\/\" target=\"_blank\" rel=\"noopener\">\n\t\t\t\t\t\t\tCh\u00e8che Kounye a\n\t\t\t<\/a>\n<h2>\n\t\t\tEnf\u00f2masyon ki gen rap\u00f2\t<\/h2>\n\t\t<h4><a href=\"\/ht\/resous-yo\/aje-andikap\/?utm_source=Home&#038;utm_medium=Referral&#038;utm_campaign=211Resources&#038;utm_content=Aging\" target=\"_self\">Aje ak Andikap<\/a><\/h4><figure itemscope itemtype=\"https:\/\/schema.org\/ImageObject\">\n\t\t\t\t<a href=\"\/ht\/resous-yo\/aje-andikap\/?utm_source=Home&#038;utm_medium=Referral&#038;utm_campaign=211Resources&#038;utm_content=Aging\"  target=\"_self\" itemprop=\"url\">\n\t\t\t\t<img decoding=\"async\" src=\"https:\/\/211md.org\/wp-content\/uploads\/bb-plugin\/cache\/2025_MdInfoNet_Icon-Sets_Aging-disability-square-c466727102cae71e5f27b8539bb51945-.png\" alt=\"\" onerror=\"this.style.display='none'\" loading=\"lazy\" \/>\n\t\t\t\t<\/a>\n\t<\/figure>\n\t\t<h4><a href=\"\/ht\/resous-yo\/timoun-fanmi-yo\/?utm_source=Home&#038;utm_medium=Referral&#038;utm_campaign=211Resources&#038;utm_content=Children\" target=\"_self\">Timoun ak Fanmi<\/a><\/h4><figure itemscope itemtype=\"https:\/\/schema.org\/ImageObject\">\n\t\t\t\t<a href=\"\/ht\/resous-yo\/timoun-fanmi-yo\/?utm_source=Home&#038;utm_medium=Referral&#038;utm_campaign=211Resources&#038;utm_content=Children\"  target=\"_self\" itemprop=\"url\">\n\t\t\t\t<img decoding=\"async\" src=\"https:\/\/211md.org\/wp-content\/uploads\/bb-plugin\/cache\/2025_211_Icon-Sets_Child-care-square-f3b0d4edab3dcc467fadb5f55f4064c6-.png\" alt=\"parent and child icon for child care\" height=\"417\" width=\"417\" title=\"2025_211_Ansanm Ik\u00f2n_Swen Timoun\" onerror=\"this.style.display='none'\" loading=\"lazy\" \/>\n\t\t\t\t<\/a>\n\t<\/figure>\n\t\t<h4><a href=\"\/ht\/resous-yo\/vyolans-familyal-domestik\/?utm_source=Home&#038;utm_medium=Referral&#038;utm_campaign=211Resources&#038;utm_content=Domestic\" target=\"_self\">Vyolans domestik<\/a><\/h4><figure itemscope itemtype=\"https:\/\/schema.org\/ImageObject\">\n\t\t\t\t<a href=\"\/ht\/resous-yo\/vyolans-familyal-domestik\/?utm_source=Home&#038;utm_medium=Referral&#038;utm_campaign=211Resources&#038;utm_content=Domestic\"  target=\"_self\" itemprop=\"url\">\n\t\t\t\t<img decoding=\"async\" src=\"https:\/\/211md.org\/wp-content\/uploads\/bb-plugin\/cache\/2025_211_Icon-Sets_Domestic-Violence-square-7b597694a6f05fe90cdc376aa573bc63-.png\" alt=\"House with a heart in the middle icon\" height=\"417\" width=\"417\" title=\"2025_211_Ansanm Ik\u00f2n_Vyolans Domestik\" onerror=\"this.style.display='none'\" loading=\"lazy\" \/>\n\t\t\t\t<\/a>\n\t<\/figure>\n\t\t<h4><a href=\"\/ht\/resous-yo\/rechech-travay\/?utm_source=Home&#038;utm_medium=Referral&#038;utm_campaign=211Resources&#038;utm_content=Employment\" target=\"_self\">Travay<\/a><\/h4><figure itemscope itemtype=\"https:\/\/schema.org\/ImageObject\">\n\t\t\t\t<a href=\"\/ht\/resous-yo\/rechech-travay\/?utm_source=Home&#038;utm_medium=Referral&#038;utm_campaign=211Resources&#038;utm_content=Employment\"  target=\"_self\" itemprop=\"url\">\n\t\t\t\t<img decoding=\"async\" src=\"https:\/\/211md.org\/wp-content\/uploads\/bb-plugin\/cache\/2025_MdInfoNet_Icon-Sets_Employment-square-44707bd410e4df10a470bf130ebcea86-.png\" alt=\"\" onerror=\"this.style.display='none'\" loading=\"lazy\" \/>\n\t\t\t\t<\/a>\n\t<\/figure>\n\t\t<h4><a href=\"\/ht\/resous-yo\/swen-sante\/?utm_source=Home&#038;utm_medium=Referral&#038;utm_campaign=211Resources&#038;utm_content=Health%20Care\" target=\"_self\">Swen Sante<\/a><\/h4><figure itemscope itemtype=\"https:\/\/schema.org\/ImageObject\">\n\t\t\t\t<a href=\"\/ht\/resous-yo\/swen-sante\/?utm_source=Home&#038;utm_medium=Referral&#038;utm_campaign=211Resources&#038;utm_content=Health%20Care\"  target=\"_self\" itemprop=\"url\">\n\t\t\t\t<img decoding=\"async\" src=\"https:\/\/211md.org\/wp-content\/uploads\/bb-plugin\/cache\/2025_MdInfoNet_Icon-Sets_Health-Care-square-dee98a0060cbe0e7f27eda253fc12679-.png\" alt=\"\" onerror=\"this.style.display='none'\" loading=\"lazy\" \/>\n\t\t\t\t<\/a>\n\t<\/figure>\n\t\t<h4><a href=\"\/ht\/resous-yo\/timoun-fanmi-yo\/swen-fanmi\/?utm_source=Home&#038;utm_medium=Referral&#038;utm_campaign=211Resources&#038;utm_content=Kinship\" target=\"_self\">Parente<\/a><\/h4><figure itemscope itemtype=\"https:\/\/schema.org\/ImageObject\">\n\t\t\t\t<a href=\"\/ht\/resous-yo\/timoun-fanmi-yo\/swen-fanmi\/?utm_source=Home&#038;utm_medium=Referral&#038;utm_campaign=211Resources&#038;utm_content=Kinship\"  target=\"_self\" itemprop=\"url\">\n\t\t\t\t<img decoding=\"async\" src=\"https:\/\/211md.org\/wp-content\/uploads\/bb-plugin\/cache\/2025_211_Icon-Sets_Kinship-square-45bdf872866f5735f842c32071109267-.png\" alt=\"Ik\u00f2n fanmi\" height=\"417\" width=\"417\" title=\"2025_211_Ansanm Ik\u00f2n_Fanmitay\" onerror=\"this.style.display='none'\" loading=\"lazy\" \/>\n\t\t\t\t<\/a>\n\t<\/figure>\n\t\t<h4><a href=\"\/ht\/resous-yo\/sevis-legal-yo\/?utm_source=Home&#038;utm_medium=Referral&#038;utm_campaign=211Resources&#038;utm_content=Legal\" target=\"_self\">S\u00e8vis Legal<\/a><\/h4><figure itemscope itemtype=\"https:\/\/schema.org\/ImageObject\">\n\t\t\t\t<a href=\"\/ht\/resous-yo\/sevis-legal-yo\/?utm_source=Home&#038;utm_medium=Referral&#038;utm_campaign=211Resources&#038;utm_content=Legal\"  target=\"_self\" itemprop=\"url\">\n\t\t\t\t<img decoding=\"async\" src=\"https:\/\/211md.org\/wp-content\/uploads\/bb-plugin\/cache\/2025_MdInfoNet_Icon-Sets_Legal-square-18fdf438feb8435588174d9046463257-.png\" alt=\"\" onerror=\"this.style.display='none'\" loading=\"lazy\" \/>\n\t\t\t\t<\/a>\n\t<\/figure>\n\t\t<h4><a href=\"\/ht\/resous-yo\/sante-mantal\/?utm_source=Home&#038;utm_medium=Referral&#038;utm_campaign=211Resources&#038;utm_content=Mental\" target=\"_self\">Sante mantal<\/a><\/h4><figure itemscope itemtype=\"https:\/\/schema.org\/ImageObject\">\n\t\t\t\t<a href=\"\/ht\/resous-yo\/sante-mantal\/?utm_source=Home&#038;utm_medium=Referral&#038;utm_campaign=211Resources&#038;utm_content=Mental\"  target=\"_self\" itemprop=\"url\">\n\t\t\t\t<img decoding=\"async\" src=\"https:\/\/211md.org\/wp-content\/uploads\/bb-plugin\/cache\/2025_MdInfoNet_Icon-Sets_Mental-Health-square-c59b38c4a993a947d4c9280fbe2d2fee-.png\" alt=\"\" onerror=\"this.style.display='none'\" loading=\"lazy\" \/>\n\t\t\t\t<\/a>\n\t<\/figure>\n\t\t<h4><a href=\"\/ht\/resous-yo\/mdreentry\/?utm_source=Home&#038;utm_medium=Referral&#038;utm_campaign=211Resources&#038;utm_content=Reentry\" target=\"_self\">Reantre<\/a><\/h4><figure itemscope itemtype=\"https:\/\/schema.org\/ImageObject\">\n\t\t\t\t<a href=\"\/ht\/resous-yo\/mdreentry\/?utm_source=Home&#038;utm_medium=Referral&#038;utm_campaign=211Resources&#038;utm_content=Reentry\"  target=\"_self\" itemprop=\"url\">\n\t\t\t\t<img decoding=\"async\" src=\"https:\/\/211md.org\/wp-content\/uploads\/bb-plugin\/cache\/2025_211_Icon-Sets_Reentry-square-8676fea38abd920a832f45642fe31cca-.png\" alt=\"Ik\u00f2n Reantre\" height=\"417\" width=\"417\" title=\"2025_211_Ansanm Ik\u00f2n_Reantre\" onerror=\"this.style.display='none'\" loading=\"lazy\" \/>\n\t\t\t\t<\/a>\n\t<\/figure>\n\t\t<h4><a href=\"\/ht\/resous-yo\/itilizasyon-sibstans\/?utm_source=Home&#038;utm_medium=Referral&#038;utm_campaign=211Resources&#038;utm_content=Substance\" target=\"_self\">Itilizasyon sibstans<\/a><\/h4><figure itemscope itemtype=\"https:\/\/schema.org\/ImageObject\">\n\t\t\t\t<a href=\"\/ht\/resous-yo\/itilizasyon-sibstans\/?utm_source=Home&#038;utm_medium=Referral&#038;utm_campaign=211Resources&#038;utm_content=Substance\"  target=\"_self\" itemprop=\"url\">\n\t\t\t\t<img decoding=\"async\" src=\"https:\/\/211md.org\/wp-content\/uploads\/bb-plugin\/cache\/2025_MdInfoNet_Icon-Sets_Substance-Abuse-square-4f414f085e657267739c181957754f48-.png\" alt=\"Pills for substance Use icon\" title=\"2025_MdInfoNet_Icon-Sets_Substance-Abuse\" onerror=\"this.style.display='none'\" loading=\"lazy\" \/>\n\t\t\t\t<\/a>\n\t<\/figure>\n\t\t<h4><a href=\"\/ht\/resous-yo\/veteran-yo\/?utm_source=Home&#038;utm_medium=Referral&#038;utm_campaign=211Resources&#038;utm_content=Veterans\" target=\"_self\">Veteran yo<\/a><\/h4><figure itemscope itemtype=\"https:\/\/schema.org\/ImageObject\">\n\t\t\t\t<a href=\"\/ht\/resous-yo\/veteran-yo\/?utm_source=Home&#038;utm_medium=Referral&#038;utm_campaign=211Resources&#038;utm_content=Veterans\"  target=\"_self\" itemprop=\"url\">\n\t\t\t\t<img decoding=\"async\" src=\"https:\/\/211md.org\/wp-content\/uploads\/bb-plugin\/cache\/2025_MdInfoNet_Icon-Sets_Rating-square-6e60d00cce4faa8e0a6d4ad7366aa733-.png\" alt=\"\" onerror=\"this.style.display='none'\" loading=\"lazy\" \/>\n\t\t\t\t<\/a>\n\t<\/figure>","protected":false},"excerpt":{"rendered":"<p>There are many housing programs in Maryland communities that reduce the cost of rent, cover security deposits, prevent eviction, and provide emergency shelter.\u00a0 Search the 211 Community Resource Database for low-income housing programs, which offer housing vouchers to eligible families, covering a portion of the rent each month. Local housing agencies run these programs. Or&hellip;<\/p>","protected":false},"author":8,"featured_media":33784,"parent":930,"menu_order":0,"comment_status":"closed","ping_status":"closed","template":"","meta":{"footnotes":""},"class_list":["post-926","page","type-page","status-publish","has-post-thumbnail","hentry"],"_links":{"self":[{"href":"https:\/\/211md.org\/ht\/wp-json\/wp\/v2\/pages\/926","targetHints":{"allow":["GET"]}}],"collection":[{"href":"https:\/\/211md.org\/ht\/wp-json\/wp\/v2\/pages"}],"about":[{"href":"https:\/\/211md.org\/ht\/wp-json\/wp\/v2\/types\/page"}],"author":[{"embeddable":true,"href":"https:\/\/211md.org\/ht\/wp-json\/wp\/v2\/users\/8"}],"replies":[{"embeddable":true,"href":"https:\/\/211md.org\/ht\/wp-json\/wp\/v2\/comments?post=926"}],"version-history":[{"count":11,"href":"https:\/\/211md.org\/ht\/wp-json\/wp\/v2\/pages\/926\/revisions"}],"predecessor-version":[{"id":34245,"href":"https:\/\/211md.org\/ht\/wp-json\/wp\/v2\/pages\/926\/revisions\/34245"}],"up":[{"embeddable":true,"href":"https:\/\/211md.org\/ht\/wp-json\/wp\/v2\/pages\/930"}],"wp:featuredmedia":[{"embeddable":true,"href":"https:\/\/211md.org\/ht\/wp-json\/wp\/v2\/media\/33784"}],"wp:attachment":[{"href":"https:\/\/211md.org\/ht\/wp-json\/wp\/v2\/media?parent=926"}],"curies":[{"name":"wp","href":"https:\/\/api.w.org\/{rel}","templated":true}]}}