{"id":928,"date":"2021-04-15T16:49:22","date_gmt":"2021-04-15T16:49:22","guid":{"rendered":"https:\/\/211md.org\/?page_id=928"},"modified":"2025-09-02T12:08:28","modified_gmt":"2025-09-02T16:08:28","slug":"sevis-legal-yo","status":"publish","type":"page","link":"https:\/\/211md.org\/ht\/resources\/legal-services\/","title":{"rendered":"S\u00e8vis Legal"},"content":{"rendered":"<img decoding=\"async\" src=\"http:\/\/211md.org\/wp-content\/uploads\/2024\/12\/Legal-handshake.jpg\" alt=\"Lanmen legal\" itemprop=\"image\" title=\"Lanmen legal\" onerror=\"this.style.display='none'\" loading=\"lazy\" \/>\n\t<p>\u00c8ske w gen yon pwobl\u00e8m legal? Pandan ke li ka sanble akablan, gen \u00e8d legal gratis ak pri ki ba ak resous ki disponib pou Marylanders.<\/p>\n<p>Mid-Shore Pro Bono, ki s\u00e8vi Eastern Shore, rap\u00f2te ke 80% nan tout moun ki bezwen \u00e8d legal ak yon zaf\u00e8 sivil nan Maryland pa kapab peye li.<\/p>\n<h2>Jwenn Sip\u00f2 Legal<\/h2>\n<p>211 ka konekte w ak \u00e8d legal gratis oswa a bon mache nan men ajans tankou Mid-Shore Pro Bono ak l\u00f2t moun.<\/p>\n<p>Rele 2-1-1. Pou yon ka legal espesifik, ou ka ch\u00e8che resous sa yo tou nan baz done 211 la:<\/p>\n<ul>\n<li><a href=\"https:\/\/search.211md.org\/search?query=FT-1020&amp;query_type=taxonomy&amp;query_label=&amp;query_language=en\" target=\"_blank\" rel=\"noopener\">S\u00e8tifika\/F\u00f2m Asistans<\/a><\/li>\n<li><a href=\"https:\/\/search.211md.org\/search?query=FT-3000.1600&amp;query_type=taxonomy&amp;query_label=&amp;query_language=en\" target=\"_blank\" rel=\"noopener\">Asistans\/Aplikasyon pou Sip\u00f2 pou Timoun<\/a><\/li>\n<li><a href=\"https:\/\/search.211md.org\/search?query=FT-3600&amp;query_type=taxonomy&amp;query_label=&amp;query_language=en\" target=\"_blank\" rel=\"noopener\">S\u00e8vis Legal Imigrasyon\/Natiralizasyon<\/a><\/li>\n<li><a href=\"https:\/\/search.211md.org\/search?query=FT-3000.1640&amp;query_type=taxonomy&amp;query_label=&amp;query_language=en\" target=\"_blank\" rel=\"noopener\">S\u00e8vis Dwa Fanmi<\/a><\/li>\n<li><a href=\"https:\/\/search.211md.org\/search?query=FT-3200&amp;query_type=taxonomy&amp;query_label=&amp;query_language=en\" target=\"_blank\" rel=\"noopener\">\u00c8d Legal Jeneral<\/a><\/li>\n<li><a href=\"https:\/\/search.211md.org\/search?query=FT-4500&amp;query_type=taxonomy&amp;query_label=&amp;query_language=en\" target=\"_blank\" rel=\"noopener\">Asistans Pwopriyet\u00e8\/Lokat\u00e8<\/a><\/li>\n<\/ul>\n<p><a href=\"https:\/\/peoples-law.org\/directory\" target=\"_blank\" rel=\"noopener\">Bibliyot\u00e8k Lwa P\u00e8p la nan Maryland<\/a> tou gen yon lis s\u00e8vis legal ki pa koute ch\u00e8 oswa gratis ke ou ka klase pa mo kle, konte, ak kategori.<\/p>\n<p>Gen \u00e8d legal ki disponib nan men gwoup Pro Bono, s\u00e8vis medyasyon kominot\u00e8, \u00e8d konsomat\u00e8 nan men Pwokir\u00e8 Jeneral la ak \u00e8d gratis nan Maryland Court Help Center.<\/p>\n\t<h2>\u00c8d Legal gratis (Pro Bono)<\/h2>\n<p>\u00c8d legal pro bono vle di avoka a bay s\u00e8vis la san fr\u00e8. Nan pif\u00f2 ka yo, \u00e8d legal gratis la kouvri ka sivil s\u00e8lman. Pandan ke k\u00e8k nan gwoup legal volont\u00e8 yo s\u00e8vi Marylanders nan tout eta a, gen k\u00e8k limit jewografik nan k\u00e8k ka.<\/p>\n<ul>\n<li><strong>S\u00e8vis Avoka Volont\u00e8 Maryland (MVLS)<\/strong><br \/>\nBay asistans Pro Bono nan s\u00e8ten konte atrav\u00e8 eta a. Moun ki rete Maryland yo jwenn yon avoka volont\u00e8, yon Kontab Piblik S\u00e8tifye (CPA) oswa yon ajan ki anrejistre.<\/li>\n<li><strong>\u00c8d Legal Maryland<\/strong><br \/>\nYo ede plis pase 105,000 moun chak ane av\u00e8k klinik ak biwo gratis nan plizy\u00e8 konte Maryland.<\/li>\n<li><strong>Mid-Shore Pro Bono<\/strong><br \/>\nBay asistans legal sou Eastern Shore atrav\u00e8 yon rezo avoka volont\u00e8.<\/li>\n<\/ul>\n<p>Si ou bezwen \u00e8d pou jwenn yon gwoup pro bono nan konte ou a, rele 211 pou konekte epi jwenn \u00e8d. Ou ka aprann plis bagay sou chak gwoup nan seksyon detaye ki anba yo.<\/p>\n<h3>S\u00e8vis Avoka Volont\u00e8 Maryland (MVLS)<\/h3>\n<p>Sou &quot;<a href=\"\/ht\/podcast\/podcast-episode-6-mvls\/\" rel=\"noopener\">Ki sa ki nan podcast 211\u2033 la<\/a>, MVLS te pale sou fason yo ede yo ak sou fason l\u00e8 yon avoka reprezante ou ka chanje rezilta yon ka.<\/p>\n<p>Av\u00e8k yon rezo ki gen plis pase 2,600 avoka volont\u00e8, MVLS gen eksp\u00e8 ki ka ede nan zaf\u00e8 sivil sa yo, tankou:<\/p>\n<ul>\n<li aria-level=\"1\">Konfli lwa fanmi<\/li>\n<li aria-level=\"1\">Lojman ak ka konsomat\u00e8 yo<\/li>\n<li aria-level=\"1\">Planifikasyon ak administrasyon byen imobilye<\/li>\n<li aria-level=\"1\">Soulajman dosye krimin\u00e8l<\/li>\n<li aria-level=\"1\">Pwobl\u00e8m taks sou revni<\/li>\n<\/ul>\n<p>Gade yon\u00a0<a href=\"https:\/\/mvlslaw.org\/program-descriptions\/\" target=\"_blank\" rel=\"noopener\">lis konpl\u00e8 ka MVLS aksepte<\/a><strong>.\u00a0<\/strong><\/p>\n<p>MVLS bay reprezantasyon konpl\u00e8 pou avoka a ap av\u00e8k ou pandan tout ka tribinal ou a.<\/p>\n<h4>Jwenn \u00e8d nan men MVLS Pro Bono<\/h4>\n<p>\u00c8d legal MVLS Pro Bono disponib pou moun ki nan Maryland ki satisf\u00e8 revni, kalite ka ak direktiv jeyografik yo.<\/p>\n<p>MVLS aksepte nenp\u00f2t moun ki gen yon revni kay brit ki pa depase 50% revni medya Maryland. Gid sou revni yo ka varye.\u00a0<a href=\"https:\/\/mvlslaw.org\/get-legal-help\/do-i-qualify\/\" target=\"_blank\" rel=\"noopener\">Gade si w kalifye<\/a>.<\/p>\n<p>\u00d2ganizasyon san bi likratif la pa bay s\u00e8vis nan konte Montgomery, Prince George&#039;s, Allegany, Queen Anne&#039;s, Talbot, Dorchester, Kent ak Caroline. Gen l\u00f2t ajans Pro Bono nan z\u00f2n sa yo ke 211 ka mete w an kontak av\u00e8k yo, tankou Mid-Shore Pro Bono.<\/p>\n<p>Ou kapab\u00a0<a href=\"https:\/\/mdoi.legalserver.org\/modules\/matter\/extern_intake.php?pid=126&amp;h=305b29\" target=\"_blank\" rel=\"noopener\">k\u00f2manse yon aplikasyon sou ent\u00e8n\u00e8t<\/a>. W ap bezwen bay enf\u00f2masyon sou revni pou tout moun nan kay la, val\u00e8 kay ou a (si sa aplikab), val\u00e8 machin ou (si sa aplikab), ak kantite lajan ki nan kont ch\u00e8k, kont epay oswa envestisman ou.<\/p>\n<p>Ou ka rele MVLS tou dir\u00e8kteman nan 1-800-510-0050 oswa 410-547-6537 nan Baltimore.<\/p>\n\t\t\t\t<img decoding=\"async\" src=\"http:\/\/211md.org\/wp-content\/uploads\/2025\/06\/Lawyer-providing-advice-at-courthouse.jpg\" alt=\"Avoka k ap bay kons\u00e8y nan tribinal la\" itemprop=\"image\" title=\"Avoka k ap bay kons\u00e8y nan tribinal la\" onerror=\"this.style.display='none'\" loading=\"lazy\" \/>\n<h3>\u00c8d Legal Maryland (MLA)<\/h3>\n<p>MLA ofri \u00e8d nan tout eta a tou pou moun ak kominote ki gen ti revni ak moun ki majinalize yo. \u00d2ganizasyon an travay ak anplwaye MLA ak avoka Pro Bono pou reprezante kliyan yo.<\/p>\n<p>\u00c8d Legal ka ofri reprezantasyon legal gratis pou bagay sa yo\u00a0<a href=\"https:\/\/www.mdlab.org\/get-help-services\/\" target=\"_blank\" rel=\"noopener\">ka legal sivil yo<\/a>:<\/p>\n<ul>\n<li aria-level=\"1\">Lojman<\/li>\n<li aria-level=\"1\">Konsomat\u00e8\/pwobl\u00e8m finansye<\/li>\n<li aria-level=\"1\">Lwa fanmi<\/li>\n<li aria-level=\"1\">Travay<\/li>\n<li aria-level=\"1\">Swen sante<\/li>\n<li aria-level=\"1\">Benefis piblik<\/li>\n<\/ul>\nAnplis de sa, k\u00e8k biwo gen kontra espesyal pou ede nan ka sa yo:\n<ul>\n<li aria-level=\"1\">Timoun ki abize ak neglije<\/li>\n<li aria-level=\"1\">Kliyan ki f\u00e8 fas ak pwobl\u00e8m legal ki soti nan yon dyagnostik VIH\/SIDA<\/li>\n<li aria-level=\"1\">Travay\u00e8 agrik\u00f2l migran yo<\/li>\n<li aria-level=\"1\">Pwopriyet\u00e8 kay ki an danje pou yo p\u00e8di kay yo akoz sezi<\/li>\n<\/ul>\n<p>\u00c8d Legal Maryland ap kontinye <a href=\"https:\/\/www.mdlab.org\/free-legal-clinics\/\" target=\"_blank\" rel=\"noopener\">klinik legal gratis<\/a> ak biwo nan konte yo s\u00e8vi yo: Anne Arundel, Howard, Allegany, Garrett, Baltimore City, Baltimore County, Cecil, Hartford, Howard County, Lower Eastern Shore, Midwestern Maryland, Montgomery County, Prince George&#039;s, Southern Maryland, ak Upper Eastern Shore.<\/p>\n<p>MLA suiv Gid Federal sou Revni Povrete.\u00a0<a href=\"https:\/\/mdlaboi.legalserver.org\/modules\/matter\/extern_intake.php?pid=129&amp;h=daa817&amp;\" target=\"_blank\" rel=\"noopener\">Aplike sou ent\u00e8n\u00e8t<\/a>.<\/p>\n\t<h3>Mid-Shore Pro Bono<\/h3>\n<p>Sou Eastern Shore, ou ka jwenn \u00e8d ak yon kantite ka tankou sezi, ti reklamasyon, testaman, pouvwa pwokirasyon, diskisyon pwopriyet\u00e8-lokat\u00e8, fayit, diskisyon kontra, d\u00e8t konsomat\u00e8 ak plis ank\u00f2. <a href=\"https:\/\/midshoreprobono.org\/\" target=\"_blank\" rel=\"noopener\">Mid-Shore Pro Bono<\/a>.<\/p>\n<p>Yo pa pran ka ki gen rap\u00f2 ak vyolans domestik, pansyon alimant\u00e8 pou timoun, ka krimin\u00e8l, ka trafik, l\u00f2d pwoteksyon\/l\u00f2d lap\u00e8, ak ap\u00e8l.<\/p>\n<p>Yo s\u00e8vi Cecil, Kent, Queen Anne&#039;s, Talbot, Caroline, Dorchester, Worcester, Somerset ak Wicomico.<\/p>\n<p><a href=\"https:\/\/www.legal-trak.com\/CaseManagement\/OnlineInTake\/OnlineInTake\/2?skipPayment=true\" target=\"_blank\" rel=\"noopener\">K\u00f2manse ak Mid-Shore Pro Bono<\/a>.<\/p>\n\t<h2>Pwoteje Timoun ki Viktim Abi<\/h2>\n<p>Si yon timoun te sibi abi oswa vyolans domestik, Jistis pou Timoun ka ofri \u00e8d bay timoun nan ak paran pwoteksyon li ki pa delenkan an.<\/p>\n<p><a href=\"https:\/\/child-justice.org\/\" target=\"_blank\" rel=\"noopener\">Jistis pou Timoun<\/a> ede nan ka dokimante abi sou timoun, neglijans, oswa l\u00e8 yon timoun ekspoze a vyolans ent\u00e8p\u00e8son\u00e8l. Yo ka bay enf\u00f2masyon ak s\u00e8vis referans, kons\u00e8y kout, konsiltasyon, asistans teknik pou avoka, plasman pro bono oswa reprezantasyon nan l\u00f2d pwoteksyon, dwa fanmi, ak l\u00f2t ka ki gen rap\u00f2.<\/p>\n<p>Ou kapab <a href=\"https:\/\/child-justice.org\/work\/request-help\/\" target=\"_blank\" rel=\"noopener\">ranpli f\u00f2m admisyon yo a<\/a> pou yo evalye yon ka. Ak\u00f2z kapasite limite, yo pa ka pran tout ka ki merite yo.<\/p>\n\t\t\t\t<img decoding=\"async\" src=\"http:\/\/211md.org\/wp-content\/uploads\/2025\/06\/Loving-mom-hugging-son.jpg\" alt=\"Manman ki renmen anpil k ap anbrase pitit gason l lan\" itemprop=\"image\" title=\"Manman ki renmen anpil k ap anbrase pitit gason l lan\" onerror=\"this.style.display='none'\" loading=\"lazy\" \/>\n<h2><b>Sant \u00c8d Tribinal Maryland<\/b><\/h2>\n<p>Si w ap reprezante t\u00e8t ou nan yon tribinal distri oswa fanmi, jwenn repons pou kesyon ak resous nan men la <a href=\"https:\/\/mdcourts.gov\/helpcenter\/\" target=\"_blank\" rel=\"noopener\">Sant \u00c8d Tribinal yo<\/a>. Yo bay s\u00e8vis legal gratis limite pou moun ki pa reprezante pa yon avoka. Ou p ap jwenn reprezantasyon tribinal.<\/p>\n<p>Ou ka jwenn \u00e8d ak elimine, <a href=\"https:\/\/211md.org\/ht\/resous-yo\/sevis-legal-yo\/dwa-lokate-yo\/\">pwobl\u00e8m pwopriyet\u00e8\/lokat\u00e8<\/a>, ti ak gwo reklamasyon, pwobl\u00e8m konsomat\u00e8 tankou koleksyon d\u00e8t oswa reprann machin, retounen nan pwopriyete ak vyolans domestik\/l\u00f2d lap\u00e8.<\/p>\n<p>Jwenn yon\u00a0<a href=\"https:\/\/mdcourts.gov\/html\/selfhelpcenters\/map.html\" target=\"_blank\" rel=\"noopener\">Sant \u00c8d Tribinal<\/a>\u00a0toupre w oswa rele 410-260-1392.<\/p>\n<h3>Resous Legal<\/h3>\n<p>Ou ka jwenn \u00e8d legal tou nan men la\u00a0<a href=\"https:\/\/probonomd.org\/for-legal-help\/\" target=\"_blank\" rel=\"noopener\">Sant Resous Pro Bono nan Maryland<\/a>. Ank\u00f2, yo p ap bay avoka pou ka yo. Ou ka ale nan yon klinik pou \u00e8d sou yon pwobl\u00e8m espesifik, menm si.<\/p>\n<p>La<a href=\"https:\/\/peoples-law.org\/\" target=\"_blank\" rel=\"noopener\">\u00a0Bibliyot\u00e8k Lwa P\u00e8p la nan Maryland\u00a0<\/a>tou gen enf\u00f2masyon gratis pou ede w f\u00e8 fas ak plizy\u00e8 douz\u00e8n pwobl\u00e8m legal s\u00f2ti nan pwoteksyon konsomat\u00e8, travay, lwa fanmi, dwa sivil, imigrasyon, lojman ak plis ank\u00f2.<\/p>\n<p>&nbsp;<\/p>\n<h2>Konfli Konsomat\u00e8<\/h2>\n<p>\u00c8ske ou gen yon plent sou yon biznis nan \u00f2ganizasyon? Ou kapab<a href=\"https:\/\/www.marylandattorneygeneral.gov\/pages\/cpd\/complaint.aspx\" target=\"_blank\" rel=\"noopener\"> pote yon plent ak Divizyon Pwoteksyon Konsomat\u00e8 Pwokir\u00e8 Jeneral Maryland<\/a> pou eseye m\u00e9diation plent lan.<\/p>\n<p>Eta Maryland tou gen yon gid resous koleksyon d\u00e8t pou moun ki te rele nan tribinal nan Maryland District Court pou yon d\u00e8t konsomat\u00e8 ki mwens pase $5,000. <a href=\"https:\/\/debtcollectionmaryland.org\/\" target=\"_blank\" rel=\"noopener\">Jwenn konekte ak resous yo<\/a>.<\/p>\n<p>&nbsp;<\/p>\n\t<h2>S\u00e8vis Medyasyon<\/h2>\n<p>Si w gen yon diskisyon ak yon moun oswa yon biznis, sist\u00e8m tribinal la ka pa s\u00e8lman pwobl\u00e8m ou. Ou ka anmezi pou medyasyon sitiyasyon an epi evite tribinal ak yon jijman posib.<\/p>\n<p>Medyasyon se yon f\u00f2m pwosesis alt\u00e8natif pou rezoud konfli, ki itilize yon medyat\u00e8 twazy\u00e8m pati ki resevwa f\u00f2masyon pou eseye jwenn yon ak\u00f2. Nan pif\u00f2 ka yo, ou pa ka s\u00e8vi ak sa ki diskite nan medyasyon nan tribinal, byenke gen k\u00e8k eksepsyon. Sepandan, medyasyon pa anpeche w ale nan tribinal si w pa ka jwenn yon rezolisyon.<\/p>\n<p>Tribinal Maryland gen yon <a href=\"https:\/\/www.mdcourts.gov\/legalhelp\/mediationadr\" target=\"_blank\" rel=\"noopener\">seri videyo ki bay detay sou fason medyasyon an fonksyone<\/a>.<\/p>\n<p>Ou ka itilize yon <a href=\"https:\/\/www.mdcourts.gov\/sites\/default\/files\/import\/macro\/pdfs\/mdcommunitymediationcenters.pdf\" target=\"_blank\" rel=\"noopener\">medyat\u00e8 kominot\u00e8 nan konte w la<\/a>, a <a href=\"https:\/\/www.mdcourts.gov\/macro\/mediatordirectory\" target=\"_blank\" rel=\"noopener\">medyat\u00e8 pratik prive<\/a>, ak pif\u00f2 tribinal sikwi nan Maryland gen tou yon lis medyat\u00e8 apwouve pou ka yo ka medyat\u00e8.<\/p>\n\t\t\t\t<img decoding=\"async\" src=\"http:\/\/211md.org\/wp-content\/uploads\/2025\/06\/Mediation-services.jpg\" alt=\"S\u00e8vis medyasyon\" itemprop=\"image\" title=\"S\u00e8vis medyasyon\" onerror=\"this.style.display='none'\" loading=\"lazy\" \/>\n<h2>Enf\u00f2masyon ki gen rap\u00f2<\/h2>\n<p><a title=\"Pou ou kab vin yon m\u00e8t kay\" href=\"https:\/\/211md.org\/ht\/resous-yo\/sevis-legal-yo\/se-yon-pwopriyete\/\">Pou ou kab vin yon m\u00e8t kay<\/a><\/p>\n<p><a title=\"Sip\u00f2 pou Timoun\" href=\"https:\/\/211md.org\/ht\/resous-yo\/sevis-legal-yo\/sipo-timoun\/\">Sip\u00f2 pou Timoun<\/a><\/p>\n<p><a href=\"https:\/\/211md.org\/ht\/resous-yo\/sevis-legal-yo\/dwa-lokate-yo\/\">Konfli pwopriyet\u00e8<\/a><\/p>\n\t<h2>eksplore pwogram asistans yo<\/h2>\n<p>Aprann plis sou pwogram benefis yo ak kijan pou kontakte sip\u00f2.<\/p>\n\t\t<h3><a href=\"\/ht\/resous-yo\/manje\/\" target=\"_self\">Manje<\/a><\/h3><p>Manje gratis tou pre mwen, gadmanje, SNAP, WIC, ekonomi sou mak\u00e8t<\/p>\n<a href=\"\/ht\/resous-yo\/manje\/\"  target=\"_self\">Aprann plis<\/a>\t\n\t\t\t\t<a href=\"\/ht\/resous-yo\/manje\/\"  target=\"_self\" itemprop=\"url\">\n\t\t\t\t<img decoding=\"async\" src=\"https:\/\/211md.org\/wp-content\/uploads\/bb-plugin\/cache\/2025_MdInfoNet_Icon-Sets-white_food-square-dfa1c607bcdb6b34735ae61e84e21386-.png\" alt=\"2025_MdInfoNet_Icon Sets-blan_manje\" itemprop=\"image\" title=\"2025_MdInfoNet_Icon Sets-blan_manje\" onerror=\"this.style.display='none'\" loading=\"lazy\" \/>\n\t\t\t\t<\/a>\n\t\t<h3><a href=\"\/ht\/resous-yo\/asistans-sevis-piblik\/\" target=\"_self\">S\u00e8vis piblik yo<\/a><\/h3><p>Pwogram asistans pou b\u00f2dwo elektrisite, gaz ak dlo<\/p>\n<a href=\"\/ht\/resous-yo\/asistans-sevis-piblik\/\"  target=\"_self\">Aprann plis<\/a>\t\n\t\t\t\t<a href=\"\/ht\/resous-yo\/asistans-sevis-piblik\/\"  target=\"_self\" itemprop=\"url\">\n\t\t\t\t<img decoding=\"async\" src=\"https:\/\/211md.org\/wp-content\/uploads\/bb-plugin\/cache\/2025_MdInfoNet_Icon-Sets-white_Utilities-square-485aa1950491235898117da61fd0a70a-.png\" alt=\"2025_MdInfoNet_Ikon Ansanm-blan_Itilite\" itemprop=\"image\" title=\"2025_MdInfoNet_Ikon Ansanm-blan_Itilite\" onerror=\"this.style.display='none'\" loading=\"lazy\" \/>\n\t\t\t\t<\/a>\n\t\t\t\t<a href=\"\/ht\/resous-yo\/abri-lojman\/\"  target=\"_self\" itemprop=\"url\">\n\t\t\t\t<img decoding=\"async\" src=\"https:\/\/211md.org\/wp-content\/uploads\/bb-plugin\/cache\/2025_MdInfoNet_Icon-Sets-white_Housing-square-5b4ab26c33cdf5bd88fd6164be4cc0b8-.png\" alt=\"2025_MdInfoNet_Icon Sets-blan_Lojman\" itemprop=\"image\" title=\"2025_MdInfoNet_Icon Sets-blan_Lojman\" onerror=\"this.style.display='none'\" loading=\"lazy\" \/>\n\t\t\t\t<\/a>\n\t\t<h3><a href=\"\/ht\/resous-yo\/abri-lojman\/\" target=\"_self\">Lojman<\/a><\/h3><p>Peman lwaye, prevansyon ekspilsyon, abri pou moun ki san kay<\/p>\n<a href=\"\/ht\/resous-yo\/abri-lojman\/\"  target=\"_self\">Aprann plis<\/a>\t\n\t\t\t\t<a href=\"\/ht\/resous-yo\/nouvo-nan-nou-ak-maryland\/\"  target=\"_self\" itemprop=\"url\">\n\t\t\t\t<img decoding=\"async\" src=\"https:\/\/211md.org\/wp-content\/uploads\/bb-plugin\/cache\/2025_MdInfoNet_Icon-Sets-white_Immigration-square-71ef90812193ac6d0e3edc3e61891f7f-.png\" alt=\"2025_MdInfoNet_Icon Sets-blan_Imigrasyon\" itemprop=\"image\" title=\"2025_MdInfoNet_Icon Sets-blan_Imigrasyon\" onerror=\"this.style.display='none'\" loading=\"lazy\" \/>\n\t\t\t\t<\/a>\n\t\t<h3><a href=\"\/ht\/resous-yo\/nouvo-nan-nou-ak-maryland\/\" target=\"_self\">Imigrasyon<\/a><\/h3><p>\u00c8d imigrasyon pou nouvo Ameriken ak refijye yo<\/p>\n<a href=\"\/ht\/resous-yo\/nouvo-nan-nou-ak-maryland\/\"  target=\"_self\">Aprann plis<\/a>\t\n\t\t<h4><a href=\"\/ht\/resous-yo\/aje-andikap\/\" target=\"_self\">Aje ak Andikap<\/a><\/h4>\n\t\t\t\t<a href=\"\/ht\/resous-yo\/aje-andikap\/\"  target=\"_self\" itemprop=\"url\">\n\t\t\t\t<img decoding=\"async\" src=\"https:\/\/211md.org\/wp-content\/uploads\/bb-plugin\/cache\/2025_MdInfoNet_Icon-Sets_Aging-disability-square-c466727102cae71e5f27b8539bb51945-.png\" alt=\"2025_MdInfoNet_Icon Sets_Aging-disability\" itemprop=\"image\" title=\"2025_MdInfoNet_Icon Sets_Aging-disability\" onerror=\"this.style.display='none'\" loading=\"lazy\" \/>\n\t\t\t\t<\/a>\n\t\t<h4><a href=\"https:\/\/211md.org\/ht\/resous-yo\/timoun-fanmi-yo\/\" target=\"_blank\" rel=\"noopener\">Timoun ak Fanmi<\/a><\/h4>\n\t\t\t\t<a href=\"https:\/\/211md.org\/ht\/resous-yo\/timoun-fanmi-yo\/\" target=\"_blank\" rel=\"noopener\" itemprop=\"url\">\n\t\t\t\t<img decoding=\"async\" src=\"https:\/\/211md.org\/wp-content\/uploads\/bb-plugin\/cache\/2025_MdInfoNet_Icon-Sets_Child-Care-square-a9a0002f8a1c05e3f89f8b914f61699f-.png\" alt=\"\" itemprop=\"image\" onerror=\"this.style.display='none'\" loading=\"lazy\" \/>\n\t\t\t\t<\/a>\n\t\t<h4><a href=\"\/ht\/resous-yo\/vyolans-familyal-domestik\/\" target=\"_self\">Vyolans domestik<\/a><\/h4>\n\t\t\t\t<a href=\"\/ht\/resous-yo\/vyolans-familyal-domestik\/\"  target=\"_self\" itemprop=\"url\">\n\t\t\t\t<img decoding=\"async\" src=\"https:\/\/211md.org\/wp-content\/uploads\/bb-plugin\/cache\/2025_MdInfoNet_Icon-Sets_Protection-square-ed94a34c5cb05f036201f3e0966332c1-.png\" alt=\"2025_MdInfoNet_Ansanm Ik\u00f2n_Pwoteksyon\" itemprop=\"image\" title=\"2025_MdInfoNet_Ansanm Ik\u00f2n_Pwoteksyon\" onerror=\"this.style.display='none'\" loading=\"lazy\" \/>\n\t\t\t\t<\/a>\n\t\t<h4><a href=\"\/ht\/resous-yo\/rechech-travay\/\" target=\"_self\">Travay<\/a><\/h4>\n\t\t\t\t<a href=\"\/ht\/resous-yo\/rechech-travay\/\"  target=\"_self\" itemprop=\"url\">\n\t\t\t\t<img decoding=\"async\" src=\"https:\/\/211md.org\/wp-content\/uploads\/bb-plugin\/cache\/2025_MdInfoNet_Icon-Sets_Employment-square-44707bd410e4df10a470bf130ebcea86-.png\" alt=\"2025_MdInfoNet_Icon Sets_Anplwa\" itemprop=\"image\" title=\"2025_MdInfoNet_Icon Sets_Anplwa\" onerror=\"this.style.display='none'\" loading=\"lazy\" \/>\n\t\t\t\t<\/a>\n\t\t<h4><a href=\"\/ht\/resous-yo\/swen-sante\/\" target=\"_self\">Swen Sante<\/a><\/h4>\n\t\t\t\t<a href=\"\/ht\/resous-yo\/swen-sante\/\"  target=\"_self\" itemprop=\"url\">\n\t\t\t\t<img decoding=\"async\" src=\"https:\/\/211md.org\/wp-content\/uploads\/bb-plugin\/cache\/2025_MdInfoNet_Icon-Sets_Health-Care-square-dee98a0060cbe0e7f27eda253fc12679-.png\" alt=\"2025_MdInfoNet_Icon Sets_Swen Sante\" itemprop=\"image\" title=\"2025_MdInfoNet_Icon Sets_Swen Sante\" onerror=\"this.style.display='none'\" loading=\"lazy\" \/>\n\t\t\t\t<\/a>\n\t\t<h4><a href=\"\/ht\/resous-yo\/timoun-fanmi-yo\/swen-fanmi\/\" target=\"_self\">Parente<\/a><\/h4>\n\t\t\t\t<a href=\"\/ht\/resous-yo\/timoun-fanmi-yo\/swen-fanmi\/\"  target=\"_self\" itemprop=\"url\">\n\t\t\t\t<img decoding=\"async\" src=\"https:\/\/211md.org\/wp-content\/uploads\/bb-plugin\/cache\/2025_MdInfoNet_Icon-Sets_Community-square-4956d72cf95aef42b6ee5fc6feb149ef-.png\" alt=\"2025_MdInfoNet_Ansanm Ik\u00f2n_Kominote\" itemprop=\"image\" title=\"2025_MdInfoNet_Ansanm Ik\u00f2n_Kominote\" onerror=\"this.style.display='none'\" loading=\"lazy\" \/>\n\t\t\t\t<\/a>\n\t\t<h4><a href=\"\/ht\/resous-yo\/sevis-legal-yo\/\" target=\"_self\">S\u00e8vis Legal<\/a><\/h4>\n\t\t\t\t<a href=\"\/ht\/resous-yo\/sevis-legal-yo\/\"  target=\"_self\" itemprop=\"url\">\n\t\t\t\t<img decoding=\"async\" src=\"https:\/\/211md.org\/wp-content\/uploads\/bb-plugin\/cache\/2025_MdInfoNet_Icon-Sets_Legal-square-18fdf438feb8435588174d9046463257-.png\" alt=\"2025_MdInfoNet_Ikon_Ansanm_Legal\" itemprop=\"image\" title=\"2025_MdInfoNet_Ikon_Ansanm_Legal\" onerror=\"this.style.display='none'\" loading=\"lazy\" \/>\n\t\t\t\t<\/a>\n\t\t<h4><a href=\"\/ht\/resous-yo\/sante-mantal\/\" target=\"_self\">Sante mantal<\/a><\/h4>\n\t\t\t\t<a href=\"\/ht\/resous-yo\/sante-mantal\/\"  target=\"_self\" itemprop=\"url\">\n\t\t\t\t<img decoding=\"async\" src=\"https:\/\/211md.org\/wp-content\/uploads\/bb-plugin\/cache\/2025_MdInfoNet_Icon-Sets_Mental-Health-square-c59b38c4a993a947d4c9280fbe2d2fee-.png\" alt=\"2025_MdInfoNet_Icon Sets_Sante Mantal\" itemprop=\"image\" title=\"2025_MdInfoNet_Icon Sets_Sante Mantal\" onerror=\"this.style.display='none'\" loading=\"lazy\" \/>\n\t\t\t\t<\/a>\n\t\t<h4><a href=\"\/ht\/resous-yo\/mdreentry\/\" target=\"_self\">Reantre<\/a><\/h4>\n\t\t\t\t<a href=\"\/ht\/resous-yo\/mdreentry\/\"  target=\"_self\" itemprop=\"url\">\n\t\t\t\t<img decoding=\"async\" src=\"https:\/\/211md.org\/wp-content\/uploads\/bb-plugin\/cache\/2025_MdInfoNet_Icon-Sets_Partnership-square-daedf11c7eeda165b0fe97a4a84b80e0-.png\" alt=\"2025_MdInfoNet_Ansanm Ik\u00f2n_Patenarya\" itemprop=\"image\" title=\"2025_MdInfoNet_Ansanm Ik\u00f2n_Patenarya\" onerror=\"this.style.display='none'\" loading=\"lazy\" \/>\n\t\t\t\t<\/a>\n\t\t<h4><a href=\"\/ht\/resous-yo\/itilizasyon-sibstans\/\" target=\"_self\">Itilizasyon sibstans<\/a><\/h4>\n\t\t\t\t<a href=\"\/ht\/resous-yo\/itilizasyon-sibstans\/\"  target=\"_self\" itemprop=\"url\">\n\t\t\t\t<img decoding=\"async\" src=\"https:\/\/211md.org\/wp-content\/uploads\/bb-plugin\/cache\/2025_MdInfoNet_Icon-Sets_Substance-Abuse-square-9022fec9d18a64118ad685c101885b55-.png\" alt=\"2025_MdInfoNet_Icon Sets_Abi Sibstans\" itemprop=\"image\" title=\"2025_MdInfoNet_Icon Sets_Abi Sibstans\" onerror=\"this.style.display='none'\" loading=\"lazy\" \/>\n\t\t\t\t<\/a>\n\t\t<h4><a href=\"\/ht\/resous-yo\/veteran-yo\/\" target=\"_self\">Veteran yo<\/a><\/h4>\n\t\t\t\t<a href=\"\/ht\/resous-yo\/veteran-yo\/\"  target=\"_self\" itemprop=\"url\">\n\t\t\t\t<img decoding=\"async\" src=\"https:\/\/211md.org\/wp-content\/uploads\/bb-plugin\/cache\/2025_MdInfoNet_Icon-Sets_Rating-square-6e60d00cce4faa8e0a6d4ad7366aa733-.png\" alt=\"2025_MdInfoNet_Icon Sets_Rating\" itemprop=\"image\" title=\"2025_MdInfoNet_Icon Sets_Rating\" onerror=\"this.style.display='none'\" loading=\"lazy\" \/>\n\t\t\t\t<\/a>","protected":false},"excerpt":{"rendered":"<p>\u00c8ske w gen yon pwobl\u00e8m legal? Malgre ke li ka sanble akablan, gen \u00e8d legal ak resous gratis ak bon mache ki disponib pou moun Maryland yo. Mid-Shore Pro Bono, ki s\u00e8vi Eastern Shore la, rap\u00f2te ke 80% nan tout moun ki bezwen \u00e8d legal ak yon ka sivil nan Maryland pa kapab peye li. Jwenn Sip\u00f2 Legal 211...<\/p>","protected":false},"author":8,"featured_media":1905,"parent":930,"menu_order":0,"comment_status":"closed","ping_status":"closed","template":"","meta":{"footnotes":""},"class_list":["post-928","page","type-page","status-publish","has-post-thumbnail","hentry"],"_links":{"self":[{"href":"https:\/\/211md.org\/ht\/wp-json\/wp\/v2\/pages\/928","targetHints":{"allow":["GET"]}}],"collection":[{"href":"https:\/\/211md.org\/ht\/wp-json\/wp\/v2\/pages"}],"about":[{"href":"https:\/\/211md.org\/ht\/wp-json\/wp\/v2\/types\/page"}],"author":[{"embeddable":true,"href":"https:\/\/211md.org\/ht\/wp-json\/wp\/v2\/users\/8"}],"replies":[{"embeddable":true,"href":"https:\/\/211md.org\/ht\/wp-json\/wp\/v2\/comments?post=928"}],"version-history":[{"count":3,"href":"https:\/\/211md.org\/ht\/wp-json\/wp\/v2\/pages\/928\/revisions"}],"predecessor-version":[{"id":33658,"href":"https:\/\/211md.org\/ht\/wp-json\/wp\/v2\/pages\/928\/revisions\/33658"}],"up":[{"embeddable":true,"href":"https:\/\/211md.org\/ht\/wp-json\/wp\/v2\/pages\/930"}],"wp:featuredmedia":[{"embeddable":true,"href":"https:\/\/211md.org\/ht\/wp-json\/wp\/v2\/media\/1905"}],"wp:attachment":[{"href":"https:\/\/211md.org\/ht\/wp-json\/wp\/v2\/media?parent=928"}],"curies":[{"name":"wp","href":"https:\/\/api.w.org\/{rel}","templated":true}]}}