{"id":957,"date":"2021-04-15T19:16:53","date_gmt":"2021-04-15T19:16:53","guid":{"rendered":"https:\/\/211md.org\/?page_id=957"},"modified":"2025-12-01T11:54:31","modified_gmt":"2025-12-01T16:54:31","slug":"bodwo-elektrik","status":"publish","type":"page","link":"https:\/\/211md.org\/ht\/resources\/utility-assistance\/electric-bills\/","title":{"rendered":"Jwenn \u00e8d pou peye yon b\u00f2dwo elektrik Maryland"},"content":{"rendered":"<img decoding=\"async\" src=\"https:\/\/stg-maryland211-staging.kinsta.cloud\/wp-content\/uploads\/2025\/08\/5-1-scaled.png\" alt=\"5\" itemprop=\"image\" height=\"692\" width=\"2560\" title=\"5\" onerror=\"this.style.display='none'\" loading=\"lazy\" \/>\n\t\t<p>Do you need help paying your electric bill? There are several ways to get help, whether you have service from Baltimore Gas and Electric (BGE), Southern Maryland Electric Cooperative (SMECO), Pepco or another utility.<\/p>\n<p>Local charities and faith-based organizations in communities throughout Maryland provide financial assistance, weatherization programs, and financial support. There are also grants available from the state to help with the electric bill.<\/p>\n\t\t\t<a href=\"#start\" target=\"_self\">\n\t\t\t\t\t\tK\u00f2manse\n\t\t\t\t\t<\/a>\n\t\t\t\t<img decoding=\"async\" src=\"https:\/\/211md.org\/wp-content\/plugins\/bb-plugin\/img\/pixel.png\" alt=\"\" itemprop=\"image\" onerror=\"this.style.display='none'\" loading=\"lazy\" \/>\n\t\t\t\t<img decoding=\"async\" src=\"https:\/\/stg-maryland211-staging.kinsta.cloud\/wp-content\/uploads\/2025\/08\/16.png\" alt=\"16\" itemprop=\"image\" height=\"1000\" width=\"1000\" title=\"16\" onerror=\"this.style.display='none'\" loading=\"lazy\" \/>\n\t\t\t\t<img decoding=\"async\" src=\"http:\/\/211md.org\/wp-content\/uploads\/2025\/12\/woman-looking-at-electric-bill.jpg\" alt=\"woman looking at electric bill\" itemprop=\"image\" title=\"woman looking at electric bill\" onerror=\"this.style.display='none'\" loading=\"lazy\" \/>\n<h2>Biwo Pwogram En\u00e8ji Kay<\/h2>\n<p>Energy assistance programs can help offset some of the cost of your electric bill. There are several types of programs available from the Office of Home Energy Programs (OHEP).<\/p>\n<p>The income-eligible grant application requires you to select a program, so learn about the options.<\/p>\n<h3>Pwogram Asistans En\u00e8ji Maryland (MEAP)<\/h3>\n<p>Si ou\u00a0<a href=\"https:\/\/211md.org\/ht\/asistans-sevis-piblik\/bodwo-chofaj\/\" target=\"_blank\" rel=\"noopener\">chofe kay ou ak elektrisite,<\/a>\u00a0you may be eligible for the\u00a0Maryland Energy Assistance Program\u00a0or MEAP grant.<\/p>\n<p>Ou ka aplike menm si ou gen yon avi f\u00e8men oswa f\u00e8men nan konpayi s\u00e8vis piblik la.<\/p>\n\t<h3>Pwogram S\u00e8vis Iniv\u00e8s\u00e8l Elektrik (EUSP)<\/h3>\n<p>Ou ka jwenn \u00e8d nan Pwogram S\u00e8vis Iniv\u00e8s\u00e8l Elektrik (EUSP) pou b\u00f2dwo elektrik yo. Kliyan ki elijib yo jwenn asistans finansye ak yon pati nan b\u00f2dwo elektrik akty\u00e8l yo. Lajan an peye dir\u00e8kteman nan konpayi elektrik la.<\/p>\n<p>Kidonk, ki jan ou kalifye pou sibvansyon EUSP la? Sa depann de revni lakay ou ak itilizasyon elektrik ou pandan 12 d\u00e8nye mwa yo.<\/p>\n<p>Kliyan EUSP yo tou sou yon plan b\u00f2dwo bidj\u00e8 ki pwopaje depans s\u00e8vis piblik chak ane sou yon ane. Nan fason sa a, ou peye yon kantite menm jan an chak mwa olye ke siyifikativman plis soti nan yon mwa oswa sezon nan pwochen an.<\/p>\n<h3>Asistans pou pran retr\u00e8t arr\u00e8 (ARA)<\/h3>\n<p>The\u00a0Arrearage Retirement Assistance\u00a0(ARA) grant can help if you have a past-due electric or gas bill over $300. You only\u00a0<u>kalifye pou sa yon fwa chak s\u00e8t ane<\/u>, ak s\u00e8ten eksepsyon. Sibvansyon sa a ofri jiska $2,000 pou yon b\u00f2dwo s\u00e8vis piblik ki sot pase.<\/p>\n<p>Pou jwenn yon sibvansyon ARA, ou dwe kalifye pou yon sibvansyon EUSP.<\/p>\n<h3>Aplike pou \u00c8d<\/h3>\n<p>Before you apply for one of these <a href=\"https:\/\/dhs.maryland.gov\/office-of-home-energy-programs\/local-home-energy-program-office\/\" target=\"_blank\" rel=\"noopener\">OHEP programs<\/a>, understand the guidelines and application process. You&#8217;ll need several documents verifying your identity, residency, and income.<\/p>\n<p>Ready to apply for energy help? Make sure you understand how the OHEP application works, common mistakes and all the documents you&#8217;ll need to upload if you apply online. Read <a href=\"https:\/\/211md.org\/ht\/resous-yo\/asistans-sevis-piblik\/\">211&#8217;s utility assistance application guide<\/a>.<\/p>\n<p>Si w pare pou ranpli yon aplikasyon sou ent\u00e8n\u00e8t,\u00a0<a href=\"https:\/\/mydhrbenefits.dhr.state.md.us\/dashboardClient\/#\/home\" target=\"_blank\" rel=\"noopener\">k\u00f2manse kounye a<\/a>.<\/p>\n\t\t\t\t<a href=\"https:\/\/search.211md.org\/\" target=\"_blank\" rel=\"noopener\" itemprop=\"url\">\n\t\t\t\t<img decoding=\"async\" src=\"https:\/\/stg-maryland211-staging.kinsta.cloud\/wp-content\/uploads\/2025\/08\/2025_MdInfoNet_Icon-Sets-white_Locate.png\" alt=\"\" itemprop=\"image\" onerror=\"this.style.display='none'\" loading=\"lazy\" \/>\n\t\t\t\t<\/a>\n<h2><a href=\"https:\/\/search.211md.org\/\" target=\"_blank\" rel=\"noopener\">Jwenn Resous Kounye a<\/a><\/h2><p>Jwenn <strong>resous kominot\u00e8 yo <\/strong>pou manje, swen sante, lojman ak plis ank\u00f2 nan baz done nou an. Ch\u00e8che pa k\u00f2d postal.<\/p>\n\t\t\t<a href=\"https:\/\/search.211md.org\/\" target=\"_blank\" rel=\"noopener\">\n\t\t\t\t\t\t\tCh\u00e8che Kounye a\n\t\t\t<\/a>\n\t\t\t\t<img decoding=\"async\" src=\"http:\/\/211md.org\/wp-content\/uploads\/2025\/12\/Utility-worker-on-pole-and-sun-behind-him.jpg\" alt=\"Utility worker on pole and sun behind him\" itemprop=\"image\" title=\"Utility worker on pole and sun behind him\" onerror=\"this.style.display='none'\" loading=\"lazy\" \/>\n<h2>\u00c8d konpayi s\u00e8vis piblik<\/h2>\n<p>Utility companies like BGE, Pepco, SMECO, and other Maryland utilities offer programs to help customers pay their bills and avoid a turn off notice.<\/p>\n<h3>Kisa pou mwen f\u00e8 si mwen gen yon avi f\u00e8men?<\/h3>\n<p>Menmsi konpayi s\u00e8vis piblik la f\u00e8 w konnen y ap f\u00e8men kouran w, ou ka toujou aplike pou asistans atrav\u00e8 OHEP. Sonje byen, gen kalifikasyon revni.<\/p>\n<p>Si sibvansyon an pa kouvri tout kantite b\u00f2dwo ou anl\u00e8, ou ka anmezi\u00a0<a href=\"https:\/\/211md.org\/ht\/asistans-sevis-piblik\/\" rel=\"noopener\">jwenn asistans finansye nan men yon l\u00f2t \u00f2ganizasyon<\/a>.<\/p>\n<p>Yon plan peman 12 mwa se tou yon opsyon. Mete sa a dir\u00e8kteman ak konpayi s\u00e8vis piblik ou a.<\/p>\n<h3>Plan peman konpayi s\u00e8vis piblik<\/h3>\n<p>Toujou kontakte konpayi s\u00e8vis piblik ou a l\u00e8 w bezwen plis asistans ak b\u00f2dwo w la pou w w\u00e8 ki opsyon ki disponib nan z\u00f2n ou an.<\/p>\n<p>Si w bezwen \u00e8d pou peye b\u00f2dwo s\u00e8vis piblik ou nan men yon l\u00f2t konpayi, kontakte yo dir\u00e8kteman:<\/p>\n<ul>\n<li><a href=\"https:\/\/www.bge.com\/MyAccount\/CustomerSupport\/Pages\/AssistancePrograms.aspx\" target=\"_blank\" rel=\"noopener\">BGE asistans peman b\u00f2dwo<\/a><\/li>\n<li><a href=\"https:\/\/www.smeco.coop\/account\/universal-service-program\" target=\"_blank\" rel=\"noopener\">\u00c8d b\u00f2dwo SMECO<\/a><\/li>\n<li><a href=\"https:\/\/www.pepco.com\/MyAccount\/CustomerSupport\/Pages\/MD\/BillPaymentAssistance.aspx\" target=\"_blank\" rel=\"noopener\">\u00c8d en\u00e8ji Pepco<\/a><\/li>\n<li><a href=\"https:\/\/www.firstenergycorp.com\/help\/billingpayments\/assistance_serviceprogram\/potomac_edison_maryland.html\" target=\"_blank\" rel=\"noopener\">Potomac Edison ede<\/a><\/li>\n<li><a href=\"https:\/\/www.delmarva.com\/MyAccount\/CustomerSupport\/Pages\/DE\/BillPaymentAssistance.aspx\" target=\"_blank\" rel=\"noopener\">Delmarva Power<\/a><\/li>\n<\/ul>\n<p>211 Maryland disponib tou 24\/7\/365 pou gide ou atrav\u00e8 asistans s\u00e8vis piblik pou b\u00f2dwo elektrik ou. Rele 2-1-1.<\/p>\n<p>K\u00e8k konpayi s\u00e8vis piblik yo gen pwogram ki ka ede.<\/p>\n\t<h3>Ede ak BGE Bill<\/h3>\n<p>Si ou bezwen \u00e8d pou peye b\u00f2dwo BGE ou a, ou ka aplike pou yon pwogram en\u00e8ji leta, espesyalman MEAP oswa EUSP.<\/p>\n<p>BGE patisipe tou nan plizy\u00e8 pwogram pou ede kliyan yo ekonomize lajan sou b\u00f2dwo elektrik yo. Men sa yo enkli:<\/p>\n<ul>\n<li><a href=\"https:\/\/www.bgesmartenergy.com\/residential\" target=\"_blank\" rel=\"noopener\">Pwogram BGE Smart Energy Savers<\/a>(R) \u2013 pwogram, s\u00e8vis ak ankourajman pou diminye itilizasyon en\u00e8ji ak ekonomize lajan.<\/li>\n<li><a href=\"https:\/\/bgesmartenergy.com\/residential\/rebates-and-discounts\/smart-thermostats\" target=\"_blank\" rel=\"noopener\">Konekte rekonpans<\/a>\u2120 \u2013 touche $50 pou t\u00e8mostat entelijan ki kalifye.<\/li>\n<li>EmPOWER Maryland Limited Income Energy Efficiency Program (LIEEP) \u2013 odit en\u00e8ji kay gratis ak amelyorasyon kay pou moun ki kalifye.<\/li>\n<\/ul>\n<p>Si w gen enkyetid kons\u00e8nan b\u00f2dwo w la, kontakte BGE dir\u00e8kteman. Si se yon kesyon koleksyon, rele 1-800-685-2210. Pou l\u00f2t kesyon, rele 1-800-685-0123.<\/p>\n<p>BGE gendwa kapab f\u00e8 yon plan peman pou ou, konekte ou nan yon pwogram asistans s\u00e8vis piblik oswa enskri ou nan fakturasyon bidj\u00e8.<\/p>\n<p>Faktirasyon bidj\u00e8 a gaye peman ou yo pandan tout ane a, kidonk peman mansy\u00e8l ou yo pi konsistan chak mwa.<\/p>\n<h3>\u00c8d pou s\u00e8vis piblik Pepco<\/h3>\n<p>Pepco ofri yon sibvansyon $1,000 pou kay ki gen yon avi dekonekte. Li disponib atrav\u00e8\u00a0<a href=\"https:\/\/www.pepco.com\/MyAccount\/CustomerSupport\/Pages\/MD\/BillPaymentAssistance.aspx\" target=\"_blank\" rel=\"noopener\">Pepco Washington Area Fuel Fund Partnership<\/a>, administre pa Lame delivrans lan. Nan Konte Prince George, rele 301-277-6103. Nan Montgomery County, rele 301-515-5354 pou \u00e8d.<\/p>\n<h2>\n\t\t\tAmelyore itilizasyon en\u00e8ji lakay ou\t<\/h2>\n\t<p>Pwogram Efikasite En\u00e8ji Revni Limite EmPOWER Maryland (LIEEP) ede fanmi ki gen revni limite yo enstale pwodwi lakay yo pou ede rezidan yo kons\u00e8ve en\u00e8ji epi redwi b\u00f2dwo elektrik yo. Amelyorasyon kay yo f\u00e8t gratis epi yo ka gen ladan yo:<\/p>\n<ul>\n<li>ki gen ladan izolasyon<\/li>\n<li>amelyorasyon sist\u00e8m dlo cho<\/li>\n<li>ekleraj ajou<\/li>\n<li>netwayaj ak reparasyon founo<\/li>\n<li>retrofit frijid\u00e8<\/li>\n<li>l\u00f2t atik sante ak sekirite<\/li>\n<\/ul>\n<p>Kliyan ki elijib BGE, Delmarva Power, FirstEnergy, Pepco, SMECO oswa Washington Gas ka\u00a0<a href=\"https:\/\/dhcd.maryland.gov\/Residents\/Pages\/lieep\/default.aspx\" target=\"_blank\" rel=\"noopener\">kalifye pou pwogram nan si revni yo satisf\u00e8 direktiv pwogram yo<\/a>.<\/p>\n<h3>Kijan EmPower Maryland\/LIEEP Travay<\/h3>\n<p>Aplikasyon yo soum\u00e8t bay la\u00a0<a href=\"https:\/\/dhcd.maryland.gov\/Residents\/Pages\/lieep\/EmPOWER-PreApp.aspx\" target=\"_blank\" rel=\"noopener\">Depatman Lojman ak Devlopman Kominot\u00e8 Maryland<\/a>, ak ajans lokal yo f\u00e8 travay la nan kay gratis.<\/p>\n<p>Si w kalifye, yo f\u00e8 yon kontw\u00f2l kontab en\u00e8ji lakay ou. Sa idantifye kote yon kay ap p\u00e8di en\u00e8ji ak ki jan ou ka amelyore konf\u00f2 epi redwi p\u00e8t en\u00e8ji epi konsa depans yo.<\/p>\n<p>L\u00e8 sa a, yon kontrakt\u00e8 pral konplete travay rek\u00f2mande a.<\/p>\n\t\t\t\t<img decoding=\"async\" src=\"https:\/\/211md.org\/wp-content\/plugins\/bb-plugin\/img\/pixel.png\" alt=\"\" itemprop=\"image\" onerror=\"this.style.display='none'\" loading=\"lazy\" \/>\n\t\t\t\t<img decoding=\"async\" src=\"https:\/\/211md.org\/wp-content\/uploads\/bb-plugin\/cache\/Call-center-specialst-circle-4e9ecd7b3425be4576416abc911049bb-.jpg\" alt=\"Espesyalis nan sant ap\u00e8l\" itemprop=\"image\" title=\"Espesyalis nan sant ap\u00e8l\" onerror=\"this.style.display='none'\" loading=\"lazy\" \/>\n<h2>Rele 211<\/h2><p>Pale ak yon moun ki gen sousi pou ou epi ki gen konpasyon 24 sou 24, 7 jou sou 7. Yo kapab tou mete ou an kontak ak resous.\u00a0<\/p>\n\t\t\t<a href=\"tel:%20+211\" target=\"_blank\" rel=\"noopener\">\n\t\t\t\t\t\tRele 211 (mobil)\n\t\t\t\t\t<\/a>\n\t<h2>Other Utility Assistance Help<\/h2>\n\t\t<h4><a href=\"\/ht\/resous-yo\/aje-andikap\/?utm_source=Home&#038;utm_medium=Referral&#038;utm_campaign=211Resources&#038;utm_content=Aging\" target=\"_self\">Aje ak Andikap<\/a><\/h4>\n\t\t\t\t<a href=\"\/ht\/resous-yo\/aje-andikap\/?utm_source=Home&#038;utm_medium=Referral&#038;utm_campaign=211Resources&#038;utm_content=Aging\"  target=\"_self\" itemprop=\"url\">\n\t\t\t\t<img decoding=\"async\" src=\"https:\/\/211md.org\/wp-content\/uploads\/bb-plugin\/cache\/2025_MdInfoNet_Icon-Sets_Aging-disability-square-c466727102cae71e5f27b8539bb51945-.png\" alt=\"\" itemprop=\"image\" onerror=\"this.style.display='none'\" loading=\"lazy\" \/>\n\t\t\t\t<\/a>\n\t\t<h4><a href=\"\/ht\/resous-yo\/timoun-fanmi-yo\/?utm_source=Home&#038;utm_medium=Referral&#038;utm_campaign=211Resources&#038;utm_content=Children\" target=\"_self\">Timoun ak Fanmi<\/a><\/h4>\n\t\t\t\t<a href=\"\/ht\/resous-yo\/timoun-fanmi-yo\/?utm_source=Home&#038;utm_medium=Referral&#038;utm_campaign=211Resources&#038;utm_content=Children\"  target=\"_self\" itemprop=\"url\">\n\t\t\t\t<img decoding=\"async\" src=\"https:\/\/211md.org\/wp-content\/uploads\/bb-plugin\/cache\/2025_211_Icon-Sets_Child-care-square-f3b0d4edab3dcc467fadb5f55f4064c6-.png\" alt=\"parent and child icon for child care\" itemprop=\"image\" height=\"417\" width=\"417\" title=\"2025_211_Ansanm Ik\u00f2n_Swen Timoun\" onerror=\"this.style.display='none'\" loading=\"lazy\" \/>\n\t\t\t\t<\/a>\n\t\t<h4><a href=\"\/ht\/resous-yo\/vyolans-familyal-domestik\/?utm_source=Home&#038;utm_medium=Referral&#038;utm_campaign=211Resources&#038;utm_content=Domestic\" target=\"_self\">Vyolans domestik<\/a><\/h4>\n\t\t\t\t<a href=\"\/ht\/resous-yo\/vyolans-familyal-domestik\/?utm_source=Home&#038;utm_medium=Referral&#038;utm_campaign=211Resources&#038;utm_content=Domestic\"  target=\"_self\" itemprop=\"url\">\n\t\t\t\t<img decoding=\"async\" src=\"https:\/\/211md.org\/wp-content\/uploads\/bb-plugin\/cache\/2025_211_Icon-Sets_Domestic-Violence-square-7b597694a6f05fe90cdc376aa573bc63-.png\" alt=\"Ik\u00f2n Vyolans Domestik\" itemprop=\"image\" height=\"417\" width=\"417\" title=\"2025_211_Ansanm Ik\u00f2n_Vyolans Domestik\" onerror=\"this.style.display='none'\" loading=\"lazy\" \/>\n\t\t\t\t<\/a>\n\t\t<h4><a href=\"\/ht\/resous-yo\/rechech-travay\/?utm_source=Home&#038;utm_medium=Referral&#038;utm_campaign=211Resources&#038;utm_content=Employment\" target=\"_self\">Travay<\/a><\/h4>\n\t\t\t\t<a href=\"\/ht\/resous-yo\/rechech-travay\/?utm_source=Home&#038;utm_medium=Referral&#038;utm_campaign=211Resources&#038;utm_content=Employment\"  target=\"_self\" itemprop=\"url\">\n\t\t\t\t<img decoding=\"async\" src=\"https:\/\/211md.org\/wp-content\/uploads\/bb-plugin\/cache\/2025_MdInfoNet_Icon-Sets_Employment-square-44707bd410e4df10a470bf130ebcea86-.png\" alt=\"\" itemprop=\"image\" onerror=\"this.style.display='none'\" loading=\"lazy\" \/>\n\t\t\t\t<\/a>\n\t\t<h4><a href=\"\/ht\/resous-yo\/swen-sante\/?utm_source=Home&#038;utm_medium=Referral&#038;utm_campaign=211Resources&#038;utm_content=Health%20Care\" target=\"_self\">Swen Sante<\/a><\/h4>\n\t\t\t\t<a href=\"\/ht\/resous-yo\/swen-sante\/?utm_source=Home&#038;utm_medium=Referral&#038;utm_campaign=211Resources&#038;utm_content=Health%20Care\"  target=\"_self\" itemprop=\"url\">\n\t\t\t\t<img decoding=\"async\" src=\"https:\/\/211md.org\/wp-content\/uploads\/bb-plugin\/cache\/2025_MdInfoNet_Icon-Sets_Health-Care-square-dee98a0060cbe0e7f27eda253fc12679-.png\" alt=\"\" itemprop=\"image\" onerror=\"this.style.display='none'\" loading=\"lazy\" \/>\n\t\t\t\t<\/a>\n\t\t<h4><a href=\"\/ht\/resous-yo\/timoun-fanmi-yo\/swen-fanmi\/?utm_source=Home&#038;utm_medium=Referral&#038;utm_campaign=211Resources&#038;utm_content=Kinship\" target=\"_self\">Parente<\/a><\/h4>\n\t\t\t\t<a href=\"\/ht\/resous-yo\/timoun-fanmi-yo\/swen-fanmi\/?utm_source=Home&#038;utm_medium=Referral&#038;utm_campaign=211Resources&#038;utm_content=Kinship\"  target=\"_self\" itemprop=\"url\">\n\t\t\t\t<img decoding=\"async\" src=\"https:\/\/211md.org\/wp-content\/uploads\/bb-plugin\/cache\/2025_211_Icon-Sets_Kinship-square-45bdf872866f5735f842c32071109267-.png\" alt=\"Ik\u00f2n fanmi\" itemprop=\"image\" height=\"417\" width=\"417\" title=\"2025_211_Ansanm Ik\u00f2n_Fanmitay\" onerror=\"this.style.display='none'\" loading=\"lazy\" \/>\n\t\t\t\t<\/a>\n\t\t<h4><a href=\"\/ht\/resous-yo\/sevis-legal-yo\/?utm_source=Home&#038;utm_medium=Referral&#038;utm_campaign=211Resources&#038;utm_content=Legal\" target=\"_self\">S\u00e8vis Legal<\/a><\/h4>\n\t\t\t\t<a href=\"\/ht\/resous-yo\/sevis-legal-yo\/?utm_source=Home&#038;utm_medium=Referral&#038;utm_campaign=211Resources&#038;utm_content=Legal\"  target=\"_self\" itemprop=\"url\">\n\t\t\t\t<img decoding=\"async\" src=\"https:\/\/211md.org\/wp-content\/uploads\/bb-plugin\/cache\/2025_MdInfoNet_Icon-Sets_Legal-square-18fdf438feb8435588174d9046463257-.png\" alt=\"\" itemprop=\"image\" onerror=\"this.style.display='none'\" loading=\"lazy\" \/>\n\t\t\t\t<\/a>\n\t\t<h4><a href=\"\/ht\/resous-yo\/sante-mantal\/?utm_source=Home&#038;utm_medium=Referral&#038;utm_campaign=211Resources&#038;utm_content=Mental\" target=\"_self\">Sante mantal<\/a><\/h4>\n\t\t\t\t<a href=\"\/ht\/resous-yo\/sante-mantal\/?utm_source=Home&#038;utm_medium=Referral&#038;utm_campaign=211Resources&#038;utm_content=Mental\"  target=\"_self\" itemprop=\"url\">\n\t\t\t\t<img decoding=\"async\" src=\"https:\/\/211md.org\/wp-content\/uploads\/bb-plugin\/cache\/2025_MdInfoNet_Icon-Sets_Mental-Health-square-c59b38c4a993a947d4c9280fbe2d2fee-.png\" alt=\"\" itemprop=\"image\" onerror=\"this.style.display='none'\" loading=\"lazy\" \/>\n\t\t\t\t<\/a>\n\t\t<h4><a href=\"\/ht\/resous-yo\/mdreentry\/?utm_source=Home&#038;utm_medium=Referral&#038;utm_campaign=211Resources&#038;utm_content=Reentry\" target=\"_self\">Reantre<\/a><\/h4>\n\t\t\t\t<a href=\"\/ht\/resous-yo\/mdreentry\/?utm_source=Home&#038;utm_medium=Referral&#038;utm_campaign=211Resources&#038;utm_content=Reentry\"  target=\"_self\" itemprop=\"url\">\n\t\t\t\t<img decoding=\"async\" src=\"https:\/\/211md.org\/wp-content\/uploads\/bb-plugin\/cache\/2025_211_Icon-Sets_Reentry-square-8676fea38abd920a832f45642fe31cca-.png\" alt=\"Ik\u00f2n Reantre\" itemprop=\"image\" height=\"417\" width=\"417\" title=\"2025_211_Ansanm Ik\u00f2n_Reantre\" onerror=\"this.style.display='none'\" loading=\"lazy\" \/>\n\t\t\t\t<\/a>\n\t\t<h4><a href=\"\/ht\/resous-yo\/itilizasyon-sibstans\/?utm_source=Home&#038;utm_medium=Referral&#038;utm_campaign=211Resources&#038;utm_content=Substance\" target=\"_self\">Itilizasyon sibstans<\/a><\/h4>\n\t\t\t\t<a href=\"\/ht\/resous-yo\/itilizasyon-sibstans\/?utm_source=Home&#038;utm_medium=Referral&#038;utm_campaign=211Resources&#038;utm_content=Substance\"  target=\"_self\" itemprop=\"url\">\n\t\t\t\t<img decoding=\"async\" src=\"https:\/\/211md.org\/wp-content\/uploads\/bb-plugin\/cache\/2025_MdInfoNet_Icon-Sets_Substance-Abuse-square-9022fec9d18a64118ad685c101885b55-.png\" alt=\"\" itemprop=\"image\" onerror=\"this.style.display='none'\" loading=\"lazy\" \/>\n\t\t\t\t<\/a>\n\t\t<h4><a href=\"\/ht\/resous-yo\/veteran-yo\/?utm_source=Home&#038;utm_medium=Referral&#038;utm_campaign=211Resources&#038;utm_content=Veterans\" target=\"_self\">Veteran yo<\/a><\/h4>\n\t\t\t\t<a href=\"\/ht\/resous-yo\/veteran-yo\/?utm_source=Home&#038;utm_medium=Referral&#038;utm_campaign=211Resources&#038;utm_content=Veterans\"  target=\"_self\" itemprop=\"url\">\n\t\t\t\t<img decoding=\"async\" src=\"https:\/\/211md.org\/wp-content\/uploads\/bb-plugin\/cache\/2025_MdInfoNet_Icon-Sets_Rating-square-6e60d00cce4faa8e0a6d4ad7366aa733-.png\" alt=\"\" itemprop=\"image\" onerror=\"this.style.display='none'\" loading=\"lazy\" \/>\n\t\t\t\t<\/a>","protected":false},"excerpt":{"rendered":"<p>Do you need help paying your electric bill? There are several ways to get help, whether you have service from Baltimore Gas and Electric (BGE), Southern Maryland Electric Cooperative (SMECO), Pepco or another utility. Local charities and faith-based organizations in communities throughout Maryland provide financial assistance, weatherization programs, and financial support. There are also grants&hellip;<\/p>","protected":false},"author":8,"featured_media":34263,"parent":932,"menu_order":0,"comment_status":"closed","ping_status":"closed","template":"","meta":{"footnotes":""},"class_list":["post-957","page","type-page","status-publish","has-post-thumbnail","hentry"],"_links":{"self":[{"href":"https:\/\/211md.org\/ht\/wp-json\/wp\/v2\/pages\/957","targetHints":{"allow":["GET"]}}],"collection":[{"href":"https:\/\/211md.org\/ht\/wp-json\/wp\/v2\/pages"}],"about":[{"href":"https:\/\/211md.org\/ht\/wp-json\/wp\/v2\/types\/page"}],"author":[{"embeddable":true,"href":"https:\/\/211md.org\/ht\/wp-json\/wp\/v2\/users\/8"}],"replies":[{"embeddable":true,"href":"https:\/\/211md.org\/ht\/wp-json\/wp\/v2\/comments?post=957"}],"version-history":[{"count":2,"href":"https:\/\/211md.org\/ht\/wp-json\/wp\/v2\/pages\/957\/revisions"}],"predecessor-version":[{"id":4652,"href":"https:\/\/211md.org\/ht\/wp-json\/wp\/v2\/pages\/957\/revisions\/4652"}],"up":[{"embeddable":true,"href":"https:\/\/211md.org\/ht\/wp-json\/wp\/v2\/pages\/932"}],"wp:featuredmedia":[{"embeddable":true,"href":"https:\/\/211md.org\/ht\/wp-json\/wp\/v2\/media\/34263"}],"wp:attachment":[{"href":"https:\/\/211md.org\/ht\/wp-json\/wp\/v2\/media?parent=957"}],"curies":[{"name":"wp","href":"https:\/\/api.w.org\/{rel}","templated":true}]}}