{"id":962,"date":"2021-04-16T13:37:14","date_gmt":"2021-04-16T13:37:14","guid":{"rendered":"https:\/\/211md.org\/?page_id=962"},"modified":"2025-10-14T22:03:06","modified_gmt":"2025-10-15T02:03:06","slug":"mesaj-teks","status":"publish","type":"page","link":"https:\/\/211md.org\/ht\/about\/text-messages\/","title":{"rendered":"Mesaj t\u00e8ks"},"content":{"rendered":"<h2>Mesaj T\u00e8ks Enf\u00f2masyon ak Enspirasyon<\/h2>\n<p>211 Maryland ofri rezidan yo plizy\u00e8 fason pou yo konekte ak resous sante ak resous imen esansy\u00e8l yo. Anplis rele 211, nou ofri kanpay t\u00e8ks PUSH-ALERT. Ou voye yon &quot;mo kle&quot; nan yon nimewo epi w ap resevwa mesaj t\u00e8ks ki bay sip\u00f2 ak enf\u00f2masyon.<\/p>\n\t\t\t\t<img decoding=\"async\" src=\"https:\/\/211md.org\/wp-content\/uploads\/2021\/04\/Informational-and-Inspirational-Text-Messages-from-211-Maryland-.jpg\" alt=\"Fanm souri yon pwen ak iPhone\" itemprop=\"image\" height=\"630\" width=\"1200\" title=\"Mesaj T\u00e8ks Enf\u00f2masyon ak Enspirasyon ki soti nan 211 Maryland\" onerror=\"this.style.display='none'\" loading='lazy' \/>\n\t<p>Si w sou mobil, klike sou bouton mo kle a pou ouvri mesaj t\u00e8ks. Sinon, voye t\u00e8ks mo kle a nan nimewo telef\u00f2n la.<\/p>\n\t\t<p><em>211 Maryland ofri pwogram al\u00e8t mesaj t\u00e8ks ki bay enf\u00f2masyon sou resous espesifik rejyon yo oswa bay al\u00e8t pou katastw\u00f2f. Pousantaj mesaj ak done yo ka aplike. Frekans mesaj yo ka varye. T\u00e8ks STOP nan menm nimewo a pou dezab\u00f2ne. Pou \u00e8d, ekri HELP. T\u00e8m konpl\u00e8 SMS nan <a href=\"https:\/\/211md.org\/ht\/sms\/\">https:\/\/211md.org\/sms\/<\/a> epi <a href=\"https:\/\/211md.org\/ht\/politik-konfidansyalite\/\">politik konfidansyalite<\/a> pral aplike tou.\u00a0<\/em><\/p>\n\t\t<h3><a href=\"sms:\/\/898-211;?&#038;body=MDYoungMinds\" target=\"_blank\"  rel=\"noopener\">Sip\u00f2 pou Sante Mantal Adolesan<\/a><\/h3><p><strong>MDYoungMinds<\/strong>\u00a0sip\u00f2te sante mantal moun ki gen laj 18 an oswa pi piti.<\/p>\n<p>Aprann sou la\u00a0<a href=\"https:\/\/211md.org\/ht\/resous-yo\/sante-mantal\/depresyon\/\" target=\"_blank\" rel=\"noopener\">siy depresyon adolesan<\/a>\u00a0ak fason yo\u00a0<a href=\"https:\/\/211md.org\/ht\/sou\/mesaj-teks\/mdyoungminds\/\" target=\"_blank\" rel=\"noopener\">MDYoungMinds<\/a>\u00a0ka sip\u00f2te adolesan ak adolesan.<\/p>\n<p>Patn\u00e8: Depatman Sante Maryland, Biwo Prevansyon Swisid<\/p>\n<p>T\u00e8ks MDYoungMinds nan 898-211.<\/p>\n\t\t\t<a href=\"sms:\/\/898-211;?&#038;body=MDYoungMinds\" target=\"_blank\" rel=\"noopener\">\n\t\t\t\t\t\t\tT\u00e8ks MDYoungMinds\n\t\t\t\t\t<\/a>\n\t\t<h3><a href=\"sms:\/\/898-211;?&#038;body=MDMINDHEALTH\" target=\"_blank\"  rel=\"noopener\">Sante mantal<\/a><\/h3><p><strong>MDMindHealth<\/strong>\u00a0ofri mesaj motivasyon, al\u00e8t pou kenbe bon sante mantal, ak resous pou s\u00e8vis kriz Maryland ak kons\u00e8y. Mesaj t\u00e8ks yo disponib tou an pany\u00f2l nan\u00a0<strong>MDSaludMental<\/strong>.<\/p>\n<p><a href=\"https:\/\/211md.org\/ht\/sou\/mesaj-teks\/md-mindhealth\/\">Aprann plis sou fason MDMindHealth<\/a>\u00a0ka ede w oswa yon moun ou konnen.<\/p>\n<p>Patn\u00e8: Depatman Sante Maryland, Administrasyon Sante Konp\u00f2tmantal<\/p>\n<p>T\u00e8ks MDMindHealth nan 898-211<\/p>\n<p>T\u00e8ks MDSaludMental nan 898-211<\/p>\n\t\t\t<a href=\"sms:\/\/898-211;?&#038;body=MDMINDHEALTH\" target=\"_blank\" rel=\"noopener\">\n\t\t\t\t\t\t\tT\u00e8ks MDMindHealth\n\t\t\t\t\t<\/a>\n\t\t\t<a href=\"sms:\/\/898-211;?&#038;body=MDSALUDMENTAL\" target=\"_blank\" rel=\"noopener\">\n\t\t\t\t\t\t\tT\u00e8ks MDsaludmental\n\t\t\t\t\t<\/a>\n\t\t<h3><a href=\"sms:\/\/898-211;?&#038;body=MDKinCares\" target=\"_blank\"  rel=\"noopener\">Sip\u00f2 fanmi<\/a><\/h3><p><strong>MDKinCares<\/strong>\u00a0bay ankourajman, sip\u00f2 ak resous bay moun kap bay swen yo.<\/p>\n<p>Patn\u00e8: Depatman S\u00e8vis Imen Maryland<\/p>\n<p>T\u00e8ks MDKinCares nan 898-211.<\/p>\n\t\t\t<a href=\"sms:\/\/898-211;?&#038;body=MDKinCares\" target=\"_blank\" rel=\"noopener\">\n\t\t\t\t\t\t\tT\u00e8ks MDKinCares\n\t\t\t\t\t<\/a>\n\t\t<h3><a href=\"sms:\/\/898-211;?&#038;body=MDAging\" target=\"_blank\"  rel=\"noopener\">Granmoun ki pi gran ak adilt ki gen andikap<\/a><\/h3><p><strong>MDAging<\/strong>\u00a0bay aks\u00e8 imedyat ak sou demann ak founis\u00e8 s\u00e8vis ak resous pou granmoun aje ak moun k ap pran swen granmoun ki gen andikap.<\/p>\n<p>Patn\u00e8: Maryland Department of Aging<\/p>\n<p>T\u00e8ks MDAging nan 898-211<\/p>\n\t\t\t<a href=\"sms:\/\/898-211;?&#038;body=MDAging\" target=\"_blank\" rel=\"noopener\">\n\t\t\t\t\t\t\tT\u00e8ks MDAging\n\t\t\t\t\t<\/a>\n\t\t<h3><a href=\"sms:\/\/898-211;?&#038;body=MidShore\" target=\"_blank\"  rel=\"noopener\">Ev\u00e8nman Mid Shore ak Resous Kominot\u00e8<\/a><\/h3><p><strong>MidShore<\/strong> konekte rezidan yo nan konte Queen Anne, Kent, Talbot, Dorchester ak Caroline ak ev\u00e8nman lokal yo ak resous kominot\u00e8 yo. <a href=\"https:\/\/211md.org\/ht\/ki-sa-ki-211-la\/\">Aprann plis<\/a> sou fason Mid Shore konekte rezidan yo ak 211.<\/p>\n<p>Patn\u00e8: Mid Shore Health Improvement Coalition<\/p>\n<p>T\u00e8ks MidShore bay 898-211<\/p>\n\t\t\t<a href=\"sms:\/\/898-211;?&#038;body=MidShore\" target=\"_blank\" rel=\"noopener\">\n\t\t\t\t\t\t\tT\u00e8ks MidShore\n\t\t\t\t\t<\/a>\n\t\t<h3><a href=\"sms:\/\/898-211;?&#038;body=MDSTopHate\" target=\"_blank\"  rel=\"noopener\">Rap\u00f2te Ensidan Rayi ak Krim<\/a><\/h3><p><strong>MDStopHate<\/strong>\u00a0se yon s\u00e8l resous pou rap\u00f2te krim rayisab ak ensidan epi bay viktim yo resous.\u00a0<a href=\"https:\/\/211md.org\/ht\/sispann\/\" target=\"_blank\" rel=\"noopener\">Sispann rayi pa rap\u00f2te li!<\/a><\/p>\n<p>Patn\u00e8: Biwo Af\u00e8 Imigran Gouv\u00e8n\u00e8 a | Biwo Inisyativ Kominot\u00e8 Gouv\u00e8n\u00e8 a<\/p>\n<p>T\u00e8ks MDStopHate nan 898-211<\/p>\n\t\t\t<a href=\"sms:\/\/898-211;?&#038;body=MDSTopHate\" target=\"_blank\" rel=\"noopener\">\n\t\t\t\t\t\t\tT\u00e8ks MDStopHate\n\t\t\t\t\t<\/a>\n\t\t<h3><a href=\"sms:\/\/898-211;?&#038;body=Reentry\" target=\"_blank\"  rel=\"noopener\">Reantre<\/a><\/h3><p><strong>Reantre<\/strong> konekte moun ki nan prizon ak ansyen nan prizon ak fanmi yo ak resous, ev\u00e8nman, ak enf\u00f2masyon. <a href=\"https:\/\/211md.org\/ht\/resous-yo\/mdreentry\/\">Aprann plis<\/a> Kons\u00e8nan fason patenarya sa a ap konekte fanmi yo ak resous yo retounen.<\/p>\n<p>Patn\u00e8: Depatman Sekirite Piblik ak S\u00e8vis Koreksyon\u00e8l Maryland (DPSCS)<\/p>\n<p>T\u00e8ks Reantre nan 898-211<\/p>\n\t\t\t<a href=\"sms:\/\/898-211;?&#038;body=Reentry\" target=\"_blank\" rel=\"noopener\">\n\t\t\t\t\t\t\tReantre t\u00e8ks\n\t\t\t\t\t<\/a>\n\t\t<h3><a href=\"sms:\/\/898-211;?&#038;body=MDCom2Vets\" target=\"_blank\"  rel=\"noopener\">Veteran yo<\/a><\/h3><p><strong>MDCom2Vets<\/strong>\u00a0ogmante koneksyon ak Veteran yo epi li bay mizajou kontiny\u00e8l pou ev\u00e8nman, resous ak founis\u00e8 ki disponib nan yon kominote.<\/p>\n<p>Patn\u00e8: Depatman Sante Maryland, Administrasyon Sante Konp\u00f2tmantal<\/p>\n<p>T\u00e8ks MDCom2Vets bay 898-211<\/p>\n\t\t\t<a href=\"sms:\/\/898-211;?&#038;body=MDCom2Vets\" target=\"_blank\" rel=\"noopener\">\n\t\t\t\t\t\t\tT\u00e8ks MDCom2Vets\n\t\t\t\t\t<\/a>\n\t\t<h3><a href=\"sms:\/\/898-211;?&#038;body=MDWellness\" target=\"_blank\"  rel=\"noopener\">Byenn\u00e8t<\/a><\/h3><p><strong>MDWwellness<\/strong>\u00a0konsantre sou premye swen sante mantal pou pwofesyon \u00e8d la. Ab\u00f2nen yo jwenn estrateji ak resous pou jwenn aks\u00e8 nan s\u00e8vis jesyon estr\u00e8s atrav\u00e8 atensyon, nitrisyon ak afilyasyon sosyal.<\/p>\n<p>Patn\u00e8: University of Maryland<\/p>\n<p>T\u00e8ks MDWellness nan 898-211<\/p>\n\t\t\t<a href=\"sms:\/\/898-211;?&#038;body=MDWellness\" target=\"_blank\" rel=\"noopener\">\n\t\t\t\t\t\t\tT\u00e8ks MDWellness\n\t\t\t\t\t<\/a>\n<h2>Konekte ak odyans ou sou demann<\/h2>\n<p>S\u00e8vi ak platf\u00f2m t\u00e8ks 211 Maryland pou voye mesaj Customized bay odyans ou a (yo). Mande enf\u00f2masyon sou tarif yo ak fonksyonalite, epi rantre nan l\u00f2t \u00f2ganizasyon yo ki deja itilize 211 MD pou voye mesaj t\u00e8ks. <a href=\"https:\/\/211md.org\/ht\/kontakte-nou\/\">Kontakte nou jodi a.<\/a><\/p>","protected":false},"excerpt":{"rendered":"<p>Mesaj T\u00e8ks Enf\u00f2masyon ak Enspirasyon 211 Maryland ofri rezidan yo plizy\u00e8 fason pou yo konekte ak resous sante ak resous imen esansy\u00e8l yo. Anplis rele 211, nou ofri kanpay t\u00e8ks PUSH-ALERT. Ou voye yon &quot;mo kle&quot; nan yon nimewo epi w ap resevwa mesaj t\u00e8ks ki bay sip\u00f2 ak enf\u00f2masyon. Si w sou mobil, klike sou mo kle a...<\/p>","protected":false},"author":8,"featured_media":1925,"parent":521,"menu_order":0,"comment_status":"closed","ping_status":"closed","template":"","meta":{"footnotes":""},"class_list":["post-962","page","type-page","status-publish","has-post-thumbnail","hentry"],"_links":{"self":[{"href":"https:\/\/211md.org\/ht\/wp-json\/wp\/v2\/pages\/962","targetHints":{"allow":["GET"]}}],"collection":[{"href":"https:\/\/211md.org\/ht\/wp-json\/wp\/v2\/pages"}],"about":[{"href":"https:\/\/211md.org\/ht\/wp-json\/wp\/v2\/types\/page"}],"author":[{"embeddable":true,"href":"https:\/\/211md.org\/ht\/wp-json\/wp\/v2\/users\/8"}],"replies":[{"embeddable":true,"href":"https:\/\/211md.org\/ht\/wp-json\/wp\/v2\/comments?post=962"}],"version-history":[{"count":4,"href":"https:\/\/211md.org\/ht\/wp-json\/wp\/v2\/pages\/962\/revisions"}],"predecessor-version":[{"id":4830,"href":"https:\/\/211md.org\/ht\/wp-json\/wp\/v2\/pages\/962\/revisions\/4830"}],"up":[{"embeddable":true,"href":"https:\/\/211md.org\/ht\/wp-json\/wp\/v2\/pages\/521"}],"wp:featuredmedia":[{"embeddable":true,"href":"https:\/\/211md.org\/ht\/wp-json\/wp\/v2\/media\/1925"}],"wp:attachment":[{"href":"https:\/\/211md.org\/ht\/wp-json\/wp\/v2\/media?parent=962"}],"curies":[{"name":"wp","href":"https:\/\/api.w.org\/{rel}","templated":true}]}}