{"id":973,"date":"2021-04-16T15:37:10","date_gmt":"2021-04-16T15:37:10","guid":{"rendered":"https:\/\/211md.org\/?page_id=973"},"modified":"2025-09-07T16:24:29","modified_gmt":"2025-09-07T20:24:29","slug":"prevansyon-degepisman","status":"publish","type":"page","link":"https:\/\/211md.org\/ht\/resources\/housing-shelter\/eviction-prevention\/","title":{"rendered":"Bezwen \u00c8d Ak Lwaye? Kijan Pou Anpeche Deg\u00e8pisman"},"content":{"rendered":"<p>\u00c8ske ou gen pwobl\u00e8m pou peye lwaye ou a? 211 ka ede.<\/p>\n<h2>Jwenn \u00c8d pou Peye Lwaye<\/h2>\n<p>Espesyalis 211 yo ka ede idantifye ajans lokal ki bay asistans finansye pou konpanse pri lwaye yo. Yo ka bay enf\u00f2masyon espesifik sou pwogram yo, tankou si yon avi deg\u00e8pisman tribinal la mande, pou kalifye pou \u00e8d.<\/p>\n<p>Pou jwenn \u00e8d pou peye lwaye a:<\/p>\n<ul>\n<li>Rele 211<\/li>\n<li>Ch\u00e8che resous lokal yo nan baz done 211 la. Men de rech\u00e8ch pou w k\u00f2manse - <a href=\"https:\/\/search.211md.org\/search?query=BH-3800.7000&amp;query_type=taxonomy&amp;query_label=&amp;query_language=en\" target=\"_blank\" rel=\"noopener\">asistans pou peye lwaye<\/a>\u00a0epi <a href=\"https:\/\/search.211md.org\/search?query=BH-3800.8000&amp;query_type=taxonomy&amp;query_label=&amp;query_language=en\" target=\"_blank\" rel=\"noopener\">\u00e8d depo sekirite.<\/a><\/li>\n<\/ul>\n<h3>Dwa Ou Antanke Lokat\u00e8<\/h3>\n<p>Anplis jwenn asistans finansye pou \u00e8d pou lwaye a, pale ak pwopriyet\u00e8 w la sou sitiyasyon w epi w\u00e8 si yon plan peman posib.<\/p>\n<p>Konnen ou\u00a0<a href=\"\/ht\/resous-yo\/sevis-legal-yo\/dwa-lokate-yo\/\" rel=\"noopener\">dwa legal ak obligasyon anba kontra lwaye a<\/a>.<\/p>\n<h3>Prevansyon Deg\u00e8pisman Ak\u00f2z COVID-19<\/h3>\n<p>Ou ka elijib tou pou\u00a0<a href=\"\/ht\/resous-yo\/abri-lojman\/ed-pou-lokasyon-covid\/\" rel=\"noopener\">asistans pou lokasyon ijans si pandemi an te afekte w sou plan finansye<\/a>.<\/p>\n<p>Depatman Lojman ak Devlopman Kominot\u00e8 Maryland ap sip\u00e8vize Patenarya Prevansyon Deg\u00e8pisman an. Ou ka aplike nan konte lokal ou a pou sip\u00f2 pou lokasyon ak\u00f2z COVID-19.<\/p>\n<p>Chak konte gen pw\u00f2p enf\u00f2masyon aplikasyon pwogram yo. Lajan yo limite e anpil pwogram te fini.<\/p>\n<p>&nbsp;<\/p>\n\t\t\t\t<img decoding=\"async\" src=\"https:\/\/211md.org\/wp-content\/uploads\/2021\/06\/Moving.png\" alt=\"Koup ensiste pou deplase\" itemprop=\"image\" height=\"348\" width=\"460\" title=\"K ap deplase\" onerror=\"this.style.display='none'\" loading='lazy' \/>\n\t\t\t\t<img decoding=\"async\" src=\"https:\/\/211md.org\/wp-content\/uploads\/2021\/05\/Apartment-Complex.png\" alt=\"Yon konpl\u00e8ks apatman\" itemprop=\"image\" height=\"348\" width=\"460\" title=\"Konpl\u00e8ks Apatman\" onerror=\"this.style.display='none'\" loading='lazy' \/>\n\t<h2>Jwenn Lojman<\/h2>\n<p>Si w gen pou yo mete w dey\u00f2 epi w bezwen lojman ab\u00f2dab, ch\u00e8che yon apatman oswa yon kay pou lwe\u00a0<a href=\"https:\/\/marylandhousingsearch.org\/\" target=\"_blank\" rel=\"noopener\">Maryland Housing Search<\/a>.<\/p>\n<p>La\u00a0<a href=\"https:\/\/search.211md.org\/search?query=BH-7000.4600&amp;query_type=taxonomy&amp;query_label=&amp;query_language=en\" target=\"_blank\" rel=\"noopener\">resous leta a genyen tou yon lis lojman pou moun ki gen ti revni ak lojman pou moun ki gen sibvansyon pou lwe.<\/a>.<\/p>\n<h2>Enf\u00f2masyon ki gen rap\u00f2<\/h2>\n<p><a href=\"https:\/\/211md.org\/ht\/resous-yo\/abri-lojman\/\">Enf\u00f2masyon Jeneral sou Lojman<\/a><\/p>\n<p><a title=\"Ipot\u00e8k\/Foreclosure \" href=\"https:\/\/211md.org\/ht\/resous-yo\/abri-lojman\/sezi-ipotek\/\">Ipot\u00e8k\/Foreclosure<\/a><\/p>\n<p><a href=\"https:\/\/211md.org\/ht\/resous-yo\/abri-lojman\/senior-housing\/\" target=\"_blank\" rel=\"noopener\">Lojman pou granmoun aje<\/a><\/p>\n<h2>\n\t\t\tJwenn Resous\t<\/h2>\n\t\t\t\t<a href=\"\/ht\/resous-yo\/aje-andikap\/\"  target=\"_self\" itemprop=\"url\">\n\t\t\t\t<img decoding=\"async\" src=\"https:\/\/211md.org\/wp-content\/uploads\/bb-plugin\/cache\/Mask-Group-41@2x-circle-73eaadba4cad8269faa4720e25cf1c85-.png\" alt=\"Pye yon fanm ki pi gran ak yon ti fi k ap mache ansanm\" itemprop=\"image\" height=\"500\" width=\"500\" title=\"S\u00e8vis Enfimite\" onerror=\"this.style.display='none'\" loading='lazy' \/>\n\t\t\t\t<\/a>\n\t\t<h3><a href=\"\/ht\/resous-yo\/aje-andikap\/\" target=\"_self\">Aje ak Andikap<\/a><\/h3>\t\n\t\t\t\t<a href=\"\/ht\/resous-yo\/timoun-fanmi-yo\/\"  target=\"_self\" itemprop=\"url\">\n\t\t\t\t<img decoding=\"async\" src=\"https:\/\/211md.org\/wp-content\/uploads\/bb-plugin\/cache\/Mask-Group-38@2x-circle-ac40d46265fbec62083cd27f6dcf23b0-.png\" alt=\"Yon j\u00e8n ti gason ak ti fi k ap souri epi gade kamera a\" itemprop=\"image\" height=\"500\" width=\"500\" title=\"Gwoup Mask 38@2x\" onerror=\"this.style.display='none'\" loading='lazy' \/>\n\t\t\t\t<\/a>\n\t\t<h3><a href=\"\/ht\/resous-yo\/timoun-fanmi-yo\/\" target=\"_self\">Timoun ak Fanmi<\/a><\/h3>\t\n\t\t\t\t<a href=\"\/ht\/resous-yo\/vyolans-familyal-domestik\/\"  target=\"_self\" itemprop=\"url\">\n\t\t\t\t<img decoding=\"async\" src=\"https:\/\/211md.org\/wp-content\/uploads\/bb-plugin\/cache\/Mask-Group-39@2x-circle-b2589197a13c791d910f46dd10b27a87-.png\" alt=\"De p\u00e8 men kenbe youn ak l\u00f2t\" itemprop=\"image\" height=\"500\" width=\"500\" title=\"Gwoup Mask 39@2x\" onerror=\"this.style.display='none'\" loading='lazy' \/>\n\t\t\t\t<\/a>\n\t\t<h3><a href=\"\/ht\/resous-yo\/vyolans-familyal-domestik\/\" target=\"_self\">Vyolans Domestik\/ Fanmi<\/a><\/h3>\t\n\t\t\t\t<a href=\"\/ht\/resous-yo\/rechech-travay\/\"  target=\"_self\" itemprop=\"url\">\n\t\t\t\t<img decoding=\"async\" src=\"https:\/\/211md.org\/wp-content\/uploads\/bb-plugin\/cache\/Employment-circle-bf72562329e950df948954f5d3f44b2e-.png\" alt=\"Yon mekanisyen machin\" itemprop=\"image\" height=\"500\" width=\"500\" title=\"Travay\" onerror=\"this.style.display='none'\" loading='lazy' \/>\n\t\t\t\t<\/a>\n\t\t<h3><a href=\"\/ht\/resous-yo\/rechech-travay\/\" target=\"_self\">Travay<\/a><\/h3>\t\n\t\t\t\t<a href=\"\/ht\/resous-yo\/swen-sante\/\"  target=\"_self\" itemprop=\"url\">\n\t\t\t\t<img decoding=\"async\" src=\"https:\/\/211md.org\/wp-content\/uploads\/bb-plugin\/cache\/Mask-Group-35@2x-circle-94be10c13e4adae1683b4589dc2f5b2f-.png\" alt=\"Dokt\u00e8 ap gade janm gason\" itemprop=\"image\" height=\"500\" width=\"500\" title=\"Gwoup Mask 35@2x\" onerror=\"this.style.display='none'\" loading='lazy' \/>\n\t\t\t\t<\/a>\n\t\t<h3><a href=\"\/ht\/resous-yo\/swen-sante\/\" target=\"_self\">Swen Sante<\/a><\/h3>\t\n\t\t\t\t<a href=\"\/ht\/resous-yo\/manje\/\"  target=\"_self\" itemprop=\"url\">\n\t\t\t\t<img decoding=\"async\" src=\"https:\/\/211md.org\/wp-content\/uploads\/bb-plugin\/cache\/Mask-Group-32@2x-circle-1c6d647dcaf998fa079d26735cedc92b-.png\" alt=\"Legim fre\" itemprop=\"image\" height=\"500\" width=\"500\" title=\"Gwoup Mask 32@2x\" onerror=\"this.style.display='none'\" loading='lazy' \/>\n\t\t\t\t<\/a>\n\t\t<h3><a href=\"\/ht\/resous-yo\/manje\/\" target=\"_self\">Manje<\/a><\/h3>\t\n\t\t\t\t<a href=\"\/ht\/resous-yo\/abri-lojman\/\"  target=\"_self\" itemprop=\"url\">\n\t\t\t\t<img decoding=\"async\" src=\"https:\/\/211md.org\/wp-content\/uploads\/bb-plugin\/cache\/Mask-Group-34@2x-circle-b99c55fc16ef21f35e2f2a1f7cc37b9a-.png\" alt=\"Balkon konpl\u00e8ks apatman\" itemprop=\"image\" height=\"500\" width=\"500\" title=\"Apatman-Konpl\u00e8ks\" onerror=\"this.style.display='none'\" loading='lazy' \/>\n\t\t\t\t<\/a>\n\t\t<h3><a href=\"\/ht\/resous-yo\/abri-lojman\/\" target=\"_self\">Lojman &amp; Abri<\/a><\/h3>\t\n\t\t\t\t<a href=\"\/ht\/resous-yo\/nouvo-nan-nou-ak-maryland\/\"  target=\"_self\" itemprop=\"url\">\n\t\t\t\t<img decoding=\"async\" src=\"https:\/\/211md.org\/wp-content\/uploads\/bb-plugin\/cache\/American-flag-circle-0016cc327e27ef7aeb080f1da6c6e98b-.jpg\" alt=\"nouvo nan eta Zini\" itemprop=\"image\" height=\"364\" width=\"1366\" title=\"Ameriken-drapo\" onerror=\"this.style.display='none'\" loading='lazy' \/>\n\t\t\t\t<\/a>\n\t\t<h3><a href=\"\/ht\/resous-yo\/nouvo-nan-nou-ak-maryland\/\" target=\"_self\">Imigrasyon<\/a><\/h3>\t\n\t\t\t\t<a href=\"\/ht\/resous-yo\/timoun-fanmi-yo\/swen-fanmi\/\"  target=\"_self\" itemprop=\"url\">\n\t\t\t\t<img decoding=\"async\" src=\"https:\/\/211md.org\/wp-content\/uploads\/bb-plugin\/cache\/kinship-family-navigating-a-computer-circle-045fee9d587aefb20221bfea41a2cf9b-.png\" alt=\"fanmi fanmi navige nan yon \u00f2dinat\u00e8\" itemprop=\"image\" title=\"fanmi fanmi navige nan yon \u00f2dinat\u00e8\" onerror=\"this.style.display='none'\" loading='lazy' \/>\n\t\t\t\t<\/a>\n\t\t<h3><a href=\"\/ht\/resous-yo\/timoun-fanmi-yo\/swen-fanmi\/\" target=\"_self\">Parente<\/a><\/h3>\t\n\t\t\t\t<a href=\"\/ht\/resous-yo\/sevis-legal-yo\/\"  target=\"_self\" itemprop=\"url\">\n\t\t\t\t<img decoding=\"async\" src=\"https:\/\/211md.org\/wp-content\/uploads\/bb-plugin\/cache\/Housing-Legal-circle-9a8f3c1c72c54b6e1ce612d2993c1ad4-.png\" alt=\"Mato legal ak yon mod\u00e8l plastik nan yon kay akote li\" itemprop=\"image\" height=\"348\" width=\"460\" title=\"Lojman Legal\" onerror=\"this.style.display='none'\" loading='lazy' \/>\n\t\t\t\t<\/a>\n\t\t<h3><a href=\"\/ht\/resous-yo\/sevis-legal-yo\/\" target=\"_self\">S\u00e8vis Legal<\/a><\/h3>\t\n\t\t\t\t<a href=\"\/ht\/resous-yo\/sante-mantal\/\"  target=\"_self\" itemprop=\"url\">\n\t\t\t\t<img decoding=\"async\" src=\"https:\/\/211md.org\/wp-content\/uploads\/bb-plugin\/cache\/Mask-Group-40@2x-circle-7bd9426367852fb3d841bc4bdc57a550-.png\" alt=\"Des yon gason ak yon fanm\" itemprop=\"image\" height=\"500\" width=\"500\" title=\"Gwoup Mask 40@2x\" onerror=\"this.style.display='none'\" loading='lazy' \/>\n\t\t\t\t<\/a>\n\t\t<h3><a href=\"\/ht\/resous-yo\/sante-mantal\/\" target=\"_self\">Sante mantal<\/a><\/h3>\t\n\t\t\t\t<a href=\"\/ht\/resous-yo\/mdreentry\/\"  target=\"_self\" itemprop=\"url\">\n\t\t\t\t<img decoding=\"async\" src=\"https:\/\/211md.org\/wp-content\/uploads\/bb-plugin\/cache\/Diverse-group-of-community-members-circle-4457c114cd48613bc79a0fb50060319c-.jpg\" alt=\"Gwoup div\u00e8s manm kominote a\" itemprop=\"image\" height=\"800\" width=\"1200\" title=\"Gwoup div\u00e8s manm kominote a\" onerror=\"this.style.display='none'\" loading='lazy' \/>\n\t\t\t\t<\/a>\n\t\t<h3><a href=\"\/ht\/resous-yo\/mdreentry\/\" target=\"_self\">Reantre<\/a><\/h3>\t\n\t\t\t\t<a href=\"\/ht\/sispann\/\"  target=\"_self\" itemprop=\"url\">\n\t\t\t\t<img decoding=\"async\" src=\"https:\/\/211md.org\/wp-content\/uploads\/bb-plugin\/cache\/Background-section-MDStophate-circle-08e2bae1cf9f2ad6cc83e01e23da8cb9-.jpg\" alt=\"Jan nou koumanse-seksyon-MDStophate\" itemprop=\"image\" height=\"768\" width=\"1366\" title=\"Jan nou koumanse-seksyon-MDStophate\" onerror=\"this.style.display='none'\" loading='lazy' \/>\n\t\t\t\t<\/a>\n\t\t<h3><a href=\"\/ht\/sispann\/\" target=\"_self\">Sispann Rayi<\/a><\/h3>\t\n\t\t\t\t<a href=\"\/ht\/resous-yo\/itilizasyon-sibstans\/\"  target=\"_self\" itemprop=\"url\">\n\t\t\t\t<img decoding=\"async\" src=\"https:\/\/211md.org\/wp-content\/uploads\/bb-plugin\/cache\/Substance-Use-circle-ad2d564932dc31267e0c32a6fb2d915c-.png\" alt=\"Grenn kraze men yo\" itemprop=\"image\" height=\"500\" width=\"500\" title=\"Sibstans-Itilize\" onerror=\"this.style.display='none'\" loading='lazy' \/>\n\t\t\t\t<\/a>\n\t\t<h3><a href=\"\/ht\/resous-yo\/itilizasyon-sibstans\/\" target=\"_self\">Itilizasyon sibstans<\/a><\/h3>\t\n\t\t\t\t<a href=\"\/ht\/resous-yo\/sevis-taks\/\"  target=\"_self\" itemprop=\"url\">\n\t\t\t\t<img decoding=\"async\" src=\"https:\/\/211md.org\/wp-content\/uploads\/bb-plugin\/cache\/Mask-Group-34-circle-166a606e37e61188c9a17d5e634cda3c-.png\" alt=\"Moun ki ranpli papye taks sou revni\" itemprop=\"image\" height=\"500\" width=\"500\" title=\"Gwoup Mask 34\" onerror=\"this.style.display='none'\" loading='lazy' \/>\n\t\t\t\t<\/a>\n\t\t<h3><a href=\"\/ht\/resous-yo\/sevis-taks\/\" target=\"_self\">S\u00e8vis taks<\/a><\/h3>\t\n\t\t\t\t<a href=\"\/ht\/resous-yo\/asistans-sevis-piblik\/\"  target=\"_self\" itemprop=\"url\">\n\t\t\t\t<img decoding=\"async\" src=\"https:\/\/211md.org\/wp-content\/uploads\/bb-plugin\/cache\/Mask-Group-37@2x-circle-9661a11b9c4082079c9a1f06bc539567-.png\" alt=\"Yon anpoul limen\" itemprop=\"image\" height=\"500\" width=\"500\" title=\"Gwoup Mask 37@2x\" onerror=\"this.style.display='none'\" loading='lazy' \/>\n\t\t\t\t<\/a>\n\t\t<h3><a href=\"\/ht\/resous-yo\/asistans-sevis-piblik\/\" target=\"_self\">Asistans s\u00e8vis piblik<\/a><\/h3>\t\n\t\t\t\t<a href=\"\/ht\/resous-yo\/veteran-yo\/\"  target=\"_self\" itemprop=\"url\">\n\t\t\t\t<img decoding=\"async\" src=\"https:\/\/211md.org\/wp-content\/uploads\/bb-plugin\/cache\/Veterans-circle-7c6972a59826c74f1f658f61df785fc3-.png\" alt=\"Yon s\u00f2lda ki bay men yon moun epi li souri\" itemprop=\"image\" title=\"Veteran yo\" onerror=\"this.style.display='none'\" loading='lazy' \/>\n\t\t\t\t<\/a>\n\t\t<h3><a href=\"\/ht\/resous-yo\/veteran-yo\/\" target=\"_self\">Veteran yo<\/a><\/h3>","protected":false},"excerpt":{"rendered":"<p>\u00c8ske w ap f\u00e8 fas ak pwobl\u00e8m pou peye lwaye w la? 211 ka ede w. Jwenn \u00c8d pou Peye Lwaye Espesyalis 211 yo ka ede w idantifye ajans lokal yo ki bay asistans finansy\u00e8l pou konpanse depans lwaye yo. Yo ka bay enf\u00f2masyon espesifik sou pwogram yo, tankou si yon avi pou mete moun dey\u00f2 pa tribinal la obligatwa pou kalifye pou \u00e8d. Pou jwenn \u00e8d pou peye lwaye: Rele 211\u2026<\/p>","protected":false},"author":8,"featured_media":2432,"parent":926,"menu_order":0,"comment_status":"closed","ping_status":"closed","template":"","meta":{"footnotes":""},"class_list":["post-973","page","type-page","status-publish","has-post-thumbnail","hentry"],"_links":{"self":[{"href":"https:\/\/211md.org\/ht\/wp-json\/wp\/v2\/pages\/973","targetHints":{"allow":["GET"]}}],"collection":[{"href":"https:\/\/211md.org\/ht\/wp-json\/wp\/v2\/pages"}],"about":[{"href":"https:\/\/211md.org\/ht\/wp-json\/wp\/v2\/types\/page"}],"author":[{"embeddable":true,"href":"https:\/\/211md.org\/ht\/wp-json\/wp\/v2\/users\/8"}],"replies":[{"embeddable":true,"href":"https:\/\/211md.org\/ht\/wp-json\/wp\/v2\/comments?post=973"}],"version-history":[{"count":4,"href":"https:\/\/211md.org\/ht\/wp-json\/wp\/v2\/pages\/973\/revisions"}],"predecessor-version":[{"id":4666,"href":"https:\/\/211md.org\/ht\/wp-json\/wp\/v2\/pages\/973\/revisions\/4666"}],"up":[{"embeddable":true,"href":"https:\/\/211md.org\/ht\/wp-json\/wp\/v2\/pages\/926"}],"wp:featuredmedia":[{"embeddable":true,"href":"https:\/\/211md.org\/ht\/wp-json\/wp\/v2\/media\/2432"}],"wp:attachment":[{"href":"https:\/\/211md.org\/ht\/wp-json\/wp\/v2\/media?parent=973"}],"curies":[{"name":"wp","href":"https:\/\/api.w.org\/{rel}","templated":true}]}}